{"id":39440,"date":"2018-11-23T18:16:55","date_gmt":"2018-11-23T16:16:57","guid":{"rendered":"http:\/\/www.sagardoarenlurraldea.eus\/?post_type=product&#038;p=39440"},"modified":"2018-11-23T18:57:18","modified_gmt":"2018-11-23T16:57:18","slug":"cidrerie-elorrabi","status":"publish","type":"product","link":"https:\/\/sagardoarenlurraldea.eus\/fr\/product\/hernani-fr\/cidrerie-elorrabi\/","title":{"rendered":"Cidrerie Elorrabi"},"content":{"rendered":"<h2>Description<\/h2>\n<p>Suivant une tradition centenaire, la famille Goikoetxea est arriv\u00e9e jusqu\u2019\u00e0 nous en perp\u00e9tuant sa principale activit\u00e9 : la production de cidre naturel.<\/p>\n<h2>D\u00e9jeuner et d\u00eener<\/h2>\n<p><strong>En saison<\/strong> (janvier \u2013 avril) : Services d\u00e9jeuner et d\u00eener tous les jours, sauf dimanche soir.<\/p>\n<p><strong>Hors saison<\/strong> (mai \u2013 juillet) : Services par commande.<\/p>\n<p>Capacit\u00e9 : 200 personnes.<\/p>\n<h2>Informations suppl\u00e9mentaires<\/h2>\n<p>Responsable: Arantxa Goikoetxea<\/p>\n<p>Adresse: Osinaga auzoa, 13. Hernani.<br \/>\nT\u00e9l.: 943336990<br \/>\nE-mail: <a href=\"mailto:sidraselorrabi@elorrabi.com\">sidraselorrabi@elorrabi.com<\/a><br \/>\nWeb: <a href=\"http:\/\/www.elorrabi.com\">http:\/\/www.elorrabi.com<\/a><\/p>\n<p>&nbsp;<\/p>\n","protected":false},"excerpt":{"rendered":"<p>Cidrerie ouverte de janvier \u00e0 juillet. Les pommes utilis\u00e9es pour l\u2019\u00e9laboration du cidre proviennent de ses propres pommiers.<\/p>\n","protected":false},"featured_media":8020,"comment_status":"open","ping_status":"closed","template":"","meta":{"_acf_changed":false,"_et_pb_use_builder":"","_et_pb_old_content":"","_et_gb_content_width":""},"product_brand":[],"product_cat":[2691,2709],"product_tag":[2623,2630,2633,2615,2641,2619,2640,2618,2624],"class_list":{"0":"post-39440","1":"product","2":"type-product","3":"status-publish","4":"has-post-thumbnail","6":"product_cat-hernani-fr","7":"product_cat-cidreries-fr","8":"product_tag-acces-en-bus","9":"product_tag-acces-en-voiture","10":"product_tag-acces-en-minibus","11":"product_tag-groupe-de-moins-de-25","12":"product_tag-menu-traditionnel","13":"product_tag-parking-fr","14":"product_tag-cidre-en-txotx","15":"product_tag-services-diner","16":"product_tag-services-dejeuner","17":"pa_acceso-a-pied","18":"pa_caracteristicas-y-menus-manger-debout-cidrerie","19":"pa_caracteristicas-y-menus-cidre-en-txotx","20":"dtwm_map-elorrabi-fr","22":"first","23":"instock","24":"virtual","25":"product-type-simple"},"exclude_global_add_ons":[],"addons":[],"acf":[],"yoast_head":"<!-- This site is optimized with the Yoast SEO plugin v25.4 - https:\/\/yoast.com\/wordpress\/plugins\/seo\/ -->\n<title>Cidrerie Elorrabi - Sagardoaren Lurraldea<\/title>\n<meta name=\"robots\" content=\"index, follow, max-snippet:-1, max-image-preview:large, max-video-preview:-1\" \/>\n<link rel=\"canonical\" href=\"https:\/\/sagardoarenlurraldea.eus\/fr\/product\/hernani-fr\/cidrerie-elorrabi\/\" \/>\n<meta property=\"og:locale\" content=\"fr_FR\" \/>\n<meta property=\"og:type\" content=\"article\" \/>\n<meta property=\"og:title\" content=\"Cidrerie Elorrabi - Sagardoaren Lurraldea\" \/>\n<meta property=\"og:description\" content=\"Cidrerie ouverte de janvier \u00e0 juillet. Les pommes utilis\u00e9es pour l\u2019\u00e9laboration du cidre proviennent de ses propres pommiers.\" \/>\n<meta property=\"og:url\" content=\"https:\/\/sagardoarenlurraldea.eus\/fr\/product\/hernani-fr\/cidrerie-elorrabi\/\" \/>\n<meta property=\"og:site_name\" content=\"Sagardoaren Lurraldea\" \/>\n<meta property=\"article:publisher\" content=\"https:\/\/www.facebook.com\/sagardoarenlurraldea\" \/>\n<meta property=\"article:modified_time\" content=\"2018-11-23T16:57:18+00:00\" \/>\n<meta property=\"og:image\" content=\"https:\/\/sagardoarenlurraldea.eus\/wp-content\/uploads\/2016\/08\/SIDELO-F00.jpg\" \/>\n\t<meta property=\"og:image:width\" content=\"900\" \/>\n\t<meta property=\"og:image:height\" content=\"600\" \/>\n\t<meta property=\"og:image:type\" content=\"image\/jpeg\" \/>\n<meta name=\"twitter:card\" content=\"summary_large_image\" \/>\n<script type=\"application\/ld+json\" class=\"yoast-schema-graph\">{\"@context\":\"https:\/\/schema.org\",\"@graph\":[{\"@type\":\"WebPage\",\"@id\":\"https:\/\/sagardoarenlurraldea.eus\/fr\/product\/hernani-fr\/cidrerie-elorrabi\/\",\"url\":\"https:\/\/sagardoarenlurraldea.eus\/fr\/product\/hernani-fr\/cidrerie-elorrabi\/\",\"name\":\"Cidrerie Elorrabi - Sagardoaren Lurraldea\",\"isPartOf\":{\"@id\":\"https:\/\/sagardoarenlurraldea.eus\/fr\/#website\"},\"primaryImageOfPage\":{\"@id\":\"https:\/\/sagardoarenlurraldea.eus\/fr\/product\/hernani-fr\/cidrerie-elorrabi\/#primaryimage\"},\"image\":{\"@id\":\"https:\/\/sagardoarenlurraldea.eus\/fr\/product\/hernani-fr\/cidrerie-elorrabi\/#primaryimage\"},\"thumbnailUrl\":\"https:\/\/sagardoarenlurraldea.eus\/wp-content\/uploads\/2016\/08\/SIDELO-F00.jpg\",\"datePublished\":\"2018-11-23T16:16:57+00:00\",\"dateModified\":\"2018-11-23T16:57:18+00:00\",\"breadcrumb\":{\"@id\":\"https:\/\/sagardoarenlurraldea.eus\/fr\/product\/hernani-fr\/cidrerie-elorrabi\/#breadcrumb\"},\"inLanguage\":\"fr-FR\",\"potentialAction\":[{\"@type\":\"ReadAction\",\"target\":[\"https:\/\/sagardoarenlurraldea.eus\/fr\/product\/hernani-fr\/cidrerie-elorrabi\/\"]}]},{\"@type\":\"ImageObject\",\"inLanguage\":\"fr-FR\",\"@id\":\"https:\/\/sagardoarenlurraldea.eus\/fr\/product\/hernani-fr\/cidrerie-elorrabi\/#primaryimage\",\"url\":\"https:\/\/sagardoarenlurraldea.eus\/wp-content\/uploads\/2016\/08\/SIDELO-F00.jpg\",\"contentUrl\":\"https:\/\/sagardoarenlurraldea.eus\/wp-content\/uploads\/2016\/08\/SIDELO-F00.jpg\",\"width\":900,\"height\":600},{\"@type\":\"BreadcrumbList\",\"@id\":\"https:\/\/sagardoarenlurraldea.eus\/fr\/product\/hernani-fr\/cidrerie-elorrabi\/#breadcrumb\",\"itemListElement\":[{\"@type\":\"ListItem\",\"position\":1,\"name\":\"Inicio\",\"item\":\"https:\/\/sagardoarenlurraldea.eus\/fr\/\"},{\"@type\":\"ListItem\",\"position\":2,\"name\":\"R\u00e9servations\",\"item\":\"https:\/\/sagardoarenlurraldea.eus\/fr\/reservations\/\"},{\"@type\":\"ListItem\",\"position\":3,\"name\":\"Cidrerie Elorrabi\"}]},{\"@type\":\"WebSite\",\"@id\":\"https:\/\/sagardoarenlurraldea.eus\/fr\/#website\",\"url\":\"https:\/\/sagardoarenlurraldea.eus\/fr\/\",\"name\":\"Sagardoaren Lurraldea\",\"description\":\"El territorio de la sidra\",\"potentialAction\":[{\"@type\":\"SearchAction\",\"target\":{\"@type\":\"EntryPoint\",\"urlTemplate\":\"https:\/\/sagardoarenlurraldea.eus\/fr\/?s={search_term_string}\"},\"query-input\":{\"@type\":\"PropertyValueSpecification\",\"valueRequired\":true,\"valueName\":\"search_term_string\"}}],\"inLanguage\":\"fr-FR\"}]}<\/script>\n<!-- \/ Yoast SEO plugin. -->","yoast_head_json":{"title":"Cidrerie Elorrabi - Sagardoaren Lurraldea","robots":{"index":"index","follow":"follow","max-snippet":"max-snippet:-1","max-image-preview":"max-image-preview:large","max-video-preview":"max-video-preview:-1"},"canonical":"https:\/\/sagardoarenlurraldea.eus\/fr\/product\/hernani-fr\/cidrerie-elorrabi\/","og_locale":"fr_FR","og_type":"article","og_title":"Cidrerie Elorrabi - Sagardoaren Lurraldea","og_description":"Cidrerie ouverte de janvier \u00e0 juillet. Les pommes utilis\u00e9es pour l\u2019\u00e9laboration du cidre proviennent de ses propres pommiers.","og_url":"https:\/\/sagardoarenlurraldea.eus\/fr\/product\/hernani-fr\/cidrerie-elorrabi\/","og_site_name":"Sagardoaren Lurraldea","article_publisher":"https:\/\/www.facebook.com\/sagardoarenlurraldea","article_modified_time":"2018-11-23T16:57:18+00:00","og_image":[{"width":900,"height":600,"url":"https:\/\/sagardoarenlurraldea.eus\/wp-content\/uploads\/2016\/08\/SIDELO-F00.jpg","type":"image\/jpeg"}],"twitter_card":"summary_large_image","schema":{"@context":"https:\/\/schema.org","@graph":[{"@type":"WebPage","@id":"https:\/\/sagardoarenlurraldea.eus\/fr\/product\/hernani-fr\/cidrerie-elorrabi\/","url":"https:\/\/sagardoarenlurraldea.eus\/fr\/product\/hernani-fr\/cidrerie-elorrabi\/","name":"Cidrerie Elorrabi - Sagardoaren Lurraldea","isPartOf":{"@id":"https:\/\/sagardoarenlurraldea.eus\/fr\/#website"},"primaryImageOfPage":{"@id":"https:\/\/sagardoarenlurraldea.eus\/fr\/product\/hernani-fr\/cidrerie-elorrabi\/#primaryimage"},"image":{"@id":"https:\/\/sagardoarenlurraldea.eus\/fr\/product\/hernani-fr\/cidrerie-elorrabi\/#primaryimage"},"thumbnailUrl":"https:\/\/sagardoarenlurraldea.eus\/wp-content\/uploads\/2016\/08\/SIDELO-F00.jpg","datePublished":"2018-11-23T16:16:57+00:00","dateModified":"2018-11-23T16:57:18+00:00","breadcrumb":{"@id":"https:\/\/sagardoarenlurraldea.eus\/fr\/product\/hernani-fr\/cidrerie-elorrabi\/#breadcrumb"},"inLanguage":"fr-FR","potentialAction":[{"@type":"ReadAction","target":["https:\/\/sagardoarenlurraldea.eus\/fr\/product\/hernani-fr\/cidrerie-elorrabi\/"]}]},{"@type":"ImageObject","inLanguage":"fr-FR","@id":"https:\/\/sagardoarenlurraldea.eus\/fr\/product\/hernani-fr\/cidrerie-elorrabi\/#primaryimage","url":"https:\/\/sagardoarenlurraldea.eus\/wp-content\/uploads\/2016\/08\/SIDELO-F00.jpg","contentUrl":"https:\/\/sagardoarenlurraldea.eus\/wp-content\/uploads\/2016\/08\/SIDELO-F00.jpg","width":900,"height":600},{"@type":"BreadcrumbList","@id":"https:\/\/sagardoarenlurraldea.eus\/fr\/product\/hernani-fr\/cidrerie-elorrabi\/#breadcrumb","itemListElement":[{"@type":"ListItem","position":1,"name":"Inicio","item":"https:\/\/sagardoarenlurraldea.eus\/fr\/"},{"@type":"ListItem","position":2,"name":"R\u00e9servations","item":"https:\/\/sagardoarenlurraldea.eus\/fr\/reservations\/"},{"@type":"ListItem","position":3,"name":"Cidrerie Elorrabi"}]},{"@type":"WebSite","@id":"https:\/\/sagardoarenlurraldea.eus\/fr\/#website","url":"https:\/\/sagardoarenlurraldea.eus\/fr\/","name":"Sagardoaren Lurraldea","description":"El territorio de la sidra","potentialAction":[{"@type":"SearchAction","target":{"@type":"EntryPoint","urlTemplate":"https:\/\/sagardoarenlurraldea.eus\/fr\/?s={search_term_string}"},"query-input":{"@type":"PropertyValueSpecification","valueRequired":true,"valueName":"search_term_string"}}],"inLanguage":"fr-FR"}]}},"_links":{"self":[{"href":"https:\/\/sagardoarenlurraldea.eus\/fr\/wp-json\/wp\/v2\/product\/39440","targetHints":{"allow":["GET"]}}],"collection":[{"href":"https:\/\/sagardoarenlurraldea.eus\/fr\/wp-json\/wp\/v2\/product"}],"about":[{"href":"https:\/\/sagardoarenlurraldea.eus\/fr\/wp-json\/wp\/v2\/types\/product"}],"replies":[{"embeddable":true,"href":"https:\/\/sagardoarenlurraldea.eus\/fr\/wp-json\/wp\/v2\/comments?post=39440"}],"wp:featuredmedia":[{"embeddable":true,"href":"https:\/\/sagardoarenlurraldea.eus\/fr\/wp-json\/wp\/v2\/media\/8020"}],"wp:attachment":[{"href":"https:\/\/sagardoarenlurraldea.eus\/fr\/wp-json\/wp\/v2\/media?parent=39440"}],"wp:term":[{"taxonomy":"product_brand","embeddable":true,"href":"https:\/\/sagardoarenlurraldea.eus\/fr\/wp-json\/wp\/v2\/product_brand?post=39440"},{"taxonomy":"product_cat","embeddable":true,"href":"https:\/\/sagardoarenlurraldea.eus\/fr\/wp-json\/wp\/v2\/product_cat?post=39440"},{"taxonomy":"product_tag","embeddable":true,"href":"https:\/\/sagardoarenlurraldea.eus\/fr\/wp-json\/wp\/v2\/product_tag?post=39440"}],"curies":[{"name":"wp","href":"https:\/\/api.w.org\/{rel}","templated":true}]}}