{"id":36472,"date":"2023-04-28T19:00:00","date_gmt":"2021-04-10T12:30:00","guid":{"rendered":"http:\/\/www.sagardoarenlurraldea.eus\/?post_type=product&#038;p=36472"},"modified":"2026-03-10T18:21:43","modified_gmt":"2026-03-10T16:21:43","slug":"sagarbike","status":"publish","type":"product","link":"https:\/\/sagardoarenlurraldea.eus\/fr\/product\/experiences-fr-2\/cidercycling-fr\/sagarbike\/","title":{"rendered":"SagarBike"},"content":{"rendered":"<h2>Activit\u00e9s inclues dans l\u2019exp\u00e9rience<\/h2>\n<ul>\n<li>Promenade \u00e0 v\u00e9lo (<span id=\"result_box\" class=\"short_text\" lang=\"fr\"><span class=\"\">sans guide<\/span><\/span>) de Saint-S\u00e9bastien jusqu\u2019\u00e0 Astigarraga sur la voie cyclable qui borde le fleuve Urumea. <a href=\"https:\/\/goo.gl\/maps\/TXhmxkqCbuC2\">Voir l&rsquo;itin\u00e9raire sur Google Maps<\/a>.<\/li>\n<li>V<span id=\"result_box\" class=\"short_text\" lang=\"fr\"><span class=\"\">isite guid\u00e9e<\/span><\/span> de Sagardoetxea, le mus\u00e9e du Cidre Basque (Astigarraga) : Introduction \u00e0 la culture du cidre avec la visite de la pommeraie et d\u00e9gustation guid\u00e9e de cidre et deux tapas.<\/li>\n<li>Retour en v\u00e9lo (<span id=\"result_box\" class=\"short_text\" lang=\"fr\"><span class=\"\">sans guide<\/span><\/span>) \u00e0 Saint-S\u00e9bastien par la voie cyclable qui borde l\u2019Urumea.<\/li>\n<\/ul>\n<p><strong>NOTE<\/strong>:<br \/>\n&#8211; Alquiler de bicicleta para 4 horas inclu\u00eddo en el servicio.<br \/>\n<span id=\"result_box\" class=\"\" lang=\"fr\"><span class=\"\">&#8211; Vous recevrez une carte de l&rsquo;itin\u00e9raire lorsque vous prenez le v\u00e9lo.<br \/>\n&#8211; Visite guid\u00e9e de Sagardoetxea \u00e0 11h00 le matin et \u00e0 16h00 dans l&rsquo;apr\u00e8s-midi.<\/span><\/span><br \/>\n&#8211; M\u00e1ximo dos personas por reserva.<\/p>\n<h2>Informations pratiques<\/h2>\n<ul>\n<li><strong>Horaires<\/strong>: Lundi \u00e0 samedis: 10:00 et 15:00. Dimanche et jours f\u00e9ri\u00e9s: 10:00. Juillet et ao\u00fbt tous les jours.<\/li>\n<li><strong>Dur\u00e9e<\/strong>: 4 h<\/li>\n<li><strong>Quand venir?<\/strong> <span id=\"result_box\" class=\"short_text\" lang=\"fr\"><span class=\"\">De juin \u00e0 octobre<\/span><\/span><\/li>\n<li><strong>Qui?<\/strong> <span id=\"result_box\" class=\"short_text\" lang=\"fr\"><span class=\"\">Individuel et couple.<\/span><\/span><\/li>\n<li><strong>Langues<\/strong> (<span id=\"result_box\" class=\"short_text\" lang=\"fr\"><span class=\"\">\u00e0 la visite de Sagardoetxea<\/span><\/span>): Espagnol, Euskera, Fran\u00e7ais et Anglais.<\/li>\n<li><strong>Points de rencontre<\/strong>: Go Local (Sarriegi Plaza, 9 &#8211; 20003 Donostia). Coordonn\u00e9es GPS: 43.323049, -1.983254699999975.<\/li>\n<li><strong>Comment s\u2019y rendre<\/strong>:\n<ul>\n<li>V\u00e9lo: e Saint-S\u00e9bastien jusqu\u2019\u00e0 Astigarraga sur la voie cyclable qui borde le fleuve Urumea. <a href=\"https:\/\/goo.gl\/maps\/TXhmxkqCbuC2\">Voir l&rsquo;itin\u00e9raire sur Google Maps<\/a>.<\/li>\n<\/ul>\n<\/li>\n<\/ul>\n<p><strong>AVIS IMPORTANT:<\/strong> Lors de votre r\u00e9servation, vous ne recevrez pas vos billets par courriel. Votre r\u00e9servation a \u00e9t\u00e9 enregistr\u00e9e dans notre syst\u00e8me ; il vous suffit de vous pr\u00e9senter au point de rencontre le jour de l\u2019activit\u00e9 et de donner votre nom.<\/p>\n<p>&nbsp;<\/p>\n<h2>Tarifs<\/h2>\n<ul>\n<li><strong>Adultes<\/strong>: 30 \u20ac<\/li>\n<\/ul>\n<h2>Le plus<\/h2>\n<ul>\n<li><span id=\"result_box\" class=\"\" lang=\"fr\"><span class=\"\">Pratiquez des sports et faites du v\u00e9lo<\/span><\/span>.<\/li>\n<li><span id=\"result_box\" class=\"\" lang=\"fr\"><span class=\"\">D\u00e9couvrez les secrets de la rivi\u00e8re Urumea<\/span><\/span>.<\/li>\n<li><span id=\"result_box\" class=\"\" lang=\"fr\"><span class=\"\">Visitez un espace didactique, en contact avec la nature<\/span><\/span>.<\/li>\n<li><span id=\"result_box\" class=\"\" lang=\"fr\"><span class=\"\">Profitez de la cuisine locale<\/span><\/span>.<\/li>\n<\/ul>\n","protected":false},"excerpt":{"rendered":"<p>Profitez d\u2019une belle ballade \u00e0 v\u00e9lo sur les rives du fleuve Urumea jusqu\u2019\u00e0 Astigarraga, au c\u0153ur de la tradition du cidre. Le mus\u00e9e du Cidre Basque Sagardoetxea vous invite \u00e0 d\u00e9couvrir les secrets de la culture du cidre et \u00e0 savourer une d\u00e9gustation guid\u00e9e de cidre au txotx, de produits d\u00e9riv\u00e9s de la pomme et de tapas. Vous reviendrez \u00e0 Saint-S\u00e9bastien en connaissant ce rite ancestral si \u00e9troitement li\u00e9 \u00e0 notre gastronomie. Txotx!<\/p>\n","protected":false},"featured_media":37273,"comment_status":"closed","ping_status":"closed","template":"","meta":{"_acf_changed":false,"_et_pb_use_builder":"","_et_pb_old_content":"","_et_gb_content_width":""},"product_brand":[],"product_cat":[3315,2023,2087],"product_tag":[2926,2628,2621],"class_list":{"0":"post-36472","1":"product","2":"type-product","3":"status-publish","4":"has-post-thumbnail","6":"product_cat-cidercycling-fr","7":"product_cat-experiences-fr-2","8":"product_cat-musee","9":"product_tag-disponible-junio-octubre-fr","10":"product_tag-le-matin","11":"product_tag-lapres-midi","12":"dtwm_map-go-local-fr","13":"dtwm_map-sagardoetxea-fr","15":"first","16":"instock","17":"virtual","18":"sold-individually","19":"purchasable","20":"product-type-booking"},"exclude_global_add_ons":false,"addons":[{"name":"Visite guid\u00e9e de Sagardoetxea","type":"select","position":0,"required":false,"title_format":"label","default":"","description_enable":false,"description":"","placeholder_enable":false,"placeholder":"","display":"select","restrictions_type":"any_text","adjust_price":false,"price":"","price_type":"flat_fee","restrictions":false,"min":"0","max":"0","options":[],"id":1773166825}],"acf":[],"yoast_head":"<!-- This site is optimized with the Yoast SEO plugin v25.4 - https:\/\/yoast.com\/wordpress\/plugins\/seo\/ -->\n<title>SagarBike - Sagardoaren Lurraldea<\/title>\n<meta name=\"robots\" content=\"index, follow, max-snippet:-1, max-image-preview:large, max-video-preview:-1\" \/>\n<link rel=\"canonical\" href=\"https:\/\/sagardoarenlurraldea.eus\/fr\/product\/experiences-fr-2\/cidercycling-fr\/sagarbike\/\" \/>\n<meta property=\"og:locale\" content=\"fr_FR\" \/>\n<meta property=\"og:type\" content=\"article\" \/>\n<meta property=\"og:title\" content=\"SagarBike - Sagardoaren Lurraldea\" \/>\n<meta property=\"og:description\" content=\"Profitez d\u2019une belle ballade \u00e0 v\u00e9lo sur les rives du fleuve Urumea jusqu\u2019\u00e0 Astigarraga, au c\u0153ur de la tradition du cidre. Le mus\u00e9e du Cidre Basque Sagardoetxea vous invite \u00e0 d\u00e9couvrir les secrets de la culture du cidre et \u00e0 savourer une d\u00e9gustation guid\u00e9e de cidre au txotx, de produits d\u00e9riv\u00e9s de la pomme et de tapas. Vous reviendrez \u00e0 Saint-S\u00e9bastien en connaissant ce rite ancestral si \u00e9troitement li\u00e9 \u00e0 notre gastronomie. Txotx!\" \/>\n<meta property=\"og:url\" content=\"https:\/\/sagardoarenlurraldea.eus\/fr\/product\/experiences-fr-2\/cidercycling-fr\/sagarbike\/\" \/>\n<meta property=\"og:site_name\" content=\"Sagardoaren Lurraldea\" \/>\n<meta property=\"article:publisher\" content=\"https:\/\/www.facebook.com\/sagardoarenlurraldea\" \/>\n<meta property=\"article:modified_time\" content=\"2026-03-10T16:21:43+00:00\" \/>\n<meta property=\"og:image\" content=\"https:\/\/sagardoarenlurraldea.eus\/wp-content\/uploads\/2018\/08\/SAGARBIKE-F80.jpg\" \/>\n\t<meta property=\"og:image:width\" content=\"900\" \/>\n\t<meta property=\"og:image:height\" content=\"600\" \/>\n\t<meta property=\"og:image:type\" content=\"image\/jpeg\" \/>\n<meta name=\"twitter:card\" content=\"summary_large_image\" \/>\n<meta name=\"twitter:label1\" content=\"Dur\u00e9e de lecture estim\u00e9e\" \/>\n\t<meta name=\"twitter:data1\" content=\"2 minutes\" \/>\n<script type=\"application\/ld+json\" class=\"yoast-schema-graph\">{\"@context\":\"https:\/\/schema.org\",\"@graph\":[{\"@type\":\"WebPage\",\"@id\":\"https:\/\/sagardoarenlurraldea.eus\/fr\/product\/experiences-fr-2\/cidercycling-fr\/sagarbike\/\",\"url\":\"https:\/\/sagardoarenlurraldea.eus\/fr\/product\/experiences-fr-2\/cidercycling-fr\/sagarbike\/\",\"name\":\"SagarBike - Sagardoaren Lurraldea\",\"isPartOf\":{\"@id\":\"https:\/\/sagardoarenlurraldea.eus\/fr\/#website\"},\"primaryImageOfPage\":{\"@id\":\"https:\/\/sagardoarenlurraldea.eus\/fr\/product\/experiences-fr-2\/cidercycling-fr\/sagarbike\/#primaryimage\"},\"image\":{\"@id\":\"https:\/\/sagardoarenlurraldea.eus\/fr\/product\/experiences-fr-2\/cidercycling-fr\/sagarbike\/#primaryimage\"},\"thumbnailUrl\":\"https:\/\/sagardoarenlurraldea.eus\/wp-content\/uploads\/2018\/08\/SAGARBIKE-F80.jpg\",\"datePublished\":\"2021-04-10T12:30:00+00:00\",\"dateModified\":\"2026-03-10T16:21:43+00:00\",\"breadcrumb\":{\"@id\":\"https:\/\/sagardoarenlurraldea.eus\/fr\/product\/experiences-fr-2\/cidercycling-fr\/sagarbike\/#breadcrumb\"},\"inLanguage\":\"fr-FR\",\"potentialAction\":[{\"@type\":\"ReadAction\",\"target\":[\"https:\/\/sagardoarenlurraldea.eus\/fr\/product\/experiences-fr-2\/cidercycling-fr\/sagarbike\/\"]}]},{\"@type\":\"ImageObject\",\"inLanguage\":\"fr-FR\",\"@id\":\"https:\/\/sagardoarenlurraldea.eus\/fr\/product\/experiences-fr-2\/cidercycling-fr\/sagarbike\/#primaryimage\",\"url\":\"https:\/\/sagardoarenlurraldea.eus\/wp-content\/uploads\/2018\/08\/SAGARBIKE-F80.jpg\",\"contentUrl\":\"https:\/\/sagardoarenlurraldea.eus\/wp-content\/uploads\/2018\/08\/SAGARBIKE-F80.jpg\",\"width\":900,\"height\":600},{\"@type\":\"BreadcrumbList\",\"@id\":\"https:\/\/sagardoarenlurraldea.eus\/fr\/product\/experiences-fr-2\/cidercycling-fr\/sagarbike\/#breadcrumb\",\"itemListElement\":[{\"@type\":\"ListItem\",\"position\":1,\"name\":\"Inicio\",\"item\":\"https:\/\/sagardoarenlurraldea.eus\/fr\/\"},{\"@type\":\"ListItem\",\"position\":2,\"name\":\"R\u00e9servations\",\"item\":\"https:\/\/sagardoarenlurraldea.eus\/fr\/reservations\/\"},{\"@type\":\"ListItem\",\"position\":3,\"name\":\"SagarBike\"}]},{\"@type\":\"WebSite\",\"@id\":\"https:\/\/sagardoarenlurraldea.eus\/fr\/#website\",\"url\":\"https:\/\/sagardoarenlurraldea.eus\/fr\/\",\"name\":\"Sagardoaren Lurraldea\",\"description\":\"El territorio de la sidra\",\"potentialAction\":[{\"@type\":\"SearchAction\",\"target\":{\"@type\":\"EntryPoint\",\"urlTemplate\":\"https:\/\/sagardoarenlurraldea.eus\/fr\/?s={search_term_string}\"},\"query-input\":{\"@type\":\"PropertyValueSpecification\",\"valueRequired\":true,\"valueName\":\"search_term_string\"}}],\"inLanguage\":\"fr-FR\"}]}<\/script>\n<!-- \/ Yoast SEO plugin. -->","yoast_head_json":{"title":"SagarBike - Sagardoaren Lurraldea","robots":{"index":"index","follow":"follow","max-snippet":"max-snippet:-1","max-image-preview":"max-image-preview:large","max-video-preview":"max-video-preview:-1"},"canonical":"https:\/\/sagardoarenlurraldea.eus\/fr\/product\/experiences-fr-2\/cidercycling-fr\/sagarbike\/","og_locale":"fr_FR","og_type":"article","og_title":"SagarBike - Sagardoaren Lurraldea","og_description":"Profitez d\u2019une belle ballade \u00e0 v\u00e9lo sur les rives du fleuve Urumea jusqu\u2019\u00e0 Astigarraga, au c\u0153ur de la tradition du cidre. Le mus\u00e9e du Cidre Basque Sagardoetxea vous invite \u00e0 d\u00e9couvrir les secrets de la culture du cidre et \u00e0 savourer une d\u00e9gustation guid\u00e9e de cidre au txotx, de produits d\u00e9riv\u00e9s de la pomme et de tapas. Vous reviendrez \u00e0 Saint-S\u00e9bastien en connaissant ce rite ancestral si \u00e9troitement li\u00e9 \u00e0 notre gastronomie. Txotx!","og_url":"https:\/\/sagardoarenlurraldea.eus\/fr\/product\/experiences-fr-2\/cidercycling-fr\/sagarbike\/","og_site_name":"Sagardoaren Lurraldea","article_publisher":"https:\/\/www.facebook.com\/sagardoarenlurraldea","article_modified_time":"2026-03-10T16:21:43+00:00","og_image":[{"width":900,"height":600,"url":"https:\/\/sagardoarenlurraldea.eus\/wp-content\/uploads\/2018\/08\/SAGARBIKE-F80.jpg","type":"image\/jpeg"}],"twitter_card":"summary_large_image","twitter_misc":{"Dur\u00e9e de lecture estim\u00e9e":"2 minutes"},"schema":{"@context":"https:\/\/schema.org","@graph":[{"@type":"WebPage","@id":"https:\/\/sagardoarenlurraldea.eus\/fr\/product\/experiences-fr-2\/cidercycling-fr\/sagarbike\/","url":"https:\/\/sagardoarenlurraldea.eus\/fr\/product\/experiences-fr-2\/cidercycling-fr\/sagarbike\/","name":"SagarBike - Sagardoaren Lurraldea","isPartOf":{"@id":"https:\/\/sagardoarenlurraldea.eus\/fr\/#website"},"primaryImageOfPage":{"@id":"https:\/\/sagardoarenlurraldea.eus\/fr\/product\/experiences-fr-2\/cidercycling-fr\/sagarbike\/#primaryimage"},"image":{"@id":"https:\/\/sagardoarenlurraldea.eus\/fr\/product\/experiences-fr-2\/cidercycling-fr\/sagarbike\/#primaryimage"},"thumbnailUrl":"https:\/\/sagardoarenlurraldea.eus\/wp-content\/uploads\/2018\/08\/SAGARBIKE-F80.jpg","datePublished":"2021-04-10T12:30:00+00:00","dateModified":"2026-03-10T16:21:43+00:00","breadcrumb":{"@id":"https:\/\/sagardoarenlurraldea.eus\/fr\/product\/experiences-fr-2\/cidercycling-fr\/sagarbike\/#breadcrumb"},"inLanguage":"fr-FR","potentialAction":[{"@type":"ReadAction","target":["https:\/\/sagardoarenlurraldea.eus\/fr\/product\/experiences-fr-2\/cidercycling-fr\/sagarbike\/"]}]},{"@type":"ImageObject","inLanguage":"fr-FR","@id":"https:\/\/sagardoarenlurraldea.eus\/fr\/product\/experiences-fr-2\/cidercycling-fr\/sagarbike\/#primaryimage","url":"https:\/\/sagardoarenlurraldea.eus\/wp-content\/uploads\/2018\/08\/SAGARBIKE-F80.jpg","contentUrl":"https:\/\/sagardoarenlurraldea.eus\/wp-content\/uploads\/2018\/08\/SAGARBIKE-F80.jpg","width":900,"height":600},{"@type":"BreadcrumbList","@id":"https:\/\/sagardoarenlurraldea.eus\/fr\/product\/experiences-fr-2\/cidercycling-fr\/sagarbike\/#breadcrumb","itemListElement":[{"@type":"ListItem","position":1,"name":"Inicio","item":"https:\/\/sagardoarenlurraldea.eus\/fr\/"},{"@type":"ListItem","position":2,"name":"R\u00e9servations","item":"https:\/\/sagardoarenlurraldea.eus\/fr\/reservations\/"},{"@type":"ListItem","position":3,"name":"SagarBike"}]},{"@type":"WebSite","@id":"https:\/\/sagardoarenlurraldea.eus\/fr\/#website","url":"https:\/\/sagardoarenlurraldea.eus\/fr\/","name":"Sagardoaren Lurraldea","description":"El territorio de la sidra","potentialAction":[{"@type":"SearchAction","target":{"@type":"EntryPoint","urlTemplate":"https:\/\/sagardoarenlurraldea.eus\/fr\/?s={search_term_string}"},"query-input":{"@type":"PropertyValueSpecification","valueRequired":true,"valueName":"search_term_string"}}],"inLanguage":"fr-FR"}]}},"_links":{"self":[{"href":"https:\/\/sagardoarenlurraldea.eus\/fr\/wp-json\/wp\/v2\/product\/36472","targetHints":{"allow":["GET"]}}],"collection":[{"href":"https:\/\/sagardoarenlurraldea.eus\/fr\/wp-json\/wp\/v2\/product"}],"about":[{"href":"https:\/\/sagardoarenlurraldea.eus\/fr\/wp-json\/wp\/v2\/types\/product"}],"replies":[{"embeddable":true,"href":"https:\/\/sagardoarenlurraldea.eus\/fr\/wp-json\/wp\/v2\/comments?post=36472"}],"wp:featuredmedia":[{"embeddable":true,"href":"https:\/\/sagardoarenlurraldea.eus\/fr\/wp-json\/wp\/v2\/media\/37273"}],"wp:attachment":[{"href":"https:\/\/sagardoarenlurraldea.eus\/fr\/wp-json\/wp\/v2\/media?parent=36472"}],"wp:term":[{"taxonomy":"product_brand","embeddable":true,"href":"https:\/\/sagardoarenlurraldea.eus\/fr\/wp-json\/wp\/v2\/product_brand?post=36472"},{"taxonomy":"product_cat","embeddable":true,"href":"https:\/\/sagardoarenlurraldea.eus\/fr\/wp-json\/wp\/v2\/product_cat?post=36472"},{"taxonomy":"product_tag","embeddable":true,"href":"https:\/\/sagardoarenlurraldea.eus\/fr\/wp-json\/wp\/v2\/product_tag?post=36472"}],"curies":[{"name":"wp","href":"https:\/\/api.w.org\/{rel}","templated":true}]}}