{"id":306777,"date":"2026-02-06T18:56:50","date_gmt":"2026-02-06T16:56:56","guid":{"rendered":"https:\/\/sagardoarenlurraldea.eus\/?post_type=product&#038;p=306777"},"modified":"2026-03-09T17:24:42","modified_gmt":"2026-03-09T15:24:42","slug":"le-cidre-et-la-mer-donostia-copia","status":"publish","type":"product","link":"https:\/\/sagardoarenlurraldea.eus\/fr\/product\/experiences-fr-2\/cidre-mer\/le-cidre-et-la-mer-donostia-copia\/","title":{"rendered":"Le cidre et la mer: Aquarium de Saint S\u00e9bastien, Sagardoetxea et cidrerie"},"content":{"rendered":"<h2>Activit\u00e9s inclues dans l&rsquo;exp\u00e9rience<\/h2>\n<ul>\n<li>Visite guid\u00e9e de <strong>l\u2019Aquarium de Saint S\u00e9bastien<\/strong>.<\/li>\n<li>Visite de la <strong>Sagardoetxea, Mus\u00e9e du Cidre Basque<\/strong> et d\u00e9gustation de cidre.<\/li>\n<li><strong>D\u00e9jeuner\/ Diner dans une Cidrerie traditionnelle<\/strong>. Le menu traditionnel de Cidrerie est compos\u00e9 d\u2019omelette de morue, morue frite avec des poivrons, c\u00f4te de b\u0153uf, fromage, noix, p\u00e2te de coing et cidre au txotx.<br \/>\nNOTE : En cas de besoin de transport indiquez-le dans le cadre des observations au moment de la r\u00e9servation.<\/li>\n<\/ul>\n<h2>Informations pratiques<\/h2>\n<ul>\n<li><strong>Horaires<\/strong> : De mardi \u00e0 samedi \u00e0 10:00 et \u00e0 16:00. Dimanche et f\u00e9ri\u00e9s \u00e0 10:00.<\/li>\n<li><strong>Dur\u00e9e\u00a0<\/strong>: 5h.<\/li>\n<li><strong>Quand ?<\/strong> De juin \u00e0 septembre.<\/li>\n<li><strong>Qui ?<\/strong> Individuel, groupes, famille et couple.<\/li>\n<li><strong>Langues :<\/strong> Espagnol (avec r\u00e9servation), Euskera (avec r\u00e9servation), Fran\u00e7ais (avec r\u00e9servation) et Anglais (avec r\u00e9servation).<\/li>\n<li><strong>Point de rencontre :<\/strong> Aquarium Donostia-San Sebasti\u00e1n (Plaza de Carlos Blasco Imaz, 1 \u2013 Donostia). Coordonn\u00e9es GPS: 43.322785, -1.991578.<\/li>\n<li><strong>Comment arriver\u00a0?<\/strong>\n<ul>\n<li>En v\u00e9hicule propre\u00a0: parking du Paseo Nuevo (C\/ Pasealeku berria) et parking du Boulevard (C\/ Alameda Boulevard). Distance estim\u00e9e : 10-15 min.<\/li>\n<\/ul>\n<\/li>\n<\/ul>\n<p><strong>AVIS IMPORTANT:<\/strong> Lors de votre r\u00e9servation, vous ne recevrez pas vos billets par courriel. Votre r\u00e9servation a \u00e9t\u00e9 enregistr\u00e9e dans notre syst\u00e8me ; il vous suffit de vous pr\u00e9senter au point de rencontre le jour de l\u2019activit\u00e9 et de donner votre nom.<\/p>\n<h2>Tarifs<\/h2>\n<ul>\n<li><strong>Adultes <\/strong>: 67 \u20ac (Incluant les visites guid\u00e9es, balade en bateau et d\u00e9jeun\u00e9 \/ diner en Cidrerie).<\/li>\n<li><strong>Enfants<\/strong> :\n<ul>\n<li><strong>Enfants de 0-6 ans<\/strong>: 30,50 \u20ac (<span id=\"result_box\" class=\"short_text\" lang=\"fr\"><span class=\"\">menu pour enfants<\/span><\/span>)<\/li>\n<li><strong>Enfants de 7-17 ans<\/strong>: 33 \u20ac (<span id=\"result_box\" class=\"short_text\" lang=\"fr\"><span class=\"\">menu pour enfants<\/span><\/span>)<\/li>\n<\/ul>\n<\/li>\n<\/ul>\n<h2>Le plus<\/h2>\n<ul>\n<li>D\u00e9couvrir le voyage surprenant de l\u2019\u00e9poque de la chasse \u00e0 la baleine.<\/li>\n<li>Profiter de la visite et d\u2019un repas en Cidrerie.<\/li>\n<\/ul>\n<p>&nbsp;<\/p>\n","protected":false},"excerpt":{"rendered":"<p>Revivez l\u2019aventure de la chasse \u00e0 la baleine en visitant <a href=\"https:\/\/aquariumss.com\/fr\/francais\/\">l\u2019Aquarium de Saint S\u00e9bastien<\/a> et d\u00e9couvrez la taille d\u2019un v\u00e9ritable squelette de ce c\u00e9tac\u00e9. Saviez-vous que le cidre est tr\u00e8s v\u00e9hicul\u00e9 \u00e0 l\u2019oc\u00e9an ? Au <a href=\"https:\/\/sagardoarenlurraldea.eus\/fr\/le-musee-du-cidre\/sagardoetxea-le-musee\/\">Mus\u00e9e du Cidre Basque<\/a> on vous expliquera quel \u00e9tait le secret des marins pour \u00e9viter le scorbut.\u00a0 Pour finir a journ\u00e9e en d\u00e9gustant un menu traditionnel de Cidrerie.<\/p>\n","protected":false},"featured_media":9644,"comment_status":"open","ping_status":"closed","template":"","meta":{"_acf_changed":false,"_et_pb_use_builder":"","_et_pb_old_content":"","_et_gb_content_width":""},"product_brand":[],"product_cat":[2023,2671],"product_tag":[2649,2628,2621],"class_list":{"0":"post-306777","1":"product","2":"type-product","3":"status-publish","4":"has-post-thumbnail","6":"product_cat-experiences-fr-2","7":"product_cat-cidre-mer","8":"product_tag-disponible-juin-septembre","9":"product_tag-le-matin","10":"product_tag-lapres-midi","12":"first","13":"instock","14":"virtual","15":"sold-individually","16":"purchasable","17":"product-type-booking"},"exclude_global_add_ons":false,"addons":[{"name":"Cidreries disponibles","type":"select","position":0,"required":false,"title_format":"label","default":"","description_enable":false,"description":"Choisissez la Cidrerie qui vous plait le plus. Le nom de la Cidrerie d\u00e9finitive vous sera communiqu\u00e9 par mail, en fonction des disponibilit\u00e9s et horaires.","placeholder_enable":false,"placeholder":"","display":"select","restrictions_type":"any_text","adjust_price":false,"price":"","price_type":"flat_fee","restrictions":false,"min":"0","max":"0","options":[],"id":1770406361},{"name":"Service de guide en langues","type":"select","position":1,"required":false,"title_format":"label","default":"","description_enable":false,"description":"","placeholder_enable":false,"placeholder":"","display":"select","restrictions_type":"any_text","adjust_price":false,"price":"","price_type":"flat_fee","restrictions":false,"min":"0","max":"0","options":[],"id":1770406362}],"acf":[],"yoast_head":"<!-- This site is optimized with the Yoast SEO plugin v25.4 - https:\/\/yoast.com\/wordpress\/plugins\/seo\/ -->\n<title>Le cidre et la mer: Aquarium de Saint S\u00e9bastien, Sagardoetxea et cidrerie - Sagardoaren Lurraldea<\/title>\n<meta name=\"robots\" content=\"index, follow, max-snippet:-1, max-image-preview:large, max-video-preview:-1\" \/>\n<link rel=\"canonical\" href=\"https:\/\/sagardoarenlurraldea.eus\/fr\/product\/experiences-fr-2\/cidre-mer\/le-cidre-et-la-mer-donostia-copia\/\" \/>\n<meta property=\"og:locale\" content=\"fr_FR\" \/>\n<meta property=\"og:type\" content=\"article\" \/>\n<meta property=\"og:title\" content=\"Le cidre et la mer: Aquarium de Saint S\u00e9bastien, Sagardoetxea et cidrerie - Sagardoaren Lurraldea\" \/>\n<meta property=\"og:description\" content=\"Revivez l\u2019aventure de la chasse \u00e0 la baleine en visitant l\u2019Aquarium de Saint S\u00e9bastien et d\u00e9couvrez la taille d\u2019un v\u00e9ritable squelette de ce c\u00e9tac\u00e9. Saviez-vous que le cidre est tr\u00e8s v\u00e9hicul\u00e9 \u00e0 l\u2019oc\u00e9an ? Au Mus\u00e9e du Cidre Basque on vous expliquera quel \u00e9tait le secret des marins pour \u00e9viter le scorbut.\u00a0 Pour finir a journ\u00e9e en d\u00e9gustant un menu traditionnel de Cidrerie.\" \/>\n<meta property=\"og:url\" content=\"https:\/\/sagardoarenlurraldea.eus\/fr\/product\/experiences-fr-2\/cidre-mer\/le-cidre-et-la-mer-donostia-copia\/\" \/>\n<meta property=\"og:site_name\" content=\"Sagardoaren Lurraldea\" \/>\n<meta property=\"article:publisher\" content=\"https:\/\/www.facebook.com\/sagardoarenlurraldea\" \/>\n<meta property=\"article:modified_time\" content=\"2026-03-09T15:24:42+00:00\" \/>\n<meta property=\"og:image\" content=\"https:\/\/sagardoarenlurraldea.eus\/wp-content\/uploads\/2016\/08\/EXPSIDRAMARAQUA-F10.jpg\" \/>\n\t<meta property=\"og:image:width\" content=\"900\" \/>\n\t<meta property=\"og:image:height\" content=\"600\" \/>\n\t<meta property=\"og:image:type\" content=\"image\/jpeg\" \/>\n<meta name=\"twitter:card\" content=\"summary_large_image\" \/>\n<meta name=\"twitter:label1\" content=\"Dur\u00e9e de lecture estim\u00e9e\" \/>\n\t<meta name=\"twitter:data1\" content=\"2 minutes\" \/>\n<script type=\"application\/ld+json\" class=\"yoast-schema-graph\">{\"@context\":\"https:\/\/schema.org\",\"@graph\":[{\"@type\":\"WebPage\",\"@id\":\"https:\/\/sagardoarenlurraldea.eus\/fr\/product\/experiences-fr-2\/cidre-mer\/le-cidre-et-la-mer-donostia-copia\/\",\"url\":\"https:\/\/sagardoarenlurraldea.eus\/fr\/product\/experiences-fr-2\/cidre-mer\/le-cidre-et-la-mer-donostia-copia\/\",\"name\":\"Le cidre et la mer: Aquarium de Saint S\u00e9bastien, Sagardoetxea et cidrerie - Sagardoaren Lurraldea\",\"isPartOf\":{\"@id\":\"https:\/\/sagardoarenlurraldea.eus\/fr\/#website\"},\"primaryImageOfPage\":{\"@id\":\"https:\/\/sagardoarenlurraldea.eus\/fr\/product\/experiences-fr-2\/cidre-mer\/le-cidre-et-la-mer-donostia-copia\/#primaryimage\"},\"image\":{\"@id\":\"https:\/\/sagardoarenlurraldea.eus\/fr\/product\/experiences-fr-2\/cidre-mer\/le-cidre-et-la-mer-donostia-copia\/#primaryimage\"},\"thumbnailUrl\":\"https:\/\/sagardoarenlurraldea.eus\/wp-content\/uploads\/2016\/08\/EXPSIDRAMARAQUA-F10.jpg\",\"datePublished\":\"2026-02-06T16:56:56+00:00\",\"dateModified\":\"2026-03-09T15:24:42+00:00\",\"breadcrumb\":{\"@id\":\"https:\/\/sagardoarenlurraldea.eus\/fr\/product\/experiences-fr-2\/cidre-mer\/le-cidre-et-la-mer-donostia-copia\/#breadcrumb\"},\"inLanguage\":\"fr-FR\",\"potentialAction\":[{\"@type\":\"ReadAction\",\"target\":[\"https:\/\/sagardoarenlurraldea.eus\/fr\/product\/experiences-fr-2\/cidre-mer\/le-cidre-et-la-mer-donostia-copia\/\"]}]},{\"@type\":\"ImageObject\",\"inLanguage\":\"fr-FR\",\"@id\":\"https:\/\/sagardoarenlurraldea.eus\/fr\/product\/experiences-fr-2\/cidre-mer\/le-cidre-et-la-mer-donostia-copia\/#primaryimage\",\"url\":\"https:\/\/sagardoarenlurraldea.eus\/wp-content\/uploads\/2016\/08\/EXPSIDRAMARAQUA-F10.jpg\",\"contentUrl\":\"https:\/\/sagardoarenlurraldea.eus\/wp-content\/uploads\/2016\/08\/EXPSIDRAMARAQUA-F10.jpg\",\"width\":900,\"height\":600},{\"@type\":\"BreadcrumbList\",\"@id\":\"https:\/\/sagardoarenlurraldea.eus\/fr\/product\/experiences-fr-2\/cidre-mer\/le-cidre-et-la-mer-donostia-copia\/#breadcrumb\",\"itemListElement\":[{\"@type\":\"ListItem\",\"position\":1,\"name\":\"Inicio\",\"item\":\"https:\/\/sagardoarenlurraldea.eus\/fr\/\"},{\"@type\":\"ListItem\",\"position\":2,\"name\":\"R\u00e9servations\",\"item\":\"https:\/\/sagardoarenlurraldea.eus\/fr\/reservations\/\"},{\"@type\":\"ListItem\",\"position\":3,\"name\":\"Le cidre et la mer: Aquarium de Saint S\u00e9bastien, Sagardoetxea et cidrerie\"}]},{\"@type\":\"WebSite\",\"@id\":\"https:\/\/sagardoarenlurraldea.eus\/fr\/#website\",\"url\":\"https:\/\/sagardoarenlurraldea.eus\/fr\/\",\"name\":\"Sagardoaren Lurraldea\",\"description\":\"El territorio de la sidra\",\"potentialAction\":[{\"@type\":\"SearchAction\",\"target\":{\"@type\":\"EntryPoint\",\"urlTemplate\":\"https:\/\/sagardoarenlurraldea.eus\/fr\/?s={search_term_string}\"},\"query-input\":{\"@type\":\"PropertyValueSpecification\",\"valueRequired\":true,\"valueName\":\"search_term_string\"}}],\"inLanguage\":\"fr-FR\"}]}<\/script>\n<!-- \/ Yoast SEO plugin. -->","yoast_head_json":{"title":"Le cidre et la mer: Aquarium de Saint S\u00e9bastien, Sagardoetxea et cidrerie - Sagardoaren Lurraldea","robots":{"index":"index","follow":"follow","max-snippet":"max-snippet:-1","max-image-preview":"max-image-preview:large","max-video-preview":"max-video-preview:-1"},"canonical":"https:\/\/sagardoarenlurraldea.eus\/fr\/product\/experiences-fr-2\/cidre-mer\/le-cidre-et-la-mer-donostia-copia\/","og_locale":"fr_FR","og_type":"article","og_title":"Le cidre et la mer: Aquarium de Saint S\u00e9bastien, Sagardoetxea et cidrerie - Sagardoaren Lurraldea","og_description":"Revivez l\u2019aventure de la chasse \u00e0 la baleine en visitant l\u2019Aquarium de Saint S\u00e9bastien et d\u00e9couvrez la taille d\u2019un v\u00e9ritable squelette de ce c\u00e9tac\u00e9. Saviez-vous que le cidre est tr\u00e8s v\u00e9hicul\u00e9 \u00e0 l\u2019oc\u00e9an ? Au Mus\u00e9e du Cidre Basque on vous expliquera quel \u00e9tait le secret des marins pour \u00e9viter le scorbut.\u00a0 Pour finir a journ\u00e9e en d\u00e9gustant un menu traditionnel de Cidrerie.","og_url":"https:\/\/sagardoarenlurraldea.eus\/fr\/product\/experiences-fr-2\/cidre-mer\/le-cidre-et-la-mer-donostia-copia\/","og_site_name":"Sagardoaren Lurraldea","article_publisher":"https:\/\/www.facebook.com\/sagardoarenlurraldea","article_modified_time":"2026-03-09T15:24:42+00:00","og_image":[{"width":900,"height":600,"url":"https:\/\/sagardoarenlurraldea.eus\/wp-content\/uploads\/2016\/08\/EXPSIDRAMARAQUA-F10.jpg","type":"image\/jpeg"}],"twitter_card":"summary_large_image","twitter_misc":{"Dur\u00e9e de lecture estim\u00e9e":"2 minutes"},"schema":{"@context":"https:\/\/schema.org","@graph":[{"@type":"WebPage","@id":"https:\/\/sagardoarenlurraldea.eus\/fr\/product\/experiences-fr-2\/cidre-mer\/le-cidre-et-la-mer-donostia-copia\/","url":"https:\/\/sagardoarenlurraldea.eus\/fr\/product\/experiences-fr-2\/cidre-mer\/le-cidre-et-la-mer-donostia-copia\/","name":"Le cidre et la mer: Aquarium de Saint S\u00e9bastien, Sagardoetxea et cidrerie - Sagardoaren Lurraldea","isPartOf":{"@id":"https:\/\/sagardoarenlurraldea.eus\/fr\/#website"},"primaryImageOfPage":{"@id":"https:\/\/sagardoarenlurraldea.eus\/fr\/product\/experiences-fr-2\/cidre-mer\/le-cidre-et-la-mer-donostia-copia\/#primaryimage"},"image":{"@id":"https:\/\/sagardoarenlurraldea.eus\/fr\/product\/experiences-fr-2\/cidre-mer\/le-cidre-et-la-mer-donostia-copia\/#primaryimage"},"thumbnailUrl":"https:\/\/sagardoarenlurraldea.eus\/wp-content\/uploads\/2016\/08\/EXPSIDRAMARAQUA-F10.jpg","datePublished":"2026-02-06T16:56:56+00:00","dateModified":"2026-03-09T15:24:42+00:00","breadcrumb":{"@id":"https:\/\/sagardoarenlurraldea.eus\/fr\/product\/experiences-fr-2\/cidre-mer\/le-cidre-et-la-mer-donostia-copia\/#breadcrumb"},"inLanguage":"fr-FR","potentialAction":[{"@type":"ReadAction","target":["https:\/\/sagardoarenlurraldea.eus\/fr\/product\/experiences-fr-2\/cidre-mer\/le-cidre-et-la-mer-donostia-copia\/"]}]},{"@type":"ImageObject","inLanguage":"fr-FR","@id":"https:\/\/sagardoarenlurraldea.eus\/fr\/product\/experiences-fr-2\/cidre-mer\/le-cidre-et-la-mer-donostia-copia\/#primaryimage","url":"https:\/\/sagardoarenlurraldea.eus\/wp-content\/uploads\/2016\/08\/EXPSIDRAMARAQUA-F10.jpg","contentUrl":"https:\/\/sagardoarenlurraldea.eus\/wp-content\/uploads\/2016\/08\/EXPSIDRAMARAQUA-F10.jpg","width":900,"height":600},{"@type":"BreadcrumbList","@id":"https:\/\/sagardoarenlurraldea.eus\/fr\/product\/experiences-fr-2\/cidre-mer\/le-cidre-et-la-mer-donostia-copia\/#breadcrumb","itemListElement":[{"@type":"ListItem","position":1,"name":"Inicio","item":"https:\/\/sagardoarenlurraldea.eus\/fr\/"},{"@type":"ListItem","position":2,"name":"R\u00e9servations","item":"https:\/\/sagardoarenlurraldea.eus\/fr\/reservations\/"},{"@type":"ListItem","position":3,"name":"Le cidre et la mer: Aquarium de Saint S\u00e9bastien, Sagardoetxea et cidrerie"}]},{"@type":"WebSite","@id":"https:\/\/sagardoarenlurraldea.eus\/fr\/#website","url":"https:\/\/sagardoarenlurraldea.eus\/fr\/","name":"Sagardoaren Lurraldea","description":"El territorio de la sidra","potentialAction":[{"@type":"SearchAction","target":{"@type":"EntryPoint","urlTemplate":"https:\/\/sagardoarenlurraldea.eus\/fr\/?s={search_term_string}"},"query-input":{"@type":"PropertyValueSpecification","valueRequired":true,"valueName":"search_term_string"}}],"inLanguage":"fr-FR"}]}},"_links":{"self":[{"href":"https:\/\/sagardoarenlurraldea.eus\/fr\/wp-json\/wp\/v2\/product\/306777","targetHints":{"allow":["GET"]}}],"collection":[{"href":"https:\/\/sagardoarenlurraldea.eus\/fr\/wp-json\/wp\/v2\/product"}],"about":[{"href":"https:\/\/sagardoarenlurraldea.eus\/fr\/wp-json\/wp\/v2\/types\/product"}],"replies":[{"embeddable":true,"href":"https:\/\/sagardoarenlurraldea.eus\/fr\/wp-json\/wp\/v2\/comments?post=306777"}],"wp:featuredmedia":[{"embeddable":true,"href":"https:\/\/sagardoarenlurraldea.eus\/fr\/wp-json\/wp\/v2\/media\/9644"}],"wp:attachment":[{"href":"https:\/\/sagardoarenlurraldea.eus\/fr\/wp-json\/wp\/v2\/media?parent=306777"}],"wp:term":[{"taxonomy":"product_brand","embeddable":true,"href":"https:\/\/sagardoarenlurraldea.eus\/fr\/wp-json\/wp\/v2\/product_brand?post=306777"},{"taxonomy":"product_cat","embeddable":true,"href":"https:\/\/sagardoarenlurraldea.eus\/fr\/wp-json\/wp\/v2\/product_cat?post=306777"},{"taxonomy":"product_tag","embeddable":true,"href":"https:\/\/sagardoarenlurraldea.eus\/fr\/wp-json\/wp\/v2\/product_tag?post=306777"}],"curies":[{"name":"wp","href":"https:\/\/api.w.org\/{rel}","templated":true}]}}