{"id":305371,"date":"2025-11-12T14:32:56","date_gmt":"2025-11-12T13:05:20","guid":{"rendered":"https:\/\/sagardoarenlurraldea.eus\/?post_type=product&#038;p=305371"},"modified":"2025-11-12T18:45:10","modified_gmt":"2025-11-12T16:45:10","slug":"degustation-commentee-cidres-sans-alcool","status":"publish","type":"product","link":"https:\/\/sagardoarenlurraldea.eus\/fr\/product\/sagardo-forum-fr\/degustation-commentee-cidres-sans-alcool\/","title":{"rendered":"22 novembre: D\u00e9gustation comment\u00e9e &lsquo;Cidres sans alcool&rsquo;"},"content":{"rendered":"","protected":false},"excerpt":{"rendered":"<p>D\u00e9gustation comment\u00e9e de cidre lors du <a href=\"\/?page_id=22600\" data-cke-saved-href=\"https:\/\/sagardoarenlurraldea.eus\/fr\/sagardo-forum\/foire-internationale-du-cidre\/\">Foire International du Cidre<\/a>, dans le cadre du <strong>6e Sagardo Forum:<\/strong><\/p>\n<p><strong>-Date:<\/strong> 22 novembre<\/p>\n<p><strong>-Heure:<\/strong> 12 h<\/p>\n<p><strong>-Lieu:<\/strong>\u00a0Basque Culinary Center<\/p>\n<p><strong>*Remarque:<\/strong> La d\u00e9gustation est gratuite, mais <a href=\"https:\/\/sagardoarenlurraldea.eus\/fr\/product\/sagardo-forum-fr\/exposition\/\" data-cke-saved-href=\"https:\/\/sagardoarenlurraldea.eus\/fr\/product\/sagardo-forum-fr\/exposition\/\">un billet d\u2019entr\u00e9e au Foire<\/a> est requis. <span class=\"Y2IQFc\" lang=\"fr\">De plus, les personnes inscrites ne recevront pas leur billet par courriel, mais devront se rendre directement \u00e0 la d\u00e9gustation et indiquer leur nom.<\/span><\/p>\n","protected":false},"featured_media":305363,"comment_status":"open","ping_status":"closed","template":"","meta":{"_acf_changed":false,"_et_pb_use_builder":"","_et_pb_old_content":"","_et_gb_content_width":""},"product_brand":[],"product_cat":[2677],"product_tag":[],"class_list":{"0":"post-305371","1":"product","2":"type-product","3":"status-publish","4":"has-post-thumbnail","6":"product_cat-sagardo-forum-fr","8":"first","9":"instock","10":"shipping-taxable","11":"product-type-simple"},"exclude_global_add_ons":[],"addons":[],"acf":[],"yoast_head":"<!-- This site is optimized with the Yoast SEO plugin v25.4 - https:\/\/yoast.com\/wordpress\/plugins\/seo\/ -->\n<title>22 novembre: D\u00e9gustation comment\u00e9e &#039;Cidres sans alcool&#039; - Sagardoaren Lurraldea<\/title>\n<meta name=\"robots\" content=\"index, follow, max-snippet:-1, max-image-preview:large, max-video-preview:-1\" \/>\n<link rel=\"canonical\" href=\"https:\/\/sagardoarenlurraldea.eus\/fr\/product\/sagardo-forum-fr\/degustation-commentee-cidres-sans-alcool\/\" \/>\n<meta property=\"og:locale\" content=\"fr_FR\" \/>\n<meta property=\"og:type\" content=\"article\" \/>\n<meta property=\"og:title\" content=\"22 novembre: D\u00e9gustation comment\u00e9e &#039;Cidres sans alcool&#039; - Sagardoaren Lurraldea\" \/>\n<meta property=\"og:description\" content=\"D\u00e9gustation comment\u00e9e de cidre lors du Foire International du Cidre, dans le cadre du 6e Sagardo Forum:  -Date: 22 novembre  -Heure: 12 h  -Lieu:\u00a0Basque Culinary Center  *Remarque: La d\u00e9gustation est gratuite, mais un billet d\u2019entr\u00e9e au Foire est requis. De plus, les personnes inscrites ne recevront pas leur billet par courriel, mais devront se rendre directement \u00e0 la d\u00e9gustation et indiquer leur nom.\" \/>\n<meta property=\"og:url\" content=\"https:\/\/sagardoarenlurraldea.eus\/fr\/product\/sagardo-forum-fr\/degustation-commentee-cidres-sans-alcool\/\" \/>\n<meta property=\"og:site_name\" content=\"Sagardoaren Lurraldea\" \/>\n<meta property=\"article:publisher\" content=\"https:\/\/www.facebook.com\/sagardoarenlurraldea\" \/>\n<meta property=\"article:modified_time\" content=\"2025-11-12T16:45:10+00:00\" \/>\n<meta property=\"og:image\" content=\"https:\/\/sagardoarenlurraldea.eus\/wp-content\/uploads\/2025\/11\/Azoka-398x391-1.jpg\" \/>\n\t<meta property=\"og:image:width\" content=\"398\" \/>\n\t<meta property=\"og:image:height\" content=\"391\" \/>\n\t<meta property=\"og:image:type\" content=\"image\/jpeg\" \/>\n<meta name=\"twitter:card\" content=\"summary_large_image\" \/>\n<script type=\"application\/ld+json\" class=\"yoast-schema-graph\">{\"@context\":\"https:\/\/schema.org\",\"@graph\":[{\"@type\":\"WebPage\",\"@id\":\"https:\/\/sagardoarenlurraldea.eus\/fr\/product\/sagardo-forum-fr\/degustation-commentee-cidres-sans-alcool\/\",\"url\":\"https:\/\/sagardoarenlurraldea.eus\/fr\/product\/sagardo-forum-fr\/degustation-commentee-cidres-sans-alcool\/\",\"name\":\"22 novembre: D\u00e9gustation comment\u00e9e 'Cidres sans alcool' - Sagardoaren Lurraldea\",\"isPartOf\":{\"@id\":\"https:\/\/sagardoarenlurraldea.eus\/fr\/#website\"},\"primaryImageOfPage\":{\"@id\":\"https:\/\/sagardoarenlurraldea.eus\/fr\/product\/sagardo-forum-fr\/degustation-commentee-cidres-sans-alcool\/#primaryimage\"},\"image\":{\"@id\":\"https:\/\/sagardoarenlurraldea.eus\/fr\/product\/sagardo-forum-fr\/degustation-commentee-cidres-sans-alcool\/#primaryimage\"},\"thumbnailUrl\":\"https:\/\/sagardoarenlurraldea.eus\/wp-content\/uploads\/2025\/11\/Azoka-398x391-1.jpg\",\"datePublished\":\"2025-11-12T13:05:20+00:00\",\"dateModified\":\"2025-11-12T16:45:10+00:00\",\"breadcrumb\":{\"@id\":\"https:\/\/sagardoarenlurraldea.eus\/fr\/product\/sagardo-forum-fr\/degustation-commentee-cidres-sans-alcool\/#breadcrumb\"},\"inLanguage\":\"fr-FR\",\"potentialAction\":[{\"@type\":\"ReadAction\",\"target\":[\"https:\/\/sagardoarenlurraldea.eus\/fr\/product\/sagardo-forum-fr\/degustation-commentee-cidres-sans-alcool\/\"]}]},{\"@type\":\"ImageObject\",\"inLanguage\":\"fr-FR\",\"@id\":\"https:\/\/sagardoarenlurraldea.eus\/fr\/product\/sagardo-forum-fr\/degustation-commentee-cidres-sans-alcool\/#primaryimage\",\"url\":\"https:\/\/sagardoarenlurraldea.eus\/wp-content\/uploads\/2025\/11\/Azoka-398x391-1.jpg\",\"contentUrl\":\"https:\/\/sagardoarenlurraldea.eus\/wp-content\/uploads\/2025\/11\/Azoka-398x391-1.jpg\",\"width\":398,\"height\":391},{\"@type\":\"BreadcrumbList\",\"@id\":\"https:\/\/sagardoarenlurraldea.eus\/fr\/product\/sagardo-forum-fr\/degustation-commentee-cidres-sans-alcool\/#breadcrumb\",\"itemListElement\":[{\"@type\":\"ListItem\",\"position\":1,\"name\":\"Inicio\",\"item\":\"https:\/\/sagardoarenlurraldea.eus\/fr\/\"},{\"@type\":\"ListItem\",\"position\":2,\"name\":\"R\u00e9servations\",\"item\":\"https:\/\/sagardoarenlurraldea.eus\/fr\/reservations\/\"},{\"@type\":\"ListItem\",\"position\":3,\"name\":\"22 novembre: D\u00e9gustation comment\u00e9e &#8216;Cidres sans alcool&#8217;\"}]},{\"@type\":\"WebSite\",\"@id\":\"https:\/\/sagardoarenlurraldea.eus\/fr\/#website\",\"url\":\"https:\/\/sagardoarenlurraldea.eus\/fr\/\",\"name\":\"Sagardoaren Lurraldea\",\"description\":\"El territorio de la sidra\",\"potentialAction\":[{\"@type\":\"SearchAction\",\"target\":{\"@type\":\"EntryPoint\",\"urlTemplate\":\"https:\/\/sagardoarenlurraldea.eus\/fr\/?s={search_term_string}\"},\"query-input\":{\"@type\":\"PropertyValueSpecification\",\"valueRequired\":true,\"valueName\":\"search_term_string\"}}],\"inLanguage\":\"fr-FR\"}]}<\/script>\n<!-- \/ Yoast SEO plugin. -->","yoast_head_json":{"title":"22 novembre: D\u00e9gustation comment\u00e9e 'Cidres sans alcool' - Sagardoaren Lurraldea","robots":{"index":"index","follow":"follow","max-snippet":"max-snippet:-1","max-image-preview":"max-image-preview:large","max-video-preview":"max-video-preview:-1"},"canonical":"https:\/\/sagardoarenlurraldea.eus\/fr\/product\/sagardo-forum-fr\/degustation-commentee-cidres-sans-alcool\/","og_locale":"fr_FR","og_type":"article","og_title":"22 novembre: D\u00e9gustation comment\u00e9e 'Cidres sans alcool' - Sagardoaren Lurraldea","og_description":"D\u00e9gustation comment\u00e9e de cidre lors du Foire International du Cidre, dans le cadre du 6e Sagardo Forum:  -Date: 22 novembre  -Heure: 12 h  -Lieu:\u00a0Basque Culinary Center  *Remarque: La d\u00e9gustation est gratuite, mais un billet d\u2019entr\u00e9e au Foire est requis. De plus, les personnes inscrites ne recevront pas leur billet par courriel, mais devront se rendre directement \u00e0 la d\u00e9gustation et indiquer leur nom.","og_url":"https:\/\/sagardoarenlurraldea.eus\/fr\/product\/sagardo-forum-fr\/degustation-commentee-cidres-sans-alcool\/","og_site_name":"Sagardoaren Lurraldea","article_publisher":"https:\/\/www.facebook.com\/sagardoarenlurraldea","article_modified_time":"2025-11-12T16:45:10+00:00","og_image":[{"width":398,"height":391,"url":"https:\/\/sagardoarenlurraldea.eus\/wp-content\/uploads\/2025\/11\/Azoka-398x391-1.jpg","type":"image\/jpeg"}],"twitter_card":"summary_large_image","schema":{"@context":"https:\/\/schema.org","@graph":[{"@type":"WebPage","@id":"https:\/\/sagardoarenlurraldea.eus\/fr\/product\/sagardo-forum-fr\/degustation-commentee-cidres-sans-alcool\/","url":"https:\/\/sagardoarenlurraldea.eus\/fr\/product\/sagardo-forum-fr\/degustation-commentee-cidres-sans-alcool\/","name":"22 novembre: D\u00e9gustation comment\u00e9e 'Cidres sans alcool' - Sagardoaren Lurraldea","isPartOf":{"@id":"https:\/\/sagardoarenlurraldea.eus\/fr\/#website"},"primaryImageOfPage":{"@id":"https:\/\/sagardoarenlurraldea.eus\/fr\/product\/sagardo-forum-fr\/degustation-commentee-cidres-sans-alcool\/#primaryimage"},"image":{"@id":"https:\/\/sagardoarenlurraldea.eus\/fr\/product\/sagardo-forum-fr\/degustation-commentee-cidres-sans-alcool\/#primaryimage"},"thumbnailUrl":"https:\/\/sagardoarenlurraldea.eus\/wp-content\/uploads\/2025\/11\/Azoka-398x391-1.jpg","datePublished":"2025-11-12T13:05:20+00:00","dateModified":"2025-11-12T16:45:10+00:00","breadcrumb":{"@id":"https:\/\/sagardoarenlurraldea.eus\/fr\/product\/sagardo-forum-fr\/degustation-commentee-cidres-sans-alcool\/#breadcrumb"},"inLanguage":"fr-FR","potentialAction":[{"@type":"ReadAction","target":["https:\/\/sagardoarenlurraldea.eus\/fr\/product\/sagardo-forum-fr\/degustation-commentee-cidres-sans-alcool\/"]}]},{"@type":"ImageObject","inLanguage":"fr-FR","@id":"https:\/\/sagardoarenlurraldea.eus\/fr\/product\/sagardo-forum-fr\/degustation-commentee-cidres-sans-alcool\/#primaryimage","url":"https:\/\/sagardoarenlurraldea.eus\/wp-content\/uploads\/2025\/11\/Azoka-398x391-1.jpg","contentUrl":"https:\/\/sagardoarenlurraldea.eus\/wp-content\/uploads\/2025\/11\/Azoka-398x391-1.jpg","width":398,"height":391},{"@type":"BreadcrumbList","@id":"https:\/\/sagardoarenlurraldea.eus\/fr\/product\/sagardo-forum-fr\/degustation-commentee-cidres-sans-alcool\/#breadcrumb","itemListElement":[{"@type":"ListItem","position":1,"name":"Inicio","item":"https:\/\/sagardoarenlurraldea.eus\/fr\/"},{"@type":"ListItem","position":2,"name":"R\u00e9servations","item":"https:\/\/sagardoarenlurraldea.eus\/fr\/reservations\/"},{"@type":"ListItem","position":3,"name":"22 novembre: D\u00e9gustation comment\u00e9e &#8216;Cidres sans alcool&#8217;"}]},{"@type":"WebSite","@id":"https:\/\/sagardoarenlurraldea.eus\/fr\/#website","url":"https:\/\/sagardoarenlurraldea.eus\/fr\/","name":"Sagardoaren Lurraldea","description":"El territorio de la sidra","potentialAction":[{"@type":"SearchAction","target":{"@type":"EntryPoint","urlTemplate":"https:\/\/sagardoarenlurraldea.eus\/fr\/?s={search_term_string}"},"query-input":{"@type":"PropertyValueSpecification","valueRequired":true,"valueName":"search_term_string"}}],"inLanguage":"fr-FR"}]}},"_links":{"self":[{"href":"https:\/\/sagardoarenlurraldea.eus\/fr\/wp-json\/wp\/v2\/product\/305371","targetHints":{"allow":["GET"]}}],"collection":[{"href":"https:\/\/sagardoarenlurraldea.eus\/fr\/wp-json\/wp\/v2\/product"}],"about":[{"href":"https:\/\/sagardoarenlurraldea.eus\/fr\/wp-json\/wp\/v2\/types\/product"}],"replies":[{"embeddable":true,"href":"https:\/\/sagardoarenlurraldea.eus\/fr\/wp-json\/wp\/v2\/comments?post=305371"}],"wp:featuredmedia":[{"embeddable":true,"href":"https:\/\/sagardoarenlurraldea.eus\/fr\/wp-json\/wp\/v2\/media\/305363"}],"wp:attachment":[{"href":"https:\/\/sagardoarenlurraldea.eus\/fr\/wp-json\/wp\/v2\/media?parent=305371"}],"wp:term":[{"taxonomy":"product_brand","embeddable":true,"href":"https:\/\/sagardoarenlurraldea.eus\/fr\/wp-json\/wp\/v2\/product_brand?post=305371"},{"taxonomy":"product_cat","embeddable":true,"href":"https:\/\/sagardoarenlurraldea.eus\/fr\/wp-json\/wp\/v2\/product_cat?post=305371"},{"taxonomy":"product_tag","embeddable":true,"href":"https:\/\/sagardoarenlurraldea.eus\/fr\/wp-json\/wp\/v2\/product_tag?post=305371"}],"curies":[{"name":"wp","href":"https:\/\/api.w.org\/{rel}","templated":true}]}}