{"id":303918,"date":"2025-10-22T10:53:54","date_gmt":"2025-10-24T08:53:55","guid":{"rendered":"https:\/\/sagardoarenlurraldea.eus\/?post_type=product&#038;p=303918"},"modified":"2025-11-03T18:11:04","modified_gmt":"2025-11-03T16:11:04","slug":"20-novembre-conferences-copia","status":"publish","type":"product","link":"https:\/\/sagardoarenlurraldea.eus\/fr\/product\/sagardo-forum-fr\/20-novembre-conferences-copia\/","title":{"rendered":"21 novembre: Conf\u00e9rences"},"content":{"rendered":"","protected":false},"excerpt":{"rendered":"<p>Conf\u00e9rences du <a href=\"\/?page_id=22582\" data-cke-saved-href=\"https:\/\/sagardoarenlurraldea.eus\/fr\/sagardo-forum\/informations-generales\/\">6e Sagard Forum<\/a>:<\/p>\n<ul>\n<li><strong>Date<\/strong>: 21 novembre 2025 (Vendredi)<\/li>\n<li><strong>Heures<\/strong>: 08:30-13:30<\/li>\n<li><strong>Lieu<\/strong>: Instalations d\u00b4Erribera Kulturgunea \u00e0 Astigarraga (Kontxa Etxeberria plaza, 1. Astigarraga) (<a title=\"Se abrir\u00e1 en nueva ventana\" href=\"https:\/\/goo.gl\/maps\/4JZo2HdEBhW7NE498\" target=\"_blank\" rel=\"noopener noreferrer nofollow external\" data-wpel-link=\"external\"><strong>voir la localitation sur Google Maps<\/strong><\/a>)<\/li>\n<li><strong>Sujets<\/strong>: Pomme et Cidre: formation et commercialisation<\/li>\n<li><a href=\"https:\/\/sagardoarenlurraldea.eus\/fr\/?page_id=116172\">Voir le programme des conf\u00e9rences techniques<\/a><\/li>\n<\/ul>\n<p><em>*Les personnes qui ach\u00e8tent un billet ne le recevront pas par courriel, mais devront se rendre \u00e0 Erribera Kulturgunea le 21 novembre \u00e0 8 h 30 et indiquer leur nom.<\/em><\/p>\n","protected":false},"featured_media":120845,"comment_status":"closed","ping_status":"closed","template":"","meta":{"_acf_changed":false,"_et_pb_use_builder":"","_et_pb_old_content":"","_et_gb_content_width":""},"product_brand":[],"product_cat":[2677],"product_tag":[],"class_list":{"0":"post-303918","1":"product","2":"type-product","3":"status-publish","4":"has-post-thumbnail","6":"product_cat-sagardo-forum-fr","8":"first","9":"instock","10":"shipping-taxable","11":"purchasable","12":"product-type-simple"},"exclude_global_add_ons":[],"addons":[],"acf":[],"yoast_head":"<!-- This site is optimized with the Yoast SEO plugin v25.4 - https:\/\/yoast.com\/wordpress\/plugins\/seo\/ -->\n<title>21 novembre: Conf\u00e9rences - Sagardoaren Lurraldea<\/title>\n<meta name=\"robots\" content=\"index, follow, max-snippet:-1, max-image-preview:large, max-video-preview:-1\" \/>\n<link rel=\"canonical\" href=\"https:\/\/sagardoarenlurraldea.eus\/fr\/product\/sagardo-forum-fr\/20-novembre-conferences-copia\/\" \/>\n<meta property=\"og:locale\" content=\"fr_FR\" \/>\n<meta property=\"og:type\" content=\"article\" \/>\n<meta property=\"og:title\" content=\"21 novembre: Conf\u00e9rences - Sagardoaren Lurraldea\" \/>\n<meta property=\"og:description\" content=\"Conf\u00e9rences du 6e Sagard Forum:   Date: 21 novembre 2025 (Vendredi)  Heures: 08:30-13:30  Lieu: Instalations d\u00b4Erribera Kulturgunea \u00e0 Astigarraga (Kontxa Etxeberria plaza, 1. Astigarraga) (voir la localitation sur Google Maps)  Sujets: Pomme et Cidre: formation et commercialisation  Voir le programme des conf\u00e9rences techniques  *Les personnes qui ach\u00e8tent un billet ne le recevront pas par courriel, mais devront se rendre \u00e0 Erribera Kulturgunea le 21 novembre \u00e0 8 h 30 et indiquer leur nom.\" \/>\n<meta property=\"og:url\" content=\"https:\/\/sagardoarenlurraldea.eus\/fr\/product\/sagardo-forum-fr\/20-novembre-conferences-copia\/\" \/>\n<meta property=\"og:site_name\" content=\"Sagardoaren Lurraldea\" \/>\n<meta property=\"article:publisher\" content=\"https:\/\/www.facebook.com\/sagardoarenlurraldea\" \/>\n<meta property=\"article:modified_time\" content=\"2025-11-03T16:11:04+00:00\" \/>\n<meta property=\"og:image\" content=\"https:\/\/sagardoarenlurraldea.eus\/wp-content\/uploads\/2019\/09\/Hitzaldiak-398x391.jpg\" \/>\n\t<meta property=\"og:image:width\" content=\"398\" \/>\n\t<meta property=\"og:image:height\" content=\"391\" \/>\n\t<meta property=\"og:image:type\" content=\"image\/jpeg\" \/>\n<meta name=\"twitter:card\" content=\"summary_large_image\" \/>\n<meta name=\"twitter:label1\" content=\"Dur\u00e9e de lecture estim\u00e9e\" \/>\n\t<meta name=\"twitter:data1\" content=\"1 minute\" \/>\n<script type=\"application\/ld+json\" class=\"yoast-schema-graph\">{\"@context\":\"https:\/\/schema.org\",\"@graph\":[{\"@type\":\"WebPage\",\"@id\":\"https:\/\/sagardoarenlurraldea.eus\/fr\/product\/sagardo-forum-fr\/20-novembre-conferences-copia\/\",\"url\":\"https:\/\/sagardoarenlurraldea.eus\/fr\/product\/sagardo-forum-fr\/20-novembre-conferences-copia\/\",\"name\":\"21 novembre: Conf\u00e9rences - Sagardoaren Lurraldea\",\"isPartOf\":{\"@id\":\"https:\/\/sagardoarenlurraldea.eus\/fr\/#website\"},\"primaryImageOfPage\":{\"@id\":\"https:\/\/sagardoarenlurraldea.eus\/fr\/product\/sagardo-forum-fr\/20-novembre-conferences-copia\/#primaryimage\"},\"image\":{\"@id\":\"https:\/\/sagardoarenlurraldea.eus\/fr\/product\/sagardo-forum-fr\/20-novembre-conferences-copia\/#primaryimage\"},\"thumbnailUrl\":\"https:\/\/sagardoarenlurraldea.eus\/wp-content\/uploads\/2019\/09\/Hitzaldiak-398x391.jpg\",\"datePublished\":\"2025-10-24T08:53:55+00:00\",\"dateModified\":\"2025-11-03T16:11:04+00:00\",\"breadcrumb\":{\"@id\":\"https:\/\/sagardoarenlurraldea.eus\/fr\/product\/sagardo-forum-fr\/20-novembre-conferences-copia\/#breadcrumb\"},\"inLanguage\":\"fr-FR\",\"potentialAction\":[{\"@type\":\"ReadAction\",\"target\":[\"https:\/\/sagardoarenlurraldea.eus\/fr\/product\/sagardo-forum-fr\/20-novembre-conferences-copia\/\"]}]},{\"@type\":\"ImageObject\",\"inLanguage\":\"fr-FR\",\"@id\":\"https:\/\/sagardoarenlurraldea.eus\/fr\/product\/sagardo-forum-fr\/20-novembre-conferences-copia\/#primaryimage\",\"url\":\"https:\/\/sagardoarenlurraldea.eus\/wp-content\/uploads\/2019\/09\/Hitzaldiak-398x391.jpg\",\"contentUrl\":\"https:\/\/sagardoarenlurraldea.eus\/wp-content\/uploads\/2019\/09\/Hitzaldiak-398x391.jpg\",\"width\":398,\"height\":391},{\"@type\":\"BreadcrumbList\",\"@id\":\"https:\/\/sagardoarenlurraldea.eus\/fr\/product\/sagardo-forum-fr\/20-novembre-conferences-copia\/#breadcrumb\",\"itemListElement\":[{\"@type\":\"ListItem\",\"position\":1,\"name\":\"Inicio\",\"item\":\"https:\/\/sagardoarenlurraldea.eus\/fr\/\"},{\"@type\":\"ListItem\",\"position\":2,\"name\":\"R\u00e9servations\",\"item\":\"https:\/\/sagardoarenlurraldea.eus\/fr\/reservations\/\"},{\"@type\":\"ListItem\",\"position\":3,\"name\":\"21 novembre: Conf\u00e9rences\"}]},{\"@type\":\"WebSite\",\"@id\":\"https:\/\/sagardoarenlurraldea.eus\/fr\/#website\",\"url\":\"https:\/\/sagardoarenlurraldea.eus\/fr\/\",\"name\":\"Sagardoaren Lurraldea\",\"description\":\"El territorio de la sidra\",\"potentialAction\":[{\"@type\":\"SearchAction\",\"target\":{\"@type\":\"EntryPoint\",\"urlTemplate\":\"https:\/\/sagardoarenlurraldea.eus\/fr\/?s={search_term_string}\"},\"query-input\":{\"@type\":\"PropertyValueSpecification\",\"valueRequired\":true,\"valueName\":\"search_term_string\"}}],\"inLanguage\":\"fr-FR\"}]}<\/script>\n<!-- \/ Yoast SEO plugin. -->","yoast_head_json":{"title":"21 novembre: Conf\u00e9rences - Sagardoaren Lurraldea","robots":{"index":"index","follow":"follow","max-snippet":"max-snippet:-1","max-image-preview":"max-image-preview:large","max-video-preview":"max-video-preview:-1"},"canonical":"https:\/\/sagardoarenlurraldea.eus\/fr\/product\/sagardo-forum-fr\/20-novembre-conferences-copia\/","og_locale":"fr_FR","og_type":"article","og_title":"21 novembre: Conf\u00e9rences - Sagardoaren Lurraldea","og_description":"Conf\u00e9rences du 6e Sagard Forum:   Date: 21 novembre 2025 (Vendredi)  Heures: 08:30-13:30  Lieu: Instalations d\u00b4Erribera Kulturgunea \u00e0 Astigarraga (Kontxa Etxeberria plaza, 1. Astigarraga) (voir la localitation sur Google Maps)  Sujets: Pomme et Cidre: formation et commercialisation  Voir le programme des conf\u00e9rences techniques  *Les personnes qui ach\u00e8tent un billet ne le recevront pas par courriel, mais devront se rendre \u00e0 Erribera Kulturgunea le 21 novembre \u00e0 8 h 30 et indiquer leur nom.","og_url":"https:\/\/sagardoarenlurraldea.eus\/fr\/product\/sagardo-forum-fr\/20-novembre-conferences-copia\/","og_site_name":"Sagardoaren Lurraldea","article_publisher":"https:\/\/www.facebook.com\/sagardoarenlurraldea","article_modified_time":"2025-11-03T16:11:04+00:00","og_image":[{"width":398,"height":391,"url":"https:\/\/sagardoarenlurraldea.eus\/wp-content\/uploads\/2019\/09\/Hitzaldiak-398x391.jpg","type":"image\/jpeg"}],"twitter_card":"summary_large_image","twitter_misc":{"Dur\u00e9e de lecture estim\u00e9e":"1 minute"},"schema":{"@context":"https:\/\/schema.org","@graph":[{"@type":"WebPage","@id":"https:\/\/sagardoarenlurraldea.eus\/fr\/product\/sagardo-forum-fr\/20-novembre-conferences-copia\/","url":"https:\/\/sagardoarenlurraldea.eus\/fr\/product\/sagardo-forum-fr\/20-novembre-conferences-copia\/","name":"21 novembre: Conf\u00e9rences - Sagardoaren Lurraldea","isPartOf":{"@id":"https:\/\/sagardoarenlurraldea.eus\/fr\/#website"},"primaryImageOfPage":{"@id":"https:\/\/sagardoarenlurraldea.eus\/fr\/product\/sagardo-forum-fr\/20-novembre-conferences-copia\/#primaryimage"},"image":{"@id":"https:\/\/sagardoarenlurraldea.eus\/fr\/product\/sagardo-forum-fr\/20-novembre-conferences-copia\/#primaryimage"},"thumbnailUrl":"https:\/\/sagardoarenlurraldea.eus\/wp-content\/uploads\/2019\/09\/Hitzaldiak-398x391.jpg","datePublished":"2025-10-24T08:53:55+00:00","dateModified":"2025-11-03T16:11:04+00:00","breadcrumb":{"@id":"https:\/\/sagardoarenlurraldea.eus\/fr\/product\/sagardo-forum-fr\/20-novembre-conferences-copia\/#breadcrumb"},"inLanguage":"fr-FR","potentialAction":[{"@type":"ReadAction","target":["https:\/\/sagardoarenlurraldea.eus\/fr\/product\/sagardo-forum-fr\/20-novembre-conferences-copia\/"]}]},{"@type":"ImageObject","inLanguage":"fr-FR","@id":"https:\/\/sagardoarenlurraldea.eus\/fr\/product\/sagardo-forum-fr\/20-novembre-conferences-copia\/#primaryimage","url":"https:\/\/sagardoarenlurraldea.eus\/wp-content\/uploads\/2019\/09\/Hitzaldiak-398x391.jpg","contentUrl":"https:\/\/sagardoarenlurraldea.eus\/wp-content\/uploads\/2019\/09\/Hitzaldiak-398x391.jpg","width":398,"height":391},{"@type":"BreadcrumbList","@id":"https:\/\/sagardoarenlurraldea.eus\/fr\/product\/sagardo-forum-fr\/20-novembre-conferences-copia\/#breadcrumb","itemListElement":[{"@type":"ListItem","position":1,"name":"Inicio","item":"https:\/\/sagardoarenlurraldea.eus\/fr\/"},{"@type":"ListItem","position":2,"name":"R\u00e9servations","item":"https:\/\/sagardoarenlurraldea.eus\/fr\/reservations\/"},{"@type":"ListItem","position":3,"name":"21 novembre: Conf\u00e9rences"}]},{"@type":"WebSite","@id":"https:\/\/sagardoarenlurraldea.eus\/fr\/#website","url":"https:\/\/sagardoarenlurraldea.eus\/fr\/","name":"Sagardoaren Lurraldea","description":"El territorio de la sidra","potentialAction":[{"@type":"SearchAction","target":{"@type":"EntryPoint","urlTemplate":"https:\/\/sagardoarenlurraldea.eus\/fr\/?s={search_term_string}"},"query-input":{"@type":"PropertyValueSpecification","valueRequired":true,"valueName":"search_term_string"}}],"inLanguage":"fr-FR"}]}},"_links":{"self":[{"href":"https:\/\/sagardoarenlurraldea.eus\/fr\/wp-json\/wp\/v2\/product\/303918","targetHints":{"allow":["GET"]}}],"collection":[{"href":"https:\/\/sagardoarenlurraldea.eus\/fr\/wp-json\/wp\/v2\/product"}],"about":[{"href":"https:\/\/sagardoarenlurraldea.eus\/fr\/wp-json\/wp\/v2\/types\/product"}],"replies":[{"embeddable":true,"href":"https:\/\/sagardoarenlurraldea.eus\/fr\/wp-json\/wp\/v2\/comments?post=303918"}],"wp:featuredmedia":[{"embeddable":true,"href":"https:\/\/sagardoarenlurraldea.eus\/fr\/wp-json\/wp\/v2\/media\/120845"}],"wp:attachment":[{"href":"https:\/\/sagardoarenlurraldea.eus\/fr\/wp-json\/wp\/v2\/media?parent=303918"}],"wp:term":[{"taxonomy":"product_brand","embeddable":true,"href":"https:\/\/sagardoarenlurraldea.eus\/fr\/wp-json\/wp\/v2\/product_brand?post=303918"},{"taxonomy":"product_cat","embeddable":true,"href":"https:\/\/sagardoarenlurraldea.eus\/fr\/wp-json\/wp\/v2\/product_cat?post=303918"},{"taxonomy":"product_tag","embeddable":true,"href":"https:\/\/sagardoarenlurraldea.eus\/fr\/wp-json\/wp\/v2\/product_tag?post=303918"}],"curies":[{"name":"wp","href":"https:\/\/api.w.org\/{rel}","templated":true}]}}