{"id":298114,"date":"2026-02-08T16:13:21","date_gmt":"2023-07-18T14:13:21","guid":{"rendered":"https:\/\/sagardoarenlurraldea.eus\/reservar\/non%20class\u00e9\/goxocata\/"},"modified":"2026-03-16T17:04:58","modified_gmt":"2026-03-16T15:04:58","slug":"goxocata","status":"publish","type":"product","link":"https:\/\/sagardoarenlurraldea.eus\/fr\/product\/experiences-fr-2\/musee-et-cidrerie\/goxocata\/","title":{"rendered":"Goxokata, une exp\u00e9rience sensorielle"},"content":{"rendered":"<h2>Activit\u00e9s inclues dans l\u2019exp\u00e9rience<\/h2>\n<ul>\n<li><strong>D\u00e9gustation guid\u00e9e sp\u00e9ciale Goxokat<\/strong><strong>a<\/strong>:\n<ul>\n<li><strong>Analyse des ar\u00f4mes<\/strong> pour jouer avec l&rsquo;odorat, o\u00f9 14 essences aromatiques seront exp\u00e9riment\u00e9es.<\/li>\n<li><strong>D\u00e9gustation<\/strong> de cidre naturel avec du fromage Idiazabal, du cidre p\u00e9tillant aux pommes et aux noix et du cidre de glace Bizi-Goxo au chocolat sal\u00e9.<\/li>\n<\/ul>\n<\/li>\n<\/ul>\n<h2>Informations pratiques<\/h2>\n<ul>\n<li><strong>Horaires <\/strong>: de mardi \u00e0 dimanche \u00e0 12h00.<\/li>\n<li><strong>Dur\u00e9e <\/strong>: 1 heure<\/li>\n<li><strong>Quand venir?<\/strong> toute l&rsquo;ann\u00e9e.<\/li>\n<li><strong>Qui?<\/strong> mani\u00e8re individuelle, couples<\/li>\n<li><strong>Langues <\/strong>: espagnol, anglais, basque et fran\u00e7ais (sous r\u00e9servation).<\/li>\n<li><strong>Point de rendez-vous <\/strong>: Sagardoetxea, Mus\u00e9e du Cidre Basque (Kale Nagusia, 48 \u2013 Astigarraga). Coordonn\u00e9es GPS: 43.281204, -1.946554\u2033.<\/li>\n<li><strong>Comment arriver<\/strong> :\n<ul>\n<li>En vehicule propre : Parking au centre de Astigarraga (C\/ Nagusia) et dans la zone industrielle (C\/ Donostia ibilbidea). Distance depuis le (du)parking: 5-10 min.<\/li>\n<li>En bus de ligne : Depuis(De)Saint S\u00e9bastien (C\/ Okendo) et depuis (D\u00b4)Hernani (C\/ Txirrita): Lignes BU12 et BU13. <a href=\"http:\/\/www.lurraldebus.eus\">Voir horaires<\/a>. Distance depuis(de) l\u2019arr\u00eat : 5 min.<\/li>\n<\/ul>\n<\/li>\n<\/ul>\n<p><strong>AVIS IMPORTANT:<\/strong> lors de votre r\u00e9servation, vous ne recevrez pas vos billets par courriel. Votre r\u00e9servation a \u00e9t\u00e9 enregistr\u00e9e dans notre syst\u00e8me ; il vous suffit de vous pr\u00e9senter au point de rencontre le jour de l\u2019activit\u00e9 et de donner votre nom.<\/p>\n<p>&nbsp;<\/p>\n<h2>Tarifs<\/h2>\n<ul>\n<li><strong>Adultes <\/strong>: 12\u20ac<\/li>\n<\/ul>\n<h2>Le meilleur<\/h2>\n<ul>\n<li>D\u00e9couvrez et d\u00e9gustez diff\u00e9rents <strong>types de cidre<\/strong>.<\/li>\n<li>Profitez d&rsquo;une <strong>d\u00e9gustation gastronomique sp\u00e9ciale<\/strong>.<\/li>\n<li>Exp\u00e9rimentez avec les sens tels que <strong>l&rsquo;odorat<\/strong> et <strong>le go\u00fbt<\/strong>.<\/li>\n<\/ul>\n","protected":false},"excerpt":{"rendered":"<p><a href=\"https:\/\/sagardoarenlurraldea.eus\/fr\/le-musee-du-cidre\/sagardoetxea-le-musee\/\">Sagardoetxea<\/a> propose un voyage sp\u00e9cial \u00e0 travers des sens. Une d\u00e9gustation sp\u00e9ciale o\u00f9 nous jouerons avec les ar\u00f4mes et nous d\u00e9gusterons des produits gastronomiques de notre terre(produits du terroire) : du cidre naturel avec du fromage Idiazabal, du cidre p\u00e9tillant aux pommes et aux noix et du cidre de glace Bizi-Goxo au chocolat sal\u00e9.<\/p>\n<p>Une exp\u00e9rience sensorielle qui fait de Sagardoetxea bien plus qu&rsquo;un mus\u00e9e du cidre : un lieu o\u00f9 l&rsquo;on peut sentir, voir, go\u00fbter, toucher et appr\u00e9cier les cinq sens.<\/p>\n","protected":false},"featured_media":252284,"comment_status":"closed","ping_status":"closed","template":"","meta":{"_acf_changed":false,"_et_pb_use_builder":"","_et_pb_old_content":"","_et_gb_content_width":""},"product_brand":[],"product_cat":[2023,2668],"product_tag":[2647,3757,2628,3601],"class_list":{"0":"post-298114","1":"product","2":"type-product","3":"status-publish","4":"has-post-thumbnail","6":"product_cat-experiences-fr-2","7":"product_cat-musee-et-cidrerie","8":"product_tag-disponible-toute-lannee","9":"product_tag-goxocata-fr","10":"product_tag-le-matin","11":"product_tag-sagardoetxea-fr","12":"dtwm_map-sagardoetxea-fr","14":"first","15":"instock","16":"virtual","17":"sold-individually","18":"purchasable","19":"product-type-booking"},"exclude_global_add_ons":false,"addons":[{"name":"Visita guiada","type":"select","position":0,"required":false,"title_format":"label","default":"","description_enable":false,"description":"","placeholder_enable":false,"placeholder":"","display":"select","restrictions_type":"any_text","adjust_price":false,"price":"","price_type":"flat_fee","restrictions":false,"min":"0","max":"0","options":[],"id":1770633884}],"acf":[],"yoast_head":"<!-- This site is optimized with the Yoast SEO plugin v25.4 - https:\/\/yoast.com\/wordpress\/plugins\/seo\/ -->\n<title>Goxokata, une exp\u00e9rience sensorielle - Sagardoaren Lurraldea<\/title>\n<meta name=\"robots\" content=\"index, follow, max-snippet:-1, max-image-preview:large, max-video-preview:-1\" \/>\n<link rel=\"canonical\" href=\"https:\/\/sagardoarenlurraldea.eus\/fr\/product\/experiences-fr-2\/musee-et-cidrerie\/goxocata\/\" \/>\n<meta property=\"og:locale\" content=\"fr_FR\" \/>\n<meta property=\"og:type\" content=\"article\" \/>\n<meta property=\"og:title\" content=\"Goxokata, une exp\u00e9rience sensorielle - Sagardoaren Lurraldea\" \/>\n<meta property=\"og:description\" content=\"Sagardoetxea propose un voyage sp\u00e9cial \u00e0 travers des sens. Une d\u00e9gustation sp\u00e9ciale o\u00f9 nous jouerons avec les ar\u00f4mes et nous d\u00e9gusterons des produits gastronomiques de notre terre(produits du terroire) : du cidre naturel avec du fromage Idiazabal, du cidre p\u00e9tillant aux pommes et aux noix et du cidre de glace Bizi-Goxo au chocolat sal\u00e9.  Une exp\u00e9rience sensorielle qui fait de Sagardoetxea bien plus qu&#039;un mus\u00e9e du cidre : un lieu o\u00f9 l&#039;on peut sentir, voir, go\u00fbter, toucher et appr\u00e9cier les cinq sens.\" \/>\n<meta property=\"og:url\" content=\"https:\/\/sagardoarenlurraldea.eus\/fr\/product\/experiences-fr-2\/musee-et-cidrerie\/goxocata\/\" \/>\n<meta property=\"og:site_name\" content=\"Sagardoaren Lurraldea\" \/>\n<meta property=\"article:publisher\" content=\"https:\/\/www.facebook.com\/sagardoarenlurraldea\" \/>\n<meta property=\"article:modified_time\" content=\"2026-03-16T15:04:58+00:00\" \/>\n<meta property=\"og:image\" content=\"https:\/\/sagardoarenlurraldea.eus\/wp-content\/uploads\/2023\/07\/EXPGOXOKATA-01-scaled.jpg\" \/>\n\t<meta property=\"og:image:width\" content=\"1707\" \/>\n\t<meta property=\"og:image:height\" content=\"2560\" \/>\n\t<meta property=\"og:image:type\" content=\"image\/jpeg\" \/>\n<meta name=\"twitter:card\" content=\"summary_large_image\" \/>\n<meta name=\"twitter:label1\" content=\"Dur\u00e9e de lecture estim\u00e9e\" \/>\n\t<meta name=\"twitter:data1\" content=\"1 minute\" \/>\n<script type=\"application\/ld+json\" class=\"yoast-schema-graph\">{\"@context\":\"https:\/\/schema.org\",\"@graph\":[{\"@type\":\"WebPage\",\"@id\":\"https:\/\/sagardoarenlurraldea.eus\/fr\/product\/experiences-fr-2\/musee-et-cidrerie\/goxocata\/\",\"url\":\"https:\/\/sagardoarenlurraldea.eus\/fr\/product\/experiences-fr-2\/musee-et-cidrerie\/goxocata\/\",\"name\":\"Goxokata, une exp\u00e9rience sensorielle - Sagardoaren Lurraldea\",\"isPartOf\":{\"@id\":\"https:\/\/sagardoarenlurraldea.eus\/fr\/#website\"},\"primaryImageOfPage\":{\"@id\":\"https:\/\/sagardoarenlurraldea.eus\/fr\/product\/experiences-fr-2\/musee-et-cidrerie\/goxocata\/#primaryimage\"},\"image\":{\"@id\":\"https:\/\/sagardoarenlurraldea.eus\/fr\/product\/experiences-fr-2\/musee-et-cidrerie\/goxocata\/#primaryimage\"},\"thumbnailUrl\":\"https:\/\/sagardoarenlurraldea.eus\/wp-content\/uploads\/2023\/07\/EXPGOXOKATA-01-scaled.jpg\",\"datePublished\":\"2023-07-18T14:13:21+00:00\",\"dateModified\":\"2026-03-16T15:04:58+00:00\",\"breadcrumb\":{\"@id\":\"https:\/\/sagardoarenlurraldea.eus\/fr\/product\/experiences-fr-2\/musee-et-cidrerie\/goxocata\/#breadcrumb\"},\"inLanguage\":\"fr-FR\",\"potentialAction\":[{\"@type\":\"ReadAction\",\"target\":[\"https:\/\/sagardoarenlurraldea.eus\/fr\/product\/experiences-fr-2\/musee-et-cidrerie\/goxocata\/\"]}]},{\"@type\":\"ImageObject\",\"inLanguage\":\"fr-FR\",\"@id\":\"https:\/\/sagardoarenlurraldea.eus\/fr\/product\/experiences-fr-2\/musee-et-cidrerie\/goxocata\/#primaryimage\",\"url\":\"https:\/\/sagardoarenlurraldea.eus\/wp-content\/uploads\/2023\/07\/EXPGOXOKATA-01-scaled.jpg\",\"contentUrl\":\"https:\/\/sagardoarenlurraldea.eus\/wp-content\/uploads\/2023\/07\/EXPGOXOKATA-01-scaled.jpg\",\"width\":1707,\"height\":2560},{\"@type\":\"BreadcrumbList\",\"@id\":\"https:\/\/sagardoarenlurraldea.eus\/fr\/product\/experiences-fr-2\/musee-et-cidrerie\/goxocata\/#breadcrumb\",\"itemListElement\":[{\"@type\":\"ListItem\",\"position\":1,\"name\":\"Inicio\",\"item\":\"https:\/\/sagardoarenlurraldea.eus\/fr\/\"},{\"@type\":\"ListItem\",\"position\":2,\"name\":\"R\u00e9servations\",\"item\":\"https:\/\/sagardoarenlurraldea.eus\/fr\/reservations\/\"},{\"@type\":\"ListItem\",\"position\":3,\"name\":\"Goxokata, une exp\u00e9rience sensorielle\"}]},{\"@type\":\"WebSite\",\"@id\":\"https:\/\/sagardoarenlurraldea.eus\/fr\/#website\",\"url\":\"https:\/\/sagardoarenlurraldea.eus\/fr\/\",\"name\":\"Sagardoaren Lurraldea\",\"description\":\"El territorio de la sidra\",\"potentialAction\":[{\"@type\":\"SearchAction\",\"target\":{\"@type\":\"EntryPoint\",\"urlTemplate\":\"https:\/\/sagardoarenlurraldea.eus\/fr\/?s={search_term_string}\"},\"query-input\":{\"@type\":\"PropertyValueSpecification\",\"valueRequired\":true,\"valueName\":\"search_term_string\"}}],\"inLanguage\":\"fr-FR\"}]}<\/script>\n<!-- \/ Yoast SEO plugin. -->","yoast_head_json":{"title":"Goxokata, une exp\u00e9rience sensorielle - Sagardoaren Lurraldea","robots":{"index":"index","follow":"follow","max-snippet":"max-snippet:-1","max-image-preview":"max-image-preview:large","max-video-preview":"max-video-preview:-1"},"canonical":"https:\/\/sagardoarenlurraldea.eus\/fr\/product\/experiences-fr-2\/musee-et-cidrerie\/goxocata\/","og_locale":"fr_FR","og_type":"article","og_title":"Goxokata, une exp\u00e9rience sensorielle - Sagardoaren Lurraldea","og_description":"Sagardoetxea propose un voyage sp\u00e9cial \u00e0 travers des sens. Une d\u00e9gustation sp\u00e9ciale o\u00f9 nous jouerons avec les ar\u00f4mes et nous d\u00e9gusterons des produits gastronomiques de notre terre(produits du terroire) : du cidre naturel avec du fromage Idiazabal, du cidre p\u00e9tillant aux pommes et aux noix et du cidre de glace Bizi-Goxo au chocolat sal\u00e9.  Une exp\u00e9rience sensorielle qui fait de Sagardoetxea bien plus qu'un mus\u00e9e du cidre : un lieu o\u00f9 l'on peut sentir, voir, go\u00fbter, toucher et appr\u00e9cier les cinq sens.","og_url":"https:\/\/sagardoarenlurraldea.eus\/fr\/product\/experiences-fr-2\/musee-et-cidrerie\/goxocata\/","og_site_name":"Sagardoaren Lurraldea","article_publisher":"https:\/\/www.facebook.com\/sagardoarenlurraldea","article_modified_time":"2026-03-16T15:04:58+00:00","og_image":[{"width":1707,"height":2560,"url":"https:\/\/sagardoarenlurraldea.eus\/wp-content\/uploads\/2023\/07\/EXPGOXOKATA-01-scaled.jpg","type":"image\/jpeg"}],"twitter_card":"summary_large_image","twitter_misc":{"Dur\u00e9e de lecture estim\u00e9e":"1 minute"},"schema":{"@context":"https:\/\/schema.org","@graph":[{"@type":"WebPage","@id":"https:\/\/sagardoarenlurraldea.eus\/fr\/product\/experiences-fr-2\/musee-et-cidrerie\/goxocata\/","url":"https:\/\/sagardoarenlurraldea.eus\/fr\/product\/experiences-fr-2\/musee-et-cidrerie\/goxocata\/","name":"Goxokata, une exp\u00e9rience sensorielle - Sagardoaren Lurraldea","isPartOf":{"@id":"https:\/\/sagardoarenlurraldea.eus\/fr\/#website"},"primaryImageOfPage":{"@id":"https:\/\/sagardoarenlurraldea.eus\/fr\/product\/experiences-fr-2\/musee-et-cidrerie\/goxocata\/#primaryimage"},"image":{"@id":"https:\/\/sagardoarenlurraldea.eus\/fr\/product\/experiences-fr-2\/musee-et-cidrerie\/goxocata\/#primaryimage"},"thumbnailUrl":"https:\/\/sagardoarenlurraldea.eus\/wp-content\/uploads\/2023\/07\/EXPGOXOKATA-01-scaled.jpg","datePublished":"2023-07-18T14:13:21+00:00","dateModified":"2026-03-16T15:04:58+00:00","breadcrumb":{"@id":"https:\/\/sagardoarenlurraldea.eus\/fr\/product\/experiences-fr-2\/musee-et-cidrerie\/goxocata\/#breadcrumb"},"inLanguage":"fr-FR","potentialAction":[{"@type":"ReadAction","target":["https:\/\/sagardoarenlurraldea.eus\/fr\/product\/experiences-fr-2\/musee-et-cidrerie\/goxocata\/"]}]},{"@type":"ImageObject","inLanguage":"fr-FR","@id":"https:\/\/sagardoarenlurraldea.eus\/fr\/product\/experiences-fr-2\/musee-et-cidrerie\/goxocata\/#primaryimage","url":"https:\/\/sagardoarenlurraldea.eus\/wp-content\/uploads\/2023\/07\/EXPGOXOKATA-01-scaled.jpg","contentUrl":"https:\/\/sagardoarenlurraldea.eus\/wp-content\/uploads\/2023\/07\/EXPGOXOKATA-01-scaled.jpg","width":1707,"height":2560},{"@type":"BreadcrumbList","@id":"https:\/\/sagardoarenlurraldea.eus\/fr\/product\/experiences-fr-2\/musee-et-cidrerie\/goxocata\/#breadcrumb","itemListElement":[{"@type":"ListItem","position":1,"name":"Inicio","item":"https:\/\/sagardoarenlurraldea.eus\/fr\/"},{"@type":"ListItem","position":2,"name":"R\u00e9servations","item":"https:\/\/sagardoarenlurraldea.eus\/fr\/reservations\/"},{"@type":"ListItem","position":3,"name":"Goxokata, une exp\u00e9rience sensorielle"}]},{"@type":"WebSite","@id":"https:\/\/sagardoarenlurraldea.eus\/fr\/#website","url":"https:\/\/sagardoarenlurraldea.eus\/fr\/","name":"Sagardoaren Lurraldea","description":"El territorio de la sidra","potentialAction":[{"@type":"SearchAction","target":{"@type":"EntryPoint","urlTemplate":"https:\/\/sagardoarenlurraldea.eus\/fr\/?s={search_term_string}"},"query-input":{"@type":"PropertyValueSpecification","valueRequired":true,"valueName":"search_term_string"}}],"inLanguage":"fr-FR"}]}},"_links":{"self":[{"href":"https:\/\/sagardoarenlurraldea.eus\/fr\/wp-json\/wp\/v2\/product\/298114","targetHints":{"allow":["GET"]}}],"collection":[{"href":"https:\/\/sagardoarenlurraldea.eus\/fr\/wp-json\/wp\/v2\/product"}],"about":[{"href":"https:\/\/sagardoarenlurraldea.eus\/fr\/wp-json\/wp\/v2\/types\/product"}],"replies":[{"embeddable":true,"href":"https:\/\/sagardoarenlurraldea.eus\/fr\/wp-json\/wp\/v2\/comments?post=298114"}],"wp:featuredmedia":[{"embeddable":true,"href":"https:\/\/sagardoarenlurraldea.eus\/fr\/wp-json\/wp\/v2\/media\/252284"}],"wp:attachment":[{"href":"https:\/\/sagardoarenlurraldea.eus\/fr\/wp-json\/wp\/v2\/media?parent=298114"}],"wp:term":[{"taxonomy":"product_brand","embeddable":true,"href":"https:\/\/sagardoarenlurraldea.eus\/fr\/wp-json\/wp\/v2\/product_brand?post=298114"},{"taxonomy":"product_cat","embeddable":true,"href":"https:\/\/sagardoarenlurraldea.eus\/fr\/wp-json\/wp\/v2\/product_cat?post=298114"},{"taxonomy":"product_tag","embeddable":true,"href":"https:\/\/sagardoarenlurraldea.eus\/fr\/wp-json\/wp\/v2\/product_tag?post=298114"}],"curies":[{"name":"wp","href":"https:\/\/api.w.org\/{rel}","templated":true}]}}