{"id":27270,"date":"2016-10-28T16:14:59","date_gmt":"2016-10-28T14:14:59","guid":{"rendered":"http:\/\/www.sagardoarenlurraldea.eus\/reservar\/sin%20categorizar\/entrada-escolares\/"},"modified":"2026-03-10T18:07:22","modified_gmt":"2026-03-10T16:07:22","slug":"entrees-escolaires","status":"publish","type":"product","link":"https:\/\/sagardoarenlurraldea.eus\/fr\/product\/musee\/entrees-escolaires\/","title":{"rendered":"Entrees escolaires"},"content":{"rendered":"<h2>Activit\u00e9s inclues dans l\u2019exp\u00e9rience<\/h2>\n<ul>\n<li>Visite guid\u00e9e du champ de pommiers, o\u00f9 l\u2019on peut appr\u00e9cier de fa\u00e7on dynamique et p\u00e9dagogique la culture de la pomme. Durant la visite du champ de pommiers on effectuera le ramassage avec Kizkia et un pressage, ainsi que les activit\u00e9s disponibles selon l\u2019\u00e9poque de l\u2019ann\u00e9e.\n<ul>\n<li>Au printemps : \u00ab pommiers en fleur \u00bb. La pollinisation, le monde des abeilles, les maladies des pommiers.<\/li>\n<li>En automne : \u00ab Ramassage des pommes \u00bb. D\u00e9gustation de pommes de cidre et r\u00e9alisation du proc\u00e9ssus complet de l\u2019\u00e9laboration du mosto de pomme : ramassage, pressage, et d\u00e9gustation. Analyse du mosto \u00e9labor\u00e9 : densit\u00e9, bact\u00e9ries, levures\u2026<\/li>\n<li>En hiver : \u00ab le temps de semer \u00bb : semer les graines, formation des pommiers et greffes.<\/li>\n<\/ul>\n<\/li>\n<li>Visite guid\u00e9e de l\u2019espace Mus\u00e9al de Sagardoetxea.<\/li>\n<\/ul>\n<h2 style=\"margin-top: 20px;\">Horaires<\/h2>\n<ul>\n<li>Ferm\u00e9 le lundi.<\/li>\n<li>De mardi \u00e0 vendredi de 11:00-13:30 et 16:00-19:30.<\/li>\n<li>Consulter les autres horaires pour les scolaires.<\/li>\n<\/ul>\n<h2>Dur\u00e9e<\/h2>\n<ul>\n<li>1 heure<\/li>\n<\/ul>\n<h2>Quand?<\/h2>\n<ul>\n<li><span id=\"result_box\" class=\"short_text\" lang=\"fr\"><span class=\"\">Septembre-juin<\/span><\/span><\/li>\n<\/ul>\n<h2>Qui?<\/h2>\n<ul>\n<li>Groupes<\/li>\n<\/ul>\n<h2>Langues<\/h2>\n<ul>\n<li>Espagnol, basque, fran\u00e7ais et anglais. <strong>(Toujours sur r\u00e9servation pr\u00e9alable)<\/strong><\/li>\n<\/ul>\n<h2>Point de rendez-vous<\/h2>\n<ul>\n<li>Sagardoetxea, Mus\u00e9e du Cidre Basque (Kale Nagusia, 48 \u2013 Astigarraga).<\/li>\n<li>Coordonn\u00e9es GPS: 43.281204, -1.946554\u2033.<\/li>\n<\/ul>\n<p><strong>AVIS IMPORTANT:<\/strong> Lors de votre r\u00e9servation, vous ne recevrez pas vos billets par courriel. Votre r\u00e9servation a \u00e9t\u00e9 enregistr\u00e9e dans notre syst\u00e8me ; il vous suffit de vous pr\u00e9senter au point de rencontre le jour de l\u2019activit\u00e9 et de donner votre nom.<\/p>\n<p>&nbsp;<\/p>\n<h2>Comment arriver<\/h2>\n<ul>\n<li>En vehicule propre : Parking au centre de Astigarraga (C\/ Nagusia) et dans la zone industrielle (C\/ Donostia ibilbidea). Distance depuis le parking: 5-10 min.<\/li>\n<li>En bus de ligne : Depuis Saint S\u00e9bastien (C\/ Okendo) et depuis Hernani (C\/ Txirrita): Lignes BU12 y BU13. <a href=\"http:\/\/www.lurraldebus.eus\">Voir horaires<\/a>. Distance depuis l\u2019arr\u00eat : 5 min.<\/li>\n<\/ul>\n<h2>Le plus<\/h2>\n<ul>\n<li>Connaitre et pratiquer le Basque dans un contexte rural en relation avec la culture du cidre.<\/li>\n<li>Visiter un espace didactique et contact avec la nature.<\/li>\n<li>Apprendre les secrets qui accompagnent une d\u00e9gustation de cidre au txotx.<\/li>\n<\/ul>\n","protected":false},"excerpt":{"rendered":"<p>Les centres scolaires disposent d\u2019une offre sp\u00e9ciale. Visites guid\u00e9es sp\u00e9cialement adapt\u00e9es \u00e0 l\u2019\u00e2ge des groupes et aux activit\u00e9s propos\u00e9es en fonction de l\u2019\u00e9poque de l\u2019ann\u00e9e. Sagardoetxea a \u00e9dit\u00e9 un mat\u00e9riel didactique sp\u00e9cifique au scolaire de primaire et coll\u00e8ge. Pour plus d\u2019informations sur cette \u00e9dition contactez-nous par e-mail \u00e0 <a href=\"mailto:info@sagardoetxea.eus\">info@sagardoetxea.eus<\/a>.<\/p>\n<p>&nbsp;<\/p>\n<ul>\n<li><strong>El\u00e8ves (jusqu\u2019\u00e0 17ans) : 3\u20ac<\/strong> (inclue visite guid\u00e9e)<\/li>\n<li>Les <strong>professeurs<\/strong> qui accompagnent les groupes scolaires b\u00e9n\u00e9ficient de<strong> l\u2019entr\u00e9e gratuite<\/strong>.<\/li>\n<\/ul>\n","protected":false},"featured_media":13036,"comment_status":"closed","ping_status":"closed","template":"","meta":{"_acf_changed":false,"_et_pb_use_builder":"","_et_pb_old_content":"","_et_gb_content_width":""},"product_brand":[],"product_cat":[2705,2087],"product_tag":[2647,2628,2621],"class_list":{"0":"post-27270","1":"product","2":"type-product","3":"status-publish","4":"has-post-thumbnail","6":"product_cat-entrees","7":"product_cat-musee","8":"product_tag-disponible-toute-lannee","9":"product_tag-le-matin","10":"product_tag-lapres-midi","11":"dtwm_map-sagardoetxea-fr","13":"first","14":"instock","15":"virtual","16":"sold-individually","17":"purchasable","18":"product-type-booking"},"exclude_global_add_ons":false,"addons":[{"name":"Visite guid\u00e9e","type":"select","position":0,"required":false,"title_format":"label","default":"","description_enable":false,"description":"","placeholder_enable":false,"placeholder":"","display":"select","restrictions_type":"any_text","adjust_price":false,"price":"","price_type":"flat_fee","restrictions":false,"min":"0","max":"0","options":[],"id":1773166040}],"acf":[],"yoast_head":"<!-- This site is optimized with the Yoast SEO plugin v25.4 - https:\/\/yoast.com\/wordpress\/plugins\/seo\/ -->\n<title>Entrees escolaires - Sagardoaren Lurraldea<\/title>\n<meta name=\"robots\" content=\"index, follow, max-snippet:-1, max-image-preview:large, max-video-preview:-1\" \/>\n<link rel=\"canonical\" href=\"https:\/\/sagardoarenlurraldea.eus\/fr\/product\/musee\/entrees-escolaires\/\" \/>\n<meta property=\"og:locale\" content=\"fr_FR\" \/>\n<meta property=\"og:type\" content=\"article\" \/>\n<meta property=\"og:title\" content=\"Entrees escolaires - Sagardoaren Lurraldea\" \/>\n<meta property=\"og:description\" content=\"Les centres scolaires disposent d\u2019une offre sp\u00e9ciale. Visites guid\u00e9es sp\u00e9cialement adapt\u00e9es \u00e0 l\u2019\u00e2ge des groupes et aux activit\u00e9s propos\u00e9es en fonction de l\u2019\u00e9poque de l\u2019ann\u00e9e. Sagardoetxea a \u00e9dit\u00e9 un mat\u00e9riel didactique sp\u00e9cifique au scolaire de primaire et coll\u00e8ge. Pour plus d\u2019informations sur cette \u00e9dition contactez-nous par e-mail \u00e0 info@sagardoetxea.eus.  &nbsp;   El\u00e8ves (jusqu\u2019\u00e0 17ans) : 3\u20ac (inclue visite guid\u00e9e)  Les professeurs qui accompagnent les groupes scolaires b\u00e9n\u00e9ficient de l\u2019entr\u00e9e gratuite.\" \/>\n<meta property=\"og:url\" content=\"https:\/\/sagardoarenlurraldea.eus\/fr\/product\/musee\/entrees-escolaires\/\" \/>\n<meta property=\"og:site_name\" content=\"Sagardoaren Lurraldea\" \/>\n<meta property=\"article:publisher\" content=\"https:\/\/www.facebook.com\/sagardoarenlurraldea\" \/>\n<meta property=\"article:modified_time\" content=\"2026-03-10T16:07:22+00:00\" \/>\n<meta property=\"og:image\" content=\"https:\/\/sagardoarenlurraldea.eus\/wp-content\/uploads\/2016\/10\/EXPMUSEOIKASTOLA-F00.jpg\" \/>\n\t<meta property=\"og:image:width\" content=\"900\" \/>\n\t<meta property=\"og:image:height\" content=\"600\" \/>\n\t<meta property=\"og:image:type\" content=\"image\/jpeg\" \/>\n<meta name=\"twitter:card\" content=\"summary_large_image\" \/>\n<meta name=\"twitter:label1\" content=\"Dur\u00e9e de lecture estim\u00e9e\" \/>\n\t<meta name=\"twitter:data1\" content=\"2 minutes\" \/>\n<script type=\"application\/ld+json\" class=\"yoast-schema-graph\">{\"@context\":\"https:\/\/schema.org\",\"@graph\":[{\"@type\":\"WebPage\",\"@id\":\"https:\/\/sagardoarenlurraldea.eus\/fr\/product\/musee\/entrees-escolaires\/\",\"url\":\"https:\/\/sagardoarenlurraldea.eus\/fr\/product\/musee\/entrees-escolaires\/\",\"name\":\"Entrees escolaires - Sagardoaren Lurraldea\",\"isPartOf\":{\"@id\":\"https:\/\/sagardoarenlurraldea.eus\/fr\/#website\"},\"primaryImageOfPage\":{\"@id\":\"https:\/\/sagardoarenlurraldea.eus\/fr\/product\/musee\/entrees-escolaires\/#primaryimage\"},\"image\":{\"@id\":\"https:\/\/sagardoarenlurraldea.eus\/fr\/product\/musee\/entrees-escolaires\/#primaryimage\"},\"thumbnailUrl\":\"https:\/\/sagardoarenlurraldea.eus\/wp-content\/uploads\/2016\/10\/EXPMUSEOIKASTOLA-F00.jpg\",\"datePublished\":\"2016-10-28T14:14:59+00:00\",\"dateModified\":\"2026-03-10T16:07:22+00:00\",\"breadcrumb\":{\"@id\":\"https:\/\/sagardoarenlurraldea.eus\/fr\/product\/musee\/entrees-escolaires\/#breadcrumb\"},\"inLanguage\":\"fr-FR\",\"potentialAction\":[{\"@type\":\"ReadAction\",\"target\":[\"https:\/\/sagardoarenlurraldea.eus\/fr\/product\/musee\/entrees-escolaires\/\"]}]},{\"@type\":\"ImageObject\",\"inLanguage\":\"fr-FR\",\"@id\":\"https:\/\/sagardoarenlurraldea.eus\/fr\/product\/musee\/entrees-escolaires\/#primaryimage\",\"url\":\"https:\/\/sagardoarenlurraldea.eus\/wp-content\/uploads\/2016\/10\/EXPMUSEOIKASTOLA-F00.jpg\",\"contentUrl\":\"https:\/\/sagardoarenlurraldea.eus\/wp-content\/uploads\/2016\/10\/EXPMUSEOIKASTOLA-F00.jpg\",\"width\":900,\"height\":600},{\"@type\":\"BreadcrumbList\",\"@id\":\"https:\/\/sagardoarenlurraldea.eus\/fr\/product\/musee\/entrees-escolaires\/#breadcrumb\",\"itemListElement\":[{\"@type\":\"ListItem\",\"position\":1,\"name\":\"Inicio\",\"item\":\"https:\/\/sagardoarenlurraldea.eus\/fr\/\"},{\"@type\":\"ListItem\",\"position\":2,\"name\":\"R\u00e9servations\",\"item\":\"https:\/\/sagardoarenlurraldea.eus\/fr\/reservations\/\"},{\"@type\":\"ListItem\",\"position\":3,\"name\":\"Entrees escolaires\"}]},{\"@type\":\"WebSite\",\"@id\":\"https:\/\/sagardoarenlurraldea.eus\/fr\/#website\",\"url\":\"https:\/\/sagardoarenlurraldea.eus\/fr\/\",\"name\":\"Sagardoaren Lurraldea\",\"description\":\"El territorio de la sidra\",\"potentialAction\":[{\"@type\":\"SearchAction\",\"target\":{\"@type\":\"EntryPoint\",\"urlTemplate\":\"https:\/\/sagardoarenlurraldea.eus\/fr\/?s={search_term_string}\"},\"query-input\":{\"@type\":\"PropertyValueSpecification\",\"valueRequired\":true,\"valueName\":\"search_term_string\"}}],\"inLanguage\":\"fr-FR\"}]}<\/script>\n<!-- \/ Yoast SEO plugin. -->","yoast_head_json":{"title":"Entrees escolaires - Sagardoaren Lurraldea","robots":{"index":"index","follow":"follow","max-snippet":"max-snippet:-1","max-image-preview":"max-image-preview:large","max-video-preview":"max-video-preview:-1"},"canonical":"https:\/\/sagardoarenlurraldea.eus\/fr\/product\/musee\/entrees-escolaires\/","og_locale":"fr_FR","og_type":"article","og_title":"Entrees escolaires - Sagardoaren Lurraldea","og_description":"Les centres scolaires disposent d\u2019une offre sp\u00e9ciale. Visites guid\u00e9es sp\u00e9cialement adapt\u00e9es \u00e0 l\u2019\u00e2ge des groupes et aux activit\u00e9s propos\u00e9es en fonction de l\u2019\u00e9poque de l\u2019ann\u00e9e. Sagardoetxea a \u00e9dit\u00e9 un mat\u00e9riel didactique sp\u00e9cifique au scolaire de primaire et coll\u00e8ge. Pour plus d\u2019informations sur cette \u00e9dition contactez-nous par e-mail \u00e0 info@sagardoetxea.eus.  &nbsp;   El\u00e8ves (jusqu\u2019\u00e0 17ans) : 3\u20ac (inclue visite guid\u00e9e)  Les professeurs qui accompagnent les groupes scolaires b\u00e9n\u00e9ficient de l\u2019entr\u00e9e gratuite.","og_url":"https:\/\/sagardoarenlurraldea.eus\/fr\/product\/musee\/entrees-escolaires\/","og_site_name":"Sagardoaren Lurraldea","article_publisher":"https:\/\/www.facebook.com\/sagardoarenlurraldea","article_modified_time":"2026-03-10T16:07:22+00:00","og_image":[{"width":900,"height":600,"url":"https:\/\/sagardoarenlurraldea.eus\/wp-content\/uploads\/2016\/10\/EXPMUSEOIKASTOLA-F00.jpg","type":"image\/jpeg"}],"twitter_card":"summary_large_image","twitter_misc":{"Dur\u00e9e de lecture estim\u00e9e":"2 minutes"},"schema":{"@context":"https:\/\/schema.org","@graph":[{"@type":"WebPage","@id":"https:\/\/sagardoarenlurraldea.eus\/fr\/product\/musee\/entrees-escolaires\/","url":"https:\/\/sagardoarenlurraldea.eus\/fr\/product\/musee\/entrees-escolaires\/","name":"Entrees escolaires - Sagardoaren Lurraldea","isPartOf":{"@id":"https:\/\/sagardoarenlurraldea.eus\/fr\/#website"},"primaryImageOfPage":{"@id":"https:\/\/sagardoarenlurraldea.eus\/fr\/product\/musee\/entrees-escolaires\/#primaryimage"},"image":{"@id":"https:\/\/sagardoarenlurraldea.eus\/fr\/product\/musee\/entrees-escolaires\/#primaryimage"},"thumbnailUrl":"https:\/\/sagardoarenlurraldea.eus\/wp-content\/uploads\/2016\/10\/EXPMUSEOIKASTOLA-F00.jpg","datePublished":"2016-10-28T14:14:59+00:00","dateModified":"2026-03-10T16:07:22+00:00","breadcrumb":{"@id":"https:\/\/sagardoarenlurraldea.eus\/fr\/product\/musee\/entrees-escolaires\/#breadcrumb"},"inLanguage":"fr-FR","potentialAction":[{"@type":"ReadAction","target":["https:\/\/sagardoarenlurraldea.eus\/fr\/product\/musee\/entrees-escolaires\/"]}]},{"@type":"ImageObject","inLanguage":"fr-FR","@id":"https:\/\/sagardoarenlurraldea.eus\/fr\/product\/musee\/entrees-escolaires\/#primaryimage","url":"https:\/\/sagardoarenlurraldea.eus\/wp-content\/uploads\/2016\/10\/EXPMUSEOIKASTOLA-F00.jpg","contentUrl":"https:\/\/sagardoarenlurraldea.eus\/wp-content\/uploads\/2016\/10\/EXPMUSEOIKASTOLA-F00.jpg","width":900,"height":600},{"@type":"BreadcrumbList","@id":"https:\/\/sagardoarenlurraldea.eus\/fr\/product\/musee\/entrees-escolaires\/#breadcrumb","itemListElement":[{"@type":"ListItem","position":1,"name":"Inicio","item":"https:\/\/sagardoarenlurraldea.eus\/fr\/"},{"@type":"ListItem","position":2,"name":"R\u00e9servations","item":"https:\/\/sagardoarenlurraldea.eus\/fr\/reservations\/"},{"@type":"ListItem","position":3,"name":"Entrees escolaires"}]},{"@type":"WebSite","@id":"https:\/\/sagardoarenlurraldea.eus\/fr\/#website","url":"https:\/\/sagardoarenlurraldea.eus\/fr\/","name":"Sagardoaren Lurraldea","description":"El territorio de la sidra","potentialAction":[{"@type":"SearchAction","target":{"@type":"EntryPoint","urlTemplate":"https:\/\/sagardoarenlurraldea.eus\/fr\/?s={search_term_string}"},"query-input":{"@type":"PropertyValueSpecification","valueRequired":true,"valueName":"search_term_string"}}],"inLanguage":"fr-FR"}]}},"_links":{"self":[{"href":"https:\/\/sagardoarenlurraldea.eus\/fr\/wp-json\/wp\/v2\/product\/27270","targetHints":{"allow":["GET"]}}],"collection":[{"href":"https:\/\/sagardoarenlurraldea.eus\/fr\/wp-json\/wp\/v2\/product"}],"about":[{"href":"https:\/\/sagardoarenlurraldea.eus\/fr\/wp-json\/wp\/v2\/types\/product"}],"replies":[{"embeddable":true,"href":"https:\/\/sagardoarenlurraldea.eus\/fr\/wp-json\/wp\/v2\/comments?post=27270"}],"wp:featuredmedia":[{"embeddable":true,"href":"https:\/\/sagardoarenlurraldea.eus\/fr\/wp-json\/wp\/v2\/media\/13036"}],"wp:attachment":[{"href":"https:\/\/sagardoarenlurraldea.eus\/fr\/wp-json\/wp\/v2\/media?parent=27270"}],"wp:term":[{"taxonomy":"product_brand","embeddable":true,"href":"https:\/\/sagardoarenlurraldea.eus\/fr\/wp-json\/wp\/v2\/product_brand?post=27270"},{"taxonomy":"product_cat","embeddable":true,"href":"https:\/\/sagardoarenlurraldea.eus\/fr\/wp-json\/wp\/v2\/product_cat?post=27270"},{"taxonomy":"product_tag","embeddable":true,"href":"https:\/\/sagardoarenlurraldea.eus\/fr\/wp-json\/wp\/v2\/product_tag?post=27270"}],"curies":[{"name":"wp","href":"https:\/\/api.w.org\/{rel}","templated":true}]}}