{"id":25850,"date":"2017-12-29T13:16:00","date_gmt":"2017-12-29T11:16:00","guid":{"rendered":"http:\/\/www.sagardoarenlurraldea.eus\/reservar\/sin categorizar\/cidrerie-lekaroz-larraldea\/"},"modified":"2017-12-29T13:16:00","modified_gmt":"2017-12-29T11:16:00","slug":"cidrerie-lekaroz-larraldea","status":"publish","type":"product","link":"https:\/\/sagardoarenlurraldea.eus\/fr\/product\/lekaroz-fr\/cidrerie-lekaroz-larraldea\/","title":{"rendered":"Cidrerie Larraldea"},"content":{"rendered":"<h2>Description<\/h2>\n<p>Chai situ\u00e9 dans un bel environnement pyr\u00e9n\u00e9en, \u00e0 c\u00f4t\u00e9 de sa plantation de pommiers. Il produit un cidre artisanal et \u00e9cologique fermier, fruit d\u2019un contr\u00f4le exhaustif du processus de production, depuis la culture de la pomme jusqu\u2019\u00e0 la mise en bouteille. Larraldea se distingue aussi pour avoir \u00e9t\u00e9 le premier chai producteur de cidre en Navarre, ainsi que le premier \u00e0 avoir fabriqu\u00e9 du cidre et de l\u2019eau-de-vie \u00e9cologiques en Espagne. Des titres qui convertissent le cidre Larraldea en un produit unique.<\/p>\n<h2>D\u00e9jeuner et d\u00eener<\/h2>\n<p><strong>En saison<\/strong> (janvier &#8211; avril) : A consulter<\/p>\n<p><strong>Hors saison<\/strong> (\u00e0 partir de mai) : A consulter<\/p>\n<h2>Informations suppl\u00e9mentaires<\/h2>\n<p>Adresse : Caserio Larraldea. Diseminado, S\/N. Lekaroz.<br \/>\nT\u00e9l. : +34 948452121<br \/>\nFax. : +34 948580520<br \/>\nE-mail : <a href=\"mailto:larraldea@teleline.es\">larraldea@teleline.es <\/a><br \/>\nWeb : <a href=\"http:\/\/www.sidrerialarraldea.com\">http:\/\/www.sidrerialarraldea.com<\/a><\/p>\n<p>&nbsp;<\/p>\n","protected":false},"excerpt":{"rendered":"<p>Cidrerie situ\u00e9e dans une ferme typiquement montagnarde, dans un cadre tranquille et naturel, hors de la localit\u00e9.<\/p>\n","protected":false},"featured_media":8000,"comment_status":"open","ping_status":"closed","template":"","meta":{"_acf_changed":false,"_et_pb_use_builder":"","_et_pb_old_content":"","_et_gb_content_width":""},"product_brand":[],"product_cat":[2698,2709],"product_tag":[2623,2630,2633,2619,2640],"class_list":{"0":"post-25850","1":"product","2":"type-product","3":"status-publish","4":"has-post-thumbnail","6":"product_cat-lekaroz-fr","7":"product_cat-cidreries-fr","8":"product_tag-acces-en-bus","9":"product_tag-acces-en-voiture","10":"product_tag-acces-en-minibus","11":"product_tag-parking-fr","12":"product_tag-cidre-en-txotx","13":"pa_caracteristicas-y-menus-cidre-en-txotx","14":"dtwm_map-larraldea-fr","16":"first","17":"instock","18":"virtual","19":"product-type-simple"},"exclude_global_add_ons":[],"addons":[],"acf":[],"yoast_head":"<!-- This site is optimized with the Yoast SEO plugin v25.4 - https:\/\/yoast.com\/wordpress\/plugins\/seo\/ -->\n<title>Cidrerie Larraldea - Sagardoaren Lurraldea<\/title>\n<meta name=\"robots\" content=\"index, follow, max-snippet:-1, max-image-preview:large, max-video-preview:-1\" \/>\n<link rel=\"canonical\" href=\"https:\/\/sagardoarenlurraldea.eus\/fr\/product\/lekaroz-fr\/cidrerie-lekaroz-larraldea\/\" \/>\n<meta property=\"og:locale\" content=\"fr_FR\" \/>\n<meta property=\"og:type\" content=\"article\" \/>\n<meta property=\"og:title\" content=\"Cidrerie Larraldea - Sagardoaren Lurraldea\" \/>\n<meta property=\"og:description\" content=\"Cidrerie situ\u00e9e dans une ferme typiquement montagnarde, dans un cadre tranquille et naturel, hors de la localit\u00e9.\" \/>\n<meta property=\"og:url\" content=\"https:\/\/sagardoarenlurraldea.eus\/fr\/product\/lekaroz-fr\/cidrerie-lekaroz-larraldea\/\" \/>\n<meta property=\"og:site_name\" content=\"Sagardoaren Lurraldea\" \/>\n<meta property=\"article:publisher\" content=\"https:\/\/www.facebook.com\/sagardoarenlurraldea\" \/>\n<meta property=\"og:image\" content=\"https:\/\/sagardoarenlurraldea.eus\/wp-content\/uploads\/2016\/08\/Comodin.png\" \/>\n\t<meta property=\"og:image:width\" content=\"900\" \/>\n\t<meta property=\"og:image:height\" content=\"624\" \/>\n\t<meta property=\"og:image:type\" content=\"image\/png\" \/>\n<meta name=\"twitter:card\" content=\"summary_large_image\" \/>\n<meta name=\"twitter:label1\" content=\"Dur\u00e9e de lecture estim\u00e9e\" \/>\n\t<meta name=\"twitter:data1\" content=\"1 minute\" \/>\n<script type=\"application\/ld+json\" class=\"yoast-schema-graph\">{\"@context\":\"https:\/\/schema.org\",\"@graph\":[{\"@type\":\"WebPage\",\"@id\":\"https:\/\/sagardoarenlurraldea.eus\/fr\/product\/lekaroz-fr\/cidrerie-lekaroz-larraldea\/\",\"url\":\"https:\/\/sagardoarenlurraldea.eus\/fr\/product\/lekaroz-fr\/cidrerie-lekaroz-larraldea\/\",\"name\":\"Cidrerie Larraldea - Sagardoaren Lurraldea\",\"isPartOf\":{\"@id\":\"https:\/\/sagardoarenlurraldea.eus\/fr\/#website\"},\"primaryImageOfPage\":{\"@id\":\"https:\/\/sagardoarenlurraldea.eus\/fr\/product\/lekaroz-fr\/cidrerie-lekaroz-larraldea\/#primaryimage\"},\"image\":{\"@id\":\"https:\/\/sagardoarenlurraldea.eus\/fr\/product\/lekaroz-fr\/cidrerie-lekaroz-larraldea\/#primaryimage\"},\"thumbnailUrl\":\"https:\/\/sagardoarenlurraldea.eus\/wp-content\/uploads\/2016\/08\/Comodin.png\",\"datePublished\":\"2017-12-29T11:16:00+00:00\",\"breadcrumb\":{\"@id\":\"https:\/\/sagardoarenlurraldea.eus\/fr\/product\/lekaroz-fr\/cidrerie-lekaroz-larraldea\/#breadcrumb\"},\"inLanguage\":\"fr-FR\",\"potentialAction\":[{\"@type\":\"ReadAction\",\"target\":[\"https:\/\/sagardoarenlurraldea.eus\/fr\/product\/lekaroz-fr\/cidrerie-lekaroz-larraldea\/\"]}]},{\"@type\":\"ImageObject\",\"inLanguage\":\"fr-FR\",\"@id\":\"https:\/\/sagardoarenlurraldea.eus\/fr\/product\/lekaroz-fr\/cidrerie-lekaroz-larraldea\/#primaryimage\",\"url\":\"https:\/\/sagardoarenlurraldea.eus\/wp-content\/uploads\/2016\/08\/Comodin.png\",\"contentUrl\":\"https:\/\/sagardoarenlurraldea.eus\/wp-content\/uploads\/2016\/08\/Comodin.png\",\"width\":900,\"height\":624},{\"@type\":\"BreadcrumbList\",\"@id\":\"https:\/\/sagardoarenlurraldea.eus\/fr\/product\/lekaroz-fr\/cidrerie-lekaroz-larraldea\/#breadcrumb\",\"itemListElement\":[{\"@type\":\"ListItem\",\"position\":1,\"name\":\"Inicio\",\"item\":\"https:\/\/sagardoarenlurraldea.eus\/fr\/\"},{\"@type\":\"ListItem\",\"position\":2,\"name\":\"R\u00e9servations\",\"item\":\"https:\/\/sagardoarenlurraldea.eus\/fr\/reservations\/\"},{\"@type\":\"ListItem\",\"position\":3,\"name\":\"Cidrerie Larraldea\"}]},{\"@type\":\"WebSite\",\"@id\":\"https:\/\/sagardoarenlurraldea.eus\/fr\/#website\",\"url\":\"https:\/\/sagardoarenlurraldea.eus\/fr\/\",\"name\":\"Sagardoaren Lurraldea\",\"description\":\"El territorio de la sidra\",\"potentialAction\":[{\"@type\":\"SearchAction\",\"target\":{\"@type\":\"EntryPoint\",\"urlTemplate\":\"https:\/\/sagardoarenlurraldea.eus\/fr\/?s={search_term_string}\"},\"query-input\":{\"@type\":\"PropertyValueSpecification\",\"valueRequired\":true,\"valueName\":\"search_term_string\"}}],\"inLanguage\":\"fr-FR\"}]}<\/script>\n<!-- \/ Yoast SEO plugin. -->","yoast_head_json":{"title":"Cidrerie Larraldea - Sagardoaren Lurraldea","robots":{"index":"index","follow":"follow","max-snippet":"max-snippet:-1","max-image-preview":"max-image-preview:large","max-video-preview":"max-video-preview:-1"},"canonical":"https:\/\/sagardoarenlurraldea.eus\/fr\/product\/lekaroz-fr\/cidrerie-lekaroz-larraldea\/","og_locale":"fr_FR","og_type":"article","og_title":"Cidrerie Larraldea - Sagardoaren Lurraldea","og_description":"Cidrerie situ\u00e9e dans une ferme typiquement montagnarde, dans un cadre tranquille et naturel, hors de la localit\u00e9.","og_url":"https:\/\/sagardoarenlurraldea.eus\/fr\/product\/lekaroz-fr\/cidrerie-lekaroz-larraldea\/","og_site_name":"Sagardoaren Lurraldea","article_publisher":"https:\/\/www.facebook.com\/sagardoarenlurraldea","og_image":[{"width":900,"height":624,"url":"https:\/\/sagardoarenlurraldea.eus\/wp-content\/uploads\/2016\/08\/Comodin.png","type":"image\/png"}],"twitter_card":"summary_large_image","twitter_misc":{"Dur\u00e9e de lecture estim\u00e9e":"1 minute"},"schema":{"@context":"https:\/\/schema.org","@graph":[{"@type":"WebPage","@id":"https:\/\/sagardoarenlurraldea.eus\/fr\/product\/lekaroz-fr\/cidrerie-lekaroz-larraldea\/","url":"https:\/\/sagardoarenlurraldea.eus\/fr\/product\/lekaroz-fr\/cidrerie-lekaroz-larraldea\/","name":"Cidrerie Larraldea - Sagardoaren Lurraldea","isPartOf":{"@id":"https:\/\/sagardoarenlurraldea.eus\/fr\/#website"},"primaryImageOfPage":{"@id":"https:\/\/sagardoarenlurraldea.eus\/fr\/product\/lekaroz-fr\/cidrerie-lekaroz-larraldea\/#primaryimage"},"image":{"@id":"https:\/\/sagardoarenlurraldea.eus\/fr\/product\/lekaroz-fr\/cidrerie-lekaroz-larraldea\/#primaryimage"},"thumbnailUrl":"https:\/\/sagardoarenlurraldea.eus\/wp-content\/uploads\/2016\/08\/Comodin.png","datePublished":"2017-12-29T11:16:00+00:00","breadcrumb":{"@id":"https:\/\/sagardoarenlurraldea.eus\/fr\/product\/lekaroz-fr\/cidrerie-lekaroz-larraldea\/#breadcrumb"},"inLanguage":"fr-FR","potentialAction":[{"@type":"ReadAction","target":["https:\/\/sagardoarenlurraldea.eus\/fr\/product\/lekaroz-fr\/cidrerie-lekaroz-larraldea\/"]}]},{"@type":"ImageObject","inLanguage":"fr-FR","@id":"https:\/\/sagardoarenlurraldea.eus\/fr\/product\/lekaroz-fr\/cidrerie-lekaroz-larraldea\/#primaryimage","url":"https:\/\/sagardoarenlurraldea.eus\/wp-content\/uploads\/2016\/08\/Comodin.png","contentUrl":"https:\/\/sagardoarenlurraldea.eus\/wp-content\/uploads\/2016\/08\/Comodin.png","width":900,"height":624},{"@type":"BreadcrumbList","@id":"https:\/\/sagardoarenlurraldea.eus\/fr\/product\/lekaroz-fr\/cidrerie-lekaroz-larraldea\/#breadcrumb","itemListElement":[{"@type":"ListItem","position":1,"name":"Inicio","item":"https:\/\/sagardoarenlurraldea.eus\/fr\/"},{"@type":"ListItem","position":2,"name":"R\u00e9servations","item":"https:\/\/sagardoarenlurraldea.eus\/fr\/reservations\/"},{"@type":"ListItem","position":3,"name":"Cidrerie Larraldea"}]},{"@type":"WebSite","@id":"https:\/\/sagardoarenlurraldea.eus\/fr\/#website","url":"https:\/\/sagardoarenlurraldea.eus\/fr\/","name":"Sagardoaren Lurraldea","description":"El territorio de la sidra","potentialAction":[{"@type":"SearchAction","target":{"@type":"EntryPoint","urlTemplate":"https:\/\/sagardoarenlurraldea.eus\/fr\/?s={search_term_string}"},"query-input":{"@type":"PropertyValueSpecification","valueRequired":true,"valueName":"search_term_string"}}],"inLanguage":"fr-FR"}]}},"_links":{"self":[{"href":"https:\/\/sagardoarenlurraldea.eus\/fr\/wp-json\/wp\/v2\/product\/25850","targetHints":{"allow":["GET"]}}],"collection":[{"href":"https:\/\/sagardoarenlurraldea.eus\/fr\/wp-json\/wp\/v2\/product"}],"about":[{"href":"https:\/\/sagardoarenlurraldea.eus\/fr\/wp-json\/wp\/v2\/types\/product"}],"replies":[{"embeddable":true,"href":"https:\/\/sagardoarenlurraldea.eus\/fr\/wp-json\/wp\/v2\/comments?post=25850"}],"wp:featuredmedia":[{"embeddable":true,"href":"https:\/\/sagardoarenlurraldea.eus\/fr\/wp-json\/wp\/v2\/media\/8000"}],"wp:attachment":[{"href":"https:\/\/sagardoarenlurraldea.eus\/fr\/wp-json\/wp\/v2\/media?parent=25850"}],"wp:term":[{"taxonomy":"product_brand","embeddable":true,"href":"https:\/\/sagardoarenlurraldea.eus\/fr\/wp-json\/wp\/v2\/product_brand?post=25850"},{"taxonomy":"product_cat","embeddable":true,"href":"https:\/\/sagardoarenlurraldea.eus\/fr\/wp-json\/wp\/v2\/product_cat?post=25850"},{"taxonomy":"product_tag","embeddable":true,"href":"https:\/\/sagardoarenlurraldea.eus\/fr\/wp-json\/wp\/v2\/product_tag?post=25850"}],"curies":[{"name":"wp","href":"https:\/\/api.w.org\/{rel}","templated":true}]}}