{"id":25844,"date":"2017-12-29T12:55:15","date_gmt":"2017-12-29T10:55:15","guid":{"rendered":"http:\/\/www.sagardoarenlurraldea.eus\/reservar\/sin categorizar\/cidrerie-lesaka-lindurren-borda\/"},"modified":"2017-12-29T12:55:15","modified_gmt":"2017-12-29T10:55:15","slug":"cidrerie-lesaka-lindurren-borda","status":"publish","type":"product","link":"https:\/\/sagardoarenlurraldea.eus\/fr\/product\/lesaka-fr\/cidrerie-lesaka-lindurren-borda\/","title":{"rendered":"Cidrerie Lindurren borda"},"content":{"rendered":"<h2>Description<\/h2>\n<p>Cidrerie traditionnelle situ\u00e9e en Navarre.<\/p>\n<h2>D\u00e9jeuner et d\u00eener<\/h2>\n<p><strong>En saison<\/strong> (janvier &#8211; avril) : A consulter<\/p>\n<p><strong>Hors saison<\/strong> (\u00e0 partir de mai) : A consulter<\/p>\n<h2>Informations suppl\u00e9mentaires<\/h2>\n<p>Responsable : Juan Mari Lopez<\/p>\n<p>Adresse : Barrio Nabaz s\/n. Lesaka.<br \/>\nT\u00e9l. : +34 948637212<\/p>\n<p>&nbsp;<\/p>\n","protected":false},"excerpt":{"rendered":"<p>Cidrerie traditionnelle, dans laquelle les barriques ont \u00e9t\u00e9 baptis\u00e9es du nom de diff\u00e9rents villages.<\/p>\n","protected":false},"featured_media":8193,"comment_status":"open","ping_status":"closed","template":"","meta":{"_acf_changed":false,"_et_pb_use_builder":"","_et_pb_old_content":"","_et_gb_content_width":""},"product_brand":[],"product_cat":[2700,2709],"product_tag":[2623,2630,2633,2641,2619,2640],"class_list":{"0":"post-25844","1":"product","2":"type-product","3":"status-publish","4":"has-post-thumbnail","6":"product_cat-lesaka-fr","7":"product_cat-cidreries-fr","8":"product_tag-acces-en-bus","9":"product_tag-acces-en-voiture","10":"product_tag-acces-en-minibus","11":"product_tag-menu-traditionnel","12":"product_tag-parking-fr","13":"product_tag-cidre-en-txotx","14":"pa_caracteristicas-y-menus-cidre-en-txotx","15":"dtwm_map-lindurren-borda-fr","17":"first","18":"instock","19":"virtual","20":"product-type-simple"},"exclude_global_add_ons":[],"addons":[],"acf":[],"yoast_head":"<!-- This site is optimized with the Yoast SEO plugin v25.4 - https:\/\/yoast.com\/wordpress\/plugins\/seo\/ -->\n<title>Cidrerie Lindurren borda - Sagardoaren Lurraldea<\/title>\n<meta name=\"robots\" content=\"index, follow, max-snippet:-1, max-image-preview:large, max-video-preview:-1\" \/>\n<link rel=\"canonical\" href=\"https:\/\/sagardoarenlurraldea.eus\/fr\/product\/lesaka-fr\/cidrerie-lesaka-lindurren-borda\/\" \/>\n<meta property=\"og:locale\" content=\"fr_FR\" \/>\n<meta property=\"og:type\" content=\"article\" \/>\n<meta property=\"og:title\" content=\"Cidrerie Lindurren borda - Sagardoaren Lurraldea\" \/>\n<meta property=\"og:description\" content=\"Cidrerie traditionnelle, dans laquelle les barriques ont \u00e9t\u00e9 baptis\u00e9es du nom de diff\u00e9rents villages.\" \/>\n<meta property=\"og:url\" content=\"https:\/\/sagardoarenlurraldea.eus\/fr\/product\/lesaka-fr\/cidrerie-lesaka-lindurren-borda\/\" \/>\n<meta property=\"og:site_name\" content=\"Sagardoaren Lurraldea\" \/>\n<meta property=\"article:publisher\" content=\"https:\/\/www.facebook.com\/sagardoarenlurraldea\" \/>\n<meta property=\"og:image\" content=\"https:\/\/sagardoarenlurraldea.eus\/wp-content\/uploads\/2016\/10\/SIDLIN-F00.jpg\" \/>\n\t<meta property=\"og:image:width\" content=\"900\" \/>\n\t<meta property=\"og:image:height\" content=\"600\" \/>\n\t<meta property=\"og:image:type\" content=\"image\/jpeg\" \/>\n<meta name=\"twitter:card\" content=\"summary_large_image\" \/>\n<script type=\"application\/ld+json\" class=\"yoast-schema-graph\">{\"@context\":\"https:\/\/schema.org\",\"@graph\":[{\"@type\":\"WebPage\",\"@id\":\"https:\/\/sagardoarenlurraldea.eus\/fr\/product\/lesaka-fr\/cidrerie-lesaka-lindurren-borda\/\",\"url\":\"https:\/\/sagardoarenlurraldea.eus\/fr\/product\/lesaka-fr\/cidrerie-lesaka-lindurren-borda\/\",\"name\":\"Cidrerie Lindurren borda - Sagardoaren Lurraldea\",\"isPartOf\":{\"@id\":\"https:\/\/sagardoarenlurraldea.eus\/fr\/#website\"},\"primaryImageOfPage\":{\"@id\":\"https:\/\/sagardoarenlurraldea.eus\/fr\/product\/lesaka-fr\/cidrerie-lesaka-lindurren-borda\/#primaryimage\"},\"image\":{\"@id\":\"https:\/\/sagardoarenlurraldea.eus\/fr\/product\/lesaka-fr\/cidrerie-lesaka-lindurren-borda\/#primaryimage\"},\"thumbnailUrl\":\"https:\/\/sagardoarenlurraldea.eus\/wp-content\/uploads\/2016\/10\/SIDLIN-F00.jpg\",\"datePublished\":\"2017-12-29T10:55:15+00:00\",\"breadcrumb\":{\"@id\":\"https:\/\/sagardoarenlurraldea.eus\/fr\/product\/lesaka-fr\/cidrerie-lesaka-lindurren-borda\/#breadcrumb\"},\"inLanguage\":\"fr-FR\",\"potentialAction\":[{\"@type\":\"ReadAction\",\"target\":[\"https:\/\/sagardoarenlurraldea.eus\/fr\/product\/lesaka-fr\/cidrerie-lesaka-lindurren-borda\/\"]}]},{\"@type\":\"ImageObject\",\"inLanguage\":\"fr-FR\",\"@id\":\"https:\/\/sagardoarenlurraldea.eus\/fr\/product\/lesaka-fr\/cidrerie-lesaka-lindurren-borda\/#primaryimage\",\"url\":\"https:\/\/sagardoarenlurraldea.eus\/wp-content\/uploads\/2016\/10\/SIDLIN-F00.jpg\",\"contentUrl\":\"https:\/\/sagardoarenlurraldea.eus\/wp-content\/uploads\/2016\/10\/SIDLIN-F00.jpg\",\"width\":900,\"height\":600,\"caption\":\"Lindurren-borda sagardotegiko jangela\"},{\"@type\":\"BreadcrumbList\",\"@id\":\"https:\/\/sagardoarenlurraldea.eus\/fr\/product\/lesaka-fr\/cidrerie-lesaka-lindurren-borda\/#breadcrumb\",\"itemListElement\":[{\"@type\":\"ListItem\",\"position\":1,\"name\":\"Inicio\",\"item\":\"https:\/\/sagardoarenlurraldea.eus\/fr\/\"},{\"@type\":\"ListItem\",\"position\":2,\"name\":\"R\u00e9servations\",\"item\":\"https:\/\/sagardoarenlurraldea.eus\/fr\/reservations\/\"},{\"@type\":\"ListItem\",\"position\":3,\"name\":\"Cidrerie Lindurren borda\"}]},{\"@type\":\"WebSite\",\"@id\":\"https:\/\/sagardoarenlurraldea.eus\/fr\/#website\",\"url\":\"https:\/\/sagardoarenlurraldea.eus\/fr\/\",\"name\":\"Sagardoaren Lurraldea\",\"description\":\"El territorio de la sidra\",\"potentialAction\":[{\"@type\":\"SearchAction\",\"target\":{\"@type\":\"EntryPoint\",\"urlTemplate\":\"https:\/\/sagardoarenlurraldea.eus\/fr\/?s={search_term_string}\"},\"query-input\":{\"@type\":\"PropertyValueSpecification\",\"valueRequired\":true,\"valueName\":\"search_term_string\"}}],\"inLanguage\":\"fr-FR\"}]}<\/script>\n<!-- \/ Yoast SEO plugin. -->","yoast_head_json":{"title":"Cidrerie Lindurren borda - Sagardoaren Lurraldea","robots":{"index":"index","follow":"follow","max-snippet":"max-snippet:-1","max-image-preview":"max-image-preview:large","max-video-preview":"max-video-preview:-1"},"canonical":"https:\/\/sagardoarenlurraldea.eus\/fr\/product\/lesaka-fr\/cidrerie-lesaka-lindurren-borda\/","og_locale":"fr_FR","og_type":"article","og_title":"Cidrerie Lindurren borda - Sagardoaren Lurraldea","og_description":"Cidrerie traditionnelle, dans laquelle les barriques ont \u00e9t\u00e9 baptis\u00e9es du nom de diff\u00e9rents villages.","og_url":"https:\/\/sagardoarenlurraldea.eus\/fr\/product\/lesaka-fr\/cidrerie-lesaka-lindurren-borda\/","og_site_name":"Sagardoaren Lurraldea","article_publisher":"https:\/\/www.facebook.com\/sagardoarenlurraldea","og_image":[{"width":900,"height":600,"url":"https:\/\/sagardoarenlurraldea.eus\/wp-content\/uploads\/2016\/10\/SIDLIN-F00.jpg","type":"image\/jpeg"}],"twitter_card":"summary_large_image","schema":{"@context":"https:\/\/schema.org","@graph":[{"@type":"WebPage","@id":"https:\/\/sagardoarenlurraldea.eus\/fr\/product\/lesaka-fr\/cidrerie-lesaka-lindurren-borda\/","url":"https:\/\/sagardoarenlurraldea.eus\/fr\/product\/lesaka-fr\/cidrerie-lesaka-lindurren-borda\/","name":"Cidrerie Lindurren borda - Sagardoaren Lurraldea","isPartOf":{"@id":"https:\/\/sagardoarenlurraldea.eus\/fr\/#website"},"primaryImageOfPage":{"@id":"https:\/\/sagardoarenlurraldea.eus\/fr\/product\/lesaka-fr\/cidrerie-lesaka-lindurren-borda\/#primaryimage"},"image":{"@id":"https:\/\/sagardoarenlurraldea.eus\/fr\/product\/lesaka-fr\/cidrerie-lesaka-lindurren-borda\/#primaryimage"},"thumbnailUrl":"https:\/\/sagardoarenlurraldea.eus\/wp-content\/uploads\/2016\/10\/SIDLIN-F00.jpg","datePublished":"2017-12-29T10:55:15+00:00","breadcrumb":{"@id":"https:\/\/sagardoarenlurraldea.eus\/fr\/product\/lesaka-fr\/cidrerie-lesaka-lindurren-borda\/#breadcrumb"},"inLanguage":"fr-FR","potentialAction":[{"@type":"ReadAction","target":["https:\/\/sagardoarenlurraldea.eus\/fr\/product\/lesaka-fr\/cidrerie-lesaka-lindurren-borda\/"]}]},{"@type":"ImageObject","inLanguage":"fr-FR","@id":"https:\/\/sagardoarenlurraldea.eus\/fr\/product\/lesaka-fr\/cidrerie-lesaka-lindurren-borda\/#primaryimage","url":"https:\/\/sagardoarenlurraldea.eus\/wp-content\/uploads\/2016\/10\/SIDLIN-F00.jpg","contentUrl":"https:\/\/sagardoarenlurraldea.eus\/wp-content\/uploads\/2016\/10\/SIDLIN-F00.jpg","width":900,"height":600,"caption":"Lindurren-borda sagardotegiko jangela"},{"@type":"BreadcrumbList","@id":"https:\/\/sagardoarenlurraldea.eus\/fr\/product\/lesaka-fr\/cidrerie-lesaka-lindurren-borda\/#breadcrumb","itemListElement":[{"@type":"ListItem","position":1,"name":"Inicio","item":"https:\/\/sagardoarenlurraldea.eus\/fr\/"},{"@type":"ListItem","position":2,"name":"R\u00e9servations","item":"https:\/\/sagardoarenlurraldea.eus\/fr\/reservations\/"},{"@type":"ListItem","position":3,"name":"Cidrerie Lindurren borda"}]},{"@type":"WebSite","@id":"https:\/\/sagardoarenlurraldea.eus\/fr\/#website","url":"https:\/\/sagardoarenlurraldea.eus\/fr\/","name":"Sagardoaren Lurraldea","description":"El territorio de la sidra","potentialAction":[{"@type":"SearchAction","target":{"@type":"EntryPoint","urlTemplate":"https:\/\/sagardoarenlurraldea.eus\/fr\/?s={search_term_string}"},"query-input":{"@type":"PropertyValueSpecification","valueRequired":true,"valueName":"search_term_string"}}],"inLanguage":"fr-FR"}]}},"_links":{"self":[{"href":"https:\/\/sagardoarenlurraldea.eus\/fr\/wp-json\/wp\/v2\/product\/25844","targetHints":{"allow":["GET"]}}],"collection":[{"href":"https:\/\/sagardoarenlurraldea.eus\/fr\/wp-json\/wp\/v2\/product"}],"about":[{"href":"https:\/\/sagardoarenlurraldea.eus\/fr\/wp-json\/wp\/v2\/types\/product"}],"replies":[{"embeddable":true,"href":"https:\/\/sagardoarenlurraldea.eus\/fr\/wp-json\/wp\/v2\/comments?post=25844"}],"wp:featuredmedia":[{"embeddable":true,"href":"https:\/\/sagardoarenlurraldea.eus\/fr\/wp-json\/wp\/v2\/media\/8193"}],"wp:attachment":[{"href":"https:\/\/sagardoarenlurraldea.eus\/fr\/wp-json\/wp\/v2\/media?parent=25844"}],"wp:term":[{"taxonomy":"product_brand","embeddable":true,"href":"https:\/\/sagardoarenlurraldea.eus\/fr\/wp-json\/wp\/v2\/product_brand?post=25844"},{"taxonomy":"product_cat","embeddable":true,"href":"https:\/\/sagardoarenlurraldea.eus\/fr\/wp-json\/wp\/v2\/product_cat?post=25844"},{"taxonomy":"product_tag","embeddable":true,"href":"https:\/\/sagardoarenlurraldea.eus\/fr\/wp-json\/wp\/v2\/product_tag?post=25844"}],"curies":[{"name":"wp","href":"https:\/\/api.w.org\/{rel}","templated":true}]}}