{"id":25816,"date":"2017-12-27T17:49:04","date_gmt":"2017-12-27T15:49:04","guid":{"rendered":"http:\/\/www.sagardoarenlurraldea.eus\/reservar\/sin categorizar\/cidrerie-aia-satxota\/"},"modified":"2017-12-27T17:49:04","modified_gmt":"2017-12-27T15:49:04","slug":"cidrerie-aia-satxota","status":"publish","type":"product","link":"https:\/\/sagardoarenlurraldea.eus\/fr\/product\/aia-fr\/cidrerie-aia-satxota\/","title":{"rendered":"Cidrerie Satxota"},"content":{"rendered":"<h2>Description<\/h2>\n<p>Transf\u00e9r\u00e9e il y a plusieurs ann\u00e9es de Villabona \u00e0 Aia, elle s\u2019est lanc\u00e9e dans l\u2019activit\u00e9 en l&rsquo;an 1986. Gr\u00e2ce \u00e0 d\u2019importants investissements en technologie de pointe, elle continue d&rsquo;\u00e9laborer du cidre de la mani\u00e8re la plus traditionnelle.<\/p>\n<h2>D\u00e9jeuner et d\u00eener<\/h2>\n<p><strong>En saison<\/strong> (janvier &#8211; avril) : Service d\u00eener tous les soirs. Service d\u00e9jeuner vendredi, samedi et dimanche (les jours restants par commande). Lundi ferm\u00e9e.<\/p>\n<p><strong>Hors saison<\/strong> (\u00e0 partir de mai) : Service d\u00eener tous les soirs. Service d\u00e9jeuner vendredi, samedi et dimanche (les jours restants par commande). Lundi ferm\u00e9e.<\/p>\n<p>Capacit\u00e9 : 150 personnes.<\/p>\n<h2>Informations suppl\u00e9mentaires<\/h2>\n<p>Responsable : Jose Ignacio Artola Jauregui<\/p>\n<p>Adresse : Barrio Santiago, 23. Aia.<br \/>\nT\u00e9l. : +34 943835738<\/p>\n","protected":false},"excerpt":{"rendered":"<p>D\u00e9gustation du cidre au <em>txotx<\/em> toute l\u2019ann\u00e9e.<\/p>\n","protected":false},"featured_media":8348,"comment_status":"open","ping_status":"closed","template":"","meta":{"_acf_changed":false,"_et_pb_use_builder":"","_et_pb_old_content":"","_et_gb_content_width":""},"product_brand":[],"product_cat":[2651,2709],"product_tag":[2623,2630,2633,2639,2636,2616,2615,2641,2619,2646,2640,2618,2624],"class_list":{"0":"post-25816","1":"product","2":"type-product","3":"status-publish","4":"has-post-thumbnail","6":"product_cat-aia-fr","7":"product_cat-cidreries-fr","8":"product_tag-acces-en-bus","9":"product_tag-acces-en-voiture","10":"product_tag-acces-en-minibus","11":"product_tag-cidre-en-bouteille","12":"product_tag-manger-a-table","13":"product_tag-groupe-de-plus-de-25","14":"product_tag-groupe-de-moins-de-25","15":"product_tag-menu-traditionnel","16":"product_tag-parking-fr","17":"product_tag-repas-et-diners-a-lannee","18":"product_tag-cidre-en-txotx","19":"product_tag-services-diner","20":"product_tag-services-dejeuner","21":"pa_caracteristicas-y-menus-groupe-plus-25","22":"pa_caracteristicas-y-menus-repas-diners-toujours-ouvert","23":"pa_caracteristicas-y-menus-cidre-en-txotx","24":"dtwm_map-satxota-fr","26":"first","27":"instock","28":"virtual","29":"product-type-simple"},"exclude_global_add_ons":[],"addons":[],"acf":[],"yoast_head":"<!-- This site is optimized with the Yoast SEO plugin v25.4 - https:\/\/yoast.com\/wordpress\/plugins\/seo\/ -->\n<title>Cidrerie Satxota - Sagardoaren Lurraldea<\/title>\n<meta name=\"robots\" content=\"index, follow, max-snippet:-1, max-image-preview:large, max-video-preview:-1\" \/>\n<link rel=\"canonical\" href=\"https:\/\/sagardoarenlurraldea.eus\/fr\/product\/aia-fr\/cidrerie-aia-satxota\/\" \/>\n<meta property=\"og:locale\" content=\"fr_FR\" \/>\n<meta property=\"og:type\" content=\"article\" \/>\n<meta property=\"og:title\" content=\"Cidrerie Satxota - Sagardoaren Lurraldea\" \/>\n<meta property=\"og:description\" content=\"D\u00e9gustation du cidre au txotx toute l\u2019ann\u00e9e.\" \/>\n<meta property=\"og:url\" content=\"https:\/\/sagardoarenlurraldea.eus\/fr\/product\/aia-fr\/cidrerie-aia-satxota\/\" \/>\n<meta property=\"og:site_name\" content=\"Sagardoaren Lurraldea\" \/>\n<meta property=\"article:publisher\" content=\"https:\/\/www.facebook.com\/sagardoarenlurraldea\" \/>\n<meta property=\"og:image\" content=\"https:\/\/sagardoarenlurraldea.eus\/wp-content\/uploads\/2016\/10\/SIDSAT-F00.jpg\" \/>\n\t<meta property=\"og:image:width\" content=\"900\" \/>\n\t<meta property=\"og:image:height\" content=\"600\" \/>\n\t<meta property=\"og:image:type\" content=\"image\/jpeg\" \/>\n<meta name=\"twitter:card\" content=\"summary_large_image\" \/>\n<meta name=\"twitter:label1\" content=\"Dur\u00e9e de lecture estim\u00e9e\" \/>\n\t<meta name=\"twitter:data1\" content=\"1 minute\" \/>\n<script type=\"application\/ld+json\" class=\"yoast-schema-graph\">{\"@context\":\"https:\/\/schema.org\",\"@graph\":[{\"@type\":\"WebPage\",\"@id\":\"https:\/\/sagardoarenlurraldea.eus\/fr\/product\/aia-fr\/cidrerie-aia-satxota\/\",\"url\":\"https:\/\/sagardoarenlurraldea.eus\/fr\/product\/aia-fr\/cidrerie-aia-satxota\/\",\"name\":\"Cidrerie Satxota - Sagardoaren Lurraldea\",\"isPartOf\":{\"@id\":\"https:\/\/sagardoarenlurraldea.eus\/fr\/#website\"},\"primaryImageOfPage\":{\"@id\":\"https:\/\/sagardoarenlurraldea.eus\/fr\/product\/aia-fr\/cidrerie-aia-satxota\/#primaryimage\"},\"image\":{\"@id\":\"https:\/\/sagardoarenlurraldea.eus\/fr\/product\/aia-fr\/cidrerie-aia-satxota\/#primaryimage\"},\"thumbnailUrl\":\"https:\/\/sagardoarenlurraldea.eus\/wp-content\/uploads\/2016\/10\/SIDSAT-F00.jpg\",\"datePublished\":\"2017-12-27T15:49:04+00:00\",\"breadcrumb\":{\"@id\":\"https:\/\/sagardoarenlurraldea.eus\/fr\/product\/aia-fr\/cidrerie-aia-satxota\/#breadcrumb\"},\"inLanguage\":\"fr-FR\",\"potentialAction\":[{\"@type\":\"ReadAction\",\"target\":[\"https:\/\/sagardoarenlurraldea.eus\/fr\/product\/aia-fr\/cidrerie-aia-satxota\/\"]}]},{\"@type\":\"ImageObject\",\"inLanguage\":\"fr-FR\",\"@id\":\"https:\/\/sagardoarenlurraldea.eus\/fr\/product\/aia-fr\/cidrerie-aia-satxota\/#primaryimage\",\"url\":\"https:\/\/sagardoarenlurraldea.eus\/wp-content\/uploads\/2016\/10\/SIDSAT-F00.jpg\",\"contentUrl\":\"https:\/\/sagardoarenlurraldea.eus\/wp-content\/uploads\/2016\/10\/SIDSAT-F00.jpg\",\"width\":900,\"height\":600,\"caption\":\"Zona de toneles de madera de la sidrer\u00eda Satxota\"},{\"@type\":\"BreadcrumbList\",\"@id\":\"https:\/\/sagardoarenlurraldea.eus\/fr\/product\/aia-fr\/cidrerie-aia-satxota\/#breadcrumb\",\"itemListElement\":[{\"@type\":\"ListItem\",\"position\":1,\"name\":\"Inicio\",\"item\":\"https:\/\/sagardoarenlurraldea.eus\/fr\/\"},{\"@type\":\"ListItem\",\"position\":2,\"name\":\"R\u00e9servations\",\"item\":\"https:\/\/sagardoarenlurraldea.eus\/fr\/reservations\/\"},{\"@type\":\"ListItem\",\"position\":3,\"name\":\"Cidrerie Satxota\"}]},{\"@type\":\"WebSite\",\"@id\":\"https:\/\/sagardoarenlurraldea.eus\/fr\/#website\",\"url\":\"https:\/\/sagardoarenlurraldea.eus\/fr\/\",\"name\":\"Sagardoaren Lurraldea\",\"description\":\"El territorio de la sidra\",\"potentialAction\":[{\"@type\":\"SearchAction\",\"target\":{\"@type\":\"EntryPoint\",\"urlTemplate\":\"https:\/\/sagardoarenlurraldea.eus\/fr\/?s={search_term_string}\"},\"query-input\":{\"@type\":\"PropertyValueSpecification\",\"valueRequired\":true,\"valueName\":\"search_term_string\"}}],\"inLanguage\":\"fr-FR\"}]}<\/script>\n<!-- \/ Yoast SEO plugin. -->","yoast_head_json":{"title":"Cidrerie Satxota - Sagardoaren Lurraldea","robots":{"index":"index","follow":"follow","max-snippet":"max-snippet:-1","max-image-preview":"max-image-preview:large","max-video-preview":"max-video-preview:-1"},"canonical":"https:\/\/sagardoarenlurraldea.eus\/fr\/product\/aia-fr\/cidrerie-aia-satxota\/","og_locale":"fr_FR","og_type":"article","og_title":"Cidrerie Satxota - Sagardoaren Lurraldea","og_description":"D\u00e9gustation du cidre au txotx toute l\u2019ann\u00e9e.","og_url":"https:\/\/sagardoarenlurraldea.eus\/fr\/product\/aia-fr\/cidrerie-aia-satxota\/","og_site_name":"Sagardoaren Lurraldea","article_publisher":"https:\/\/www.facebook.com\/sagardoarenlurraldea","og_image":[{"width":900,"height":600,"url":"https:\/\/sagardoarenlurraldea.eus\/wp-content\/uploads\/2016\/10\/SIDSAT-F00.jpg","type":"image\/jpeg"}],"twitter_card":"summary_large_image","twitter_misc":{"Dur\u00e9e de lecture estim\u00e9e":"1 minute"},"schema":{"@context":"https:\/\/schema.org","@graph":[{"@type":"WebPage","@id":"https:\/\/sagardoarenlurraldea.eus\/fr\/product\/aia-fr\/cidrerie-aia-satxota\/","url":"https:\/\/sagardoarenlurraldea.eus\/fr\/product\/aia-fr\/cidrerie-aia-satxota\/","name":"Cidrerie Satxota - Sagardoaren Lurraldea","isPartOf":{"@id":"https:\/\/sagardoarenlurraldea.eus\/fr\/#website"},"primaryImageOfPage":{"@id":"https:\/\/sagardoarenlurraldea.eus\/fr\/product\/aia-fr\/cidrerie-aia-satxota\/#primaryimage"},"image":{"@id":"https:\/\/sagardoarenlurraldea.eus\/fr\/product\/aia-fr\/cidrerie-aia-satxota\/#primaryimage"},"thumbnailUrl":"https:\/\/sagardoarenlurraldea.eus\/wp-content\/uploads\/2016\/10\/SIDSAT-F00.jpg","datePublished":"2017-12-27T15:49:04+00:00","breadcrumb":{"@id":"https:\/\/sagardoarenlurraldea.eus\/fr\/product\/aia-fr\/cidrerie-aia-satxota\/#breadcrumb"},"inLanguage":"fr-FR","potentialAction":[{"@type":"ReadAction","target":["https:\/\/sagardoarenlurraldea.eus\/fr\/product\/aia-fr\/cidrerie-aia-satxota\/"]}]},{"@type":"ImageObject","inLanguage":"fr-FR","@id":"https:\/\/sagardoarenlurraldea.eus\/fr\/product\/aia-fr\/cidrerie-aia-satxota\/#primaryimage","url":"https:\/\/sagardoarenlurraldea.eus\/wp-content\/uploads\/2016\/10\/SIDSAT-F00.jpg","contentUrl":"https:\/\/sagardoarenlurraldea.eus\/wp-content\/uploads\/2016\/10\/SIDSAT-F00.jpg","width":900,"height":600,"caption":"Zona de toneles de madera de la sidrer\u00eda Satxota"},{"@type":"BreadcrumbList","@id":"https:\/\/sagardoarenlurraldea.eus\/fr\/product\/aia-fr\/cidrerie-aia-satxota\/#breadcrumb","itemListElement":[{"@type":"ListItem","position":1,"name":"Inicio","item":"https:\/\/sagardoarenlurraldea.eus\/fr\/"},{"@type":"ListItem","position":2,"name":"R\u00e9servations","item":"https:\/\/sagardoarenlurraldea.eus\/fr\/reservations\/"},{"@type":"ListItem","position":3,"name":"Cidrerie Satxota"}]},{"@type":"WebSite","@id":"https:\/\/sagardoarenlurraldea.eus\/fr\/#website","url":"https:\/\/sagardoarenlurraldea.eus\/fr\/","name":"Sagardoaren Lurraldea","description":"El territorio de la sidra","potentialAction":[{"@type":"SearchAction","target":{"@type":"EntryPoint","urlTemplate":"https:\/\/sagardoarenlurraldea.eus\/fr\/?s={search_term_string}"},"query-input":{"@type":"PropertyValueSpecification","valueRequired":true,"valueName":"search_term_string"}}],"inLanguage":"fr-FR"}]}},"_links":{"self":[{"href":"https:\/\/sagardoarenlurraldea.eus\/fr\/wp-json\/wp\/v2\/product\/25816","targetHints":{"allow":["GET"]}}],"collection":[{"href":"https:\/\/sagardoarenlurraldea.eus\/fr\/wp-json\/wp\/v2\/product"}],"about":[{"href":"https:\/\/sagardoarenlurraldea.eus\/fr\/wp-json\/wp\/v2\/types\/product"}],"replies":[{"embeddable":true,"href":"https:\/\/sagardoarenlurraldea.eus\/fr\/wp-json\/wp\/v2\/comments?post=25816"}],"wp:featuredmedia":[{"embeddable":true,"href":"https:\/\/sagardoarenlurraldea.eus\/fr\/wp-json\/wp\/v2\/media\/8348"}],"wp:attachment":[{"href":"https:\/\/sagardoarenlurraldea.eus\/fr\/wp-json\/wp\/v2\/media?parent=25816"}],"wp:term":[{"taxonomy":"product_brand","embeddable":true,"href":"https:\/\/sagardoarenlurraldea.eus\/fr\/wp-json\/wp\/v2\/product_brand?post=25816"},{"taxonomy":"product_cat","embeddable":true,"href":"https:\/\/sagardoarenlurraldea.eus\/fr\/wp-json\/wp\/v2\/product_cat?post=25816"},{"taxonomy":"product_tag","embeddable":true,"href":"https:\/\/sagardoarenlurraldea.eus\/fr\/wp-json\/wp\/v2\/product_tag?post=25816"}],"curies":[{"name":"wp","href":"https:\/\/api.w.org\/{rel}","templated":true}]}}