{"id":25805,"date":"2017-12-27T17:11:23","date_gmt":"2017-12-27T15:11:23","guid":{"rendered":"http:\/\/www.sagardoarenlurraldea.eus\/reservar\/sin categorizar\/cidrerie-ataun-urbitarte\/"},"modified":"2017-12-27T17:11:23","modified_gmt":"2017-12-27T15:11:23","slug":"cidrerie-ataun-urbitarte","status":"publish","type":"product","link":"https:\/\/sagardoarenlurraldea.eus\/fr\/product\/ataun-fr\/cidrerie-ataun-urbitarte\/","title":{"rendered":"Cidrerie Urbitarte"},"content":{"rendered":"<h2>Description<\/h2>\n<p>La cidrerie Urbitarte, situ\u00e9e hors du circuit traditionnel des cidreries, a \u00e9t\u00e9 fond\u00e9e en 1991 \u00e0 Ataun. Dans le quartier Ergoiena, elle accueille un grand nombre de visiteurs de la Navarre voisine. D\u00e9fiant les vicissitudes de l\u2019hiver, elle reste ouverte jusqu\u2019\u00e0 la fin du printemps, pour que les visiteurs puissent en profiter au maximum.<\/p>\n<h2>D\u00e9jeuner et d\u00eener<\/h2>\n<p><strong>En saison<\/strong> (janvier &#8211; avril) : Service d\u00eener tous les soirs. Service d\u00e9jeuner le week-end. Mercredi, jour de repos hebdomadaire.<\/p>\n<p><strong>Hors saison<\/strong> (\u00e0 partir de mai) : Service d\u00eener tous les soirs. Service d\u00e9jeuner le week-end. Mercredi, jour de repos hebdomadaire.<\/p>\n<p>Capacit\u00e9 : 100 personnes.<\/p>\n<h2>Informations suppl\u00e9mentaires<\/h2>\n<p>Responsable : Demetrio Tarradillos<\/p>\n<p>Adresse : Ergoiena auzoa, 6. Ataun.<br \/>\nT\u00e9l. : +34 943180119<br \/>\nFax. : +34 943181030<br \/>\nE-mail : <a href=\"mailto:urbitarte@urbitarte.net\">urbitarte@urbitarte.net <\/a><br \/>\nWeb : <a href=\"http:\/\/www.urbitarte.net\">http:\/\/www.urbitarte.net<\/a><\/p>\n<p>&nbsp;<\/p>\n","protected":false},"excerpt":{"rendered":"<p>Cidrerie ouverte toute l\u2019ann\u00e9e et situ\u00e9e dans un cadre montagneux<\/p>\n","protected":false},"featured_media":8404,"comment_status":"open","ping_status":"closed","template":"","meta":{"_acf_changed":false,"_et_pb_use_builder":"","_et_pb_old_content":"","_et_gb_content_width":""},"product_brand":[],"product_cat":[2659,2709],"product_tag":[2623,2630,2633,2627,2639,2637,2636,2616,2615,2641,2619,2646,2640,2618,2624],"class_list":{"0":"post-25805","1":"product","2":"type-product","3":"status-publish","4":"has-post-thumbnail","6":"product_cat-ataun-fr","7":"product_cat-cidreries-fr","8":"product_tag-acces-en-bus","9":"product_tag-acces-en-voiture","10":"product_tag-acces-en-minibus","11":"product_tag-acces-handicapes","12":"product_tag-cidre-en-bouteille","13":"product_tag-manger-debout","14":"product_tag-manger-a-table","15":"product_tag-groupe-de-plus-de-25","16":"product_tag-groupe-de-moins-de-25","17":"product_tag-menu-traditionnel","18":"product_tag-parking-fr","19":"product_tag-repas-et-diners-a-lannee","20":"product_tag-cidre-en-txotx","21":"product_tag-services-diner","22":"product_tag-services-dejeuner","23":"pa_caracteristicas-y-menus-repas-diners-toujours-ouvert","24":"pa_caracteristicas-y-menus-cidre-en-txotx","25":"dtwm_map-urbitarte-fr","27":"first","28":"instock","29":"virtual","30":"product-type-simple"},"exclude_global_add_ons":[],"addons":[],"acf":[],"yoast_head":"<!-- This site is optimized with the Yoast SEO plugin v25.4 - https:\/\/yoast.com\/wordpress\/plugins\/seo\/ -->\n<title>Cidrerie Urbitarte - Sagardoaren Lurraldea<\/title>\n<meta name=\"robots\" content=\"index, follow, max-snippet:-1, max-image-preview:large, max-video-preview:-1\" \/>\n<link rel=\"canonical\" href=\"https:\/\/sagardoarenlurraldea.eus\/fr\/product\/ataun-fr\/cidrerie-ataun-urbitarte\/\" \/>\n<meta property=\"og:locale\" content=\"fr_FR\" \/>\n<meta property=\"og:type\" content=\"article\" \/>\n<meta property=\"og:title\" content=\"Cidrerie Urbitarte - Sagardoaren Lurraldea\" \/>\n<meta property=\"og:description\" content=\"Cidrerie ouverte toute l\u2019ann\u00e9e et situ\u00e9e dans un cadre montagneux\" \/>\n<meta property=\"og:url\" content=\"https:\/\/sagardoarenlurraldea.eus\/fr\/product\/ataun-fr\/cidrerie-ataun-urbitarte\/\" \/>\n<meta property=\"og:site_name\" content=\"Sagardoaren Lurraldea\" \/>\n<meta property=\"article:publisher\" content=\"https:\/\/www.facebook.com\/sagardoarenlurraldea\" \/>\n<meta property=\"og:image\" content=\"https:\/\/sagardoarenlurraldea.eus\/wp-content\/uploads\/2016\/10\/SIDURB-F00.jpg\" \/>\n\t<meta property=\"og:image:width\" content=\"900\" \/>\n\t<meta property=\"og:image:height\" content=\"600\" \/>\n\t<meta property=\"og:image:type\" content=\"image\/jpeg\" \/>\n<meta name=\"twitter:card\" content=\"summary_large_image\" \/>\n<meta name=\"twitter:label1\" content=\"Dur\u00e9e de lecture estim\u00e9e\" \/>\n\t<meta name=\"twitter:data1\" content=\"1 minute\" \/>\n<script type=\"application\/ld+json\" class=\"yoast-schema-graph\">{\"@context\":\"https:\/\/schema.org\",\"@graph\":[{\"@type\":\"WebPage\",\"@id\":\"https:\/\/sagardoarenlurraldea.eus\/fr\/product\/ataun-fr\/cidrerie-ataun-urbitarte\/\",\"url\":\"https:\/\/sagardoarenlurraldea.eus\/fr\/product\/ataun-fr\/cidrerie-ataun-urbitarte\/\",\"name\":\"Cidrerie Urbitarte - Sagardoaren Lurraldea\",\"isPartOf\":{\"@id\":\"https:\/\/sagardoarenlurraldea.eus\/fr\/#website\"},\"primaryImageOfPage\":{\"@id\":\"https:\/\/sagardoarenlurraldea.eus\/fr\/product\/ataun-fr\/cidrerie-ataun-urbitarte\/#primaryimage\"},\"image\":{\"@id\":\"https:\/\/sagardoarenlurraldea.eus\/fr\/product\/ataun-fr\/cidrerie-ataun-urbitarte\/#primaryimage\"},\"thumbnailUrl\":\"https:\/\/sagardoarenlurraldea.eus\/wp-content\/uploads\/2016\/10\/SIDURB-F00.jpg\",\"datePublished\":\"2017-12-27T15:11:23+00:00\",\"breadcrumb\":{\"@id\":\"https:\/\/sagardoarenlurraldea.eus\/fr\/product\/ataun-fr\/cidrerie-ataun-urbitarte\/#breadcrumb\"},\"inLanguage\":\"fr-FR\",\"potentialAction\":[{\"@type\":\"ReadAction\",\"target\":[\"https:\/\/sagardoarenlurraldea.eus\/fr\/product\/ataun-fr\/cidrerie-ataun-urbitarte\/\"]}]},{\"@type\":\"ImageObject\",\"inLanguage\":\"fr-FR\",\"@id\":\"https:\/\/sagardoarenlurraldea.eus\/fr\/product\/ataun-fr\/cidrerie-ataun-urbitarte\/#primaryimage\",\"url\":\"https:\/\/sagardoarenlurraldea.eus\/wp-content\/uploads\/2016\/10\/SIDURB-F00.jpg\",\"contentUrl\":\"https:\/\/sagardoarenlurraldea.eus\/wp-content\/uploads\/2016\/10\/SIDURB-F00.jpg\",\"width\":900,\"height\":600,\"caption\":\"Zona de toneles de madera de la sidrer\u00eda Urbitarte\"},{\"@type\":\"BreadcrumbList\",\"@id\":\"https:\/\/sagardoarenlurraldea.eus\/fr\/product\/ataun-fr\/cidrerie-ataun-urbitarte\/#breadcrumb\",\"itemListElement\":[{\"@type\":\"ListItem\",\"position\":1,\"name\":\"Inicio\",\"item\":\"https:\/\/sagardoarenlurraldea.eus\/fr\/\"},{\"@type\":\"ListItem\",\"position\":2,\"name\":\"R\u00e9servations\",\"item\":\"https:\/\/sagardoarenlurraldea.eus\/fr\/reservations\/\"},{\"@type\":\"ListItem\",\"position\":3,\"name\":\"Cidrerie Urbitarte\"}]},{\"@type\":\"WebSite\",\"@id\":\"https:\/\/sagardoarenlurraldea.eus\/fr\/#website\",\"url\":\"https:\/\/sagardoarenlurraldea.eus\/fr\/\",\"name\":\"Sagardoaren Lurraldea\",\"description\":\"El territorio de la sidra\",\"potentialAction\":[{\"@type\":\"SearchAction\",\"target\":{\"@type\":\"EntryPoint\",\"urlTemplate\":\"https:\/\/sagardoarenlurraldea.eus\/fr\/?s={search_term_string}\"},\"query-input\":{\"@type\":\"PropertyValueSpecification\",\"valueRequired\":true,\"valueName\":\"search_term_string\"}}],\"inLanguage\":\"fr-FR\"}]}<\/script>\n<!-- \/ Yoast SEO plugin. -->","yoast_head_json":{"title":"Cidrerie Urbitarte - Sagardoaren Lurraldea","robots":{"index":"index","follow":"follow","max-snippet":"max-snippet:-1","max-image-preview":"max-image-preview:large","max-video-preview":"max-video-preview:-1"},"canonical":"https:\/\/sagardoarenlurraldea.eus\/fr\/product\/ataun-fr\/cidrerie-ataun-urbitarte\/","og_locale":"fr_FR","og_type":"article","og_title":"Cidrerie Urbitarte - Sagardoaren Lurraldea","og_description":"Cidrerie ouverte toute l\u2019ann\u00e9e et situ\u00e9e dans un cadre montagneux","og_url":"https:\/\/sagardoarenlurraldea.eus\/fr\/product\/ataun-fr\/cidrerie-ataun-urbitarte\/","og_site_name":"Sagardoaren Lurraldea","article_publisher":"https:\/\/www.facebook.com\/sagardoarenlurraldea","og_image":[{"width":900,"height":600,"url":"https:\/\/sagardoarenlurraldea.eus\/wp-content\/uploads\/2016\/10\/SIDURB-F00.jpg","type":"image\/jpeg"}],"twitter_card":"summary_large_image","twitter_misc":{"Dur\u00e9e de lecture estim\u00e9e":"1 minute"},"schema":{"@context":"https:\/\/schema.org","@graph":[{"@type":"WebPage","@id":"https:\/\/sagardoarenlurraldea.eus\/fr\/product\/ataun-fr\/cidrerie-ataun-urbitarte\/","url":"https:\/\/sagardoarenlurraldea.eus\/fr\/product\/ataun-fr\/cidrerie-ataun-urbitarte\/","name":"Cidrerie Urbitarte - Sagardoaren Lurraldea","isPartOf":{"@id":"https:\/\/sagardoarenlurraldea.eus\/fr\/#website"},"primaryImageOfPage":{"@id":"https:\/\/sagardoarenlurraldea.eus\/fr\/product\/ataun-fr\/cidrerie-ataun-urbitarte\/#primaryimage"},"image":{"@id":"https:\/\/sagardoarenlurraldea.eus\/fr\/product\/ataun-fr\/cidrerie-ataun-urbitarte\/#primaryimage"},"thumbnailUrl":"https:\/\/sagardoarenlurraldea.eus\/wp-content\/uploads\/2016\/10\/SIDURB-F00.jpg","datePublished":"2017-12-27T15:11:23+00:00","breadcrumb":{"@id":"https:\/\/sagardoarenlurraldea.eus\/fr\/product\/ataun-fr\/cidrerie-ataun-urbitarte\/#breadcrumb"},"inLanguage":"fr-FR","potentialAction":[{"@type":"ReadAction","target":["https:\/\/sagardoarenlurraldea.eus\/fr\/product\/ataun-fr\/cidrerie-ataun-urbitarte\/"]}]},{"@type":"ImageObject","inLanguage":"fr-FR","@id":"https:\/\/sagardoarenlurraldea.eus\/fr\/product\/ataun-fr\/cidrerie-ataun-urbitarte\/#primaryimage","url":"https:\/\/sagardoarenlurraldea.eus\/wp-content\/uploads\/2016\/10\/SIDURB-F00.jpg","contentUrl":"https:\/\/sagardoarenlurraldea.eus\/wp-content\/uploads\/2016\/10\/SIDURB-F00.jpg","width":900,"height":600,"caption":"Zona de toneles de madera de la sidrer\u00eda Urbitarte"},{"@type":"BreadcrumbList","@id":"https:\/\/sagardoarenlurraldea.eus\/fr\/product\/ataun-fr\/cidrerie-ataun-urbitarte\/#breadcrumb","itemListElement":[{"@type":"ListItem","position":1,"name":"Inicio","item":"https:\/\/sagardoarenlurraldea.eus\/fr\/"},{"@type":"ListItem","position":2,"name":"R\u00e9servations","item":"https:\/\/sagardoarenlurraldea.eus\/fr\/reservations\/"},{"@type":"ListItem","position":3,"name":"Cidrerie Urbitarte"}]},{"@type":"WebSite","@id":"https:\/\/sagardoarenlurraldea.eus\/fr\/#website","url":"https:\/\/sagardoarenlurraldea.eus\/fr\/","name":"Sagardoaren Lurraldea","description":"El territorio de la sidra","potentialAction":[{"@type":"SearchAction","target":{"@type":"EntryPoint","urlTemplate":"https:\/\/sagardoarenlurraldea.eus\/fr\/?s={search_term_string}"},"query-input":{"@type":"PropertyValueSpecification","valueRequired":true,"valueName":"search_term_string"}}],"inLanguage":"fr-FR"}]}},"_links":{"self":[{"href":"https:\/\/sagardoarenlurraldea.eus\/fr\/wp-json\/wp\/v2\/product\/25805","targetHints":{"allow":["GET"]}}],"collection":[{"href":"https:\/\/sagardoarenlurraldea.eus\/fr\/wp-json\/wp\/v2\/product"}],"about":[{"href":"https:\/\/sagardoarenlurraldea.eus\/fr\/wp-json\/wp\/v2\/types\/product"}],"replies":[{"embeddable":true,"href":"https:\/\/sagardoarenlurraldea.eus\/fr\/wp-json\/wp\/v2\/comments?post=25805"}],"wp:featuredmedia":[{"embeddable":true,"href":"https:\/\/sagardoarenlurraldea.eus\/fr\/wp-json\/wp\/v2\/media\/8404"}],"wp:attachment":[{"href":"https:\/\/sagardoarenlurraldea.eus\/fr\/wp-json\/wp\/v2\/media?parent=25805"}],"wp:term":[{"taxonomy":"product_brand","embeddable":true,"href":"https:\/\/sagardoarenlurraldea.eus\/fr\/wp-json\/wp\/v2\/product_brand?post=25805"},{"taxonomy":"product_cat","embeddable":true,"href":"https:\/\/sagardoarenlurraldea.eus\/fr\/wp-json\/wp\/v2\/product_cat?post=25805"},{"taxonomy":"product_tag","embeddable":true,"href":"https:\/\/sagardoarenlurraldea.eus\/fr\/wp-json\/wp\/v2\/product_tag?post=25805"}],"curies":[{"name":"wp","href":"https:\/\/api.w.org\/{rel}","templated":true}]}}