{"id":25799,"date":"2017-12-27T14:21:33","date_gmt":"2017-12-27T12:21:33","guid":{"rendered":"http:\/\/www.sagardoarenlurraldea.eus\/reservar\/sin categorizar\/cidrerie-zornotza-uxarte\/"},"modified":"2017-12-27T14:21:33","modified_gmt":"2017-12-27T12:21:33","slug":"cidrerie-zornotza-uxarte","status":"publish","type":"product","link":"https:\/\/sagardoarenlurraldea.eus\/fr\/product\/cidreries-fr\/cidrerie-zornotza-uxarte\/","title":{"rendered":"Cidrerie Uxarte"},"content":{"rendered":"<h2>Description<\/h2>\n<p>Situ\u00e9e dans une ferme de plus de 300 ans, dans le quartier de Montorra, elle conserve une ambiance familiale et chaleureuse dans sa salle \u00e0 manger et ses deux salons priv\u00e9s, qui peuvent accueillir jusqu\u2019\u00e0 90 personnes. Uxarte garantit sa qualit\u00e9 en misant sur les produits du terroir.<\/p>\n<h2>D\u00e9jeuner et d\u00eener<\/h2>\n<p><strong>En saison<\/strong> (janvier &#8211; avril) : Services d\u00e9jeuner et d\u00eener de vendredi \u00e0 dimanche. Les jours restants, pour groupes de plus de 15 personnes, sous commande.<\/p>\n<p><strong>Hors saison<\/strong> (\u00e0 partir de mai) : Services d\u00e9jeuner et d\u00eener de vendredi \u00e0 dimanche. Les jours restants, pour groupes de plus de 15 personnes, sous commande.<\/p>\n<p>Capacit\u00e9 : 90 personnes.<\/p>\n<h2>Informations suppl\u00e9mentaires<\/h2>\n<p>Responsable : Jose Antonio Zamalloa<\/p>\n<p>Adresse : Montorra, 6. Amorebieta.<br \/>\nT\u00e9l. : +34 946308815<br \/>\nE-mail : <a href=\"mailto:uxarte@uxarte.com\">uxarte@uxarte.com<\/a><br \/>\nWeb : <a href=\"http:\/\/www.uxarte.com\">http:\/\/www.uxarte.com<\/a><\/p>\n","protected":false},"excerpt":{"rendered":"<p>Cidrerie ouverte toute l&rsquo;ann\u00e9e, elle est situ\u00e9e dans une ferme de plus de 300 ans.<\/p>\n","protected":false},"featured_media":8427,"comment_status":"open","ping_status":"closed","template":"","meta":{"_acf_changed":false,"_et_pb_use_builder":"","_et_pb_old_content":"","_et_gb_content_width":""},"product_brand":[],"product_cat":[2709,2715],"product_tag":[2623,2630,2633,2639,2636,2616,2615,2641,2619,2646,2640,2618,2624],"class_list":{"0":"post-25799","1":"product","2":"type-product","3":"status-publish","4":"has-post-thumbnail","6":"product_cat-cidreries-fr","7":"product_cat-zornotza-fr","8":"product_tag-acces-en-bus","9":"product_tag-acces-en-voiture","10":"product_tag-acces-en-minibus","11":"product_tag-cidre-en-bouteille","12":"product_tag-manger-a-table","13":"product_tag-groupe-de-plus-de-25","14":"product_tag-groupe-de-moins-de-25","15":"product_tag-menu-traditionnel","16":"product_tag-parking-fr","17":"product_tag-repas-et-diners-a-lannee","18":"product_tag-cidre-en-txotx","19":"product_tag-services-diner","20":"product_tag-services-dejeuner","21":"pa_caracteristicas-y-menus-manger-a-table-cidrerie","22":"pa_caracteristicas-y-menus-repas-diners-toujours-ouvert","23":"pa_caracteristicas-y-menus-cidre-en-txotx","24":"dtwm_map-uxarte-fr","26":"first","27":"instock","28":"virtual","29":"product-type-simple"},"exclude_global_add_ons":[],"addons":[],"acf":[],"yoast_head":"<!-- This site is optimized with the Yoast SEO plugin v25.4 - https:\/\/yoast.com\/wordpress\/plugins\/seo\/ -->\n<title>Cidrerie Uxarte - Sagardoaren Lurraldea<\/title>\n<meta name=\"robots\" content=\"index, follow, max-snippet:-1, max-image-preview:large, max-video-preview:-1\" \/>\n<link rel=\"canonical\" href=\"https:\/\/sagardoarenlurraldea.eus\/fr\/product\/cidreries-fr\/cidrerie-zornotza-uxarte\/\" \/>\n<meta property=\"og:locale\" content=\"fr_FR\" \/>\n<meta property=\"og:type\" content=\"article\" \/>\n<meta property=\"og:title\" content=\"Cidrerie Uxarte - Sagardoaren Lurraldea\" \/>\n<meta property=\"og:description\" content=\"Cidrerie ouverte toute l&#039;ann\u00e9e, elle est situ\u00e9e dans une ferme de plus de 300 ans.\" \/>\n<meta property=\"og:url\" content=\"https:\/\/sagardoarenlurraldea.eus\/fr\/product\/cidreries-fr\/cidrerie-zornotza-uxarte\/\" \/>\n<meta property=\"og:site_name\" content=\"Sagardoaren Lurraldea\" \/>\n<meta property=\"article:publisher\" content=\"https:\/\/www.facebook.com\/sagardoarenlurraldea\" \/>\n<meta property=\"og:image\" content=\"https:\/\/sagardoarenlurraldea.eus\/wp-content\/uploads\/2016\/10\/SIDUXA-F00.jpg\" \/>\n\t<meta property=\"og:image:width\" content=\"900\" \/>\n\t<meta property=\"og:image:height\" content=\"600\" \/>\n\t<meta property=\"og:image:type\" content=\"image\/jpeg\" \/>\n<meta name=\"twitter:card\" content=\"summary_large_image\" \/>\n<meta name=\"twitter:label1\" content=\"Dur\u00e9e de lecture estim\u00e9e\" \/>\n\t<meta name=\"twitter:data1\" content=\"1 minute\" \/>\n<script type=\"application\/ld+json\" class=\"yoast-schema-graph\">{\"@context\":\"https:\/\/schema.org\",\"@graph\":[{\"@type\":\"WebPage\",\"@id\":\"https:\/\/sagardoarenlurraldea.eus\/fr\/product\/cidreries-fr\/cidrerie-zornotza-uxarte\/\",\"url\":\"https:\/\/sagardoarenlurraldea.eus\/fr\/product\/cidreries-fr\/cidrerie-zornotza-uxarte\/\",\"name\":\"Cidrerie Uxarte - Sagardoaren Lurraldea\",\"isPartOf\":{\"@id\":\"https:\/\/sagardoarenlurraldea.eus\/fr\/#website\"},\"primaryImageOfPage\":{\"@id\":\"https:\/\/sagardoarenlurraldea.eus\/fr\/product\/cidreries-fr\/cidrerie-zornotza-uxarte\/#primaryimage\"},\"image\":{\"@id\":\"https:\/\/sagardoarenlurraldea.eus\/fr\/product\/cidreries-fr\/cidrerie-zornotza-uxarte\/#primaryimage\"},\"thumbnailUrl\":\"https:\/\/sagardoarenlurraldea.eus\/wp-content\/uploads\/2016\/10\/SIDUXA-F00.jpg\",\"datePublished\":\"2017-12-27T12:21:33+00:00\",\"breadcrumb\":{\"@id\":\"https:\/\/sagardoarenlurraldea.eus\/fr\/product\/cidreries-fr\/cidrerie-zornotza-uxarte\/#breadcrumb\"},\"inLanguage\":\"fr-FR\",\"potentialAction\":[{\"@type\":\"ReadAction\",\"target\":[\"https:\/\/sagardoarenlurraldea.eus\/fr\/product\/cidreries-fr\/cidrerie-zornotza-uxarte\/\"]}]},{\"@type\":\"ImageObject\",\"inLanguage\":\"fr-FR\",\"@id\":\"https:\/\/sagardoarenlurraldea.eus\/fr\/product\/cidreries-fr\/cidrerie-zornotza-uxarte\/#primaryimage\",\"url\":\"https:\/\/sagardoarenlurraldea.eus\/wp-content\/uploads\/2016\/10\/SIDUXA-F00.jpg\",\"contentUrl\":\"https:\/\/sagardoarenlurraldea.eus\/wp-content\/uploads\/2016\/10\/SIDUXA-F00.jpg\",\"width\":900,\"height\":600,\"caption\":\"Entrada principal de la sidrer\u00eda Uxarte\"},{\"@type\":\"BreadcrumbList\",\"@id\":\"https:\/\/sagardoarenlurraldea.eus\/fr\/product\/cidreries-fr\/cidrerie-zornotza-uxarte\/#breadcrumb\",\"itemListElement\":[{\"@type\":\"ListItem\",\"position\":1,\"name\":\"Inicio\",\"item\":\"https:\/\/sagardoarenlurraldea.eus\/fr\/\"},{\"@type\":\"ListItem\",\"position\":2,\"name\":\"R\u00e9servations\",\"item\":\"https:\/\/sagardoarenlurraldea.eus\/fr\/reservations\/\"},{\"@type\":\"ListItem\",\"position\":3,\"name\":\"Cidrerie Uxarte\"}]},{\"@type\":\"WebSite\",\"@id\":\"https:\/\/sagardoarenlurraldea.eus\/fr\/#website\",\"url\":\"https:\/\/sagardoarenlurraldea.eus\/fr\/\",\"name\":\"Sagardoaren Lurraldea\",\"description\":\"El territorio de la sidra\",\"potentialAction\":[{\"@type\":\"SearchAction\",\"target\":{\"@type\":\"EntryPoint\",\"urlTemplate\":\"https:\/\/sagardoarenlurraldea.eus\/fr\/?s={search_term_string}\"},\"query-input\":{\"@type\":\"PropertyValueSpecification\",\"valueRequired\":true,\"valueName\":\"search_term_string\"}}],\"inLanguage\":\"fr-FR\"}]}<\/script>\n<!-- \/ Yoast SEO plugin. -->","yoast_head_json":{"title":"Cidrerie Uxarte - Sagardoaren Lurraldea","robots":{"index":"index","follow":"follow","max-snippet":"max-snippet:-1","max-image-preview":"max-image-preview:large","max-video-preview":"max-video-preview:-1"},"canonical":"https:\/\/sagardoarenlurraldea.eus\/fr\/product\/cidreries-fr\/cidrerie-zornotza-uxarte\/","og_locale":"fr_FR","og_type":"article","og_title":"Cidrerie Uxarte - Sagardoaren Lurraldea","og_description":"Cidrerie ouverte toute l'ann\u00e9e, elle est situ\u00e9e dans une ferme de plus de 300 ans.","og_url":"https:\/\/sagardoarenlurraldea.eus\/fr\/product\/cidreries-fr\/cidrerie-zornotza-uxarte\/","og_site_name":"Sagardoaren Lurraldea","article_publisher":"https:\/\/www.facebook.com\/sagardoarenlurraldea","og_image":[{"width":900,"height":600,"url":"https:\/\/sagardoarenlurraldea.eus\/wp-content\/uploads\/2016\/10\/SIDUXA-F00.jpg","type":"image\/jpeg"}],"twitter_card":"summary_large_image","twitter_misc":{"Dur\u00e9e de lecture estim\u00e9e":"1 minute"},"schema":{"@context":"https:\/\/schema.org","@graph":[{"@type":"WebPage","@id":"https:\/\/sagardoarenlurraldea.eus\/fr\/product\/cidreries-fr\/cidrerie-zornotza-uxarte\/","url":"https:\/\/sagardoarenlurraldea.eus\/fr\/product\/cidreries-fr\/cidrerie-zornotza-uxarte\/","name":"Cidrerie Uxarte - Sagardoaren Lurraldea","isPartOf":{"@id":"https:\/\/sagardoarenlurraldea.eus\/fr\/#website"},"primaryImageOfPage":{"@id":"https:\/\/sagardoarenlurraldea.eus\/fr\/product\/cidreries-fr\/cidrerie-zornotza-uxarte\/#primaryimage"},"image":{"@id":"https:\/\/sagardoarenlurraldea.eus\/fr\/product\/cidreries-fr\/cidrerie-zornotza-uxarte\/#primaryimage"},"thumbnailUrl":"https:\/\/sagardoarenlurraldea.eus\/wp-content\/uploads\/2016\/10\/SIDUXA-F00.jpg","datePublished":"2017-12-27T12:21:33+00:00","breadcrumb":{"@id":"https:\/\/sagardoarenlurraldea.eus\/fr\/product\/cidreries-fr\/cidrerie-zornotza-uxarte\/#breadcrumb"},"inLanguage":"fr-FR","potentialAction":[{"@type":"ReadAction","target":["https:\/\/sagardoarenlurraldea.eus\/fr\/product\/cidreries-fr\/cidrerie-zornotza-uxarte\/"]}]},{"@type":"ImageObject","inLanguage":"fr-FR","@id":"https:\/\/sagardoarenlurraldea.eus\/fr\/product\/cidreries-fr\/cidrerie-zornotza-uxarte\/#primaryimage","url":"https:\/\/sagardoarenlurraldea.eus\/wp-content\/uploads\/2016\/10\/SIDUXA-F00.jpg","contentUrl":"https:\/\/sagardoarenlurraldea.eus\/wp-content\/uploads\/2016\/10\/SIDUXA-F00.jpg","width":900,"height":600,"caption":"Entrada principal de la sidrer\u00eda Uxarte"},{"@type":"BreadcrumbList","@id":"https:\/\/sagardoarenlurraldea.eus\/fr\/product\/cidreries-fr\/cidrerie-zornotza-uxarte\/#breadcrumb","itemListElement":[{"@type":"ListItem","position":1,"name":"Inicio","item":"https:\/\/sagardoarenlurraldea.eus\/fr\/"},{"@type":"ListItem","position":2,"name":"R\u00e9servations","item":"https:\/\/sagardoarenlurraldea.eus\/fr\/reservations\/"},{"@type":"ListItem","position":3,"name":"Cidrerie Uxarte"}]},{"@type":"WebSite","@id":"https:\/\/sagardoarenlurraldea.eus\/fr\/#website","url":"https:\/\/sagardoarenlurraldea.eus\/fr\/","name":"Sagardoaren Lurraldea","description":"El territorio de la sidra","potentialAction":[{"@type":"SearchAction","target":{"@type":"EntryPoint","urlTemplate":"https:\/\/sagardoarenlurraldea.eus\/fr\/?s={search_term_string}"},"query-input":{"@type":"PropertyValueSpecification","valueRequired":true,"valueName":"search_term_string"}}],"inLanguage":"fr-FR"}]}},"_links":{"self":[{"href":"https:\/\/sagardoarenlurraldea.eus\/fr\/wp-json\/wp\/v2\/product\/25799","targetHints":{"allow":["GET"]}}],"collection":[{"href":"https:\/\/sagardoarenlurraldea.eus\/fr\/wp-json\/wp\/v2\/product"}],"about":[{"href":"https:\/\/sagardoarenlurraldea.eus\/fr\/wp-json\/wp\/v2\/types\/product"}],"replies":[{"embeddable":true,"href":"https:\/\/sagardoarenlurraldea.eus\/fr\/wp-json\/wp\/v2\/comments?post=25799"}],"wp:featuredmedia":[{"embeddable":true,"href":"https:\/\/sagardoarenlurraldea.eus\/fr\/wp-json\/wp\/v2\/media\/8427"}],"wp:attachment":[{"href":"https:\/\/sagardoarenlurraldea.eus\/fr\/wp-json\/wp\/v2\/media?parent=25799"}],"wp:term":[{"taxonomy":"product_brand","embeddable":true,"href":"https:\/\/sagardoarenlurraldea.eus\/fr\/wp-json\/wp\/v2\/product_brand?post=25799"},{"taxonomy":"product_cat","embeddable":true,"href":"https:\/\/sagardoarenlurraldea.eus\/fr\/wp-json\/wp\/v2\/product_cat?post=25799"},{"taxonomy":"product_tag","embeddable":true,"href":"https:\/\/sagardoarenlurraldea.eus\/fr\/wp-json\/wp\/v2\/product_tag?post=25799"}],"curies":[{"name":"wp","href":"https:\/\/api.w.org\/{rel}","templated":true}]}}