{"id":25793,"date":"2017-12-27T13:36:30","date_gmt":"2017-12-27T11:36:30","guid":{"rendered":"http:\/\/www.sagardoarenlurraldea.eus\/reservar\/sin%20categorizar\/cidrerie-abaltzisketa-zalbide\/"},"modified":"2021-01-26T16:20:24","modified_gmt":"2021-01-26T14:20:24","slug":"cidrerie-abaltzisketa-zalbide","status":"publish","type":"product","link":"https:\/\/sagardoarenlurraldea.eus\/fr\/product\/abaltzisketa-fr\/cidrerie-abaltzisketa-zalbide\/","title":{"rendered":"Cidrerie Zalbide"},"content":{"rendered":"<h2>Description<\/h2>\n<p>La cidrerie Zalbide est situ\u00e9e dans un cadre sp\u00e9cial, sur le chemin du mont Txindoki, entre Amezketa et Abaltzisketa et poss\u00e8de une plantation de pommiers tr\u00e8s importante. Elle ma\u00eetrise cette activit\u00e9 depuis des temps imm\u00e9moriaux, lorsqu\u2019elle produisait son cidre pour sa propre consommation. La d\u00e9cision d\u2019ouvrir ses portes au public date de 1992.<\/p>\n<h2>D\u00e9jeuner et d\u00eener<\/h2>\n<p><strong>En saison<\/strong> (janvier &#8211; avril) : Service d\u00eener tous les soirs. Service d\u00e9jeuner de jeudi \u00e0 dimanche.<\/p>\n<p><strong>Hors saison<\/strong> (mai &#8211; octobre) : Service d\u00eener tous les soirs. Service d\u00e9jeuner de jeudi \u00e0 dimanche.<\/p>\n<p>Capacit\u00e9 : 100 personnes.<\/p>\n<h2>Informations suppl\u00e9mentaires<\/h2>\n<p>Responsable : Jose Martin Garmendia<\/p>\n<p>Adresse : Caser\u00edo Zalbide. Abaltzisketa.<br \/>\nT\u00e9l. : +34 943652176<br \/>\nE-mail : <a href=\"mailto:crg61@hotmail.es\" rel=\"noreferrer\">crg61@hotmail.es <\/a><br \/>\nWeb : <a href=\"http:\/\/www.zalbide.eus\">http:\/\/www.zalbide.eus<\/a><\/p>\n","protected":false},"excerpt":{"rendered":"<p>Cidrerie ouverte de janvier \u00e0 octobre. Une activit\u00e9 qu\u2019elle ma\u00eetrise depuis des temps imm\u00e9moriaux, lorsqu\u2019elle produisait son cidre pour sa propre consommation.<\/p>\n","protected":false},"featured_media":8437,"comment_status":"open","ping_status":"closed","template":"","meta":{"_acf_changed":false,"_et_pb_use_builder":"","_et_pb_old_content":"","_et_gb_content_width":""},"product_brand":[],"product_cat":[2036,2709],"product_tag":[2623,2630,2633,2627,2639,2637,2636,2616,2615,2641,2619,2646,2640,2618,2624],"class_list":{"0":"post-25793","1":"product","2":"type-product","3":"status-publish","4":"has-post-thumbnail","6":"product_cat-abaltzisketa-fr","7":"product_cat-cidreries-fr","8":"product_tag-acces-en-bus","9":"product_tag-acces-en-voiture","10":"product_tag-acces-en-minibus","11":"product_tag-acces-handicapes","12":"product_tag-cidre-en-bouteille","13":"product_tag-manger-debout","14":"product_tag-manger-a-table","15":"product_tag-groupe-de-plus-de-25","16":"product_tag-groupe-de-moins-de-25","17":"product_tag-menu-traditionnel","18":"product_tag-parking-fr","19":"product_tag-repas-et-diners-a-lannee","20":"product_tag-cidre-en-txotx","21":"product_tag-services-diner","22":"product_tag-services-dejeuner","23":"pa_caracteristicas-y-menus-manger-debout-cidrerie","24":"pa_caracteristicas-y-menus-groupe-plus-25","25":"pa_caracteristicas-y-menus-manger-a-table-cidrerie","26":"pa_caracteristicas-y-menus-repas-diners-toujours-ouvert","27":"pa_caracteristicas-y-menus-cidre-en-txotx","28":"dtwm_map-zalbide-fr","30":"first","31":"instock","32":"virtual","33":"product-type-simple"},"exclude_global_add_ons":[],"addons":[],"acf":[],"yoast_head":"<!-- This site is optimized with the Yoast SEO plugin v25.4 - https:\/\/yoast.com\/wordpress\/plugins\/seo\/ -->\n<title>Cidrerie Zalbide - Sagardoaren Lurraldea<\/title>\n<meta name=\"robots\" content=\"index, follow, max-snippet:-1, max-image-preview:large, max-video-preview:-1\" \/>\n<link rel=\"canonical\" href=\"https:\/\/sagardoarenlurraldea.eus\/fr\/product\/abaltzisketa-fr\/cidrerie-abaltzisketa-zalbide\/\" \/>\n<meta property=\"og:locale\" content=\"fr_FR\" \/>\n<meta property=\"og:type\" content=\"article\" \/>\n<meta property=\"og:title\" content=\"Cidrerie Zalbide - Sagardoaren Lurraldea\" \/>\n<meta property=\"og:description\" content=\"Cidrerie ouverte de janvier \u00e0 octobre. Une activit\u00e9 qu\u2019elle ma\u00eetrise depuis des temps imm\u00e9moriaux, lorsqu\u2019elle produisait son cidre pour sa propre consommation.\" \/>\n<meta property=\"og:url\" content=\"https:\/\/sagardoarenlurraldea.eus\/fr\/product\/abaltzisketa-fr\/cidrerie-abaltzisketa-zalbide\/\" \/>\n<meta property=\"og:site_name\" content=\"Sagardoaren Lurraldea\" \/>\n<meta property=\"article:publisher\" content=\"https:\/\/www.facebook.com\/sagardoarenlurraldea\" \/>\n<meta property=\"article:modified_time\" content=\"2021-01-26T14:20:24+00:00\" \/>\n<meta property=\"og:image\" content=\"https:\/\/sagardoarenlurraldea.eus\/wp-content\/uploads\/2016\/10\/SIDZAL-F00.jpg\" \/>\n\t<meta property=\"og:image:width\" content=\"900\" \/>\n\t<meta property=\"og:image:height\" content=\"600\" \/>\n\t<meta property=\"og:image:type\" content=\"image\/jpeg\" \/>\n<meta name=\"twitter:card\" content=\"summary_large_image\" \/>\n<meta name=\"twitter:label1\" content=\"Dur\u00e9e de lecture estim\u00e9e\" \/>\n\t<meta name=\"twitter:data1\" content=\"1 minute\" \/>\n<script type=\"application\/ld+json\" class=\"yoast-schema-graph\">{\"@context\":\"https:\/\/schema.org\",\"@graph\":[{\"@type\":\"WebPage\",\"@id\":\"https:\/\/sagardoarenlurraldea.eus\/fr\/product\/abaltzisketa-fr\/cidrerie-abaltzisketa-zalbide\/\",\"url\":\"https:\/\/sagardoarenlurraldea.eus\/fr\/product\/abaltzisketa-fr\/cidrerie-abaltzisketa-zalbide\/\",\"name\":\"Cidrerie Zalbide - Sagardoaren Lurraldea\",\"isPartOf\":{\"@id\":\"https:\/\/sagardoarenlurraldea.eus\/fr\/#website\"},\"primaryImageOfPage\":{\"@id\":\"https:\/\/sagardoarenlurraldea.eus\/fr\/product\/abaltzisketa-fr\/cidrerie-abaltzisketa-zalbide\/#primaryimage\"},\"image\":{\"@id\":\"https:\/\/sagardoarenlurraldea.eus\/fr\/product\/abaltzisketa-fr\/cidrerie-abaltzisketa-zalbide\/#primaryimage\"},\"thumbnailUrl\":\"https:\/\/sagardoarenlurraldea.eus\/wp-content\/uploads\/2016\/10\/SIDZAL-F00.jpg\",\"datePublished\":\"2017-12-27T11:36:30+00:00\",\"dateModified\":\"2021-01-26T14:20:24+00:00\",\"breadcrumb\":{\"@id\":\"https:\/\/sagardoarenlurraldea.eus\/fr\/product\/abaltzisketa-fr\/cidrerie-abaltzisketa-zalbide\/#breadcrumb\"},\"inLanguage\":\"fr-FR\",\"potentialAction\":[{\"@type\":\"ReadAction\",\"target\":[\"https:\/\/sagardoarenlurraldea.eus\/fr\/product\/abaltzisketa-fr\/cidrerie-abaltzisketa-zalbide\/\"]}]},{\"@type\":\"ImageObject\",\"inLanguage\":\"fr-FR\",\"@id\":\"https:\/\/sagardoarenlurraldea.eus\/fr\/product\/abaltzisketa-fr\/cidrerie-abaltzisketa-zalbide\/#primaryimage\",\"url\":\"https:\/\/sagardoarenlurraldea.eus\/wp-content\/uploads\/2016\/10\/SIDZAL-F00.jpg\",\"contentUrl\":\"https:\/\/sagardoarenlurraldea.eus\/wp-content\/uploads\/2016\/10\/SIDZAL-F00.jpg\",\"width\":900,\"height\":600},{\"@type\":\"BreadcrumbList\",\"@id\":\"https:\/\/sagardoarenlurraldea.eus\/fr\/product\/abaltzisketa-fr\/cidrerie-abaltzisketa-zalbide\/#breadcrumb\",\"itemListElement\":[{\"@type\":\"ListItem\",\"position\":1,\"name\":\"Inicio\",\"item\":\"https:\/\/sagardoarenlurraldea.eus\/fr\/\"},{\"@type\":\"ListItem\",\"position\":2,\"name\":\"R\u00e9servations\",\"item\":\"https:\/\/sagardoarenlurraldea.eus\/fr\/reservations\/\"},{\"@type\":\"ListItem\",\"position\":3,\"name\":\"Cidrerie Zalbide\"}]},{\"@type\":\"WebSite\",\"@id\":\"https:\/\/sagardoarenlurraldea.eus\/fr\/#website\",\"url\":\"https:\/\/sagardoarenlurraldea.eus\/fr\/\",\"name\":\"Sagardoaren Lurraldea\",\"description\":\"El territorio de la sidra\",\"potentialAction\":[{\"@type\":\"SearchAction\",\"target\":{\"@type\":\"EntryPoint\",\"urlTemplate\":\"https:\/\/sagardoarenlurraldea.eus\/fr\/?s={search_term_string}\"},\"query-input\":{\"@type\":\"PropertyValueSpecification\",\"valueRequired\":true,\"valueName\":\"search_term_string\"}}],\"inLanguage\":\"fr-FR\"}]}<\/script>\n<!-- \/ Yoast SEO plugin. -->","yoast_head_json":{"title":"Cidrerie Zalbide - Sagardoaren Lurraldea","robots":{"index":"index","follow":"follow","max-snippet":"max-snippet:-1","max-image-preview":"max-image-preview:large","max-video-preview":"max-video-preview:-1"},"canonical":"https:\/\/sagardoarenlurraldea.eus\/fr\/product\/abaltzisketa-fr\/cidrerie-abaltzisketa-zalbide\/","og_locale":"fr_FR","og_type":"article","og_title":"Cidrerie Zalbide - Sagardoaren Lurraldea","og_description":"Cidrerie ouverte de janvier \u00e0 octobre. Une activit\u00e9 qu\u2019elle ma\u00eetrise depuis des temps imm\u00e9moriaux, lorsqu\u2019elle produisait son cidre pour sa propre consommation.","og_url":"https:\/\/sagardoarenlurraldea.eus\/fr\/product\/abaltzisketa-fr\/cidrerie-abaltzisketa-zalbide\/","og_site_name":"Sagardoaren Lurraldea","article_publisher":"https:\/\/www.facebook.com\/sagardoarenlurraldea","article_modified_time":"2021-01-26T14:20:24+00:00","og_image":[{"width":900,"height":600,"url":"https:\/\/sagardoarenlurraldea.eus\/wp-content\/uploads\/2016\/10\/SIDZAL-F00.jpg","type":"image\/jpeg"}],"twitter_card":"summary_large_image","twitter_misc":{"Dur\u00e9e de lecture estim\u00e9e":"1 minute"},"schema":{"@context":"https:\/\/schema.org","@graph":[{"@type":"WebPage","@id":"https:\/\/sagardoarenlurraldea.eus\/fr\/product\/abaltzisketa-fr\/cidrerie-abaltzisketa-zalbide\/","url":"https:\/\/sagardoarenlurraldea.eus\/fr\/product\/abaltzisketa-fr\/cidrerie-abaltzisketa-zalbide\/","name":"Cidrerie Zalbide - Sagardoaren Lurraldea","isPartOf":{"@id":"https:\/\/sagardoarenlurraldea.eus\/fr\/#website"},"primaryImageOfPage":{"@id":"https:\/\/sagardoarenlurraldea.eus\/fr\/product\/abaltzisketa-fr\/cidrerie-abaltzisketa-zalbide\/#primaryimage"},"image":{"@id":"https:\/\/sagardoarenlurraldea.eus\/fr\/product\/abaltzisketa-fr\/cidrerie-abaltzisketa-zalbide\/#primaryimage"},"thumbnailUrl":"https:\/\/sagardoarenlurraldea.eus\/wp-content\/uploads\/2016\/10\/SIDZAL-F00.jpg","datePublished":"2017-12-27T11:36:30+00:00","dateModified":"2021-01-26T14:20:24+00:00","breadcrumb":{"@id":"https:\/\/sagardoarenlurraldea.eus\/fr\/product\/abaltzisketa-fr\/cidrerie-abaltzisketa-zalbide\/#breadcrumb"},"inLanguage":"fr-FR","potentialAction":[{"@type":"ReadAction","target":["https:\/\/sagardoarenlurraldea.eus\/fr\/product\/abaltzisketa-fr\/cidrerie-abaltzisketa-zalbide\/"]}]},{"@type":"ImageObject","inLanguage":"fr-FR","@id":"https:\/\/sagardoarenlurraldea.eus\/fr\/product\/abaltzisketa-fr\/cidrerie-abaltzisketa-zalbide\/#primaryimage","url":"https:\/\/sagardoarenlurraldea.eus\/wp-content\/uploads\/2016\/10\/SIDZAL-F00.jpg","contentUrl":"https:\/\/sagardoarenlurraldea.eus\/wp-content\/uploads\/2016\/10\/SIDZAL-F00.jpg","width":900,"height":600},{"@type":"BreadcrumbList","@id":"https:\/\/sagardoarenlurraldea.eus\/fr\/product\/abaltzisketa-fr\/cidrerie-abaltzisketa-zalbide\/#breadcrumb","itemListElement":[{"@type":"ListItem","position":1,"name":"Inicio","item":"https:\/\/sagardoarenlurraldea.eus\/fr\/"},{"@type":"ListItem","position":2,"name":"R\u00e9servations","item":"https:\/\/sagardoarenlurraldea.eus\/fr\/reservations\/"},{"@type":"ListItem","position":3,"name":"Cidrerie Zalbide"}]},{"@type":"WebSite","@id":"https:\/\/sagardoarenlurraldea.eus\/fr\/#website","url":"https:\/\/sagardoarenlurraldea.eus\/fr\/","name":"Sagardoaren Lurraldea","description":"El territorio de la sidra","potentialAction":[{"@type":"SearchAction","target":{"@type":"EntryPoint","urlTemplate":"https:\/\/sagardoarenlurraldea.eus\/fr\/?s={search_term_string}"},"query-input":{"@type":"PropertyValueSpecification","valueRequired":true,"valueName":"search_term_string"}}],"inLanguage":"fr-FR"}]}},"_links":{"self":[{"href":"https:\/\/sagardoarenlurraldea.eus\/fr\/wp-json\/wp\/v2\/product\/25793","targetHints":{"allow":["GET"]}}],"collection":[{"href":"https:\/\/sagardoarenlurraldea.eus\/fr\/wp-json\/wp\/v2\/product"}],"about":[{"href":"https:\/\/sagardoarenlurraldea.eus\/fr\/wp-json\/wp\/v2\/types\/product"}],"replies":[{"embeddable":true,"href":"https:\/\/sagardoarenlurraldea.eus\/fr\/wp-json\/wp\/v2\/comments?post=25793"}],"wp:featuredmedia":[{"embeddable":true,"href":"https:\/\/sagardoarenlurraldea.eus\/fr\/wp-json\/wp\/v2\/media\/8437"}],"wp:attachment":[{"href":"https:\/\/sagardoarenlurraldea.eus\/fr\/wp-json\/wp\/v2\/media?parent=25793"}],"wp:term":[{"taxonomy":"product_brand","embeddable":true,"href":"https:\/\/sagardoarenlurraldea.eus\/fr\/wp-json\/wp\/v2\/product_brand?post=25793"},{"taxonomy":"product_cat","embeddable":true,"href":"https:\/\/sagardoarenlurraldea.eus\/fr\/wp-json\/wp\/v2\/product_cat?post=25793"},{"taxonomy":"product_tag","embeddable":true,"href":"https:\/\/sagardoarenlurraldea.eus\/fr\/wp-json\/wp\/v2\/product_tag?post=25793"}],"curies":[{"name":"wp","href":"https:\/\/api.w.org\/{rel}","templated":true}]}}