{"id":25771,"date":"2017-12-29T13:56:05","date_gmt":"2017-12-29T11:56:05","guid":{"rendered":"http:\/\/www.sagardoarenlurraldea.eus\/reservar\/sin categorizar\/cidrerie-lezama-erdikoetxe\/"},"modified":"2017-12-29T13:56:05","modified_gmt":"2017-12-29T11:56:05","slug":"cidrerie-lezama-erdikoetxe","status":"publish","type":"product","link":"https:\/\/sagardoarenlurraldea.eus\/fr\/product\/lezama-fr\/cidrerie-lezama-erdikoetxe\/","title":{"rendered":"Cidrerie Erdikoetxe"},"content":{"rendered":"<h2>Description<\/h2>\n<p>Construite en 1890, la ferme Erdikoetxe a \u00e9t\u00e9 r\u00e9habilit\u00e9e en alliant son architecture originale \u00e0 la fonctionnalit\u00e9 moderne. Situ\u00e9 dans une zone agricole sp\u00e9cialement prot\u00e9g\u00e9e, ce coin tranquille se trouve \u00e0 proximit\u00e9 de sites embl\u00e9matiques du Pays Basque, tels que les Parcs Naturels d\u2019Urkiola et du Gorbea ou la R\u00e9serve d\u2019Urdaibai avec les plages de Laga et Laida toutes proches.<\/p>\n<h2>D\u00e9jeuner et d\u00eener<\/h2>\n<p>Il n&rsquo;y a pas de service restaurant. Elle ne vend que du cidre en bouteille<\/p>\n<h2>Informations suppl\u00e9mentaires<\/h2>\n<p>Responsable : Andoni Ojanguren<\/p>\n<p>Adresse : Goitioltza, 38. Lezama.<br \/>\nT\u00e9l. : +34 944573285<\/p>\n","protected":false},"excerpt":{"rendered":"<p>Cidrerie-agritourisme situ\u00e9e \u00e0 Lezama.<\/p>\n","protected":false},"featured_media":8030,"comment_status":"open","ping_status":"closed","template":"","meta":{"_acf_changed":false,"_et_pb_use_builder":"","_et_pb_old_content":"","_et_gb_content_width":""},"product_brand":[],"product_cat":[2701,2709],"product_tag":[2623,2630,2633,2635,2639,2619],"class_list":{"0":"post-25771","1":"product","2":"type-product","3":"status-publish","4":"has-post-thumbnail","6":"product_cat-lezama-fr","7":"product_cat-cidreries-fr","8":"product_tag-acces-en-bus","9":"product_tag-acces-en-voiture","10":"product_tag-acces-en-minibus","11":"product_tag-agrotourisme","12":"product_tag-cidre-en-bouteille","13":"product_tag-parking-fr","14":"dtwm_map-erdikoetxe-fr","16":"first","17":"instock","18":"virtual","19":"product-type-simple"},"exclude_global_add_ons":[],"addons":[],"acf":[],"yoast_head":"<!-- This site is optimized with the Yoast SEO plugin v25.4 - https:\/\/yoast.com\/wordpress\/plugins\/seo\/ -->\n<title>Cidrerie Erdikoetxe - Sagardoaren Lurraldea<\/title>\n<meta name=\"robots\" content=\"index, follow, max-snippet:-1, max-image-preview:large, max-video-preview:-1\" \/>\n<link rel=\"canonical\" href=\"https:\/\/sagardoarenlurraldea.eus\/fr\/product\/lezama-fr\/cidrerie-lezama-erdikoetxe\/\" \/>\n<meta property=\"og:locale\" content=\"fr_FR\" \/>\n<meta property=\"og:type\" content=\"article\" \/>\n<meta property=\"og:title\" content=\"Cidrerie Erdikoetxe - Sagardoaren Lurraldea\" \/>\n<meta property=\"og:description\" content=\"Cidrerie-agritourisme situ\u00e9e \u00e0 Lezama.\" \/>\n<meta property=\"og:url\" content=\"https:\/\/sagardoarenlurraldea.eus\/fr\/product\/lezama-fr\/cidrerie-lezama-erdikoetxe\/\" \/>\n<meta property=\"og:site_name\" content=\"Sagardoaren Lurraldea\" \/>\n<meta property=\"article:publisher\" content=\"https:\/\/www.facebook.com\/sagardoarenlurraldea\" \/>\n<meta property=\"og:image\" content=\"https:\/\/sagardoarenlurraldea.eus\/wp-content\/uploads\/2016\/08\/SIDERD-F00.jpg\" \/>\n\t<meta property=\"og:image:width\" content=\"900\" \/>\n\t<meta property=\"og:image:height\" content=\"600\" \/>\n\t<meta property=\"og:image:type\" content=\"image\/jpeg\" \/>\n<meta name=\"twitter:card\" content=\"summary_large_image\" \/>\n<script type=\"application\/ld+json\" class=\"yoast-schema-graph\">{\"@context\":\"https:\/\/schema.org\",\"@graph\":[{\"@type\":\"WebPage\",\"@id\":\"https:\/\/sagardoarenlurraldea.eus\/fr\/product\/lezama-fr\/cidrerie-lezama-erdikoetxe\/\",\"url\":\"https:\/\/sagardoarenlurraldea.eus\/fr\/product\/lezama-fr\/cidrerie-lezama-erdikoetxe\/\",\"name\":\"Cidrerie Erdikoetxe - Sagardoaren Lurraldea\",\"isPartOf\":{\"@id\":\"https:\/\/sagardoarenlurraldea.eus\/fr\/#website\"},\"primaryImageOfPage\":{\"@id\":\"https:\/\/sagardoarenlurraldea.eus\/fr\/product\/lezama-fr\/cidrerie-lezama-erdikoetxe\/#primaryimage\"},\"image\":{\"@id\":\"https:\/\/sagardoarenlurraldea.eus\/fr\/product\/lezama-fr\/cidrerie-lezama-erdikoetxe\/#primaryimage\"},\"thumbnailUrl\":\"https:\/\/sagardoarenlurraldea.eus\/wp-content\/uploads\/2016\/08\/SIDERD-F00.jpg\",\"datePublished\":\"2017-12-29T11:56:05+00:00\",\"breadcrumb\":{\"@id\":\"https:\/\/sagardoarenlurraldea.eus\/fr\/product\/lezama-fr\/cidrerie-lezama-erdikoetxe\/#breadcrumb\"},\"inLanguage\":\"fr-FR\",\"potentialAction\":[{\"@type\":\"ReadAction\",\"target\":[\"https:\/\/sagardoarenlurraldea.eus\/fr\/product\/lezama-fr\/cidrerie-lezama-erdikoetxe\/\"]}]},{\"@type\":\"ImageObject\",\"inLanguage\":\"fr-FR\",\"@id\":\"https:\/\/sagardoarenlurraldea.eus\/fr\/product\/lezama-fr\/cidrerie-lezama-erdikoetxe\/#primaryimage\",\"url\":\"https:\/\/sagardoarenlurraldea.eus\/wp-content\/uploads\/2016\/08\/SIDERD-F00.jpg\",\"contentUrl\":\"https:\/\/sagardoarenlurraldea.eus\/wp-content\/uploads\/2016\/08\/SIDERD-F00.jpg\",\"width\":900,\"height\":600,\"caption\":\"Fachada principal de la sidrer\u00eda Erdikoetxe\"},{\"@type\":\"BreadcrumbList\",\"@id\":\"https:\/\/sagardoarenlurraldea.eus\/fr\/product\/lezama-fr\/cidrerie-lezama-erdikoetxe\/#breadcrumb\",\"itemListElement\":[{\"@type\":\"ListItem\",\"position\":1,\"name\":\"Inicio\",\"item\":\"https:\/\/sagardoarenlurraldea.eus\/fr\/\"},{\"@type\":\"ListItem\",\"position\":2,\"name\":\"R\u00e9servations\",\"item\":\"https:\/\/sagardoarenlurraldea.eus\/fr\/reservations\/\"},{\"@type\":\"ListItem\",\"position\":3,\"name\":\"Cidrerie Erdikoetxe\"}]},{\"@type\":\"WebSite\",\"@id\":\"https:\/\/sagardoarenlurraldea.eus\/fr\/#website\",\"url\":\"https:\/\/sagardoarenlurraldea.eus\/fr\/\",\"name\":\"Sagardoaren Lurraldea\",\"description\":\"El territorio de la sidra\",\"potentialAction\":[{\"@type\":\"SearchAction\",\"target\":{\"@type\":\"EntryPoint\",\"urlTemplate\":\"https:\/\/sagardoarenlurraldea.eus\/fr\/?s={search_term_string}\"},\"query-input\":{\"@type\":\"PropertyValueSpecification\",\"valueRequired\":true,\"valueName\":\"search_term_string\"}}],\"inLanguage\":\"fr-FR\"}]}<\/script>\n<!-- \/ Yoast SEO plugin. -->","yoast_head_json":{"title":"Cidrerie Erdikoetxe - Sagardoaren Lurraldea","robots":{"index":"index","follow":"follow","max-snippet":"max-snippet:-1","max-image-preview":"max-image-preview:large","max-video-preview":"max-video-preview:-1"},"canonical":"https:\/\/sagardoarenlurraldea.eus\/fr\/product\/lezama-fr\/cidrerie-lezama-erdikoetxe\/","og_locale":"fr_FR","og_type":"article","og_title":"Cidrerie Erdikoetxe - Sagardoaren Lurraldea","og_description":"Cidrerie-agritourisme situ\u00e9e \u00e0 Lezama.","og_url":"https:\/\/sagardoarenlurraldea.eus\/fr\/product\/lezama-fr\/cidrerie-lezama-erdikoetxe\/","og_site_name":"Sagardoaren Lurraldea","article_publisher":"https:\/\/www.facebook.com\/sagardoarenlurraldea","og_image":[{"width":900,"height":600,"url":"https:\/\/sagardoarenlurraldea.eus\/wp-content\/uploads\/2016\/08\/SIDERD-F00.jpg","type":"image\/jpeg"}],"twitter_card":"summary_large_image","schema":{"@context":"https:\/\/schema.org","@graph":[{"@type":"WebPage","@id":"https:\/\/sagardoarenlurraldea.eus\/fr\/product\/lezama-fr\/cidrerie-lezama-erdikoetxe\/","url":"https:\/\/sagardoarenlurraldea.eus\/fr\/product\/lezama-fr\/cidrerie-lezama-erdikoetxe\/","name":"Cidrerie Erdikoetxe - Sagardoaren Lurraldea","isPartOf":{"@id":"https:\/\/sagardoarenlurraldea.eus\/fr\/#website"},"primaryImageOfPage":{"@id":"https:\/\/sagardoarenlurraldea.eus\/fr\/product\/lezama-fr\/cidrerie-lezama-erdikoetxe\/#primaryimage"},"image":{"@id":"https:\/\/sagardoarenlurraldea.eus\/fr\/product\/lezama-fr\/cidrerie-lezama-erdikoetxe\/#primaryimage"},"thumbnailUrl":"https:\/\/sagardoarenlurraldea.eus\/wp-content\/uploads\/2016\/08\/SIDERD-F00.jpg","datePublished":"2017-12-29T11:56:05+00:00","breadcrumb":{"@id":"https:\/\/sagardoarenlurraldea.eus\/fr\/product\/lezama-fr\/cidrerie-lezama-erdikoetxe\/#breadcrumb"},"inLanguage":"fr-FR","potentialAction":[{"@type":"ReadAction","target":["https:\/\/sagardoarenlurraldea.eus\/fr\/product\/lezama-fr\/cidrerie-lezama-erdikoetxe\/"]}]},{"@type":"ImageObject","inLanguage":"fr-FR","@id":"https:\/\/sagardoarenlurraldea.eus\/fr\/product\/lezama-fr\/cidrerie-lezama-erdikoetxe\/#primaryimage","url":"https:\/\/sagardoarenlurraldea.eus\/wp-content\/uploads\/2016\/08\/SIDERD-F00.jpg","contentUrl":"https:\/\/sagardoarenlurraldea.eus\/wp-content\/uploads\/2016\/08\/SIDERD-F00.jpg","width":900,"height":600,"caption":"Fachada principal de la sidrer\u00eda Erdikoetxe"},{"@type":"BreadcrumbList","@id":"https:\/\/sagardoarenlurraldea.eus\/fr\/product\/lezama-fr\/cidrerie-lezama-erdikoetxe\/#breadcrumb","itemListElement":[{"@type":"ListItem","position":1,"name":"Inicio","item":"https:\/\/sagardoarenlurraldea.eus\/fr\/"},{"@type":"ListItem","position":2,"name":"R\u00e9servations","item":"https:\/\/sagardoarenlurraldea.eus\/fr\/reservations\/"},{"@type":"ListItem","position":3,"name":"Cidrerie Erdikoetxe"}]},{"@type":"WebSite","@id":"https:\/\/sagardoarenlurraldea.eus\/fr\/#website","url":"https:\/\/sagardoarenlurraldea.eus\/fr\/","name":"Sagardoaren Lurraldea","description":"El territorio de la sidra","potentialAction":[{"@type":"SearchAction","target":{"@type":"EntryPoint","urlTemplate":"https:\/\/sagardoarenlurraldea.eus\/fr\/?s={search_term_string}"},"query-input":{"@type":"PropertyValueSpecification","valueRequired":true,"valueName":"search_term_string"}}],"inLanguage":"fr-FR"}]}},"_links":{"self":[{"href":"https:\/\/sagardoarenlurraldea.eus\/fr\/wp-json\/wp\/v2\/product\/25771","targetHints":{"allow":["GET"]}}],"collection":[{"href":"https:\/\/sagardoarenlurraldea.eus\/fr\/wp-json\/wp\/v2\/product"}],"about":[{"href":"https:\/\/sagardoarenlurraldea.eus\/fr\/wp-json\/wp\/v2\/types\/product"}],"replies":[{"embeddable":true,"href":"https:\/\/sagardoarenlurraldea.eus\/fr\/wp-json\/wp\/v2\/comments?post=25771"}],"wp:featuredmedia":[{"embeddable":true,"href":"https:\/\/sagardoarenlurraldea.eus\/fr\/wp-json\/wp\/v2\/media\/8030"}],"wp:attachment":[{"href":"https:\/\/sagardoarenlurraldea.eus\/fr\/wp-json\/wp\/v2\/media?parent=25771"}],"wp:term":[{"taxonomy":"product_brand","embeddable":true,"href":"https:\/\/sagardoarenlurraldea.eus\/fr\/wp-json\/wp\/v2\/product_brand?post=25771"},{"taxonomy":"product_cat","embeddable":true,"href":"https:\/\/sagardoarenlurraldea.eus\/fr\/wp-json\/wp\/v2\/product_cat?post=25771"},{"taxonomy":"product_tag","embeddable":true,"href":"https:\/\/sagardoarenlurraldea.eus\/fr\/wp-json\/wp\/v2\/product_tag?post=25771"}],"curies":[{"name":"wp","href":"https:\/\/api.w.org\/{rel}","templated":true}]}}