{"id":25768,"date":"2016-07-29T14:41:29","date_gmt":"2016-07-29T12:41:29","guid":{"rendered":"http:\/\/www.sagardoarenlurraldea.eus\/reservar\/sin categorizar\/cidrerie-usurbil-aialde-berri\/"},"modified":"2016-07-29T14:41:29","modified_gmt":"2016-07-29T12:41:29","slug":"cidrerie-usurbil-aialde-berri","status":"publish","type":"product","link":"https:\/\/sagardoarenlurraldea.eus\/fr\/product\/cidreries-fr\/cidrerie-usurbil-aialde-berri\/","title":{"rendered":"Cidrerie Aialde Berri"},"content":{"rendered":"<h2>Description<\/h2>\n<p>Aialde Berri s&rsquo;agit d&rsquo;une cidrerie familial situ\u00e9e \u00e0 Usurbil et connue par la qualit\u00e9 de son cidre, \u00e9labor\u00e9 de fa\u00e7on traditionnel. Elle dispose de grandes cuves en bois pour go\u00fbter le cidre durant la saison du Txotx.<\/p>\n<h2>D\u00e9jeuner et d\u00eener<\/h2>\n<p><strong>En saison<\/strong> (janvier &#8211; avril) : Service d\u00eener de lundi \u00e0 vendred. Samedi: midi et soir. Dimanche: service d\u00e9jeuner.<\/p>\n<p><strong>Hors saison<\/strong> (\u00e0 partir de mai) : Ferm\u00e9e.<\/p>\n<h2>Informations suppl\u00e9mentaires<\/h2>\n<p>Responsable : Jose Antonio Lazcano<\/p>\n<p>Adresse : Santuenea auzoa, 37. Usurbil.<br \/>\nT\u00e9l. : +34 943365031<br \/>\nE-mail : <a href=\"mailto:info@aialdeberri.eu\">info@aialdeberri.eu <\/a><br \/>\nWeb : <a href=\"http:\/\/aialdeberri.eu\">aialdeberri.eu<\/a><\/p>\n","protected":false},"excerpt":{"rendered":"<p>Cidrerie ouverte durant la saison du Txotx (janvier-avril). Cidrerie situ\u00e9e dans la localit\u00e9 d\u2019Usurbil, dans le quartier de Santuenea.<\/p>\n","protected":false},"featured_media":7825,"comment_status":"open","ping_status":"closed","template":"","meta":{"_acf_changed":false,"_et_pb_use_builder":"","_et_pb_old_content":"","_et_gb_content_width":""},"product_brand":[],"product_cat":[2709,2712],"product_tag":[2634,2631,2642,2623,2630,2633,2636,2616,2615,2641,2619,2640,2618,2624],"class_list":{"0":"post-25768","1":"product","2":"type-product","3":"status-publish","4":"has-post-thumbnail","6":"product_cat-cidreries-fr","7":"product_cat-usurbil-fr","8":"product_tag-acces-a-pied","9":"product_tag-acces-en-bus-de-ligne","10":"product_tag-acces-en-train","11":"product_tag-acces-en-bus","12":"product_tag-acces-en-voiture","13":"product_tag-acces-en-minibus","14":"product_tag-manger-a-table","15":"product_tag-groupe-de-plus-de-25","16":"product_tag-groupe-de-moins-de-25","17":"product_tag-menu-traditionnel","18":"product_tag-parking-fr","19":"product_tag-cidre-en-txotx","20":"product_tag-services-diner","21":"product_tag-services-dejeuner","22":"pa_acceso-a-pied","23":"pa_acceso-bus-de-ligne","24":"pa_acceso-train-fr","25":"pa_caracteristicas-y-menus-groupe-plus-25","26":"pa_caracteristicas-y-menus-cidre-en-txotx","27":"dtwm_map-aialde-berri-fr","29":"first","30":"instock","31":"virtual","32":"product-type-simple"},"exclude_global_add_ons":[],"addons":[],"acf":[],"yoast_head":"<!-- This site is optimized with the Yoast SEO plugin v25.4 - https:\/\/yoast.com\/wordpress\/plugins\/seo\/ -->\n<title>Cidrerie Aialde Berri - Sagardoaren Lurraldea<\/title>\n<meta name=\"robots\" content=\"index, follow, max-snippet:-1, max-image-preview:large, max-video-preview:-1\" \/>\n<link rel=\"canonical\" href=\"https:\/\/sagardoarenlurraldea.eus\/fr\/product\/cidreries-fr\/cidrerie-usurbil-aialde-berri\/\" \/>\n<meta property=\"og:locale\" content=\"fr_FR\" \/>\n<meta property=\"og:type\" content=\"article\" \/>\n<meta property=\"og:title\" content=\"Cidrerie Aialde Berri - Sagardoaren Lurraldea\" \/>\n<meta property=\"og:description\" content=\"Cidrerie ouverte durant la saison du Txotx (janvier-avril). Cidrerie situ\u00e9e dans la localit\u00e9 d\u2019Usurbil, dans le quartier de Santuenea.\" \/>\n<meta property=\"og:url\" content=\"https:\/\/sagardoarenlurraldea.eus\/fr\/product\/cidreries-fr\/cidrerie-usurbil-aialde-berri\/\" \/>\n<meta property=\"og:site_name\" content=\"Sagardoaren Lurraldea\" \/>\n<meta property=\"article:publisher\" content=\"https:\/\/www.facebook.com\/sagardoarenlurraldea\" \/>\n<meta property=\"og:image\" content=\"https:\/\/sagardoarenlurraldea.eus\/wp-content\/uploads\/2016\/07\/SIDAIA-F00.jpg\" \/>\n\t<meta property=\"og:image:width\" content=\"900\" \/>\n\t<meta property=\"og:image:height\" content=\"600\" \/>\n\t<meta property=\"og:image:type\" content=\"image\/jpeg\" \/>\n<meta name=\"twitter:card\" content=\"summary_large_image\" \/>\n<script type=\"application\/ld+json\" class=\"yoast-schema-graph\">{\"@context\":\"https:\/\/schema.org\",\"@graph\":[{\"@type\":\"WebPage\",\"@id\":\"https:\/\/sagardoarenlurraldea.eus\/fr\/product\/cidreries-fr\/cidrerie-usurbil-aialde-berri\/\",\"url\":\"https:\/\/sagardoarenlurraldea.eus\/fr\/product\/cidreries-fr\/cidrerie-usurbil-aialde-berri\/\",\"name\":\"Cidrerie Aialde Berri - Sagardoaren Lurraldea\",\"isPartOf\":{\"@id\":\"https:\/\/sagardoarenlurraldea.eus\/fr\/#website\"},\"primaryImageOfPage\":{\"@id\":\"https:\/\/sagardoarenlurraldea.eus\/fr\/product\/cidreries-fr\/cidrerie-usurbil-aialde-berri\/#primaryimage\"},\"image\":{\"@id\":\"https:\/\/sagardoarenlurraldea.eus\/fr\/product\/cidreries-fr\/cidrerie-usurbil-aialde-berri\/#primaryimage\"},\"thumbnailUrl\":\"https:\/\/sagardoarenlurraldea.eus\/wp-content\/uploads\/2016\/07\/SIDAIA-F00.jpg\",\"datePublished\":\"2016-07-29T12:41:29+00:00\",\"breadcrumb\":{\"@id\":\"https:\/\/sagardoarenlurraldea.eus\/fr\/product\/cidreries-fr\/cidrerie-usurbil-aialde-berri\/#breadcrumb\"},\"inLanguage\":\"fr-FR\",\"potentialAction\":[{\"@type\":\"ReadAction\",\"target\":[\"https:\/\/sagardoarenlurraldea.eus\/fr\/product\/cidreries-fr\/cidrerie-usurbil-aialde-berri\/\"]}]},{\"@type\":\"ImageObject\",\"inLanguage\":\"fr-FR\",\"@id\":\"https:\/\/sagardoarenlurraldea.eus\/fr\/product\/cidreries-fr\/cidrerie-usurbil-aialde-berri\/#primaryimage\",\"url\":\"https:\/\/sagardoarenlurraldea.eus\/wp-content\/uploads\/2016\/07\/SIDAIA-F00.jpg\",\"contentUrl\":\"https:\/\/sagardoarenlurraldea.eus\/wp-content\/uploads\/2016\/07\/SIDAIA-F00.jpg\",\"width\":900,\"height\":600,\"caption\":\"Zona de toneles de madera de la sidrer\u00eda Aialde berri\"},{\"@type\":\"BreadcrumbList\",\"@id\":\"https:\/\/sagardoarenlurraldea.eus\/fr\/product\/cidreries-fr\/cidrerie-usurbil-aialde-berri\/#breadcrumb\",\"itemListElement\":[{\"@type\":\"ListItem\",\"position\":1,\"name\":\"Inicio\",\"item\":\"https:\/\/sagardoarenlurraldea.eus\/fr\/\"},{\"@type\":\"ListItem\",\"position\":2,\"name\":\"R\u00e9servations\",\"item\":\"https:\/\/sagardoarenlurraldea.eus\/fr\/reservations\/\"},{\"@type\":\"ListItem\",\"position\":3,\"name\":\"Cidrerie Aialde Berri\"}]},{\"@type\":\"WebSite\",\"@id\":\"https:\/\/sagardoarenlurraldea.eus\/fr\/#website\",\"url\":\"https:\/\/sagardoarenlurraldea.eus\/fr\/\",\"name\":\"Sagardoaren Lurraldea\",\"description\":\"El territorio de la sidra\",\"potentialAction\":[{\"@type\":\"SearchAction\",\"target\":{\"@type\":\"EntryPoint\",\"urlTemplate\":\"https:\/\/sagardoarenlurraldea.eus\/fr\/?s={search_term_string}\"},\"query-input\":{\"@type\":\"PropertyValueSpecification\",\"valueRequired\":true,\"valueName\":\"search_term_string\"}}],\"inLanguage\":\"fr-FR\"}]}<\/script>\n<!-- \/ Yoast SEO plugin. -->","yoast_head_json":{"title":"Cidrerie Aialde Berri - Sagardoaren Lurraldea","robots":{"index":"index","follow":"follow","max-snippet":"max-snippet:-1","max-image-preview":"max-image-preview:large","max-video-preview":"max-video-preview:-1"},"canonical":"https:\/\/sagardoarenlurraldea.eus\/fr\/product\/cidreries-fr\/cidrerie-usurbil-aialde-berri\/","og_locale":"fr_FR","og_type":"article","og_title":"Cidrerie Aialde Berri - Sagardoaren Lurraldea","og_description":"Cidrerie ouverte durant la saison du Txotx (janvier-avril). Cidrerie situ\u00e9e dans la localit\u00e9 d\u2019Usurbil, dans le quartier de Santuenea.","og_url":"https:\/\/sagardoarenlurraldea.eus\/fr\/product\/cidreries-fr\/cidrerie-usurbil-aialde-berri\/","og_site_name":"Sagardoaren Lurraldea","article_publisher":"https:\/\/www.facebook.com\/sagardoarenlurraldea","og_image":[{"width":900,"height":600,"url":"https:\/\/sagardoarenlurraldea.eus\/wp-content\/uploads\/2016\/07\/SIDAIA-F00.jpg","type":"image\/jpeg"}],"twitter_card":"summary_large_image","schema":{"@context":"https:\/\/schema.org","@graph":[{"@type":"WebPage","@id":"https:\/\/sagardoarenlurraldea.eus\/fr\/product\/cidreries-fr\/cidrerie-usurbil-aialde-berri\/","url":"https:\/\/sagardoarenlurraldea.eus\/fr\/product\/cidreries-fr\/cidrerie-usurbil-aialde-berri\/","name":"Cidrerie Aialde Berri - Sagardoaren Lurraldea","isPartOf":{"@id":"https:\/\/sagardoarenlurraldea.eus\/fr\/#website"},"primaryImageOfPage":{"@id":"https:\/\/sagardoarenlurraldea.eus\/fr\/product\/cidreries-fr\/cidrerie-usurbil-aialde-berri\/#primaryimage"},"image":{"@id":"https:\/\/sagardoarenlurraldea.eus\/fr\/product\/cidreries-fr\/cidrerie-usurbil-aialde-berri\/#primaryimage"},"thumbnailUrl":"https:\/\/sagardoarenlurraldea.eus\/wp-content\/uploads\/2016\/07\/SIDAIA-F00.jpg","datePublished":"2016-07-29T12:41:29+00:00","breadcrumb":{"@id":"https:\/\/sagardoarenlurraldea.eus\/fr\/product\/cidreries-fr\/cidrerie-usurbil-aialde-berri\/#breadcrumb"},"inLanguage":"fr-FR","potentialAction":[{"@type":"ReadAction","target":["https:\/\/sagardoarenlurraldea.eus\/fr\/product\/cidreries-fr\/cidrerie-usurbil-aialde-berri\/"]}]},{"@type":"ImageObject","inLanguage":"fr-FR","@id":"https:\/\/sagardoarenlurraldea.eus\/fr\/product\/cidreries-fr\/cidrerie-usurbil-aialde-berri\/#primaryimage","url":"https:\/\/sagardoarenlurraldea.eus\/wp-content\/uploads\/2016\/07\/SIDAIA-F00.jpg","contentUrl":"https:\/\/sagardoarenlurraldea.eus\/wp-content\/uploads\/2016\/07\/SIDAIA-F00.jpg","width":900,"height":600,"caption":"Zona de toneles de madera de la sidrer\u00eda Aialde berri"},{"@type":"BreadcrumbList","@id":"https:\/\/sagardoarenlurraldea.eus\/fr\/product\/cidreries-fr\/cidrerie-usurbil-aialde-berri\/#breadcrumb","itemListElement":[{"@type":"ListItem","position":1,"name":"Inicio","item":"https:\/\/sagardoarenlurraldea.eus\/fr\/"},{"@type":"ListItem","position":2,"name":"R\u00e9servations","item":"https:\/\/sagardoarenlurraldea.eus\/fr\/reservations\/"},{"@type":"ListItem","position":3,"name":"Cidrerie Aialde Berri"}]},{"@type":"WebSite","@id":"https:\/\/sagardoarenlurraldea.eus\/fr\/#website","url":"https:\/\/sagardoarenlurraldea.eus\/fr\/","name":"Sagardoaren Lurraldea","description":"El territorio de la sidra","potentialAction":[{"@type":"SearchAction","target":{"@type":"EntryPoint","urlTemplate":"https:\/\/sagardoarenlurraldea.eus\/fr\/?s={search_term_string}"},"query-input":{"@type":"PropertyValueSpecification","valueRequired":true,"valueName":"search_term_string"}}],"inLanguage":"fr-FR"}]}},"_links":{"self":[{"href":"https:\/\/sagardoarenlurraldea.eus\/fr\/wp-json\/wp\/v2\/product\/25768","targetHints":{"allow":["GET"]}}],"collection":[{"href":"https:\/\/sagardoarenlurraldea.eus\/fr\/wp-json\/wp\/v2\/product"}],"about":[{"href":"https:\/\/sagardoarenlurraldea.eus\/fr\/wp-json\/wp\/v2\/types\/product"}],"replies":[{"embeddable":true,"href":"https:\/\/sagardoarenlurraldea.eus\/fr\/wp-json\/wp\/v2\/comments?post=25768"}],"wp:featuredmedia":[{"embeddable":true,"href":"https:\/\/sagardoarenlurraldea.eus\/fr\/wp-json\/wp\/v2\/media\/7825"}],"wp:attachment":[{"href":"https:\/\/sagardoarenlurraldea.eus\/fr\/wp-json\/wp\/v2\/media?parent=25768"}],"wp:term":[{"taxonomy":"product_brand","embeddable":true,"href":"https:\/\/sagardoarenlurraldea.eus\/fr\/wp-json\/wp\/v2\/product_brand?post=25768"},{"taxonomy":"product_cat","embeddable":true,"href":"https:\/\/sagardoarenlurraldea.eus\/fr\/wp-json\/wp\/v2\/product_cat?post=25768"},{"taxonomy":"product_tag","embeddable":true,"href":"https:\/\/sagardoarenlurraldea.eus\/fr\/wp-json\/wp\/v2\/product_tag?post=25768"}],"curies":[{"name":"wp","href":"https:\/\/api.w.org\/{rel}","templated":true}]}}