{"id":25759,"date":"2016-08-02T10:41:14","date_gmt":"2016-08-02T08:41:14","guid":{"rendered":"http:\/\/www.sagardoarenlurraldea.eus\/reservar\/sin categorizar\/cidrerie-donostia-san-sebastian-barkaiztegi\/"},"modified":"2016-08-02T10:41:14","modified_gmt":"2016-08-02T08:41:14","slug":"cidrerie-donostia-san-sebastian-barkaiztegi","status":"publish","type":"product","link":"https:\/\/sagardoarenlurraldea.eus\/fr\/product\/donostia-san-sebastian-fr\/cidrerie-donostia-san-sebastian-barkaiztegi\/","title":{"rendered":"Cidrerie Barkaiztegi"},"content":{"rendered":"<h2>Description<\/h2>\n<p>Situ\u00e9e dans le quartier Martutene de Saint-S\u00e9bastien, la cidrerie Barkaiztegi commen\u00e7a \u00e0 \u00e9laborer du cidre artisanal au XVIIe si\u00e8cle. Une partie des pommes utilis\u00e9es provient de sa propre r\u00e9colte, qu\u2019elle compl\u00e8te de pommes import\u00e9es, de Galice ou de France. Elle produit actuellement pr\u00e8s de 200.000 litres de cidre par an.<\/p>\n<h2>D\u00e9jeuner et d\u00eener<\/h2>\n<p><strong>En saison<\/strong> (janvier &#8211; avril) : Service d\u00eener tous les jours. Dimanche et f\u00e9ri\u00e9s ferm\u00e9e. Service d\u00e9jeuner dans le restaurant.<\/p>\n<p><strong>Hors saison<\/strong> (\u00e0 partir de mai) : Restaurant ouvert toute l&rsquo;ann\u00e9e.<\/p>\n<p>Capacit\u00e9 : 100 personnes.<\/p>\n<h2>Informations suppl\u00e9mentaires<\/h2>\n<p>Adresse : Barkaiztegi Baserria. Barkaiztegi pasealekua, 42. Donostia-San Sebastian.<br \/>\nT\u00e9l. : +34 943451304<br \/>\nFax. : +34 943474583<br \/>\nE-mail : <a href=\"mailto:barkatolare@terra.es\">barkatolare@terra.es <\/a><br \/>\nWeb : <a href=\"http:\/\/www.barkaiztegi.com\">http:\/\/www.barkaiztegi.com<\/a><\/p>\n","protected":false},"excerpt":{"rendered":"<p>Restaurant ouvert toute l&rsquo;ann\u00e9e. Le cidre Barkaiztegi peut \u00eatre d\u00e9gust\u00e9 dans les soci\u00e9t\u00e9s gastronomiques de Saint-S\u00e9bastien.<\/p>\n","protected":false},"featured_media":7977,"comment_status":"open","ping_status":"closed","template":"","meta":{"_acf_changed":false,"_et_pb_use_builder":"","_et_pb_old_content":"","_et_gb_content_width":""},"product_brand":[],"product_cat":[2666,2709],"product_tag":[2634,2631,2642,2623,2630,2633,2627,2637,2636,2615,2641,2619,2646,2640,2618,2624],"class_list":{"0":"post-25759","1":"product","2":"type-product","3":"status-publish","4":"has-post-thumbnail","6":"product_cat-donostia-san-sebastian-fr","7":"product_cat-cidreries-fr","8":"product_tag-acces-a-pied","9":"product_tag-acces-en-bus-de-ligne","10":"product_tag-acces-en-train","11":"product_tag-acces-en-bus","12":"product_tag-acces-en-voiture","13":"product_tag-acces-en-minibus","14":"product_tag-acces-handicapes","15":"product_tag-manger-debout","16":"product_tag-manger-a-table","17":"product_tag-groupe-de-moins-de-25","18":"product_tag-menu-traditionnel","19":"product_tag-parking-fr","20":"product_tag-repas-et-diners-a-lannee","21":"product_tag-cidre-en-txotx","22":"product_tag-services-diner","23":"product_tag-services-dejeuner","24":"pa_acceso-a-pied","25":"pa_acceso-bus-de-ligne","26":"pa_acceso-train-fr","27":"pa_caracteristicas-y-menus-manger-debout-cidrerie","28":"pa_caracteristicas-y-menus-repas-diners-toujours-ouvert","29":"pa_caracteristicas-y-menus-cidre-en-txotx","30":"dtwm_map-barkaiztegi-fr","32":"first","33":"instock","34":"virtual","35":"product-type-simple"},"exclude_global_add_ons":[],"addons":[],"acf":[],"yoast_head":"<!-- This site is optimized with the Yoast SEO plugin v25.4 - https:\/\/yoast.com\/wordpress\/plugins\/seo\/ -->\n<title>Cidrerie Barkaiztegi - Sagardoaren Lurraldea<\/title>\n<meta name=\"robots\" content=\"index, follow, max-snippet:-1, max-image-preview:large, max-video-preview:-1\" \/>\n<link rel=\"canonical\" href=\"https:\/\/sagardoarenlurraldea.eus\/fr\/product\/donostia-san-sebastian-fr\/cidrerie-donostia-san-sebastian-barkaiztegi\/\" \/>\n<meta property=\"og:locale\" content=\"fr_FR\" \/>\n<meta property=\"og:type\" content=\"article\" \/>\n<meta property=\"og:title\" content=\"Cidrerie Barkaiztegi - Sagardoaren Lurraldea\" \/>\n<meta property=\"og:description\" content=\"Restaurant ouvert toute l&#039;ann\u00e9e. Le cidre Barkaiztegi peut \u00eatre d\u00e9gust\u00e9 dans les soci\u00e9t\u00e9s gastronomiques de Saint-S\u00e9bastien.\" \/>\n<meta property=\"og:url\" content=\"https:\/\/sagardoarenlurraldea.eus\/fr\/product\/donostia-san-sebastian-fr\/cidrerie-donostia-san-sebastian-barkaiztegi\/\" \/>\n<meta property=\"og:site_name\" content=\"Sagardoaren Lurraldea\" \/>\n<meta property=\"article:publisher\" content=\"https:\/\/www.facebook.com\/sagardoarenlurraldea\" \/>\n<meta property=\"og:image\" content=\"https:\/\/sagardoarenlurraldea.eus\/wp-content\/uploads\/2016\/08\/SIDBAR-F00.jpg\" \/>\n\t<meta property=\"og:image:width\" content=\"900\" \/>\n\t<meta property=\"og:image:height\" content=\"600\" \/>\n\t<meta property=\"og:image:type\" content=\"image\/jpeg\" \/>\n<meta name=\"twitter:card\" content=\"summary_large_image\" \/>\n<meta name=\"twitter:label1\" content=\"Dur\u00e9e de lecture estim\u00e9e\" \/>\n\t<meta name=\"twitter:data1\" content=\"1 minute\" \/>\n<script type=\"application\/ld+json\" class=\"yoast-schema-graph\">{\"@context\":\"https:\/\/schema.org\",\"@graph\":[{\"@type\":\"WebPage\",\"@id\":\"https:\/\/sagardoarenlurraldea.eus\/fr\/product\/donostia-san-sebastian-fr\/cidrerie-donostia-san-sebastian-barkaiztegi\/\",\"url\":\"https:\/\/sagardoarenlurraldea.eus\/fr\/product\/donostia-san-sebastian-fr\/cidrerie-donostia-san-sebastian-barkaiztegi\/\",\"name\":\"Cidrerie Barkaiztegi - Sagardoaren Lurraldea\",\"isPartOf\":{\"@id\":\"https:\/\/sagardoarenlurraldea.eus\/fr\/#website\"},\"primaryImageOfPage\":{\"@id\":\"https:\/\/sagardoarenlurraldea.eus\/fr\/product\/donostia-san-sebastian-fr\/cidrerie-donostia-san-sebastian-barkaiztegi\/#primaryimage\"},\"image\":{\"@id\":\"https:\/\/sagardoarenlurraldea.eus\/fr\/product\/donostia-san-sebastian-fr\/cidrerie-donostia-san-sebastian-barkaiztegi\/#primaryimage\"},\"thumbnailUrl\":\"https:\/\/sagardoarenlurraldea.eus\/wp-content\/uploads\/2016\/08\/SIDBAR-F00.jpg\",\"datePublished\":\"2016-08-02T08:41:14+00:00\",\"breadcrumb\":{\"@id\":\"https:\/\/sagardoarenlurraldea.eus\/fr\/product\/donostia-san-sebastian-fr\/cidrerie-donostia-san-sebastian-barkaiztegi\/#breadcrumb\"},\"inLanguage\":\"fr-FR\",\"potentialAction\":[{\"@type\":\"ReadAction\",\"target\":[\"https:\/\/sagardoarenlurraldea.eus\/fr\/product\/donostia-san-sebastian-fr\/cidrerie-donostia-san-sebastian-barkaiztegi\/\"]}]},{\"@type\":\"ImageObject\",\"inLanguage\":\"fr-FR\",\"@id\":\"https:\/\/sagardoarenlurraldea.eus\/fr\/product\/donostia-san-sebastian-fr\/cidrerie-donostia-san-sebastian-barkaiztegi\/#primaryimage\",\"url\":\"https:\/\/sagardoarenlurraldea.eus\/wp-content\/uploads\/2016\/08\/SIDBAR-F00.jpg\",\"contentUrl\":\"https:\/\/sagardoarenlurraldea.eus\/wp-content\/uploads\/2016\/08\/SIDBAR-F00.jpg\",\"width\":900,\"height\":600,\"caption\":\"Entrada principal de la sidrer\u00eda Barkaiztegi\"},{\"@type\":\"BreadcrumbList\",\"@id\":\"https:\/\/sagardoarenlurraldea.eus\/fr\/product\/donostia-san-sebastian-fr\/cidrerie-donostia-san-sebastian-barkaiztegi\/#breadcrumb\",\"itemListElement\":[{\"@type\":\"ListItem\",\"position\":1,\"name\":\"Inicio\",\"item\":\"https:\/\/sagardoarenlurraldea.eus\/fr\/\"},{\"@type\":\"ListItem\",\"position\":2,\"name\":\"R\u00e9servations\",\"item\":\"https:\/\/sagardoarenlurraldea.eus\/fr\/reservations\/\"},{\"@type\":\"ListItem\",\"position\":3,\"name\":\"Cidrerie Barkaiztegi\"}]},{\"@type\":\"WebSite\",\"@id\":\"https:\/\/sagardoarenlurraldea.eus\/fr\/#website\",\"url\":\"https:\/\/sagardoarenlurraldea.eus\/fr\/\",\"name\":\"Sagardoaren Lurraldea\",\"description\":\"El territorio de la sidra\",\"potentialAction\":[{\"@type\":\"SearchAction\",\"target\":{\"@type\":\"EntryPoint\",\"urlTemplate\":\"https:\/\/sagardoarenlurraldea.eus\/fr\/?s={search_term_string}\"},\"query-input\":{\"@type\":\"PropertyValueSpecification\",\"valueRequired\":true,\"valueName\":\"search_term_string\"}}],\"inLanguage\":\"fr-FR\"}]}<\/script>\n<!-- \/ Yoast SEO plugin. -->","yoast_head_json":{"title":"Cidrerie Barkaiztegi - Sagardoaren Lurraldea","robots":{"index":"index","follow":"follow","max-snippet":"max-snippet:-1","max-image-preview":"max-image-preview:large","max-video-preview":"max-video-preview:-1"},"canonical":"https:\/\/sagardoarenlurraldea.eus\/fr\/product\/donostia-san-sebastian-fr\/cidrerie-donostia-san-sebastian-barkaiztegi\/","og_locale":"fr_FR","og_type":"article","og_title":"Cidrerie Barkaiztegi - Sagardoaren Lurraldea","og_description":"Restaurant ouvert toute l'ann\u00e9e. Le cidre Barkaiztegi peut \u00eatre d\u00e9gust\u00e9 dans les soci\u00e9t\u00e9s gastronomiques de Saint-S\u00e9bastien.","og_url":"https:\/\/sagardoarenlurraldea.eus\/fr\/product\/donostia-san-sebastian-fr\/cidrerie-donostia-san-sebastian-barkaiztegi\/","og_site_name":"Sagardoaren Lurraldea","article_publisher":"https:\/\/www.facebook.com\/sagardoarenlurraldea","og_image":[{"width":900,"height":600,"url":"https:\/\/sagardoarenlurraldea.eus\/wp-content\/uploads\/2016\/08\/SIDBAR-F00.jpg","type":"image\/jpeg"}],"twitter_card":"summary_large_image","twitter_misc":{"Dur\u00e9e de lecture estim\u00e9e":"1 minute"},"schema":{"@context":"https:\/\/schema.org","@graph":[{"@type":"WebPage","@id":"https:\/\/sagardoarenlurraldea.eus\/fr\/product\/donostia-san-sebastian-fr\/cidrerie-donostia-san-sebastian-barkaiztegi\/","url":"https:\/\/sagardoarenlurraldea.eus\/fr\/product\/donostia-san-sebastian-fr\/cidrerie-donostia-san-sebastian-barkaiztegi\/","name":"Cidrerie Barkaiztegi - Sagardoaren Lurraldea","isPartOf":{"@id":"https:\/\/sagardoarenlurraldea.eus\/fr\/#website"},"primaryImageOfPage":{"@id":"https:\/\/sagardoarenlurraldea.eus\/fr\/product\/donostia-san-sebastian-fr\/cidrerie-donostia-san-sebastian-barkaiztegi\/#primaryimage"},"image":{"@id":"https:\/\/sagardoarenlurraldea.eus\/fr\/product\/donostia-san-sebastian-fr\/cidrerie-donostia-san-sebastian-barkaiztegi\/#primaryimage"},"thumbnailUrl":"https:\/\/sagardoarenlurraldea.eus\/wp-content\/uploads\/2016\/08\/SIDBAR-F00.jpg","datePublished":"2016-08-02T08:41:14+00:00","breadcrumb":{"@id":"https:\/\/sagardoarenlurraldea.eus\/fr\/product\/donostia-san-sebastian-fr\/cidrerie-donostia-san-sebastian-barkaiztegi\/#breadcrumb"},"inLanguage":"fr-FR","potentialAction":[{"@type":"ReadAction","target":["https:\/\/sagardoarenlurraldea.eus\/fr\/product\/donostia-san-sebastian-fr\/cidrerie-donostia-san-sebastian-barkaiztegi\/"]}]},{"@type":"ImageObject","inLanguage":"fr-FR","@id":"https:\/\/sagardoarenlurraldea.eus\/fr\/product\/donostia-san-sebastian-fr\/cidrerie-donostia-san-sebastian-barkaiztegi\/#primaryimage","url":"https:\/\/sagardoarenlurraldea.eus\/wp-content\/uploads\/2016\/08\/SIDBAR-F00.jpg","contentUrl":"https:\/\/sagardoarenlurraldea.eus\/wp-content\/uploads\/2016\/08\/SIDBAR-F00.jpg","width":900,"height":600,"caption":"Entrada principal de la sidrer\u00eda Barkaiztegi"},{"@type":"BreadcrumbList","@id":"https:\/\/sagardoarenlurraldea.eus\/fr\/product\/donostia-san-sebastian-fr\/cidrerie-donostia-san-sebastian-barkaiztegi\/#breadcrumb","itemListElement":[{"@type":"ListItem","position":1,"name":"Inicio","item":"https:\/\/sagardoarenlurraldea.eus\/fr\/"},{"@type":"ListItem","position":2,"name":"R\u00e9servations","item":"https:\/\/sagardoarenlurraldea.eus\/fr\/reservations\/"},{"@type":"ListItem","position":3,"name":"Cidrerie Barkaiztegi"}]},{"@type":"WebSite","@id":"https:\/\/sagardoarenlurraldea.eus\/fr\/#website","url":"https:\/\/sagardoarenlurraldea.eus\/fr\/","name":"Sagardoaren Lurraldea","description":"El territorio de la sidra","potentialAction":[{"@type":"SearchAction","target":{"@type":"EntryPoint","urlTemplate":"https:\/\/sagardoarenlurraldea.eus\/fr\/?s={search_term_string}"},"query-input":{"@type":"PropertyValueSpecification","valueRequired":true,"valueName":"search_term_string"}}],"inLanguage":"fr-FR"}]}},"_links":{"self":[{"href":"https:\/\/sagardoarenlurraldea.eus\/fr\/wp-json\/wp\/v2\/product\/25759","targetHints":{"allow":["GET"]}}],"collection":[{"href":"https:\/\/sagardoarenlurraldea.eus\/fr\/wp-json\/wp\/v2\/product"}],"about":[{"href":"https:\/\/sagardoarenlurraldea.eus\/fr\/wp-json\/wp\/v2\/types\/product"}],"replies":[{"embeddable":true,"href":"https:\/\/sagardoarenlurraldea.eus\/fr\/wp-json\/wp\/v2\/comments?post=25759"}],"wp:featuredmedia":[{"embeddable":true,"href":"https:\/\/sagardoarenlurraldea.eus\/fr\/wp-json\/wp\/v2\/media\/7977"}],"wp:attachment":[{"href":"https:\/\/sagardoarenlurraldea.eus\/fr\/wp-json\/wp\/v2\/media?parent=25759"}],"wp:term":[{"taxonomy":"product_brand","embeddable":true,"href":"https:\/\/sagardoarenlurraldea.eus\/fr\/wp-json\/wp\/v2\/product_brand?post=25759"},{"taxonomy":"product_cat","embeddable":true,"href":"https:\/\/sagardoarenlurraldea.eus\/fr\/wp-json\/wp\/v2\/product_cat?post=25759"},{"taxonomy":"product_tag","embeddable":true,"href":"https:\/\/sagardoarenlurraldea.eus\/fr\/wp-json\/wp\/v2\/product_tag?post=25759"}],"curies":[{"name":"wp","href":"https:\/\/api.w.org\/{rel}","templated":true}]}}