{"id":25753,"date":"2016-08-16T11:07:06","date_gmt":"2016-08-16T09:07:06","guid":{"rendered":"http:\/\/www.sagardoarenlurraldea.eus\/reservar\/sin categorizar\/cidrerie-errenteria-egiluze\/"},"modified":"2016-08-16T11:07:06","modified_gmt":"2016-08-16T09:07:06","slug":"cidrerie-errenteria-egiluze","status":"publish","type":"product","link":"https:\/\/sagardoarenlurraldea.eus\/fr\/product\/errenteria-fr\/cidrerie-errenteria-egiluze\/","title":{"rendered":"Cidrerie Egiluze"},"content":{"rendered":"<h2>Description<\/h2>\n<p>La cidrerie Egiluze a \u00e9t\u00e9 fond\u00e9e en 1980 dans l\u2019exploitation familiale du m\u00eame nom. Durant ces 30 ans, elle a subi maints changements et adaptations aux besoins du march\u00e9.<\/p>\n<h2>D\u00e9jeuner et d\u00eener<\/h2>\n<p><strong>En saison<\/strong> (janvier &#8211; avril) : Services d\u00e9jeuner et d\u00eener tous les jours, sauf dimanche et mardi soir et lundi pendant toute la journ\u00e9e (ferm\u00e9e). Le service d\u00e9jeuner dimanche sous r\u00e9servation.<\/p>\n<p><strong>Hors saison<\/strong> (\u00e0 partir de mai) : Les services sont les m\u00eames que pendant la saison.<\/p>\n<p>Capacit\u00e9 : 250 personnes.<\/p>\n<h2>Informations suppl\u00e9mentaires<\/h2>\n<p>Responsable : Antton Retegi<\/p>\n<p>Adresse : Egiluze Baserria. Zamalbide auzoa s\/n. Renteria.<br \/>\nT\u00e9l. : +34 943523905<br \/>\nFax. : +34 943510123<br \/>\nWeb : <a href=\"http:\/\/www.egiluze.es\">http:\/\/www.egiluze.es<\/a><\/p>\n","protected":false},"excerpt":{"rendered":"<p>Cidrerie ouverte toute l&rsquo;ann\u00e9e. Une cidrerie de tr\u00e8s grandes dimensions, accueillante, situ\u00e9e dans un cadre naturel enviable, pr\u00e8s de Landarbaso.<\/p>\n","protected":false},"featured_media":8010,"comment_status":"open","ping_status":"closed","template":"","meta":{"_acf_changed":false,"_et_pb_use_builder":"","_et_pb_old_content":"","_et_gb_content_width":""},"product_brand":[],"product_cat":[2667,2709],"product_tag":[2623,2630,2633,2627,2639,2637,2636,2616,2615,2641,2619,2646,2640,2618,2624],"class_list":{"0":"post-25753","1":"product","2":"type-product","3":"status-publish","4":"has-post-thumbnail","6":"product_cat-errenteria-fr","7":"product_cat-cidreries-fr","8":"product_tag-acces-en-bus","9":"product_tag-acces-en-voiture","10":"product_tag-acces-en-minibus","11":"product_tag-acces-handicapes","12":"product_tag-cidre-en-bouteille","13":"product_tag-manger-debout","14":"product_tag-manger-a-table","15":"product_tag-groupe-de-plus-de-25","16":"product_tag-groupe-de-moins-de-25","17":"product_tag-menu-traditionnel","18":"product_tag-parking-fr","19":"product_tag-repas-et-diners-a-lannee","20":"product_tag-cidre-en-txotx","21":"product_tag-services-diner","22":"product_tag-services-dejeuner","23":"pa_caracteristicas-y-menus-manger-debout-cidrerie","24":"pa_caracteristicas-y-menus-groupe-plus-25","25":"pa_caracteristicas-y-menus-cidre-en-txotx","26":"dtwm_map-egiluze-fr","28":"first","29":"instock","30":"virtual","31":"product-type-simple"},"exclude_global_add_ons":[],"addons":[],"acf":[],"yoast_head":"<!-- This site is optimized with the Yoast SEO plugin v25.4 - https:\/\/yoast.com\/wordpress\/plugins\/seo\/ -->\n<title>Cidrerie Egiluze - Sagardoaren Lurraldea<\/title>\n<meta name=\"robots\" content=\"index, follow, max-snippet:-1, max-image-preview:large, max-video-preview:-1\" \/>\n<link rel=\"canonical\" href=\"https:\/\/sagardoarenlurraldea.eus\/fr\/product\/errenteria-fr\/cidrerie-errenteria-egiluze\/\" \/>\n<meta property=\"og:locale\" content=\"fr_FR\" \/>\n<meta property=\"og:type\" content=\"article\" \/>\n<meta property=\"og:title\" content=\"Cidrerie Egiluze - Sagardoaren Lurraldea\" \/>\n<meta property=\"og:description\" content=\"Cidrerie ouverte toute l&#039;ann\u00e9e. Une cidrerie de tr\u00e8s grandes dimensions, accueillante, situ\u00e9e dans un cadre naturel enviable, pr\u00e8s de Landarbaso.\" \/>\n<meta property=\"og:url\" content=\"https:\/\/sagardoarenlurraldea.eus\/fr\/product\/errenteria-fr\/cidrerie-errenteria-egiluze\/\" \/>\n<meta property=\"og:site_name\" content=\"Sagardoaren Lurraldea\" \/>\n<meta property=\"article:publisher\" content=\"https:\/\/www.facebook.com\/sagardoarenlurraldea\" \/>\n<meta property=\"og:image\" content=\"https:\/\/sagardoarenlurraldea.eus\/wp-content\/uploads\/2016\/08\/SIDEGI-F00.jpg\" \/>\n\t<meta property=\"og:image:width\" content=\"900\" \/>\n\t<meta property=\"og:image:height\" content=\"599\" \/>\n\t<meta property=\"og:image:type\" content=\"image\/jpeg\" \/>\n<meta name=\"twitter:card\" content=\"summary_large_image\" \/>\n<meta name=\"twitter:label1\" content=\"Dur\u00e9e de lecture estim\u00e9e\" \/>\n\t<meta name=\"twitter:data1\" content=\"1 minute\" \/>\n<script type=\"application\/ld+json\" class=\"yoast-schema-graph\">{\"@context\":\"https:\/\/schema.org\",\"@graph\":[{\"@type\":\"WebPage\",\"@id\":\"https:\/\/sagardoarenlurraldea.eus\/fr\/product\/errenteria-fr\/cidrerie-errenteria-egiluze\/\",\"url\":\"https:\/\/sagardoarenlurraldea.eus\/fr\/product\/errenteria-fr\/cidrerie-errenteria-egiluze\/\",\"name\":\"Cidrerie Egiluze - Sagardoaren Lurraldea\",\"isPartOf\":{\"@id\":\"https:\/\/sagardoarenlurraldea.eus\/fr\/#website\"},\"primaryImageOfPage\":{\"@id\":\"https:\/\/sagardoarenlurraldea.eus\/fr\/product\/errenteria-fr\/cidrerie-errenteria-egiluze\/#primaryimage\"},\"image\":{\"@id\":\"https:\/\/sagardoarenlurraldea.eus\/fr\/product\/errenteria-fr\/cidrerie-errenteria-egiluze\/#primaryimage\"},\"thumbnailUrl\":\"https:\/\/sagardoarenlurraldea.eus\/wp-content\/uploads\/2016\/08\/SIDEGI-F00.jpg\",\"datePublished\":\"2016-08-16T09:07:06+00:00\",\"breadcrumb\":{\"@id\":\"https:\/\/sagardoarenlurraldea.eus\/fr\/product\/errenteria-fr\/cidrerie-errenteria-egiluze\/#breadcrumb\"},\"inLanguage\":\"fr-FR\",\"potentialAction\":[{\"@type\":\"ReadAction\",\"target\":[\"https:\/\/sagardoarenlurraldea.eus\/fr\/product\/errenteria-fr\/cidrerie-errenteria-egiluze\/\"]}]},{\"@type\":\"ImageObject\",\"inLanguage\":\"fr-FR\",\"@id\":\"https:\/\/sagardoarenlurraldea.eus\/fr\/product\/errenteria-fr\/cidrerie-errenteria-egiluze\/#primaryimage\",\"url\":\"https:\/\/sagardoarenlurraldea.eus\/wp-content\/uploads\/2016\/08\/SIDEGI-F00.jpg\",\"contentUrl\":\"https:\/\/sagardoarenlurraldea.eus\/wp-content\/uploads\/2016\/08\/SIDEGI-F00.jpg\",\"width\":900,\"height\":599,\"caption\":\"Entrada principal de la sidrer\u00eda Egiluze\"},{\"@type\":\"BreadcrumbList\",\"@id\":\"https:\/\/sagardoarenlurraldea.eus\/fr\/product\/errenteria-fr\/cidrerie-errenteria-egiluze\/#breadcrumb\",\"itemListElement\":[{\"@type\":\"ListItem\",\"position\":1,\"name\":\"Inicio\",\"item\":\"https:\/\/sagardoarenlurraldea.eus\/fr\/\"},{\"@type\":\"ListItem\",\"position\":2,\"name\":\"R\u00e9servations\",\"item\":\"https:\/\/sagardoarenlurraldea.eus\/fr\/reservations\/\"},{\"@type\":\"ListItem\",\"position\":3,\"name\":\"Cidrerie Egiluze\"}]},{\"@type\":\"WebSite\",\"@id\":\"https:\/\/sagardoarenlurraldea.eus\/fr\/#website\",\"url\":\"https:\/\/sagardoarenlurraldea.eus\/fr\/\",\"name\":\"Sagardoaren Lurraldea\",\"description\":\"El territorio de la sidra\",\"potentialAction\":[{\"@type\":\"SearchAction\",\"target\":{\"@type\":\"EntryPoint\",\"urlTemplate\":\"https:\/\/sagardoarenlurraldea.eus\/fr\/?s={search_term_string}\"},\"query-input\":{\"@type\":\"PropertyValueSpecification\",\"valueRequired\":true,\"valueName\":\"search_term_string\"}}],\"inLanguage\":\"fr-FR\"}]}<\/script>\n<!-- \/ Yoast SEO plugin. -->","yoast_head_json":{"title":"Cidrerie Egiluze - Sagardoaren Lurraldea","robots":{"index":"index","follow":"follow","max-snippet":"max-snippet:-1","max-image-preview":"max-image-preview:large","max-video-preview":"max-video-preview:-1"},"canonical":"https:\/\/sagardoarenlurraldea.eus\/fr\/product\/errenteria-fr\/cidrerie-errenteria-egiluze\/","og_locale":"fr_FR","og_type":"article","og_title":"Cidrerie Egiluze - Sagardoaren Lurraldea","og_description":"Cidrerie ouverte toute l'ann\u00e9e. Une cidrerie de tr\u00e8s grandes dimensions, accueillante, situ\u00e9e dans un cadre naturel enviable, pr\u00e8s de Landarbaso.","og_url":"https:\/\/sagardoarenlurraldea.eus\/fr\/product\/errenteria-fr\/cidrerie-errenteria-egiluze\/","og_site_name":"Sagardoaren Lurraldea","article_publisher":"https:\/\/www.facebook.com\/sagardoarenlurraldea","og_image":[{"width":900,"height":599,"url":"https:\/\/sagardoarenlurraldea.eus\/wp-content\/uploads\/2016\/08\/SIDEGI-F00.jpg","type":"image\/jpeg"}],"twitter_card":"summary_large_image","twitter_misc":{"Dur\u00e9e de lecture estim\u00e9e":"1 minute"},"schema":{"@context":"https:\/\/schema.org","@graph":[{"@type":"WebPage","@id":"https:\/\/sagardoarenlurraldea.eus\/fr\/product\/errenteria-fr\/cidrerie-errenteria-egiluze\/","url":"https:\/\/sagardoarenlurraldea.eus\/fr\/product\/errenteria-fr\/cidrerie-errenteria-egiluze\/","name":"Cidrerie Egiluze - Sagardoaren Lurraldea","isPartOf":{"@id":"https:\/\/sagardoarenlurraldea.eus\/fr\/#website"},"primaryImageOfPage":{"@id":"https:\/\/sagardoarenlurraldea.eus\/fr\/product\/errenteria-fr\/cidrerie-errenteria-egiluze\/#primaryimage"},"image":{"@id":"https:\/\/sagardoarenlurraldea.eus\/fr\/product\/errenteria-fr\/cidrerie-errenteria-egiluze\/#primaryimage"},"thumbnailUrl":"https:\/\/sagardoarenlurraldea.eus\/wp-content\/uploads\/2016\/08\/SIDEGI-F00.jpg","datePublished":"2016-08-16T09:07:06+00:00","breadcrumb":{"@id":"https:\/\/sagardoarenlurraldea.eus\/fr\/product\/errenteria-fr\/cidrerie-errenteria-egiluze\/#breadcrumb"},"inLanguage":"fr-FR","potentialAction":[{"@type":"ReadAction","target":["https:\/\/sagardoarenlurraldea.eus\/fr\/product\/errenteria-fr\/cidrerie-errenteria-egiluze\/"]}]},{"@type":"ImageObject","inLanguage":"fr-FR","@id":"https:\/\/sagardoarenlurraldea.eus\/fr\/product\/errenteria-fr\/cidrerie-errenteria-egiluze\/#primaryimage","url":"https:\/\/sagardoarenlurraldea.eus\/wp-content\/uploads\/2016\/08\/SIDEGI-F00.jpg","contentUrl":"https:\/\/sagardoarenlurraldea.eus\/wp-content\/uploads\/2016\/08\/SIDEGI-F00.jpg","width":900,"height":599,"caption":"Entrada principal de la sidrer\u00eda Egiluze"},{"@type":"BreadcrumbList","@id":"https:\/\/sagardoarenlurraldea.eus\/fr\/product\/errenteria-fr\/cidrerie-errenteria-egiluze\/#breadcrumb","itemListElement":[{"@type":"ListItem","position":1,"name":"Inicio","item":"https:\/\/sagardoarenlurraldea.eus\/fr\/"},{"@type":"ListItem","position":2,"name":"R\u00e9servations","item":"https:\/\/sagardoarenlurraldea.eus\/fr\/reservations\/"},{"@type":"ListItem","position":3,"name":"Cidrerie Egiluze"}]},{"@type":"WebSite","@id":"https:\/\/sagardoarenlurraldea.eus\/fr\/#website","url":"https:\/\/sagardoarenlurraldea.eus\/fr\/","name":"Sagardoaren Lurraldea","description":"El territorio de la sidra","potentialAction":[{"@type":"SearchAction","target":{"@type":"EntryPoint","urlTemplate":"https:\/\/sagardoarenlurraldea.eus\/fr\/?s={search_term_string}"},"query-input":{"@type":"PropertyValueSpecification","valueRequired":true,"valueName":"search_term_string"}}],"inLanguage":"fr-FR"}]}},"_links":{"self":[{"href":"https:\/\/sagardoarenlurraldea.eus\/fr\/wp-json\/wp\/v2\/product\/25753","targetHints":{"allow":["GET"]}}],"collection":[{"href":"https:\/\/sagardoarenlurraldea.eus\/fr\/wp-json\/wp\/v2\/product"}],"about":[{"href":"https:\/\/sagardoarenlurraldea.eus\/fr\/wp-json\/wp\/v2\/types\/product"}],"replies":[{"embeddable":true,"href":"https:\/\/sagardoarenlurraldea.eus\/fr\/wp-json\/wp\/v2\/comments?post=25753"}],"wp:featuredmedia":[{"embeddable":true,"href":"https:\/\/sagardoarenlurraldea.eus\/fr\/wp-json\/wp\/v2\/media\/8010"}],"wp:attachment":[{"href":"https:\/\/sagardoarenlurraldea.eus\/fr\/wp-json\/wp\/v2\/media?parent=25753"}],"wp:term":[{"taxonomy":"product_brand","embeddable":true,"href":"https:\/\/sagardoarenlurraldea.eus\/fr\/wp-json\/wp\/v2\/product_brand?post=25753"},{"taxonomy":"product_cat","embeddable":true,"href":"https:\/\/sagardoarenlurraldea.eus\/fr\/wp-json\/wp\/v2\/product_cat?post=25753"},{"taxonomy":"product_tag","embeddable":true,"href":"https:\/\/sagardoarenlurraldea.eus\/fr\/wp-json\/wp\/v2\/product_tag?post=25753"}],"curies":[{"name":"wp","href":"https:\/\/api.w.org\/{rel}","templated":true}]}}