{"id":25741,"date":"2016-10-05T16:39:36","date_gmt":"2016-10-05T14:39:36","guid":{"rendered":"http:\/\/www.sagardoarenlurraldea.eus\/reservar\/sin categorizar\/cidrerie-tolosa-isastegi\/"},"modified":"2016-10-05T16:39:36","modified_gmt":"2016-10-05T14:39:36","slug":"cidrerie-tolosa-isastegi","status":"publish","type":"product","link":"https:\/\/sagardoarenlurraldea.eus\/fr\/product\/cidreries-fr\/cidrerie-tolosa-isastegi\/","title":{"rendered":"Cidrerie Isastegi"},"content":{"rendered":"<h2>Description<\/h2>\n<p>La ferme Isastegi avait traditionnellement pour activit\u00e9 principale l&rsquo;\u00e9levage, tout en produisant du cidre pour sa consommation propre. En 1983, ils d\u00e9cid\u00e8rent de s\u2019\u00e9tablir comme cidrerie.<\/p>\n<h2>D\u00e9jeuner et d\u00eener<\/h2>\n<p><strong>En saison<\/strong> (janvier &#8211; avril) : Service d\u00eener tous les jours sauf dimanche (ferm\u00e9e). Service d\u00e9jeuner le samedi seulement.<\/p>\n<p><strong>Hors saison<\/strong> (\u00e0 partir de mai) : Ferm\u00e9e.<\/p>\n<p>Capacit\u00e9 : 150 personnes.<\/p>\n<h2>Informations suppl\u00e9mentaires<\/h2>\n<p>Responsable : MIguel Mari Lasa Arostegi<\/p>\n<p>Adresse : Isastegi baserria. Aldabatxi auzoa, 15. Tolosa.<br \/>\nT\u00e9l. : +34 943652964<br \/>\nFax. : +34 943655632<br \/>\nE-mail : <a href=\"mailto:isastegi@isastegi.com\">isastegi@isastegi.com <\/a><br \/>\nWeb : <a href=\"http:\/\/www.isastegi.com\">http:\/\/www.isastegi.com<\/a><\/p>\n","protected":false},"excerpt":{"rendered":"<p>Cidrerie ouverte durant la saison du <em>txotx <\/em>(janvier-avril). La pomme utilis\u00e9e pour la production du cidre est cueillie dans la propre ferme et dans la zone de Tolosaldea.<\/p>\n","protected":false},"featured_media":8125,"comment_status":"open","ping_status":"closed","template":"","meta":{"_acf_changed":false,"_et_pb_use_builder":"","_et_pb_old_content":"","_et_gb_content_width":""},"product_brand":[],"product_cat":[2709,2710],"product_tag":[2623,2630,2633,2627,2637,2636,2616,2615,2641,2619,2640,2618,2624],"class_list":{"0":"post-25741","1":"product","2":"type-product","3":"status-publish","4":"has-post-thumbnail","6":"product_cat-cidreries-fr","7":"product_cat-tolosa-fr","8":"product_tag-acces-en-bus","9":"product_tag-acces-en-voiture","10":"product_tag-acces-en-minibus","11":"product_tag-acces-handicapes","12":"product_tag-manger-debout","13":"product_tag-manger-a-table","14":"product_tag-groupe-de-plus-de-25","15":"product_tag-groupe-de-moins-de-25","16":"product_tag-menu-traditionnel","17":"product_tag-parking-fr","18":"product_tag-cidre-en-txotx","19":"product_tag-services-diner","20":"product_tag-services-dejeuner","21":"pa_acceso-a-pied","22":"pa_acceso-bus-de-ligne","23":"pa_caracteristicas-y-menus-manger-debout-cidrerie","24":"pa_caracteristicas-y-menus-cidre-en-txotx","25":"dtwm_map-isastegi-fr","27":"first","28":"instock","29":"virtual","30":"product-type-simple"},"exclude_global_add_ons":[],"addons":[],"acf":[],"yoast_head":"<!-- This site is optimized with the Yoast SEO plugin v25.4 - https:\/\/yoast.com\/wordpress\/plugins\/seo\/ -->\n<title>Cidrerie Isastegi - Sagardoaren Lurraldea<\/title>\n<meta name=\"robots\" content=\"index, follow, max-snippet:-1, max-image-preview:large, max-video-preview:-1\" \/>\n<link rel=\"canonical\" href=\"https:\/\/sagardoarenlurraldea.eus\/fr\/product\/cidreries-fr\/cidrerie-tolosa-isastegi\/\" \/>\n<meta property=\"og:locale\" content=\"fr_FR\" \/>\n<meta property=\"og:type\" content=\"article\" \/>\n<meta property=\"og:title\" content=\"Cidrerie Isastegi - Sagardoaren Lurraldea\" \/>\n<meta property=\"og:description\" content=\"Cidrerie ouverte durant la saison du txotx (janvier-avril). La pomme utilis\u00e9e pour la production du cidre est cueillie dans la propre ferme et dans la zone de Tolosaldea.\" \/>\n<meta property=\"og:url\" content=\"https:\/\/sagardoarenlurraldea.eus\/fr\/product\/cidreries-fr\/cidrerie-tolosa-isastegi\/\" \/>\n<meta property=\"og:site_name\" content=\"Sagardoaren Lurraldea\" \/>\n<meta property=\"article:publisher\" content=\"https:\/\/www.facebook.com\/sagardoarenlurraldea\" \/>\n<meta property=\"og:image\" content=\"https:\/\/sagardoarenlurraldea.eus\/wp-content\/uploads\/2016\/10\/SIDISAS-F00.jpg\" \/>\n\t<meta property=\"og:image:width\" content=\"900\" \/>\n\t<meta property=\"og:image:height\" content=\"600\" \/>\n\t<meta property=\"og:image:type\" content=\"image\/jpeg\" \/>\n<meta name=\"twitter:card\" content=\"summary_large_image\" \/>\n<script type=\"application\/ld+json\" class=\"yoast-schema-graph\">{\"@context\":\"https:\/\/schema.org\",\"@graph\":[{\"@type\":\"WebPage\",\"@id\":\"https:\/\/sagardoarenlurraldea.eus\/fr\/product\/cidreries-fr\/cidrerie-tolosa-isastegi\/\",\"url\":\"https:\/\/sagardoarenlurraldea.eus\/fr\/product\/cidreries-fr\/cidrerie-tolosa-isastegi\/\",\"name\":\"Cidrerie Isastegi - Sagardoaren Lurraldea\",\"isPartOf\":{\"@id\":\"https:\/\/sagardoarenlurraldea.eus\/fr\/#website\"},\"primaryImageOfPage\":{\"@id\":\"https:\/\/sagardoarenlurraldea.eus\/fr\/product\/cidreries-fr\/cidrerie-tolosa-isastegi\/#primaryimage\"},\"image\":{\"@id\":\"https:\/\/sagardoarenlurraldea.eus\/fr\/product\/cidreries-fr\/cidrerie-tolosa-isastegi\/#primaryimage\"},\"thumbnailUrl\":\"https:\/\/sagardoarenlurraldea.eus\/wp-content\/uploads\/2016\/10\/SIDISAS-F00.jpg\",\"datePublished\":\"2016-10-05T14:39:36+00:00\",\"breadcrumb\":{\"@id\":\"https:\/\/sagardoarenlurraldea.eus\/fr\/product\/cidreries-fr\/cidrerie-tolosa-isastegi\/#breadcrumb\"},\"inLanguage\":\"fr-FR\",\"potentialAction\":[{\"@type\":\"ReadAction\",\"target\":[\"https:\/\/sagardoarenlurraldea.eus\/fr\/product\/cidreries-fr\/cidrerie-tolosa-isastegi\/\"]}]},{\"@type\":\"ImageObject\",\"inLanguage\":\"fr-FR\",\"@id\":\"https:\/\/sagardoarenlurraldea.eus\/fr\/product\/cidreries-fr\/cidrerie-tolosa-isastegi\/#primaryimage\",\"url\":\"https:\/\/sagardoarenlurraldea.eus\/wp-content\/uploads\/2016\/10\/SIDISAS-F00.jpg\",\"contentUrl\":\"https:\/\/sagardoarenlurraldea.eus\/wp-content\/uploads\/2016\/10\/SIDISAS-F00.jpg\",\"width\":900,\"height\":600,\"caption\":\"Entrada principal de la sidrer\u00eda Isastegi\"},{\"@type\":\"BreadcrumbList\",\"@id\":\"https:\/\/sagardoarenlurraldea.eus\/fr\/product\/cidreries-fr\/cidrerie-tolosa-isastegi\/#breadcrumb\",\"itemListElement\":[{\"@type\":\"ListItem\",\"position\":1,\"name\":\"Inicio\",\"item\":\"https:\/\/sagardoarenlurraldea.eus\/fr\/\"},{\"@type\":\"ListItem\",\"position\":2,\"name\":\"R\u00e9servations\",\"item\":\"https:\/\/sagardoarenlurraldea.eus\/fr\/reservations\/\"},{\"@type\":\"ListItem\",\"position\":3,\"name\":\"Cidrerie Isastegi\"}]},{\"@type\":\"WebSite\",\"@id\":\"https:\/\/sagardoarenlurraldea.eus\/fr\/#website\",\"url\":\"https:\/\/sagardoarenlurraldea.eus\/fr\/\",\"name\":\"Sagardoaren Lurraldea\",\"description\":\"El territorio de la sidra\",\"potentialAction\":[{\"@type\":\"SearchAction\",\"target\":{\"@type\":\"EntryPoint\",\"urlTemplate\":\"https:\/\/sagardoarenlurraldea.eus\/fr\/?s={search_term_string}\"},\"query-input\":{\"@type\":\"PropertyValueSpecification\",\"valueRequired\":true,\"valueName\":\"search_term_string\"}}],\"inLanguage\":\"fr-FR\"}]}<\/script>\n<!-- \/ Yoast SEO plugin. -->","yoast_head_json":{"title":"Cidrerie Isastegi - Sagardoaren Lurraldea","robots":{"index":"index","follow":"follow","max-snippet":"max-snippet:-1","max-image-preview":"max-image-preview:large","max-video-preview":"max-video-preview:-1"},"canonical":"https:\/\/sagardoarenlurraldea.eus\/fr\/product\/cidreries-fr\/cidrerie-tolosa-isastegi\/","og_locale":"fr_FR","og_type":"article","og_title":"Cidrerie Isastegi - Sagardoaren Lurraldea","og_description":"Cidrerie ouverte durant la saison du txotx (janvier-avril). La pomme utilis\u00e9e pour la production du cidre est cueillie dans la propre ferme et dans la zone de Tolosaldea.","og_url":"https:\/\/sagardoarenlurraldea.eus\/fr\/product\/cidreries-fr\/cidrerie-tolosa-isastegi\/","og_site_name":"Sagardoaren Lurraldea","article_publisher":"https:\/\/www.facebook.com\/sagardoarenlurraldea","og_image":[{"width":900,"height":600,"url":"https:\/\/sagardoarenlurraldea.eus\/wp-content\/uploads\/2016\/10\/SIDISAS-F00.jpg","type":"image\/jpeg"}],"twitter_card":"summary_large_image","schema":{"@context":"https:\/\/schema.org","@graph":[{"@type":"WebPage","@id":"https:\/\/sagardoarenlurraldea.eus\/fr\/product\/cidreries-fr\/cidrerie-tolosa-isastegi\/","url":"https:\/\/sagardoarenlurraldea.eus\/fr\/product\/cidreries-fr\/cidrerie-tolosa-isastegi\/","name":"Cidrerie Isastegi - Sagardoaren Lurraldea","isPartOf":{"@id":"https:\/\/sagardoarenlurraldea.eus\/fr\/#website"},"primaryImageOfPage":{"@id":"https:\/\/sagardoarenlurraldea.eus\/fr\/product\/cidreries-fr\/cidrerie-tolosa-isastegi\/#primaryimage"},"image":{"@id":"https:\/\/sagardoarenlurraldea.eus\/fr\/product\/cidreries-fr\/cidrerie-tolosa-isastegi\/#primaryimage"},"thumbnailUrl":"https:\/\/sagardoarenlurraldea.eus\/wp-content\/uploads\/2016\/10\/SIDISAS-F00.jpg","datePublished":"2016-10-05T14:39:36+00:00","breadcrumb":{"@id":"https:\/\/sagardoarenlurraldea.eus\/fr\/product\/cidreries-fr\/cidrerie-tolosa-isastegi\/#breadcrumb"},"inLanguage":"fr-FR","potentialAction":[{"@type":"ReadAction","target":["https:\/\/sagardoarenlurraldea.eus\/fr\/product\/cidreries-fr\/cidrerie-tolosa-isastegi\/"]}]},{"@type":"ImageObject","inLanguage":"fr-FR","@id":"https:\/\/sagardoarenlurraldea.eus\/fr\/product\/cidreries-fr\/cidrerie-tolosa-isastegi\/#primaryimage","url":"https:\/\/sagardoarenlurraldea.eus\/wp-content\/uploads\/2016\/10\/SIDISAS-F00.jpg","contentUrl":"https:\/\/sagardoarenlurraldea.eus\/wp-content\/uploads\/2016\/10\/SIDISAS-F00.jpg","width":900,"height":600,"caption":"Entrada principal de la sidrer\u00eda Isastegi"},{"@type":"BreadcrumbList","@id":"https:\/\/sagardoarenlurraldea.eus\/fr\/product\/cidreries-fr\/cidrerie-tolosa-isastegi\/#breadcrumb","itemListElement":[{"@type":"ListItem","position":1,"name":"Inicio","item":"https:\/\/sagardoarenlurraldea.eus\/fr\/"},{"@type":"ListItem","position":2,"name":"R\u00e9servations","item":"https:\/\/sagardoarenlurraldea.eus\/fr\/reservations\/"},{"@type":"ListItem","position":3,"name":"Cidrerie Isastegi"}]},{"@type":"WebSite","@id":"https:\/\/sagardoarenlurraldea.eus\/fr\/#website","url":"https:\/\/sagardoarenlurraldea.eus\/fr\/","name":"Sagardoaren Lurraldea","description":"El territorio de la sidra","potentialAction":[{"@type":"SearchAction","target":{"@type":"EntryPoint","urlTemplate":"https:\/\/sagardoarenlurraldea.eus\/fr\/?s={search_term_string}"},"query-input":{"@type":"PropertyValueSpecification","valueRequired":true,"valueName":"search_term_string"}}],"inLanguage":"fr-FR"}]}},"_links":{"self":[{"href":"https:\/\/sagardoarenlurraldea.eus\/fr\/wp-json\/wp\/v2\/product\/25741","targetHints":{"allow":["GET"]}}],"collection":[{"href":"https:\/\/sagardoarenlurraldea.eus\/fr\/wp-json\/wp\/v2\/product"}],"about":[{"href":"https:\/\/sagardoarenlurraldea.eus\/fr\/wp-json\/wp\/v2\/types\/product"}],"replies":[{"embeddable":true,"href":"https:\/\/sagardoarenlurraldea.eus\/fr\/wp-json\/wp\/v2\/comments?post=25741"}],"wp:featuredmedia":[{"embeddable":true,"href":"https:\/\/sagardoarenlurraldea.eus\/fr\/wp-json\/wp\/v2\/media\/8125"}],"wp:attachment":[{"href":"https:\/\/sagardoarenlurraldea.eus\/fr\/wp-json\/wp\/v2\/media?parent=25741"}],"wp:term":[{"taxonomy":"product_brand","embeddable":true,"href":"https:\/\/sagardoarenlurraldea.eus\/fr\/wp-json\/wp\/v2\/product_brand?post=25741"},{"taxonomy":"product_cat","embeddable":true,"href":"https:\/\/sagardoarenlurraldea.eus\/fr\/wp-json\/wp\/v2\/product_cat?post=25741"},{"taxonomy":"product_tag","embeddable":true,"href":"https:\/\/sagardoarenlurraldea.eus\/fr\/wp-json\/wp\/v2\/product_tag?post=25741"}],"curies":[{"name":"wp","href":"https:\/\/api.w.org\/{rel}","templated":true}]}}