{"id":25696,"date":"2016-06-20T17:03:38","date_gmt":"2016-06-20T15:03:38","guid":{"rendered":"http:\/\/www.sagardoarenlurraldea.eus\/reservar\/sin%20categorizar\/sidreria-azkaine-txopinondo\/"},"modified":"2018-10-19T18:02:38","modified_gmt":"2018-10-19T16:02:38","slug":"cidrerie-azkaine-txopinondo","status":"publish","type":"product","link":"https:\/\/sagardoarenlurraldea.eus\/fr\/product\/azkaine-fr\/cidrerie-azkaine-txopinondo\/","title":{"rendered":"Cidrerie Txopinondo"},"content":{"rendered":"<h2>Description<\/h2>\n<p>\u00c0 Txopinondo, le <em>txotx<\/em> est authentique. On se retrouve autour de longues tabl\u00e9es pour boire le cidre accompagn\u00e9 de la tr\u00e8s c\u00e9l\u00e8bre c\u00f4te de b\u0153uf, <em>txuleta<\/em>, grill\u00e9e au charbon sous les yeux des clients.<\/p>\n<h2>D\u00e9jeuner et d\u00eener<\/h2>\n<p><strong>En saison<\/strong> (janvier-avril) : Ferm\u00e9e lundi, mardi et mercredi (toute la journ\u00e9e) et dimanche soir. Elle est ouverte tous les jours (midi et soir) pendant les vacances scolaires en France. Pour les groupes de plus de 15 personnes, elle est ouverte tous les jours.<\/p>\n<p><strong>Hors saison<\/strong> (\u00e0 partir de mai) : Les horaires sont les m\u00eames que pendant la saison.<\/p>\n<p>Capacit\u00e9 : 200 personnes<\/p>\n<h2>Informations suppl\u00e9mentaires<\/h2>\n<p>Responsable : Dominic Lagadec<\/p>\n<p>Adresse : Route de Saint Jean de Luz. Lanzelai, Sagarnotegi Bidea. Azkaine.<br \/>\nT\u00e9l. : +33 559546234<br \/>\nFax. : +33 559859343<br \/>\nE-mail : <a href=\"mailto:txopinondo@wanadoo.fr\">txopinondo@wanadoo.fr <\/a><br \/>\nWeb : <a href=\"http:\/\/www.txopinondo.com\">http:\/\/www.txopinondo.com<\/a><\/p>\n","protected":false},"excerpt":{"rendered":"<p>Cidrerie ouverte toute l\u2019ann\u00e9e. On s\u2019y retrouve autour de longues tabl\u00e9es pour boire le cidre accompagn\u00e9 de la tr\u00e8s c\u00e9l\u00e8bre c\u00f4te de b\u0153uf, <em>txuleta<\/em>, grill\u00e9e au charbon sous les yeux des clients.<\/p>\n","protected":false},"featured_media":8393,"comment_status":"open","ping_status":"closed","template":"","meta":{"_acf_changed":false,"_et_pb_use_builder":"","_et_pb_old_content":"","_et_gb_content_width":""},"product_brand":[],"product_cat":[2660,2709],"product_tag":[2634,2623,2630,2633,2627,2639,2636,2616,2615,2629,2641,2619,2646,2640,2618,2624],"class_list":{"0":"post-25696","1":"product","2":"type-product","3":"status-publish","4":"has-post-thumbnail","6":"product_cat-azkaine-fr","7":"product_cat-cidreries-fr","8":"product_tag-acces-a-pied","9":"product_tag-acces-en-bus","10":"product_tag-acces-en-voiture","11":"product_tag-acces-en-minibus","12":"product_tag-acces-handicapes","13":"product_tag-cidre-en-bouteille","14":"product_tag-manger-a-table","15":"product_tag-groupe-de-plus-de-25","16":"product_tag-groupe-de-moins-de-25","17":"product_tag-menu-enfant","18":"product_tag-menu-traditionnel","19":"product_tag-parking-fr","20":"product_tag-repas-et-diners-a-lannee","21":"product_tag-cidre-en-txotx","22":"product_tag-services-diner","23":"product_tag-services-dejeuner","24":"pa_acceso-a-pied","25":"pa_caracteristicas-y-menus-groupe-plus-25","26":"pa_caracteristicas-y-menus-menu-enfant","27":"pa_caracteristicas-y-menus-repas-diners-toujours-ouvert","28":"pa_caracteristicas-y-menus-cidre-en-txotx","29":"dtwm_map-txopinondo-fr","31":"first","32":"instock","33":"virtual","34":"product-type-simple"},"exclude_global_add_ons":[],"addons":[],"acf":[],"yoast_head":"<!-- This site is optimized with the Yoast SEO plugin v25.4 - https:\/\/yoast.com\/wordpress\/plugins\/seo\/ -->\n<title>Cidrerie Txopinondo - Sagardoaren Lurraldea<\/title>\n<meta name=\"robots\" content=\"index, follow, max-snippet:-1, max-image-preview:large, max-video-preview:-1\" \/>\n<link rel=\"canonical\" href=\"https:\/\/sagardoarenlurraldea.eus\/fr\/product\/azkaine-fr\/cidrerie-azkaine-txopinondo\/\" \/>\n<meta property=\"og:locale\" content=\"fr_FR\" \/>\n<meta property=\"og:type\" content=\"article\" \/>\n<meta property=\"og:title\" content=\"Cidrerie Txopinondo - Sagardoaren Lurraldea\" \/>\n<meta property=\"og:description\" content=\"Cidrerie ouverte toute l\u2019ann\u00e9e. On s\u2019y retrouve autour de longues tabl\u00e9es pour boire le cidre accompagn\u00e9 de la tr\u00e8s c\u00e9l\u00e8bre c\u00f4te de b\u0153uf, txuleta, grill\u00e9e au charbon sous les yeux des clients.\" \/>\n<meta property=\"og:url\" content=\"https:\/\/sagardoarenlurraldea.eus\/fr\/product\/azkaine-fr\/cidrerie-azkaine-txopinondo\/\" \/>\n<meta property=\"og:site_name\" content=\"Sagardoaren Lurraldea\" \/>\n<meta property=\"article:publisher\" content=\"https:\/\/www.facebook.com\/sagardoarenlurraldea\" \/>\n<meta property=\"article:modified_time\" content=\"2018-10-19T16:02:38+00:00\" \/>\n<meta property=\"og:image\" content=\"https:\/\/sagardoarenlurraldea.eus\/wp-content\/uploads\/2016\/06\/SIDTXO-F00.jpg\" \/>\n\t<meta property=\"og:image:width\" content=\"900\" \/>\n\t<meta property=\"og:image:height\" content=\"600\" \/>\n\t<meta property=\"og:image:type\" content=\"image\/jpeg\" \/>\n<meta name=\"twitter:card\" content=\"summary_large_image\" \/>\n<meta name=\"twitter:label1\" content=\"Dur\u00e9e de lecture estim\u00e9e\" \/>\n\t<meta name=\"twitter:data1\" content=\"1 minute\" \/>\n<script type=\"application\/ld+json\" class=\"yoast-schema-graph\">{\"@context\":\"https:\/\/schema.org\",\"@graph\":[{\"@type\":\"WebPage\",\"@id\":\"https:\/\/sagardoarenlurraldea.eus\/fr\/product\/azkaine-fr\/cidrerie-azkaine-txopinondo\/\",\"url\":\"https:\/\/sagardoarenlurraldea.eus\/fr\/product\/azkaine-fr\/cidrerie-azkaine-txopinondo\/\",\"name\":\"Cidrerie Txopinondo - Sagardoaren Lurraldea\",\"isPartOf\":{\"@id\":\"https:\/\/sagardoarenlurraldea.eus\/fr\/#website\"},\"primaryImageOfPage\":{\"@id\":\"https:\/\/sagardoarenlurraldea.eus\/fr\/product\/azkaine-fr\/cidrerie-azkaine-txopinondo\/#primaryimage\"},\"image\":{\"@id\":\"https:\/\/sagardoarenlurraldea.eus\/fr\/product\/azkaine-fr\/cidrerie-azkaine-txopinondo\/#primaryimage\"},\"thumbnailUrl\":\"https:\/\/sagardoarenlurraldea.eus\/wp-content\/uploads\/2016\/06\/SIDTXO-F00.jpg\",\"datePublished\":\"2016-06-20T15:03:38+00:00\",\"dateModified\":\"2018-10-19T16:02:38+00:00\",\"breadcrumb\":{\"@id\":\"https:\/\/sagardoarenlurraldea.eus\/fr\/product\/azkaine-fr\/cidrerie-azkaine-txopinondo\/#breadcrumb\"},\"inLanguage\":\"fr-FR\",\"potentialAction\":[{\"@type\":\"ReadAction\",\"target\":[\"https:\/\/sagardoarenlurraldea.eus\/fr\/product\/azkaine-fr\/cidrerie-azkaine-txopinondo\/\"]}]},{\"@type\":\"ImageObject\",\"inLanguage\":\"fr-FR\",\"@id\":\"https:\/\/sagardoarenlurraldea.eus\/fr\/product\/azkaine-fr\/cidrerie-azkaine-txopinondo\/#primaryimage\",\"url\":\"https:\/\/sagardoarenlurraldea.eus\/wp-content\/uploads\/2016\/06\/SIDTXO-F00.jpg\",\"contentUrl\":\"https:\/\/sagardoarenlurraldea.eus\/wp-content\/uploads\/2016\/06\/SIDTXO-F00.jpg\",\"width\":900,\"height\":600,\"caption\":\"Zona de toneles de madera de la sidrer\u00eda Txopinondo\"},{\"@type\":\"BreadcrumbList\",\"@id\":\"https:\/\/sagardoarenlurraldea.eus\/fr\/product\/azkaine-fr\/cidrerie-azkaine-txopinondo\/#breadcrumb\",\"itemListElement\":[{\"@type\":\"ListItem\",\"position\":1,\"name\":\"Inicio\",\"item\":\"https:\/\/sagardoarenlurraldea.eus\/fr\/\"},{\"@type\":\"ListItem\",\"position\":2,\"name\":\"R\u00e9servations\",\"item\":\"https:\/\/sagardoarenlurraldea.eus\/fr\/reservations\/\"},{\"@type\":\"ListItem\",\"position\":3,\"name\":\"Cidrerie Txopinondo\"}]},{\"@type\":\"WebSite\",\"@id\":\"https:\/\/sagardoarenlurraldea.eus\/fr\/#website\",\"url\":\"https:\/\/sagardoarenlurraldea.eus\/fr\/\",\"name\":\"Sagardoaren Lurraldea\",\"description\":\"El territorio de la sidra\",\"potentialAction\":[{\"@type\":\"SearchAction\",\"target\":{\"@type\":\"EntryPoint\",\"urlTemplate\":\"https:\/\/sagardoarenlurraldea.eus\/fr\/?s={search_term_string}\"},\"query-input\":{\"@type\":\"PropertyValueSpecification\",\"valueRequired\":true,\"valueName\":\"search_term_string\"}}],\"inLanguage\":\"fr-FR\"}]}<\/script>\n<!-- \/ Yoast SEO plugin. -->","yoast_head_json":{"title":"Cidrerie Txopinondo - Sagardoaren Lurraldea","robots":{"index":"index","follow":"follow","max-snippet":"max-snippet:-1","max-image-preview":"max-image-preview:large","max-video-preview":"max-video-preview:-1"},"canonical":"https:\/\/sagardoarenlurraldea.eus\/fr\/product\/azkaine-fr\/cidrerie-azkaine-txopinondo\/","og_locale":"fr_FR","og_type":"article","og_title":"Cidrerie Txopinondo - Sagardoaren Lurraldea","og_description":"Cidrerie ouverte toute l\u2019ann\u00e9e. On s\u2019y retrouve autour de longues tabl\u00e9es pour boire le cidre accompagn\u00e9 de la tr\u00e8s c\u00e9l\u00e8bre c\u00f4te de b\u0153uf, txuleta, grill\u00e9e au charbon sous les yeux des clients.","og_url":"https:\/\/sagardoarenlurraldea.eus\/fr\/product\/azkaine-fr\/cidrerie-azkaine-txopinondo\/","og_site_name":"Sagardoaren Lurraldea","article_publisher":"https:\/\/www.facebook.com\/sagardoarenlurraldea","article_modified_time":"2018-10-19T16:02:38+00:00","og_image":[{"width":900,"height":600,"url":"https:\/\/sagardoarenlurraldea.eus\/wp-content\/uploads\/2016\/06\/SIDTXO-F00.jpg","type":"image\/jpeg"}],"twitter_card":"summary_large_image","twitter_misc":{"Dur\u00e9e de lecture estim\u00e9e":"1 minute"},"schema":{"@context":"https:\/\/schema.org","@graph":[{"@type":"WebPage","@id":"https:\/\/sagardoarenlurraldea.eus\/fr\/product\/azkaine-fr\/cidrerie-azkaine-txopinondo\/","url":"https:\/\/sagardoarenlurraldea.eus\/fr\/product\/azkaine-fr\/cidrerie-azkaine-txopinondo\/","name":"Cidrerie Txopinondo - Sagardoaren Lurraldea","isPartOf":{"@id":"https:\/\/sagardoarenlurraldea.eus\/fr\/#website"},"primaryImageOfPage":{"@id":"https:\/\/sagardoarenlurraldea.eus\/fr\/product\/azkaine-fr\/cidrerie-azkaine-txopinondo\/#primaryimage"},"image":{"@id":"https:\/\/sagardoarenlurraldea.eus\/fr\/product\/azkaine-fr\/cidrerie-azkaine-txopinondo\/#primaryimage"},"thumbnailUrl":"https:\/\/sagardoarenlurraldea.eus\/wp-content\/uploads\/2016\/06\/SIDTXO-F00.jpg","datePublished":"2016-06-20T15:03:38+00:00","dateModified":"2018-10-19T16:02:38+00:00","breadcrumb":{"@id":"https:\/\/sagardoarenlurraldea.eus\/fr\/product\/azkaine-fr\/cidrerie-azkaine-txopinondo\/#breadcrumb"},"inLanguage":"fr-FR","potentialAction":[{"@type":"ReadAction","target":["https:\/\/sagardoarenlurraldea.eus\/fr\/product\/azkaine-fr\/cidrerie-azkaine-txopinondo\/"]}]},{"@type":"ImageObject","inLanguage":"fr-FR","@id":"https:\/\/sagardoarenlurraldea.eus\/fr\/product\/azkaine-fr\/cidrerie-azkaine-txopinondo\/#primaryimage","url":"https:\/\/sagardoarenlurraldea.eus\/wp-content\/uploads\/2016\/06\/SIDTXO-F00.jpg","contentUrl":"https:\/\/sagardoarenlurraldea.eus\/wp-content\/uploads\/2016\/06\/SIDTXO-F00.jpg","width":900,"height":600,"caption":"Zona de toneles de madera de la sidrer\u00eda Txopinondo"},{"@type":"BreadcrumbList","@id":"https:\/\/sagardoarenlurraldea.eus\/fr\/product\/azkaine-fr\/cidrerie-azkaine-txopinondo\/#breadcrumb","itemListElement":[{"@type":"ListItem","position":1,"name":"Inicio","item":"https:\/\/sagardoarenlurraldea.eus\/fr\/"},{"@type":"ListItem","position":2,"name":"R\u00e9servations","item":"https:\/\/sagardoarenlurraldea.eus\/fr\/reservations\/"},{"@type":"ListItem","position":3,"name":"Cidrerie Txopinondo"}]},{"@type":"WebSite","@id":"https:\/\/sagardoarenlurraldea.eus\/fr\/#website","url":"https:\/\/sagardoarenlurraldea.eus\/fr\/","name":"Sagardoaren Lurraldea","description":"El territorio de la sidra","potentialAction":[{"@type":"SearchAction","target":{"@type":"EntryPoint","urlTemplate":"https:\/\/sagardoarenlurraldea.eus\/fr\/?s={search_term_string}"},"query-input":{"@type":"PropertyValueSpecification","valueRequired":true,"valueName":"search_term_string"}}],"inLanguage":"fr-FR"}]}},"_links":{"self":[{"href":"https:\/\/sagardoarenlurraldea.eus\/fr\/wp-json\/wp\/v2\/product\/25696","targetHints":{"allow":["GET"]}}],"collection":[{"href":"https:\/\/sagardoarenlurraldea.eus\/fr\/wp-json\/wp\/v2\/product"}],"about":[{"href":"https:\/\/sagardoarenlurraldea.eus\/fr\/wp-json\/wp\/v2\/types\/product"}],"replies":[{"embeddable":true,"href":"https:\/\/sagardoarenlurraldea.eus\/fr\/wp-json\/wp\/v2\/comments?post=25696"}],"wp:featuredmedia":[{"embeddable":true,"href":"https:\/\/sagardoarenlurraldea.eus\/fr\/wp-json\/wp\/v2\/media\/8393"}],"wp:attachment":[{"href":"https:\/\/sagardoarenlurraldea.eus\/fr\/wp-json\/wp\/v2\/media?parent=25696"}],"wp:term":[{"taxonomy":"product_brand","embeddable":true,"href":"https:\/\/sagardoarenlurraldea.eus\/fr\/wp-json\/wp\/v2\/product_brand?post=25696"},{"taxonomy":"product_cat","embeddable":true,"href":"https:\/\/sagardoarenlurraldea.eus\/fr\/wp-json\/wp\/v2\/product_cat?post=25696"},{"taxonomy":"product_tag","embeddable":true,"href":"https:\/\/sagardoarenlurraldea.eus\/fr\/wp-json\/wp\/v2\/product_tag?post=25696"}],"curies":[{"name":"wp","href":"https:\/\/api.w.org\/{rel}","templated":true}]}}