{"id":25693,"date":"2016-06-20T17:48:21","date_gmt":"2016-06-20T15:48:21","guid":{"rendered":"http:\/\/www.sagardoarenlurraldea.eus\/reservar\/sin%20categorizar\/sidreria-astigarraga-zapiain\/"},"modified":"2018-01-10T13:56:30","modified_gmt":"2018-01-10T11:56:30","slug":"cidrerie-astigarraga-zapiain","status":"publish","type":"product","link":"https:\/\/sagardoarenlurraldea.eus\/fr\/product\/astigarraga-fr\/cidrerie-astigarraga-zapiain\/","title":{"rendered":"Cidrerie Zapiain"},"content":{"rendered":"<h2>Description<\/h2>\n<p>Des documents associent le patronyme Zapiain au cidre depuis le XVe si\u00e8cle. C\u2019est aujourd\u2019hui un \u00e9tablissement d\u2019avant-garde, premier producteur du secteur et fortement implant\u00e9 sur le march\u00e9. Soucieux des rites et des traditions, sans renoncer \u00e0 la technologie la plus moderne.<\/p>\n<h2>D\u00e9jeuner et d\u00eener<\/h2>\n<p><strong>En saison<\/strong> (janvier-avril) : Service d\u00eener de lundi \u00e0 samedi, et service dejeuner samedi midi.<\/p>\n<p><strong>Hors saison<\/strong> (\u00e0 partir de mai) : Ferm\u00e9e.<\/p>\n<p>Capacit\u00e9 : 150 personnes<\/p>\n<h2>Information suppl\u00e9mentaire<\/h2>\n<p>Responsable : MIguel Zapiain<\/p>\n<p>Adresse : Kale Nagusia, 96. Astigarraga.<br \/>\nTfno. : 943330033<br \/>\nFax. : 943555657<br \/>\nE-mail :<a href=\"mailto:info@zapiain.eus\"> info@zapiain.eus <\/a><br \/>\nWeb : <a href=\"http:\/\/www.zapiain.eus\">http:\/\/www.zapiain.eus<\/a><\/p>\n","protected":false},"excerpt":{"rendered":"<p>Cidrerie ouverte durant la saison du <em>txotx<\/em> (janvier-avril). Actuellement un \u00e9tablissement d\u2019avant-garde, premier producteur du secteur et fortement implant\u00e9 sur le march\u00e9.<\/p>\n","protected":false},"featured_media":25331,"comment_status":"open","ping_status":"closed","template":"","meta":{"_acf_changed":false,"_et_pb_use_builder":"","_et_pb_old_content":"","_et_gb_content_width":""},"product_brand":[],"product_cat":[2658,2709],"product_tag":[2634,2631,2623,2630,2633,2627,2637,2615,2641,2619,2640,2618,2624],"class_list":{"0":"post-25693","1":"product","2":"type-product","3":"status-publish","4":"has-post-thumbnail","6":"product_cat-astigarraga-fr","7":"product_cat-cidreries-fr","8":"product_tag-acces-a-pied","9":"product_tag-acces-en-bus-de-ligne","10":"product_tag-acces-en-bus","11":"product_tag-acces-en-voiture","12":"product_tag-acces-en-minibus","13":"product_tag-acces-handicapes","14":"product_tag-manger-debout","15":"product_tag-groupe-de-moins-de-25","16":"product_tag-menu-traditionnel","17":"product_tag-parking-fr","18":"product_tag-cidre-en-txotx","19":"product_tag-services-diner","20":"product_tag-services-dejeuner","21":"pa_acceso-a-pied","22":"pa_acceso-bus-de-ligne","23":"pa_caracteristicas-y-menus-manger-debout-cidrerie","24":"pa_caracteristicas-y-menus-cidre-en-txotx","25":"dtwm_map-zapiain-fr","27":"first","28":"instock","29":"virtual","30":"product-type-simple"},"exclude_global_add_ons":[],"addons":[],"acf":[],"yoast_head":"<!-- This site is optimized with the Yoast SEO plugin v25.4 - https:\/\/yoast.com\/wordpress\/plugins\/seo\/ -->\n<title>Cidrerie Zapiain - Sagardoaren Lurraldea<\/title>\n<meta name=\"robots\" content=\"index, follow, max-snippet:-1, max-image-preview:large, max-video-preview:-1\" \/>\n<link rel=\"canonical\" href=\"https:\/\/sagardoarenlurraldea.eus\/fr\/product\/astigarraga-fr\/cidrerie-astigarraga-zapiain\/\" \/>\n<meta property=\"og:locale\" content=\"fr_FR\" \/>\n<meta property=\"og:type\" content=\"article\" \/>\n<meta property=\"og:title\" content=\"Cidrerie Zapiain - Sagardoaren Lurraldea\" \/>\n<meta property=\"og:description\" content=\"Cidrerie ouverte durant la saison du txotx (janvier-avril). Actuellement un \u00e9tablissement d\u2019avant-garde, premier producteur du secteur et fortement implant\u00e9 sur le march\u00e9.\" \/>\n<meta property=\"og:url\" content=\"https:\/\/sagardoarenlurraldea.eus\/fr\/product\/astigarraga-fr\/cidrerie-astigarraga-zapiain\/\" \/>\n<meta property=\"og:site_name\" content=\"Sagardoaren Lurraldea\" \/>\n<meta property=\"article:publisher\" content=\"https:\/\/www.facebook.com\/sagardoarenlurraldea\" \/>\n<meta property=\"article:modified_time\" content=\"2018-01-10T11:56:30+00:00\" \/>\n<meta property=\"og:image\" content=\"https:\/\/sagardoarenlurraldea.eus\/wp-content\/uploads\/2016\/06\/SIDZAP-F130.jpg\" \/>\n\t<meta property=\"og:image:width\" content=\"1500\" \/>\n\t<meta property=\"og:image:height\" content=\"1000\" \/>\n\t<meta property=\"og:image:type\" content=\"image\/jpeg\" \/>\n<meta name=\"twitter:card\" content=\"summary_large_image\" \/>\n<script type=\"application\/ld+json\" class=\"yoast-schema-graph\">{\"@context\":\"https:\/\/schema.org\",\"@graph\":[{\"@type\":\"WebPage\",\"@id\":\"https:\/\/sagardoarenlurraldea.eus\/fr\/product\/astigarraga-fr\/cidrerie-astigarraga-zapiain\/\",\"url\":\"https:\/\/sagardoarenlurraldea.eus\/fr\/product\/astigarraga-fr\/cidrerie-astigarraga-zapiain\/\",\"name\":\"Cidrerie Zapiain - Sagardoaren Lurraldea\",\"isPartOf\":{\"@id\":\"https:\/\/sagardoarenlurraldea.eus\/fr\/#website\"},\"primaryImageOfPage\":{\"@id\":\"https:\/\/sagardoarenlurraldea.eus\/fr\/product\/astigarraga-fr\/cidrerie-astigarraga-zapiain\/#primaryimage\"},\"image\":{\"@id\":\"https:\/\/sagardoarenlurraldea.eus\/fr\/product\/astigarraga-fr\/cidrerie-astigarraga-zapiain\/#primaryimage\"},\"thumbnailUrl\":\"https:\/\/sagardoarenlurraldea.eus\/wp-content\/uploads\/2016\/06\/SIDZAP-F130.jpg\",\"datePublished\":\"2016-06-20T15:48:21+00:00\",\"dateModified\":\"2018-01-10T11:56:30+00:00\",\"breadcrumb\":{\"@id\":\"https:\/\/sagardoarenlurraldea.eus\/fr\/product\/astigarraga-fr\/cidrerie-astigarraga-zapiain\/#breadcrumb\"},\"inLanguage\":\"fr-FR\",\"potentialAction\":[{\"@type\":\"ReadAction\",\"target\":[\"https:\/\/sagardoarenlurraldea.eus\/fr\/product\/astigarraga-fr\/cidrerie-astigarraga-zapiain\/\"]}]},{\"@type\":\"ImageObject\",\"inLanguage\":\"fr-FR\",\"@id\":\"https:\/\/sagardoarenlurraldea.eus\/fr\/product\/astigarraga-fr\/cidrerie-astigarraga-zapiain\/#primaryimage\",\"url\":\"https:\/\/sagardoarenlurraldea.eus\/wp-content\/uploads\/2016\/06\/SIDZAP-F130.jpg\",\"contentUrl\":\"https:\/\/sagardoarenlurraldea.eus\/wp-content\/uploads\/2016\/06\/SIDZAP-F130.jpg\",\"width\":1500,\"height\":1000,\"caption\":\"Bodega de la sidrer\u00eda Zapiain\"},{\"@type\":\"BreadcrumbList\",\"@id\":\"https:\/\/sagardoarenlurraldea.eus\/fr\/product\/astigarraga-fr\/cidrerie-astigarraga-zapiain\/#breadcrumb\",\"itemListElement\":[{\"@type\":\"ListItem\",\"position\":1,\"name\":\"Inicio\",\"item\":\"https:\/\/sagardoarenlurraldea.eus\/fr\/\"},{\"@type\":\"ListItem\",\"position\":2,\"name\":\"R\u00e9servations\",\"item\":\"https:\/\/sagardoarenlurraldea.eus\/fr\/reservations\/\"},{\"@type\":\"ListItem\",\"position\":3,\"name\":\"Cidrerie Zapiain\"}]},{\"@type\":\"WebSite\",\"@id\":\"https:\/\/sagardoarenlurraldea.eus\/fr\/#website\",\"url\":\"https:\/\/sagardoarenlurraldea.eus\/fr\/\",\"name\":\"Sagardoaren Lurraldea\",\"description\":\"El territorio de la sidra\",\"potentialAction\":[{\"@type\":\"SearchAction\",\"target\":{\"@type\":\"EntryPoint\",\"urlTemplate\":\"https:\/\/sagardoarenlurraldea.eus\/fr\/?s={search_term_string}\"},\"query-input\":{\"@type\":\"PropertyValueSpecification\",\"valueRequired\":true,\"valueName\":\"search_term_string\"}}],\"inLanguage\":\"fr-FR\"}]}<\/script>\n<!-- \/ Yoast SEO plugin. -->","yoast_head_json":{"title":"Cidrerie Zapiain - Sagardoaren Lurraldea","robots":{"index":"index","follow":"follow","max-snippet":"max-snippet:-1","max-image-preview":"max-image-preview:large","max-video-preview":"max-video-preview:-1"},"canonical":"https:\/\/sagardoarenlurraldea.eus\/fr\/product\/astigarraga-fr\/cidrerie-astigarraga-zapiain\/","og_locale":"fr_FR","og_type":"article","og_title":"Cidrerie Zapiain - Sagardoaren Lurraldea","og_description":"Cidrerie ouverte durant la saison du txotx (janvier-avril). Actuellement un \u00e9tablissement d\u2019avant-garde, premier producteur du secteur et fortement implant\u00e9 sur le march\u00e9.","og_url":"https:\/\/sagardoarenlurraldea.eus\/fr\/product\/astigarraga-fr\/cidrerie-astigarraga-zapiain\/","og_site_name":"Sagardoaren Lurraldea","article_publisher":"https:\/\/www.facebook.com\/sagardoarenlurraldea","article_modified_time":"2018-01-10T11:56:30+00:00","og_image":[{"width":1500,"height":1000,"url":"https:\/\/sagardoarenlurraldea.eus\/wp-content\/uploads\/2016\/06\/SIDZAP-F130.jpg","type":"image\/jpeg"}],"twitter_card":"summary_large_image","schema":{"@context":"https:\/\/schema.org","@graph":[{"@type":"WebPage","@id":"https:\/\/sagardoarenlurraldea.eus\/fr\/product\/astigarraga-fr\/cidrerie-astigarraga-zapiain\/","url":"https:\/\/sagardoarenlurraldea.eus\/fr\/product\/astigarraga-fr\/cidrerie-astigarraga-zapiain\/","name":"Cidrerie Zapiain - Sagardoaren Lurraldea","isPartOf":{"@id":"https:\/\/sagardoarenlurraldea.eus\/fr\/#website"},"primaryImageOfPage":{"@id":"https:\/\/sagardoarenlurraldea.eus\/fr\/product\/astigarraga-fr\/cidrerie-astigarraga-zapiain\/#primaryimage"},"image":{"@id":"https:\/\/sagardoarenlurraldea.eus\/fr\/product\/astigarraga-fr\/cidrerie-astigarraga-zapiain\/#primaryimage"},"thumbnailUrl":"https:\/\/sagardoarenlurraldea.eus\/wp-content\/uploads\/2016\/06\/SIDZAP-F130.jpg","datePublished":"2016-06-20T15:48:21+00:00","dateModified":"2018-01-10T11:56:30+00:00","breadcrumb":{"@id":"https:\/\/sagardoarenlurraldea.eus\/fr\/product\/astigarraga-fr\/cidrerie-astigarraga-zapiain\/#breadcrumb"},"inLanguage":"fr-FR","potentialAction":[{"@type":"ReadAction","target":["https:\/\/sagardoarenlurraldea.eus\/fr\/product\/astigarraga-fr\/cidrerie-astigarraga-zapiain\/"]}]},{"@type":"ImageObject","inLanguage":"fr-FR","@id":"https:\/\/sagardoarenlurraldea.eus\/fr\/product\/astigarraga-fr\/cidrerie-astigarraga-zapiain\/#primaryimage","url":"https:\/\/sagardoarenlurraldea.eus\/wp-content\/uploads\/2016\/06\/SIDZAP-F130.jpg","contentUrl":"https:\/\/sagardoarenlurraldea.eus\/wp-content\/uploads\/2016\/06\/SIDZAP-F130.jpg","width":1500,"height":1000,"caption":"Bodega de la sidrer\u00eda Zapiain"},{"@type":"BreadcrumbList","@id":"https:\/\/sagardoarenlurraldea.eus\/fr\/product\/astigarraga-fr\/cidrerie-astigarraga-zapiain\/#breadcrumb","itemListElement":[{"@type":"ListItem","position":1,"name":"Inicio","item":"https:\/\/sagardoarenlurraldea.eus\/fr\/"},{"@type":"ListItem","position":2,"name":"R\u00e9servations","item":"https:\/\/sagardoarenlurraldea.eus\/fr\/reservations\/"},{"@type":"ListItem","position":3,"name":"Cidrerie Zapiain"}]},{"@type":"WebSite","@id":"https:\/\/sagardoarenlurraldea.eus\/fr\/#website","url":"https:\/\/sagardoarenlurraldea.eus\/fr\/","name":"Sagardoaren Lurraldea","description":"El territorio de la sidra","potentialAction":[{"@type":"SearchAction","target":{"@type":"EntryPoint","urlTemplate":"https:\/\/sagardoarenlurraldea.eus\/fr\/?s={search_term_string}"},"query-input":{"@type":"PropertyValueSpecification","valueRequired":true,"valueName":"search_term_string"}}],"inLanguage":"fr-FR"}]}},"_links":{"self":[{"href":"https:\/\/sagardoarenlurraldea.eus\/fr\/wp-json\/wp\/v2\/product\/25693","targetHints":{"allow":["GET"]}}],"collection":[{"href":"https:\/\/sagardoarenlurraldea.eus\/fr\/wp-json\/wp\/v2\/product"}],"about":[{"href":"https:\/\/sagardoarenlurraldea.eus\/fr\/wp-json\/wp\/v2\/types\/product"}],"replies":[{"embeddable":true,"href":"https:\/\/sagardoarenlurraldea.eus\/fr\/wp-json\/wp\/v2\/comments?post=25693"}],"wp:featuredmedia":[{"embeddable":true,"href":"https:\/\/sagardoarenlurraldea.eus\/fr\/wp-json\/wp\/v2\/media\/25331"}],"wp:attachment":[{"href":"https:\/\/sagardoarenlurraldea.eus\/fr\/wp-json\/wp\/v2\/media?parent=25693"}],"wp:term":[{"taxonomy":"product_brand","embeddable":true,"href":"https:\/\/sagardoarenlurraldea.eus\/fr\/wp-json\/wp\/v2\/product_brand?post=25693"},{"taxonomy":"product_cat","embeddable":true,"href":"https:\/\/sagardoarenlurraldea.eus\/fr\/wp-json\/wp\/v2\/product_cat?post=25693"},{"taxonomy":"product_tag","embeddable":true,"href":"https:\/\/sagardoarenlurraldea.eus\/fr\/wp-json\/wp\/v2\/product_tag?post=25693"}],"curies":[{"name":"wp","href":"https:\/\/api.w.org\/{rel}","templated":true}]}}