{"id":25688,"date":"2016-06-20T18:02:36","date_gmt":"2016-06-20T16:02:36","guid":{"rendered":"http:\/\/www.sagardoarenlurraldea.eus\/reservar\/sin%20categorizar\/sidreria-hernani-zelaia\/"},"modified":"2018-12-19T10:43:56","modified_gmt":"2018-12-19T08:43:56","slug":"cidrerie-hernani-zelaia","status":"publish","type":"product","link":"https:\/\/sagardoarenlurraldea.eus\/fr\/product\/hernani-fr\/cidrerie-hernani-zelaia\/","title":{"rendered":"Cidrerie Zelaia"},"content":{"rendered":"<h2>Description<\/h2>\n<p>Ce chai se consacre depuis trois g\u00e9n\u00e9rations \u00e0 l\u2019\u00e9laboration du cidre en suivant un syst\u00e8me traditionnel am\u00e9lior\u00e9 au fil du temps. Il ouvre ses portes \u00e0 partir de janvier \u00e0 tous les amateurs de bon cidre en leur donnant l\u2019opportunit\u00e9 de d\u00e9guster ses meilleures productions et les aliments qui font honneur \u00e0 la tradition du <em>txotx<\/em>, au pied des barriques, debout et entre amis.<\/p>\n<h2>D\u00e9jeuner et d\u00eener<\/h2>\n<p><strong>En saison<\/strong> (janvier-avril) : Service d\u00eener de lundi \u00e0 samedi et service d\u00e9jeuner le samedi.<\/p>\n<p><strong>Hors saison<\/strong> (\u00e0 partir de mai) : Ferm\u00e9e.<\/p>\n<p>Capacit\u00e9 : 150 personnes<\/p>\n<h2>Informations suppl\u00e9mentaires<\/h2>\n<p>Responsable : Familia Gaincerain<\/p>\n<p>Adresse : Martindegi auzoa, 29. Hernani.<br \/>\nT\u00e9l. : +34 943555851<br \/>\nFax. : +34 943550281<br \/>\nE-mail : <a href=\"mailto:tienda@zelaia.es\">tienda@zelaia.es <\/a><br \/>\nWeb : <a href=\"http:\/\/www.zelaia.es\">http:\/\/www.zelaia.es<\/a><\/p>\n","protected":false},"excerpt":{"rendered":"<p>Cidrerie ouverte durant la saison du <em>txotx<\/em> (janvier-avril). Un chai qui se consacre depuis trois g\u00e9n\u00e9rations \u00e0 l\u2019\u00e9laboration du cidre.<\/p>\n","protected":false},"featured_media":9951,"comment_status":"open","ping_status":"closed","template":"","meta":{"_acf_changed":false,"_et_pb_use_builder":"","_et_pb_old_content":"","_et_gb_content_width":""},"product_brand":[],"product_cat":[2691,2709],"product_tag":[2634,2631,2623,2630,2633,2627,2637,2615,2641,2619,2640,2618,2624],"class_list":{"0":"post-25688","1":"product","2":"type-product","3":"status-publish","4":"has-post-thumbnail","6":"product_cat-hernani-fr","7":"product_cat-cidreries-fr","8":"product_tag-acces-a-pied","9":"product_tag-acces-en-bus-de-ligne","10":"product_tag-acces-en-bus","11":"product_tag-acces-en-voiture","12":"product_tag-acces-en-minibus","13":"product_tag-acces-handicapes","14":"product_tag-manger-debout","15":"product_tag-groupe-de-moins-de-25","16":"product_tag-menu-traditionnel","17":"product_tag-parking-fr","18":"product_tag-cidre-en-txotx","19":"product_tag-services-diner","20":"product_tag-services-dejeuner","21":"pa_acceso-a-pied","22":"pa_acceso-bus-de-ligne","23":"pa_caracteristicas-y-menus-manger-debout-cidrerie","24":"pa_caracteristicas-y-menus-cidre-en-txotx","25":"dtwm_map-zelaia-fr","27":"first","28":"instock","29":"virtual","30":"product-type-simple"},"exclude_global_add_ons":[],"addons":[],"acf":[],"yoast_head":"<!-- This site is optimized with the Yoast SEO plugin v25.4 - https:\/\/yoast.com\/wordpress\/plugins\/seo\/ -->\n<title>Cidrerie Zelaia - Sagardoaren Lurraldea<\/title>\n<meta name=\"robots\" content=\"index, follow, max-snippet:-1, max-image-preview:large, max-video-preview:-1\" \/>\n<link rel=\"canonical\" href=\"https:\/\/sagardoarenlurraldea.eus\/fr\/product\/hernani-fr\/cidrerie-hernani-zelaia\/\" \/>\n<meta property=\"og:locale\" content=\"fr_FR\" \/>\n<meta property=\"og:type\" content=\"article\" \/>\n<meta property=\"og:title\" content=\"Cidrerie Zelaia - Sagardoaren Lurraldea\" \/>\n<meta property=\"og:description\" content=\"Cidrerie ouverte durant la saison du txotx (janvier-avril). Un chai qui se consacre depuis trois g\u00e9n\u00e9rations \u00e0 l\u2019\u00e9laboration du cidre.\" \/>\n<meta property=\"og:url\" content=\"https:\/\/sagardoarenlurraldea.eus\/fr\/product\/hernani-fr\/cidrerie-hernani-zelaia\/\" \/>\n<meta property=\"og:site_name\" content=\"Sagardoaren Lurraldea\" \/>\n<meta property=\"article:publisher\" content=\"https:\/\/www.facebook.com\/sagardoarenlurraldea\" \/>\n<meta property=\"article:modified_time\" content=\"2018-12-19T08:43:56+00:00\" \/>\n<meta property=\"og:image\" content=\"https:\/\/sagardoarenlurraldea.eus\/wp-content\/uploads\/2017\/02\/SIDZEL-F40-1.jpeg\" \/>\n\t<meta property=\"og:image:width\" content=\"900\" \/>\n\t<meta property=\"og:image:height\" content=\"600\" \/>\n\t<meta property=\"og:image:type\" content=\"image\/jpeg\" \/>\n<meta name=\"twitter:card\" content=\"summary_large_image\" \/>\n<meta name=\"twitter:label1\" content=\"Dur\u00e9e de lecture estim\u00e9e\" \/>\n\t<meta name=\"twitter:data1\" content=\"1 minute\" \/>\n<script type=\"application\/ld+json\" class=\"yoast-schema-graph\">{\"@context\":\"https:\/\/schema.org\",\"@graph\":[{\"@type\":\"WebPage\",\"@id\":\"https:\/\/sagardoarenlurraldea.eus\/fr\/product\/hernani-fr\/cidrerie-hernani-zelaia\/\",\"url\":\"https:\/\/sagardoarenlurraldea.eus\/fr\/product\/hernani-fr\/cidrerie-hernani-zelaia\/\",\"name\":\"Cidrerie Zelaia - Sagardoaren Lurraldea\",\"isPartOf\":{\"@id\":\"https:\/\/sagardoarenlurraldea.eus\/fr\/#website\"},\"primaryImageOfPage\":{\"@id\":\"https:\/\/sagardoarenlurraldea.eus\/fr\/product\/hernani-fr\/cidrerie-hernani-zelaia\/#primaryimage\"},\"image\":{\"@id\":\"https:\/\/sagardoarenlurraldea.eus\/fr\/product\/hernani-fr\/cidrerie-hernani-zelaia\/#primaryimage\"},\"thumbnailUrl\":\"https:\/\/sagardoarenlurraldea.eus\/wp-content\/uploads\/2017\/02\/SIDZEL-F40-1.jpeg\",\"datePublished\":\"2016-06-20T16:02:36+00:00\",\"dateModified\":\"2018-12-19T08:43:56+00:00\",\"breadcrumb\":{\"@id\":\"https:\/\/sagardoarenlurraldea.eus\/fr\/product\/hernani-fr\/cidrerie-hernani-zelaia\/#breadcrumb\"},\"inLanguage\":\"fr-FR\",\"potentialAction\":[{\"@type\":\"ReadAction\",\"target\":[\"https:\/\/sagardoarenlurraldea.eus\/fr\/product\/hernani-fr\/cidrerie-hernani-zelaia\/\"]}]},{\"@type\":\"ImageObject\",\"inLanguage\":\"fr-FR\",\"@id\":\"https:\/\/sagardoarenlurraldea.eus\/fr\/product\/hernani-fr\/cidrerie-hernani-zelaia\/#primaryimage\",\"url\":\"https:\/\/sagardoarenlurraldea.eus\/wp-content\/uploads\/2017\/02\/SIDZEL-F40-1.jpeg\",\"contentUrl\":\"https:\/\/sagardoarenlurraldea.eus\/wp-content\/uploads\/2017\/02\/SIDZEL-F40-1.jpeg\",\"width\":900,\"height\":600,\"caption\":\"Comedor de la sidrer\u00eda Zelaia\"},{\"@type\":\"BreadcrumbList\",\"@id\":\"https:\/\/sagardoarenlurraldea.eus\/fr\/product\/hernani-fr\/cidrerie-hernani-zelaia\/#breadcrumb\",\"itemListElement\":[{\"@type\":\"ListItem\",\"position\":1,\"name\":\"Inicio\",\"item\":\"https:\/\/sagardoarenlurraldea.eus\/fr\/\"},{\"@type\":\"ListItem\",\"position\":2,\"name\":\"R\u00e9servations\",\"item\":\"https:\/\/sagardoarenlurraldea.eus\/fr\/reservations\/\"},{\"@type\":\"ListItem\",\"position\":3,\"name\":\"Cidrerie Zelaia\"}]},{\"@type\":\"WebSite\",\"@id\":\"https:\/\/sagardoarenlurraldea.eus\/fr\/#website\",\"url\":\"https:\/\/sagardoarenlurraldea.eus\/fr\/\",\"name\":\"Sagardoaren Lurraldea\",\"description\":\"El territorio de la sidra\",\"potentialAction\":[{\"@type\":\"SearchAction\",\"target\":{\"@type\":\"EntryPoint\",\"urlTemplate\":\"https:\/\/sagardoarenlurraldea.eus\/fr\/?s={search_term_string}\"},\"query-input\":{\"@type\":\"PropertyValueSpecification\",\"valueRequired\":true,\"valueName\":\"search_term_string\"}}],\"inLanguage\":\"fr-FR\"}]}<\/script>\n<!-- \/ Yoast SEO plugin. -->","yoast_head_json":{"title":"Cidrerie Zelaia - Sagardoaren Lurraldea","robots":{"index":"index","follow":"follow","max-snippet":"max-snippet:-1","max-image-preview":"max-image-preview:large","max-video-preview":"max-video-preview:-1"},"canonical":"https:\/\/sagardoarenlurraldea.eus\/fr\/product\/hernani-fr\/cidrerie-hernani-zelaia\/","og_locale":"fr_FR","og_type":"article","og_title":"Cidrerie Zelaia - Sagardoaren Lurraldea","og_description":"Cidrerie ouverte durant la saison du txotx (janvier-avril). Un chai qui se consacre depuis trois g\u00e9n\u00e9rations \u00e0 l\u2019\u00e9laboration du cidre.","og_url":"https:\/\/sagardoarenlurraldea.eus\/fr\/product\/hernani-fr\/cidrerie-hernani-zelaia\/","og_site_name":"Sagardoaren Lurraldea","article_publisher":"https:\/\/www.facebook.com\/sagardoarenlurraldea","article_modified_time":"2018-12-19T08:43:56+00:00","og_image":[{"width":900,"height":600,"url":"https:\/\/sagardoarenlurraldea.eus\/wp-content\/uploads\/2017\/02\/SIDZEL-F40-1.jpeg","type":"image\/jpeg"}],"twitter_card":"summary_large_image","twitter_misc":{"Dur\u00e9e de lecture estim\u00e9e":"1 minute"},"schema":{"@context":"https:\/\/schema.org","@graph":[{"@type":"WebPage","@id":"https:\/\/sagardoarenlurraldea.eus\/fr\/product\/hernani-fr\/cidrerie-hernani-zelaia\/","url":"https:\/\/sagardoarenlurraldea.eus\/fr\/product\/hernani-fr\/cidrerie-hernani-zelaia\/","name":"Cidrerie Zelaia - Sagardoaren Lurraldea","isPartOf":{"@id":"https:\/\/sagardoarenlurraldea.eus\/fr\/#website"},"primaryImageOfPage":{"@id":"https:\/\/sagardoarenlurraldea.eus\/fr\/product\/hernani-fr\/cidrerie-hernani-zelaia\/#primaryimage"},"image":{"@id":"https:\/\/sagardoarenlurraldea.eus\/fr\/product\/hernani-fr\/cidrerie-hernani-zelaia\/#primaryimage"},"thumbnailUrl":"https:\/\/sagardoarenlurraldea.eus\/wp-content\/uploads\/2017\/02\/SIDZEL-F40-1.jpeg","datePublished":"2016-06-20T16:02:36+00:00","dateModified":"2018-12-19T08:43:56+00:00","breadcrumb":{"@id":"https:\/\/sagardoarenlurraldea.eus\/fr\/product\/hernani-fr\/cidrerie-hernani-zelaia\/#breadcrumb"},"inLanguage":"fr-FR","potentialAction":[{"@type":"ReadAction","target":["https:\/\/sagardoarenlurraldea.eus\/fr\/product\/hernani-fr\/cidrerie-hernani-zelaia\/"]}]},{"@type":"ImageObject","inLanguage":"fr-FR","@id":"https:\/\/sagardoarenlurraldea.eus\/fr\/product\/hernani-fr\/cidrerie-hernani-zelaia\/#primaryimage","url":"https:\/\/sagardoarenlurraldea.eus\/wp-content\/uploads\/2017\/02\/SIDZEL-F40-1.jpeg","contentUrl":"https:\/\/sagardoarenlurraldea.eus\/wp-content\/uploads\/2017\/02\/SIDZEL-F40-1.jpeg","width":900,"height":600,"caption":"Comedor de la sidrer\u00eda Zelaia"},{"@type":"BreadcrumbList","@id":"https:\/\/sagardoarenlurraldea.eus\/fr\/product\/hernani-fr\/cidrerie-hernani-zelaia\/#breadcrumb","itemListElement":[{"@type":"ListItem","position":1,"name":"Inicio","item":"https:\/\/sagardoarenlurraldea.eus\/fr\/"},{"@type":"ListItem","position":2,"name":"R\u00e9servations","item":"https:\/\/sagardoarenlurraldea.eus\/fr\/reservations\/"},{"@type":"ListItem","position":3,"name":"Cidrerie Zelaia"}]},{"@type":"WebSite","@id":"https:\/\/sagardoarenlurraldea.eus\/fr\/#website","url":"https:\/\/sagardoarenlurraldea.eus\/fr\/","name":"Sagardoaren Lurraldea","description":"El territorio de la sidra","potentialAction":[{"@type":"SearchAction","target":{"@type":"EntryPoint","urlTemplate":"https:\/\/sagardoarenlurraldea.eus\/fr\/?s={search_term_string}"},"query-input":{"@type":"PropertyValueSpecification","valueRequired":true,"valueName":"search_term_string"}}],"inLanguage":"fr-FR"}]}},"_links":{"self":[{"href":"https:\/\/sagardoarenlurraldea.eus\/fr\/wp-json\/wp\/v2\/product\/25688","targetHints":{"allow":["GET"]}}],"collection":[{"href":"https:\/\/sagardoarenlurraldea.eus\/fr\/wp-json\/wp\/v2\/product"}],"about":[{"href":"https:\/\/sagardoarenlurraldea.eus\/fr\/wp-json\/wp\/v2\/types\/product"}],"replies":[{"embeddable":true,"href":"https:\/\/sagardoarenlurraldea.eus\/fr\/wp-json\/wp\/v2\/comments?post=25688"}],"wp:featuredmedia":[{"embeddable":true,"href":"https:\/\/sagardoarenlurraldea.eus\/fr\/wp-json\/wp\/v2\/media\/9951"}],"wp:attachment":[{"href":"https:\/\/sagardoarenlurraldea.eus\/fr\/wp-json\/wp\/v2\/media?parent=25688"}],"wp:term":[{"taxonomy":"product_brand","embeddable":true,"href":"https:\/\/sagardoarenlurraldea.eus\/fr\/wp-json\/wp\/v2\/product_brand?post=25688"},{"taxonomy":"product_cat","embeddable":true,"href":"https:\/\/sagardoarenlurraldea.eus\/fr\/wp-json\/wp\/v2\/product_cat?post=25688"},{"taxonomy":"product_tag","embeddable":true,"href":"https:\/\/sagardoarenlurraldea.eus\/fr\/wp-json\/wp\/v2\/product_tag?post=25688"}],"curies":[{"name":"wp","href":"https:\/\/api.w.org\/{rel}","templated":true}]}}