{"id":25687,"date":"2016-10-18T12:48:27","date_gmt":"2016-10-18T10:48:27","guid":{"rendered":"http:\/\/www.sagardoarenlurraldea.eus\/reservar\/sin categorizar\/cidrerie-astigarraga-alorrenea\/"},"modified":"2016-10-18T12:48:27","modified_gmt":"2016-10-18T10:48:27","slug":"cidrerie-astigarraga-alorrenea","status":"publish","type":"product","link":"https:\/\/sagardoarenlurraldea.eus\/fr\/product\/astigarraga-fr\/cidrerie-astigarraga-alorrenea\/","title":{"rendered":"Cidrerie Alorrenea"},"content":{"rendered":"<h2>Description<\/h2>\n<p>Possibilit\u00e9 de d\u00e9guster toute l&rsquo;ann\u00e9e son cidre naturel, \u00e9labor\u00e9 dans la propre cidrerie suivant des m\u00e9thodes traditionnelles. Un service soign\u00e9, qui se caract\u00e9rise par une attention amicale. Ne surtout pas omettre de d\u00e9guster sa c\u00f4te de b\u0153uf, sa sp\u00e9cialit\u00e9 et autre signe distinctif de l\u2019\u00e9tablissement.<\/p>\n<h2>D\u00e9jeuner et d\u00eener<\/h2>\n<p><strong>En saison<\/strong> (janvier-avril) : D\u00e9jeuner et d\u00eener tous les jours, sauf lundi (ferm\u00e9e).<\/p>\n<p><strong>Hors saison<\/strong> (\u00e0 partir de mai) :D\u00e9jeuner et d\u00eener tous les jours, sauf lundi (ferm\u00e9e).<\/p>\n<p>Capacit\u00e9 : 300 personnes<\/p>\n<h2>Information suppl\u00e9mentaire<\/h2>\n<p>Responsable : Xabier Mariezkurrena<\/p>\n<p>Adresse : Alorrene bidea, 4. Astigarraga.<br \/>\nT\u00e9l. : <a href=\"tel:+34943336999\">+34 943 33 69 99<\/a><br \/>\nE-mail : <a href=\"mailto:info@alorrenea.com\">info@alorrenea.com <\/a><br \/>\nWeb : <a href=\"http:\/\/www.alorrenea.com\">http:\/\/www.alorrenea.com<\/a><\/p>\n","protected":false},"excerpt":{"rendered":"<p>Cidrerie ouverte toute l\u2019ann\u00e9e. Possibilit\u00e9 de d\u00e9guster le cidre \u00e9labor\u00e9 selon la tradition et tir\u00e9 de la propre barrique.<\/p>\n","protected":false},"featured_media":25421,"comment_status":"closed","ping_status":"closed","template":"","meta":{"_acf_changed":false,"_et_pb_use_builder":"","_et_pb_old_content":"","_et_gb_content_width":""},"product_brand":[],"product_cat":[2658,2709],"product_tag":[2634,2631,2623,2630,2633,2627,2639,2636,2616,2615,2641,2619,2646,2640,2618,2624],"class_list":{"0":"post-25687","1":"product","2":"type-product","3":"status-publish","4":"has-post-thumbnail","6":"product_cat-astigarraga-fr","7":"product_cat-cidreries-fr","8":"product_tag-acces-a-pied","9":"product_tag-acces-en-bus-de-ligne","10":"product_tag-acces-en-bus","11":"product_tag-acces-en-voiture","12":"product_tag-acces-en-minibus","13":"product_tag-acces-handicapes","14":"product_tag-cidre-en-bouteille","15":"product_tag-manger-a-table","16":"product_tag-groupe-de-plus-de-25","17":"product_tag-groupe-de-moins-de-25","18":"product_tag-menu-traditionnel","19":"product_tag-parking-fr","20":"product_tag-repas-et-diners-a-lannee","21":"product_tag-cidre-en-txotx","22":"product_tag-services-diner","23":"product_tag-services-dejeuner","24":"pa_acceso-a-pied","25":"pa_acceso-bus-de-ligne","26":"pa_caracteristicas-y-menus-groupe-plus-25","27":"pa_caracteristicas-y-menus-menu-vegetarien","28":"pa_caracteristicas-y-menus-repas-diners-toujours-ouvert","29":"dtwm_map-alorrenea-fr","31":"first","32":"instock","33":"virtual","34":"product-type-simple"},"exclude_global_add_ons":[],"addons":[],"acf":[],"yoast_head":"<!-- This site is optimized with the Yoast SEO plugin v25.4 - https:\/\/yoast.com\/wordpress\/plugins\/seo\/ -->\n<title>Cidrerie Alorrenea - Sagardoaren Lurraldea<\/title>\n<meta name=\"robots\" content=\"index, follow, max-snippet:-1, max-image-preview:large, max-video-preview:-1\" \/>\n<link rel=\"canonical\" href=\"https:\/\/sagardoarenlurraldea.eus\/fr\/product\/astigarraga-fr\/cidrerie-astigarraga-alorrenea\/\" \/>\n<meta property=\"og:locale\" content=\"fr_FR\" \/>\n<meta property=\"og:type\" content=\"article\" \/>\n<meta property=\"og:title\" content=\"Cidrerie Alorrenea - Sagardoaren Lurraldea\" \/>\n<meta property=\"og:description\" content=\"Cidrerie ouverte toute l\u2019ann\u00e9e. Possibilit\u00e9 de d\u00e9guster le cidre \u00e9labor\u00e9 selon la tradition et tir\u00e9 de la propre barrique.\" \/>\n<meta property=\"og:url\" content=\"https:\/\/sagardoarenlurraldea.eus\/fr\/product\/astigarraga-fr\/cidrerie-astigarraga-alorrenea\/\" \/>\n<meta property=\"og:site_name\" content=\"Sagardoaren Lurraldea\" \/>\n<meta property=\"article:publisher\" content=\"https:\/\/www.facebook.com\/sagardoarenlurraldea\" \/>\n<meta property=\"og:image\" content=\"https:\/\/sagardoarenlurraldea.eus\/wp-content\/uploads\/2016\/10\/SIDALO-F40-1.jpg\" \/>\n\t<meta property=\"og:image:width\" content=\"800\" \/>\n\t<meta property=\"og:image:height\" content=\"533\" \/>\n\t<meta property=\"og:image:type\" content=\"image\/jpeg\" \/>\n<meta name=\"twitter:card\" content=\"summary_large_image\" \/>\n<meta name=\"twitter:label1\" content=\"Dur\u00e9e de lecture estim\u00e9e\" \/>\n\t<meta name=\"twitter:data1\" content=\"1 minute\" \/>\n<script type=\"application\/ld+json\" class=\"yoast-schema-graph\">{\"@context\":\"https:\/\/schema.org\",\"@graph\":[{\"@type\":\"WebPage\",\"@id\":\"https:\/\/sagardoarenlurraldea.eus\/fr\/product\/astigarraga-fr\/cidrerie-astigarraga-alorrenea\/\",\"url\":\"https:\/\/sagardoarenlurraldea.eus\/fr\/product\/astigarraga-fr\/cidrerie-astigarraga-alorrenea\/\",\"name\":\"Cidrerie Alorrenea - Sagardoaren Lurraldea\",\"isPartOf\":{\"@id\":\"https:\/\/sagardoarenlurraldea.eus\/fr\/#website\"},\"primaryImageOfPage\":{\"@id\":\"https:\/\/sagardoarenlurraldea.eus\/fr\/product\/astigarraga-fr\/cidrerie-astigarraga-alorrenea\/#primaryimage\"},\"image\":{\"@id\":\"https:\/\/sagardoarenlurraldea.eus\/fr\/product\/astigarraga-fr\/cidrerie-astigarraga-alorrenea\/#primaryimage\"},\"thumbnailUrl\":\"https:\/\/sagardoarenlurraldea.eus\/wp-content\/uploads\/2016\/10\/SIDALO-F40-1.jpg\",\"datePublished\":\"2016-10-18T10:48:27+00:00\",\"breadcrumb\":{\"@id\":\"https:\/\/sagardoarenlurraldea.eus\/fr\/product\/astigarraga-fr\/cidrerie-astigarraga-alorrenea\/#breadcrumb\"},\"inLanguage\":\"fr-FR\",\"potentialAction\":[{\"@type\":\"ReadAction\",\"target\":[\"https:\/\/sagardoarenlurraldea.eus\/fr\/product\/astigarraga-fr\/cidrerie-astigarraga-alorrenea\/\"]}]},{\"@type\":\"ImageObject\",\"inLanguage\":\"fr-FR\",\"@id\":\"https:\/\/sagardoarenlurraldea.eus\/fr\/product\/astigarraga-fr\/cidrerie-astigarraga-alorrenea\/#primaryimage\",\"url\":\"https:\/\/sagardoarenlurraldea.eus\/wp-content\/uploads\/2016\/10\/SIDALO-F40-1.jpg\",\"contentUrl\":\"https:\/\/sagardoarenlurraldea.eus\/wp-content\/uploads\/2016\/10\/SIDALO-F40-1.jpg\",\"width\":800,\"height\":533},{\"@type\":\"BreadcrumbList\",\"@id\":\"https:\/\/sagardoarenlurraldea.eus\/fr\/product\/astigarraga-fr\/cidrerie-astigarraga-alorrenea\/#breadcrumb\",\"itemListElement\":[{\"@type\":\"ListItem\",\"position\":1,\"name\":\"Inicio\",\"item\":\"https:\/\/sagardoarenlurraldea.eus\/fr\/\"},{\"@type\":\"ListItem\",\"position\":2,\"name\":\"R\u00e9servations\",\"item\":\"https:\/\/sagardoarenlurraldea.eus\/fr\/reservations\/\"},{\"@type\":\"ListItem\",\"position\":3,\"name\":\"Cidrerie Alorrenea\"}]},{\"@type\":\"WebSite\",\"@id\":\"https:\/\/sagardoarenlurraldea.eus\/fr\/#website\",\"url\":\"https:\/\/sagardoarenlurraldea.eus\/fr\/\",\"name\":\"Sagardoaren Lurraldea\",\"description\":\"El territorio de la sidra\",\"potentialAction\":[{\"@type\":\"SearchAction\",\"target\":{\"@type\":\"EntryPoint\",\"urlTemplate\":\"https:\/\/sagardoarenlurraldea.eus\/fr\/?s={search_term_string}\"},\"query-input\":{\"@type\":\"PropertyValueSpecification\",\"valueRequired\":true,\"valueName\":\"search_term_string\"}}],\"inLanguage\":\"fr-FR\"}]}<\/script>\n<!-- \/ Yoast SEO plugin. -->","yoast_head_json":{"title":"Cidrerie Alorrenea - Sagardoaren Lurraldea","robots":{"index":"index","follow":"follow","max-snippet":"max-snippet:-1","max-image-preview":"max-image-preview:large","max-video-preview":"max-video-preview:-1"},"canonical":"https:\/\/sagardoarenlurraldea.eus\/fr\/product\/astigarraga-fr\/cidrerie-astigarraga-alorrenea\/","og_locale":"fr_FR","og_type":"article","og_title":"Cidrerie Alorrenea - Sagardoaren Lurraldea","og_description":"Cidrerie ouverte toute l\u2019ann\u00e9e. Possibilit\u00e9 de d\u00e9guster le cidre \u00e9labor\u00e9 selon la tradition et tir\u00e9 de la propre barrique.","og_url":"https:\/\/sagardoarenlurraldea.eus\/fr\/product\/astigarraga-fr\/cidrerie-astigarraga-alorrenea\/","og_site_name":"Sagardoaren Lurraldea","article_publisher":"https:\/\/www.facebook.com\/sagardoarenlurraldea","og_image":[{"width":800,"height":533,"url":"https:\/\/sagardoarenlurraldea.eus\/wp-content\/uploads\/2016\/10\/SIDALO-F40-1.jpg","type":"image\/jpeg"}],"twitter_card":"summary_large_image","twitter_misc":{"Dur\u00e9e de lecture estim\u00e9e":"1 minute"},"schema":{"@context":"https:\/\/schema.org","@graph":[{"@type":"WebPage","@id":"https:\/\/sagardoarenlurraldea.eus\/fr\/product\/astigarraga-fr\/cidrerie-astigarraga-alorrenea\/","url":"https:\/\/sagardoarenlurraldea.eus\/fr\/product\/astigarraga-fr\/cidrerie-astigarraga-alorrenea\/","name":"Cidrerie Alorrenea - Sagardoaren Lurraldea","isPartOf":{"@id":"https:\/\/sagardoarenlurraldea.eus\/fr\/#website"},"primaryImageOfPage":{"@id":"https:\/\/sagardoarenlurraldea.eus\/fr\/product\/astigarraga-fr\/cidrerie-astigarraga-alorrenea\/#primaryimage"},"image":{"@id":"https:\/\/sagardoarenlurraldea.eus\/fr\/product\/astigarraga-fr\/cidrerie-astigarraga-alorrenea\/#primaryimage"},"thumbnailUrl":"https:\/\/sagardoarenlurraldea.eus\/wp-content\/uploads\/2016\/10\/SIDALO-F40-1.jpg","datePublished":"2016-10-18T10:48:27+00:00","breadcrumb":{"@id":"https:\/\/sagardoarenlurraldea.eus\/fr\/product\/astigarraga-fr\/cidrerie-astigarraga-alorrenea\/#breadcrumb"},"inLanguage":"fr-FR","potentialAction":[{"@type":"ReadAction","target":["https:\/\/sagardoarenlurraldea.eus\/fr\/product\/astigarraga-fr\/cidrerie-astigarraga-alorrenea\/"]}]},{"@type":"ImageObject","inLanguage":"fr-FR","@id":"https:\/\/sagardoarenlurraldea.eus\/fr\/product\/astigarraga-fr\/cidrerie-astigarraga-alorrenea\/#primaryimage","url":"https:\/\/sagardoarenlurraldea.eus\/wp-content\/uploads\/2016\/10\/SIDALO-F40-1.jpg","contentUrl":"https:\/\/sagardoarenlurraldea.eus\/wp-content\/uploads\/2016\/10\/SIDALO-F40-1.jpg","width":800,"height":533},{"@type":"BreadcrumbList","@id":"https:\/\/sagardoarenlurraldea.eus\/fr\/product\/astigarraga-fr\/cidrerie-astigarraga-alorrenea\/#breadcrumb","itemListElement":[{"@type":"ListItem","position":1,"name":"Inicio","item":"https:\/\/sagardoarenlurraldea.eus\/fr\/"},{"@type":"ListItem","position":2,"name":"R\u00e9servations","item":"https:\/\/sagardoarenlurraldea.eus\/fr\/reservations\/"},{"@type":"ListItem","position":3,"name":"Cidrerie Alorrenea"}]},{"@type":"WebSite","@id":"https:\/\/sagardoarenlurraldea.eus\/fr\/#website","url":"https:\/\/sagardoarenlurraldea.eus\/fr\/","name":"Sagardoaren Lurraldea","description":"El territorio de la sidra","potentialAction":[{"@type":"SearchAction","target":{"@type":"EntryPoint","urlTemplate":"https:\/\/sagardoarenlurraldea.eus\/fr\/?s={search_term_string}"},"query-input":{"@type":"PropertyValueSpecification","valueRequired":true,"valueName":"search_term_string"}}],"inLanguage":"fr-FR"}]}},"_links":{"self":[{"href":"https:\/\/sagardoarenlurraldea.eus\/fr\/wp-json\/wp\/v2\/product\/25687","targetHints":{"allow":["GET"]}}],"collection":[{"href":"https:\/\/sagardoarenlurraldea.eus\/fr\/wp-json\/wp\/v2\/product"}],"about":[{"href":"https:\/\/sagardoarenlurraldea.eus\/fr\/wp-json\/wp\/v2\/types\/product"}],"replies":[{"embeddable":true,"href":"https:\/\/sagardoarenlurraldea.eus\/fr\/wp-json\/wp\/v2\/comments?post=25687"}],"wp:featuredmedia":[{"embeddable":true,"href":"https:\/\/sagardoarenlurraldea.eus\/fr\/wp-json\/wp\/v2\/media\/25421"}],"wp:attachment":[{"href":"https:\/\/sagardoarenlurraldea.eus\/fr\/wp-json\/wp\/v2\/media?parent=25687"}],"wp:term":[{"taxonomy":"product_brand","embeddable":true,"href":"https:\/\/sagardoarenlurraldea.eus\/fr\/wp-json\/wp\/v2\/product_brand?post=25687"},{"taxonomy":"product_cat","embeddable":true,"href":"https:\/\/sagardoarenlurraldea.eus\/fr\/wp-json\/wp\/v2\/product_cat?post=25687"},{"taxonomy":"product_tag","embeddable":true,"href":"https:\/\/sagardoarenlurraldea.eus\/fr\/wp-json\/wp\/v2\/product_tag?post=25687"}],"curies":[{"name":"wp","href":"https:\/\/api.w.org\/{rel}","templated":true}]}}