{"id":25671,"date":"2017-12-29T14:04:27","date_gmt":"2017-12-29T12:04:27","guid":{"rendered":"http:\/\/www.sagardoarenlurraldea.eus\/reservar\/sin categorizar\/cidrerie-donostia-san-sebastian-calonge\/"},"modified":"2017-12-29T14:04:27","modified_gmt":"2017-12-29T12:04:27","slug":"cidrerie-donostia-san-sebastian-calonge","status":"publish","type":"product","link":"https:\/\/sagardoarenlurraldea.eus\/fr\/product\/donostia-san-sebastian-fr\/cidrerie-donostia-san-sebastian-calonge\/","title":{"rendered":"Cidrerie Calonge"},"content":{"rendered":"<h2>Description<\/h2>\n<p>Depuis le d\u00e9but du XXe si\u00e8cle, la cidrerie Calonge a maintenu la tradition de produire du cidre naturel, convertie aujourd\u2019hui en activit\u00e9 principale. Apr\u00e8s plusieurs adaptations \u00e0 la hausse de la demande de cidre, elle jouit depuis 2006 d\u2019installations enti\u00e8rement r\u00e9nov\u00e9es et ouvertes toute l\u2019ann\u00e9e au public. Cette cidrerie produit pr\u00e8s de 145.000 litres de cidre par an.<\/p>\n<h2>D\u00e9jeuner et d\u00eener<\/h2>\n<p><strong>En saison<\/strong> (janvier-avril) : De lundi \u00e0 vendredi seulement service d\u00e9jeuner. Samedi service d\u00e9jeuner et d\u00eener. Dimanche ferm\u00e9e.<\/p>\n<p><strong>Hors saison<\/strong> (\u00e0 partir de mai) : D\u00e9jeuner et d\u00eener tous les jours, sauf lundi (toute la journ\u00e9e) et dimanche soir.<\/p>\n<p>Capacit\u00e9 : 120 personnes<\/p>\n<h2>Informations suppl\u00e9mentaires<\/h2>\n<p>Responsable : Jose Cruz Calonge<\/p>\n<p>Adresse :Gurutzeta Baserria. Orkolaga Paseoa, 8. Igeldo (Donostia-San Sebastian).<br \/>\nT\u00e9l. : +34 943213251<br \/>\nFax. : +34 943313154<br \/>\nE-mail : <a href=\"mailto:sidreriacalonge@gmail.com\">sidreriacalonge@gmail.com<\/a><br \/>\nWeb : <a href=\"http:\/\/www.sidreriacalonge.com\">http:\/\/www.sidreriacalonge.com<\/a><\/p>\n","protected":false},"excerpt":{"rendered":"<p>Cidrerie ouverte toute l\u2019ann\u00e9e. Une cidrerie qui s\u2019est adapt\u00e9e aux temps nouveaux, avec une esth\u00e9tique moderne et des vues sur la mer.<\/p>\n","protected":false},"featured_media":8005,"comment_status":"open","ping_status":"closed","template":"","meta":{"_acf_changed":false,"_et_pb_use_builder":"","_et_pb_old_content":"","_et_gb_content_width":""},"product_brand":[],"product_cat":[2666,2709],"product_tag":[2631,2623,2630,2633,2636,2616,2615,2641,2619,2646,2640,2618,2624],"class_list":{"0":"post-25671","1":"product","2":"type-product","3":"status-publish","4":"has-post-thumbnail","6":"product_cat-donostia-san-sebastian-fr","7":"product_cat-cidreries-fr","8":"product_tag-acces-en-bus-de-ligne","9":"product_tag-acces-en-bus","10":"product_tag-acces-en-voiture","11":"product_tag-acces-en-minibus","12":"product_tag-manger-a-table","13":"product_tag-groupe-de-plus-de-25","14":"product_tag-groupe-de-moins-de-25","15":"product_tag-menu-traditionnel","16":"product_tag-parking-fr","17":"product_tag-repas-et-diners-a-lannee","18":"product_tag-cidre-en-txotx","19":"product_tag-services-diner","20":"product_tag-services-dejeuner","21":"pa_acceso-bus-de-ligne","22":"pa_caracteristicas-y-menus-groupe-plus-25","23":"pa_caracteristicas-y-menus-cidre-en-txotx","24":"dtwm_map-calonge-fr","26":"first","27":"instock","28":"virtual","29":"product-type-simple"},"exclude_global_add_ons":[],"addons":[],"acf":[],"yoast_head":"<!-- This site is optimized with the Yoast SEO plugin v25.4 - https:\/\/yoast.com\/wordpress\/plugins\/seo\/ -->\n<title>Cidrerie Calonge - Sagardoaren Lurraldea<\/title>\n<meta name=\"robots\" content=\"index, follow, max-snippet:-1, max-image-preview:large, max-video-preview:-1\" \/>\n<link rel=\"canonical\" href=\"https:\/\/sagardoarenlurraldea.eus\/fr\/product\/donostia-san-sebastian-fr\/cidrerie-donostia-san-sebastian-calonge\/\" \/>\n<meta property=\"og:locale\" content=\"fr_FR\" \/>\n<meta property=\"og:type\" content=\"article\" \/>\n<meta property=\"og:title\" content=\"Cidrerie Calonge - Sagardoaren Lurraldea\" \/>\n<meta property=\"og:description\" content=\"Cidrerie ouverte toute l\u2019ann\u00e9e. Une cidrerie qui s\u2019est adapt\u00e9e aux temps nouveaux, avec une esth\u00e9tique moderne et des vues sur la mer.\" \/>\n<meta property=\"og:url\" content=\"https:\/\/sagardoarenlurraldea.eus\/fr\/product\/donostia-san-sebastian-fr\/cidrerie-donostia-san-sebastian-calonge\/\" \/>\n<meta property=\"og:site_name\" content=\"Sagardoaren Lurraldea\" \/>\n<meta property=\"article:publisher\" content=\"https:\/\/www.facebook.com\/sagardoarenlurraldea\" \/>\n<meta property=\"og:image\" content=\"https:\/\/sagardoarenlurraldea.eus\/wp-content\/uploads\/2016\/08\/SIDCAL-F00.jpg\" \/>\n\t<meta property=\"og:image:width\" content=\"900\" \/>\n\t<meta property=\"og:image:height\" content=\"600\" \/>\n\t<meta property=\"og:image:type\" content=\"image\/jpeg\" \/>\n<meta name=\"twitter:card\" content=\"summary_large_image\" \/>\n<meta name=\"twitter:label1\" content=\"Dur\u00e9e de lecture estim\u00e9e\" \/>\n\t<meta name=\"twitter:data1\" content=\"1 minute\" \/>\n<script type=\"application\/ld+json\" class=\"yoast-schema-graph\">{\"@context\":\"https:\/\/schema.org\",\"@graph\":[{\"@type\":\"WebPage\",\"@id\":\"https:\/\/sagardoarenlurraldea.eus\/fr\/product\/donostia-san-sebastian-fr\/cidrerie-donostia-san-sebastian-calonge\/\",\"url\":\"https:\/\/sagardoarenlurraldea.eus\/fr\/product\/donostia-san-sebastian-fr\/cidrerie-donostia-san-sebastian-calonge\/\",\"name\":\"Cidrerie Calonge - Sagardoaren Lurraldea\",\"isPartOf\":{\"@id\":\"https:\/\/sagardoarenlurraldea.eus\/fr\/#website\"},\"primaryImageOfPage\":{\"@id\":\"https:\/\/sagardoarenlurraldea.eus\/fr\/product\/donostia-san-sebastian-fr\/cidrerie-donostia-san-sebastian-calonge\/#primaryimage\"},\"image\":{\"@id\":\"https:\/\/sagardoarenlurraldea.eus\/fr\/product\/donostia-san-sebastian-fr\/cidrerie-donostia-san-sebastian-calonge\/#primaryimage\"},\"thumbnailUrl\":\"https:\/\/sagardoarenlurraldea.eus\/wp-content\/uploads\/2016\/08\/SIDCAL-F00.jpg\",\"datePublished\":\"2017-12-29T12:04:27+00:00\",\"breadcrumb\":{\"@id\":\"https:\/\/sagardoarenlurraldea.eus\/fr\/product\/donostia-san-sebastian-fr\/cidrerie-donostia-san-sebastian-calonge\/#breadcrumb\"},\"inLanguage\":\"fr-FR\",\"potentialAction\":[{\"@type\":\"ReadAction\",\"target\":[\"https:\/\/sagardoarenlurraldea.eus\/fr\/product\/donostia-san-sebastian-fr\/cidrerie-donostia-san-sebastian-calonge\/\"]}]},{\"@type\":\"ImageObject\",\"inLanguage\":\"fr-FR\",\"@id\":\"https:\/\/sagardoarenlurraldea.eus\/fr\/product\/donostia-san-sebastian-fr\/cidrerie-donostia-san-sebastian-calonge\/#primaryimage\",\"url\":\"https:\/\/sagardoarenlurraldea.eus\/wp-content\/uploads\/2016\/08\/SIDCAL-F00.jpg\",\"contentUrl\":\"https:\/\/sagardoarenlurraldea.eus\/wp-content\/uploads\/2016\/08\/SIDCAL-F00.jpg\",\"width\":900,\"height\":600,\"caption\":\"Fachada principal de la sidrer\u00eda Calonge\"},{\"@type\":\"BreadcrumbList\",\"@id\":\"https:\/\/sagardoarenlurraldea.eus\/fr\/product\/donostia-san-sebastian-fr\/cidrerie-donostia-san-sebastian-calonge\/#breadcrumb\",\"itemListElement\":[{\"@type\":\"ListItem\",\"position\":1,\"name\":\"Inicio\",\"item\":\"https:\/\/sagardoarenlurraldea.eus\/fr\/\"},{\"@type\":\"ListItem\",\"position\":2,\"name\":\"R\u00e9servations\",\"item\":\"https:\/\/sagardoarenlurraldea.eus\/fr\/reservations\/\"},{\"@type\":\"ListItem\",\"position\":3,\"name\":\"Cidrerie Calonge\"}]},{\"@type\":\"WebSite\",\"@id\":\"https:\/\/sagardoarenlurraldea.eus\/fr\/#website\",\"url\":\"https:\/\/sagardoarenlurraldea.eus\/fr\/\",\"name\":\"Sagardoaren Lurraldea\",\"description\":\"El territorio de la sidra\",\"potentialAction\":[{\"@type\":\"SearchAction\",\"target\":{\"@type\":\"EntryPoint\",\"urlTemplate\":\"https:\/\/sagardoarenlurraldea.eus\/fr\/?s={search_term_string}\"},\"query-input\":{\"@type\":\"PropertyValueSpecification\",\"valueRequired\":true,\"valueName\":\"search_term_string\"}}],\"inLanguage\":\"fr-FR\"}]}<\/script>\n<!-- \/ Yoast SEO plugin. -->","yoast_head_json":{"title":"Cidrerie Calonge - Sagardoaren Lurraldea","robots":{"index":"index","follow":"follow","max-snippet":"max-snippet:-1","max-image-preview":"max-image-preview:large","max-video-preview":"max-video-preview:-1"},"canonical":"https:\/\/sagardoarenlurraldea.eus\/fr\/product\/donostia-san-sebastian-fr\/cidrerie-donostia-san-sebastian-calonge\/","og_locale":"fr_FR","og_type":"article","og_title":"Cidrerie Calonge - Sagardoaren Lurraldea","og_description":"Cidrerie ouverte toute l\u2019ann\u00e9e. Une cidrerie qui s\u2019est adapt\u00e9e aux temps nouveaux, avec une esth\u00e9tique moderne et des vues sur la mer.","og_url":"https:\/\/sagardoarenlurraldea.eus\/fr\/product\/donostia-san-sebastian-fr\/cidrerie-donostia-san-sebastian-calonge\/","og_site_name":"Sagardoaren Lurraldea","article_publisher":"https:\/\/www.facebook.com\/sagardoarenlurraldea","og_image":[{"width":900,"height":600,"url":"https:\/\/sagardoarenlurraldea.eus\/wp-content\/uploads\/2016\/08\/SIDCAL-F00.jpg","type":"image\/jpeg"}],"twitter_card":"summary_large_image","twitter_misc":{"Dur\u00e9e de lecture estim\u00e9e":"1 minute"},"schema":{"@context":"https:\/\/schema.org","@graph":[{"@type":"WebPage","@id":"https:\/\/sagardoarenlurraldea.eus\/fr\/product\/donostia-san-sebastian-fr\/cidrerie-donostia-san-sebastian-calonge\/","url":"https:\/\/sagardoarenlurraldea.eus\/fr\/product\/donostia-san-sebastian-fr\/cidrerie-donostia-san-sebastian-calonge\/","name":"Cidrerie Calonge - Sagardoaren Lurraldea","isPartOf":{"@id":"https:\/\/sagardoarenlurraldea.eus\/fr\/#website"},"primaryImageOfPage":{"@id":"https:\/\/sagardoarenlurraldea.eus\/fr\/product\/donostia-san-sebastian-fr\/cidrerie-donostia-san-sebastian-calonge\/#primaryimage"},"image":{"@id":"https:\/\/sagardoarenlurraldea.eus\/fr\/product\/donostia-san-sebastian-fr\/cidrerie-donostia-san-sebastian-calonge\/#primaryimage"},"thumbnailUrl":"https:\/\/sagardoarenlurraldea.eus\/wp-content\/uploads\/2016\/08\/SIDCAL-F00.jpg","datePublished":"2017-12-29T12:04:27+00:00","breadcrumb":{"@id":"https:\/\/sagardoarenlurraldea.eus\/fr\/product\/donostia-san-sebastian-fr\/cidrerie-donostia-san-sebastian-calonge\/#breadcrumb"},"inLanguage":"fr-FR","potentialAction":[{"@type":"ReadAction","target":["https:\/\/sagardoarenlurraldea.eus\/fr\/product\/donostia-san-sebastian-fr\/cidrerie-donostia-san-sebastian-calonge\/"]}]},{"@type":"ImageObject","inLanguage":"fr-FR","@id":"https:\/\/sagardoarenlurraldea.eus\/fr\/product\/donostia-san-sebastian-fr\/cidrerie-donostia-san-sebastian-calonge\/#primaryimage","url":"https:\/\/sagardoarenlurraldea.eus\/wp-content\/uploads\/2016\/08\/SIDCAL-F00.jpg","contentUrl":"https:\/\/sagardoarenlurraldea.eus\/wp-content\/uploads\/2016\/08\/SIDCAL-F00.jpg","width":900,"height":600,"caption":"Fachada principal de la sidrer\u00eda Calonge"},{"@type":"BreadcrumbList","@id":"https:\/\/sagardoarenlurraldea.eus\/fr\/product\/donostia-san-sebastian-fr\/cidrerie-donostia-san-sebastian-calonge\/#breadcrumb","itemListElement":[{"@type":"ListItem","position":1,"name":"Inicio","item":"https:\/\/sagardoarenlurraldea.eus\/fr\/"},{"@type":"ListItem","position":2,"name":"R\u00e9servations","item":"https:\/\/sagardoarenlurraldea.eus\/fr\/reservations\/"},{"@type":"ListItem","position":3,"name":"Cidrerie Calonge"}]},{"@type":"WebSite","@id":"https:\/\/sagardoarenlurraldea.eus\/fr\/#website","url":"https:\/\/sagardoarenlurraldea.eus\/fr\/","name":"Sagardoaren Lurraldea","description":"El territorio de la sidra","potentialAction":[{"@type":"SearchAction","target":{"@type":"EntryPoint","urlTemplate":"https:\/\/sagardoarenlurraldea.eus\/fr\/?s={search_term_string}"},"query-input":{"@type":"PropertyValueSpecification","valueRequired":true,"valueName":"search_term_string"}}],"inLanguage":"fr-FR"}]}},"_links":{"self":[{"href":"https:\/\/sagardoarenlurraldea.eus\/fr\/wp-json\/wp\/v2\/product\/25671","targetHints":{"allow":["GET"]}}],"collection":[{"href":"https:\/\/sagardoarenlurraldea.eus\/fr\/wp-json\/wp\/v2\/product"}],"about":[{"href":"https:\/\/sagardoarenlurraldea.eus\/fr\/wp-json\/wp\/v2\/types\/product"}],"replies":[{"embeddable":true,"href":"https:\/\/sagardoarenlurraldea.eus\/fr\/wp-json\/wp\/v2\/comments?post=25671"}],"wp:featuredmedia":[{"embeddable":true,"href":"https:\/\/sagardoarenlurraldea.eus\/fr\/wp-json\/wp\/v2\/media\/8005"}],"wp:attachment":[{"href":"https:\/\/sagardoarenlurraldea.eus\/fr\/wp-json\/wp\/v2\/media?parent=25671"}],"wp:term":[{"taxonomy":"product_brand","embeddable":true,"href":"https:\/\/sagardoarenlurraldea.eus\/fr\/wp-json\/wp\/v2\/product_brand?post=25671"},{"taxonomy":"product_cat","embeddable":true,"href":"https:\/\/sagardoarenlurraldea.eus\/fr\/wp-json\/wp\/v2\/product_cat?post=25671"},{"taxonomy":"product_tag","embeddable":true,"href":"https:\/\/sagardoarenlurraldea.eus\/fr\/wp-json\/wp\/v2\/product_tag?post=25671"}],"curies":[{"name":"wp","href":"https:\/\/api.w.org\/{rel}","templated":true}]}}