{"id":25664,"date":"2017-12-29T14:15:50","date_gmt":"2017-12-29T12:15:50","guid":{"rendered":"http:\/\/www.sagardoarenlurraldea.eus\/reservar\/sin categorizar\/cidrerie-astigarraga-bereziartua\/"},"modified":"2017-12-29T14:15:50","modified_gmt":"2017-12-29T12:15:50","slug":"cidrerie-astigarraga-bereziartua","status":"publish","type":"product","link":"https:\/\/sagardoarenlurraldea.eus\/fr\/product\/astigarraga-fr\/cidrerie-astigarraga-bereziartua\/","title":{"rendered":"Cidrerie Bereziartua"},"content":{"rendered":"<h2>Description<\/h2>\n<p>La cidrerie Bereziartua, fond\u00e9e avant 1870, est aujourd\u2019hui dirig\u00e9e par la quatri\u00e8me ou cinqui\u00e8me g\u00e9n\u00e9ration. Bereziartua a depuis toujours \u00e9t\u00e9 une marque renomm\u00e9e, \u00e0 Ergobia bien s\u00fbr mais aujourd\u2019hui aussi \u00e0 Astigarraga et ses alentours. Sa r\u00e9putation et son savoir-faire durant toutes ces ann\u00e9es lui ont valu d\u2019obtenir la certification de qualit\u00e9 ISO 9001.<\/p>\n<h2>D\u00e9jeuner et d\u00eener<\/h2>\n<p><strong>En saison<\/strong> (janvier-avril) : D\u00eener tous les jours. Service d\u00e9jeuner samedi \u00e0 partir de fevrier. Ferm\u00e9e le dimanche et les feri\u00e9s.<\/p>\n<p><strong>Hors saison<\/strong> (mai) : D\u00eener tous les jours. Service d\u00e9jeuner le samedi. Ferm\u00e9e le dimanche et les feri\u00e9s.<\/p>\n<p>Capacit\u00e9 : 120 personnes<\/p>\n<h2>Informations suppl\u00e9mentaires<\/h2>\n<p>Responsable : Joxe Miguel Bereziartua<\/p>\n<p>Adresse : Iparralde Bidea, 16. Astigarraga.<br \/>\nT\u00e9l. : +34 943555798<br \/>\nFax. : +34 943331910<br \/>\nE-mail : <a href=\"mailto:aitor@bereziartuasagardoa.com\">aitor@bereziartuasagardoa.com <\/a><br \/>\nWeb : <a href=\"http:\/\/www.bereziartuasagardoa.com\">http:\/\/www.bereziartuasagardoa.com<\/a><\/p>\n","protected":false},"excerpt":{"rendered":"<p>Cidrerie ouverte durant la saison du <em>txotx<\/em> (janvier-avril). La cidrerie poss\u00e8de encore ses propres pommiers mais ceux-ci ne suffisent pas \u00e0 satisfaire la production en hausse du cidre.<\/p>\n","protected":false},"featured_media":7995,"comment_status":"open","ping_status":"closed","template":"","meta":{"_acf_changed":false,"_et_pb_use_builder":"","_et_pb_old_content":"","_et_gb_content_width":""},"product_brand":[],"product_cat":[2658,2709],"product_tag":[2623,2630,2633,2627,2615,2641,2619,2640,2618,2624],"class_list":{"0":"post-25664","1":"product","2":"type-product","3":"status-publish","4":"has-post-thumbnail","6":"product_cat-astigarraga-fr","7":"product_cat-cidreries-fr","8":"product_tag-acces-en-bus","9":"product_tag-acces-en-voiture","10":"product_tag-acces-en-minibus","11":"product_tag-acces-handicapes","12":"product_tag-groupe-de-moins-de-25","13":"product_tag-menu-traditionnel","14":"product_tag-parking-fr","15":"product_tag-cidre-en-txotx","16":"product_tag-services-diner","17":"product_tag-services-dejeuner","18":"pa_caracteristicas-y-menus-cidre-en-txotx","19":"dtwm_map-bereziartua-fr","21":"first","22":"instock","23":"virtual","24":"product-type-simple"},"exclude_global_add_ons":[],"addons":[],"acf":[],"yoast_head":"<!-- This site is optimized with the Yoast SEO plugin v25.4 - https:\/\/yoast.com\/wordpress\/plugins\/seo\/ -->\n<title>Cidrerie Bereziartua - Sagardoaren Lurraldea<\/title>\n<meta name=\"robots\" content=\"index, follow, max-snippet:-1, max-image-preview:large, max-video-preview:-1\" \/>\n<link rel=\"canonical\" href=\"https:\/\/sagardoarenlurraldea.eus\/fr\/product\/astigarraga-fr\/cidrerie-astigarraga-bereziartua\/\" \/>\n<meta property=\"og:locale\" content=\"fr_FR\" \/>\n<meta property=\"og:type\" content=\"article\" \/>\n<meta property=\"og:title\" content=\"Cidrerie Bereziartua - Sagardoaren Lurraldea\" \/>\n<meta property=\"og:description\" content=\"Cidrerie ouverte durant la saison du txotx (janvier-avril). La cidrerie poss\u00e8de encore ses propres pommiers mais ceux-ci ne suffisent pas \u00e0 satisfaire la production en hausse du cidre.\" \/>\n<meta property=\"og:url\" content=\"https:\/\/sagardoarenlurraldea.eus\/fr\/product\/astigarraga-fr\/cidrerie-astigarraga-bereziartua\/\" \/>\n<meta property=\"og:site_name\" content=\"Sagardoaren Lurraldea\" \/>\n<meta property=\"article:publisher\" content=\"https:\/\/www.facebook.com\/sagardoarenlurraldea\" \/>\n<meta property=\"og:image\" content=\"https:\/\/sagardoarenlurraldea.eus\/wp-content\/uploads\/2016\/08\/SIDBER-F00.jpg\" \/>\n\t<meta property=\"og:image:width\" content=\"900\" \/>\n\t<meta property=\"og:image:height\" content=\"598\" \/>\n\t<meta property=\"og:image:type\" content=\"image\/jpeg\" \/>\n<meta name=\"twitter:card\" content=\"summary_large_image\" \/>\n<meta name=\"twitter:label1\" content=\"Dur\u00e9e de lecture estim\u00e9e\" \/>\n\t<meta name=\"twitter:data1\" content=\"1 minute\" \/>\n<script type=\"application\/ld+json\" class=\"yoast-schema-graph\">{\"@context\":\"https:\/\/schema.org\",\"@graph\":[{\"@type\":\"WebPage\",\"@id\":\"https:\/\/sagardoarenlurraldea.eus\/fr\/product\/astigarraga-fr\/cidrerie-astigarraga-bereziartua\/\",\"url\":\"https:\/\/sagardoarenlurraldea.eus\/fr\/product\/astigarraga-fr\/cidrerie-astigarraga-bereziartua\/\",\"name\":\"Cidrerie Bereziartua - Sagardoaren Lurraldea\",\"isPartOf\":{\"@id\":\"https:\/\/sagardoarenlurraldea.eus\/fr\/#website\"},\"primaryImageOfPage\":{\"@id\":\"https:\/\/sagardoarenlurraldea.eus\/fr\/product\/astigarraga-fr\/cidrerie-astigarraga-bereziartua\/#primaryimage\"},\"image\":{\"@id\":\"https:\/\/sagardoarenlurraldea.eus\/fr\/product\/astigarraga-fr\/cidrerie-astigarraga-bereziartua\/#primaryimage\"},\"thumbnailUrl\":\"https:\/\/sagardoarenlurraldea.eus\/wp-content\/uploads\/2016\/08\/SIDBER-F00.jpg\",\"datePublished\":\"2017-12-29T12:15:50+00:00\",\"breadcrumb\":{\"@id\":\"https:\/\/sagardoarenlurraldea.eus\/fr\/product\/astigarraga-fr\/cidrerie-astigarraga-bereziartua\/#breadcrumb\"},\"inLanguage\":\"fr-FR\",\"potentialAction\":[{\"@type\":\"ReadAction\",\"target\":[\"https:\/\/sagardoarenlurraldea.eus\/fr\/product\/astigarraga-fr\/cidrerie-astigarraga-bereziartua\/\"]}]},{\"@type\":\"ImageObject\",\"inLanguage\":\"fr-FR\",\"@id\":\"https:\/\/sagardoarenlurraldea.eus\/fr\/product\/astigarraga-fr\/cidrerie-astigarraga-bereziartua\/#primaryimage\",\"url\":\"https:\/\/sagardoarenlurraldea.eus\/wp-content\/uploads\/2016\/08\/SIDBER-F00.jpg\",\"contentUrl\":\"https:\/\/sagardoarenlurraldea.eus\/wp-content\/uploads\/2016\/08\/SIDBER-F00.jpg\",\"width\":900,\"height\":598,\"caption\":\"Entra principal de la sidrer\u00eda Bereziartua\"},{\"@type\":\"BreadcrumbList\",\"@id\":\"https:\/\/sagardoarenlurraldea.eus\/fr\/product\/astigarraga-fr\/cidrerie-astigarraga-bereziartua\/#breadcrumb\",\"itemListElement\":[{\"@type\":\"ListItem\",\"position\":1,\"name\":\"Inicio\",\"item\":\"https:\/\/sagardoarenlurraldea.eus\/fr\/\"},{\"@type\":\"ListItem\",\"position\":2,\"name\":\"R\u00e9servations\",\"item\":\"https:\/\/sagardoarenlurraldea.eus\/fr\/reservations\/\"},{\"@type\":\"ListItem\",\"position\":3,\"name\":\"Cidrerie Bereziartua\"}]},{\"@type\":\"WebSite\",\"@id\":\"https:\/\/sagardoarenlurraldea.eus\/fr\/#website\",\"url\":\"https:\/\/sagardoarenlurraldea.eus\/fr\/\",\"name\":\"Sagardoaren Lurraldea\",\"description\":\"El territorio de la sidra\",\"potentialAction\":[{\"@type\":\"SearchAction\",\"target\":{\"@type\":\"EntryPoint\",\"urlTemplate\":\"https:\/\/sagardoarenlurraldea.eus\/fr\/?s={search_term_string}\"},\"query-input\":{\"@type\":\"PropertyValueSpecification\",\"valueRequired\":true,\"valueName\":\"search_term_string\"}}],\"inLanguage\":\"fr-FR\"}]}<\/script>\n<!-- \/ Yoast SEO plugin. -->","yoast_head_json":{"title":"Cidrerie Bereziartua - Sagardoaren Lurraldea","robots":{"index":"index","follow":"follow","max-snippet":"max-snippet:-1","max-image-preview":"max-image-preview:large","max-video-preview":"max-video-preview:-1"},"canonical":"https:\/\/sagardoarenlurraldea.eus\/fr\/product\/astigarraga-fr\/cidrerie-astigarraga-bereziartua\/","og_locale":"fr_FR","og_type":"article","og_title":"Cidrerie Bereziartua - Sagardoaren Lurraldea","og_description":"Cidrerie ouverte durant la saison du txotx (janvier-avril). La cidrerie poss\u00e8de encore ses propres pommiers mais ceux-ci ne suffisent pas \u00e0 satisfaire la production en hausse du cidre.","og_url":"https:\/\/sagardoarenlurraldea.eus\/fr\/product\/astigarraga-fr\/cidrerie-astigarraga-bereziartua\/","og_site_name":"Sagardoaren Lurraldea","article_publisher":"https:\/\/www.facebook.com\/sagardoarenlurraldea","og_image":[{"width":900,"height":598,"url":"https:\/\/sagardoarenlurraldea.eus\/wp-content\/uploads\/2016\/08\/SIDBER-F00.jpg","type":"image\/jpeg"}],"twitter_card":"summary_large_image","twitter_misc":{"Dur\u00e9e de lecture estim\u00e9e":"1 minute"},"schema":{"@context":"https:\/\/schema.org","@graph":[{"@type":"WebPage","@id":"https:\/\/sagardoarenlurraldea.eus\/fr\/product\/astigarraga-fr\/cidrerie-astigarraga-bereziartua\/","url":"https:\/\/sagardoarenlurraldea.eus\/fr\/product\/astigarraga-fr\/cidrerie-astigarraga-bereziartua\/","name":"Cidrerie Bereziartua - Sagardoaren Lurraldea","isPartOf":{"@id":"https:\/\/sagardoarenlurraldea.eus\/fr\/#website"},"primaryImageOfPage":{"@id":"https:\/\/sagardoarenlurraldea.eus\/fr\/product\/astigarraga-fr\/cidrerie-astigarraga-bereziartua\/#primaryimage"},"image":{"@id":"https:\/\/sagardoarenlurraldea.eus\/fr\/product\/astigarraga-fr\/cidrerie-astigarraga-bereziartua\/#primaryimage"},"thumbnailUrl":"https:\/\/sagardoarenlurraldea.eus\/wp-content\/uploads\/2016\/08\/SIDBER-F00.jpg","datePublished":"2017-12-29T12:15:50+00:00","breadcrumb":{"@id":"https:\/\/sagardoarenlurraldea.eus\/fr\/product\/astigarraga-fr\/cidrerie-astigarraga-bereziartua\/#breadcrumb"},"inLanguage":"fr-FR","potentialAction":[{"@type":"ReadAction","target":["https:\/\/sagardoarenlurraldea.eus\/fr\/product\/astigarraga-fr\/cidrerie-astigarraga-bereziartua\/"]}]},{"@type":"ImageObject","inLanguage":"fr-FR","@id":"https:\/\/sagardoarenlurraldea.eus\/fr\/product\/astigarraga-fr\/cidrerie-astigarraga-bereziartua\/#primaryimage","url":"https:\/\/sagardoarenlurraldea.eus\/wp-content\/uploads\/2016\/08\/SIDBER-F00.jpg","contentUrl":"https:\/\/sagardoarenlurraldea.eus\/wp-content\/uploads\/2016\/08\/SIDBER-F00.jpg","width":900,"height":598,"caption":"Entra principal de la sidrer\u00eda Bereziartua"},{"@type":"BreadcrumbList","@id":"https:\/\/sagardoarenlurraldea.eus\/fr\/product\/astigarraga-fr\/cidrerie-astigarraga-bereziartua\/#breadcrumb","itemListElement":[{"@type":"ListItem","position":1,"name":"Inicio","item":"https:\/\/sagardoarenlurraldea.eus\/fr\/"},{"@type":"ListItem","position":2,"name":"R\u00e9servations","item":"https:\/\/sagardoarenlurraldea.eus\/fr\/reservations\/"},{"@type":"ListItem","position":3,"name":"Cidrerie Bereziartua"}]},{"@type":"WebSite","@id":"https:\/\/sagardoarenlurraldea.eus\/fr\/#website","url":"https:\/\/sagardoarenlurraldea.eus\/fr\/","name":"Sagardoaren Lurraldea","description":"El territorio de la sidra","potentialAction":[{"@type":"SearchAction","target":{"@type":"EntryPoint","urlTemplate":"https:\/\/sagardoarenlurraldea.eus\/fr\/?s={search_term_string}"},"query-input":{"@type":"PropertyValueSpecification","valueRequired":true,"valueName":"search_term_string"}}],"inLanguage":"fr-FR"}]}},"_links":{"self":[{"href":"https:\/\/sagardoarenlurraldea.eus\/fr\/wp-json\/wp\/v2\/product\/25664","targetHints":{"allow":["GET"]}}],"collection":[{"href":"https:\/\/sagardoarenlurraldea.eus\/fr\/wp-json\/wp\/v2\/product"}],"about":[{"href":"https:\/\/sagardoarenlurraldea.eus\/fr\/wp-json\/wp\/v2\/types\/product"}],"replies":[{"embeddable":true,"href":"https:\/\/sagardoarenlurraldea.eus\/fr\/wp-json\/wp\/v2\/comments?post=25664"}],"wp:featuredmedia":[{"embeddable":true,"href":"https:\/\/sagardoarenlurraldea.eus\/fr\/wp-json\/wp\/v2\/media\/7995"}],"wp:attachment":[{"href":"https:\/\/sagardoarenlurraldea.eus\/fr\/wp-json\/wp\/v2\/media?parent=25664"}],"wp:term":[{"taxonomy":"product_brand","embeddable":true,"href":"https:\/\/sagardoarenlurraldea.eus\/fr\/wp-json\/wp\/v2\/product_brand?post=25664"},{"taxonomy":"product_cat","embeddable":true,"href":"https:\/\/sagardoarenlurraldea.eus\/fr\/wp-json\/wp\/v2\/product_cat?post=25664"},{"taxonomy":"product_tag","embeddable":true,"href":"https:\/\/sagardoarenlurraldea.eus\/fr\/wp-json\/wp\/v2\/product_tag?post=25664"}],"curies":[{"name":"wp","href":"https:\/\/api.w.org\/{rel}","templated":true}]}}