{"id":25654,"date":"2017-12-29T18:43:18","date_gmt":"2017-12-29T16:43:18","guid":{"rendered":"http:\/\/www.sagardoarenlurraldea.eus\/reservar\/sin categorizar\/cidrerie-legorreta-aulia\/"},"modified":"2017-12-29T18:43:18","modified_gmt":"2017-12-29T16:43:18","slug":"cidrerie-legorreta-aulia","status":"publish","type":"product","link":"https:\/\/sagardoarenlurraldea.eus\/fr\/product\/legorreta-fr\/cidrerie-legorreta-aulia\/","title":{"rendered":"Cidrerie Aulia"},"content":{"rendered":"<h2>Description<\/h2>\n<p>Fond\u00e9e en 1978, la cidrerie Aulia occupe une ferme restaur\u00e9e \u00e0 plusieurs reprises et situ\u00e9e au centre de Legorreta, petite localit\u00e9 du Bas Goierri dans la province de Guip\u00fazcoa.<\/p>\n<h2>D\u00e9jeuner et d\u00eener<\/h2>\n<p><strong>En saison<\/strong> (janvier-avril) : Service d\u00eener tous les jours et service d\u00e9jeuner le samedi. Dimanche ferm\u00e9e.<\/p>\n<p><strong>Hors saison<\/strong> (\u00e0 partir de mai) : Service d\u00eener tous les jours et service d\u00e9jeuner le samedi. Dimanche ferm\u00e9e.<\/p>\n<p>Capacit\u00e9 : 112 personnes<\/p>\n<h2>Informations suppl\u00e9mentaires<\/h2>\n<p>Responsable : Juan Inazio Etxeberria<\/p>\n<p>Adresse : Barrio Guadalupe, 14. Aulia etxea. Legorreta.<br \/>\nT\u00e9l. : +34 943806066<br \/>\nWeb : <a href=\"http:\/\/www.auliasagardotegia.com\">http:\/\/www.auliasagardotegia.com<\/a><\/p>\n","protected":false},"excerpt":{"rendered":"<p>Cidrerie ouverte de d\u00e9cembre jusqu\u2019\u00e0 la fin mai. La cidrerie se fournit \u00e0 ses propres pommeraies et celles de fermes voisines.<\/p>\n<p>&nbsp;<\/p>\n","protected":false},"featured_media":7962,"comment_status":"open","ping_status":"closed","template":"","meta":{"_acf_changed":false,"_et_pb_use_builder":"","_et_pb_old_content":"","_et_gb_content_width":""},"product_brand":[],"product_cat":[2697,2709],"product_tag":[2623,2630,2633,2627,2637,2636,2615,2641,2619,2640,2618,2624],"class_list":{"0":"post-25654","1":"product","2":"type-product","3":"status-publish","4":"has-post-thumbnail","6":"product_cat-legorreta-fr","7":"product_cat-cidreries-fr","8":"product_tag-acces-en-bus","9":"product_tag-acces-en-voiture","10":"product_tag-acces-en-minibus","11":"product_tag-acces-handicapes","12":"product_tag-manger-debout","13":"product_tag-manger-a-table","14":"product_tag-groupe-de-moins-de-25","15":"product_tag-menu-traditionnel","16":"product_tag-parking-fr","17":"product_tag-cidre-en-txotx","18":"product_tag-services-diner","19":"product_tag-services-dejeuner","20":"pa_caracteristicas-y-menus-manger-debout-cidrerie","21":"pa_caracteristicas-y-menus-cidre-en-txotx","22":"dtwm_map-aulia-fr","24":"first","25":"instock","26":"virtual","27":"product-type-simple"},"exclude_global_add_ons":[],"addons":[],"acf":[],"yoast_head":"<!-- This site is optimized with the Yoast SEO plugin v25.4 - https:\/\/yoast.com\/wordpress\/plugins\/seo\/ -->\n<title>Cidrerie Aulia - Sagardoaren Lurraldea<\/title>\n<meta name=\"robots\" content=\"index, follow, max-snippet:-1, max-image-preview:large, max-video-preview:-1\" \/>\n<link rel=\"canonical\" href=\"https:\/\/sagardoarenlurraldea.eus\/fr\/product\/legorreta-fr\/cidrerie-legorreta-aulia\/\" \/>\n<meta property=\"og:locale\" content=\"fr_FR\" \/>\n<meta property=\"og:type\" content=\"article\" \/>\n<meta property=\"og:title\" content=\"Cidrerie Aulia - Sagardoaren Lurraldea\" \/>\n<meta property=\"og:description\" content=\"Cidrerie ouverte de d\u00e9cembre jusqu\u2019\u00e0 la fin mai. La cidrerie se fournit \u00e0 ses propres pommeraies et celles de fermes voisines.  &nbsp;\" \/>\n<meta property=\"og:url\" content=\"https:\/\/sagardoarenlurraldea.eus\/fr\/product\/legorreta-fr\/cidrerie-legorreta-aulia\/\" \/>\n<meta property=\"og:site_name\" content=\"Sagardoaren Lurraldea\" \/>\n<meta property=\"article:publisher\" content=\"https:\/\/www.facebook.com\/sagardoarenlurraldea\" \/>\n<meta property=\"og:image\" content=\"https:\/\/sagardoarenlurraldea.eus\/wp-content\/uploads\/2016\/08\/SIDAUL-F00.jpg\" \/>\n\t<meta property=\"og:image:width\" content=\"900\" \/>\n\t<meta property=\"og:image:height\" content=\"600\" \/>\n\t<meta property=\"og:image:type\" content=\"image\/jpeg\" \/>\n<meta name=\"twitter:card\" content=\"summary_large_image\" \/>\n<script type=\"application\/ld+json\" class=\"yoast-schema-graph\">{\"@context\":\"https:\/\/schema.org\",\"@graph\":[{\"@type\":\"WebPage\",\"@id\":\"https:\/\/sagardoarenlurraldea.eus\/fr\/product\/legorreta-fr\/cidrerie-legorreta-aulia\/\",\"url\":\"https:\/\/sagardoarenlurraldea.eus\/fr\/product\/legorreta-fr\/cidrerie-legorreta-aulia\/\",\"name\":\"Cidrerie Aulia - Sagardoaren Lurraldea\",\"isPartOf\":{\"@id\":\"https:\/\/sagardoarenlurraldea.eus\/fr\/#website\"},\"primaryImageOfPage\":{\"@id\":\"https:\/\/sagardoarenlurraldea.eus\/fr\/product\/legorreta-fr\/cidrerie-legorreta-aulia\/#primaryimage\"},\"image\":{\"@id\":\"https:\/\/sagardoarenlurraldea.eus\/fr\/product\/legorreta-fr\/cidrerie-legorreta-aulia\/#primaryimage\"},\"thumbnailUrl\":\"https:\/\/sagardoarenlurraldea.eus\/wp-content\/uploads\/2016\/08\/SIDAUL-F00.jpg\",\"datePublished\":\"2017-12-29T16:43:18+00:00\",\"breadcrumb\":{\"@id\":\"https:\/\/sagardoarenlurraldea.eus\/fr\/product\/legorreta-fr\/cidrerie-legorreta-aulia\/#breadcrumb\"},\"inLanguage\":\"fr-FR\",\"potentialAction\":[{\"@type\":\"ReadAction\",\"target\":[\"https:\/\/sagardoarenlurraldea.eus\/fr\/product\/legorreta-fr\/cidrerie-legorreta-aulia\/\"]}]},{\"@type\":\"ImageObject\",\"inLanguage\":\"fr-FR\",\"@id\":\"https:\/\/sagardoarenlurraldea.eus\/fr\/product\/legorreta-fr\/cidrerie-legorreta-aulia\/#primaryimage\",\"url\":\"https:\/\/sagardoarenlurraldea.eus\/wp-content\/uploads\/2016\/08\/SIDAUL-F00.jpg\",\"contentUrl\":\"https:\/\/sagardoarenlurraldea.eus\/wp-content\/uploads\/2016\/08\/SIDAUL-F00.jpg\",\"width\":900,\"height\":600,\"caption\":\"Entrada principal de la sidrer\u00eda Aulia\"},{\"@type\":\"BreadcrumbList\",\"@id\":\"https:\/\/sagardoarenlurraldea.eus\/fr\/product\/legorreta-fr\/cidrerie-legorreta-aulia\/#breadcrumb\",\"itemListElement\":[{\"@type\":\"ListItem\",\"position\":1,\"name\":\"Inicio\",\"item\":\"https:\/\/sagardoarenlurraldea.eus\/fr\/\"},{\"@type\":\"ListItem\",\"position\":2,\"name\":\"R\u00e9servations\",\"item\":\"https:\/\/sagardoarenlurraldea.eus\/fr\/reservations\/\"},{\"@type\":\"ListItem\",\"position\":3,\"name\":\"Cidrerie Aulia\"}]},{\"@type\":\"WebSite\",\"@id\":\"https:\/\/sagardoarenlurraldea.eus\/fr\/#website\",\"url\":\"https:\/\/sagardoarenlurraldea.eus\/fr\/\",\"name\":\"Sagardoaren Lurraldea\",\"description\":\"El territorio de la sidra\",\"potentialAction\":[{\"@type\":\"SearchAction\",\"target\":{\"@type\":\"EntryPoint\",\"urlTemplate\":\"https:\/\/sagardoarenlurraldea.eus\/fr\/?s={search_term_string}\"},\"query-input\":{\"@type\":\"PropertyValueSpecification\",\"valueRequired\":true,\"valueName\":\"search_term_string\"}}],\"inLanguage\":\"fr-FR\"}]}<\/script>\n<!-- \/ Yoast SEO plugin. -->","yoast_head_json":{"title":"Cidrerie Aulia - Sagardoaren Lurraldea","robots":{"index":"index","follow":"follow","max-snippet":"max-snippet:-1","max-image-preview":"max-image-preview:large","max-video-preview":"max-video-preview:-1"},"canonical":"https:\/\/sagardoarenlurraldea.eus\/fr\/product\/legorreta-fr\/cidrerie-legorreta-aulia\/","og_locale":"fr_FR","og_type":"article","og_title":"Cidrerie Aulia - Sagardoaren Lurraldea","og_description":"Cidrerie ouverte de d\u00e9cembre jusqu\u2019\u00e0 la fin mai. La cidrerie se fournit \u00e0 ses propres pommeraies et celles de fermes voisines.  &nbsp;","og_url":"https:\/\/sagardoarenlurraldea.eus\/fr\/product\/legorreta-fr\/cidrerie-legorreta-aulia\/","og_site_name":"Sagardoaren Lurraldea","article_publisher":"https:\/\/www.facebook.com\/sagardoarenlurraldea","og_image":[{"width":900,"height":600,"url":"https:\/\/sagardoarenlurraldea.eus\/wp-content\/uploads\/2016\/08\/SIDAUL-F00.jpg","type":"image\/jpeg"}],"twitter_card":"summary_large_image","schema":{"@context":"https:\/\/schema.org","@graph":[{"@type":"WebPage","@id":"https:\/\/sagardoarenlurraldea.eus\/fr\/product\/legorreta-fr\/cidrerie-legorreta-aulia\/","url":"https:\/\/sagardoarenlurraldea.eus\/fr\/product\/legorreta-fr\/cidrerie-legorreta-aulia\/","name":"Cidrerie Aulia - Sagardoaren Lurraldea","isPartOf":{"@id":"https:\/\/sagardoarenlurraldea.eus\/fr\/#website"},"primaryImageOfPage":{"@id":"https:\/\/sagardoarenlurraldea.eus\/fr\/product\/legorreta-fr\/cidrerie-legorreta-aulia\/#primaryimage"},"image":{"@id":"https:\/\/sagardoarenlurraldea.eus\/fr\/product\/legorreta-fr\/cidrerie-legorreta-aulia\/#primaryimage"},"thumbnailUrl":"https:\/\/sagardoarenlurraldea.eus\/wp-content\/uploads\/2016\/08\/SIDAUL-F00.jpg","datePublished":"2017-12-29T16:43:18+00:00","breadcrumb":{"@id":"https:\/\/sagardoarenlurraldea.eus\/fr\/product\/legorreta-fr\/cidrerie-legorreta-aulia\/#breadcrumb"},"inLanguage":"fr-FR","potentialAction":[{"@type":"ReadAction","target":["https:\/\/sagardoarenlurraldea.eus\/fr\/product\/legorreta-fr\/cidrerie-legorreta-aulia\/"]}]},{"@type":"ImageObject","inLanguage":"fr-FR","@id":"https:\/\/sagardoarenlurraldea.eus\/fr\/product\/legorreta-fr\/cidrerie-legorreta-aulia\/#primaryimage","url":"https:\/\/sagardoarenlurraldea.eus\/wp-content\/uploads\/2016\/08\/SIDAUL-F00.jpg","contentUrl":"https:\/\/sagardoarenlurraldea.eus\/wp-content\/uploads\/2016\/08\/SIDAUL-F00.jpg","width":900,"height":600,"caption":"Entrada principal de la sidrer\u00eda Aulia"},{"@type":"BreadcrumbList","@id":"https:\/\/sagardoarenlurraldea.eus\/fr\/product\/legorreta-fr\/cidrerie-legorreta-aulia\/#breadcrumb","itemListElement":[{"@type":"ListItem","position":1,"name":"Inicio","item":"https:\/\/sagardoarenlurraldea.eus\/fr\/"},{"@type":"ListItem","position":2,"name":"R\u00e9servations","item":"https:\/\/sagardoarenlurraldea.eus\/fr\/reservations\/"},{"@type":"ListItem","position":3,"name":"Cidrerie Aulia"}]},{"@type":"WebSite","@id":"https:\/\/sagardoarenlurraldea.eus\/fr\/#website","url":"https:\/\/sagardoarenlurraldea.eus\/fr\/","name":"Sagardoaren Lurraldea","description":"El territorio de la sidra","potentialAction":[{"@type":"SearchAction","target":{"@type":"EntryPoint","urlTemplate":"https:\/\/sagardoarenlurraldea.eus\/fr\/?s={search_term_string}"},"query-input":{"@type":"PropertyValueSpecification","valueRequired":true,"valueName":"search_term_string"}}],"inLanguage":"fr-FR"}]}},"_links":{"self":[{"href":"https:\/\/sagardoarenlurraldea.eus\/fr\/wp-json\/wp\/v2\/product\/25654","targetHints":{"allow":["GET"]}}],"collection":[{"href":"https:\/\/sagardoarenlurraldea.eus\/fr\/wp-json\/wp\/v2\/product"}],"about":[{"href":"https:\/\/sagardoarenlurraldea.eus\/fr\/wp-json\/wp\/v2\/types\/product"}],"replies":[{"embeddable":true,"href":"https:\/\/sagardoarenlurraldea.eus\/fr\/wp-json\/wp\/v2\/comments?post=25654"}],"wp:featuredmedia":[{"embeddable":true,"href":"https:\/\/sagardoarenlurraldea.eus\/fr\/wp-json\/wp\/v2\/media\/7962"}],"wp:attachment":[{"href":"https:\/\/sagardoarenlurraldea.eus\/fr\/wp-json\/wp\/v2\/media?parent=25654"}],"wp:term":[{"taxonomy":"product_brand","embeddable":true,"href":"https:\/\/sagardoarenlurraldea.eus\/fr\/wp-json\/wp\/v2\/product_brand?post=25654"},{"taxonomy":"product_cat","embeddable":true,"href":"https:\/\/sagardoarenlurraldea.eus\/fr\/wp-json\/wp\/v2\/product_cat?post=25654"},{"taxonomy":"product_tag","embeddable":true,"href":"https:\/\/sagardoarenlurraldea.eus\/fr\/wp-json\/wp\/v2\/product_tag?post=25654"}],"curies":[{"name":"wp","href":"https:\/\/api.w.org\/{rel}","templated":true}]}}