{"id":25648,"date":"2017-12-29T18:53:26","date_gmt":"2017-12-29T16:53:26","guid":{"rendered":"http:\/\/www.sagardoarenlurraldea.eus\/reservar\/sin categorizar\/cidrerie-usurbil-arratzain\/"},"modified":"2017-12-29T18:53:26","modified_gmt":"2017-12-29T16:53:26","slug":"cidrerie-usurbil-arratzain","status":"publish","type":"product","link":"https:\/\/sagardoarenlurraldea.eus\/fr\/product\/cidreries-fr\/cidrerie-usurbil-arratzain\/","title":{"rendered":"Cidrerie Arratzain"},"content":{"rendered":"<h2>Description<\/h2>\n<p>La cidrerie Arratzain a \u00e9t\u00e9 cr\u00e9\u00e9e en 1999, m\u00eame si les propri\u00e9taires \u00e9laboraient d\u00e9j\u00e0 du cidre pour leur propre consommation et celle des proches depuis toujours. Arratzain est situ\u00e9e sur les monts d\u2019Usurbil, dans un cadre naturel hors pair.<\/p>\n<h2>D\u00e9jeuner et d\u00eener<\/h2>\n<p><strong>En saison<\/strong> (janvier-avril) : D\u00e9jeuner et d\u00eener tous les jours.<\/p>\n<p><strong>Hors saison<\/strong> (\u00e0 partir de mai) : D\u00e9jeuner et d\u00eener tous les jours<\/p>\n<p>Capacit\u00e9 : 120 personnes<\/p>\n<h2>Informations suppl\u00e9mentaires<\/h2>\n<p>Responsable : Aitor Lizaso Arana<\/p>\n<p>Adresse : Arratzain, 21. Usurbil.<br \/>\nTfno. : +34 943366663<br \/>\nWeb : <a href=\"http:\/\/www.sidrasarratzain.com\">http:\/\/www.sidrasarratzain.com<\/a><\/p>\n","protected":false},"excerpt":{"rendered":"<p>Cidrerie ouverte toute l\u2019ann\u00e9e. En dehors de la cidrerie et du restaurant, les propri\u00e9taires ont r\u00e9cemment inaugur\u00e9 un agrotourisme.<\/p>\n","protected":false},"featured_media":7927,"comment_status":"open","ping_status":"closed","template":"","meta":{"_acf_changed":false,"_et_pb_use_builder":"","_et_pb_old_content":"","_et_gb_content_width":""},"product_brand":[],"product_cat":[2709,2712],"product_tag":[2623,2630,2633,2627,2635,2639,2636,2616,2615,2641,2619,2646,2640,2618,2624],"class_list":{"0":"post-25648","1":"product","2":"type-product","3":"status-publish","4":"has-post-thumbnail","6":"product_cat-cidreries-fr","7":"product_cat-usurbil-fr","8":"product_tag-acces-en-bus","9":"product_tag-acces-en-voiture","10":"product_tag-acces-en-minibus","11":"product_tag-acces-handicapes","12":"product_tag-agrotourisme","13":"product_tag-cidre-en-bouteille","14":"product_tag-manger-a-table","15":"product_tag-groupe-de-plus-de-25","16":"product_tag-groupe-de-moins-de-25","17":"product_tag-menu-traditionnel","18":"product_tag-parking-fr","19":"product_tag-repas-et-diners-a-lannee","20":"product_tag-cidre-en-txotx","21":"product_tag-services-diner","22":"product_tag-services-dejeuner","23":"pa_caracteristicas-y-menus-groupe-plus-25","24":"pa_caracteristicas-y-menus-repas-diners-toujours-ouvert","25":"pa_caracteristicas-y-menus-cidre-en-txotx","26":"dtwm_map-arratzain-fr","28":"first","29":"instock","30":"virtual","31":"product-type-simple"},"exclude_global_add_ons":[],"addons":[],"acf":[],"yoast_head":"<!-- This site is optimized with the Yoast SEO plugin v25.4 - https:\/\/yoast.com\/wordpress\/plugins\/seo\/ -->\n<title>Cidrerie Arratzain - Sagardoaren Lurraldea<\/title>\n<meta name=\"robots\" content=\"index, follow, max-snippet:-1, max-image-preview:large, max-video-preview:-1\" \/>\n<link rel=\"canonical\" href=\"https:\/\/sagardoarenlurraldea.eus\/fr\/product\/cidreries-fr\/cidrerie-usurbil-arratzain\/\" \/>\n<meta property=\"og:locale\" content=\"fr_FR\" \/>\n<meta property=\"og:type\" content=\"article\" \/>\n<meta property=\"og:title\" content=\"Cidrerie Arratzain - Sagardoaren Lurraldea\" \/>\n<meta property=\"og:description\" content=\"Cidrerie ouverte toute l\u2019ann\u00e9e. En dehors de la cidrerie et du restaurant, les propri\u00e9taires ont r\u00e9cemment inaugur\u00e9 un agrotourisme.\" \/>\n<meta property=\"og:url\" content=\"https:\/\/sagardoarenlurraldea.eus\/fr\/product\/cidreries-fr\/cidrerie-usurbil-arratzain\/\" \/>\n<meta property=\"og:site_name\" content=\"Sagardoaren Lurraldea\" \/>\n<meta property=\"article:publisher\" content=\"https:\/\/www.facebook.com\/sagardoarenlurraldea\" \/>\n<meta property=\"og:image\" content=\"https:\/\/sagardoarenlurraldea.eus\/wp-content\/uploads\/2016\/08\/SIDARR-F00.jpg\" \/>\n\t<meta property=\"og:image:width\" content=\"903\" \/>\n\t<meta property=\"og:image:height\" content=\"600\" \/>\n\t<meta property=\"og:image:type\" content=\"image\/jpeg\" \/>\n<meta name=\"twitter:card\" content=\"summary_large_image\" \/>\n<script type=\"application\/ld+json\" class=\"yoast-schema-graph\">{\"@context\":\"https:\/\/schema.org\",\"@graph\":[{\"@type\":\"WebPage\",\"@id\":\"https:\/\/sagardoarenlurraldea.eus\/fr\/product\/cidreries-fr\/cidrerie-usurbil-arratzain\/\",\"url\":\"https:\/\/sagardoarenlurraldea.eus\/fr\/product\/cidreries-fr\/cidrerie-usurbil-arratzain\/\",\"name\":\"Cidrerie Arratzain - Sagardoaren Lurraldea\",\"isPartOf\":{\"@id\":\"https:\/\/sagardoarenlurraldea.eus\/fr\/#website\"},\"primaryImageOfPage\":{\"@id\":\"https:\/\/sagardoarenlurraldea.eus\/fr\/product\/cidreries-fr\/cidrerie-usurbil-arratzain\/#primaryimage\"},\"image\":{\"@id\":\"https:\/\/sagardoarenlurraldea.eus\/fr\/product\/cidreries-fr\/cidrerie-usurbil-arratzain\/#primaryimage\"},\"thumbnailUrl\":\"https:\/\/sagardoarenlurraldea.eus\/wp-content\/uploads\/2016\/08\/SIDARR-F00.jpg\",\"datePublished\":\"2017-12-29T16:53:26+00:00\",\"breadcrumb\":{\"@id\":\"https:\/\/sagardoarenlurraldea.eus\/fr\/product\/cidreries-fr\/cidrerie-usurbil-arratzain\/#breadcrumb\"},\"inLanguage\":\"fr-FR\",\"potentialAction\":[{\"@type\":\"ReadAction\",\"target\":[\"https:\/\/sagardoarenlurraldea.eus\/fr\/product\/cidreries-fr\/cidrerie-usurbil-arratzain\/\"]}]},{\"@type\":\"ImageObject\",\"inLanguage\":\"fr-FR\",\"@id\":\"https:\/\/sagardoarenlurraldea.eus\/fr\/product\/cidreries-fr\/cidrerie-usurbil-arratzain\/#primaryimage\",\"url\":\"https:\/\/sagardoarenlurraldea.eus\/wp-content\/uploads\/2016\/08\/SIDARR-F00.jpg\",\"contentUrl\":\"https:\/\/sagardoarenlurraldea.eus\/wp-content\/uploads\/2016\/08\/SIDARR-F00.jpg\",\"width\":903,\"height\":600,\"caption\":\"Entrada principal de la sidrer\u00eda Arratzain\"},{\"@type\":\"BreadcrumbList\",\"@id\":\"https:\/\/sagardoarenlurraldea.eus\/fr\/product\/cidreries-fr\/cidrerie-usurbil-arratzain\/#breadcrumb\",\"itemListElement\":[{\"@type\":\"ListItem\",\"position\":1,\"name\":\"Inicio\",\"item\":\"https:\/\/sagardoarenlurraldea.eus\/fr\/\"},{\"@type\":\"ListItem\",\"position\":2,\"name\":\"R\u00e9servations\",\"item\":\"https:\/\/sagardoarenlurraldea.eus\/fr\/reservations\/\"},{\"@type\":\"ListItem\",\"position\":3,\"name\":\"Cidrerie Arratzain\"}]},{\"@type\":\"WebSite\",\"@id\":\"https:\/\/sagardoarenlurraldea.eus\/fr\/#website\",\"url\":\"https:\/\/sagardoarenlurraldea.eus\/fr\/\",\"name\":\"Sagardoaren Lurraldea\",\"description\":\"El territorio de la sidra\",\"potentialAction\":[{\"@type\":\"SearchAction\",\"target\":{\"@type\":\"EntryPoint\",\"urlTemplate\":\"https:\/\/sagardoarenlurraldea.eus\/fr\/?s={search_term_string}\"},\"query-input\":{\"@type\":\"PropertyValueSpecification\",\"valueRequired\":true,\"valueName\":\"search_term_string\"}}],\"inLanguage\":\"fr-FR\"}]}<\/script>\n<!-- \/ Yoast SEO plugin. -->","yoast_head_json":{"title":"Cidrerie Arratzain - Sagardoaren Lurraldea","robots":{"index":"index","follow":"follow","max-snippet":"max-snippet:-1","max-image-preview":"max-image-preview:large","max-video-preview":"max-video-preview:-1"},"canonical":"https:\/\/sagardoarenlurraldea.eus\/fr\/product\/cidreries-fr\/cidrerie-usurbil-arratzain\/","og_locale":"fr_FR","og_type":"article","og_title":"Cidrerie Arratzain - Sagardoaren Lurraldea","og_description":"Cidrerie ouverte toute l\u2019ann\u00e9e. En dehors de la cidrerie et du restaurant, les propri\u00e9taires ont r\u00e9cemment inaugur\u00e9 un agrotourisme.","og_url":"https:\/\/sagardoarenlurraldea.eus\/fr\/product\/cidreries-fr\/cidrerie-usurbil-arratzain\/","og_site_name":"Sagardoaren Lurraldea","article_publisher":"https:\/\/www.facebook.com\/sagardoarenlurraldea","og_image":[{"width":903,"height":600,"url":"https:\/\/sagardoarenlurraldea.eus\/wp-content\/uploads\/2016\/08\/SIDARR-F00.jpg","type":"image\/jpeg"}],"twitter_card":"summary_large_image","schema":{"@context":"https:\/\/schema.org","@graph":[{"@type":"WebPage","@id":"https:\/\/sagardoarenlurraldea.eus\/fr\/product\/cidreries-fr\/cidrerie-usurbil-arratzain\/","url":"https:\/\/sagardoarenlurraldea.eus\/fr\/product\/cidreries-fr\/cidrerie-usurbil-arratzain\/","name":"Cidrerie Arratzain - Sagardoaren Lurraldea","isPartOf":{"@id":"https:\/\/sagardoarenlurraldea.eus\/fr\/#website"},"primaryImageOfPage":{"@id":"https:\/\/sagardoarenlurraldea.eus\/fr\/product\/cidreries-fr\/cidrerie-usurbil-arratzain\/#primaryimage"},"image":{"@id":"https:\/\/sagardoarenlurraldea.eus\/fr\/product\/cidreries-fr\/cidrerie-usurbil-arratzain\/#primaryimage"},"thumbnailUrl":"https:\/\/sagardoarenlurraldea.eus\/wp-content\/uploads\/2016\/08\/SIDARR-F00.jpg","datePublished":"2017-12-29T16:53:26+00:00","breadcrumb":{"@id":"https:\/\/sagardoarenlurraldea.eus\/fr\/product\/cidreries-fr\/cidrerie-usurbil-arratzain\/#breadcrumb"},"inLanguage":"fr-FR","potentialAction":[{"@type":"ReadAction","target":["https:\/\/sagardoarenlurraldea.eus\/fr\/product\/cidreries-fr\/cidrerie-usurbil-arratzain\/"]}]},{"@type":"ImageObject","inLanguage":"fr-FR","@id":"https:\/\/sagardoarenlurraldea.eus\/fr\/product\/cidreries-fr\/cidrerie-usurbil-arratzain\/#primaryimage","url":"https:\/\/sagardoarenlurraldea.eus\/wp-content\/uploads\/2016\/08\/SIDARR-F00.jpg","contentUrl":"https:\/\/sagardoarenlurraldea.eus\/wp-content\/uploads\/2016\/08\/SIDARR-F00.jpg","width":903,"height":600,"caption":"Entrada principal de la sidrer\u00eda Arratzain"},{"@type":"BreadcrumbList","@id":"https:\/\/sagardoarenlurraldea.eus\/fr\/product\/cidreries-fr\/cidrerie-usurbil-arratzain\/#breadcrumb","itemListElement":[{"@type":"ListItem","position":1,"name":"Inicio","item":"https:\/\/sagardoarenlurraldea.eus\/fr\/"},{"@type":"ListItem","position":2,"name":"R\u00e9servations","item":"https:\/\/sagardoarenlurraldea.eus\/fr\/reservations\/"},{"@type":"ListItem","position":3,"name":"Cidrerie Arratzain"}]},{"@type":"WebSite","@id":"https:\/\/sagardoarenlurraldea.eus\/fr\/#website","url":"https:\/\/sagardoarenlurraldea.eus\/fr\/","name":"Sagardoaren Lurraldea","description":"El territorio de la sidra","potentialAction":[{"@type":"SearchAction","target":{"@type":"EntryPoint","urlTemplate":"https:\/\/sagardoarenlurraldea.eus\/fr\/?s={search_term_string}"},"query-input":{"@type":"PropertyValueSpecification","valueRequired":true,"valueName":"search_term_string"}}],"inLanguage":"fr-FR"}]}},"_links":{"self":[{"href":"https:\/\/sagardoarenlurraldea.eus\/fr\/wp-json\/wp\/v2\/product\/25648","targetHints":{"allow":["GET"]}}],"collection":[{"href":"https:\/\/sagardoarenlurraldea.eus\/fr\/wp-json\/wp\/v2\/product"}],"about":[{"href":"https:\/\/sagardoarenlurraldea.eus\/fr\/wp-json\/wp\/v2\/types\/product"}],"replies":[{"embeddable":true,"href":"https:\/\/sagardoarenlurraldea.eus\/fr\/wp-json\/wp\/v2\/comments?post=25648"}],"wp:featuredmedia":[{"embeddable":true,"href":"https:\/\/sagardoarenlurraldea.eus\/fr\/wp-json\/wp\/v2\/media\/7927"}],"wp:attachment":[{"href":"https:\/\/sagardoarenlurraldea.eus\/fr\/wp-json\/wp\/v2\/media?parent=25648"}],"wp:term":[{"taxonomy":"product_brand","embeddable":true,"href":"https:\/\/sagardoarenlurraldea.eus\/fr\/wp-json\/wp\/v2\/product_brand?post=25648"},{"taxonomy":"product_cat","embeddable":true,"href":"https:\/\/sagardoarenlurraldea.eus\/fr\/wp-json\/wp\/v2\/product_cat?post=25648"},{"taxonomy":"product_tag","embeddable":true,"href":"https:\/\/sagardoarenlurraldea.eus\/fr\/wp-json\/wp\/v2\/product_tag?post=25648"}],"curies":[{"name":"wp","href":"https:\/\/api.w.org\/{rel}","templated":true}]}}