{"id":25635,"date":"2017-12-29T19:23:53","date_gmt":"2017-12-29T17:23:53","guid":{"rendered":"http:\/\/www.sagardoarenlurraldea.eus\/reservar\/sin%20categorizar\/cidrerie-aduna-aburuza\/"},"modified":"2026-03-10T13:57:24","modified_gmt":"2026-03-10T11:57:24","slug":"cidrerie-aduna-aburuza","status":"publish","type":"product","link":"https:\/\/sagardoarenlurraldea.eus\/fr\/product\/aduna-fr\/cidrerie-aduna-aburuza\/","title":{"rendered":"Cidrerie Aburuza"},"content":{"rendered":"<h2>Description<\/h2>\n<p>At Aburuza, they have a human base and extensive knowledge that has accompanied them throughout these years to create a product that pleases the consumer&rsquo;s palate.<\/p>\n<p>Leur produit, \u00e9labor\u00e9 avec soin et souci du d\u00e9tail, est le fruit d&rsquo;une \u00e9coute attentive des membres de cette petite mais formidable famille. Il en r\u00e9sulte un produit renomm\u00e9 et un lieu unique qui vous invite \u00e0 vivre une exp\u00e9rience inoubliable, traditionnelle et authentique.<\/p>\n<h2>D\u00e9jeuner et d\u00eenner<\/h2>\n<p>D\u00e9jeuners et d\u00eeners<\/p>\n<p>L&rsquo;espace restauration se trouve au sein m\u00eame du domaine viticole. Les convives peuvent y d\u00e9guster des menus traditionnels, v\u00e9g\u00e9taliens et v\u00e9g\u00e9tariens, assister au rituel Txotx et savourer des produits issus de fournisseurs soigneusement s\u00e9lectionn\u00e9s.<\/p>\n<p>L&rsquo;exp\u00e9rience peut se prolonger sur les terrasses du bar, dans un cadre naturel qui a \u00e9t\u00e9 le th\u00e9\u00e2tre de nombreux v\u0153ux de mariage.<\/p>\n<p>Ouvert toute l&rsquo;ann\u00e9e.<\/p>\n<ul>\n<li><strong>D\u00e9jeuner :<\/strong> vendredi et samedi<\/li>\n<li><strong>D\u00eener :<\/strong> du mercredi au samedi.<\/li>\n<\/ul>\n<p>Capacit\u00e9 : 200 personnes<\/p>\n<h2>Informations suppl\u00e9mentaires<\/h2>\n<p><strong>Responsables<\/strong> : Ibon et Josu Aburuza<br \/>\n<strong>Adresse<\/strong>: Goiburu auzoa. Aduna.<br \/>\n<strong>T\u00e9l.<\/strong> : +34 943 692 452<br \/>\n<strong>E-mail:<\/strong> <a href=\"mailto:bodega@bodegaaburuza.com\">bodega@bodegaaburuza.com<\/a><br \/>\n<strong>Web :<\/strong> <a href=\"http:\/\/www.bodegaaburuza.com\">http:\/\/www.bodegaaburuza.com<\/a><\/p>\n","protected":false},"excerpt":{"rendered":"<p>Guided tours of the winery are available. They also offer various experiences. One of these is the \u2018Marmanzano\u2019 experience, a collaboration with <a href=\"https:\/\/bodegaaburuza.com\/fr\/gastro-et-plus\/la-perla-talasoterapia\/\">La Perla Thalassotherapy.<\/a><\/p>\n","protected":false},"featured_media":306933,"comment_status":"open","ping_status":"closed","template":"","meta":{"_acf_changed":false,"_et_pb_use_builder":"","_et_pb_old_content":"","_et_gb_content_width":""},"product_brand":[],"product_cat":[2650,2709],"product_tag":[2623,2630,2633,2636,2616,2615,2641,2619,2640,2618,2624],"class_list":{"0":"post-25635","1":"product","2":"type-product","3":"status-publish","4":"has-post-thumbnail","6":"product_cat-aduna-fr","7":"product_cat-cidreries-fr","8":"product_tag-acces-en-bus","9":"product_tag-acces-en-voiture","10":"product_tag-acces-en-minibus","11":"product_tag-manger-a-table","12":"product_tag-groupe-de-plus-de-25","13":"product_tag-groupe-de-moins-de-25","14":"product_tag-menu-traditionnel","15":"product_tag-parking-fr","16":"product_tag-cidre-en-txotx","17":"product_tag-services-diner","18":"product_tag-services-dejeuner","19":"pa_caracteristicas-y-menus-groupe-plus-25","20":"pa_caracteristicas-y-menus-cidre-en-txotx","21":"dtwm_map-aburuza-fr","23":"first","24":"instock","25":"virtual","26":"product-type-simple"},"exclude_global_add_ons":[],"addons":[],"acf":[],"yoast_head":"<!-- This site is optimized with the Yoast SEO plugin v25.4 - https:\/\/yoast.com\/wordpress\/plugins\/seo\/ -->\n<title>Cidrerie Aburuza - Sagardoaren Lurraldea<\/title>\n<meta name=\"robots\" content=\"index, follow, max-snippet:-1, max-image-preview:large, max-video-preview:-1\" \/>\n<link rel=\"canonical\" href=\"https:\/\/sagardoarenlurraldea.eus\/fr\/product\/aduna-fr\/cidrerie-aduna-aburuza\/\" \/>\n<meta property=\"og:locale\" content=\"fr_FR\" \/>\n<meta property=\"og:type\" content=\"article\" \/>\n<meta property=\"og:title\" content=\"Cidrerie Aburuza - Sagardoaren Lurraldea\" \/>\n<meta property=\"og:description\" content=\"Guided tours of the winery are available. They also offer various experiences. One of these is the \u2018Marmanzano\u2019 experience, a collaboration with La Perla Thalassotherapy.\" \/>\n<meta property=\"og:url\" content=\"https:\/\/sagardoarenlurraldea.eus\/fr\/product\/aduna-fr\/cidrerie-aduna-aburuza\/\" \/>\n<meta property=\"og:site_name\" content=\"Sagardoaren Lurraldea\" \/>\n<meta property=\"article:publisher\" content=\"https:\/\/www.facebook.com\/sagardoarenlurraldea\" \/>\n<meta property=\"article:modified_time\" content=\"2026-03-10T11:57:24+00:00\" \/>\n<meta property=\"og:image\" content=\"https:\/\/sagardoarenlurraldea.eus\/wp-content\/uploads\/2017\/12\/Aburuza-sarrera-scaled.jpg\" \/>\n\t<meta property=\"og:image:width\" content=\"2560\" \/>\n\t<meta property=\"og:image:height\" content=\"1820\" \/>\n\t<meta property=\"og:image:type\" content=\"image\/jpeg\" \/>\n<meta name=\"twitter:card\" content=\"summary_large_image\" \/>\n<meta name=\"twitter:label1\" content=\"Dur\u00e9e de lecture estim\u00e9e\" \/>\n\t<meta name=\"twitter:data1\" content=\"1 minute\" \/>\n<script type=\"application\/ld+json\" class=\"yoast-schema-graph\">{\"@context\":\"https:\/\/schema.org\",\"@graph\":[{\"@type\":\"WebPage\",\"@id\":\"https:\/\/sagardoarenlurraldea.eus\/fr\/product\/aduna-fr\/cidrerie-aduna-aburuza\/\",\"url\":\"https:\/\/sagardoarenlurraldea.eus\/fr\/product\/aduna-fr\/cidrerie-aduna-aburuza\/\",\"name\":\"Cidrerie Aburuza - Sagardoaren Lurraldea\",\"isPartOf\":{\"@id\":\"https:\/\/sagardoarenlurraldea.eus\/fr\/#website\"},\"primaryImageOfPage\":{\"@id\":\"https:\/\/sagardoarenlurraldea.eus\/fr\/product\/aduna-fr\/cidrerie-aduna-aburuza\/#primaryimage\"},\"image\":{\"@id\":\"https:\/\/sagardoarenlurraldea.eus\/fr\/product\/aduna-fr\/cidrerie-aduna-aburuza\/#primaryimage\"},\"thumbnailUrl\":\"https:\/\/sagardoarenlurraldea.eus\/wp-content\/uploads\/2017\/12\/Aburuza-sarrera-scaled.jpg\",\"datePublished\":\"2017-12-29T17:23:53+00:00\",\"dateModified\":\"2026-03-10T11:57:24+00:00\",\"breadcrumb\":{\"@id\":\"https:\/\/sagardoarenlurraldea.eus\/fr\/product\/aduna-fr\/cidrerie-aduna-aburuza\/#breadcrumb\"},\"inLanguage\":\"fr-FR\",\"potentialAction\":[{\"@type\":\"ReadAction\",\"target\":[\"https:\/\/sagardoarenlurraldea.eus\/fr\/product\/aduna-fr\/cidrerie-aduna-aburuza\/\"]}]},{\"@type\":\"ImageObject\",\"inLanguage\":\"fr-FR\",\"@id\":\"https:\/\/sagardoarenlurraldea.eus\/fr\/product\/aduna-fr\/cidrerie-aduna-aburuza\/#primaryimage\",\"url\":\"https:\/\/sagardoarenlurraldea.eus\/wp-content\/uploads\/2017\/12\/Aburuza-sarrera-scaled.jpg\",\"contentUrl\":\"https:\/\/sagardoarenlurraldea.eus\/wp-content\/uploads\/2017\/12\/Aburuza-sarrera-scaled.jpg\",\"width\":2560,\"height\":1820},{\"@type\":\"BreadcrumbList\",\"@id\":\"https:\/\/sagardoarenlurraldea.eus\/fr\/product\/aduna-fr\/cidrerie-aduna-aburuza\/#breadcrumb\",\"itemListElement\":[{\"@type\":\"ListItem\",\"position\":1,\"name\":\"Inicio\",\"item\":\"https:\/\/sagardoarenlurraldea.eus\/fr\/\"},{\"@type\":\"ListItem\",\"position\":2,\"name\":\"R\u00e9servations\",\"item\":\"https:\/\/sagardoarenlurraldea.eus\/fr\/reservations\/\"},{\"@type\":\"ListItem\",\"position\":3,\"name\":\"Cidrerie Aburuza\"}]},{\"@type\":\"WebSite\",\"@id\":\"https:\/\/sagardoarenlurraldea.eus\/fr\/#website\",\"url\":\"https:\/\/sagardoarenlurraldea.eus\/fr\/\",\"name\":\"Sagardoaren Lurraldea\",\"description\":\"El territorio de la sidra\",\"potentialAction\":[{\"@type\":\"SearchAction\",\"target\":{\"@type\":\"EntryPoint\",\"urlTemplate\":\"https:\/\/sagardoarenlurraldea.eus\/fr\/?s={search_term_string}\"},\"query-input\":{\"@type\":\"PropertyValueSpecification\",\"valueRequired\":true,\"valueName\":\"search_term_string\"}}],\"inLanguage\":\"fr-FR\"}]}<\/script>\n<!-- \/ Yoast SEO plugin. -->","yoast_head_json":{"title":"Cidrerie Aburuza - Sagardoaren Lurraldea","robots":{"index":"index","follow":"follow","max-snippet":"max-snippet:-1","max-image-preview":"max-image-preview:large","max-video-preview":"max-video-preview:-1"},"canonical":"https:\/\/sagardoarenlurraldea.eus\/fr\/product\/aduna-fr\/cidrerie-aduna-aburuza\/","og_locale":"fr_FR","og_type":"article","og_title":"Cidrerie Aburuza - Sagardoaren Lurraldea","og_description":"Guided tours of the winery are available. They also offer various experiences. One of these is the \u2018Marmanzano\u2019 experience, a collaboration with La Perla Thalassotherapy.","og_url":"https:\/\/sagardoarenlurraldea.eus\/fr\/product\/aduna-fr\/cidrerie-aduna-aburuza\/","og_site_name":"Sagardoaren Lurraldea","article_publisher":"https:\/\/www.facebook.com\/sagardoarenlurraldea","article_modified_time":"2026-03-10T11:57:24+00:00","og_image":[{"width":2560,"height":1820,"url":"https:\/\/sagardoarenlurraldea.eus\/wp-content\/uploads\/2017\/12\/Aburuza-sarrera-scaled.jpg","type":"image\/jpeg"}],"twitter_card":"summary_large_image","twitter_misc":{"Dur\u00e9e de lecture estim\u00e9e":"1 minute"},"schema":{"@context":"https:\/\/schema.org","@graph":[{"@type":"WebPage","@id":"https:\/\/sagardoarenlurraldea.eus\/fr\/product\/aduna-fr\/cidrerie-aduna-aburuza\/","url":"https:\/\/sagardoarenlurraldea.eus\/fr\/product\/aduna-fr\/cidrerie-aduna-aburuza\/","name":"Cidrerie Aburuza - Sagardoaren Lurraldea","isPartOf":{"@id":"https:\/\/sagardoarenlurraldea.eus\/fr\/#website"},"primaryImageOfPage":{"@id":"https:\/\/sagardoarenlurraldea.eus\/fr\/product\/aduna-fr\/cidrerie-aduna-aburuza\/#primaryimage"},"image":{"@id":"https:\/\/sagardoarenlurraldea.eus\/fr\/product\/aduna-fr\/cidrerie-aduna-aburuza\/#primaryimage"},"thumbnailUrl":"https:\/\/sagardoarenlurraldea.eus\/wp-content\/uploads\/2017\/12\/Aburuza-sarrera-scaled.jpg","datePublished":"2017-12-29T17:23:53+00:00","dateModified":"2026-03-10T11:57:24+00:00","breadcrumb":{"@id":"https:\/\/sagardoarenlurraldea.eus\/fr\/product\/aduna-fr\/cidrerie-aduna-aburuza\/#breadcrumb"},"inLanguage":"fr-FR","potentialAction":[{"@type":"ReadAction","target":["https:\/\/sagardoarenlurraldea.eus\/fr\/product\/aduna-fr\/cidrerie-aduna-aburuza\/"]}]},{"@type":"ImageObject","inLanguage":"fr-FR","@id":"https:\/\/sagardoarenlurraldea.eus\/fr\/product\/aduna-fr\/cidrerie-aduna-aburuza\/#primaryimage","url":"https:\/\/sagardoarenlurraldea.eus\/wp-content\/uploads\/2017\/12\/Aburuza-sarrera-scaled.jpg","contentUrl":"https:\/\/sagardoarenlurraldea.eus\/wp-content\/uploads\/2017\/12\/Aburuza-sarrera-scaled.jpg","width":2560,"height":1820},{"@type":"BreadcrumbList","@id":"https:\/\/sagardoarenlurraldea.eus\/fr\/product\/aduna-fr\/cidrerie-aduna-aburuza\/#breadcrumb","itemListElement":[{"@type":"ListItem","position":1,"name":"Inicio","item":"https:\/\/sagardoarenlurraldea.eus\/fr\/"},{"@type":"ListItem","position":2,"name":"R\u00e9servations","item":"https:\/\/sagardoarenlurraldea.eus\/fr\/reservations\/"},{"@type":"ListItem","position":3,"name":"Cidrerie Aburuza"}]},{"@type":"WebSite","@id":"https:\/\/sagardoarenlurraldea.eus\/fr\/#website","url":"https:\/\/sagardoarenlurraldea.eus\/fr\/","name":"Sagardoaren Lurraldea","description":"El territorio de la sidra","potentialAction":[{"@type":"SearchAction","target":{"@type":"EntryPoint","urlTemplate":"https:\/\/sagardoarenlurraldea.eus\/fr\/?s={search_term_string}"},"query-input":{"@type":"PropertyValueSpecification","valueRequired":true,"valueName":"search_term_string"}}],"inLanguage":"fr-FR"}]}},"_links":{"self":[{"href":"https:\/\/sagardoarenlurraldea.eus\/fr\/wp-json\/wp\/v2\/product\/25635","targetHints":{"allow":["GET"]}}],"collection":[{"href":"https:\/\/sagardoarenlurraldea.eus\/fr\/wp-json\/wp\/v2\/product"}],"about":[{"href":"https:\/\/sagardoarenlurraldea.eus\/fr\/wp-json\/wp\/v2\/types\/product"}],"replies":[{"embeddable":true,"href":"https:\/\/sagardoarenlurraldea.eus\/fr\/wp-json\/wp\/v2\/comments?post=25635"}],"wp:featuredmedia":[{"embeddable":true,"href":"https:\/\/sagardoarenlurraldea.eus\/fr\/wp-json\/wp\/v2\/media\/306933"}],"wp:attachment":[{"href":"https:\/\/sagardoarenlurraldea.eus\/fr\/wp-json\/wp\/v2\/media?parent=25635"}],"wp:term":[{"taxonomy":"product_brand","embeddable":true,"href":"https:\/\/sagardoarenlurraldea.eus\/fr\/wp-json\/wp\/v2\/product_brand?post=25635"},{"taxonomy":"product_cat","embeddable":true,"href":"https:\/\/sagardoarenlurraldea.eus\/fr\/wp-json\/wp\/v2\/product_cat?post=25635"},{"taxonomy":"product_tag","embeddable":true,"href":"https:\/\/sagardoarenlurraldea.eus\/fr\/wp-json\/wp\/v2\/product_tag?post=25635"}],"curies":[{"name":"wp","href":"https:\/\/api.w.org\/{rel}","templated":true}]}}