{"id":25632,"date":"2017-12-29T19:26:16","date_gmt":"2017-12-29T17:26:16","guid":{"rendered":"http:\/\/www.sagardoarenlurraldea.eus\/reservar\/sin%20categorizar\/cidrerie-usurbil-saizar\/"},"modified":"2018-01-10T10:53:30","modified_gmt":"2018-01-10T08:53:30","slug":"cidrerie-usurbil-saizar","status":"publish","type":"product","link":"https:\/\/sagardoarenlurraldea.eus\/fr\/product\/cidreries-fr\/cidrerie-usurbil-saizar\/","title":{"rendered":"Cidrerie Saizar"},"content":{"rendered":"<h2>Description<\/h2>\n<p>Un endroit chaleureux pour d\u00e9guster une bonne c\u00f4te de b\u0153uf, arros\u00e9e d\u2019un cidre naturel de caract\u00e8re, gr\u00e2ce \u00e0 une s\u00e9lection rigoureuse des meilleures pommes. Comme le veut la tradition.<\/p>\n<h2>D\u00e9jeuner et d\u00eener<\/h2>\n<p><strong>En saison<\/strong> (janvier-avril) : D\u00e9jeuner et d\u00eener tous les jours, sauf dimanche soir et lundi pendant toute la journ\u00e9e (ferm\u00e9e).<\/p>\n<p><strong>Hors saison<\/strong> (\u00e0 partir de mai) : D\u00e9jeuner et d\u00eener tous les jours, sauf dimanche soir et lundi pendant toute la journ\u00e9e (ferm\u00e9e).<\/p>\n<p>Capacit\u00e9 : 250 personnes<\/p>\n<h2>Informations suppl\u00e9mentaires<\/h2>\n<p>Responsable : Napole\u00f3n Lertxundi<\/p>\n<p>Adresse : Kalezahar auzoa, 39. Usurbil.<br \/>\nT\u00e9l. : +34 943364597<br \/>\nFax. : +34 943366412<br \/>\nE-mail : <a href=\"mailto:sidreria@sidrassaizar.com\">sidreria@sidrassaizar.com <\/a><br \/>\nWeb : <a href=\"http:\/\/www.sidrassaizar.com\">http:\/\/www.sidrassaizar.com<\/a><\/p>\n","protected":false},"excerpt":{"rendered":"<p>Cidrerie ouverte toute l\u2019ann\u00e9e. Elle se pr\u00e9sente actuellement comme l\u2019une des cidreries les plus productives et dot\u00e9es des plus gros investissements technologiques.<\/p>\n","protected":false},"featured_media":8326,"comment_status":"open","ping_status":"closed","template":"","meta":{"_acf_changed":false,"_et_pb_use_builder":"","_et_pb_old_content":"","_et_gb_content_width":""},"product_brand":[],"product_cat":[2709,2712],"product_tag":[2634,2623,2630,2633,2627,2639,2637,2636,2616,2615,2629,2641,2632,2619,2646,2640,2618,2624],"class_list":{"0":"post-25632","1":"product","2":"type-product","3":"status-publish","4":"has-post-thumbnail","6":"product_cat-cidreries-fr","7":"product_cat-usurbil-fr","8":"product_tag-acces-a-pied","9":"product_tag-acces-en-bus","10":"product_tag-acces-en-voiture","11":"product_tag-acces-en-minibus","12":"product_tag-acces-handicapes","13":"product_tag-cidre-en-bouteille","14":"product_tag-manger-debout","15":"product_tag-manger-a-table","16":"product_tag-groupe-de-plus-de-25","17":"product_tag-groupe-de-moins-de-25","18":"product_tag-menu-enfant","19":"product_tag-menu-traditionnel","20":"product_tag-menu-vegetarien","21":"product_tag-parking-fr","22":"product_tag-repas-et-diners-a-lannee","23":"product_tag-cidre-en-txotx","24":"product_tag-services-diner","25":"product_tag-services-dejeuner","26":"pa_acceso-a-pied","27":"pa_caracteristicas-y-menus-manger-debout-cidrerie","28":"pa_caracteristicas-y-menus-groupe-plus-25","29":"pa_caracteristicas-y-menus-menu-enfant","30":"pa_caracteristicas-y-menus-menu-vegetarien","31":"pa_caracteristicas-y-menus-repas-diners-toujours-ouvert","32":"pa_caracteristicas-y-menus-cidre-en-txotx","33":"dtwm_map-saizar-fr","35":"first","36":"instock","37":"virtual","38":"product-type-simple"},"exclude_global_add_ons":[],"addons":[],"acf":[],"yoast_head":"<!-- This site is optimized with the Yoast SEO plugin v25.4 - https:\/\/yoast.com\/wordpress\/plugins\/seo\/ -->\n<title>Cidrerie Saizar - Sagardoaren Lurraldea<\/title>\n<meta name=\"robots\" content=\"index, follow, max-snippet:-1, max-image-preview:large, max-video-preview:-1\" \/>\n<link rel=\"canonical\" href=\"https:\/\/sagardoarenlurraldea.eus\/fr\/product\/cidreries-fr\/cidrerie-usurbil-saizar\/\" \/>\n<meta property=\"og:locale\" content=\"fr_FR\" \/>\n<meta property=\"og:type\" content=\"article\" \/>\n<meta property=\"og:title\" content=\"Cidrerie Saizar - Sagardoaren Lurraldea\" \/>\n<meta property=\"og:description\" content=\"Cidrerie ouverte toute l\u2019ann\u00e9e. Elle se pr\u00e9sente actuellement comme l\u2019une des cidreries les plus productives et dot\u00e9es des plus gros investissements technologiques.\" \/>\n<meta property=\"og:url\" content=\"https:\/\/sagardoarenlurraldea.eus\/fr\/product\/cidreries-fr\/cidrerie-usurbil-saizar\/\" \/>\n<meta property=\"og:site_name\" content=\"Sagardoaren Lurraldea\" \/>\n<meta property=\"article:publisher\" content=\"https:\/\/www.facebook.com\/sagardoarenlurraldea\" \/>\n<meta property=\"article:modified_time\" content=\"2018-01-10T08:53:30+00:00\" \/>\n<meta property=\"og:image\" content=\"https:\/\/sagardoarenlurraldea.eus\/wp-content\/uploads\/2016\/06\/SIDSAI-F00.jpg\" \/>\n\t<meta property=\"og:image:width\" content=\"900\" \/>\n\t<meta property=\"og:image:height\" content=\"600\" \/>\n\t<meta property=\"og:image:type\" content=\"image\/jpeg\" \/>\n<meta name=\"twitter:card\" content=\"summary_large_image\" \/>\n<meta name=\"twitter:label1\" content=\"Dur\u00e9e de lecture estim\u00e9e\" \/>\n\t<meta name=\"twitter:data1\" content=\"1 minute\" \/>\n<script type=\"application\/ld+json\" class=\"yoast-schema-graph\">{\"@context\":\"https:\/\/schema.org\",\"@graph\":[{\"@type\":\"WebPage\",\"@id\":\"https:\/\/sagardoarenlurraldea.eus\/fr\/product\/cidreries-fr\/cidrerie-usurbil-saizar\/\",\"url\":\"https:\/\/sagardoarenlurraldea.eus\/fr\/product\/cidreries-fr\/cidrerie-usurbil-saizar\/\",\"name\":\"Cidrerie Saizar - Sagardoaren Lurraldea\",\"isPartOf\":{\"@id\":\"https:\/\/sagardoarenlurraldea.eus\/fr\/#website\"},\"primaryImageOfPage\":{\"@id\":\"https:\/\/sagardoarenlurraldea.eus\/fr\/product\/cidreries-fr\/cidrerie-usurbil-saizar\/#primaryimage\"},\"image\":{\"@id\":\"https:\/\/sagardoarenlurraldea.eus\/fr\/product\/cidreries-fr\/cidrerie-usurbil-saizar\/#primaryimage\"},\"thumbnailUrl\":\"https:\/\/sagardoarenlurraldea.eus\/wp-content\/uploads\/2016\/06\/SIDSAI-F00.jpg\",\"datePublished\":\"2017-12-29T17:26:16+00:00\",\"dateModified\":\"2018-01-10T08:53:30+00:00\",\"breadcrumb\":{\"@id\":\"https:\/\/sagardoarenlurraldea.eus\/fr\/product\/cidreries-fr\/cidrerie-usurbil-saizar\/#breadcrumb\"},\"inLanguage\":\"fr-FR\",\"potentialAction\":[{\"@type\":\"ReadAction\",\"target\":[\"https:\/\/sagardoarenlurraldea.eus\/fr\/product\/cidreries-fr\/cidrerie-usurbil-saizar\/\"]}]},{\"@type\":\"ImageObject\",\"inLanguage\":\"fr-FR\",\"@id\":\"https:\/\/sagardoarenlurraldea.eus\/fr\/product\/cidreries-fr\/cidrerie-usurbil-saizar\/#primaryimage\",\"url\":\"https:\/\/sagardoarenlurraldea.eus\/wp-content\/uploads\/2016\/06\/SIDSAI-F00.jpg\",\"contentUrl\":\"https:\/\/sagardoarenlurraldea.eus\/wp-content\/uploads\/2016\/06\/SIDSAI-F00.jpg\",\"width\":900,\"height\":600,\"caption\":\"Zona de toneles de madera de la sidrer\u00eda Saizar\"},{\"@type\":\"BreadcrumbList\",\"@id\":\"https:\/\/sagardoarenlurraldea.eus\/fr\/product\/cidreries-fr\/cidrerie-usurbil-saizar\/#breadcrumb\",\"itemListElement\":[{\"@type\":\"ListItem\",\"position\":1,\"name\":\"Inicio\",\"item\":\"https:\/\/sagardoarenlurraldea.eus\/fr\/\"},{\"@type\":\"ListItem\",\"position\":2,\"name\":\"R\u00e9servations\",\"item\":\"https:\/\/sagardoarenlurraldea.eus\/fr\/reservations\/\"},{\"@type\":\"ListItem\",\"position\":3,\"name\":\"Cidrerie Saizar\"}]},{\"@type\":\"WebSite\",\"@id\":\"https:\/\/sagardoarenlurraldea.eus\/fr\/#website\",\"url\":\"https:\/\/sagardoarenlurraldea.eus\/fr\/\",\"name\":\"Sagardoaren Lurraldea\",\"description\":\"El territorio de la sidra\",\"potentialAction\":[{\"@type\":\"SearchAction\",\"target\":{\"@type\":\"EntryPoint\",\"urlTemplate\":\"https:\/\/sagardoarenlurraldea.eus\/fr\/?s={search_term_string}\"},\"query-input\":{\"@type\":\"PropertyValueSpecification\",\"valueRequired\":true,\"valueName\":\"search_term_string\"}}],\"inLanguage\":\"fr-FR\"}]}<\/script>\n<!-- \/ Yoast SEO plugin. -->","yoast_head_json":{"title":"Cidrerie Saizar - Sagardoaren Lurraldea","robots":{"index":"index","follow":"follow","max-snippet":"max-snippet:-1","max-image-preview":"max-image-preview:large","max-video-preview":"max-video-preview:-1"},"canonical":"https:\/\/sagardoarenlurraldea.eus\/fr\/product\/cidreries-fr\/cidrerie-usurbil-saizar\/","og_locale":"fr_FR","og_type":"article","og_title":"Cidrerie Saizar - Sagardoaren Lurraldea","og_description":"Cidrerie ouverte toute l\u2019ann\u00e9e. Elle se pr\u00e9sente actuellement comme l\u2019une des cidreries les plus productives et dot\u00e9es des plus gros investissements technologiques.","og_url":"https:\/\/sagardoarenlurraldea.eus\/fr\/product\/cidreries-fr\/cidrerie-usurbil-saizar\/","og_site_name":"Sagardoaren Lurraldea","article_publisher":"https:\/\/www.facebook.com\/sagardoarenlurraldea","article_modified_time":"2018-01-10T08:53:30+00:00","og_image":[{"width":900,"height":600,"url":"https:\/\/sagardoarenlurraldea.eus\/wp-content\/uploads\/2016\/06\/SIDSAI-F00.jpg","type":"image\/jpeg"}],"twitter_card":"summary_large_image","twitter_misc":{"Dur\u00e9e de lecture estim\u00e9e":"1 minute"},"schema":{"@context":"https:\/\/schema.org","@graph":[{"@type":"WebPage","@id":"https:\/\/sagardoarenlurraldea.eus\/fr\/product\/cidreries-fr\/cidrerie-usurbil-saizar\/","url":"https:\/\/sagardoarenlurraldea.eus\/fr\/product\/cidreries-fr\/cidrerie-usurbil-saizar\/","name":"Cidrerie Saizar - Sagardoaren Lurraldea","isPartOf":{"@id":"https:\/\/sagardoarenlurraldea.eus\/fr\/#website"},"primaryImageOfPage":{"@id":"https:\/\/sagardoarenlurraldea.eus\/fr\/product\/cidreries-fr\/cidrerie-usurbil-saizar\/#primaryimage"},"image":{"@id":"https:\/\/sagardoarenlurraldea.eus\/fr\/product\/cidreries-fr\/cidrerie-usurbil-saizar\/#primaryimage"},"thumbnailUrl":"https:\/\/sagardoarenlurraldea.eus\/wp-content\/uploads\/2016\/06\/SIDSAI-F00.jpg","datePublished":"2017-12-29T17:26:16+00:00","dateModified":"2018-01-10T08:53:30+00:00","breadcrumb":{"@id":"https:\/\/sagardoarenlurraldea.eus\/fr\/product\/cidreries-fr\/cidrerie-usurbil-saizar\/#breadcrumb"},"inLanguage":"fr-FR","potentialAction":[{"@type":"ReadAction","target":["https:\/\/sagardoarenlurraldea.eus\/fr\/product\/cidreries-fr\/cidrerie-usurbil-saizar\/"]}]},{"@type":"ImageObject","inLanguage":"fr-FR","@id":"https:\/\/sagardoarenlurraldea.eus\/fr\/product\/cidreries-fr\/cidrerie-usurbil-saizar\/#primaryimage","url":"https:\/\/sagardoarenlurraldea.eus\/wp-content\/uploads\/2016\/06\/SIDSAI-F00.jpg","contentUrl":"https:\/\/sagardoarenlurraldea.eus\/wp-content\/uploads\/2016\/06\/SIDSAI-F00.jpg","width":900,"height":600,"caption":"Zona de toneles de madera de la sidrer\u00eda Saizar"},{"@type":"BreadcrumbList","@id":"https:\/\/sagardoarenlurraldea.eus\/fr\/product\/cidreries-fr\/cidrerie-usurbil-saizar\/#breadcrumb","itemListElement":[{"@type":"ListItem","position":1,"name":"Inicio","item":"https:\/\/sagardoarenlurraldea.eus\/fr\/"},{"@type":"ListItem","position":2,"name":"R\u00e9servations","item":"https:\/\/sagardoarenlurraldea.eus\/fr\/reservations\/"},{"@type":"ListItem","position":3,"name":"Cidrerie Saizar"}]},{"@type":"WebSite","@id":"https:\/\/sagardoarenlurraldea.eus\/fr\/#website","url":"https:\/\/sagardoarenlurraldea.eus\/fr\/","name":"Sagardoaren Lurraldea","description":"El territorio de la sidra","potentialAction":[{"@type":"SearchAction","target":{"@type":"EntryPoint","urlTemplate":"https:\/\/sagardoarenlurraldea.eus\/fr\/?s={search_term_string}"},"query-input":{"@type":"PropertyValueSpecification","valueRequired":true,"valueName":"search_term_string"}}],"inLanguage":"fr-FR"}]}},"_links":{"self":[{"href":"https:\/\/sagardoarenlurraldea.eus\/fr\/wp-json\/wp\/v2\/product\/25632","targetHints":{"allow":["GET"]}}],"collection":[{"href":"https:\/\/sagardoarenlurraldea.eus\/fr\/wp-json\/wp\/v2\/product"}],"about":[{"href":"https:\/\/sagardoarenlurraldea.eus\/fr\/wp-json\/wp\/v2\/types\/product"}],"replies":[{"embeddable":true,"href":"https:\/\/sagardoarenlurraldea.eus\/fr\/wp-json\/wp\/v2\/comments?post=25632"}],"wp:featuredmedia":[{"embeddable":true,"href":"https:\/\/sagardoarenlurraldea.eus\/fr\/wp-json\/wp\/v2\/media\/8326"}],"wp:attachment":[{"href":"https:\/\/sagardoarenlurraldea.eus\/fr\/wp-json\/wp\/v2\/media?parent=25632"}],"wp:term":[{"taxonomy":"product_brand","embeddable":true,"href":"https:\/\/sagardoarenlurraldea.eus\/fr\/wp-json\/wp\/v2\/product_brand?post=25632"},{"taxonomy":"product_cat","embeddable":true,"href":"https:\/\/sagardoarenlurraldea.eus\/fr\/wp-json\/wp\/v2\/product_cat?post=25632"},{"taxonomy":"product_tag","embeddable":true,"href":"https:\/\/sagardoarenlurraldea.eus\/fr\/wp-json\/wp\/v2\/product_tag?post=25632"}],"curies":[{"name":"wp","href":"https:\/\/api.w.org\/{rel}","templated":true}]}}