{"id":25629,"date":"2017-12-29T19:29:01","date_gmt":"2017-12-29T17:29:01","guid":{"rendered":"http:\/\/www.sagardoarenlurraldea.eus\/reservar\/sin%20categorizar\/cidrerie-astigarraga-petritegi\/"},"modified":"2024-11-28T18:34:13","modified_gmt":"2024-11-28T16:34:13","slug":"cidrerie-astigarraga-petritegi","status":"publish","type":"product","link":"https:\/\/sagardoarenlurraldea.eus\/fr\/product\/astigarraga-fr\/cidrerie-astigarraga-petritegi\/","title":{"rendered":"Cidrerie Petritegi"},"content":{"rendered":"<h2>Description<\/h2>\n<p>L&rsquo;origine de la cidrerie de Petritegi remonte \u00e0 1526, date de la construction de la ferme cidricole du m\u00eame nom. Depuis 1890, six g\u00e9n\u00e9rations de la famille Ota\u00f1o-Goikoetxea ont perp\u00e9tu\u00e9 la tradition cidricole h\u00e9rit\u00e9e de Petritegi. Aujourd&rsquo;hui, cette cave est une r\u00e9f\u00e9rence dans le secteur gr\u00e2ce \u00e0 son engagement en faveur de la diversification, de la qualit\u00e9 et de la durabilit\u00e9.<\/p>\n<h2>D\u00e9jeuner et d\u00eener<\/h2>\n<p><strong>En saison<\/strong> (janvier-avril) : D\u00e9jeuner et d\u00eener du mardi au dimanche. Ferm\u00e9 le dimanche soir.<\/p>\n<p><strong>Hors saison<\/strong> (\u00e0 partir de mai) : D\u00e9jeuner et d\u00eener du mardi au dimanche. Ferm\u00e9 le dimanche soir.<\/p>\n<p>Capacit\u00e9 : 400 personnes<\/p>\n<h2>Informations suppl\u00e9mentaires<\/h2>\n<p>Responsable : Ainara Ota\u00f1o<\/p>\n<p>Adresse : Petritegi bidea s\/n. Astigarraga.<br \/>\nT\u00e9l. : +34 943457188<br \/>\nFax. : +34 943452469<br \/>\nE-mail : <a href=\"mailto:sidreria@petritegi.com\">sidreria@petritegi.com<\/a><br \/>\nWeb : <a href=\"http:\/\/www.petritegi.com\">http:\/\/www.petritegi.com<\/a><\/p>\n","protected":false},"excerpt":{"rendered":"<p>Cidrerie ouverte toute l\u2019ann\u00e9e. Apr\u00e8s les d\u00e9buts dans la ferme Petritegi, la cidrerie offre actuellement des installations neuves et accueillantes \u00e0 ses clients. Restaurant, cidre au <em>txotx<\/em> et vente de cidre sous les marques Petritegi et Petri, avec label de qualit\u00e9.<\/p>\n","protected":false},"featured_media":8301,"comment_status":"open","ping_status":"closed","template":"","meta":{"_acf_changed":false,"_et_pb_use_builder":"","_et_pb_old_content":"","_et_gb_content_width":""},"product_brand":[],"product_cat":[2658,2709],"product_tag":[2634,2631,2623,2630,2633,2627,2639,2636,2616,2615,2629,2641,2632,2619,2646,2640,2618,2624],"class_list":{"0":"post-25629","1":"product","2":"type-product","3":"status-publish","4":"has-post-thumbnail","6":"product_cat-astigarraga-fr","7":"product_cat-cidreries-fr","8":"product_tag-acces-a-pied","9":"product_tag-acces-en-bus-de-ligne","10":"product_tag-acces-en-bus","11":"product_tag-acces-en-voiture","12":"product_tag-acces-en-minibus","13":"product_tag-acces-handicapes","14":"product_tag-cidre-en-bouteille","15":"product_tag-manger-a-table","16":"product_tag-groupe-de-plus-de-25","17":"product_tag-groupe-de-moins-de-25","18":"product_tag-menu-enfant","19":"product_tag-menu-traditionnel","20":"product_tag-menu-vegetarien","21":"product_tag-parking-fr","22":"product_tag-repas-et-diners-a-lannee","23":"product_tag-cidre-en-txotx","24":"product_tag-services-diner","25":"product_tag-services-dejeuner","26":"pa_acceso-a-pied","27":"pa_acceso-bus-de-ligne","28":"pa_caracteristicas-y-menus-groupe-plus-25","29":"pa_caracteristicas-y-menus-menu-enfant","30":"pa_caracteristicas-y-menus-menu-vegetarien","31":"pa_caracteristicas-y-menus-repas-diners-toujours-ouvert","32":"pa_caracteristicas-y-menus-cidre-en-txotx","33":"dtwm_map-petritegi-fr","35":"first","36":"instock","37":"virtual","38":"product-type-simple"},"exclude_global_add_ons":[],"addons":[],"acf":[],"yoast_head":"<!-- This site is optimized with the Yoast SEO plugin v25.4 - https:\/\/yoast.com\/wordpress\/plugins\/seo\/ -->\n<title>Cidrerie Petritegi - Sagardoaren Lurraldea<\/title>\n<meta name=\"robots\" content=\"index, follow, max-snippet:-1, max-image-preview:large, max-video-preview:-1\" \/>\n<link rel=\"canonical\" href=\"https:\/\/sagardoarenlurraldea.eus\/fr\/product\/astigarraga-fr\/cidrerie-astigarraga-petritegi\/\" \/>\n<meta property=\"og:locale\" content=\"fr_FR\" \/>\n<meta property=\"og:type\" content=\"article\" \/>\n<meta property=\"og:title\" content=\"Cidrerie Petritegi - Sagardoaren Lurraldea\" \/>\n<meta property=\"og:description\" content=\"Cidrerie ouverte toute l\u2019ann\u00e9e. Apr\u00e8s les d\u00e9buts dans la ferme Petritegi, la cidrerie offre actuellement des installations neuves et accueillantes \u00e0 ses clients. Restaurant, cidre au txotx et vente de cidre sous les marques Petritegi et Petri, avec label de qualit\u00e9.\" \/>\n<meta property=\"og:url\" content=\"https:\/\/sagardoarenlurraldea.eus\/fr\/product\/astigarraga-fr\/cidrerie-astigarraga-petritegi\/\" \/>\n<meta property=\"og:site_name\" content=\"Sagardoaren Lurraldea\" \/>\n<meta property=\"article:publisher\" content=\"https:\/\/www.facebook.com\/sagardoarenlurraldea\" \/>\n<meta property=\"article:modified_time\" content=\"2024-11-28T16:34:13+00:00\" \/>\n<meta property=\"og:image\" content=\"https:\/\/sagardoarenlurraldea.eus\/wp-content\/uploads\/2016\/06\/SIDPET-F00.jpg\" \/>\n\t<meta property=\"og:image:width\" content=\"900\" \/>\n\t<meta property=\"og:image:height\" content=\"600\" \/>\n\t<meta property=\"og:image:type\" content=\"image\/jpeg\" \/>\n<meta name=\"twitter:card\" content=\"summary_large_image\" \/>\n<meta name=\"twitter:label1\" content=\"Dur\u00e9e de lecture estim\u00e9e\" \/>\n\t<meta name=\"twitter:data1\" content=\"1 minute\" \/>\n<script type=\"application\/ld+json\" class=\"yoast-schema-graph\">{\"@context\":\"https:\/\/schema.org\",\"@graph\":[{\"@type\":\"WebPage\",\"@id\":\"https:\/\/sagardoarenlurraldea.eus\/fr\/product\/astigarraga-fr\/cidrerie-astigarraga-petritegi\/\",\"url\":\"https:\/\/sagardoarenlurraldea.eus\/fr\/product\/astigarraga-fr\/cidrerie-astigarraga-petritegi\/\",\"name\":\"Cidrerie Petritegi - Sagardoaren Lurraldea\",\"isPartOf\":{\"@id\":\"https:\/\/sagardoarenlurraldea.eus\/fr\/#website\"},\"primaryImageOfPage\":{\"@id\":\"https:\/\/sagardoarenlurraldea.eus\/fr\/product\/astigarraga-fr\/cidrerie-astigarraga-petritegi\/#primaryimage\"},\"image\":{\"@id\":\"https:\/\/sagardoarenlurraldea.eus\/fr\/product\/astigarraga-fr\/cidrerie-astigarraga-petritegi\/#primaryimage\"},\"thumbnailUrl\":\"https:\/\/sagardoarenlurraldea.eus\/wp-content\/uploads\/2016\/06\/SIDPET-F00.jpg\",\"datePublished\":\"2017-12-29T17:29:01+00:00\",\"dateModified\":\"2024-11-28T16:34:13+00:00\",\"breadcrumb\":{\"@id\":\"https:\/\/sagardoarenlurraldea.eus\/fr\/product\/astigarraga-fr\/cidrerie-astigarraga-petritegi\/#breadcrumb\"},\"inLanguage\":\"fr-FR\",\"potentialAction\":[{\"@type\":\"ReadAction\",\"target\":[\"https:\/\/sagardoarenlurraldea.eus\/fr\/product\/astigarraga-fr\/cidrerie-astigarraga-petritegi\/\"]}]},{\"@type\":\"ImageObject\",\"inLanguage\":\"fr-FR\",\"@id\":\"https:\/\/sagardoarenlurraldea.eus\/fr\/product\/astigarraga-fr\/cidrerie-astigarraga-petritegi\/#primaryimage\",\"url\":\"https:\/\/sagardoarenlurraldea.eus\/wp-content\/uploads\/2016\/06\/SIDPET-F00.jpg\",\"contentUrl\":\"https:\/\/sagardoarenlurraldea.eus\/wp-content\/uploads\/2016\/06\/SIDPET-F00.jpg\",\"width\":900,\"height\":600,\"caption\":\"Zona de toneles de madera de la sidrer\u00eda Petritegi\"},{\"@type\":\"BreadcrumbList\",\"@id\":\"https:\/\/sagardoarenlurraldea.eus\/fr\/product\/astigarraga-fr\/cidrerie-astigarraga-petritegi\/#breadcrumb\",\"itemListElement\":[{\"@type\":\"ListItem\",\"position\":1,\"name\":\"Inicio\",\"item\":\"https:\/\/sagardoarenlurraldea.eus\/fr\/\"},{\"@type\":\"ListItem\",\"position\":2,\"name\":\"R\u00e9servations\",\"item\":\"https:\/\/sagardoarenlurraldea.eus\/fr\/reservations\/\"},{\"@type\":\"ListItem\",\"position\":3,\"name\":\"Cidrerie Petritegi\"}]},{\"@type\":\"WebSite\",\"@id\":\"https:\/\/sagardoarenlurraldea.eus\/fr\/#website\",\"url\":\"https:\/\/sagardoarenlurraldea.eus\/fr\/\",\"name\":\"Sagardoaren Lurraldea\",\"description\":\"El territorio de la sidra\",\"potentialAction\":[{\"@type\":\"SearchAction\",\"target\":{\"@type\":\"EntryPoint\",\"urlTemplate\":\"https:\/\/sagardoarenlurraldea.eus\/fr\/?s={search_term_string}\"},\"query-input\":{\"@type\":\"PropertyValueSpecification\",\"valueRequired\":true,\"valueName\":\"search_term_string\"}}],\"inLanguage\":\"fr-FR\"}]}<\/script>\n<!-- \/ Yoast SEO plugin. -->","yoast_head_json":{"title":"Cidrerie Petritegi - Sagardoaren Lurraldea","robots":{"index":"index","follow":"follow","max-snippet":"max-snippet:-1","max-image-preview":"max-image-preview:large","max-video-preview":"max-video-preview:-1"},"canonical":"https:\/\/sagardoarenlurraldea.eus\/fr\/product\/astigarraga-fr\/cidrerie-astigarraga-petritegi\/","og_locale":"fr_FR","og_type":"article","og_title":"Cidrerie Petritegi - Sagardoaren Lurraldea","og_description":"Cidrerie ouverte toute l\u2019ann\u00e9e. Apr\u00e8s les d\u00e9buts dans la ferme Petritegi, la cidrerie offre actuellement des installations neuves et accueillantes \u00e0 ses clients. Restaurant, cidre au txotx et vente de cidre sous les marques Petritegi et Petri, avec label de qualit\u00e9.","og_url":"https:\/\/sagardoarenlurraldea.eus\/fr\/product\/astigarraga-fr\/cidrerie-astigarraga-petritegi\/","og_site_name":"Sagardoaren Lurraldea","article_publisher":"https:\/\/www.facebook.com\/sagardoarenlurraldea","article_modified_time":"2024-11-28T16:34:13+00:00","og_image":[{"width":900,"height":600,"url":"https:\/\/sagardoarenlurraldea.eus\/wp-content\/uploads\/2016\/06\/SIDPET-F00.jpg","type":"image\/jpeg"}],"twitter_card":"summary_large_image","twitter_misc":{"Dur\u00e9e de lecture estim\u00e9e":"1 minute"},"schema":{"@context":"https:\/\/schema.org","@graph":[{"@type":"WebPage","@id":"https:\/\/sagardoarenlurraldea.eus\/fr\/product\/astigarraga-fr\/cidrerie-astigarraga-petritegi\/","url":"https:\/\/sagardoarenlurraldea.eus\/fr\/product\/astigarraga-fr\/cidrerie-astigarraga-petritegi\/","name":"Cidrerie Petritegi - Sagardoaren Lurraldea","isPartOf":{"@id":"https:\/\/sagardoarenlurraldea.eus\/fr\/#website"},"primaryImageOfPage":{"@id":"https:\/\/sagardoarenlurraldea.eus\/fr\/product\/astigarraga-fr\/cidrerie-astigarraga-petritegi\/#primaryimage"},"image":{"@id":"https:\/\/sagardoarenlurraldea.eus\/fr\/product\/astigarraga-fr\/cidrerie-astigarraga-petritegi\/#primaryimage"},"thumbnailUrl":"https:\/\/sagardoarenlurraldea.eus\/wp-content\/uploads\/2016\/06\/SIDPET-F00.jpg","datePublished":"2017-12-29T17:29:01+00:00","dateModified":"2024-11-28T16:34:13+00:00","breadcrumb":{"@id":"https:\/\/sagardoarenlurraldea.eus\/fr\/product\/astigarraga-fr\/cidrerie-astigarraga-petritegi\/#breadcrumb"},"inLanguage":"fr-FR","potentialAction":[{"@type":"ReadAction","target":["https:\/\/sagardoarenlurraldea.eus\/fr\/product\/astigarraga-fr\/cidrerie-astigarraga-petritegi\/"]}]},{"@type":"ImageObject","inLanguage":"fr-FR","@id":"https:\/\/sagardoarenlurraldea.eus\/fr\/product\/astigarraga-fr\/cidrerie-astigarraga-petritegi\/#primaryimage","url":"https:\/\/sagardoarenlurraldea.eus\/wp-content\/uploads\/2016\/06\/SIDPET-F00.jpg","contentUrl":"https:\/\/sagardoarenlurraldea.eus\/wp-content\/uploads\/2016\/06\/SIDPET-F00.jpg","width":900,"height":600,"caption":"Zona de toneles de madera de la sidrer\u00eda Petritegi"},{"@type":"BreadcrumbList","@id":"https:\/\/sagardoarenlurraldea.eus\/fr\/product\/astigarraga-fr\/cidrerie-astigarraga-petritegi\/#breadcrumb","itemListElement":[{"@type":"ListItem","position":1,"name":"Inicio","item":"https:\/\/sagardoarenlurraldea.eus\/fr\/"},{"@type":"ListItem","position":2,"name":"R\u00e9servations","item":"https:\/\/sagardoarenlurraldea.eus\/fr\/reservations\/"},{"@type":"ListItem","position":3,"name":"Cidrerie Petritegi"}]},{"@type":"WebSite","@id":"https:\/\/sagardoarenlurraldea.eus\/fr\/#website","url":"https:\/\/sagardoarenlurraldea.eus\/fr\/","name":"Sagardoaren Lurraldea","description":"El territorio de la sidra","potentialAction":[{"@type":"SearchAction","target":{"@type":"EntryPoint","urlTemplate":"https:\/\/sagardoarenlurraldea.eus\/fr\/?s={search_term_string}"},"query-input":{"@type":"PropertyValueSpecification","valueRequired":true,"valueName":"search_term_string"}}],"inLanguage":"fr-FR"}]}},"_links":{"self":[{"href":"https:\/\/sagardoarenlurraldea.eus\/fr\/wp-json\/wp\/v2\/product\/25629","targetHints":{"allow":["GET"]}}],"collection":[{"href":"https:\/\/sagardoarenlurraldea.eus\/fr\/wp-json\/wp\/v2\/product"}],"about":[{"href":"https:\/\/sagardoarenlurraldea.eus\/fr\/wp-json\/wp\/v2\/types\/product"}],"replies":[{"embeddable":true,"href":"https:\/\/sagardoarenlurraldea.eus\/fr\/wp-json\/wp\/v2\/comments?post=25629"}],"wp:featuredmedia":[{"embeddable":true,"href":"https:\/\/sagardoarenlurraldea.eus\/fr\/wp-json\/wp\/v2\/media\/8301"}],"wp:attachment":[{"href":"https:\/\/sagardoarenlurraldea.eus\/fr\/wp-json\/wp\/v2\/media?parent=25629"}],"wp:term":[{"taxonomy":"product_brand","embeddable":true,"href":"https:\/\/sagardoarenlurraldea.eus\/fr\/wp-json\/wp\/v2\/product_brand?post=25629"},{"taxonomy":"product_cat","embeddable":true,"href":"https:\/\/sagardoarenlurraldea.eus\/fr\/wp-json\/wp\/v2\/product_cat?post=25629"},{"taxonomy":"product_tag","embeddable":true,"href":"https:\/\/sagardoarenlurraldea.eus\/fr\/wp-json\/wp\/v2\/product_tag?post=25629"}],"curies":[{"name":"wp","href":"https:\/\/api.w.org\/{rel}","templated":true}]}}