{"id":25614,"date":"2017-12-29T19:37:56","date_gmt":"2017-12-29T17:37:56","guid":{"rendered":"http:\/\/www.sagardoarenlurraldea.eus\/reservar\/sin%20categorizar\/cidrerie-aia-izeta\/"},"modified":"2018-01-10T10:53:46","modified_gmt":"2018-01-10T08:53:46","slug":"cidrerie-aia-izeta","status":"publish","type":"product","link":"https:\/\/sagardoarenlurraldea.eus\/fr\/product\/aia-fr\/cidrerie-aia-izeta\/","title":{"rendered":"Cidrerie Izeta"},"content":{"rendered":"<h2>Description<\/h2>\n<p>La cidrerie Izeta a \u00e9t\u00e9 fond\u00e9e en 1983 par la famille Iruretagoiena, dont les activit\u00e9s principales sont la cidrerie et l\u2019activit\u00e9 h\u00f4teli\u00e8re. Ils produisent actuellement pr\u00e8s de 20.000 litres de cidre par an, qui peuvent \u00eatre d\u00e9gust\u00e9s uniquement dans la cidrerie ou dans le restaurant, car la cidrerie ne distribue pas son cidre \u00e0 l\u2019ext\u00e9rieur.<\/p>\n<h2>D\u00e9jeuner et d\u00eener<\/h2>\n<p><strong>En saison<\/strong> (janvier-avril) : D\u00e9jeuner et d\u00eener tous les jours, sauf lundi (toute la journ\u00e9e) et mardi soir.<\/p>\n<p><strong>Hors saison<\/strong> (\u00e0 partir de mai) : D\u00e9jeuner et d\u00eener tous les jours, sauf lundi (toute la journ\u00e9e) et mardi soir.<\/p>\n<p>Capacit\u00e9 : 150 personnes<\/p>\n<h2>Informations suppl\u00e9mentaires<\/h2>\n<p>Responsable: Manuel Iruretagoiena<\/p>\n<p>Adresse: Izeta baserria. Urdaneta bidea, 20. Aia.<br \/>\nT\u00e9l.: 943131693<br \/>\nWeb: <a href=\"http:\/\/www.izetasagardotegia.com\">http:\/\/www.izetasagardotegia.com<\/a><\/p>\n","protected":false},"excerpt":{"rendered":"<p>Cidrerie ouverte toute l\u2019ann\u00e9e (sauf en d\u00e9cembre). Son cidre ne peut \u00eatre d\u00e9gust\u00e9 que dans la propre cidrerie ou dans son restaurant, car il n\u2019est pas distribu\u00e9 \u00e0 l\u2019ext\u00e9rieur.<\/p>\n","protected":false},"featured_media":8153,"comment_status":"open","ping_status":"closed","template":"","meta":{"_acf_changed":false,"_et_pb_use_builder":"","_et_pb_old_content":"","_et_gb_content_width":""},"product_brand":[],"product_cat":[2651,2709],"product_tag":[2623,2630,2633,2627,2639,2636,2616,2615,2641,2619,2646,2640,2618,2624],"class_list":{"0":"post-25614","1":"product","2":"type-product","3":"status-publish","4":"has-post-thumbnail","6":"product_cat-aia-fr","7":"product_cat-cidreries-fr","8":"product_tag-acces-en-bus","9":"product_tag-acces-en-voiture","10":"product_tag-acces-en-minibus","11":"product_tag-acces-handicapes","12":"product_tag-cidre-en-bouteille","13":"product_tag-manger-a-table","14":"product_tag-groupe-de-plus-de-25","15":"product_tag-groupe-de-moins-de-25","16":"product_tag-menu-traditionnel","17":"product_tag-parking-fr","18":"product_tag-repas-et-diners-a-lannee","19":"product_tag-cidre-en-txotx","20":"product_tag-services-diner","21":"product_tag-services-dejeuner","22":"pa_acceso-a-pied","23":"pa_caracteristicas-y-menus-groupe-plus-25","24":"pa_caracteristicas-y-menus-repas-diners-toujours-ouvert","25":"pa_caracteristicas-y-menus-cidre-en-txotx","26":"dtwm_map-izeta-fr","28":"first","29":"instock","30":"virtual","31":"product-type-simple"},"exclude_global_add_ons":[],"addons":[],"acf":[],"yoast_head":"<!-- This site is optimized with the Yoast SEO plugin v25.4 - https:\/\/yoast.com\/wordpress\/plugins\/seo\/ -->\n<title>Cidrerie Izeta - Sagardoaren Lurraldea<\/title>\n<meta name=\"robots\" content=\"index, follow, max-snippet:-1, max-image-preview:large, max-video-preview:-1\" \/>\n<link rel=\"canonical\" href=\"https:\/\/sagardoarenlurraldea.eus\/fr\/product\/aia-fr\/cidrerie-aia-izeta\/\" \/>\n<meta property=\"og:locale\" content=\"fr_FR\" \/>\n<meta property=\"og:type\" content=\"article\" \/>\n<meta property=\"og:title\" content=\"Cidrerie Izeta - Sagardoaren Lurraldea\" \/>\n<meta property=\"og:description\" content=\"Cidrerie ouverte toute l\u2019ann\u00e9e (sauf en d\u00e9cembre). Son cidre ne peut \u00eatre d\u00e9gust\u00e9 que dans la propre cidrerie ou dans son restaurant, car il n\u2019est pas distribu\u00e9 \u00e0 l\u2019ext\u00e9rieur.\" \/>\n<meta property=\"og:url\" content=\"https:\/\/sagardoarenlurraldea.eus\/fr\/product\/aia-fr\/cidrerie-aia-izeta\/\" \/>\n<meta property=\"og:site_name\" content=\"Sagardoaren Lurraldea\" \/>\n<meta property=\"article:publisher\" content=\"https:\/\/www.facebook.com\/sagardoarenlurraldea\" \/>\n<meta property=\"article:modified_time\" content=\"2018-01-10T08:53:46+00:00\" \/>\n<meta property=\"og:image\" content=\"https:\/\/sagardoarenlurraldea.eus\/wp-content\/uploads\/2016\/06\/SIDIZE-F00.jpg\" \/>\n\t<meta property=\"og:image:width\" content=\"900\" \/>\n\t<meta property=\"og:image:height\" content=\"600\" \/>\n\t<meta property=\"og:image:type\" content=\"image\/jpeg\" \/>\n<meta name=\"twitter:card\" content=\"summary_large_image\" \/>\n<meta name=\"twitter:label1\" content=\"Dur\u00e9e de lecture estim\u00e9e\" \/>\n\t<meta name=\"twitter:data1\" content=\"1 minute\" \/>\n<script type=\"application\/ld+json\" class=\"yoast-schema-graph\">{\"@context\":\"https:\/\/schema.org\",\"@graph\":[{\"@type\":\"WebPage\",\"@id\":\"https:\/\/sagardoarenlurraldea.eus\/fr\/product\/aia-fr\/cidrerie-aia-izeta\/\",\"url\":\"https:\/\/sagardoarenlurraldea.eus\/fr\/product\/aia-fr\/cidrerie-aia-izeta\/\",\"name\":\"Cidrerie Izeta - Sagardoaren Lurraldea\",\"isPartOf\":{\"@id\":\"https:\/\/sagardoarenlurraldea.eus\/fr\/#website\"},\"primaryImageOfPage\":{\"@id\":\"https:\/\/sagardoarenlurraldea.eus\/fr\/product\/aia-fr\/cidrerie-aia-izeta\/#primaryimage\"},\"image\":{\"@id\":\"https:\/\/sagardoarenlurraldea.eus\/fr\/product\/aia-fr\/cidrerie-aia-izeta\/#primaryimage\"},\"thumbnailUrl\":\"https:\/\/sagardoarenlurraldea.eus\/wp-content\/uploads\/2016\/06\/SIDIZE-F00.jpg\",\"datePublished\":\"2017-12-29T17:37:56+00:00\",\"dateModified\":\"2018-01-10T08:53:46+00:00\",\"breadcrumb\":{\"@id\":\"https:\/\/sagardoarenlurraldea.eus\/fr\/product\/aia-fr\/cidrerie-aia-izeta\/#breadcrumb\"},\"inLanguage\":\"fr-FR\",\"potentialAction\":[{\"@type\":\"ReadAction\",\"target\":[\"https:\/\/sagardoarenlurraldea.eus\/fr\/product\/aia-fr\/cidrerie-aia-izeta\/\"]}]},{\"@type\":\"ImageObject\",\"inLanguage\":\"fr-FR\",\"@id\":\"https:\/\/sagardoarenlurraldea.eus\/fr\/product\/aia-fr\/cidrerie-aia-izeta\/#primaryimage\",\"url\":\"https:\/\/sagardoarenlurraldea.eus\/wp-content\/uploads\/2016\/06\/SIDIZE-F00.jpg\",\"contentUrl\":\"https:\/\/sagardoarenlurraldea.eus\/wp-content\/uploads\/2016\/06\/SIDIZE-F00.jpg\",\"width\":900,\"height\":600,\"caption\":\"Entrada principal de la sidrer\u00eda Izeta\"},{\"@type\":\"BreadcrumbList\",\"@id\":\"https:\/\/sagardoarenlurraldea.eus\/fr\/product\/aia-fr\/cidrerie-aia-izeta\/#breadcrumb\",\"itemListElement\":[{\"@type\":\"ListItem\",\"position\":1,\"name\":\"Inicio\",\"item\":\"https:\/\/sagardoarenlurraldea.eus\/fr\/\"},{\"@type\":\"ListItem\",\"position\":2,\"name\":\"R\u00e9servations\",\"item\":\"https:\/\/sagardoarenlurraldea.eus\/fr\/reservations\/\"},{\"@type\":\"ListItem\",\"position\":3,\"name\":\"Cidrerie Izeta\"}]},{\"@type\":\"WebSite\",\"@id\":\"https:\/\/sagardoarenlurraldea.eus\/fr\/#website\",\"url\":\"https:\/\/sagardoarenlurraldea.eus\/fr\/\",\"name\":\"Sagardoaren Lurraldea\",\"description\":\"El territorio de la sidra\",\"potentialAction\":[{\"@type\":\"SearchAction\",\"target\":{\"@type\":\"EntryPoint\",\"urlTemplate\":\"https:\/\/sagardoarenlurraldea.eus\/fr\/?s={search_term_string}\"},\"query-input\":{\"@type\":\"PropertyValueSpecification\",\"valueRequired\":true,\"valueName\":\"search_term_string\"}}],\"inLanguage\":\"fr-FR\"}]}<\/script>\n<!-- \/ Yoast SEO plugin. -->","yoast_head_json":{"title":"Cidrerie Izeta - Sagardoaren Lurraldea","robots":{"index":"index","follow":"follow","max-snippet":"max-snippet:-1","max-image-preview":"max-image-preview:large","max-video-preview":"max-video-preview:-1"},"canonical":"https:\/\/sagardoarenlurraldea.eus\/fr\/product\/aia-fr\/cidrerie-aia-izeta\/","og_locale":"fr_FR","og_type":"article","og_title":"Cidrerie Izeta - Sagardoaren Lurraldea","og_description":"Cidrerie ouverte toute l\u2019ann\u00e9e (sauf en d\u00e9cembre). Son cidre ne peut \u00eatre d\u00e9gust\u00e9 que dans la propre cidrerie ou dans son restaurant, car il n\u2019est pas distribu\u00e9 \u00e0 l\u2019ext\u00e9rieur.","og_url":"https:\/\/sagardoarenlurraldea.eus\/fr\/product\/aia-fr\/cidrerie-aia-izeta\/","og_site_name":"Sagardoaren Lurraldea","article_publisher":"https:\/\/www.facebook.com\/sagardoarenlurraldea","article_modified_time":"2018-01-10T08:53:46+00:00","og_image":[{"width":900,"height":600,"url":"https:\/\/sagardoarenlurraldea.eus\/wp-content\/uploads\/2016\/06\/SIDIZE-F00.jpg","type":"image\/jpeg"}],"twitter_card":"summary_large_image","twitter_misc":{"Dur\u00e9e de lecture estim\u00e9e":"1 minute"},"schema":{"@context":"https:\/\/schema.org","@graph":[{"@type":"WebPage","@id":"https:\/\/sagardoarenlurraldea.eus\/fr\/product\/aia-fr\/cidrerie-aia-izeta\/","url":"https:\/\/sagardoarenlurraldea.eus\/fr\/product\/aia-fr\/cidrerie-aia-izeta\/","name":"Cidrerie Izeta - Sagardoaren Lurraldea","isPartOf":{"@id":"https:\/\/sagardoarenlurraldea.eus\/fr\/#website"},"primaryImageOfPage":{"@id":"https:\/\/sagardoarenlurraldea.eus\/fr\/product\/aia-fr\/cidrerie-aia-izeta\/#primaryimage"},"image":{"@id":"https:\/\/sagardoarenlurraldea.eus\/fr\/product\/aia-fr\/cidrerie-aia-izeta\/#primaryimage"},"thumbnailUrl":"https:\/\/sagardoarenlurraldea.eus\/wp-content\/uploads\/2016\/06\/SIDIZE-F00.jpg","datePublished":"2017-12-29T17:37:56+00:00","dateModified":"2018-01-10T08:53:46+00:00","breadcrumb":{"@id":"https:\/\/sagardoarenlurraldea.eus\/fr\/product\/aia-fr\/cidrerie-aia-izeta\/#breadcrumb"},"inLanguage":"fr-FR","potentialAction":[{"@type":"ReadAction","target":["https:\/\/sagardoarenlurraldea.eus\/fr\/product\/aia-fr\/cidrerie-aia-izeta\/"]}]},{"@type":"ImageObject","inLanguage":"fr-FR","@id":"https:\/\/sagardoarenlurraldea.eus\/fr\/product\/aia-fr\/cidrerie-aia-izeta\/#primaryimage","url":"https:\/\/sagardoarenlurraldea.eus\/wp-content\/uploads\/2016\/06\/SIDIZE-F00.jpg","contentUrl":"https:\/\/sagardoarenlurraldea.eus\/wp-content\/uploads\/2016\/06\/SIDIZE-F00.jpg","width":900,"height":600,"caption":"Entrada principal de la sidrer\u00eda Izeta"},{"@type":"BreadcrumbList","@id":"https:\/\/sagardoarenlurraldea.eus\/fr\/product\/aia-fr\/cidrerie-aia-izeta\/#breadcrumb","itemListElement":[{"@type":"ListItem","position":1,"name":"Inicio","item":"https:\/\/sagardoarenlurraldea.eus\/fr\/"},{"@type":"ListItem","position":2,"name":"R\u00e9servations","item":"https:\/\/sagardoarenlurraldea.eus\/fr\/reservations\/"},{"@type":"ListItem","position":3,"name":"Cidrerie Izeta"}]},{"@type":"WebSite","@id":"https:\/\/sagardoarenlurraldea.eus\/fr\/#website","url":"https:\/\/sagardoarenlurraldea.eus\/fr\/","name":"Sagardoaren Lurraldea","description":"El territorio de la sidra","potentialAction":[{"@type":"SearchAction","target":{"@type":"EntryPoint","urlTemplate":"https:\/\/sagardoarenlurraldea.eus\/fr\/?s={search_term_string}"},"query-input":{"@type":"PropertyValueSpecification","valueRequired":true,"valueName":"search_term_string"}}],"inLanguage":"fr-FR"}]}},"_links":{"self":[{"href":"https:\/\/sagardoarenlurraldea.eus\/fr\/wp-json\/wp\/v2\/product\/25614","targetHints":{"allow":["GET"]}}],"collection":[{"href":"https:\/\/sagardoarenlurraldea.eus\/fr\/wp-json\/wp\/v2\/product"}],"about":[{"href":"https:\/\/sagardoarenlurraldea.eus\/fr\/wp-json\/wp\/v2\/types\/product"}],"replies":[{"embeddable":true,"href":"https:\/\/sagardoarenlurraldea.eus\/fr\/wp-json\/wp\/v2\/comments?post=25614"}],"wp:featuredmedia":[{"embeddable":true,"href":"https:\/\/sagardoarenlurraldea.eus\/fr\/wp-json\/wp\/v2\/media\/8153"}],"wp:attachment":[{"href":"https:\/\/sagardoarenlurraldea.eus\/fr\/wp-json\/wp\/v2\/media?parent=25614"}],"wp:term":[{"taxonomy":"product_brand","embeddable":true,"href":"https:\/\/sagardoarenlurraldea.eus\/fr\/wp-json\/wp\/v2\/product_brand?post=25614"},{"taxonomy":"product_cat","embeddable":true,"href":"https:\/\/sagardoarenlurraldea.eus\/fr\/wp-json\/wp\/v2\/product_cat?post=25614"},{"taxonomy":"product_tag","embeddable":true,"href":"https:\/\/sagardoarenlurraldea.eus\/fr\/wp-json\/wp\/v2\/product_tag?post=25614"}],"curies":[{"name":"wp","href":"https:\/\/api.w.org\/{rel}","templated":true}]}}