{"id":24844,"date":"2016-09-07T17:50:29","date_gmt":"2016-09-07T15:50:29","guid":{"rendered":"http:\/\/www.sagardoarenlurraldea.eus\/reservar\/sin%20categorizar\/sagartrekking\/"},"modified":"2026-03-10T17:29:18","modified_gmt":"2026-03-10T15:29:18","slug":"sagartrekking-le-chemin-du-cidre-avec-guide-et-degustation-de-cidre-pour-les-groupes","status":"publish","type":"product","link":"https:\/\/sagardoarenlurraldea.eus\/fr\/product\/experiences-fr-2\/sagartrekking-randonnee-et-marche\/sagartrekking-le-chemin-du-cidre-avec-guide-et-degustation-de-cidre-pour-les-groupes\/","title":{"rendered":"Sagartrekking, le chemin du cidre (avec guide) et d\u00e9gustation de cidre (pour les groupes)"},"content":{"rendered":"<h2>Activit\u00e9s inclues dans l&rsquo;exp\u00e9rience<\/h2>\n<ul>\n<li>Visite guid\u00e9 \u00e0 pied dans la <strong>promenade th\u00e9matique de Santiagomendi.<\/strong><\/li>\n<li><strong>Plusieurs arr\u00eats<\/strong> avec les explications du guide tout au long du parcours:\n<ul>\n<li>Arr\u00eat th\u00e9matique \u00ab\u00a0Pouvoir\u00a0\u00bb (Plazaetxea)<\/li>\n<li>Arr\u00eat th\u00e9matique \u00ab\u00a0Fermes\u00a0\u00bb (ferme Goikoetxea)<\/li>\n<li>Arr\u00eat th\u00e9matique \u00ab\u00a0Le cidre et la mer\u00a0\u00bb (autour du Sanctuaire de Santiagomendi)<\/li>\n<li>Arr\u00eat th\u00e9matique \u00ab\u00a0Paradis\u00a0\u00bb (Sanctuaire de Santiagomendi)<\/li>\n<li>Arr\u00eat th\u00e9matique \u00ab\u00a0D\u00e9clin\u00a0\u00bb (Erma\u00f1a)<\/li>\n<li>Arr\u00eat th\u00e9matique \u00ab\u00a0Renaissance\u00a0\u00bb (Buenavista)<\/li>\n<li>Arr\u00eat th\u00e9matique \u00ab\u00a0Le rite du txotx\u00a0\u00bb (agrotourisme Artola)<\/li>\n<li>Arr\u00eat th\u00e9matique \u00ab\u00a0Futur\u00a0\u00bb (Carri\u00e8re Izaskun)<\/li>\n<\/ul>\n<\/li>\n<li><strong>D\u00e9gustation de cidre \u00e0 Sagardoetxe<\/strong>a.<\/li>\n<\/ul>\n<p>NOTE :<br \/>\n&#8211; <strong>Transport non compris<\/strong>. En cas de besoin de transport indiquez-le dans le cadre des observations au moment de la r\u00e9servation.<\/p>\n<h2>Informations pratiques<\/h2>\n<ul>\n<li><strong>Horaires <\/strong>: Du mardi \u00e0 samedi \u00e0 10h et \u00e0 16h.<\/li>\n<li><strong>Dur\u00e9e <\/strong>: 3 heures.<\/li>\n<li><strong>Quand venir\u00a0?<\/strong> Toute l\u2019ann\u00e9e.<\/li>\n<li><strong>Qui\u00a0?<\/strong> Groupes.<\/li>\n<li><strong>Langues<\/strong> : Espagnol, basque, fran\u00e7ais et anglais. <strong>(Toujours sur r\u00e9servation pr\u00e9alable)<\/strong><\/li>\n<li><strong>Points de rencontre<\/strong> : Sagardoetxea, Mus\u00e9e du Cidre basque (Kale Nagusia, 48 \u2013 Astigarraga). Coordonn\u00e9es GPS : 43.281204, -1.946554.<\/li>\n<li><strong>Comment s\u2019y rendre<\/strong> :\n<ul>\n<li>En v\u00e9hicule propre : Parking dans le centre de Astigarraga (C\/ Nagusia) et dans la zone industrielle (C\/ Donostia ibilbidea). A 5-10 min du point de rencontre.<\/li>\n<li>En bus de ligne : Au d\u00e9part de San Sebastian (C\/ Okendo) au d\u00e9part de Hernani (C\/ Txirrita) : Lignes BU12 y BU13. Voir horaires. Arr\u00eat \u00e0 5 min du point de rencontre.<\/li>\n<\/ul>\n<\/li>\n<\/ul>\n<p><strong>AVIS IMPORTANT:<\/strong> Lors de votre r\u00e9servation, vous ne recevrez pas vos billets par courriel. Votre r\u00e9servation a \u00e9t\u00e9 enregistr\u00e9e dans notre syst\u00e8me ; il vous suffit de vous pr\u00e9senter au point de rencontre le jour de l\u2019activit\u00e9 et de donner votre nom.<\/p>\n<h2>Tarifs<\/h2>\n<ul>\n<li><strong>Adultes<\/strong>: 6\u20ac<\/li>\n<\/ul>\n<h2>Le plus<\/h2>\n<ul>\n<li>Profiter des vues imprenables de la c\u00f4te depuis le Sanctuaire situ\u00e9 en haut de Santiagomendi.<\/li>\n<li>Se promener entre les pommeraies et les fermes traditionnels o\u00f9 le cidre se pr\u00e9parait.<\/li>\n<li>D\u00e9couvrir la culture du cidre en plein air.<\/li>\n<\/ul>\n<p>&nbsp;<\/p>\n","protected":false},"excerpt":{"rendered":"<p>Practica senderismo por este bonito recorrido acompa\u00f1ado por nuestra gu\u00eda y disfrutar\u00e1s del paisaje natural de Santiagomendi (Astigarraga). El recorrido tiene una distancia de 6,5 Km y una duraci\u00f3n de 3 horas a pie. El paseo cuenta con 8 estaciones tem\u00e1ticas, donde a trav\u00e9s de la cultura de la sidra, conocer\u00e1s la historia de los caser\u00edos de Santiagomendi y de Astigarraga, los modos de vida de sus habitantes, as\u00ed como uno de los puntos m\u00e1s emblem\u00e1ticos del Camino de Santiago a su paso por Gipuzkoa.<\/p>\n","protected":false},"featured_media":5698,"comment_status":"open","ping_status":"closed","template":"","meta":{"_acf_changed":false,"_et_pb_use_builder":"","_et_pb_old_content":"","_et_gb_content_width":""},"product_brand":[],"product_cat":[2023,2686],"product_tag":[2647,2628,2621],"class_list":{"0":"post-24844","1":"product","2":"type-product","3":"status-publish","4":"has-post-thumbnail","6":"product_cat-experiences-fr-2","7":"product_cat-sagartrekking-randonnee-et-marche","8":"product_tag-disponible-toute-lannee","9":"product_tag-le-matin","10":"product_tag-lapres-midi","11":"dtwm_map-sagardoetxea-fr","13":"first","14":"instock","15":"virtual","16":"sold-individually","17":"purchasable","18":"product-type-booking"},"exclude_global_add_ons":false,"addons":[{"name":"Service de guide en langues","type":"select","position":0,"required":false,"title_format":"label","default":"","description_enable":false,"description":"","placeholder_enable":false,"placeholder":"","display":"select","restrictions_type":"any_text","adjust_price":false,"price":"","price_type":"flat_fee","restrictions":false,"min":"0","max":"0","options":[],"id":1773163758}],"acf":[],"yoast_head":"<!-- This site is optimized with the Yoast SEO plugin v25.4 - https:\/\/yoast.com\/wordpress\/plugins\/seo\/ -->\n<title>Sagartrekking, le chemin du cidre (avec guide) et d\u00e9gustation de cidre (pour les groupes) - Sagardoaren Lurraldea<\/title>\n<meta name=\"robots\" content=\"index, follow, max-snippet:-1, max-image-preview:large, max-video-preview:-1\" \/>\n<link rel=\"canonical\" href=\"https:\/\/sagardoarenlurraldea.eus\/fr\/product\/experiences-fr-2\/sagartrekking-randonnee-et-marche\/sagartrekking-le-chemin-du-cidre-avec-guide-et-degustation-de-cidre-pour-les-groupes\/\" \/>\n<meta property=\"og:locale\" content=\"fr_FR\" \/>\n<meta property=\"og:type\" content=\"article\" \/>\n<meta property=\"og:title\" content=\"Sagartrekking, le chemin du cidre (avec guide) et d\u00e9gustation de cidre (pour les groupes) - Sagardoaren Lurraldea\" \/>\n<meta property=\"og:description\" content=\"Practica senderismo por este bonito recorrido acompa\u00f1ado por nuestra gu\u00eda y disfrutar\u00e1s del paisaje natural de Santiagomendi (Astigarraga). El recorrido tiene una distancia de 6,5 Km y una duraci\u00f3n de 3 horas a pie. El paseo cuenta con 8 estaciones tem\u00e1ticas, donde a trav\u00e9s de la cultura de la sidra, conocer\u00e1s la historia de los caser\u00edos de Santiagomendi y de Astigarraga, los modos de vida de sus habitantes, as\u00ed como uno de los puntos m\u00e1s emblem\u00e1ticos del Camino de Santiago a su paso por Gipuzkoa.\" \/>\n<meta property=\"og:url\" content=\"https:\/\/sagardoarenlurraldea.eus\/fr\/product\/experiences-fr-2\/sagartrekking-randonnee-et-marche\/sagartrekking-le-chemin-du-cidre-avec-guide-et-degustation-de-cidre-pour-les-groupes\/\" \/>\n<meta property=\"og:site_name\" content=\"Sagardoaren Lurraldea\" \/>\n<meta property=\"article:publisher\" content=\"https:\/\/www.facebook.com\/sagardoarenlurraldea\" \/>\n<meta property=\"article:modified_time\" content=\"2026-03-10T15:29:18+00:00\" \/>\n<meta property=\"og:image\" content=\"https:\/\/sagardoarenlurraldea.eus\/wp-content\/uploads\/2016\/09\/EXPSAGARTREKKING-F00.jpg\" \/>\n\t<meta property=\"og:image:width\" content=\"900\" \/>\n\t<meta property=\"og:image:height\" content=\"600\" \/>\n\t<meta property=\"og:image:type\" content=\"image\/jpeg\" \/>\n<meta name=\"twitter:card\" content=\"summary_large_image\" \/>\n<meta name=\"twitter:label1\" content=\"Dur\u00e9e de lecture estim\u00e9e\" \/>\n\t<meta name=\"twitter:data1\" content=\"2 minutes\" \/>\n<script type=\"application\/ld+json\" class=\"yoast-schema-graph\">{\"@context\":\"https:\/\/schema.org\",\"@graph\":[{\"@type\":\"WebPage\",\"@id\":\"https:\/\/sagardoarenlurraldea.eus\/fr\/product\/experiences-fr-2\/sagartrekking-randonnee-et-marche\/sagartrekking-le-chemin-du-cidre-avec-guide-et-degustation-de-cidre-pour-les-groupes\/\",\"url\":\"https:\/\/sagardoarenlurraldea.eus\/fr\/product\/experiences-fr-2\/sagartrekking-randonnee-et-marche\/sagartrekking-le-chemin-du-cidre-avec-guide-et-degustation-de-cidre-pour-les-groupes\/\",\"name\":\"Sagartrekking, le chemin du cidre (avec guide) et d\u00e9gustation de cidre (pour les groupes) - Sagardoaren Lurraldea\",\"isPartOf\":{\"@id\":\"https:\/\/sagardoarenlurraldea.eus\/fr\/#website\"},\"primaryImageOfPage\":{\"@id\":\"https:\/\/sagardoarenlurraldea.eus\/fr\/product\/experiences-fr-2\/sagartrekking-randonnee-et-marche\/sagartrekking-le-chemin-du-cidre-avec-guide-et-degustation-de-cidre-pour-les-groupes\/#primaryimage\"},\"image\":{\"@id\":\"https:\/\/sagardoarenlurraldea.eus\/fr\/product\/experiences-fr-2\/sagartrekking-randonnee-et-marche\/sagartrekking-le-chemin-du-cidre-avec-guide-et-degustation-de-cidre-pour-les-groupes\/#primaryimage\"},\"thumbnailUrl\":\"https:\/\/sagardoarenlurraldea.eus\/wp-content\/uploads\/2016\/09\/EXPSAGARTREKKING-F00.jpg\",\"datePublished\":\"2016-09-07T15:50:29+00:00\",\"dateModified\":\"2026-03-10T15:29:18+00:00\",\"breadcrumb\":{\"@id\":\"https:\/\/sagardoarenlurraldea.eus\/fr\/product\/experiences-fr-2\/sagartrekking-randonnee-et-marche\/sagartrekking-le-chemin-du-cidre-avec-guide-et-degustation-de-cidre-pour-les-groupes\/#breadcrumb\"},\"inLanguage\":\"fr-FR\",\"potentialAction\":[{\"@type\":\"ReadAction\",\"target\":[\"https:\/\/sagardoarenlurraldea.eus\/fr\/product\/experiences-fr-2\/sagartrekking-randonnee-et-marche\/sagartrekking-le-chemin-du-cidre-avec-guide-et-degustation-de-cidre-pour-les-groupes\/\"]}]},{\"@type\":\"ImageObject\",\"inLanguage\":\"fr-FR\",\"@id\":\"https:\/\/sagardoarenlurraldea.eus\/fr\/product\/experiences-fr-2\/sagartrekking-randonnee-et-marche\/sagartrekking-le-chemin-du-cidre-avec-guide-et-degustation-de-cidre-pour-les-groupes\/#primaryimage\",\"url\":\"https:\/\/sagardoarenlurraldea.eus\/wp-content\/uploads\/2016\/09\/EXPSAGARTREKKING-F00.jpg\",\"contentUrl\":\"https:\/\/sagardoarenlurraldea.eus\/wp-content\/uploads\/2016\/09\/EXPSAGARTREKKING-F00.jpg\",\"width\":900,\"height\":600},{\"@type\":\"BreadcrumbList\",\"@id\":\"https:\/\/sagardoarenlurraldea.eus\/fr\/product\/experiences-fr-2\/sagartrekking-randonnee-et-marche\/sagartrekking-le-chemin-du-cidre-avec-guide-et-degustation-de-cidre-pour-les-groupes\/#breadcrumb\",\"itemListElement\":[{\"@type\":\"ListItem\",\"position\":1,\"name\":\"Inicio\",\"item\":\"https:\/\/sagardoarenlurraldea.eus\/fr\/\"},{\"@type\":\"ListItem\",\"position\":2,\"name\":\"R\u00e9servations\",\"item\":\"https:\/\/sagardoarenlurraldea.eus\/fr\/reservations\/\"},{\"@type\":\"ListItem\",\"position\":3,\"name\":\"Sagartrekking, le chemin du cidre (avec guide) et d\u00e9gustation de cidre (pour les groupes)\"}]},{\"@type\":\"WebSite\",\"@id\":\"https:\/\/sagardoarenlurraldea.eus\/fr\/#website\",\"url\":\"https:\/\/sagardoarenlurraldea.eus\/fr\/\",\"name\":\"Sagardoaren Lurraldea\",\"description\":\"El territorio de la sidra\",\"potentialAction\":[{\"@type\":\"SearchAction\",\"target\":{\"@type\":\"EntryPoint\",\"urlTemplate\":\"https:\/\/sagardoarenlurraldea.eus\/fr\/?s={search_term_string}\"},\"query-input\":{\"@type\":\"PropertyValueSpecification\",\"valueRequired\":true,\"valueName\":\"search_term_string\"}}],\"inLanguage\":\"fr-FR\"}]}<\/script>\n<!-- \/ Yoast SEO plugin. -->","yoast_head_json":{"title":"Sagartrekking, le chemin du cidre (avec guide) et d\u00e9gustation de cidre (pour les groupes) - Sagardoaren Lurraldea","robots":{"index":"index","follow":"follow","max-snippet":"max-snippet:-1","max-image-preview":"max-image-preview:large","max-video-preview":"max-video-preview:-1"},"canonical":"https:\/\/sagardoarenlurraldea.eus\/fr\/product\/experiences-fr-2\/sagartrekking-randonnee-et-marche\/sagartrekking-le-chemin-du-cidre-avec-guide-et-degustation-de-cidre-pour-les-groupes\/","og_locale":"fr_FR","og_type":"article","og_title":"Sagartrekking, le chemin du cidre (avec guide) et d\u00e9gustation de cidre (pour les groupes) - Sagardoaren Lurraldea","og_description":"Practica senderismo por este bonito recorrido acompa\u00f1ado por nuestra gu\u00eda y disfrutar\u00e1s del paisaje natural de Santiagomendi (Astigarraga). El recorrido tiene una distancia de 6,5 Km y una duraci\u00f3n de 3 horas a pie. El paseo cuenta con 8 estaciones tem\u00e1ticas, donde a trav\u00e9s de la cultura de la sidra, conocer\u00e1s la historia de los caser\u00edos de Santiagomendi y de Astigarraga, los modos de vida de sus habitantes, as\u00ed como uno de los puntos m\u00e1s emblem\u00e1ticos del Camino de Santiago a su paso por Gipuzkoa.","og_url":"https:\/\/sagardoarenlurraldea.eus\/fr\/product\/experiences-fr-2\/sagartrekking-randonnee-et-marche\/sagartrekking-le-chemin-du-cidre-avec-guide-et-degustation-de-cidre-pour-les-groupes\/","og_site_name":"Sagardoaren Lurraldea","article_publisher":"https:\/\/www.facebook.com\/sagardoarenlurraldea","article_modified_time":"2026-03-10T15:29:18+00:00","og_image":[{"width":900,"height":600,"url":"https:\/\/sagardoarenlurraldea.eus\/wp-content\/uploads\/2016\/09\/EXPSAGARTREKKING-F00.jpg","type":"image\/jpeg"}],"twitter_card":"summary_large_image","twitter_misc":{"Dur\u00e9e de lecture estim\u00e9e":"2 minutes"},"schema":{"@context":"https:\/\/schema.org","@graph":[{"@type":"WebPage","@id":"https:\/\/sagardoarenlurraldea.eus\/fr\/product\/experiences-fr-2\/sagartrekking-randonnee-et-marche\/sagartrekking-le-chemin-du-cidre-avec-guide-et-degustation-de-cidre-pour-les-groupes\/","url":"https:\/\/sagardoarenlurraldea.eus\/fr\/product\/experiences-fr-2\/sagartrekking-randonnee-et-marche\/sagartrekking-le-chemin-du-cidre-avec-guide-et-degustation-de-cidre-pour-les-groupes\/","name":"Sagartrekking, le chemin du cidre (avec guide) et d\u00e9gustation de cidre (pour les groupes) - Sagardoaren Lurraldea","isPartOf":{"@id":"https:\/\/sagardoarenlurraldea.eus\/fr\/#website"},"primaryImageOfPage":{"@id":"https:\/\/sagardoarenlurraldea.eus\/fr\/product\/experiences-fr-2\/sagartrekking-randonnee-et-marche\/sagartrekking-le-chemin-du-cidre-avec-guide-et-degustation-de-cidre-pour-les-groupes\/#primaryimage"},"image":{"@id":"https:\/\/sagardoarenlurraldea.eus\/fr\/product\/experiences-fr-2\/sagartrekking-randonnee-et-marche\/sagartrekking-le-chemin-du-cidre-avec-guide-et-degustation-de-cidre-pour-les-groupes\/#primaryimage"},"thumbnailUrl":"https:\/\/sagardoarenlurraldea.eus\/wp-content\/uploads\/2016\/09\/EXPSAGARTREKKING-F00.jpg","datePublished":"2016-09-07T15:50:29+00:00","dateModified":"2026-03-10T15:29:18+00:00","breadcrumb":{"@id":"https:\/\/sagardoarenlurraldea.eus\/fr\/product\/experiences-fr-2\/sagartrekking-randonnee-et-marche\/sagartrekking-le-chemin-du-cidre-avec-guide-et-degustation-de-cidre-pour-les-groupes\/#breadcrumb"},"inLanguage":"fr-FR","potentialAction":[{"@type":"ReadAction","target":["https:\/\/sagardoarenlurraldea.eus\/fr\/product\/experiences-fr-2\/sagartrekking-randonnee-et-marche\/sagartrekking-le-chemin-du-cidre-avec-guide-et-degustation-de-cidre-pour-les-groupes\/"]}]},{"@type":"ImageObject","inLanguage":"fr-FR","@id":"https:\/\/sagardoarenlurraldea.eus\/fr\/product\/experiences-fr-2\/sagartrekking-randonnee-et-marche\/sagartrekking-le-chemin-du-cidre-avec-guide-et-degustation-de-cidre-pour-les-groupes\/#primaryimage","url":"https:\/\/sagardoarenlurraldea.eus\/wp-content\/uploads\/2016\/09\/EXPSAGARTREKKING-F00.jpg","contentUrl":"https:\/\/sagardoarenlurraldea.eus\/wp-content\/uploads\/2016\/09\/EXPSAGARTREKKING-F00.jpg","width":900,"height":600},{"@type":"BreadcrumbList","@id":"https:\/\/sagardoarenlurraldea.eus\/fr\/product\/experiences-fr-2\/sagartrekking-randonnee-et-marche\/sagartrekking-le-chemin-du-cidre-avec-guide-et-degustation-de-cidre-pour-les-groupes\/#breadcrumb","itemListElement":[{"@type":"ListItem","position":1,"name":"Inicio","item":"https:\/\/sagardoarenlurraldea.eus\/fr\/"},{"@type":"ListItem","position":2,"name":"R\u00e9servations","item":"https:\/\/sagardoarenlurraldea.eus\/fr\/reservations\/"},{"@type":"ListItem","position":3,"name":"Sagartrekking, le chemin du cidre (avec guide) et d\u00e9gustation de cidre (pour les groupes)"}]},{"@type":"WebSite","@id":"https:\/\/sagardoarenlurraldea.eus\/fr\/#website","url":"https:\/\/sagardoarenlurraldea.eus\/fr\/","name":"Sagardoaren Lurraldea","description":"El territorio de la sidra","potentialAction":[{"@type":"SearchAction","target":{"@type":"EntryPoint","urlTemplate":"https:\/\/sagardoarenlurraldea.eus\/fr\/?s={search_term_string}"},"query-input":{"@type":"PropertyValueSpecification","valueRequired":true,"valueName":"search_term_string"}}],"inLanguage":"fr-FR"}]}},"_links":{"self":[{"href":"https:\/\/sagardoarenlurraldea.eus\/fr\/wp-json\/wp\/v2\/product\/24844","targetHints":{"allow":["GET"]}}],"collection":[{"href":"https:\/\/sagardoarenlurraldea.eus\/fr\/wp-json\/wp\/v2\/product"}],"about":[{"href":"https:\/\/sagardoarenlurraldea.eus\/fr\/wp-json\/wp\/v2\/types\/product"}],"replies":[{"embeddable":true,"href":"https:\/\/sagardoarenlurraldea.eus\/fr\/wp-json\/wp\/v2\/comments?post=24844"}],"wp:featuredmedia":[{"embeddable":true,"href":"https:\/\/sagardoarenlurraldea.eus\/fr\/wp-json\/wp\/v2\/media\/5698"}],"wp:attachment":[{"href":"https:\/\/sagardoarenlurraldea.eus\/fr\/wp-json\/wp\/v2\/media?parent=24844"}],"wp:term":[{"taxonomy":"product_brand","embeddable":true,"href":"https:\/\/sagardoarenlurraldea.eus\/fr\/wp-json\/wp\/v2\/product_brand?post=24844"},{"taxonomy":"product_cat","embeddable":true,"href":"https:\/\/sagardoarenlurraldea.eus\/fr\/wp-json\/wp\/v2\/product_cat?post=24844"},{"taxonomy":"product_tag","embeddable":true,"href":"https:\/\/sagardoarenlurraldea.eus\/fr\/wp-json\/wp\/v2\/product_tag?post=24844"}],"curies":[{"name":"wp","href":"https:\/\/api.w.org\/{rel}","templated":true}]}}