{"id":24805,"date":"2016-10-03T18:49:34","date_gmt":"2016-10-03T16:49:34","guid":{"rendered":"http:\/\/www.sagardoarenlurraldea.eus\/reservar\/sin%20categorizar\/adarrazpi-et-sagardoetxea\/"},"modified":"2026-04-20T17:18:14","modified_gmt":"2026-04-20T15:18:14","slug":"adarrazpi-et-sagardoetxea","status":"publish","type":"product","link":"https:\/\/sagardoarenlurraldea.eus\/fr\/product\/experiences-fr-2\/cidre-fromage\/adarrazpi-et-sagardoetxea\/","title":{"rendered":"Fromagerie Adarrazpi, Sagardoetxea et cidrerie"},"content":{"rendered":"<h2>Activit\u00e9s inclues dans l&rsquo;exp\u00e9rience<\/h2>\n<ul>\n<li>Visite de la <strong>Sagardoetxea, Mus\u00e9e du Cidre Basque<\/strong> et d\u00e9gustation de cidre.<\/li>\n<li><strong>D\u00e9jeuner\/ Diner dans une Cidrerie traditionnelle<\/strong>. Le menu traditionnel de Cidrerie est compos\u00e9 d\u2019omelette de morue, morue frite avec des poivrons, c\u00f4te de b\u0153uf, fromage, noix, p\u00e2te de coing et cidre au txotx.<\/li>\n<li>Visite guid\u00e9e de la <strong>fromagerie Adarrazpi<\/strong> (Urnieta). Vous apprendrez tous les secrets de la production du fromage Idiazabal. Apr\u00e8s avoir visit\u00e9 les installations, vous d\u00e9couvrirez \u00e9tape par \u00e9tape tout le processus de production. La visite comprend un atelier et une d\u00e9gustation de produits laitiers.<\/li>\n<\/ul>\n<h2>Informations pratiques<\/h2>\n<ul>\n<li><strong>Horaires<\/strong> : Mardi, jeudi et samedi \u00e0 12:00.<\/li>\n<li><strong>Dur\u00e9e<\/strong> : 7 h.<\/li>\n<li><strong>Quand venir\u00a0?<\/strong> Toute l\u2019ann\u00e9e.<strong> IMPORTANT : Cette activit\u00e9 ne peut \u00eatre effectu\u00e9e que sur r\u00e9servation pr\u00e9alable et sous r\u00e9serve de disponibilit\u00e9.<\/strong><\/li>\n<li><strong>Qui\u00a0?<\/strong> Groupes, familles et couples.<\/li>\n<li><strong>Langues<\/strong> : Espagnol, basque, fran\u00e7ais et anglais. <strong>(Toujours sur r\u00e9servation pr\u00e9alable)<\/strong><\/li>\n<li><strong>Points de rencontre<\/strong> : Sagardoetxea, Mus\u00e9e du Cidre basque (Kale Nagusia, 48 \u2013 Astigarraga). Coordonn\u00e9es GPS : 43.281204, -1.946554.<\/li>\n<li><strong>Comment s\u2019y rendre<\/strong> :\n<ul>\n<li>En v\u00e9hicule propre : Parking dans le centre de Astigarraga (C\/ Nagusia) et dans la zone industrielle (C\/ Donostia ibilbidea). A 5-10 min du point de rencontre.<\/li>\n<li>En bus de ligne : Au d\u00e9part de San Sebastian (C\/ Okendo) au d\u00e9part de Hernani (C\/ Txirrita): Lignes BU12 y BU13. <a href=\"http:\/\/www.lurraldebus.eus\">Voir horaires<\/a>. Arr\u00eat \u00e0 5 min du point de rencontre.<\/li>\n<\/ul>\n<\/li>\n<\/ul>\n<p><strong>AVIS IMPORTANT<\/strong>: Lors de votre r\u00e9servation, vous ne recevrez pas vos billets par courriel. Votre r\u00e9servation a \u00e9t\u00e9 enregistr\u00e9e dans notre syst\u00e8me ; il vous suffit de vous pr\u00e9senter au point de rencontre le jour de l\u2019activit\u00e9 et de donner votre nom.<\/p>\n<h2>Tarifs<\/h2>\n<ul>\n<li><strong>Adultes<\/strong>: 80 \u20ac.<\/li>\n<li><strong>Enfants<\/strong>:\n<ul>\n<li><strong>Enfants de 0-6 ans<\/strong>: 32,50 \u20ac (<span id=\"result_box\" class=\"short_text\" lang=\"fr\"><span class=\"\">menu pour enfants<\/span><\/span>)<\/li>\n<li><strong>Enfants de 7-17 ans<\/strong>: 58,50 \u20ac (<span id=\"result_box\" class=\"short_text\" lang=\"fr\"><span class=\"\">menu pour enfants<\/span><\/span>)<\/li>\n<\/ul>\n<\/li>\n<\/ul>\n<h2>Le plus<\/h2>\n<ul>\n<li>Savourer deux produits phare de la gastronomie Basque\u00a0: le Cidre et le fromage Idiazabal.<\/li>\n<li>Profiter de l\u2019authenticit\u00e9 de l\u2019exp\u00e9rience en Cidrerie.<\/li>\n<li>Vivre l\u2019exp\u00e9rience en immersion d\u2019un v\u00e9ritable pasteur.<\/li>\n<li>Profiter des vues imprenables que nous offre le mont de Adarra.<\/li>\n<\/ul>\n<p>&nbsp;<\/p>\n","protected":false},"excerpt":{"rendered":"<p>Comme un bon maitre de cidrerie, vous d\u00e9couvrirez tous les secrets de la fabrication et de la d\u00e9gustation du cidre basque. Ensuite, vous d\u00e9couvrirez l&rsquo;exp\u00e9rience d&rsquo;un v\u00e9ritable berger basque, de l&rsquo;alimentation du troupeau \u00e0 la traite des brebis, en passant par la fabrication du fromage dans la fromagerie.<\/p>\n","protected":false},"featured_media":12457,"comment_status":"open","ping_status":"closed","template":"","meta":{"_acf_changed":false,"_et_pb_use_builder":"","_et_pb_old_content":"","_et_gb_content_width":""},"product_brand":[],"product_cat":[2023,2670],"product_tag":[2647,2628],"class_list":{"0":"post-24805","1":"product","2":"type-product","3":"status-publish","4":"has-post-thumbnail","6":"product_cat-experiences-fr-2","7":"product_cat-cidre-fromage","8":"product_tag-disponible-toute-lannee","9":"product_tag-le-matin","10":"dtwm_map-adarrazpi-fr","11":"dtwm_map-alorrenea-fr","12":"dtwm_map-sagardoetxea-fr","14":"first","15":"instock","16":"virtual","17":"sold-individually","18":"purchasable","19":"product-type-booking"},"exclude_global_add_ons":false,"addons":[{"name":"Cidreries disponibles","type":"select","position":0,"required":false,"title_format":"label","default":"","description_enable":false,"description":"Choisissez la Cidrerie qui vous plait le plus. Le nom de la Cidrerie d\u00e9finitive vous sera communiqu\u00e9 par mail, en fonction des disponibilit\u00e9s et horaires.","placeholder_enable":false,"placeholder":"","display":"select","restrictions_type":"any_text","adjust_price":false,"price":"","price_type":"flat_fee","restrictions":false,"min":"0","max":"0","options":[],"id":1773163421},{"name":"Service de guide en langues","type":"select","position":1,"required":false,"title_format":"label","default":"","description_enable":false,"description":"","placeholder_enable":false,"placeholder":"","display":"select","restrictions_type":"any_text","adjust_price":false,"price":"","price_type":"flat_fee","restrictions":false,"min":"0","max":"0","options":[],"id":1773163422}],"acf":[],"yoast_head":"<!-- This site is optimized with the Yoast SEO plugin v25.4 - https:\/\/yoast.com\/wordpress\/plugins\/seo\/ -->\n<title>Fromagerie Adarrazpi, Sagardoetxea et cidrerie - Sagardoaren Lurraldea<\/title>\n<meta name=\"robots\" content=\"index, follow, max-snippet:-1, max-image-preview:large, max-video-preview:-1\" \/>\n<link rel=\"canonical\" href=\"https:\/\/sagardoarenlurraldea.eus\/fr\/product\/experiences-fr-2\/cidre-fromage\/adarrazpi-et-sagardoetxea\/\" \/>\n<meta property=\"og:locale\" content=\"fr_FR\" \/>\n<meta property=\"og:type\" content=\"article\" \/>\n<meta property=\"og:title\" content=\"Fromagerie Adarrazpi, Sagardoetxea et cidrerie - Sagardoaren Lurraldea\" \/>\n<meta property=\"og:description\" content=\"Comme un bon maitre de cidrerie, vous d\u00e9couvrirez tous les secrets de la fabrication et de la d\u00e9gustation du cidre basque. Ensuite, vous d\u00e9couvrirez l&#039;exp\u00e9rience d&#039;un v\u00e9ritable berger basque, de l&#039;alimentation du troupeau \u00e0 la traite des brebis, en passant par la fabrication du fromage dans la fromagerie.\" \/>\n<meta property=\"og:url\" content=\"https:\/\/sagardoarenlurraldea.eus\/fr\/product\/experiences-fr-2\/cidre-fromage\/adarrazpi-et-sagardoetxea\/\" \/>\n<meta property=\"og:site_name\" content=\"Sagardoaren Lurraldea\" \/>\n<meta property=\"article:publisher\" content=\"https:\/\/www.facebook.com\/sagardoarenlurraldea\" \/>\n<meta property=\"article:modified_time\" content=\"2026-04-20T15:18:14+00:00\" \/>\n<meta property=\"og:image\" content=\"https:\/\/sagardoarenlurraldea.eus\/wp-content\/uploads\/2016\/10\/EXPADARRAZPI-F00.jpg\" \/>\n\t<meta property=\"og:image:width\" content=\"900\" \/>\n\t<meta property=\"og:image:height\" content=\"600\" \/>\n\t<meta property=\"og:image:type\" content=\"image\/jpeg\" \/>\n<meta name=\"twitter:card\" content=\"summary_large_image\" \/>\n<meta name=\"twitter:label1\" content=\"Dur\u00e9e de lecture estim\u00e9e\" \/>\n\t<meta name=\"twitter:data1\" content=\"2 minutes\" \/>\n<script type=\"application\/ld+json\" class=\"yoast-schema-graph\">{\"@context\":\"https:\/\/schema.org\",\"@graph\":[{\"@type\":\"WebPage\",\"@id\":\"https:\/\/sagardoarenlurraldea.eus\/fr\/product\/experiences-fr-2\/cidre-fromage\/adarrazpi-et-sagardoetxea\/\",\"url\":\"https:\/\/sagardoarenlurraldea.eus\/fr\/product\/experiences-fr-2\/cidre-fromage\/adarrazpi-et-sagardoetxea\/\",\"name\":\"Fromagerie Adarrazpi, Sagardoetxea et cidrerie - Sagardoaren Lurraldea\",\"isPartOf\":{\"@id\":\"https:\/\/sagardoarenlurraldea.eus\/fr\/#website\"},\"primaryImageOfPage\":{\"@id\":\"https:\/\/sagardoarenlurraldea.eus\/fr\/product\/experiences-fr-2\/cidre-fromage\/adarrazpi-et-sagardoetxea\/#primaryimage\"},\"image\":{\"@id\":\"https:\/\/sagardoarenlurraldea.eus\/fr\/product\/experiences-fr-2\/cidre-fromage\/adarrazpi-et-sagardoetxea\/#primaryimage\"},\"thumbnailUrl\":\"https:\/\/sagardoarenlurraldea.eus\/wp-content\/uploads\/2016\/10\/EXPADARRAZPI-F00.jpg\",\"datePublished\":\"2016-10-03T16:49:34+00:00\",\"dateModified\":\"2026-04-20T15:18:14+00:00\",\"breadcrumb\":{\"@id\":\"https:\/\/sagardoarenlurraldea.eus\/fr\/product\/experiences-fr-2\/cidre-fromage\/adarrazpi-et-sagardoetxea\/#breadcrumb\"},\"inLanguage\":\"fr-FR\",\"potentialAction\":[{\"@type\":\"ReadAction\",\"target\":[\"https:\/\/sagardoarenlurraldea.eus\/fr\/product\/experiences-fr-2\/cidre-fromage\/adarrazpi-et-sagardoetxea\/\"]}]},{\"@type\":\"ImageObject\",\"inLanguage\":\"fr-FR\",\"@id\":\"https:\/\/sagardoarenlurraldea.eus\/fr\/product\/experiences-fr-2\/cidre-fromage\/adarrazpi-et-sagardoetxea\/#primaryimage\",\"url\":\"https:\/\/sagardoarenlurraldea.eus\/wp-content\/uploads\/2016\/10\/EXPADARRAZPI-F00.jpg\",\"contentUrl\":\"https:\/\/sagardoarenlurraldea.eus\/wp-content\/uploads\/2016\/10\/EXPADARRAZPI-F00.jpg\",\"width\":900,\"height\":600},{\"@type\":\"BreadcrumbList\",\"@id\":\"https:\/\/sagardoarenlurraldea.eus\/fr\/product\/experiences-fr-2\/cidre-fromage\/adarrazpi-et-sagardoetxea\/#breadcrumb\",\"itemListElement\":[{\"@type\":\"ListItem\",\"position\":1,\"name\":\"Inicio\",\"item\":\"https:\/\/sagardoarenlurraldea.eus\/fr\/\"},{\"@type\":\"ListItem\",\"position\":2,\"name\":\"R\u00e9servations\",\"item\":\"https:\/\/sagardoarenlurraldea.eus\/fr\/reservations\/\"},{\"@type\":\"ListItem\",\"position\":3,\"name\":\"Fromagerie Adarrazpi, Sagardoetxea et cidrerie\"}]},{\"@type\":\"WebSite\",\"@id\":\"https:\/\/sagardoarenlurraldea.eus\/fr\/#website\",\"url\":\"https:\/\/sagardoarenlurraldea.eus\/fr\/\",\"name\":\"Sagardoaren Lurraldea\",\"description\":\"El territorio de la sidra\",\"potentialAction\":[{\"@type\":\"SearchAction\",\"target\":{\"@type\":\"EntryPoint\",\"urlTemplate\":\"https:\/\/sagardoarenlurraldea.eus\/fr\/?s={search_term_string}\"},\"query-input\":{\"@type\":\"PropertyValueSpecification\",\"valueRequired\":true,\"valueName\":\"search_term_string\"}}],\"inLanguage\":\"fr-FR\"}]}<\/script>\n<!-- \/ Yoast SEO plugin. -->","yoast_head_json":{"title":"Fromagerie Adarrazpi, Sagardoetxea et cidrerie - Sagardoaren Lurraldea","robots":{"index":"index","follow":"follow","max-snippet":"max-snippet:-1","max-image-preview":"max-image-preview:large","max-video-preview":"max-video-preview:-1"},"canonical":"https:\/\/sagardoarenlurraldea.eus\/fr\/product\/experiences-fr-2\/cidre-fromage\/adarrazpi-et-sagardoetxea\/","og_locale":"fr_FR","og_type":"article","og_title":"Fromagerie Adarrazpi, Sagardoetxea et cidrerie - Sagardoaren Lurraldea","og_description":"Comme un bon maitre de cidrerie, vous d\u00e9couvrirez tous les secrets de la fabrication et de la d\u00e9gustation du cidre basque. Ensuite, vous d\u00e9couvrirez l'exp\u00e9rience d'un v\u00e9ritable berger basque, de l'alimentation du troupeau \u00e0 la traite des brebis, en passant par la fabrication du fromage dans la fromagerie.","og_url":"https:\/\/sagardoarenlurraldea.eus\/fr\/product\/experiences-fr-2\/cidre-fromage\/adarrazpi-et-sagardoetxea\/","og_site_name":"Sagardoaren Lurraldea","article_publisher":"https:\/\/www.facebook.com\/sagardoarenlurraldea","article_modified_time":"2026-04-20T15:18:14+00:00","og_image":[{"width":900,"height":600,"url":"https:\/\/sagardoarenlurraldea.eus\/wp-content\/uploads\/2016\/10\/EXPADARRAZPI-F00.jpg","type":"image\/jpeg"}],"twitter_card":"summary_large_image","twitter_misc":{"Dur\u00e9e de lecture estim\u00e9e":"2 minutes"},"schema":{"@context":"https:\/\/schema.org","@graph":[{"@type":"WebPage","@id":"https:\/\/sagardoarenlurraldea.eus\/fr\/product\/experiences-fr-2\/cidre-fromage\/adarrazpi-et-sagardoetxea\/","url":"https:\/\/sagardoarenlurraldea.eus\/fr\/product\/experiences-fr-2\/cidre-fromage\/adarrazpi-et-sagardoetxea\/","name":"Fromagerie Adarrazpi, Sagardoetxea et cidrerie - Sagardoaren Lurraldea","isPartOf":{"@id":"https:\/\/sagardoarenlurraldea.eus\/fr\/#website"},"primaryImageOfPage":{"@id":"https:\/\/sagardoarenlurraldea.eus\/fr\/product\/experiences-fr-2\/cidre-fromage\/adarrazpi-et-sagardoetxea\/#primaryimage"},"image":{"@id":"https:\/\/sagardoarenlurraldea.eus\/fr\/product\/experiences-fr-2\/cidre-fromage\/adarrazpi-et-sagardoetxea\/#primaryimage"},"thumbnailUrl":"https:\/\/sagardoarenlurraldea.eus\/wp-content\/uploads\/2016\/10\/EXPADARRAZPI-F00.jpg","datePublished":"2016-10-03T16:49:34+00:00","dateModified":"2026-04-20T15:18:14+00:00","breadcrumb":{"@id":"https:\/\/sagardoarenlurraldea.eus\/fr\/product\/experiences-fr-2\/cidre-fromage\/adarrazpi-et-sagardoetxea\/#breadcrumb"},"inLanguage":"fr-FR","potentialAction":[{"@type":"ReadAction","target":["https:\/\/sagardoarenlurraldea.eus\/fr\/product\/experiences-fr-2\/cidre-fromage\/adarrazpi-et-sagardoetxea\/"]}]},{"@type":"ImageObject","inLanguage":"fr-FR","@id":"https:\/\/sagardoarenlurraldea.eus\/fr\/product\/experiences-fr-2\/cidre-fromage\/adarrazpi-et-sagardoetxea\/#primaryimage","url":"https:\/\/sagardoarenlurraldea.eus\/wp-content\/uploads\/2016\/10\/EXPADARRAZPI-F00.jpg","contentUrl":"https:\/\/sagardoarenlurraldea.eus\/wp-content\/uploads\/2016\/10\/EXPADARRAZPI-F00.jpg","width":900,"height":600},{"@type":"BreadcrumbList","@id":"https:\/\/sagardoarenlurraldea.eus\/fr\/product\/experiences-fr-2\/cidre-fromage\/adarrazpi-et-sagardoetxea\/#breadcrumb","itemListElement":[{"@type":"ListItem","position":1,"name":"Inicio","item":"https:\/\/sagardoarenlurraldea.eus\/fr\/"},{"@type":"ListItem","position":2,"name":"R\u00e9servations","item":"https:\/\/sagardoarenlurraldea.eus\/fr\/reservations\/"},{"@type":"ListItem","position":3,"name":"Fromagerie Adarrazpi, Sagardoetxea et cidrerie"}]},{"@type":"WebSite","@id":"https:\/\/sagardoarenlurraldea.eus\/fr\/#website","url":"https:\/\/sagardoarenlurraldea.eus\/fr\/","name":"Sagardoaren Lurraldea","description":"El territorio de la sidra","potentialAction":[{"@type":"SearchAction","target":{"@type":"EntryPoint","urlTemplate":"https:\/\/sagardoarenlurraldea.eus\/fr\/?s={search_term_string}"},"query-input":{"@type":"PropertyValueSpecification","valueRequired":true,"valueName":"search_term_string"}}],"inLanguage":"fr-FR"}]}},"_links":{"self":[{"href":"https:\/\/sagardoarenlurraldea.eus\/fr\/wp-json\/wp\/v2\/product\/24805","targetHints":{"allow":["GET"]}}],"collection":[{"href":"https:\/\/sagardoarenlurraldea.eus\/fr\/wp-json\/wp\/v2\/product"}],"about":[{"href":"https:\/\/sagardoarenlurraldea.eus\/fr\/wp-json\/wp\/v2\/types\/product"}],"replies":[{"embeddable":true,"href":"https:\/\/sagardoarenlurraldea.eus\/fr\/wp-json\/wp\/v2\/comments?post=24805"}],"wp:featuredmedia":[{"embeddable":true,"href":"https:\/\/sagardoarenlurraldea.eus\/fr\/wp-json\/wp\/v2\/media\/12457"}],"wp:attachment":[{"href":"https:\/\/sagardoarenlurraldea.eus\/fr\/wp-json\/wp\/v2\/media?parent=24805"}],"wp:term":[{"taxonomy":"product_brand","embeddable":true,"href":"https:\/\/sagardoarenlurraldea.eus\/fr\/wp-json\/wp\/v2\/product_brand?post=24805"},{"taxonomy":"product_cat","embeddable":true,"href":"https:\/\/sagardoarenlurraldea.eus\/fr\/wp-json\/wp\/v2\/product_cat?post=24805"},{"taxonomy":"product_tag","embeddable":true,"href":"https:\/\/sagardoarenlurraldea.eus\/fr\/wp-json\/wp\/v2\/product_tag?post=24805"}],"curies":[{"name":"wp","href":"https:\/\/api.w.org\/{rel}","templated":true}]}}