{"id":24760,"date":"2020-05-26T14:00:34","date_gmt":"2021-04-10T12:00:34","guid":{"rendered":"http:\/\/www.sagardoarenlurraldea.eus\/reservar\/sin%20categorizar\/sidra-mar-donostia\/"},"modified":"2026-03-10T17:04:12","modified_gmt":"2026-03-10T15:04:12","slug":"cidre-mer-donostia","status":"publish","type":"product","link":"https:\/\/sagardoarenlurraldea.eus\/fr\/product\/experiences-fr-2\/cidre-mer\/cidre-mer-donostia\/","title":{"rendered":"Le cidre et la mer: Aquarium de Saint S\u00e9bastien, Balade en bateau, Sagardoetxea et cidrerie"},"content":{"rendered":"<h2>Activit\u00e9s inclues dans l&rsquo;exp\u00e9rience<\/h2>\n<ul>\n<li>Visite guid\u00e9e de <strong>l\u2019Aquarium de Saint S\u00e9bastien<\/strong>.<\/li>\n<li><strong>Balade en bateau<\/strong> sur la Baie de la Concha.<\/li>\n<li>Visite de la <strong>Sagardoetxea, Mus\u00e9e du Cidre Basque<\/strong> et d\u00e9gustation de cidre.<\/li>\n<li><strong>D\u00e9jeuner\/ Diner dans une Cidrerie traditionnelle<\/strong>. Le menu traditionnel de Cidrerie est compos\u00e9 d\u2019omelette de morue, morue frite avec des poivrons, c\u00f4te de b\u0153uf, fromage, noix, p\u00e2te de coing et cidre au txotx.<br \/>\nNOTE : En cas de besoin de transport indiquez-le dans le cadre des observations au moment de la r\u00e9servation.<\/li>\n<\/ul>\n<h2>Informations pratiques<\/h2>\n<ul>\n<li><strong>Horaires<\/strong> : De mardi \u00e0 samedi \u00e0 10:00 et \u00e0 16:00. Dimanche et f\u00e9ri\u00e9s \u00e0 10:00.<\/li>\n<li><strong>Dur\u00e9e\u00a0<\/strong>: 6h.<\/li>\n<li><strong>Quand ?<\/strong> De juin \u00e0 septembre.<\/li>\n<li><strong>Qui ?<\/strong> Individuel, groupes, famille et couple.<\/li>\n<li><strong>Langues :<\/strong> Espagnol, basque, fran\u00e7ais et anglais. <strong>(Toujours sur r\u00e9servation pr\u00e9alable)<\/strong><\/li>\n<li><strong>Point de rencontre :<\/strong> Aquarium Donostia-San Sebasti\u00e1n (Plaza de Carlos Blasco Imaz, 1 \u2013 Donostia). Coordonn\u00e9es GPS: 43.322785, -1.991578.<\/li>\n<li><strong>Comment arriver\u00a0?<\/strong>\n<ul>\n<li>En v\u00e9hicule propre\u00a0: parking du Paseo Nuevo (C\/ Pasealeku berria) et parking du Boulevard (C\/ Alameda Boulevard). Distance estim\u00e9e : 10-15 min.<\/li>\n<\/ul>\n<\/li>\n<\/ul>\n<p><strong>AVIS IMPORTANT:<\/strong> Lors de votre r\u00e9servation, vous ne recevrez pas vos billets par courriel. Votre r\u00e9servation a \u00e9t\u00e9 enregistr\u00e9e dans notre syst\u00e8me ; il vous suffit de vous pr\u00e9senter au point de rencontre le jour de l\u2019activit\u00e9 et de donner votre nom.<\/p>\n<h2>Tarifs<\/h2>\n<ul>\n<li><strong>Adultes <\/strong>: 75,50 \u20ac (Incluant les visites guid\u00e9es, balade en bateau et d\u00e9jeun\u00e9 \/ diner en Cidrerie).<\/li>\n<li><strong>Enfants<\/strong> :\n<ul>\n<li><strong>Enfants de 0-6 ans<\/strong>: 38,50 \u20ac (<span id=\"result_box\" class=\"short_text\" lang=\"fr\"><span class=\"\">menu pour enfants<\/span><\/span>)<\/li>\n<li><strong>Enfants de 7-17 ans<\/strong>: 41,50 \u20ac (<span id=\"result_box\" class=\"short_text\" lang=\"fr\"><span class=\"\">menu pour enfants<\/span><\/span>)<\/li>\n<\/ul>\n<\/li>\n<\/ul>\n<h2>Le plus<\/h2>\n<ul>\n<li>Se laisser s\u00e9duire par la beaut\u00e9 de la Baie de La Concha \u00e0 Saint S\u00e9bastian.<\/li>\n<li>D\u00e9couvrir le voyage surprenant de l\u2019\u00e9poque de la chasse \u00e0 la baleine.<\/li>\n<li>Profiter de la visite et d\u2019un repas en Cidrerie.<\/li>\n<\/ul>\n<p>&nbsp;<\/p>\n","protected":false},"excerpt":{"rendered":"<p>Revivez l\u2019aventure de la chasse \u00e0 la baleine en visitant l\u2019Aquarium de Saint S\u00e9bastien et d\u00e9couvrez la taille d\u2019un v\u00e9ritable squelette de ce c\u00e9tac\u00e9. Apr\u00e8s avoir vu les poissons et les requins, l\u2019oc\u00e9an nous attend pour une balade en bateau dans la Baie de La Concha. Saviez-vous que le cidre est tr\u00e8s v\u00e9hicul\u00e9 \u00e0 l\u2019oc\u00e9an\u00a0? Au Mus\u00e9e du Cidre Basque on vous expliquera quel \u00e9tait le secret des marins pour \u00e9viter le scorbut.\u00a0 Pour finir a journ\u00e9e en d\u00e9gustant un menu traditionnel de Cidrerie.<\/p>\n","protected":false},"featured_media":9647,"comment_status":"open","ping_status":"closed","template":"","meta":{"_acf_changed":false,"_et_pb_use_builder":"","_et_pb_old_content":"","_et_gb_content_width":""},"product_brand":[],"product_cat":[2023,2671],"product_tag":[2649,2628,2621],"class_list":{"0":"post-24760","1":"product","2":"type-product","3":"status-publish","4":"has-post-thumbnail","6":"product_cat-experiences-fr-2","7":"product_cat-cidre-mer","8":"product_tag-disponible-juin-septembre","9":"product_tag-le-matin","10":"product_tag-lapres-midi","11":"dtwm_map-alorrenea-fr","12":"dtwm_map-aquarium-fr","13":"dtwm_map-motoras-de-la-isla-fr","14":"dtwm_map-sagardoetxea-fr","16":"first","17":"instock","18":"virtual","19":"sold-individually","20":"purchasable","21":"product-type-booking"},"exclude_global_add_ons":false,"addons":[{"name":"Cidreries disponibles","type":"select","position":0,"required":false,"title_format":"label","default":"","description_enable":false,"description":"Choisissez la Cidrerie qui vous plait le plus. Le nom de la Cidrerie d\u00e9finitive vous sera communiqu\u00e9 par mail, en fonction des disponibilit\u00e9s et horaires.","placeholder_enable":false,"placeholder":"","display":"select","restrictions_type":"any_text","adjust_price":false,"price":"","price_type":"flat_fee","restrictions":false,"min":"0","max":"0","options":[],"id":1770406314},{"name":"Service de guide en langues","type":"select","position":1,"required":false,"title_format":"label","default":"","description_enable":false,"description":"","placeholder_enable":false,"placeholder":"","display":"select","restrictions_type":"any_text","adjust_price":false,"price":"","price_type":"flat_fee","restrictions":false,"min":"0","max":"0","options":[],"id":1770406315}],"acf":[],"yoast_head":"<!-- This site is optimized with the Yoast SEO plugin v25.4 - https:\/\/yoast.com\/wordpress\/plugins\/seo\/ -->\n<title>Le cidre et la mer: Aquarium de Saint S\u00e9bastien, Balade en bateau, Sagardoetxea et cidrerie - Sagardoaren Lurraldea<\/title>\n<meta name=\"robots\" content=\"index, follow, max-snippet:-1, max-image-preview:large, max-video-preview:-1\" \/>\n<link rel=\"canonical\" href=\"https:\/\/sagardoarenlurraldea.eus\/fr\/product\/experiences-fr-2\/cidre-mer\/cidre-mer-donostia\/\" \/>\n<meta property=\"og:locale\" content=\"fr_FR\" \/>\n<meta property=\"og:type\" content=\"article\" \/>\n<meta property=\"og:title\" content=\"Le cidre et la mer: Aquarium de Saint S\u00e9bastien, Balade en bateau, Sagardoetxea et cidrerie - Sagardoaren Lurraldea\" \/>\n<meta property=\"og:description\" content=\"Revivez l\u2019aventure de la chasse \u00e0 la baleine en visitant l\u2019Aquarium de Saint S\u00e9bastien et d\u00e9couvrez la taille d\u2019un v\u00e9ritable squelette de ce c\u00e9tac\u00e9. Apr\u00e8s avoir vu les poissons et les requins, l\u2019oc\u00e9an nous attend pour une balade en bateau dans la Baie de La Concha. Saviez-vous que le cidre est tr\u00e8s v\u00e9hicul\u00e9 \u00e0 l\u2019oc\u00e9an\u00a0? Au Mus\u00e9e du Cidre Basque on vous expliquera quel \u00e9tait le secret des marins pour \u00e9viter le scorbut.\u00a0 Pour finir a journ\u00e9e en d\u00e9gustant un menu traditionnel de Cidrerie.\" \/>\n<meta property=\"og:url\" content=\"https:\/\/sagardoarenlurraldea.eus\/fr\/product\/experiences-fr-2\/cidre-mer\/cidre-mer-donostia\/\" \/>\n<meta property=\"og:site_name\" content=\"Sagardoaren Lurraldea\" \/>\n<meta property=\"article:publisher\" content=\"https:\/\/www.facebook.com\/sagardoarenlurraldea\" \/>\n<meta property=\"article:modified_time\" content=\"2026-03-10T15:04:12+00:00\" \/>\n<meta property=\"og:image\" content=\"https:\/\/sagardoarenlurraldea.eus\/wp-content\/uploads\/2016\/08\/EXPSIDRAMARAQUA-F00.jpg\" \/>\n\t<meta property=\"og:image:width\" content=\"900\" \/>\n\t<meta property=\"og:image:height\" content=\"600\" \/>\n\t<meta property=\"og:image:type\" content=\"image\/jpeg\" \/>\n<meta name=\"twitter:card\" content=\"summary_large_image\" \/>\n<meta name=\"twitter:label1\" content=\"Dur\u00e9e de lecture estim\u00e9e\" \/>\n\t<meta name=\"twitter:data1\" content=\"2 minutes\" \/>\n<script type=\"application\/ld+json\" class=\"yoast-schema-graph\">{\"@context\":\"https:\/\/schema.org\",\"@graph\":[{\"@type\":\"WebPage\",\"@id\":\"https:\/\/sagardoarenlurraldea.eus\/fr\/product\/experiences-fr-2\/cidre-mer\/cidre-mer-donostia\/\",\"url\":\"https:\/\/sagardoarenlurraldea.eus\/fr\/product\/experiences-fr-2\/cidre-mer\/cidre-mer-donostia\/\",\"name\":\"Le cidre et la mer: Aquarium de Saint S\u00e9bastien, Balade en bateau, Sagardoetxea et cidrerie - Sagardoaren Lurraldea\",\"isPartOf\":{\"@id\":\"https:\/\/sagardoarenlurraldea.eus\/fr\/#website\"},\"primaryImageOfPage\":{\"@id\":\"https:\/\/sagardoarenlurraldea.eus\/fr\/product\/experiences-fr-2\/cidre-mer\/cidre-mer-donostia\/#primaryimage\"},\"image\":{\"@id\":\"https:\/\/sagardoarenlurraldea.eus\/fr\/product\/experiences-fr-2\/cidre-mer\/cidre-mer-donostia\/#primaryimage\"},\"thumbnailUrl\":\"https:\/\/sagardoarenlurraldea.eus\/wp-content\/uploads\/2016\/08\/EXPSIDRAMARAQUA-F00.jpg\",\"datePublished\":\"2021-04-10T12:00:34+00:00\",\"dateModified\":\"2026-03-10T15:04:12+00:00\",\"breadcrumb\":{\"@id\":\"https:\/\/sagardoarenlurraldea.eus\/fr\/product\/experiences-fr-2\/cidre-mer\/cidre-mer-donostia\/#breadcrumb\"},\"inLanguage\":\"fr-FR\",\"potentialAction\":[{\"@type\":\"ReadAction\",\"target\":[\"https:\/\/sagardoarenlurraldea.eus\/fr\/product\/experiences-fr-2\/cidre-mer\/cidre-mer-donostia\/\"]}]},{\"@type\":\"ImageObject\",\"inLanguage\":\"fr-FR\",\"@id\":\"https:\/\/sagardoarenlurraldea.eus\/fr\/product\/experiences-fr-2\/cidre-mer\/cidre-mer-donostia\/#primaryimage\",\"url\":\"https:\/\/sagardoarenlurraldea.eus\/wp-content\/uploads\/2016\/08\/EXPSIDRAMARAQUA-F00.jpg\",\"contentUrl\":\"https:\/\/sagardoarenlurraldea.eus\/wp-content\/uploads\/2016\/08\/EXPSIDRAMARAQUA-F00.jpg\",\"width\":900,\"height\":600},{\"@type\":\"BreadcrumbList\",\"@id\":\"https:\/\/sagardoarenlurraldea.eus\/fr\/product\/experiences-fr-2\/cidre-mer\/cidre-mer-donostia\/#breadcrumb\",\"itemListElement\":[{\"@type\":\"ListItem\",\"position\":1,\"name\":\"Inicio\",\"item\":\"https:\/\/sagardoarenlurraldea.eus\/fr\/\"},{\"@type\":\"ListItem\",\"position\":2,\"name\":\"R\u00e9servations\",\"item\":\"https:\/\/sagardoarenlurraldea.eus\/fr\/reservations\/\"},{\"@type\":\"ListItem\",\"position\":3,\"name\":\"Le cidre et la mer: Aquarium de Saint S\u00e9bastien, Balade en bateau, Sagardoetxea et cidrerie\"}]},{\"@type\":\"WebSite\",\"@id\":\"https:\/\/sagardoarenlurraldea.eus\/fr\/#website\",\"url\":\"https:\/\/sagardoarenlurraldea.eus\/fr\/\",\"name\":\"Sagardoaren Lurraldea\",\"description\":\"El territorio de la sidra\",\"potentialAction\":[{\"@type\":\"SearchAction\",\"target\":{\"@type\":\"EntryPoint\",\"urlTemplate\":\"https:\/\/sagardoarenlurraldea.eus\/fr\/?s={search_term_string}\"},\"query-input\":{\"@type\":\"PropertyValueSpecification\",\"valueRequired\":true,\"valueName\":\"search_term_string\"}}],\"inLanguage\":\"fr-FR\"}]}<\/script>\n<!-- \/ Yoast SEO plugin. -->","yoast_head_json":{"title":"Le cidre et la mer: Aquarium de Saint S\u00e9bastien, Balade en bateau, Sagardoetxea et cidrerie - Sagardoaren Lurraldea","robots":{"index":"index","follow":"follow","max-snippet":"max-snippet:-1","max-image-preview":"max-image-preview:large","max-video-preview":"max-video-preview:-1"},"canonical":"https:\/\/sagardoarenlurraldea.eus\/fr\/product\/experiences-fr-2\/cidre-mer\/cidre-mer-donostia\/","og_locale":"fr_FR","og_type":"article","og_title":"Le cidre et la mer: Aquarium de Saint S\u00e9bastien, Balade en bateau, Sagardoetxea et cidrerie - Sagardoaren Lurraldea","og_description":"Revivez l\u2019aventure de la chasse \u00e0 la baleine en visitant l\u2019Aquarium de Saint S\u00e9bastien et d\u00e9couvrez la taille d\u2019un v\u00e9ritable squelette de ce c\u00e9tac\u00e9. Apr\u00e8s avoir vu les poissons et les requins, l\u2019oc\u00e9an nous attend pour une balade en bateau dans la Baie de La Concha. Saviez-vous que le cidre est tr\u00e8s v\u00e9hicul\u00e9 \u00e0 l\u2019oc\u00e9an\u00a0? Au Mus\u00e9e du Cidre Basque on vous expliquera quel \u00e9tait le secret des marins pour \u00e9viter le scorbut.\u00a0 Pour finir a journ\u00e9e en d\u00e9gustant un menu traditionnel de Cidrerie.","og_url":"https:\/\/sagardoarenlurraldea.eus\/fr\/product\/experiences-fr-2\/cidre-mer\/cidre-mer-donostia\/","og_site_name":"Sagardoaren Lurraldea","article_publisher":"https:\/\/www.facebook.com\/sagardoarenlurraldea","article_modified_time":"2026-03-10T15:04:12+00:00","og_image":[{"width":900,"height":600,"url":"https:\/\/sagardoarenlurraldea.eus\/wp-content\/uploads\/2016\/08\/EXPSIDRAMARAQUA-F00.jpg","type":"image\/jpeg"}],"twitter_card":"summary_large_image","twitter_misc":{"Dur\u00e9e de lecture estim\u00e9e":"2 minutes"},"schema":{"@context":"https:\/\/schema.org","@graph":[{"@type":"WebPage","@id":"https:\/\/sagardoarenlurraldea.eus\/fr\/product\/experiences-fr-2\/cidre-mer\/cidre-mer-donostia\/","url":"https:\/\/sagardoarenlurraldea.eus\/fr\/product\/experiences-fr-2\/cidre-mer\/cidre-mer-donostia\/","name":"Le cidre et la mer: Aquarium de Saint S\u00e9bastien, Balade en bateau, Sagardoetxea et cidrerie - Sagardoaren Lurraldea","isPartOf":{"@id":"https:\/\/sagardoarenlurraldea.eus\/fr\/#website"},"primaryImageOfPage":{"@id":"https:\/\/sagardoarenlurraldea.eus\/fr\/product\/experiences-fr-2\/cidre-mer\/cidre-mer-donostia\/#primaryimage"},"image":{"@id":"https:\/\/sagardoarenlurraldea.eus\/fr\/product\/experiences-fr-2\/cidre-mer\/cidre-mer-donostia\/#primaryimage"},"thumbnailUrl":"https:\/\/sagardoarenlurraldea.eus\/wp-content\/uploads\/2016\/08\/EXPSIDRAMARAQUA-F00.jpg","datePublished":"2021-04-10T12:00:34+00:00","dateModified":"2026-03-10T15:04:12+00:00","breadcrumb":{"@id":"https:\/\/sagardoarenlurraldea.eus\/fr\/product\/experiences-fr-2\/cidre-mer\/cidre-mer-donostia\/#breadcrumb"},"inLanguage":"fr-FR","potentialAction":[{"@type":"ReadAction","target":["https:\/\/sagardoarenlurraldea.eus\/fr\/product\/experiences-fr-2\/cidre-mer\/cidre-mer-donostia\/"]}]},{"@type":"ImageObject","inLanguage":"fr-FR","@id":"https:\/\/sagardoarenlurraldea.eus\/fr\/product\/experiences-fr-2\/cidre-mer\/cidre-mer-donostia\/#primaryimage","url":"https:\/\/sagardoarenlurraldea.eus\/wp-content\/uploads\/2016\/08\/EXPSIDRAMARAQUA-F00.jpg","contentUrl":"https:\/\/sagardoarenlurraldea.eus\/wp-content\/uploads\/2016\/08\/EXPSIDRAMARAQUA-F00.jpg","width":900,"height":600},{"@type":"BreadcrumbList","@id":"https:\/\/sagardoarenlurraldea.eus\/fr\/product\/experiences-fr-2\/cidre-mer\/cidre-mer-donostia\/#breadcrumb","itemListElement":[{"@type":"ListItem","position":1,"name":"Inicio","item":"https:\/\/sagardoarenlurraldea.eus\/fr\/"},{"@type":"ListItem","position":2,"name":"R\u00e9servations","item":"https:\/\/sagardoarenlurraldea.eus\/fr\/reservations\/"},{"@type":"ListItem","position":3,"name":"Le cidre et la mer: Aquarium de Saint S\u00e9bastien, Balade en bateau, Sagardoetxea et cidrerie"}]},{"@type":"WebSite","@id":"https:\/\/sagardoarenlurraldea.eus\/fr\/#website","url":"https:\/\/sagardoarenlurraldea.eus\/fr\/","name":"Sagardoaren Lurraldea","description":"El territorio de la sidra","potentialAction":[{"@type":"SearchAction","target":{"@type":"EntryPoint","urlTemplate":"https:\/\/sagardoarenlurraldea.eus\/fr\/?s={search_term_string}"},"query-input":{"@type":"PropertyValueSpecification","valueRequired":true,"valueName":"search_term_string"}}],"inLanguage":"fr-FR"}]}},"_links":{"self":[{"href":"https:\/\/sagardoarenlurraldea.eus\/fr\/wp-json\/wp\/v2\/product\/24760","targetHints":{"allow":["GET"]}}],"collection":[{"href":"https:\/\/sagardoarenlurraldea.eus\/fr\/wp-json\/wp\/v2\/product"}],"about":[{"href":"https:\/\/sagardoarenlurraldea.eus\/fr\/wp-json\/wp\/v2\/types\/product"}],"replies":[{"embeddable":true,"href":"https:\/\/sagardoarenlurraldea.eus\/fr\/wp-json\/wp\/v2\/comments?post=24760"}],"wp:featuredmedia":[{"embeddable":true,"href":"https:\/\/sagardoarenlurraldea.eus\/fr\/wp-json\/wp\/v2\/media\/9647"}],"wp:attachment":[{"href":"https:\/\/sagardoarenlurraldea.eus\/fr\/wp-json\/wp\/v2\/media?parent=24760"}],"wp:term":[{"taxonomy":"product_brand","embeddable":true,"href":"https:\/\/sagardoarenlurraldea.eus\/fr\/wp-json\/wp\/v2\/product_brand?post=24760"},{"taxonomy":"product_cat","embeddable":true,"href":"https:\/\/sagardoarenlurraldea.eus\/fr\/wp-json\/wp\/v2\/product_cat?post=24760"},{"taxonomy":"product_tag","embeddable":true,"href":"https:\/\/sagardoarenlurraldea.eus\/fr\/wp-json\/wp\/v2\/product_tag?post=24760"}],"curies":[{"name":"wp","href":"https:\/\/api.w.org\/{rel}","templated":true}]}}