{"id":194338,"date":"2025-03-06T11:00:48","date_gmt":"2024-03-06T09:00:48","guid":{"rendered":"https:\/\/sagardoarenlurraldea.eus\/reservar\/non%20class\u00e9\/semaine-saint-a-sagardoetxea-degustation-de-cidre-et-fromages-du-pays-basque\/"},"modified":"2026-04-13T17:24:35","modified_gmt":"2026-04-13T15:24:35","slug":"semaine-saint-a-sagardoetxea-degustation-de-cidre-et-fromages-du-pays-basque","status":"publish","type":"product","link":"https:\/\/sagardoarenlurraldea.eus\/fr\/product\/musee\/semaine-saint-a-sagardoetxea-degustation-de-cidre-et-fromages-du-pays-basque\/","title":{"rendered":"Semaine Saint \u00e0 Sagardoetxea: Degustation de cidre et fromages du Pays Basque"},"content":{"rendered":"<h2>Activit\u00e9s inclues dan l\u2019exp\u00e9rience<\/h2>\n<ul>\n<li>Visite guid\u00e9e du champ de pommiers, o\u00f9 d\u00e9couvrir de fa\u00e7on dynamique et p\u00e9dagogique la culture de la pomme.<\/li>\n<li>Visite guid\u00e9e de l\u2019espace mus\u00e9al, o\u00f9 d\u00e9couvrir le pass\u00e9, le pr\u00e9sent et le futur de la pomme, du cidre et de tout le processus d\u2019\u00e9laboration du cidre.<\/li>\n<li>D\u00e9gustation comment\u00e9e de cidre naturel et diff\u00e9rents fromages du Pays Basque : fromages Idiazabal, Iraty et fromage de Roncal.<\/li>\n<\/ul>\n<h2>Horaires<\/h2>\n<ul>\n<li><strong>2-5 Avril:<\/strong> 11:00, 12:00, 13:00, 16:00, 17:00, 18:00, 19:00<\/li>\n<li><strong>7-11 Avril<\/strong>: 11:00, 12:00, 13:00, 16:00, 17:00, 18:00, 19:00<\/li>\n<li><strong>6 et 12 Avril:<\/strong> 11:00, 12:00, 13:00<\/li>\n<\/ul>\n<h2>Dur\u00e9e<\/h2>\n<ul>\n<li>1 heure<\/li>\n<\/ul>\n<h2>Quand?<\/h2>\n<ul>\n<li>Semaine Sainte et P\u00e2que.<\/li>\n<\/ul>\n<h2>Qui?<\/h2>\n<ul>\n<li>Individuel, famille, couple et groupe<\/li>\n<\/ul>\n<h2>Langues<\/h2>\n<ul>\n<li>Espagnol, Basque, Fran\u00e7ais et Anglais (sous r\u00e9servation).<\/li>\n<\/ul>\n<h2>Point de rendez-vous<\/h2>\n<ul>\n<li>Sagardoetxea, Mus\u00e9e du Cidre Basque (Kale Nagusia, 48 \u2013 Astigarraga).<\/li>\n<li>Coordonn\u00e9es GPS: 43.281204, -1.946554\u2033<\/li>\n<\/ul>\n<h2>Comment arriver<\/h2>\n<ul>\n<li>En vehicule propre : Parking au centre de Astigarraga (C\/ Nagusia) et dans la zone industrielle (C\/ Donostia ibilbidea). Distance depuis le parking: 5-10 min.<\/li>\n<li>En bus de ligne : Depuis Saint S\u00e9bastien (C\/ Okendo) et depuis Hernani (C\/ Txirrita): Lignes BU12 y BU13. <a href=\"http:\/\/www.lurraldebus.eus\">Voir horaires<\/a>. Distance depuis l\u2019arr\u00eat : 5 min.<\/li>\n<\/ul>\n<p><strong>AVIS IMPORTANT:<\/strong> Lors de votre r\u00e9servation, vous ne recevrez pas vos billets par courriel. Votre r\u00e9servation a \u00e9t\u00e9 enregistr\u00e9e dans notre syst\u00e8me ; il vous suffit de vous pr\u00e9senter au point de rencontre le jour de l\u2019activit\u00e9 et de donner votre nom.<\/p>\n<p>&nbsp;<\/p>\n<h2>Le plus<\/h2>\n<ul>\n<li>D\u00e9guster deux produits gastronomiques typiques du Pays Basque : le cidre et le fromage.<\/li>\n<li>Apprendre les secrets qui accompagnent une d\u00e9gustation de cidre.<\/li>\n<li>D\u00e9couvrir la culture du cidre en contact avec la nature.<\/li>\n<\/ul>\n","protected":false},"excerpt":{"rendered":"<p>Durant le semaine Saint, la <a href=\"https:\/\/sagardoarenlurraldea.eus\/fr\/le-musee-du-cidre\/sagardoetxea-le-musee\/\">Sagardoetxea<\/a> offre un mariage entre les produits gastronomiques qui se combinent parfaitement : le cidre et le fromage. Ainsi, en plus de la visite guid\u00e9e habituelle de Sagardoetxea, vous pourrez profiter d&rsquo;une<strong> d\u00e9gustation de diff\u00e9rents fromages du Pays basque<\/strong> : fromage Idiazabal D.O., fromage Iraty D.O. et fromage Roncal D.O.<\/p>\n<p>&nbsp;<\/p>\n<ul>\n<li><strong>Adultes : 9,5\u20ac<\/strong> (inclus visite guid\u00e9e et d\u00e9gustation de cidre et fromage)<\/li>\n<li><strong>Enfants de 0-6 ans (accompagn\u00e9 par un adulte): Gratuit<\/strong> (sans d\u00e9gustation. <strong>Fromage : +4,50 \u20ac. Jus de pomme : +1 \u20ac<\/strong>)<strong><br \/>\n<\/strong><\/li>\n<li><strong>Enfants de 7-17 ans: 7,5\u20ac<\/strong> (inclus la visite et la d\u00e9gustation de fromage. <strong>Jus de pomme : +1 \u20ac<\/strong>)<\/li>\n<\/ul>\n","protected":false},"featured_media":284740,"comment_status":"open","ping_status":"closed","template":"","meta":{"_acf_changed":false,"_et_pb_use_builder":"","_et_pb_old_content":"","_et_gb_content_width":""},"product_brand":[],"product_cat":[2694,2087],"product_tag":[3601,3600],"class_list":{"0":"post-194338","1":"product","2":"type-product","3":"status-publish","4":"has-post-thumbnail","6":"product_cat-activites","7":"product_cat-musee","8":"product_tag-sagardoetxea-fr","9":"product_tag-semaine-saint","10":"dtwm_map-sagardoetxea-fr","12":"first","13":"instock","14":"virtual","15":"sold-individually","16":"purchasable","17":"product-type-booking"},"exclude_global_add_ons":false,"addons":[{"name":"Visite guid\u00e9e","type":"select","position":0,"required":false,"title_format":"label","default":"","description_enable":false,"description":"","placeholder_enable":false,"placeholder":"","display":"select","restrictions_type":"any_text","adjust_price":false,"price":"","price_type":"flat_fee","restrictions":false,"min":"0","max":"0","options":[],"id":1772563067}],"acf":[],"yoast_head":"<!-- This site is optimized with the Yoast SEO plugin v25.4 - https:\/\/yoast.com\/wordpress\/plugins\/seo\/ -->\n<title>Semaine Saint \u00e0 Sagardoetxea: Degustation de cidre et fromages du Pays Basque - Sagardoaren Lurraldea<\/title>\n<meta name=\"robots\" content=\"index, follow, max-snippet:-1, max-image-preview:large, max-video-preview:-1\" \/>\n<link rel=\"canonical\" href=\"https:\/\/sagardoarenlurraldea.eus\/fr\/product\/musee\/semaine-saint-a-sagardoetxea-degustation-de-cidre-et-fromages-du-pays-basque\/\" \/>\n<meta property=\"og:locale\" content=\"fr_FR\" \/>\n<meta property=\"og:type\" content=\"article\" \/>\n<meta property=\"og:title\" content=\"Semaine Saint \u00e0 Sagardoetxea: Degustation de cidre et fromages du Pays Basque - Sagardoaren Lurraldea\" \/>\n<meta property=\"og:description\" content=\"Durant le semaine Saint, la Sagardoetxea offre un mariage entre les produits gastronomiques qui se combinent parfaitement : le cidre et le fromage. Ainsi, en plus de la visite guid\u00e9e habituelle de Sagardoetxea, vous pourrez profiter d&#039;une d\u00e9gustation de diff\u00e9rents fromages du Pays basque : fromage Idiazabal D.O., fromage Iraty D.O. et fromage Roncal D.O.  &nbsp;   Adultes : 9,5\u20ac (inclus visite guid\u00e9e et d\u00e9gustation de cidre et fromage)  Enfants de 0-6 ans (accompagn\u00e9 par un adulte): Gratuit (sans d\u00e9gustation. Fromage : +4,50 \u20ac. Jus de pomme : +1 \u20ac)   Enfants de 7-17 ans: 7,5\u20ac (inclus la visite et la d\u00e9gustation de fromage. Jus de pomme : +1 \u20ac)\" \/>\n<meta property=\"og:url\" content=\"https:\/\/sagardoarenlurraldea.eus\/fr\/product\/musee\/semaine-saint-a-sagardoetxea-degustation-de-cidre-et-fromages-du-pays-basque\/\" \/>\n<meta property=\"og:site_name\" content=\"Sagardoaren Lurraldea\" \/>\n<meta property=\"article:publisher\" content=\"https:\/\/www.facebook.com\/sagardoarenlurraldea\" \/>\n<meta property=\"article:modified_time\" content=\"2026-04-13T15:24:35+00:00\" \/>\n<meta property=\"og:image\" content=\"https:\/\/sagardoarenlurraldea.eus\/wp-content\/uploads\/2024\/03\/ASTESANTUA2024_1-scaled.jpg\" \/>\n\t<meta property=\"og:image:width\" content=\"2560\" \/>\n\t<meta property=\"og:image:height\" content=\"1920\" \/>\n\t<meta property=\"og:image:type\" content=\"image\/jpeg\" \/>\n<meta name=\"twitter:card\" content=\"summary_large_image\" \/>\n<meta name=\"twitter:label1\" content=\"Dur\u00e9e de lecture estim\u00e9e\" \/>\n\t<meta name=\"twitter:data1\" content=\"2 minutes\" \/>\n<script type=\"application\/ld+json\" class=\"yoast-schema-graph\">{\"@context\":\"https:\/\/schema.org\",\"@graph\":[{\"@type\":\"WebPage\",\"@id\":\"https:\/\/sagardoarenlurraldea.eus\/fr\/product\/musee\/semaine-saint-a-sagardoetxea-degustation-de-cidre-et-fromages-du-pays-basque\/\",\"url\":\"https:\/\/sagardoarenlurraldea.eus\/fr\/product\/musee\/semaine-saint-a-sagardoetxea-degustation-de-cidre-et-fromages-du-pays-basque\/\",\"name\":\"Semaine Saint \u00e0 Sagardoetxea: Degustation de cidre et fromages du Pays Basque - Sagardoaren Lurraldea\",\"isPartOf\":{\"@id\":\"https:\/\/sagardoarenlurraldea.eus\/fr\/#website\"},\"primaryImageOfPage\":{\"@id\":\"https:\/\/sagardoarenlurraldea.eus\/fr\/product\/musee\/semaine-saint-a-sagardoetxea-degustation-de-cidre-et-fromages-du-pays-basque\/#primaryimage\"},\"image\":{\"@id\":\"https:\/\/sagardoarenlurraldea.eus\/fr\/product\/musee\/semaine-saint-a-sagardoetxea-degustation-de-cidre-et-fromages-du-pays-basque\/#primaryimage\"},\"thumbnailUrl\":\"https:\/\/sagardoarenlurraldea.eus\/wp-content\/uploads\/2024\/03\/ASTESANTUA2024_1-scaled.jpg\",\"datePublished\":\"2024-03-06T09:00:48+00:00\",\"dateModified\":\"2026-04-13T15:24:35+00:00\",\"breadcrumb\":{\"@id\":\"https:\/\/sagardoarenlurraldea.eus\/fr\/product\/musee\/semaine-saint-a-sagardoetxea-degustation-de-cidre-et-fromages-du-pays-basque\/#breadcrumb\"},\"inLanguage\":\"fr-FR\",\"potentialAction\":[{\"@type\":\"ReadAction\",\"target\":[\"https:\/\/sagardoarenlurraldea.eus\/fr\/product\/musee\/semaine-saint-a-sagardoetxea-degustation-de-cidre-et-fromages-du-pays-basque\/\"]}]},{\"@type\":\"ImageObject\",\"inLanguage\":\"fr-FR\",\"@id\":\"https:\/\/sagardoarenlurraldea.eus\/fr\/product\/musee\/semaine-saint-a-sagardoetxea-degustation-de-cidre-et-fromages-du-pays-basque\/#primaryimage\",\"url\":\"https:\/\/sagardoarenlurraldea.eus\/wp-content\/uploads\/2024\/03\/ASTESANTUA2024_1-scaled.jpg\",\"contentUrl\":\"https:\/\/sagardoarenlurraldea.eus\/wp-content\/uploads\/2024\/03\/ASTESANTUA2024_1-scaled.jpg\",\"width\":2560,\"height\":1920},{\"@type\":\"BreadcrumbList\",\"@id\":\"https:\/\/sagardoarenlurraldea.eus\/fr\/product\/musee\/semaine-saint-a-sagardoetxea-degustation-de-cidre-et-fromages-du-pays-basque\/#breadcrumb\",\"itemListElement\":[{\"@type\":\"ListItem\",\"position\":1,\"name\":\"Inicio\",\"item\":\"https:\/\/sagardoarenlurraldea.eus\/fr\/\"},{\"@type\":\"ListItem\",\"position\":2,\"name\":\"R\u00e9servations\",\"item\":\"https:\/\/sagardoarenlurraldea.eus\/fr\/reservations\/\"},{\"@type\":\"ListItem\",\"position\":3,\"name\":\"Semaine Saint \u00e0 Sagardoetxea: Degustation de cidre et fromages du Pays Basque\"}]},{\"@type\":\"WebSite\",\"@id\":\"https:\/\/sagardoarenlurraldea.eus\/fr\/#website\",\"url\":\"https:\/\/sagardoarenlurraldea.eus\/fr\/\",\"name\":\"Sagardoaren Lurraldea\",\"description\":\"El territorio de la sidra\",\"potentialAction\":[{\"@type\":\"SearchAction\",\"target\":{\"@type\":\"EntryPoint\",\"urlTemplate\":\"https:\/\/sagardoarenlurraldea.eus\/fr\/?s={search_term_string}\"},\"query-input\":{\"@type\":\"PropertyValueSpecification\",\"valueRequired\":true,\"valueName\":\"search_term_string\"}}],\"inLanguage\":\"fr-FR\"}]}<\/script>\n<!-- \/ Yoast SEO plugin. -->","yoast_head_json":{"title":"Semaine Saint \u00e0 Sagardoetxea: Degustation de cidre et fromages du Pays Basque - Sagardoaren Lurraldea","robots":{"index":"index","follow":"follow","max-snippet":"max-snippet:-1","max-image-preview":"max-image-preview:large","max-video-preview":"max-video-preview:-1"},"canonical":"https:\/\/sagardoarenlurraldea.eus\/fr\/product\/musee\/semaine-saint-a-sagardoetxea-degustation-de-cidre-et-fromages-du-pays-basque\/","og_locale":"fr_FR","og_type":"article","og_title":"Semaine Saint \u00e0 Sagardoetxea: Degustation de cidre et fromages du Pays Basque - Sagardoaren Lurraldea","og_description":"Durant le semaine Saint, la Sagardoetxea offre un mariage entre les produits gastronomiques qui se combinent parfaitement : le cidre et le fromage. Ainsi, en plus de la visite guid\u00e9e habituelle de Sagardoetxea, vous pourrez profiter d'une d\u00e9gustation de diff\u00e9rents fromages du Pays basque : fromage Idiazabal D.O., fromage Iraty D.O. et fromage Roncal D.O.  &nbsp;   Adultes : 9,5\u20ac (inclus visite guid\u00e9e et d\u00e9gustation de cidre et fromage)  Enfants de 0-6 ans (accompagn\u00e9 par un adulte): Gratuit (sans d\u00e9gustation. Fromage : +4,50 \u20ac. Jus de pomme : +1 \u20ac)   Enfants de 7-17 ans: 7,5\u20ac (inclus la visite et la d\u00e9gustation de fromage. Jus de pomme : +1 \u20ac)","og_url":"https:\/\/sagardoarenlurraldea.eus\/fr\/product\/musee\/semaine-saint-a-sagardoetxea-degustation-de-cidre-et-fromages-du-pays-basque\/","og_site_name":"Sagardoaren Lurraldea","article_publisher":"https:\/\/www.facebook.com\/sagardoarenlurraldea","article_modified_time":"2026-04-13T15:24:35+00:00","og_image":[{"width":2560,"height":1920,"url":"https:\/\/sagardoarenlurraldea.eus\/wp-content\/uploads\/2024\/03\/ASTESANTUA2024_1-scaled.jpg","type":"image\/jpeg"}],"twitter_card":"summary_large_image","twitter_misc":{"Dur\u00e9e de lecture estim\u00e9e":"2 minutes"},"schema":{"@context":"https:\/\/schema.org","@graph":[{"@type":"WebPage","@id":"https:\/\/sagardoarenlurraldea.eus\/fr\/product\/musee\/semaine-saint-a-sagardoetxea-degustation-de-cidre-et-fromages-du-pays-basque\/","url":"https:\/\/sagardoarenlurraldea.eus\/fr\/product\/musee\/semaine-saint-a-sagardoetxea-degustation-de-cidre-et-fromages-du-pays-basque\/","name":"Semaine Saint \u00e0 Sagardoetxea: Degustation de cidre et fromages du Pays Basque - Sagardoaren Lurraldea","isPartOf":{"@id":"https:\/\/sagardoarenlurraldea.eus\/fr\/#website"},"primaryImageOfPage":{"@id":"https:\/\/sagardoarenlurraldea.eus\/fr\/product\/musee\/semaine-saint-a-sagardoetxea-degustation-de-cidre-et-fromages-du-pays-basque\/#primaryimage"},"image":{"@id":"https:\/\/sagardoarenlurraldea.eus\/fr\/product\/musee\/semaine-saint-a-sagardoetxea-degustation-de-cidre-et-fromages-du-pays-basque\/#primaryimage"},"thumbnailUrl":"https:\/\/sagardoarenlurraldea.eus\/wp-content\/uploads\/2024\/03\/ASTESANTUA2024_1-scaled.jpg","datePublished":"2024-03-06T09:00:48+00:00","dateModified":"2026-04-13T15:24:35+00:00","breadcrumb":{"@id":"https:\/\/sagardoarenlurraldea.eus\/fr\/product\/musee\/semaine-saint-a-sagardoetxea-degustation-de-cidre-et-fromages-du-pays-basque\/#breadcrumb"},"inLanguage":"fr-FR","potentialAction":[{"@type":"ReadAction","target":["https:\/\/sagardoarenlurraldea.eus\/fr\/product\/musee\/semaine-saint-a-sagardoetxea-degustation-de-cidre-et-fromages-du-pays-basque\/"]}]},{"@type":"ImageObject","inLanguage":"fr-FR","@id":"https:\/\/sagardoarenlurraldea.eus\/fr\/product\/musee\/semaine-saint-a-sagardoetxea-degustation-de-cidre-et-fromages-du-pays-basque\/#primaryimage","url":"https:\/\/sagardoarenlurraldea.eus\/wp-content\/uploads\/2024\/03\/ASTESANTUA2024_1-scaled.jpg","contentUrl":"https:\/\/sagardoarenlurraldea.eus\/wp-content\/uploads\/2024\/03\/ASTESANTUA2024_1-scaled.jpg","width":2560,"height":1920},{"@type":"BreadcrumbList","@id":"https:\/\/sagardoarenlurraldea.eus\/fr\/product\/musee\/semaine-saint-a-sagardoetxea-degustation-de-cidre-et-fromages-du-pays-basque\/#breadcrumb","itemListElement":[{"@type":"ListItem","position":1,"name":"Inicio","item":"https:\/\/sagardoarenlurraldea.eus\/fr\/"},{"@type":"ListItem","position":2,"name":"R\u00e9servations","item":"https:\/\/sagardoarenlurraldea.eus\/fr\/reservations\/"},{"@type":"ListItem","position":3,"name":"Semaine Saint \u00e0 Sagardoetxea: Degustation de cidre et fromages du Pays Basque"}]},{"@type":"WebSite","@id":"https:\/\/sagardoarenlurraldea.eus\/fr\/#website","url":"https:\/\/sagardoarenlurraldea.eus\/fr\/","name":"Sagardoaren Lurraldea","description":"El territorio de la sidra","potentialAction":[{"@type":"SearchAction","target":{"@type":"EntryPoint","urlTemplate":"https:\/\/sagardoarenlurraldea.eus\/fr\/?s={search_term_string}"},"query-input":{"@type":"PropertyValueSpecification","valueRequired":true,"valueName":"search_term_string"}}],"inLanguage":"fr-FR"}]}},"_links":{"self":[{"href":"https:\/\/sagardoarenlurraldea.eus\/fr\/wp-json\/wp\/v2\/product\/194338","targetHints":{"allow":["GET"]}}],"collection":[{"href":"https:\/\/sagardoarenlurraldea.eus\/fr\/wp-json\/wp\/v2\/product"}],"about":[{"href":"https:\/\/sagardoarenlurraldea.eus\/fr\/wp-json\/wp\/v2\/types\/product"}],"replies":[{"embeddable":true,"href":"https:\/\/sagardoarenlurraldea.eus\/fr\/wp-json\/wp\/v2\/comments?post=194338"}],"wp:featuredmedia":[{"embeddable":true,"href":"https:\/\/sagardoarenlurraldea.eus\/fr\/wp-json\/wp\/v2\/media\/284740"}],"wp:attachment":[{"href":"https:\/\/sagardoarenlurraldea.eus\/fr\/wp-json\/wp\/v2\/media?parent=194338"}],"wp:term":[{"taxonomy":"product_brand","embeddable":true,"href":"https:\/\/sagardoarenlurraldea.eus\/fr\/wp-json\/wp\/v2\/product_brand?post=194338"},{"taxonomy":"product_cat","embeddable":true,"href":"https:\/\/sagardoarenlurraldea.eus\/fr\/wp-json\/wp\/v2\/product_cat?post=194338"},{"taxonomy":"product_tag","embeddable":true,"href":"https:\/\/sagardoarenlurraldea.eus\/fr\/wp-json\/wp\/v2\/product_tag?post=194338"}],"curies":[{"name":"wp","href":"https:\/\/api.w.org\/{rel}","templated":true}]}}