{"id":156800,"date":"2021-09-24T17:00:02","date_gmt":"2021-09-24T15:00:02","guid":{"rendered":"https:\/\/sagardoarenlurraldea.eus\/?post_type=product&#038;p=156800"},"modified":"2026-03-10T14:11:50","modified_gmt":"2026-03-10T12:11:50","slug":"chillida-et-la-cidre","status":"publish","type":"product","link":"https:\/\/sagardoarenlurraldea.eus\/fr\/product\/experiences-fr-2\/musee-et-cidrerie\/chillida-et-la-cidre\/","title":{"rendered":"Chillida et la cidre"},"content":{"rendered":"<h2>Activit\u00e9s incluses dans l&rsquo;exp\u00e9rience<\/h2>\n<ul>\n<li>Visite de <strong>Chillida Leku.<\/strong><\/li>\n<li>Visite de <strong>Sagardoetxea<\/strong> et d\u00e9gustation de cidre.<\/li>\n<li><strong>D\u00e9jeuner \u00e0 la cidrerie<\/strong> Alorrenea. D\u00e9gustation du menu traditionnel de la cidrerie : omelette de morue, morue frite aux poivrons, steak, fromage aux noix et gel\u00e9e de coing et cidre.<br \/>\nNOTE : LE TRANSPORT N&rsquo;EST PAS INCLUS :<br \/>\nLe transport n&rsquo;est pas inclus. Si n\u00e9cessaire, veuillez l&rsquo;inclure lors de la r\u00e9servation (\u00e9tape suivante).<\/li>\n<\/ul>\n<h2>Informations pratiques<\/h2>\n<ul>\n<li><strong>Horaires<\/strong> : jeudi, vendredi, samedi et dimanche : 10h00.<\/li>\n<li><strong>Dur\u00e9e<\/strong> : 5 heures et demie.<\/li>\n<li><strong>Quand cela peut-il \u00eatre fait?<\/strong> Toute l&rsquo;ann\u00e9e.<\/li>\n<li><strong>\u00c0 qui s&rsquo;adresse-t-il?<\/strong> Couples et familles<\/li>\n<li><strong>Langues <\/strong>: espagnol, basque, fran\u00e7ais et anglais. <strong>*Avec r\u00e9servation pr\u00e9alable.<\/strong><\/li>\n<li><strong>Point de rencontre :<\/strong> Chillida Leku (Jauregi bailara, 66 &#8211; Hernani). Coordonn\u00e9es GPS : 43.27883285577467, -1.9981152447255695.<\/li>\n<li><strong>Comment s&rsquo;y rendre:<\/strong>\n<ul>\n<li>En voiture: Parking du mus\u00e9e Chillida Leku.<\/li>\n<li>En bus: Depuis Donostia (Okendo kalea) et Andoain (Goiko plaza): <a href=\"http:\/\/www.lurraldebus.eus\" target=\"_blank\" rel=\"noopener noreferrer\">BU05.<\/a><\/li>\n<\/ul>\n<\/li>\n<\/ul>\n<p><strong>AVIS IMPORTANT:<\/strong> Lors de votre r\u00e9servation, vous ne recevrez pas vos billets par courriel. Votre r\u00e9servation a \u00e9t\u00e9 enregistr\u00e9e dans notre syst\u00e8me ; il vous suffit de vous pr\u00e9senter au point de rencontre le jour de l\u2019activit\u00e9 et de donner votre nom.<\/p>\n<p>&nbsp;<\/p>\n<h2>Tarifs<\/h2>\n<ul>\n<li><strong>Adultes<\/strong>: 61 \u20ac<\/li>\n<li><strong>Des enfants :<\/strong>\n<ul>\n<li><strong>Enfants de 0-6 ans<\/strong>: 28 \u20ac (<span id=\"result_box\" class=\"short_text\" lang=\"fr\"><span class=\"\">menu pour enfants<\/span><\/span>)<\/li>\n<li><strong>Enfants de 7-17 ans<\/strong>: 31 \u20ac (<span id=\"result_box\" class=\"short_text\" lang=\"fr\"><span class=\"\">menu pour enfants<\/span><\/span>)<\/li>\n<\/ul>\n<\/li>\n<\/ul>\n<h2>Le meilleur<\/h2>\n<ul>\n<li>Profitez de l&rsquo;art et de la culture du cidre en plein air et au contact de la nature.<\/li>\n<li>Voyagez jusqu&rsquo;\u00e0 nos racines : d\u00e9couvrez les secrets et les curiosit\u00e9s de la culture du cidre.<\/li>\n<li>Profitez des traditions et des produits locaux avec un repas \u00e0 la cidrerie.<\/li>\n<\/ul>\n","protected":false},"excerpt":{"rendered":"<p>D\u00e9couvrez les \u0153uvres d&rsquo;art du sculpteur Eduardo Chillida et la culture du cidre, embl\u00e8mes d&rsquo;Hernani et d&rsquo;Astigarraga, en visitant leurs deux importants mus\u00e9es : Chillida Leku \u00e0 Hernani et le mus\u00e9e du cidre basque Sagardoetxea \u00e0 Astigarraga. Pour compl\u00e9ter le plan, vous profiterez de la tradition par excellence du territoire, en d\u00e9gustant un repas dans une cidrerie.<\/p>\n","protected":false},"featured_media":154129,"comment_status":"open","ping_status":"closed","template":"","meta":{"_acf_changed":false,"_et_pb_use_builder":"","_et_pb_old_content":"","_et_gb_content_width":""},"product_brand":[],"product_cat":[2023,2668],"product_tag":[2628],"class_list":{"0":"post-156800","1":"product","2":"type-product","3":"status-publish","4":"has-post-thumbnail","6":"product_cat-experiences-fr-2","7":"product_cat-musee-et-cidrerie","8":"product_tag-le-matin","10":"first","11":"instock","12":"virtual","13":"sold-individually","14":"purchasable","15":"product-type-booking"},"exclude_global_add_ons":false,"addons":[{"name":"Service de guide linguistique","type":"select","position":0,"required":false,"title_format":"label","default":"","description_enable":false,"description":"","placeholder_enable":false,"placeholder":"","display":"select","restrictions_type":"any_text","adjust_price":false,"price":"","price_type":"flat_fee","restrictions":false,"min":"0","max":"0","options":[],"id":1773151907}],"acf":[],"yoast_head":"<!-- This site is optimized with the Yoast SEO plugin v25.4 - https:\/\/yoast.com\/wordpress\/plugins\/seo\/ -->\n<title>Chillida et la cidre - Sagardoaren Lurraldea<\/title>\n<meta name=\"robots\" content=\"index, follow, max-snippet:-1, max-image-preview:large, max-video-preview:-1\" \/>\n<link rel=\"canonical\" href=\"https:\/\/sagardoarenlurraldea.eus\/fr\/product\/experiences-fr-2\/musee-et-cidrerie\/chillida-et-la-cidre\/\" \/>\n<meta property=\"og:locale\" content=\"fr_FR\" \/>\n<meta property=\"og:type\" content=\"article\" \/>\n<meta property=\"og:title\" content=\"Chillida et la cidre - Sagardoaren Lurraldea\" \/>\n<meta property=\"og:description\" content=\"D\u00e9couvrez les \u0153uvres d&#039;art du sculpteur Eduardo Chillida et la culture du cidre, embl\u00e8mes d&#039;Hernani et d&#039;Astigarraga, en visitant leurs deux importants mus\u00e9es : Chillida Leku \u00e0 Hernani et le mus\u00e9e du cidre basque Sagardoetxea \u00e0 Astigarraga. Pour compl\u00e9ter le plan, vous profiterez de la tradition par excellence du territoire, en d\u00e9gustant un repas dans une cidrerie.\" \/>\n<meta property=\"og:url\" content=\"https:\/\/sagardoarenlurraldea.eus\/fr\/product\/experiences-fr-2\/musee-et-cidrerie\/chillida-et-la-cidre\/\" \/>\n<meta property=\"og:site_name\" content=\"Sagardoaren Lurraldea\" \/>\n<meta property=\"article:publisher\" content=\"https:\/\/www.facebook.com\/sagardoarenlurraldea\" \/>\n<meta property=\"article:modified_time\" content=\"2026-03-10T12:11:50+00:00\" \/>\n<meta property=\"og:image\" content=\"https:\/\/sagardoarenlurraldea.eus\/wp-content\/uploads\/2021\/03\/EXPCHILLIDASIDRA-F01.jpg\" \/>\n\t<meta property=\"og:image:width\" content=\"1024\" \/>\n\t<meta property=\"og:image:height\" content=\"683\" \/>\n\t<meta property=\"og:image:type\" content=\"image\/jpeg\" \/>\n<meta name=\"twitter:card\" content=\"summary_large_image\" \/>\n<meta name=\"twitter:label1\" content=\"Dur\u00e9e de lecture estim\u00e9e\" \/>\n\t<meta name=\"twitter:data1\" content=\"1 minute\" \/>\n<script type=\"application\/ld+json\" class=\"yoast-schema-graph\">{\"@context\":\"https:\/\/schema.org\",\"@graph\":[{\"@type\":\"WebPage\",\"@id\":\"https:\/\/sagardoarenlurraldea.eus\/fr\/product\/experiences-fr-2\/musee-et-cidrerie\/chillida-et-la-cidre\/\",\"url\":\"https:\/\/sagardoarenlurraldea.eus\/fr\/product\/experiences-fr-2\/musee-et-cidrerie\/chillida-et-la-cidre\/\",\"name\":\"Chillida et la cidre - Sagardoaren Lurraldea\",\"isPartOf\":{\"@id\":\"https:\/\/sagardoarenlurraldea.eus\/fr\/#website\"},\"primaryImageOfPage\":{\"@id\":\"https:\/\/sagardoarenlurraldea.eus\/fr\/product\/experiences-fr-2\/musee-et-cidrerie\/chillida-et-la-cidre\/#primaryimage\"},\"image\":{\"@id\":\"https:\/\/sagardoarenlurraldea.eus\/fr\/product\/experiences-fr-2\/musee-et-cidrerie\/chillida-et-la-cidre\/#primaryimage\"},\"thumbnailUrl\":\"https:\/\/sagardoarenlurraldea.eus\/wp-content\/uploads\/2021\/03\/EXPCHILLIDASIDRA-F01.jpg\",\"datePublished\":\"2021-09-24T15:00:02+00:00\",\"dateModified\":\"2026-03-10T12:11:50+00:00\",\"breadcrumb\":{\"@id\":\"https:\/\/sagardoarenlurraldea.eus\/fr\/product\/experiences-fr-2\/musee-et-cidrerie\/chillida-et-la-cidre\/#breadcrumb\"},\"inLanguage\":\"fr-FR\",\"potentialAction\":[{\"@type\":\"ReadAction\",\"target\":[\"https:\/\/sagardoarenlurraldea.eus\/fr\/product\/experiences-fr-2\/musee-et-cidrerie\/chillida-et-la-cidre\/\"]}]},{\"@type\":\"ImageObject\",\"inLanguage\":\"fr-FR\",\"@id\":\"https:\/\/sagardoarenlurraldea.eus\/fr\/product\/experiences-fr-2\/musee-et-cidrerie\/chillida-et-la-cidre\/#primaryimage\",\"url\":\"https:\/\/sagardoarenlurraldea.eus\/wp-content\/uploads\/2021\/03\/EXPCHILLIDASIDRA-F01.jpg\",\"contentUrl\":\"https:\/\/sagardoarenlurraldea.eus\/wp-content\/uploads\/2021\/03\/EXPCHILLIDASIDRA-F01.jpg\",\"width\":1950,\"height\":1301},{\"@type\":\"BreadcrumbList\",\"@id\":\"https:\/\/sagardoarenlurraldea.eus\/fr\/product\/experiences-fr-2\/musee-et-cidrerie\/chillida-et-la-cidre\/#breadcrumb\",\"itemListElement\":[{\"@type\":\"ListItem\",\"position\":1,\"name\":\"Inicio\",\"item\":\"https:\/\/sagardoarenlurraldea.eus\/fr\/\"},{\"@type\":\"ListItem\",\"position\":2,\"name\":\"R\u00e9servations\",\"item\":\"https:\/\/sagardoarenlurraldea.eus\/fr\/reservations\/\"},{\"@type\":\"ListItem\",\"position\":3,\"name\":\"Chillida et la cidre\"}]},{\"@type\":\"WebSite\",\"@id\":\"https:\/\/sagardoarenlurraldea.eus\/fr\/#website\",\"url\":\"https:\/\/sagardoarenlurraldea.eus\/fr\/\",\"name\":\"Sagardoaren Lurraldea\",\"description\":\"El territorio de la sidra\",\"potentialAction\":[{\"@type\":\"SearchAction\",\"target\":{\"@type\":\"EntryPoint\",\"urlTemplate\":\"https:\/\/sagardoarenlurraldea.eus\/fr\/?s={search_term_string}\"},\"query-input\":{\"@type\":\"PropertyValueSpecification\",\"valueRequired\":true,\"valueName\":\"search_term_string\"}}],\"inLanguage\":\"fr-FR\"}]}<\/script>\n<!-- \/ Yoast SEO plugin. -->","yoast_head_json":{"title":"Chillida et la cidre - Sagardoaren Lurraldea","robots":{"index":"index","follow":"follow","max-snippet":"max-snippet:-1","max-image-preview":"max-image-preview:large","max-video-preview":"max-video-preview:-1"},"canonical":"https:\/\/sagardoarenlurraldea.eus\/fr\/product\/experiences-fr-2\/musee-et-cidrerie\/chillida-et-la-cidre\/","og_locale":"fr_FR","og_type":"article","og_title":"Chillida et la cidre - Sagardoaren Lurraldea","og_description":"D\u00e9couvrez les \u0153uvres d'art du sculpteur Eduardo Chillida et la culture du cidre, embl\u00e8mes d'Hernani et d'Astigarraga, en visitant leurs deux importants mus\u00e9es : Chillida Leku \u00e0 Hernani et le mus\u00e9e du cidre basque Sagardoetxea \u00e0 Astigarraga. Pour compl\u00e9ter le plan, vous profiterez de la tradition par excellence du territoire, en d\u00e9gustant un repas dans une cidrerie.","og_url":"https:\/\/sagardoarenlurraldea.eus\/fr\/product\/experiences-fr-2\/musee-et-cidrerie\/chillida-et-la-cidre\/","og_site_name":"Sagardoaren Lurraldea","article_publisher":"https:\/\/www.facebook.com\/sagardoarenlurraldea","article_modified_time":"2026-03-10T12:11:50+00:00","og_image":[{"url":"https:\/\/sagardoarenlurraldea.eus\/wp-content\/uploads\/2021\/03\/EXPCHILLIDASIDRA-F01.jpg","width":1024,"height":683,"type":"image\/jpeg"}],"twitter_card":"summary_large_image","twitter_misc":{"Dur\u00e9e de lecture estim\u00e9e":"1 minute"},"schema":{"@context":"https:\/\/schema.org","@graph":[{"@type":"WebPage","@id":"https:\/\/sagardoarenlurraldea.eus\/fr\/product\/experiences-fr-2\/musee-et-cidrerie\/chillida-et-la-cidre\/","url":"https:\/\/sagardoarenlurraldea.eus\/fr\/product\/experiences-fr-2\/musee-et-cidrerie\/chillida-et-la-cidre\/","name":"Chillida et la cidre - Sagardoaren Lurraldea","isPartOf":{"@id":"https:\/\/sagardoarenlurraldea.eus\/fr\/#website"},"primaryImageOfPage":{"@id":"https:\/\/sagardoarenlurraldea.eus\/fr\/product\/experiences-fr-2\/musee-et-cidrerie\/chillida-et-la-cidre\/#primaryimage"},"image":{"@id":"https:\/\/sagardoarenlurraldea.eus\/fr\/product\/experiences-fr-2\/musee-et-cidrerie\/chillida-et-la-cidre\/#primaryimage"},"thumbnailUrl":"https:\/\/sagardoarenlurraldea.eus\/wp-content\/uploads\/2021\/03\/EXPCHILLIDASIDRA-F01.jpg","datePublished":"2021-09-24T15:00:02+00:00","dateModified":"2026-03-10T12:11:50+00:00","breadcrumb":{"@id":"https:\/\/sagardoarenlurraldea.eus\/fr\/product\/experiences-fr-2\/musee-et-cidrerie\/chillida-et-la-cidre\/#breadcrumb"},"inLanguage":"fr-FR","potentialAction":[{"@type":"ReadAction","target":["https:\/\/sagardoarenlurraldea.eus\/fr\/product\/experiences-fr-2\/musee-et-cidrerie\/chillida-et-la-cidre\/"]}]},{"@type":"ImageObject","inLanguage":"fr-FR","@id":"https:\/\/sagardoarenlurraldea.eus\/fr\/product\/experiences-fr-2\/musee-et-cidrerie\/chillida-et-la-cidre\/#primaryimage","url":"https:\/\/sagardoarenlurraldea.eus\/wp-content\/uploads\/2021\/03\/EXPCHILLIDASIDRA-F01.jpg","contentUrl":"https:\/\/sagardoarenlurraldea.eus\/wp-content\/uploads\/2021\/03\/EXPCHILLIDASIDRA-F01.jpg","width":1950,"height":1301},{"@type":"BreadcrumbList","@id":"https:\/\/sagardoarenlurraldea.eus\/fr\/product\/experiences-fr-2\/musee-et-cidrerie\/chillida-et-la-cidre\/#breadcrumb","itemListElement":[{"@type":"ListItem","position":1,"name":"Inicio","item":"https:\/\/sagardoarenlurraldea.eus\/fr\/"},{"@type":"ListItem","position":2,"name":"R\u00e9servations","item":"https:\/\/sagardoarenlurraldea.eus\/fr\/reservations\/"},{"@type":"ListItem","position":3,"name":"Chillida et la cidre"}]},{"@type":"WebSite","@id":"https:\/\/sagardoarenlurraldea.eus\/fr\/#website","url":"https:\/\/sagardoarenlurraldea.eus\/fr\/","name":"Sagardoaren Lurraldea","description":"El territorio de la sidra","potentialAction":[{"@type":"SearchAction","target":{"@type":"EntryPoint","urlTemplate":"https:\/\/sagardoarenlurraldea.eus\/fr\/?s={search_term_string}"},"query-input":{"@type":"PropertyValueSpecification","valueRequired":true,"valueName":"search_term_string"}}],"inLanguage":"fr-FR"}]}},"_links":{"self":[{"href":"https:\/\/sagardoarenlurraldea.eus\/fr\/wp-json\/wp\/v2\/product\/156800","targetHints":{"allow":["GET"]}}],"collection":[{"href":"https:\/\/sagardoarenlurraldea.eus\/fr\/wp-json\/wp\/v2\/product"}],"about":[{"href":"https:\/\/sagardoarenlurraldea.eus\/fr\/wp-json\/wp\/v2\/types\/product"}],"replies":[{"embeddable":true,"href":"https:\/\/sagardoarenlurraldea.eus\/fr\/wp-json\/wp\/v2\/comments?post=156800"}],"wp:featuredmedia":[{"embeddable":true,"href":"https:\/\/sagardoarenlurraldea.eus\/fr\/wp-json\/wp\/v2\/media\/154129"}],"wp:attachment":[{"href":"https:\/\/sagardoarenlurraldea.eus\/fr\/wp-json\/wp\/v2\/media?parent=156800"}],"wp:term":[{"taxonomy":"product_brand","embeddable":true,"href":"https:\/\/sagardoarenlurraldea.eus\/fr\/wp-json\/wp\/v2\/product_brand?post=156800"},{"taxonomy":"product_cat","embeddable":true,"href":"https:\/\/sagardoarenlurraldea.eus\/fr\/wp-json\/wp\/v2\/product_cat?post=156800"},{"taxonomy":"product_tag","embeddable":true,"href":"https:\/\/sagardoarenlurraldea.eus\/fr\/wp-json\/wp\/v2\/product_tag?post=156800"}],"curies":[{"name":"wp","href":"https:\/\/api.w.org\/{rel}","templated":true}]}}