{"id":138764,"date":"2026-02-07T09:00:59","date_gmt":"2021-04-11T13:00:59","guid":{"rendered":"http:\/\/www.sagardoarenlurraldea.eus\/reservar\/sincategorizar\/musee-etcidrerie\/"},"modified":"2026-03-10T16:37:06","modified_gmt":"2026-03-10T14:37:06","slug":"musee-etcidrerie","status":"publish","type":"product","link":"https:\/\/sagardoarenlurraldea.eus\/fr\/product\/experiences-fr-2\/musee-et-cidrerie\/musee-etcidrerie\/","title":{"rendered":"Musee et cidrerie"},"content":{"rendered":"<h2>Activit\u00e9s inclues dans l\u2019exp\u00e9rience<\/h2>\n<ul>\n<li>Visite de la <strong>Sagardoetxea, Mus\u00e9e du Cidre Basque<\/strong>.<\/li>\n<li><strong>D\u00e9gustation<\/strong> de Cidre.<span id=\"result_box\" class=\"short_text\" lang=\"fr\"><\/span><\/li>\n<li><strong>D\u00e9jeuner\/ Diner dans une Cidrerie traditionnelle<\/strong>. Le menu traditionnel de Cidrerie est compos\u00e9 d\u2019omelette de morue, morue frite avec des poivrons, c\u00f4te de b\u0153uf, fromage, noix, p\u00e2te de coing et cidre.<br \/>\n<strong>NOTE<\/strong>: En cas de besoin de transport indiquez-le dans le cadre des observations au moment de la r\u00e9servation.<\/li>\n<\/ul>\n<h2>Informations pratiques<\/h2>\n<ul>\n<li><strong>Horaires<\/strong>: Mardi \u00e0 samedis (toute l\u2019ann\u00e9e) : 12:00 et 19:00. Dimanche et jours f\u00e9ri\u00e9s: 12:00. Juillet et ao\u00fbt tous les jours.<br \/>\n<strong>Dur\u00e9e<\/strong>: 3 h en tout (1 h visite du Mus\u00e9e + 2 h en Cidrerie).<\/li>\n<li><strong>Quand venir?<\/strong> Toute l\u2019ann\u00e9e.<\/li>\n<li><strong>Qui?<\/strong> Groupes et familles.<\/li>\n<li><strong>Langues<\/strong>: Espagnol, basque, fran\u00e7ais et anglais. <strong>(Toujours sur r\u00e9servation pr\u00e9alable)<\/strong><\/li>\n<li><strong>Points de rencontre<\/strong>: Sagardoetxea, Mus\u00e9e du Cidre basque (Kale Nagusia, 48 \u2013 Astigarraga). Coordonn\u00e9es GPS : 43.281204, -1.946554.<\/li>\n<li><strong>Comment s\u2019y rendre<\/strong>:\n<ul>\n<li>En v\u00e9hicule propre : Parking dans le centre de Astigarraga (C\/ Nagusia) et dans la zone industrielle (C\/ Donostia ibilbidea). A 5-10 min du point de rencontre.<\/li>\n<li>En bus de ligne : Au d\u00e9part de San Sebastian (C\/ Okendo) au d\u00e9part de Hernani (C\/ Txirrita) : Lignes A1 y A2. Voir horaires. Arr\u00eat \u00e0 5 min du point de rencontre.<\/li>\n<\/ul>\n<\/li>\n<\/ul>\n<p><strong>AVIS IMPORTANT:<\/strong> Lors de votre r\u00e9servation, vous ne recevrez pas vos billets par courriel. Votre r\u00e9servation a \u00e9t\u00e9 enregistr\u00e9e dans notre syst\u00e8me ; il vous suffit de vous pr\u00e9senter au point de rencontre le jour de l\u2019activit\u00e9 et de donner votre nom.<\/p>\n<p>&nbsp;<\/p>\n<h2>Tarifs<\/h2>\n<ul>\n<li><strong>Adultes<\/strong>: 53 \u20ac.<\/li>\n<li><strong>Enfants<\/strong>:\n<ul>\n<li><strong>Enfants de 0-6 ans<\/strong>: 27 \u20ac (<span id=\"result_box\" class=\"short_text\" lang=\"fr\"><span class=\"\">menu pour enfants<\/span><\/span>)<\/li>\n<li><strong>Enfants de 7-17 ans<\/strong>: 30 \u20ac (<span id=\"result_box\" class=\"short_text\" lang=\"fr\"><span class=\"\">menu pour enfants<\/span><\/span>)<\/li>\n<\/ul>\n<\/li>\n<\/ul>\n<h2>Le plus<\/h2>\n<ul>\n<li><strong>Un voyage dans nos racines<\/strong>: Secrets y curiosit\u00e9s de la culture du Cidre Basque.<\/li>\n<li><strong>Manger en groupe<\/strong>: L\u2019exp\u00e9rience du cidrerie et les produits locaux de haute qualit\u00e9.<\/li>\n<\/ul>\n","protected":false},"excerpt":{"rendered":"<p>Visitez le Mus\u00e9e du Cidre Basque avant de d\u00e9couvrir la cidrerie c\u2019est vivre une exp\u00e9rience compl\u00e8te sur le territoire du Cidre. Nous te proposons de faire une visite guid\u00e9e de la Sagardoetxea avant le d\u00e9jeuner, visiter les champs de pommiers, l\u2019espace mus\u00e9al et terminer par une d\u00e9gustation comment\u00e9e de Cidre. Ensuite rendez-vous \u00e0 la Cidrerie pour mettre en pratique ce que vous avez appris!<\/p>\n","protected":false},"featured_media":24790,"comment_status":"open","ping_status":"closed","template":"","meta":{"_acf_changed":false,"_et_pb_use_builder":"","_et_pb_old_content":"","_et_gb_content_width":""},"product_brand":[],"product_cat":[2023,2668],"product_tag":[2647,2628,2621],"class_list":{"0":"post-138764","1":"product","2":"type-product","3":"status-publish","4":"has-post-thumbnail","6":"product_cat-experiences-fr-2","7":"product_cat-musee-et-cidrerie","8":"product_tag-disponible-toute-lannee","9":"product_tag-le-matin","10":"product_tag-lapres-midi","11":"dtwm_map-alorrenea-fr","12":"dtwm_map-sagardoetxea-fr","14":"first","15":"instock","16":"virtual","17":"sold-individually","18":"purchasable","19":"product-type-booking"},"exclude_global_add_ons":false,"addons":[{"name":"Service de guide en langues","type":"select","position":0,"required":false,"title_format":"label","default":"","description_enable":false,"description":"","placeholder_enable":false,"placeholder":"","display":"select","restrictions_type":"any_text","adjust_price":false,"price":"","price_type":"flat_fee","restrictions":false,"min":"0","max":"0","options":[],"id":1767991925}],"acf":[],"yoast_head":"<!-- This site is optimized with the Yoast SEO plugin v25.4 - https:\/\/yoast.com\/wordpress\/plugins\/seo\/ -->\n<title>Musee et cidrerie - Sagardoaren Lurraldea<\/title>\n<meta name=\"robots\" content=\"index, follow, max-snippet:-1, max-image-preview:large, max-video-preview:-1\" \/>\n<link rel=\"canonical\" href=\"https:\/\/sagardoarenlurraldea.eus\/fr\/product\/experiences-fr-2\/musee-et-cidrerie\/musee-etcidrerie\/\" \/>\n<meta property=\"og:locale\" content=\"fr_FR\" \/>\n<meta property=\"og:type\" content=\"article\" \/>\n<meta property=\"og:title\" content=\"Musee et cidrerie - Sagardoaren Lurraldea\" \/>\n<meta property=\"og:description\" content=\"Visitez le Mus\u00e9e du Cidre Basque avant de d\u00e9couvrir la cidrerie c\u2019est vivre une exp\u00e9rience compl\u00e8te sur le territoire du Cidre. Nous te proposons de faire une visite guid\u00e9e de la Sagardoetxea avant le d\u00e9jeuner, visiter les champs de pommiers, l\u2019espace mus\u00e9al et terminer par une d\u00e9gustation comment\u00e9e de Cidre. Ensuite rendez-vous \u00e0 la Cidrerie pour mettre en pratique ce que vous avez appris!\" \/>\n<meta property=\"og:url\" content=\"https:\/\/sagardoarenlurraldea.eus\/fr\/product\/experiences-fr-2\/musee-et-cidrerie\/musee-etcidrerie\/\" \/>\n<meta property=\"og:site_name\" content=\"Sagardoaren Lurraldea\" \/>\n<meta property=\"article:publisher\" content=\"https:\/\/www.facebook.com\/sagardoarenlurraldea\" \/>\n<meta property=\"article:modified_time\" content=\"2026-03-10T14:37:06+00:00\" \/>\n<meta property=\"og:image\" content=\"https:\/\/sagardoarenlurraldea.eus\/wp-content\/uploads\/2016\/08\/EXPSIDRERIA-F00.jpg\" \/>\n\t<meta property=\"og:image:width\" content=\"900\" \/>\n\t<meta property=\"og:image:height\" content=\"598\" \/>\n\t<meta property=\"og:image:type\" content=\"image\/jpeg\" \/>\n<meta name=\"twitter:card\" content=\"summary_large_image\" \/>\n<meta name=\"twitter:label1\" content=\"Dur\u00e9e de lecture estim\u00e9e\" \/>\n\t<meta name=\"twitter:data1\" content=\"2 minutes\" \/>\n<script type=\"application\/ld+json\" class=\"yoast-schema-graph\">{\"@context\":\"https:\/\/schema.org\",\"@graph\":[{\"@type\":\"WebPage\",\"@id\":\"https:\/\/sagardoarenlurraldea.eus\/fr\/product\/experiences-fr-2\/musee-et-cidrerie\/musee-etcidrerie\/\",\"url\":\"https:\/\/sagardoarenlurraldea.eus\/fr\/product\/experiences-fr-2\/musee-et-cidrerie\/musee-etcidrerie\/\",\"name\":\"Musee et cidrerie - Sagardoaren Lurraldea\",\"isPartOf\":{\"@id\":\"https:\/\/sagardoarenlurraldea.eus\/fr\/#website\"},\"primaryImageOfPage\":{\"@id\":\"https:\/\/sagardoarenlurraldea.eus\/fr\/product\/experiences-fr-2\/musee-et-cidrerie\/musee-etcidrerie\/#primaryimage\"},\"image\":{\"@id\":\"https:\/\/sagardoarenlurraldea.eus\/fr\/product\/experiences-fr-2\/musee-et-cidrerie\/musee-etcidrerie\/#primaryimage\"},\"thumbnailUrl\":\"https:\/\/sagardoarenlurraldea.eus\/wp-content\/uploads\/2016\/08\/EXPSIDRERIA-F00.jpg\",\"datePublished\":\"2021-04-11T13:00:59+00:00\",\"dateModified\":\"2026-03-10T14:37:06+00:00\",\"breadcrumb\":{\"@id\":\"https:\/\/sagardoarenlurraldea.eus\/fr\/product\/experiences-fr-2\/musee-et-cidrerie\/musee-etcidrerie\/#breadcrumb\"},\"inLanguage\":\"fr-FR\",\"potentialAction\":[{\"@type\":\"ReadAction\",\"target\":[\"https:\/\/sagardoarenlurraldea.eus\/fr\/product\/experiences-fr-2\/musee-et-cidrerie\/musee-etcidrerie\/\"]}]},{\"@type\":\"ImageObject\",\"inLanguage\":\"fr-FR\",\"@id\":\"https:\/\/sagardoarenlurraldea.eus\/fr\/product\/experiences-fr-2\/musee-et-cidrerie\/musee-etcidrerie\/#primaryimage\",\"url\":\"https:\/\/sagardoarenlurraldea.eus\/wp-content\/uploads\/2016\/08\/EXPSIDRERIA-F00.jpg\",\"contentUrl\":\"https:\/\/sagardoarenlurraldea.eus\/wp-content\/uploads\/2016\/08\/EXPSIDRERIA-F00.jpg\",\"width\":900,\"height\":598},{\"@type\":\"BreadcrumbList\",\"@id\":\"https:\/\/sagardoarenlurraldea.eus\/fr\/product\/experiences-fr-2\/musee-et-cidrerie\/musee-etcidrerie\/#breadcrumb\",\"itemListElement\":[{\"@type\":\"ListItem\",\"position\":1,\"name\":\"Inicio\",\"item\":\"https:\/\/sagardoarenlurraldea.eus\/fr\/\"},{\"@type\":\"ListItem\",\"position\":2,\"name\":\"R\u00e9servations\",\"item\":\"https:\/\/sagardoarenlurraldea.eus\/fr\/reservations\/\"},{\"@type\":\"ListItem\",\"position\":3,\"name\":\"Musee et cidrerie\"}]},{\"@type\":\"WebSite\",\"@id\":\"https:\/\/sagardoarenlurraldea.eus\/fr\/#website\",\"url\":\"https:\/\/sagardoarenlurraldea.eus\/fr\/\",\"name\":\"Sagardoaren Lurraldea\",\"description\":\"El territorio de la sidra\",\"potentialAction\":[{\"@type\":\"SearchAction\",\"target\":{\"@type\":\"EntryPoint\",\"urlTemplate\":\"https:\/\/sagardoarenlurraldea.eus\/fr\/?s={search_term_string}\"},\"query-input\":{\"@type\":\"PropertyValueSpecification\",\"valueRequired\":true,\"valueName\":\"search_term_string\"}}],\"inLanguage\":\"fr-FR\"}]}<\/script>\n<!-- \/ Yoast SEO plugin. -->","yoast_head_json":{"title":"Musee et cidrerie - Sagardoaren Lurraldea","robots":{"index":"index","follow":"follow","max-snippet":"max-snippet:-1","max-image-preview":"max-image-preview:large","max-video-preview":"max-video-preview:-1"},"canonical":"https:\/\/sagardoarenlurraldea.eus\/fr\/product\/experiences-fr-2\/musee-et-cidrerie\/musee-etcidrerie\/","og_locale":"fr_FR","og_type":"article","og_title":"Musee et cidrerie - Sagardoaren Lurraldea","og_description":"Visitez le Mus\u00e9e du Cidre Basque avant de d\u00e9couvrir la cidrerie c\u2019est vivre une exp\u00e9rience compl\u00e8te sur le territoire du Cidre. Nous te proposons de faire une visite guid\u00e9e de la Sagardoetxea avant le d\u00e9jeuner, visiter les champs de pommiers, l\u2019espace mus\u00e9al et terminer par une d\u00e9gustation comment\u00e9e de Cidre. Ensuite rendez-vous \u00e0 la Cidrerie pour mettre en pratique ce que vous avez appris!","og_url":"https:\/\/sagardoarenlurraldea.eus\/fr\/product\/experiences-fr-2\/musee-et-cidrerie\/musee-etcidrerie\/","og_site_name":"Sagardoaren Lurraldea","article_publisher":"https:\/\/www.facebook.com\/sagardoarenlurraldea","article_modified_time":"2026-03-10T14:37:06+00:00","og_image":[{"width":900,"height":598,"url":"https:\/\/sagardoarenlurraldea.eus\/wp-content\/uploads\/2016\/08\/EXPSIDRERIA-F00.jpg","type":"image\/jpeg"}],"twitter_card":"summary_large_image","twitter_misc":{"Dur\u00e9e de lecture estim\u00e9e":"2 minutes"},"schema":{"@context":"https:\/\/schema.org","@graph":[{"@type":"WebPage","@id":"https:\/\/sagardoarenlurraldea.eus\/fr\/product\/experiences-fr-2\/musee-et-cidrerie\/musee-etcidrerie\/","url":"https:\/\/sagardoarenlurraldea.eus\/fr\/product\/experiences-fr-2\/musee-et-cidrerie\/musee-etcidrerie\/","name":"Musee et cidrerie - Sagardoaren Lurraldea","isPartOf":{"@id":"https:\/\/sagardoarenlurraldea.eus\/fr\/#website"},"primaryImageOfPage":{"@id":"https:\/\/sagardoarenlurraldea.eus\/fr\/product\/experiences-fr-2\/musee-et-cidrerie\/musee-etcidrerie\/#primaryimage"},"image":{"@id":"https:\/\/sagardoarenlurraldea.eus\/fr\/product\/experiences-fr-2\/musee-et-cidrerie\/musee-etcidrerie\/#primaryimage"},"thumbnailUrl":"https:\/\/sagardoarenlurraldea.eus\/wp-content\/uploads\/2016\/08\/EXPSIDRERIA-F00.jpg","datePublished":"2021-04-11T13:00:59+00:00","dateModified":"2026-03-10T14:37:06+00:00","breadcrumb":{"@id":"https:\/\/sagardoarenlurraldea.eus\/fr\/product\/experiences-fr-2\/musee-et-cidrerie\/musee-etcidrerie\/#breadcrumb"},"inLanguage":"fr-FR","potentialAction":[{"@type":"ReadAction","target":["https:\/\/sagardoarenlurraldea.eus\/fr\/product\/experiences-fr-2\/musee-et-cidrerie\/musee-etcidrerie\/"]}]},{"@type":"ImageObject","inLanguage":"fr-FR","@id":"https:\/\/sagardoarenlurraldea.eus\/fr\/product\/experiences-fr-2\/musee-et-cidrerie\/musee-etcidrerie\/#primaryimage","url":"https:\/\/sagardoarenlurraldea.eus\/wp-content\/uploads\/2016\/08\/EXPSIDRERIA-F00.jpg","contentUrl":"https:\/\/sagardoarenlurraldea.eus\/wp-content\/uploads\/2016\/08\/EXPSIDRERIA-F00.jpg","width":900,"height":598},{"@type":"BreadcrumbList","@id":"https:\/\/sagardoarenlurraldea.eus\/fr\/product\/experiences-fr-2\/musee-et-cidrerie\/musee-etcidrerie\/#breadcrumb","itemListElement":[{"@type":"ListItem","position":1,"name":"Inicio","item":"https:\/\/sagardoarenlurraldea.eus\/fr\/"},{"@type":"ListItem","position":2,"name":"R\u00e9servations","item":"https:\/\/sagardoarenlurraldea.eus\/fr\/reservations\/"},{"@type":"ListItem","position":3,"name":"Musee et cidrerie"}]},{"@type":"WebSite","@id":"https:\/\/sagardoarenlurraldea.eus\/fr\/#website","url":"https:\/\/sagardoarenlurraldea.eus\/fr\/","name":"Sagardoaren Lurraldea","description":"El territorio de la sidra","potentialAction":[{"@type":"SearchAction","target":{"@type":"EntryPoint","urlTemplate":"https:\/\/sagardoarenlurraldea.eus\/fr\/?s={search_term_string}"},"query-input":{"@type":"PropertyValueSpecification","valueRequired":true,"valueName":"search_term_string"}}],"inLanguage":"fr-FR"}]}},"_links":{"self":[{"href":"https:\/\/sagardoarenlurraldea.eus\/fr\/wp-json\/wp\/v2\/product\/138764","targetHints":{"allow":["GET"]}}],"collection":[{"href":"https:\/\/sagardoarenlurraldea.eus\/fr\/wp-json\/wp\/v2\/product"}],"about":[{"href":"https:\/\/sagardoarenlurraldea.eus\/fr\/wp-json\/wp\/v2\/types\/product"}],"replies":[{"embeddable":true,"href":"https:\/\/sagardoarenlurraldea.eus\/fr\/wp-json\/wp\/v2\/comments?post=138764"}],"wp:featuredmedia":[{"embeddable":true,"href":"https:\/\/sagardoarenlurraldea.eus\/fr\/wp-json\/wp\/v2\/media\/24790"}],"wp:attachment":[{"href":"https:\/\/sagardoarenlurraldea.eus\/fr\/wp-json\/wp\/v2\/media?parent=138764"}],"wp:term":[{"taxonomy":"product_brand","embeddable":true,"href":"https:\/\/sagardoarenlurraldea.eus\/fr\/wp-json\/wp\/v2\/product_brand?post=138764"},{"taxonomy":"product_cat","embeddable":true,"href":"https:\/\/sagardoarenlurraldea.eus\/fr\/wp-json\/wp\/v2\/product_cat?post=138764"},{"taxonomy":"product_tag","embeddable":true,"href":"https:\/\/sagardoarenlurraldea.eus\/fr\/wp-json\/wp\/v2\/product_tag?post=138764"}],"curies":[{"name":"wp","href":"https:\/\/api.w.org\/{rel}","templated":true}]}}