{"id":136823,"date":"2021-03-06T15:00:28","date_gmt":"2021-03-06T13:00:28","guid":{"rendered":"http:\/\/www.sagardoarenlurraldea.eus\/?post_type=product&#038;p=136823"},"modified":"2026-03-10T17:36:15","modified_gmt":"2026-03-10T15:36:15","slug":"sagartrekking-le-chemin-du-cidre-et-degustation-de-cidre","status":"publish","type":"product","link":"https:\/\/sagardoarenlurraldea.eus\/fr\/product\/experiences-fr-2\/sagartrekking-randonnee-et-marche\/sagartrekking-le-chemin-du-cidre-et-degustation-de-cidre\/","title":{"rendered":"Sagartrekking, le chemin du cidre (sans guide) et d\u00e9gustation de cidre"},"content":{"rendered":"<h2>Activit\u00e9s inclues dans l&rsquo;exp\u00e9rience<\/h2>\n<ul>\n<li>Visite \u00e0 pied dans la <strong>promenade th\u00e9matique de Santiagomendi.<\/strong><\/li>\n<li><strong>D\u00e9gustation guid\u00e9e de cidre <\/strong>au Sagardoetxea, Mus\u00e9e du Cidre Basque.<\/li>\n<\/ul>\n<p>NOTE :<br \/>\n&#8211; Si vous voulez manger dans une <strong>cidrerie<\/strong>, indiquez-le dans les observations au moment de la r\u00e9servation.<\/p>\n<h2>Informations pratiques<\/h2>\n<ul>\n<li><strong>Horaires <\/strong>: Du mardi \u00e0 samedi \u00e0 10:30h et \u00e0 16h.<\/li>\n<li><strong>Dur\u00e9e <\/strong>: 3 heures.<\/li>\n<li><strong>Quand venir\u00a0?<\/strong> Toute l\u2019ann\u00e9e.<\/li>\n<li><strong>Qui\u00a0?<\/strong> Individuel, famille et couple.<\/li>\n<li><strong>Langues<\/strong> : Espagnol, basque, fran\u00e7ais et anglais. <strong>(Toujours sur r\u00e9servation pr\u00e9alable)<\/strong><\/li>\n<li><strong>Points de rencontre<\/strong> : Sagardoetxea, Mus\u00e9e du Cidre basque (Kale Nagusia, 48 \u2013 Astigarraga). Coordonn\u00e9es GPS : 43.281204, -1.946554.<\/li>\n<li><strong>Comment s\u2019y rendre<\/strong> :\n<ul>\n<li>En v\u00e9hicule propre : Parking dans le centre de Astigarraga (C\/ Nagusia) et dans la zone industrielle (C\/ Donostia ibilbidea). A 5-10 min du point de rencontre.<\/li>\n<li>En bus de ligne : Au d\u00e9part de San Sebastian (C\/ Okendo) au d\u00e9part de Hernani (C\/ Txirrita) : Lignes BU12 y BU13. Voir horaires. Arr\u00eat \u00e0 5 min du point de rencontre.<\/li>\n<\/ul>\n<\/li>\n<\/ul>\n<p><strong>AVIS IMPORTANT:<\/strong> Lors de votre r\u00e9servation, vous ne recevrez pas vos billets par courriel. Votre r\u00e9servation a \u00e9t\u00e9 enregistr\u00e9e dans notre syst\u00e8me ; il vous suffit de vous pr\u00e9senter au point de rencontre le jour de l\u2019activit\u00e9 et de donner votre nom.<\/p>\n<h2>Tarifs<\/h2>\n<ul>\n<li><strong>Adultes<\/strong>: 4\u20ac<\/li>\n<\/ul>\n<h2>Le plus<\/h2>\n<ul>\n<li>Profiter des vues imprenables de la c\u00f4te depuis le Sanctuaire situ\u00e9 en haut de Santiagomendi.<\/li>\n<li>Se promener entre les pommeraies et les fermes traditionnels o\u00f9 le cidre se pr\u00e9parait.<\/li>\n<li>D\u00e9couvrir la culture du cidre en plein air.<\/li>\n<li>D\u00e9gustation de cidreau Sagardoetxea, Mus\u00e9e du Cidre Basque.<\/li>\n<\/ul>\n<p>&nbsp;<\/p>\n","protected":false},"excerpt":{"rendered":"<p>Partez en randonn\u00e9e sur cette belle route vous profiterez du paysage naturel de Santiagomendi (Astigarraga). La visite a une distance de 6,5 km et une dur\u00e9e de 3 heures \u00e0 pied. Au cours de la promenade, vous trouverez des stations th\u00e9matiques o\u00f9 vous apprendrez l&rsquo;histoire des fermes de Santiagomendi et d&rsquo;Astigarraga. Apr\u00e8s la promenade, vous profiterez d&rsquo;une d\u00e9gustation de cidre \u00e0 Sagardoetxea, Mus\u00e9e du Cidre Basque.<\/p>\n","protected":false},"featured_media":5718,"comment_status":"open","ping_status":"closed","template":"","meta":{"_acf_changed":false,"_et_pb_use_builder":"","_et_pb_old_content":"","_et_gb_content_width":""},"product_brand":[],"product_cat":[2023,2686],"product_tag":[2647,2628,2621],"class_list":{"0":"post-136823","1":"product","2":"type-product","3":"status-publish","4":"has-post-thumbnail","6":"product_cat-experiences-fr-2","7":"product_cat-sagartrekking-randonnee-et-marche","8":"product_tag-disponible-toute-lannee","9":"product_tag-le-matin","10":"product_tag-lapres-midi","11":"dtwm_map-sagardoetxea-fr","13":"first","14":"instock","15":"virtual","16":"sold-individually","17":"purchasable","18":"product-type-booking"},"exclude_global_add_ons":[],"addons":[],"acf":[],"yoast_head":"<!-- This site is optimized with the Yoast SEO plugin v25.4 - https:\/\/yoast.com\/wordpress\/plugins\/seo\/ -->\n<title>Sagartrekking, le chemin du cidre (sans guide) et d\u00e9gustation de cidre - Sagardoaren Lurraldea<\/title>\n<meta name=\"robots\" content=\"index, follow, max-snippet:-1, max-image-preview:large, max-video-preview:-1\" \/>\n<link rel=\"canonical\" href=\"https:\/\/sagardoarenlurraldea.eus\/fr\/product\/experiences-fr-2\/sagartrekking-randonnee-et-marche\/sagartrekking-le-chemin-du-cidre-et-degustation-de-cidre\/\" \/>\n<meta property=\"og:locale\" content=\"fr_FR\" \/>\n<meta property=\"og:type\" content=\"article\" \/>\n<meta property=\"og:title\" content=\"Sagartrekking, le chemin du cidre (sans guide) et d\u00e9gustation de cidre - Sagardoaren Lurraldea\" \/>\n<meta property=\"og:description\" content=\"Partez en randonn\u00e9e sur cette belle route vous profiterez du paysage naturel de Santiagomendi (Astigarraga). La visite a une distance de 6,5 km et une dur\u00e9e de 3 heures \u00e0 pied. Au cours de la promenade, vous trouverez des stations th\u00e9matiques o\u00f9 vous apprendrez l&#039;histoire des fermes de Santiagomendi et d&#039;Astigarraga. Apr\u00e8s la promenade, vous profiterez d&#039;une d\u00e9gustation de cidre \u00e0 Sagardoetxea, Mus\u00e9e du Cidre Basque.\" \/>\n<meta property=\"og:url\" content=\"https:\/\/sagardoarenlurraldea.eus\/fr\/product\/experiences-fr-2\/sagartrekking-randonnee-et-marche\/sagartrekking-le-chemin-du-cidre-et-degustation-de-cidre\/\" \/>\n<meta property=\"og:site_name\" content=\"Sagardoaren Lurraldea\" \/>\n<meta property=\"article:publisher\" content=\"https:\/\/www.facebook.com\/sagardoarenlurraldea\" \/>\n<meta property=\"article:modified_time\" content=\"2026-03-10T15:36:15+00:00\" \/>\n<meta property=\"og:image\" content=\"https:\/\/sagardoarenlurraldea.eus\/wp-content\/uploads\/2016\/09\/EXPSAGARTREKKING-F50.jpg\" \/>\n\t<meta property=\"og:image:width\" content=\"900\" \/>\n\t<meta property=\"og:image:height\" content=\"600\" \/>\n\t<meta property=\"og:image:type\" content=\"image\/jpeg\" \/>\n<meta name=\"twitter:card\" content=\"summary_large_image\" \/>\n<meta name=\"twitter:label1\" content=\"Dur\u00e9e de lecture estim\u00e9e\" \/>\n\t<meta name=\"twitter:data1\" content=\"1 minute\" \/>\n<script type=\"application\/ld+json\" class=\"yoast-schema-graph\">{\"@context\":\"https:\/\/schema.org\",\"@graph\":[{\"@type\":\"WebPage\",\"@id\":\"https:\/\/sagardoarenlurraldea.eus\/fr\/product\/experiences-fr-2\/sagartrekking-randonnee-et-marche\/sagartrekking-le-chemin-du-cidre-et-degustation-de-cidre\/\",\"url\":\"https:\/\/sagardoarenlurraldea.eus\/fr\/product\/experiences-fr-2\/sagartrekking-randonnee-et-marche\/sagartrekking-le-chemin-du-cidre-et-degustation-de-cidre\/\",\"name\":\"Sagartrekking, le chemin du cidre (sans guide) et d\u00e9gustation de cidre - Sagardoaren Lurraldea\",\"isPartOf\":{\"@id\":\"https:\/\/sagardoarenlurraldea.eus\/fr\/#website\"},\"primaryImageOfPage\":{\"@id\":\"https:\/\/sagardoarenlurraldea.eus\/fr\/product\/experiences-fr-2\/sagartrekking-randonnee-et-marche\/sagartrekking-le-chemin-du-cidre-et-degustation-de-cidre\/#primaryimage\"},\"image\":{\"@id\":\"https:\/\/sagardoarenlurraldea.eus\/fr\/product\/experiences-fr-2\/sagartrekking-randonnee-et-marche\/sagartrekking-le-chemin-du-cidre-et-degustation-de-cidre\/#primaryimage\"},\"thumbnailUrl\":\"https:\/\/sagardoarenlurraldea.eus\/wp-content\/uploads\/2016\/09\/EXPSAGARTREKKING-F50.jpg\",\"datePublished\":\"2021-03-06T13:00:28+00:00\",\"dateModified\":\"2026-03-10T15:36:15+00:00\",\"breadcrumb\":{\"@id\":\"https:\/\/sagardoarenlurraldea.eus\/fr\/product\/experiences-fr-2\/sagartrekking-randonnee-et-marche\/sagartrekking-le-chemin-du-cidre-et-degustation-de-cidre\/#breadcrumb\"},\"inLanguage\":\"fr-FR\",\"potentialAction\":[{\"@type\":\"ReadAction\",\"target\":[\"https:\/\/sagardoarenlurraldea.eus\/fr\/product\/experiences-fr-2\/sagartrekking-randonnee-et-marche\/sagartrekking-le-chemin-du-cidre-et-degustation-de-cidre\/\"]}]},{\"@type\":\"ImageObject\",\"inLanguage\":\"fr-FR\",\"@id\":\"https:\/\/sagardoarenlurraldea.eus\/fr\/product\/experiences-fr-2\/sagartrekking-randonnee-et-marche\/sagartrekking-le-chemin-du-cidre-et-degustation-de-cidre\/#primaryimage\",\"url\":\"https:\/\/sagardoarenlurraldea.eus\/wp-content\/uploads\/2016\/09\/EXPSAGARTREKKING-F50.jpg\",\"contentUrl\":\"https:\/\/sagardoarenlurraldea.eus\/wp-content\/uploads\/2016\/09\/EXPSAGARTREKKING-F50.jpg\",\"width\":900,\"height\":600},{\"@type\":\"BreadcrumbList\",\"@id\":\"https:\/\/sagardoarenlurraldea.eus\/fr\/product\/experiences-fr-2\/sagartrekking-randonnee-et-marche\/sagartrekking-le-chemin-du-cidre-et-degustation-de-cidre\/#breadcrumb\",\"itemListElement\":[{\"@type\":\"ListItem\",\"position\":1,\"name\":\"Inicio\",\"item\":\"https:\/\/sagardoarenlurraldea.eus\/fr\/\"},{\"@type\":\"ListItem\",\"position\":2,\"name\":\"R\u00e9servations\",\"item\":\"https:\/\/sagardoarenlurraldea.eus\/fr\/reservations\/\"},{\"@type\":\"ListItem\",\"position\":3,\"name\":\"Sagartrekking, le chemin du cidre (sans guide) et d\u00e9gustation de cidre\"}]},{\"@type\":\"WebSite\",\"@id\":\"https:\/\/sagardoarenlurraldea.eus\/fr\/#website\",\"url\":\"https:\/\/sagardoarenlurraldea.eus\/fr\/\",\"name\":\"Sagardoaren Lurraldea\",\"description\":\"El territorio de la sidra\",\"potentialAction\":[{\"@type\":\"SearchAction\",\"target\":{\"@type\":\"EntryPoint\",\"urlTemplate\":\"https:\/\/sagardoarenlurraldea.eus\/fr\/?s={search_term_string}\"},\"query-input\":{\"@type\":\"PropertyValueSpecification\",\"valueRequired\":true,\"valueName\":\"search_term_string\"}}],\"inLanguage\":\"fr-FR\"}]}<\/script>\n<!-- \/ Yoast SEO plugin. -->","yoast_head_json":{"title":"Sagartrekking, le chemin du cidre (sans guide) et d\u00e9gustation de cidre - Sagardoaren Lurraldea","robots":{"index":"index","follow":"follow","max-snippet":"max-snippet:-1","max-image-preview":"max-image-preview:large","max-video-preview":"max-video-preview:-1"},"canonical":"https:\/\/sagardoarenlurraldea.eus\/fr\/product\/experiences-fr-2\/sagartrekking-randonnee-et-marche\/sagartrekking-le-chemin-du-cidre-et-degustation-de-cidre\/","og_locale":"fr_FR","og_type":"article","og_title":"Sagartrekking, le chemin du cidre (sans guide) et d\u00e9gustation de cidre - Sagardoaren Lurraldea","og_description":"Partez en randonn\u00e9e sur cette belle route vous profiterez du paysage naturel de Santiagomendi (Astigarraga). La visite a une distance de 6,5 km et une dur\u00e9e de 3 heures \u00e0 pied. Au cours de la promenade, vous trouverez des stations th\u00e9matiques o\u00f9 vous apprendrez l'histoire des fermes de Santiagomendi et d'Astigarraga. Apr\u00e8s la promenade, vous profiterez d'une d\u00e9gustation de cidre \u00e0 Sagardoetxea, Mus\u00e9e du Cidre Basque.","og_url":"https:\/\/sagardoarenlurraldea.eus\/fr\/product\/experiences-fr-2\/sagartrekking-randonnee-et-marche\/sagartrekking-le-chemin-du-cidre-et-degustation-de-cidre\/","og_site_name":"Sagardoaren Lurraldea","article_publisher":"https:\/\/www.facebook.com\/sagardoarenlurraldea","article_modified_time":"2026-03-10T15:36:15+00:00","og_image":[{"width":900,"height":600,"url":"https:\/\/sagardoarenlurraldea.eus\/wp-content\/uploads\/2016\/09\/EXPSAGARTREKKING-F50.jpg","type":"image\/jpeg"}],"twitter_card":"summary_large_image","twitter_misc":{"Dur\u00e9e de lecture estim\u00e9e":"1 minute"},"schema":{"@context":"https:\/\/schema.org","@graph":[{"@type":"WebPage","@id":"https:\/\/sagardoarenlurraldea.eus\/fr\/product\/experiences-fr-2\/sagartrekking-randonnee-et-marche\/sagartrekking-le-chemin-du-cidre-et-degustation-de-cidre\/","url":"https:\/\/sagardoarenlurraldea.eus\/fr\/product\/experiences-fr-2\/sagartrekking-randonnee-et-marche\/sagartrekking-le-chemin-du-cidre-et-degustation-de-cidre\/","name":"Sagartrekking, le chemin du cidre (sans guide) et d\u00e9gustation de cidre - Sagardoaren Lurraldea","isPartOf":{"@id":"https:\/\/sagardoarenlurraldea.eus\/fr\/#website"},"primaryImageOfPage":{"@id":"https:\/\/sagardoarenlurraldea.eus\/fr\/product\/experiences-fr-2\/sagartrekking-randonnee-et-marche\/sagartrekking-le-chemin-du-cidre-et-degustation-de-cidre\/#primaryimage"},"image":{"@id":"https:\/\/sagardoarenlurraldea.eus\/fr\/product\/experiences-fr-2\/sagartrekking-randonnee-et-marche\/sagartrekking-le-chemin-du-cidre-et-degustation-de-cidre\/#primaryimage"},"thumbnailUrl":"https:\/\/sagardoarenlurraldea.eus\/wp-content\/uploads\/2016\/09\/EXPSAGARTREKKING-F50.jpg","datePublished":"2021-03-06T13:00:28+00:00","dateModified":"2026-03-10T15:36:15+00:00","breadcrumb":{"@id":"https:\/\/sagardoarenlurraldea.eus\/fr\/product\/experiences-fr-2\/sagartrekking-randonnee-et-marche\/sagartrekking-le-chemin-du-cidre-et-degustation-de-cidre\/#breadcrumb"},"inLanguage":"fr-FR","potentialAction":[{"@type":"ReadAction","target":["https:\/\/sagardoarenlurraldea.eus\/fr\/product\/experiences-fr-2\/sagartrekking-randonnee-et-marche\/sagartrekking-le-chemin-du-cidre-et-degustation-de-cidre\/"]}]},{"@type":"ImageObject","inLanguage":"fr-FR","@id":"https:\/\/sagardoarenlurraldea.eus\/fr\/product\/experiences-fr-2\/sagartrekking-randonnee-et-marche\/sagartrekking-le-chemin-du-cidre-et-degustation-de-cidre\/#primaryimage","url":"https:\/\/sagardoarenlurraldea.eus\/wp-content\/uploads\/2016\/09\/EXPSAGARTREKKING-F50.jpg","contentUrl":"https:\/\/sagardoarenlurraldea.eus\/wp-content\/uploads\/2016\/09\/EXPSAGARTREKKING-F50.jpg","width":900,"height":600},{"@type":"BreadcrumbList","@id":"https:\/\/sagardoarenlurraldea.eus\/fr\/product\/experiences-fr-2\/sagartrekking-randonnee-et-marche\/sagartrekking-le-chemin-du-cidre-et-degustation-de-cidre\/#breadcrumb","itemListElement":[{"@type":"ListItem","position":1,"name":"Inicio","item":"https:\/\/sagardoarenlurraldea.eus\/fr\/"},{"@type":"ListItem","position":2,"name":"R\u00e9servations","item":"https:\/\/sagardoarenlurraldea.eus\/fr\/reservations\/"},{"@type":"ListItem","position":3,"name":"Sagartrekking, le chemin du cidre (sans guide) et d\u00e9gustation de cidre"}]},{"@type":"WebSite","@id":"https:\/\/sagardoarenlurraldea.eus\/fr\/#website","url":"https:\/\/sagardoarenlurraldea.eus\/fr\/","name":"Sagardoaren Lurraldea","description":"El territorio de la sidra","potentialAction":[{"@type":"SearchAction","target":{"@type":"EntryPoint","urlTemplate":"https:\/\/sagardoarenlurraldea.eus\/fr\/?s={search_term_string}"},"query-input":{"@type":"PropertyValueSpecification","valueRequired":true,"valueName":"search_term_string"}}],"inLanguage":"fr-FR"}]}},"_links":{"self":[{"href":"https:\/\/sagardoarenlurraldea.eus\/fr\/wp-json\/wp\/v2\/product\/136823","targetHints":{"allow":["GET"]}}],"collection":[{"href":"https:\/\/sagardoarenlurraldea.eus\/fr\/wp-json\/wp\/v2\/product"}],"about":[{"href":"https:\/\/sagardoarenlurraldea.eus\/fr\/wp-json\/wp\/v2\/types\/product"}],"replies":[{"embeddable":true,"href":"https:\/\/sagardoarenlurraldea.eus\/fr\/wp-json\/wp\/v2\/comments?post=136823"}],"wp:featuredmedia":[{"embeddable":true,"href":"https:\/\/sagardoarenlurraldea.eus\/fr\/wp-json\/wp\/v2\/media\/5718"}],"wp:attachment":[{"href":"https:\/\/sagardoarenlurraldea.eus\/fr\/wp-json\/wp\/v2\/media?parent=136823"}],"wp:term":[{"taxonomy":"product_brand","embeddable":true,"href":"https:\/\/sagardoarenlurraldea.eus\/fr\/wp-json\/wp\/v2\/product_brand?post=136823"},{"taxonomy":"product_cat","embeddable":true,"href":"https:\/\/sagardoarenlurraldea.eus\/fr\/wp-json\/wp\/v2\/product_cat?post=136823"},{"taxonomy":"product_tag","embeddable":true,"href":"https:\/\/sagardoarenlurraldea.eus\/fr\/wp-json\/wp\/v2\/product_tag?post=136823"}],"curies":[{"name":"wp","href":"https:\/\/api.w.org\/{rel}","templated":true}]}}