{"id":136805,"date":"2020-01-01T13:21:53","date_gmt":"2020-06-01T11:22:06","guid":{"rendered":"http:\/\/www.sagardoarenlurraldea.eus\/?post_type=product&#038;p=136805"},"modified":"2026-03-10T17:54:21","modified_gmt":"2026-03-10T15:54:21","slug":"visite-astigarraga-et-degustation-de-cidre","status":"publish","type":"product","link":"https:\/\/sagardoarenlurraldea.eus\/fr\/product\/experiences-fr-2\/tours-territoire-cidre\/visite-astigarraga-et-degustation-de-cidre\/","title":{"rendered":"Visite d&rsquo;Astigarraga (sans guide) et d\u00e9gustation de cidre"},"content":{"rendered":"<h2>Activit\u00e9s inclues dans l\u2019exp\u00e9rience<\/h2>\n<ul>\n<li><strong>Visite<\/strong> d&rsquo;Astigarraga (sans guide).<\/li>\n<li><strong>D\u00e9gustation de cidre<\/strong> \u00e0 Sagardoetxea, Mus\u00e9e du Cidre Basque.<\/li>\n<\/ul>\n<p>REMARQUE:<br \/>\n&#8211; Une <strong>carte d&rsquo;Astigarraga<\/strong> \u00e0 Sagardoetxea sera fournie, o\u00f9 les principaux points \u00e0 visiter seront recommand\u00e9s.<br \/>\n&#8211; Si vous voulez manger dans une <strong>cidrerie<\/strong>, indiquez-le dans les observations au moment de la r\u00e9servation.<\/p>\n<h2>Informations pratiques<\/h2>\n<ul>\n<li><strong>Horaires<\/strong>: Du mardi au samedi de 11:00-13:30 et 17:00-19:30. Dimanche et jours f\u00e9ri\u00e9s : 11:00-13:30.<\/li>\n<li><strong>Dur\u00e9e<\/strong>: 1 h.<\/li>\n<li><strong>Quand venir?<\/strong> Toute l\u2019ann\u00e9e.<\/li>\n<li><strong>Qui?\u00a0<\/strong>Individuel, famille et couple.<\/li>\n<li><strong>Langues<\/strong>:Espagnol, basque, fran\u00e7ais et anglais. <strong>(Toujours sur r\u00e9servation pr\u00e9alable)<\/strong><\/li>\n<li><strong>Point de rendez-vous<\/strong>: Sagardoetxea, Mus\u00e9e du Cidre Basque (Kale Nagusia, 48 \u2013 Astigarraga). Coordonn\u00e9es GPS: 43.281204, -1.946554\u2033.<\/li>\n<li><strong>Comment arriver<\/strong>:\n<ul>\n<li>En vehicule propre : Parking au centre de Astigarraga (C\/ Nagusia) et dans la zone industrielle (C\/ Donostia ibilbidea). Distance depuis le parking: 5-10 min.<\/li>\n<li>En bus de ligne : Depuis Saint S\u00e9bastien (C\/ Okendo) et depuis Hernani (C\/ Txirrita): Lignes BU12 y BU13. Voir horaires. Distance depuis l\u2019arr\u00eat : 5 min.<\/li>\n<\/ul>\n<\/li>\n<\/ul>\n<p><strong>AVIS IMPORTANT:<\/strong> Lors de votre r\u00e9servation, vous ne recevrez pas vos billets par courriel. Votre r\u00e9servation a \u00e9t\u00e9 enregistr\u00e9e dans notre syst\u00e8me ; il vous suffit de vous pr\u00e9senter au point de rencontre le jour de l\u2019activit\u00e9 et de donner votre nom.<\/p>\n<p>&nbsp;<\/p>\n<h2>Tarifs<\/h2>\n<ul>\n<li><strong>Adultes<\/strong>: 4\u20ac<\/li>\n<\/ul>\n<h2>Le plus<\/h2>\n<ul>\n<li>D\u00e9couvrir les secrets que cache cette localit\u00e9 qui attire des milliers de visiteurs chaque ann\u00e9e.<\/li>\n<li>S\u2019immerger dans la culture et dans l\u2019histoire du Cidre Basque dans sa capitale.<\/li>\n<li>Profitez d&rsquo;une d\u00e9gustation de cidre et de ses d\u00e9riv\u00e9s.<\/li>\n<\/ul>\n","protected":false},"excerpt":{"rendered":"<p>Astigarraga est un petit village situ\u00e9 \u00e0 seulement cinq kilom\u00e8tres de Saint S\u00e9bastien, il concentre le plus grand nombre de cidreries du territoire du cidre. Visitez les lieux les plus embl\u00e9matiques de cette petite ville et profitez d&rsquo;une d\u00e9gustation comment\u00e9e de cidre \u00e0 Sagardoetxea, Mus\u00e9e du Cidre Basque.<\/p>\n","protected":false},"featured_media":10963,"comment_status":"closed","ping_status":"closed","template":"","meta":{"_acf_changed":false,"_et_pb_use_builder":"","_et_pb_old_content":"","_et_gb_content_width":""},"product_brand":[],"product_cat":[2023,2672],"product_tag":[2647,2628,2621],"class_list":{"0":"post-136805","1":"product","2":"type-product","3":"status-publish","4":"has-post-thumbnail","6":"product_cat-experiences-fr-2","7":"product_cat-tours-territoire-cidre","8":"product_tag-disponible-toute-lannee","9":"product_tag-le-matin","10":"product_tag-lapres-midi","11":"dtwm_map-sagardoetxea-fr","13":"first","14":"instock","15":"virtual","16":"sold-individually","17":"purchasable","18":"product-type-booking"},"exclude_global_add_ons":[],"addons":[],"acf":[],"yoast_head":"<!-- This site is optimized with the Yoast SEO plugin v25.4 - https:\/\/yoast.com\/wordpress\/plugins\/seo\/ -->\n<title>Visite d&#039;Astigarraga (sans guide) et d\u00e9gustation de cidre - Sagardoaren Lurraldea<\/title>\n<meta name=\"robots\" content=\"index, follow, max-snippet:-1, max-image-preview:large, max-video-preview:-1\" \/>\n<link rel=\"canonical\" href=\"https:\/\/sagardoarenlurraldea.eus\/fr\/product\/experiences-fr-2\/tours-territoire-cidre\/visite-astigarraga-et-degustation-de-cidre\/\" \/>\n<meta property=\"og:locale\" content=\"fr_FR\" \/>\n<meta property=\"og:type\" content=\"article\" \/>\n<meta property=\"og:title\" content=\"Visite d&#039;Astigarraga (sans guide) et d\u00e9gustation de cidre - Sagardoaren Lurraldea\" \/>\n<meta property=\"og:description\" content=\"Astigarraga est un petit village situ\u00e9 \u00e0 seulement cinq kilom\u00e8tres de Saint S\u00e9bastien, il concentre le plus grand nombre de cidreries du territoire du cidre. Visitez les lieux les plus embl\u00e9matiques de cette petite ville et profitez d&#039;une d\u00e9gustation comment\u00e9e de cidre \u00e0 Sagardoetxea, Mus\u00e9e du Cidre Basque.\" \/>\n<meta property=\"og:url\" content=\"https:\/\/sagardoarenlurraldea.eus\/fr\/product\/experiences-fr-2\/tours-territoire-cidre\/visite-astigarraga-et-degustation-de-cidre\/\" \/>\n<meta property=\"og:site_name\" content=\"Sagardoaren Lurraldea\" \/>\n<meta property=\"article:publisher\" content=\"https:\/\/www.facebook.com\/sagardoarenlurraldea\" \/>\n<meta property=\"article:modified_time\" content=\"2026-03-10T15:54:21+00:00\" \/>\n<meta property=\"og:image\" content=\"https:\/\/sagardoarenlurraldea.eus\/wp-content\/uploads\/2016\/09\/EXPVISITAASTI-F20.jpg\" \/>\n\t<meta property=\"og:image:width\" content=\"900\" \/>\n\t<meta property=\"og:image:height\" content=\"600\" \/>\n\t<meta property=\"og:image:type\" content=\"image\/jpeg\" \/>\n<meta name=\"twitter:card\" content=\"summary_large_image\" \/>\n<meta name=\"twitter:label1\" content=\"Dur\u00e9e de lecture estim\u00e9e\" \/>\n\t<meta name=\"twitter:data1\" content=\"2 minutes\" \/>\n<script type=\"application\/ld+json\" class=\"yoast-schema-graph\">{\"@context\":\"https:\/\/schema.org\",\"@graph\":[{\"@type\":\"WebPage\",\"@id\":\"https:\/\/sagardoarenlurraldea.eus\/fr\/product\/experiences-fr-2\/tours-territoire-cidre\/visite-astigarraga-et-degustation-de-cidre\/\",\"url\":\"https:\/\/sagardoarenlurraldea.eus\/fr\/product\/experiences-fr-2\/tours-territoire-cidre\/visite-astigarraga-et-degustation-de-cidre\/\",\"name\":\"Visite d'Astigarraga (sans guide) et d\u00e9gustation de cidre - Sagardoaren Lurraldea\",\"isPartOf\":{\"@id\":\"https:\/\/sagardoarenlurraldea.eus\/fr\/#website\"},\"primaryImageOfPage\":{\"@id\":\"https:\/\/sagardoarenlurraldea.eus\/fr\/product\/experiences-fr-2\/tours-territoire-cidre\/visite-astigarraga-et-degustation-de-cidre\/#primaryimage\"},\"image\":{\"@id\":\"https:\/\/sagardoarenlurraldea.eus\/fr\/product\/experiences-fr-2\/tours-territoire-cidre\/visite-astigarraga-et-degustation-de-cidre\/#primaryimage\"},\"thumbnailUrl\":\"https:\/\/sagardoarenlurraldea.eus\/wp-content\/uploads\/2016\/09\/EXPVISITAASTI-F20.jpg\",\"datePublished\":\"2020-06-01T11:22:06+00:00\",\"dateModified\":\"2026-03-10T15:54:21+00:00\",\"breadcrumb\":{\"@id\":\"https:\/\/sagardoarenlurraldea.eus\/fr\/product\/experiences-fr-2\/tours-territoire-cidre\/visite-astigarraga-et-degustation-de-cidre\/#breadcrumb\"},\"inLanguage\":\"fr-FR\",\"potentialAction\":[{\"@type\":\"ReadAction\",\"target\":[\"https:\/\/sagardoarenlurraldea.eus\/fr\/product\/experiences-fr-2\/tours-territoire-cidre\/visite-astigarraga-et-degustation-de-cidre\/\"]}]},{\"@type\":\"ImageObject\",\"inLanguage\":\"fr-FR\",\"@id\":\"https:\/\/sagardoarenlurraldea.eus\/fr\/product\/experiences-fr-2\/tours-territoire-cidre\/visite-astigarraga-et-degustation-de-cidre\/#primaryimage\",\"url\":\"https:\/\/sagardoarenlurraldea.eus\/wp-content\/uploads\/2016\/09\/EXPVISITAASTI-F20.jpg\",\"contentUrl\":\"https:\/\/sagardoarenlurraldea.eus\/wp-content\/uploads\/2016\/09\/EXPVISITAASTI-F20.jpg\",\"width\":900,\"height\":600},{\"@type\":\"BreadcrumbList\",\"@id\":\"https:\/\/sagardoarenlurraldea.eus\/fr\/product\/experiences-fr-2\/tours-territoire-cidre\/visite-astigarraga-et-degustation-de-cidre\/#breadcrumb\",\"itemListElement\":[{\"@type\":\"ListItem\",\"position\":1,\"name\":\"Inicio\",\"item\":\"https:\/\/sagardoarenlurraldea.eus\/fr\/\"},{\"@type\":\"ListItem\",\"position\":2,\"name\":\"R\u00e9servations\",\"item\":\"https:\/\/sagardoarenlurraldea.eus\/fr\/reservations\/\"},{\"@type\":\"ListItem\",\"position\":3,\"name\":\"Visite d&#8217;Astigarraga (sans guide) et d\u00e9gustation de cidre\"}]},{\"@type\":\"WebSite\",\"@id\":\"https:\/\/sagardoarenlurraldea.eus\/fr\/#website\",\"url\":\"https:\/\/sagardoarenlurraldea.eus\/fr\/\",\"name\":\"Sagardoaren Lurraldea\",\"description\":\"El territorio de la sidra\",\"potentialAction\":[{\"@type\":\"SearchAction\",\"target\":{\"@type\":\"EntryPoint\",\"urlTemplate\":\"https:\/\/sagardoarenlurraldea.eus\/fr\/?s={search_term_string}\"},\"query-input\":{\"@type\":\"PropertyValueSpecification\",\"valueRequired\":true,\"valueName\":\"search_term_string\"}}],\"inLanguage\":\"fr-FR\"}]}<\/script>\n<!-- \/ Yoast SEO plugin. -->","yoast_head_json":{"title":"Visite d'Astigarraga (sans guide) et d\u00e9gustation de cidre - Sagardoaren Lurraldea","robots":{"index":"index","follow":"follow","max-snippet":"max-snippet:-1","max-image-preview":"max-image-preview:large","max-video-preview":"max-video-preview:-1"},"canonical":"https:\/\/sagardoarenlurraldea.eus\/fr\/product\/experiences-fr-2\/tours-territoire-cidre\/visite-astigarraga-et-degustation-de-cidre\/","og_locale":"fr_FR","og_type":"article","og_title":"Visite d'Astigarraga (sans guide) et d\u00e9gustation de cidre - Sagardoaren Lurraldea","og_description":"Astigarraga est un petit village situ\u00e9 \u00e0 seulement cinq kilom\u00e8tres de Saint S\u00e9bastien, il concentre le plus grand nombre de cidreries du territoire du cidre. Visitez les lieux les plus embl\u00e9matiques de cette petite ville et profitez d'une d\u00e9gustation comment\u00e9e de cidre \u00e0 Sagardoetxea, Mus\u00e9e du Cidre Basque.","og_url":"https:\/\/sagardoarenlurraldea.eus\/fr\/product\/experiences-fr-2\/tours-territoire-cidre\/visite-astigarraga-et-degustation-de-cidre\/","og_site_name":"Sagardoaren Lurraldea","article_publisher":"https:\/\/www.facebook.com\/sagardoarenlurraldea","article_modified_time":"2026-03-10T15:54:21+00:00","og_image":[{"width":900,"height":600,"url":"https:\/\/sagardoarenlurraldea.eus\/wp-content\/uploads\/2016\/09\/EXPVISITAASTI-F20.jpg","type":"image\/jpeg"}],"twitter_card":"summary_large_image","twitter_misc":{"Dur\u00e9e de lecture estim\u00e9e":"2 minutes"},"schema":{"@context":"https:\/\/schema.org","@graph":[{"@type":"WebPage","@id":"https:\/\/sagardoarenlurraldea.eus\/fr\/product\/experiences-fr-2\/tours-territoire-cidre\/visite-astigarraga-et-degustation-de-cidre\/","url":"https:\/\/sagardoarenlurraldea.eus\/fr\/product\/experiences-fr-2\/tours-territoire-cidre\/visite-astigarraga-et-degustation-de-cidre\/","name":"Visite d'Astigarraga (sans guide) et d\u00e9gustation de cidre - Sagardoaren Lurraldea","isPartOf":{"@id":"https:\/\/sagardoarenlurraldea.eus\/fr\/#website"},"primaryImageOfPage":{"@id":"https:\/\/sagardoarenlurraldea.eus\/fr\/product\/experiences-fr-2\/tours-territoire-cidre\/visite-astigarraga-et-degustation-de-cidre\/#primaryimage"},"image":{"@id":"https:\/\/sagardoarenlurraldea.eus\/fr\/product\/experiences-fr-2\/tours-territoire-cidre\/visite-astigarraga-et-degustation-de-cidre\/#primaryimage"},"thumbnailUrl":"https:\/\/sagardoarenlurraldea.eus\/wp-content\/uploads\/2016\/09\/EXPVISITAASTI-F20.jpg","datePublished":"2020-06-01T11:22:06+00:00","dateModified":"2026-03-10T15:54:21+00:00","breadcrumb":{"@id":"https:\/\/sagardoarenlurraldea.eus\/fr\/product\/experiences-fr-2\/tours-territoire-cidre\/visite-astigarraga-et-degustation-de-cidre\/#breadcrumb"},"inLanguage":"fr-FR","potentialAction":[{"@type":"ReadAction","target":["https:\/\/sagardoarenlurraldea.eus\/fr\/product\/experiences-fr-2\/tours-territoire-cidre\/visite-astigarraga-et-degustation-de-cidre\/"]}]},{"@type":"ImageObject","inLanguage":"fr-FR","@id":"https:\/\/sagardoarenlurraldea.eus\/fr\/product\/experiences-fr-2\/tours-territoire-cidre\/visite-astigarraga-et-degustation-de-cidre\/#primaryimage","url":"https:\/\/sagardoarenlurraldea.eus\/wp-content\/uploads\/2016\/09\/EXPVISITAASTI-F20.jpg","contentUrl":"https:\/\/sagardoarenlurraldea.eus\/wp-content\/uploads\/2016\/09\/EXPVISITAASTI-F20.jpg","width":900,"height":600},{"@type":"BreadcrumbList","@id":"https:\/\/sagardoarenlurraldea.eus\/fr\/product\/experiences-fr-2\/tours-territoire-cidre\/visite-astigarraga-et-degustation-de-cidre\/#breadcrumb","itemListElement":[{"@type":"ListItem","position":1,"name":"Inicio","item":"https:\/\/sagardoarenlurraldea.eus\/fr\/"},{"@type":"ListItem","position":2,"name":"R\u00e9servations","item":"https:\/\/sagardoarenlurraldea.eus\/fr\/reservations\/"},{"@type":"ListItem","position":3,"name":"Visite d&#8217;Astigarraga (sans guide) et d\u00e9gustation de cidre"}]},{"@type":"WebSite","@id":"https:\/\/sagardoarenlurraldea.eus\/fr\/#website","url":"https:\/\/sagardoarenlurraldea.eus\/fr\/","name":"Sagardoaren Lurraldea","description":"El territorio de la sidra","potentialAction":[{"@type":"SearchAction","target":{"@type":"EntryPoint","urlTemplate":"https:\/\/sagardoarenlurraldea.eus\/fr\/?s={search_term_string}"},"query-input":{"@type":"PropertyValueSpecification","valueRequired":true,"valueName":"search_term_string"}}],"inLanguage":"fr-FR"}]}},"_links":{"self":[{"href":"https:\/\/sagardoarenlurraldea.eus\/fr\/wp-json\/wp\/v2\/product\/136805","targetHints":{"allow":["GET"]}}],"collection":[{"href":"https:\/\/sagardoarenlurraldea.eus\/fr\/wp-json\/wp\/v2\/product"}],"about":[{"href":"https:\/\/sagardoarenlurraldea.eus\/fr\/wp-json\/wp\/v2\/types\/product"}],"replies":[{"embeddable":true,"href":"https:\/\/sagardoarenlurraldea.eus\/fr\/wp-json\/wp\/v2\/comments?post=136805"}],"wp:featuredmedia":[{"embeddable":true,"href":"https:\/\/sagardoarenlurraldea.eus\/fr\/wp-json\/wp\/v2\/media\/10963"}],"wp:attachment":[{"href":"https:\/\/sagardoarenlurraldea.eus\/fr\/wp-json\/wp\/v2\/media?parent=136805"}],"wp:term":[{"taxonomy":"product_brand","embeddable":true,"href":"https:\/\/sagardoarenlurraldea.eus\/fr\/wp-json\/wp\/v2\/product_brand?post=136805"},{"taxonomy":"product_cat","embeddable":true,"href":"https:\/\/sagardoarenlurraldea.eus\/fr\/wp-json\/wp\/v2\/product_cat?post=136805"},{"taxonomy":"product_tag","embeddable":true,"href":"https:\/\/sagardoarenlurraldea.eus\/fr\/wp-json\/wp\/v2\/product_tag?post=136805"}],"curies":[{"name":"wp","href":"https:\/\/api.w.org\/{rel}","templated":true}]}}