{"id":136589,"date":"2026-02-09T09:00:21","date_gmt":"2021-04-12T07:00:21","guid":{"rendered":"http:\/\/www.sagardoarenlurraldea.eus\/?post_type=product&#038;p=136589"},"modified":"2026-03-09T18:24:02","modified_gmt":"2026-03-09T16:24:02","slug":"sagardoetxea-musee-du-cidre-basque","status":"publish","type":"product","link":"https:\/\/sagardoarenlurraldea.eus\/fr\/product\/experiences-fr-2\/musee-et-cidrerie\/sagardoetxea-musee-du-cidre-basque\/","title":{"rendered":"Sagardoetxea, Muse\u00e9 du Cidre Basque"},"content":{"rendered":"<h2>Activit\u00e9s inclues dans l\u2019exp\u00e9rience<\/h2>\n<ul>\n<li>Visite du <strong>champ de pommiers<\/strong>, o\u00f9 d\u00e9couvrir de fa\u00e7on dynamique et p\u00e9dagogique la culture de la pomme.<\/li>\n<li>Visite de<strong> l\u2019espace mus\u00e9al<\/strong>, o\u00f9 d\u00e9couvrir le pass\u00e9, le pr\u00e9sent et le futur de la pomme, du cidre et de tout le processus d\u2019\u00e9laboration du cidre.<\/li>\n<li><strong>D\u00e9gustation<\/strong> <strong>guid\u00e9e<\/strong> de cidre.<\/li>\n<\/ul>\n<h2>Informations pratiques<\/h2>\n<ul>\n<li><strong>Horaires<\/strong>: Ferm\u00e9 les lundis (sauf en juillet et ao\u00fbt). Du mardi au samedi de 11:00-13:30 et 16:00-19:30. Dimanche et jours f\u00e9ri\u00e9s : 11:00-13:30.<\/li>\n<li><strong>Dur\u00e9e<\/strong>: 1 h<\/li>\n<li><strong>Quand venir?<\/strong>\u00a0Toute l\u2019ann\u00e9e.<\/li>\n<li><strong>Qui?<\/strong> Individuel, famille et couple.<\/li>\n<li><strong>Langues<\/strong>: Espagnol, Anglais, Basque et Fran\u00e7ais (sous r\u00e9servation).<\/li>\n<li><strong>Point de rendez-vous<\/strong>: Sagardoetxea, Mus\u00e9e du Cidre Basque (Kale Nagusia, 48 \u2013 Astigarraga). Coordonn\u00e9es GPS: 43.281204, -1.946554\u2033<\/li>\n<li><strong>Comment arriver<\/strong>:\n<ul>\n<li>En vehicule propre : Parking au centre de Astigarraga (C\/ Nagusia) et dans la zone industrielle (C\/ Donostia ibilbidea). Distance depuis le parking: 5-10 min.<\/li>\n<li>En bus de ligne : Depuis Saint S\u00e9bastien (C\/ Okendo) et depuis Hernani (C\/ Txirrita): Lignes BU12 et BU13. Voir horaires. Distance depuis l\u2019arr\u00eat : 5 min.<\/li>\n<\/ul>\n<\/li>\n<\/ul>\n<p><strong>AVIS IMPORTANT:<\/strong> Lors de votre r\u00e9servation, vous ne recevrez pas vos billets par courriel. Votre r\u00e9servation a \u00e9t\u00e9 enregistr\u00e9e dans notre syst\u00e8me ; il vous suffit de vous pr\u00e9senter au point de rencontre le jour de l\u2019activit\u00e9 et de donner votre nom.<\/p>\n<p>&nbsp;<\/p>\n<h2>Tarifs<\/h2>\n<ul>\n<li><strong>Adultes<\/strong>: 5\u20ac<\/li>\n<li><strong>Enfants:<\/strong>\n<ul>\n<li><strong>Enfants de 0-6 ans <\/strong>(accompagn\u00e9 par un adulte): gratuit<\/li>\n<li><strong>Enfants de 7-17 ans<\/strong>: 3\u20ac<\/li>\n<\/ul>\n<\/li>\n<\/ul>\n<p><strong>AVIS IMPORTANT:<\/strong> Lors de votre r\u00e9servation, vous ne recevrez pas vos billets par courriel. Votre r\u00e9servation a \u00e9t\u00e9 enregistr\u00e9e dans notre syst\u00e8me ; il vous suffit de vous pr\u00e9senter au point de rencontre le jour de l\u2019activit\u00e9 et de donner votre nom.<\/p>\n<p>&nbsp;<\/p>\n<h2>Le plus<\/h2>\n<ul>\n<li>Connaitre les racines et la culture du cidre Basque de fa\u00e7on <strong>interactive<\/strong>.<\/li>\n<li>Visiter un espace didactique en contact avec la <strong>nature<\/strong>.<\/li>\n<li>Apprendre les <strong>secrets<\/strong> qui accompagnent la d\u00e9gustation de cidre au txotx.<\/li>\n<\/ul>\n","protected":false},"excerpt":{"rendered":"<p>La Sagardoetxea est unespace de d\u00e9couverte de la culture du sagardoa. La Sagardoetxea comprend trois ensembles distincts pour d\u00e9couvrir l\u2019univers de la pomme et du sagardoa: pommeraie, espace mus\u00e9ographique et d\u00e9gustation. Selon la saison, le paysage des vergers de pommiers change : floraison des pommiers au printemps et r\u00e9colte des pommes en automne.<\/p>\n<p>Les visiteurs individuels de la Sagardoetxea ont la possibilit\u00e9 s\u2019auto-guider \u00e0 travers toutes les zones du Mus\u00e9e, cela dit, l\u2019option qui est recommand\u00e9e est celle de la visite guid\u00e9e pour profiter au mieux du contenu du Mus\u00e9e.<\/p>\n","protected":false},"featured_media":284771,"comment_status":"closed","ping_status":"closed","template":"","meta":{"_acf_changed":false,"_et_pb_use_builder":"","_et_pb_old_content":"","_et_gb_content_width":""},"product_brand":[],"product_cat":[2023,2668],"product_tag":[2647,2628,2621],"class_list":{"0":"post-136589","1":"product","2":"type-product","3":"status-publish","4":"has-post-thumbnail","6":"product_cat-experiences-fr-2","7":"product_cat-musee-et-cidrerie","8":"product_tag-disponible-toute-lannee","9":"product_tag-le-matin","10":"product_tag-lapres-midi","11":"dtwm_map-sagardoetxea-fr","13":"first","14":"instock","15":"virtual","16":"sold-individually","17":"purchasable","18":"product-type-booking"},"exclude_global_add_ons":false,"addons":[{"name":"Visite guid\u00e9e","type":"select","position":0,"required":false,"title_format":"label","default":"","description_enable":false,"description":"","placeholder_enable":false,"placeholder":"","display":"select","restrictions_type":"any_text","adjust_price":false,"price":"","price_type":"flat_fee","restrictions":false,"min":"0","max":"0","options":[],"id":1773080481}],"acf":[],"yoast_head":"<!-- This site is optimized with the Yoast SEO plugin v25.4 - https:\/\/yoast.com\/wordpress\/plugins\/seo\/ -->\n<title>Sagardoetxea, Muse\u00e9 du Cidre Basque - Sagardoaren Lurraldea<\/title>\n<meta name=\"robots\" content=\"index, follow, max-snippet:-1, max-image-preview:large, max-video-preview:-1\" \/>\n<link rel=\"canonical\" href=\"https:\/\/sagardoarenlurraldea.eus\/fr\/product\/experiences-fr-2\/musee-et-cidrerie\/sagardoetxea-musee-du-cidre-basque\/\" \/>\n<meta property=\"og:locale\" content=\"fr_FR\" \/>\n<meta property=\"og:type\" content=\"article\" \/>\n<meta property=\"og:title\" content=\"Sagardoetxea, Muse\u00e9 du Cidre Basque - Sagardoaren Lurraldea\" \/>\n<meta property=\"og:description\" content=\"La Sagardoetxea est unespace de d\u00e9couverte de la culture du sagardoa. La Sagardoetxea comprend trois ensembles distincts pour d\u00e9couvrir l\u2019univers de la pomme et du sagardoa: pommeraie, espace mus\u00e9ographique et d\u00e9gustation. Selon la saison, le paysage des vergers de pommiers change : floraison des pommiers au printemps et r\u00e9colte des pommes en automne.  Les visiteurs individuels de la Sagardoetxea ont la possibilit\u00e9 s\u2019auto-guider \u00e0 travers toutes les zones du Mus\u00e9e, cela dit, l\u2019option qui est recommand\u00e9e est celle de la visite guid\u00e9e pour profiter au mieux du contenu du Mus\u00e9e.\" \/>\n<meta property=\"og:url\" content=\"https:\/\/sagardoarenlurraldea.eus\/fr\/product\/experiences-fr-2\/musee-et-cidrerie\/sagardoetxea-musee-du-cidre-basque\/\" \/>\n<meta property=\"og:site_name\" content=\"Sagardoaren Lurraldea\" \/>\n<meta property=\"article:publisher\" content=\"https:\/\/www.facebook.com\/sagardoarenlurraldea\" \/>\n<meta property=\"article:modified_time\" content=\"2026-03-09T16:24:02+00:00\" \/>\n<meta property=\"og:image\" content=\"https:\/\/sagardoarenlurraldea.eus\/wp-content\/uploads\/2024\/03\/SAGARDOETXEAMUSEOA_1.jpg\" \/>\n\t<meta property=\"og:image:width\" content=\"1800\" \/>\n\t<meta property=\"og:image:height\" content=\"1200\" \/>\n\t<meta property=\"og:image:type\" content=\"image\/jpeg\" \/>\n<meta name=\"twitter:card\" content=\"summary_large_image\" \/>\n<meta name=\"twitter:label1\" content=\"Dur\u00e9e de lecture estim\u00e9e\" \/>\n\t<meta name=\"twitter:data1\" content=\"2 minutes\" \/>\n<script type=\"application\/ld+json\" class=\"yoast-schema-graph\">{\"@context\":\"https:\/\/schema.org\",\"@graph\":[{\"@type\":\"WebPage\",\"@id\":\"https:\/\/sagardoarenlurraldea.eus\/fr\/product\/experiences-fr-2\/musee-et-cidrerie\/sagardoetxea-musee-du-cidre-basque\/\",\"url\":\"https:\/\/sagardoarenlurraldea.eus\/fr\/product\/experiences-fr-2\/musee-et-cidrerie\/sagardoetxea-musee-du-cidre-basque\/\",\"name\":\"Sagardoetxea, Muse\u00e9 du Cidre Basque - Sagardoaren Lurraldea\",\"isPartOf\":{\"@id\":\"https:\/\/sagardoarenlurraldea.eus\/fr\/#website\"},\"primaryImageOfPage\":{\"@id\":\"https:\/\/sagardoarenlurraldea.eus\/fr\/product\/experiences-fr-2\/musee-et-cidrerie\/sagardoetxea-musee-du-cidre-basque\/#primaryimage\"},\"image\":{\"@id\":\"https:\/\/sagardoarenlurraldea.eus\/fr\/product\/experiences-fr-2\/musee-et-cidrerie\/sagardoetxea-musee-du-cidre-basque\/#primaryimage\"},\"thumbnailUrl\":\"https:\/\/sagardoarenlurraldea.eus\/wp-content\/uploads\/2024\/03\/SAGARDOETXEAMUSEOA_1.jpg\",\"datePublished\":\"2021-04-12T07:00:21+00:00\",\"dateModified\":\"2026-03-09T16:24:02+00:00\",\"breadcrumb\":{\"@id\":\"https:\/\/sagardoarenlurraldea.eus\/fr\/product\/experiences-fr-2\/musee-et-cidrerie\/sagardoetxea-musee-du-cidre-basque\/#breadcrumb\"},\"inLanguage\":\"fr-FR\",\"potentialAction\":[{\"@type\":\"ReadAction\",\"target\":[\"https:\/\/sagardoarenlurraldea.eus\/fr\/product\/experiences-fr-2\/musee-et-cidrerie\/sagardoetxea-musee-du-cidre-basque\/\"]}]},{\"@type\":\"ImageObject\",\"inLanguage\":\"fr-FR\",\"@id\":\"https:\/\/sagardoarenlurraldea.eus\/fr\/product\/experiences-fr-2\/musee-et-cidrerie\/sagardoetxea-musee-du-cidre-basque\/#primaryimage\",\"url\":\"https:\/\/sagardoarenlurraldea.eus\/wp-content\/uploads\/2024\/03\/SAGARDOETXEAMUSEOA_1.jpg\",\"contentUrl\":\"https:\/\/sagardoarenlurraldea.eus\/wp-content\/uploads\/2024\/03\/SAGARDOETXEAMUSEOA_1.jpg\",\"width\":1800,\"height\":1200},{\"@type\":\"BreadcrumbList\",\"@id\":\"https:\/\/sagardoarenlurraldea.eus\/fr\/product\/experiences-fr-2\/musee-et-cidrerie\/sagardoetxea-musee-du-cidre-basque\/#breadcrumb\",\"itemListElement\":[{\"@type\":\"ListItem\",\"position\":1,\"name\":\"Inicio\",\"item\":\"https:\/\/sagardoarenlurraldea.eus\/fr\/\"},{\"@type\":\"ListItem\",\"position\":2,\"name\":\"R\u00e9servations\",\"item\":\"https:\/\/sagardoarenlurraldea.eus\/fr\/reservations\/\"},{\"@type\":\"ListItem\",\"position\":3,\"name\":\"Sagardoetxea, Muse\u00e9 du Cidre Basque\"}]},{\"@type\":\"WebSite\",\"@id\":\"https:\/\/sagardoarenlurraldea.eus\/fr\/#website\",\"url\":\"https:\/\/sagardoarenlurraldea.eus\/fr\/\",\"name\":\"Sagardoaren Lurraldea\",\"description\":\"El territorio de la sidra\",\"potentialAction\":[{\"@type\":\"SearchAction\",\"target\":{\"@type\":\"EntryPoint\",\"urlTemplate\":\"https:\/\/sagardoarenlurraldea.eus\/fr\/?s={search_term_string}\"},\"query-input\":{\"@type\":\"PropertyValueSpecification\",\"valueRequired\":true,\"valueName\":\"search_term_string\"}}],\"inLanguage\":\"fr-FR\"}]}<\/script>\n<!-- \/ Yoast SEO plugin. -->","yoast_head_json":{"title":"Sagardoetxea, Muse\u00e9 du Cidre Basque - Sagardoaren Lurraldea","robots":{"index":"index","follow":"follow","max-snippet":"max-snippet:-1","max-image-preview":"max-image-preview:large","max-video-preview":"max-video-preview:-1"},"canonical":"https:\/\/sagardoarenlurraldea.eus\/fr\/product\/experiences-fr-2\/musee-et-cidrerie\/sagardoetxea-musee-du-cidre-basque\/","og_locale":"fr_FR","og_type":"article","og_title":"Sagardoetxea, Muse\u00e9 du Cidre Basque - Sagardoaren Lurraldea","og_description":"La Sagardoetxea est unespace de d\u00e9couverte de la culture du sagardoa. La Sagardoetxea comprend trois ensembles distincts pour d\u00e9couvrir l\u2019univers de la pomme et du sagardoa: pommeraie, espace mus\u00e9ographique et d\u00e9gustation. Selon la saison, le paysage des vergers de pommiers change : floraison des pommiers au printemps et r\u00e9colte des pommes en automne.  Les visiteurs individuels de la Sagardoetxea ont la possibilit\u00e9 s\u2019auto-guider \u00e0 travers toutes les zones du Mus\u00e9e, cela dit, l\u2019option qui est recommand\u00e9e est celle de la visite guid\u00e9e pour profiter au mieux du contenu du Mus\u00e9e.","og_url":"https:\/\/sagardoarenlurraldea.eus\/fr\/product\/experiences-fr-2\/musee-et-cidrerie\/sagardoetxea-musee-du-cidre-basque\/","og_site_name":"Sagardoaren Lurraldea","article_publisher":"https:\/\/www.facebook.com\/sagardoarenlurraldea","article_modified_time":"2026-03-09T16:24:02+00:00","og_image":[{"width":1800,"height":1200,"url":"https:\/\/sagardoarenlurraldea.eus\/wp-content\/uploads\/2024\/03\/SAGARDOETXEAMUSEOA_1.jpg","type":"image\/jpeg"}],"twitter_card":"summary_large_image","twitter_misc":{"Dur\u00e9e de lecture estim\u00e9e":"2 minutes"},"schema":{"@context":"https:\/\/schema.org","@graph":[{"@type":"WebPage","@id":"https:\/\/sagardoarenlurraldea.eus\/fr\/product\/experiences-fr-2\/musee-et-cidrerie\/sagardoetxea-musee-du-cidre-basque\/","url":"https:\/\/sagardoarenlurraldea.eus\/fr\/product\/experiences-fr-2\/musee-et-cidrerie\/sagardoetxea-musee-du-cidre-basque\/","name":"Sagardoetxea, Muse\u00e9 du Cidre Basque - Sagardoaren Lurraldea","isPartOf":{"@id":"https:\/\/sagardoarenlurraldea.eus\/fr\/#website"},"primaryImageOfPage":{"@id":"https:\/\/sagardoarenlurraldea.eus\/fr\/product\/experiences-fr-2\/musee-et-cidrerie\/sagardoetxea-musee-du-cidre-basque\/#primaryimage"},"image":{"@id":"https:\/\/sagardoarenlurraldea.eus\/fr\/product\/experiences-fr-2\/musee-et-cidrerie\/sagardoetxea-musee-du-cidre-basque\/#primaryimage"},"thumbnailUrl":"https:\/\/sagardoarenlurraldea.eus\/wp-content\/uploads\/2024\/03\/SAGARDOETXEAMUSEOA_1.jpg","datePublished":"2021-04-12T07:00:21+00:00","dateModified":"2026-03-09T16:24:02+00:00","breadcrumb":{"@id":"https:\/\/sagardoarenlurraldea.eus\/fr\/product\/experiences-fr-2\/musee-et-cidrerie\/sagardoetxea-musee-du-cidre-basque\/#breadcrumb"},"inLanguage":"fr-FR","potentialAction":[{"@type":"ReadAction","target":["https:\/\/sagardoarenlurraldea.eus\/fr\/product\/experiences-fr-2\/musee-et-cidrerie\/sagardoetxea-musee-du-cidre-basque\/"]}]},{"@type":"ImageObject","inLanguage":"fr-FR","@id":"https:\/\/sagardoarenlurraldea.eus\/fr\/product\/experiences-fr-2\/musee-et-cidrerie\/sagardoetxea-musee-du-cidre-basque\/#primaryimage","url":"https:\/\/sagardoarenlurraldea.eus\/wp-content\/uploads\/2024\/03\/SAGARDOETXEAMUSEOA_1.jpg","contentUrl":"https:\/\/sagardoarenlurraldea.eus\/wp-content\/uploads\/2024\/03\/SAGARDOETXEAMUSEOA_1.jpg","width":1800,"height":1200},{"@type":"BreadcrumbList","@id":"https:\/\/sagardoarenlurraldea.eus\/fr\/product\/experiences-fr-2\/musee-et-cidrerie\/sagardoetxea-musee-du-cidre-basque\/#breadcrumb","itemListElement":[{"@type":"ListItem","position":1,"name":"Inicio","item":"https:\/\/sagardoarenlurraldea.eus\/fr\/"},{"@type":"ListItem","position":2,"name":"R\u00e9servations","item":"https:\/\/sagardoarenlurraldea.eus\/fr\/reservations\/"},{"@type":"ListItem","position":3,"name":"Sagardoetxea, Muse\u00e9 du Cidre Basque"}]},{"@type":"WebSite","@id":"https:\/\/sagardoarenlurraldea.eus\/fr\/#website","url":"https:\/\/sagardoarenlurraldea.eus\/fr\/","name":"Sagardoaren Lurraldea","description":"El territorio de la sidra","potentialAction":[{"@type":"SearchAction","target":{"@type":"EntryPoint","urlTemplate":"https:\/\/sagardoarenlurraldea.eus\/fr\/?s={search_term_string}"},"query-input":{"@type":"PropertyValueSpecification","valueRequired":true,"valueName":"search_term_string"}}],"inLanguage":"fr-FR"}]}},"_links":{"self":[{"href":"https:\/\/sagardoarenlurraldea.eus\/fr\/wp-json\/wp\/v2\/product\/136589","targetHints":{"allow":["GET"]}}],"collection":[{"href":"https:\/\/sagardoarenlurraldea.eus\/fr\/wp-json\/wp\/v2\/product"}],"about":[{"href":"https:\/\/sagardoarenlurraldea.eus\/fr\/wp-json\/wp\/v2\/types\/product"}],"replies":[{"embeddable":true,"href":"https:\/\/sagardoarenlurraldea.eus\/fr\/wp-json\/wp\/v2\/comments?post=136589"}],"wp:featuredmedia":[{"embeddable":true,"href":"https:\/\/sagardoarenlurraldea.eus\/fr\/wp-json\/wp\/v2\/media\/284771"}],"wp:attachment":[{"href":"https:\/\/sagardoarenlurraldea.eus\/fr\/wp-json\/wp\/v2\/media?parent=136589"}],"wp:term":[{"taxonomy":"product_brand","embeddable":true,"href":"https:\/\/sagardoarenlurraldea.eus\/fr\/wp-json\/wp\/v2\/product_brand?post=136589"},{"taxonomy":"product_cat","embeddable":true,"href":"https:\/\/sagardoarenlurraldea.eus\/fr\/wp-json\/wp\/v2\/product_cat?post=136589"},{"taxonomy":"product_tag","embeddable":true,"href":"https:\/\/sagardoarenlurraldea.eus\/fr\/wp-json\/wp\/v2\/product_tag?post=136589"}],"curies":[{"name":"wp","href":"https:\/\/api.w.org\/{rel}","templated":true}]}}