{"id":124381,"date":"2019-10-31T12:18:39","date_gmt":"2019-10-31T10:18:39","guid":{"rendered":"http:\/\/www.sagardoarenlurraldea.eus\/reservar\/kategoria-gabea\/hebergement-a-lhotel-hk10\/"},"modified":"2019-10-31T12:18:39","modified_gmt":"2019-10-31T10:18:39","slug":"hebergement-a-lhotel-hk10","status":"publish","type":"product","link":"https:\/\/sagardoarenlurraldea.eus\/fr\/product\/non-classifiee\/hebergement-a-lhotel-hk10\/","title":{"rendered":"H\u00e9bergement \u00e0 l\u2019h\u00f4tel HK10"},"content":{"rendered":"<p><img loading=\"lazy\" decoding=\"async\" class=\"wp-image-124090 alignright\" src=\"https:\/\/sagardoarenlurraldea.eus\/wp-content\/uploads\/2019\/10\/Hotel-hk10_2.jpg\" alt=\"\" width=\"342\" height=\"221\" srcset=\"https:\/\/sagardoarenlurraldea.eus\/wp-content\/uploads\/2019\/10\/Hotel-hk10_2.jpg 882w, https:\/\/sagardoarenlurraldea.eus\/wp-content\/uploads\/2019\/10\/Hotel-hk10_2-510x330.jpg 510w\" sizes=\"(max-width: 342px) 100vw, 342px\" \/>L\u2019h\u00f4tel K10, \u00e0 10 minutes de Saint-S\u00e9bastien, est situ\u00e9 \u00e0 l\u2019\u00e9picentre du territoire du cidre. Avec son apparence moderne, il se distingue de l\u2019environnement rural o\u00f9 il se trouve.<\/p>\n<p><strong>Prix\u00a0:<\/strong><\/p>\n<ul>\n<li>Chambre individuelle (petit d\u00e9jeuner compris)\u00a0: 81,90\u00a0\u20ac<\/li>\n<li>Chambre double (petit d\u00e9jeuner compris) : 92,40 \u20ac<\/li>\n<\/ul>\n<p><strong>Dates de r\u00e9servation possibles : 20, 21, 22, 23 et 24 novembre<\/strong><\/p>\n","protected":false},"excerpt":{"rendered":"<p>L\u2019h\u00f4tel K10, \u00e0 10 minutes de Saint-S\u00e9bastien, est situ\u00e9 \u00e0 l\u2019\u00e9picentre du territoire du cidre. Avec son apparence moderne, il se distingue de l\u2019environnement rural o\u00f9 il se trouve.<\/p>\n<p><strong>Prix\u00a0:<\/strong><\/p>\n<ul>\n<li>Chambre individuelle (petit d\u00e9jeuner compris)\u00a0: 81,90\u00a0\u20ac<\/li>\n<li>Chambre double (petit d\u00e9jeuner compris) : 92,40 \u20ac<\/li>\n<\/ul>\n<p><strong>Dates de r\u00e9servation possibles : 20, 21, 22, 23 et 24 novembre<\/strong><\/p>\n","protected":false},"featured_media":124093,"comment_status":"open","ping_status":"closed","template":"","meta":{"_acf_changed":false,"_et_pb_use_builder":"","_et_pb_old_content":"","_et_gb_content_width":""},"product_brand":[],"product_cat":[3019],"product_tag":[],"class_list":{"0":"post-124381","1":"product","2":"type-product","3":"status-publish","4":"has-post-thumbnail","6":"product_cat-non-classifiee","8":"first","9":"instock","10":"sold-individually","11":"shipping-taxable","12":"purchasable","13":"product-type-booking"},"exclude_global_add_ons":[],"addons":[],"acf":[],"yoast_head":"<!-- This site is optimized with the Yoast SEO plugin v25.4 - https:\/\/yoast.com\/wordpress\/plugins\/seo\/ -->\n<title>H\u00e9bergement \u00e0 l\u2019h\u00f4tel HK10 - Sagardoaren Lurraldea<\/title>\n<meta name=\"robots\" content=\"index, follow, max-snippet:-1, max-image-preview:large, max-video-preview:-1\" \/>\n<link rel=\"canonical\" href=\"https:\/\/sagardoarenlurraldea.eus\/fr\/product\/non-classifiee\/hebergement-a-lhotel-hk10\/\" \/>\n<meta property=\"og:locale\" content=\"fr_FR\" \/>\n<meta property=\"og:type\" content=\"article\" \/>\n<meta property=\"og:title\" content=\"H\u00e9bergement \u00e0 l\u2019h\u00f4tel HK10 - Sagardoaren Lurraldea\" \/>\n<meta property=\"og:description\" content=\"L\u2019h\u00f4tel K10, \u00e0 10 minutes de Saint-S\u00e9bastien, est situ\u00e9 \u00e0 l\u2019\u00e9picentre du territoire du cidre. Avec son apparence moderne, il se distingue de l\u2019environnement rural o\u00f9 il se trouve.  Prix\u00a0:   Chambre individuelle (petit d\u00e9jeuner compris)\u00a0: 81,90\u00a0\u20ac  Chambre double (petit d\u00e9jeuner compris) : 92,40 \u20ac  Dates de r\u00e9servation possibles : 20, 21, 22, 23 et 24 novembre\" \/>\n<meta property=\"og:url\" content=\"https:\/\/sagardoarenlurraldea.eus\/fr\/product\/non-classifiee\/hebergement-a-lhotel-hk10\/\" \/>\n<meta property=\"og:site_name\" content=\"Sagardoaren Lurraldea\" \/>\n<meta property=\"article:publisher\" content=\"https:\/\/www.facebook.com\/sagardoarenlurraldea\" \/>\n<meta property=\"og:image\" content=\"https:\/\/sagardoarenlurraldea.eus\/wp-content\/uploads\/2019\/10\/Hotel-hk10_2.jpg\" \/>\n\t<meta property=\"og:image:width\" content=\"882\" \/>\n\t<meta property=\"og:image:height\" content=\"570\" \/>\n\t<meta property=\"og:image:type\" content=\"image\/jpeg\" \/>\n<meta name=\"twitter:card\" content=\"summary_large_image\" \/>\n<script type=\"application\/ld+json\" class=\"yoast-schema-graph\">{\"@context\":\"https:\/\/schema.org\",\"@graph\":[{\"@type\":\"WebPage\",\"@id\":\"https:\/\/sagardoarenlurraldea.eus\/fr\/product\/non-classifiee\/hebergement-a-lhotel-hk10\/\",\"url\":\"https:\/\/sagardoarenlurraldea.eus\/fr\/product\/non-classifiee\/hebergement-a-lhotel-hk10\/\",\"name\":\"H\u00e9bergement \u00e0 l\u2019h\u00f4tel HK10 - Sagardoaren Lurraldea\",\"isPartOf\":{\"@id\":\"https:\/\/sagardoarenlurraldea.eus\/fr\/#website\"},\"primaryImageOfPage\":{\"@id\":\"https:\/\/sagardoarenlurraldea.eus\/fr\/product\/non-classifiee\/hebergement-a-lhotel-hk10\/#primaryimage\"},\"image\":{\"@id\":\"https:\/\/sagardoarenlurraldea.eus\/fr\/product\/non-classifiee\/hebergement-a-lhotel-hk10\/#primaryimage\"},\"thumbnailUrl\":\"https:\/\/sagardoarenlurraldea.eus\/wp-content\/uploads\/2019\/10\/Hotel-hk10_2.jpg\",\"datePublished\":\"2019-10-31T10:18:39+00:00\",\"breadcrumb\":{\"@id\":\"https:\/\/sagardoarenlurraldea.eus\/fr\/product\/non-classifiee\/hebergement-a-lhotel-hk10\/#breadcrumb\"},\"inLanguage\":\"fr-FR\",\"potentialAction\":[{\"@type\":\"ReadAction\",\"target\":[\"https:\/\/sagardoarenlurraldea.eus\/fr\/product\/non-classifiee\/hebergement-a-lhotel-hk10\/\"]}]},{\"@type\":\"ImageObject\",\"inLanguage\":\"fr-FR\",\"@id\":\"https:\/\/sagardoarenlurraldea.eus\/fr\/product\/non-classifiee\/hebergement-a-lhotel-hk10\/#primaryimage\",\"url\":\"https:\/\/sagardoarenlurraldea.eus\/wp-content\/uploads\/2019\/10\/Hotel-hk10_2.jpg\",\"contentUrl\":\"https:\/\/sagardoarenlurraldea.eus\/wp-content\/uploads\/2019\/10\/Hotel-hk10_2.jpg\",\"width\":882,\"height\":570},{\"@type\":\"BreadcrumbList\",\"@id\":\"https:\/\/sagardoarenlurraldea.eus\/fr\/product\/non-classifiee\/hebergement-a-lhotel-hk10\/#breadcrumb\",\"itemListElement\":[{\"@type\":\"ListItem\",\"position\":1,\"name\":\"Inicio\",\"item\":\"https:\/\/sagardoarenlurraldea.eus\/fr\/\"},{\"@type\":\"ListItem\",\"position\":2,\"name\":\"R\u00e9servations\",\"item\":\"https:\/\/sagardoarenlurraldea.eus\/fr\/reservations\/\"},{\"@type\":\"ListItem\",\"position\":3,\"name\":\"H\u00e9bergement \u00e0 l\u2019h\u00f4tel HK10\"}]},{\"@type\":\"WebSite\",\"@id\":\"https:\/\/sagardoarenlurraldea.eus\/fr\/#website\",\"url\":\"https:\/\/sagardoarenlurraldea.eus\/fr\/\",\"name\":\"Sagardoaren Lurraldea\",\"description\":\"El territorio de la sidra\",\"potentialAction\":[{\"@type\":\"SearchAction\",\"target\":{\"@type\":\"EntryPoint\",\"urlTemplate\":\"https:\/\/sagardoarenlurraldea.eus\/fr\/?s={search_term_string}\"},\"query-input\":{\"@type\":\"PropertyValueSpecification\",\"valueRequired\":true,\"valueName\":\"search_term_string\"}}],\"inLanguage\":\"fr-FR\"}]}<\/script>\n<!-- \/ Yoast SEO plugin. -->","yoast_head_json":{"title":"H\u00e9bergement \u00e0 l\u2019h\u00f4tel HK10 - Sagardoaren Lurraldea","robots":{"index":"index","follow":"follow","max-snippet":"max-snippet:-1","max-image-preview":"max-image-preview:large","max-video-preview":"max-video-preview:-1"},"canonical":"https:\/\/sagardoarenlurraldea.eus\/fr\/product\/non-classifiee\/hebergement-a-lhotel-hk10\/","og_locale":"fr_FR","og_type":"article","og_title":"H\u00e9bergement \u00e0 l\u2019h\u00f4tel HK10 - Sagardoaren Lurraldea","og_description":"L\u2019h\u00f4tel K10, \u00e0 10 minutes de Saint-S\u00e9bastien, est situ\u00e9 \u00e0 l\u2019\u00e9picentre du territoire du cidre. Avec son apparence moderne, il se distingue de l\u2019environnement rural o\u00f9 il se trouve.  Prix\u00a0:   Chambre individuelle (petit d\u00e9jeuner compris)\u00a0: 81,90\u00a0\u20ac  Chambre double (petit d\u00e9jeuner compris) : 92,40 \u20ac  Dates de r\u00e9servation possibles : 20, 21, 22, 23 et 24 novembre","og_url":"https:\/\/sagardoarenlurraldea.eus\/fr\/product\/non-classifiee\/hebergement-a-lhotel-hk10\/","og_site_name":"Sagardoaren Lurraldea","article_publisher":"https:\/\/www.facebook.com\/sagardoarenlurraldea","og_image":[{"width":882,"height":570,"url":"https:\/\/sagardoarenlurraldea.eus\/wp-content\/uploads\/2019\/10\/Hotel-hk10_2.jpg","type":"image\/jpeg"}],"twitter_card":"summary_large_image","schema":{"@context":"https:\/\/schema.org","@graph":[{"@type":"WebPage","@id":"https:\/\/sagardoarenlurraldea.eus\/fr\/product\/non-classifiee\/hebergement-a-lhotel-hk10\/","url":"https:\/\/sagardoarenlurraldea.eus\/fr\/product\/non-classifiee\/hebergement-a-lhotel-hk10\/","name":"H\u00e9bergement \u00e0 l\u2019h\u00f4tel HK10 - Sagardoaren Lurraldea","isPartOf":{"@id":"https:\/\/sagardoarenlurraldea.eus\/fr\/#website"},"primaryImageOfPage":{"@id":"https:\/\/sagardoarenlurraldea.eus\/fr\/product\/non-classifiee\/hebergement-a-lhotel-hk10\/#primaryimage"},"image":{"@id":"https:\/\/sagardoarenlurraldea.eus\/fr\/product\/non-classifiee\/hebergement-a-lhotel-hk10\/#primaryimage"},"thumbnailUrl":"https:\/\/sagardoarenlurraldea.eus\/wp-content\/uploads\/2019\/10\/Hotel-hk10_2.jpg","datePublished":"2019-10-31T10:18:39+00:00","breadcrumb":{"@id":"https:\/\/sagardoarenlurraldea.eus\/fr\/product\/non-classifiee\/hebergement-a-lhotel-hk10\/#breadcrumb"},"inLanguage":"fr-FR","potentialAction":[{"@type":"ReadAction","target":["https:\/\/sagardoarenlurraldea.eus\/fr\/product\/non-classifiee\/hebergement-a-lhotel-hk10\/"]}]},{"@type":"ImageObject","inLanguage":"fr-FR","@id":"https:\/\/sagardoarenlurraldea.eus\/fr\/product\/non-classifiee\/hebergement-a-lhotel-hk10\/#primaryimage","url":"https:\/\/sagardoarenlurraldea.eus\/wp-content\/uploads\/2019\/10\/Hotel-hk10_2.jpg","contentUrl":"https:\/\/sagardoarenlurraldea.eus\/wp-content\/uploads\/2019\/10\/Hotel-hk10_2.jpg","width":882,"height":570},{"@type":"BreadcrumbList","@id":"https:\/\/sagardoarenlurraldea.eus\/fr\/product\/non-classifiee\/hebergement-a-lhotel-hk10\/#breadcrumb","itemListElement":[{"@type":"ListItem","position":1,"name":"Inicio","item":"https:\/\/sagardoarenlurraldea.eus\/fr\/"},{"@type":"ListItem","position":2,"name":"R\u00e9servations","item":"https:\/\/sagardoarenlurraldea.eus\/fr\/reservations\/"},{"@type":"ListItem","position":3,"name":"H\u00e9bergement \u00e0 l\u2019h\u00f4tel HK10"}]},{"@type":"WebSite","@id":"https:\/\/sagardoarenlurraldea.eus\/fr\/#website","url":"https:\/\/sagardoarenlurraldea.eus\/fr\/","name":"Sagardoaren Lurraldea","description":"El territorio de la sidra","potentialAction":[{"@type":"SearchAction","target":{"@type":"EntryPoint","urlTemplate":"https:\/\/sagardoarenlurraldea.eus\/fr\/?s={search_term_string}"},"query-input":{"@type":"PropertyValueSpecification","valueRequired":true,"valueName":"search_term_string"}}],"inLanguage":"fr-FR"}]}},"_links":{"self":[{"href":"https:\/\/sagardoarenlurraldea.eus\/fr\/wp-json\/wp\/v2\/product\/124381","targetHints":{"allow":["GET"]}}],"collection":[{"href":"https:\/\/sagardoarenlurraldea.eus\/fr\/wp-json\/wp\/v2\/product"}],"about":[{"href":"https:\/\/sagardoarenlurraldea.eus\/fr\/wp-json\/wp\/v2\/types\/product"}],"replies":[{"embeddable":true,"href":"https:\/\/sagardoarenlurraldea.eus\/fr\/wp-json\/wp\/v2\/comments?post=124381"}],"wp:featuredmedia":[{"embeddable":true,"href":"https:\/\/sagardoarenlurraldea.eus\/fr\/wp-json\/wp\/v2\/media\/124093"}],"wp:attachment":[{"href":"https:\/\/sagardoarenlurraldea.eus\/fr\/wp-json\/wp\/v2\/media?parent=124381"}],"wp:term":[{"taxonomy":"product_brand","embeddable":true,"href":"https:\/\/sagardoarenlurraldea.eus\/fr\/wp-json\/wp\/v2\/product_brand?post=124381"},{"taxonomy":"product_cat","embeddable":true,"href":"https:\/\/sagardoarenlurraldea.eus\/fr\/wp-json\/wp\/v2\/product_cat?post=124381"},{"taxonomy":"product_tag","embeddable":true,"href":"https:\/\/sagardoarenlurraldea.eus\/fr\/wp-json\/wp\/v2\/product_tag?post=124381"}],"curies":[{"name":"wp","href":"https:\/\/api.w.org\/{rel}","templated":true}]}}