{"id":120508,"date":"2021-10-30T12:17:10","date_gmt":"2019-09-06T10:17:10","guid":{"rendered":"http:\/\/www.sagardoarenlurraldea.eus\/reservar\/kategoria-gabea\/excursion\/"},"modified":"2023-11-20T14:10:38","modified_gmt":"2023-11-20T12:10:38","slug":"activites","status":"publish","type":"product","link":"https:\/\/sagardoarenlurraldea.eus\/fr\/product\/sagardo-forum-fr\/activites\/","title":{"rendered":"Activit\u00e9s"},"content":{"rendered":"","protected":false},"excerpt":{"rendered":"<ol>\n<li><strong>D\u00eener au restaurant LABe<\/strong> (Donostia): d\u00eener accompagn\u00e9 de cidres locaux et internationaux.\n<ul>\n<li><strong>Lieu<\/strong>: <a href=\"https:\/\/maps.app.goo.gl\/NMn1G8CgunshGvrG8\">Restaurant LABe <\/a>(Donostia)<\/li>\n<li><strong>Jour:<\/strong> Jeudi 30 novembre<\/li>\n<li><strong>Heure<\/strong>: 20:30<\/li>\n<li><strong>Prix:<\/strong> 70\u20ac<\/li>\n<li><a href=\"https:\/\/sagardoarenlurraldea.eus\/fr\/sagardo-forum\/diner-labe\/\">Voir le menu<\/a><\/li>\n<\/ul>\n<\/li>\n<li><strong>D\u00eener \u00ab\u00a0Rituel du txotx\u00a0\u00bb \u00e0 la cidrerie Alorrenea <\/strong>(Astigarraga): d\u00eener pour profiter du rituel du txotx et du menu de la cidrerie.\n<ul>\n<li><strong>Lieu<\/strong>: <a href=\"https:\/\/www.google.com\/maps\/place\/\/data=!4m2!3m1!1s0xd51af090bc57673:0x66442e6ca13a7e91?source=g.page.share\">Alorrenea cidrerie <\/a>(Astigarraga)<\/li>\n<li><strong>Jour:<\/strong> Vendredi 1er d\u00e9cembre<\/li>\n<li><strong>Heure: <\/strong>20:30<\/li>\n<li><strong>Prix:<\/strong> 39\u20ac<\/li>\n<\/ul>\n<\/li>\n<\/ol>\n","protected":false},"featured_media":174011,"comment_status":"open","ping_status":"closed","template":"","meta":{"_acf_changed":false,"_et_pb_use_builder":"","_et_pb_old_content":"","_et_gb_content_width":""},"product_brand":[],"product_cat":[2677],"product_tag":[],"class_list":{"0":"post-120508","1":"product","2":"type-product","3":"status-publish","4":"has-post-thumbnail","6":"product_cat-sagardo-forum-fr","8":"first","9":"instock","10":"shipping-taxable","11":"purchasable","12":"product-type-variable"},"exclude_global_add_ons":[],"addons":[],"acf":[],"yoast_head":"<!-- This site is optimized with the Yoast SEO plugin v25.4 - https:\/\/yoast.com\/wordpress\/plugins\/seo\/ -->\n<title>Activit\u00e9s - Sagardoaren Lurraldea<\/title>\n<meta name=\"robots\" content=\"index, follow, max-snippet:-1, max-image-preview:large, max-video-preview:-1\" \/>\n<link rel=\"canonical\" href=\"https:\/\/sagardoarenlurraldea.eus\/fr\/product\/sagardo-forum-fr\/activites\/\" \/>\n<meta property=\"og:locale\" content=\"fr_FR\" \/>\n<meta property=\"og:type\" content=\"article\" \/>\n<meta property=\"og:title\" content=\"Activit\u00e9s - Sagardoaren Lurraldea\" \/>\n<meta property=\"og:description\" content=\"D\u00eener au restaurant LABe (Donostia): d\u00eener accompagn\u00e9 de cidres locaux et internationaux.   Lieu: Restaurant LABe (Donostia)  Jour: Jeudi 30 novembre  Heure: 20:30  Prix: 70\u20ac  Voir le menu    D\u00eener &quot;Rituel du txotx&quot; \u00e0 la cidrerie Alorrenea (Astigarraga): d\u00eener pour profiter du rituel du txotx et du menu de la cidrerie.   Lieu: Alorrenea cidrerie (Astigarraga)  Jour: Vendredi 1er d\u00e9cembre  Heure: 20:30  Prix: 39\u20ac\" \/>\n<meta property=\"og:url\" content=\"https:\/\/sagardoarenlurraldea.eus\/fr\/product\/sagardo-forum-fr\/activites\/\" \/>\n<meta property=\"og:site_name\" content=\"Sagardoaren Lurraldea\" \/>\n<meta property=\"article:publisher\" content=\"https:\/\/www.facebook.com\/sagardoarenlurraldea\" \/>\n<meta property=\"article:modified_time\" content=\"2023-11-20T12:10:38+00:00\" \/>\n<meta property=\"og:image\" content=\"https:\/\/sagardoarenlurraldea.eus\/wp-content\/uploads\/2019\/09\/Jarduerak-398x391-1.jpg\" \/>\n\t<meta property=\"og:image:width\" content=\"398\" \/>\n\t<meta property=\"og:image:height\" content=\"391\" \/>\n\t<meta property=\"og:image:type\" content=\"image\/jpeg\" \/>\n<meta name=\"twitter:card\" content=\"summary_large_image\" \/>\n<meta name=\"twitter:label1\" content=\"Dur\u00e9e de lecture estim\u00e9e\" \/>\n\t<meta name=\"twitter:data1\" content=\"3 minutes\" \/>\n<script type=\"application\/ld+json\" class=\"yoast-schema-graph\">{\"@context\":\"https:\/\/schema.org\",\"@graph\":[{\"@type\":\"WebPage\",\"@id\":\"https:\/\/sagardoarenlurraldea.eus\/fr\/product\/sagardo-forum-fr\/activites\/\",\"url\":\"https:\/\/sagardoarenlurraldea.eus\/fr\/product\/sagardo-forum-fr\/activites\/\",\"name\":\"Activit\u00e9s - Sagardoaren Lurraldea\",\"isPartOf\":{\"@id\":\"https:\/\/sagardoarenlurraldea.eus\/fr\/#website\"},\"primaryImageOfPage\":{\"@id\":\"https:\/\/sagardoarenlurraldea.eus\/fr\/product\/sagardo-forum-fr\/activites\/#primaryimage\"},\"image\":{\"@id\":\"https:\/\/sagardoarenlurraldea.eus\/fr\/product\/sagardo-forum-fr\/activites\/#primaryimage\"},\"thumbnailUrl\":\"https:\/\/sagardoarenlurraldea.eus\/wp-content\/uploads\/2019\/09\/Jarduerak-398x391-1.jpg\",\"datePublished\":\"2019-09-06T10:17:10+00:00\",\"dateModified\":\"2023-11-20T12:10:38+00:00\",\"breadcrumb\":{\"@id\":\"https:\/\/sagardoarenlurraldea.eus\/fr\/product\/sagardo-forum-fr\/activites\/#breadcrumb\"},\"inLanguage\":\"fr-FR\",\"potentialAction\":[{\"@type\":\"ReadAction\",\"target\":[\"https:\/\/sagardoarenlurraldea.eus\/fr\/product\/sagardo-forum-fr\/activites\/\"]}]},{\"@type\":\"ImageObject\",\"inLanguage\":\"fr-FR\",\"@id\":\"https:\/\/sagardoarenlurraldea.eus\/fr\/product\/sagardo-forum-fr\/activites\/#primaryimage\",\"url\":\"https:\/\/sagardoarenlurraldea.eus\/wp-content\/uploads\/2019\/09\/Jarduerak-398x391-1.jpg\",\"contentUrl\":\"https:\/\/sagardoarenlurraldea.eus\/wp-content\/uploads\/2019\/09\/Jarduerak-398x391-1.jpg\",\"width\":398,\"height\":391},{\"@type\":\"BreadcrumbList\",\"@id\":\"https:\/\/sagardoarenlurraldea.eus\/fr\/product\/sagardo-forum-fr\/activites\/#breadcrumb\",\"itemListElement\":[{\"@type\":\"ListItem\",\"position\":1,\"name\":\"Inicio\",\"item\":\"https:\/\/sagardoarenlurraldea.eus\/fr\/\"},{\"@type\":\"ListItem\",\"position\":2,\"name\":\"R\u00e9servations\",\"item\":\"https:\/\/sagardoarenlurraldea.eus\/fr\/reservations\/\"},{\"@type\":\"ListItem\",\"position\":3,\"name\":\"Activit\u00e9s\"}]},{\"@type\":\"WebSite\",\"@id\":\"https:\/\/sagardoarenlurraldea.eus\/fr\/#website\",\"url\":\"https:\/\/sagardoarenlurraldea.eus\/fr\/\",\"name\":\"Sagardoaren Lurraldea\",\"description\":\"El territorio de la sidra\",\"potentialAction\":[{\"@type\":\"SearchAction\",\"target\":{\"@type\":\"EntryPoint\",\"urlTemplate\":\"https:\/\/sagardoarenlurraldea.eus\/fr\/?s={search_term_string}\"},\"query-input\":{\"@type\":\"PropertyValueSpecification\",\"valueRequired\":true,\"valueName\":\"search_term_string\"}}],\"inLanguage\":\"fr-FR\"}]}<\/script>\n<!-- \/ Yoast SEO plugin. -->","yoast_head_json":{"title":"Activit\u00e9s - Sagardoaren Lurraldea","robots":{"index":"index","follow":"follow","max-snippet":"max-snippet:-1","max-image-preview":"max-image-preview:large","max-video-preview":"max-video-preview:-1"},"canonical":"https:\/\/sagardoarenlurraldea.eus\/fr\/product\/sagardo-forum-fr\/activites\/","og_locale":"fr_FR","og_type":"article","og_title":"Activit\u00e9s - Sagardoaren Lurraldea","og_description":"D\u00eener au restaurant LABe (Donostia): d\u00eener accompagn\u00e9 de cidres locaux et internationaux.   Lieu: Restaurant LABe (Donostia)  Jour: Jeudi 30 novembre  Heure: 20:30  Prix: 70\u20ac  Voir le menu    D\u00eener \"Rituel du txotx\" \u00e0 la cidrerie Alorrenea (Astigarraga): d\u00eener pour profiter du rituel du txotx et du menu de la cidrerie.   Lieu: Alorrenea cidrerie (Astigarraga)  Jour: Vendredi 1er d\u00e9cembre  Heure: 20:30  Prix: 39\u20ac","og_url":"https:\/\/sagardoarenlurraldea.eus\/fr\/product\/sagardo-forum-fr\/activites\/","og_site_name":"Sagardoaren Lurraldea","article_publisher":"https:\/\/www.facebook.com\/sagardoarenlurraldea","article_modified_time":"2023-11-20T12:10:38+00:00","og_image":[{"width":398,"height":391,"url":"https:\/\/sagardoarenlurraldea.eus\/wp-content\/uploads\/2019\/09\/Jarduerak-398x391-1.jpg","type":"image\/jpeg"}],"twitter_card":"summary_large_image","twitter_misc":{"Dur\u00e9e de lecture estim\u00e9e":"3 minutes"},"schema":{"@context":"https:\/\/schema.org","@graph":[{"@type":"WebPage","@id":"https:\/\/sagardoarenlurraldea.eus\/fr\/product\/sagardo-forum-fr\/activites\/","url":"https:\/\/sagardoarenlurraldea.eus\/fr\/product\/sagardo-forum-fr\/activites\/","name":"Activit\u00e9s - Sagardoaren Lurraldea","isPartOf":{"@id":"https:\/\/sagardoarenlurraldea.eus\/fr\/#website"},"primaryImageOfPage":{"@id":"https:\/\/sagardoarenlurraldea.eus\/fr\/product\/sagardo-forum-fr\/activites\/#primaryimage"},"image":{"@id":"https:\/\/sagardoarenlurraldea.eus\/fr\/product\/sagardo-forum-fr\/activites\/#primaryimage"},"thumbnailUrl":"https:\/\/sagardoarenlurraldea.eus\/wp-content\/uploads\/2019\/09\/Jarduerak-398x391-1.jpg","datePublished":"2019-09-06T10:17:10+00:00","dateModified":"2023-11-20T12:10:38+00:00","breadcrumb":{"@id":"https:\/\/sagardoarenlurraldea.eus\/fr\/product\/sagardo-forum-fr\/activites\/#breadcrumb"},"inLanguage":"fr-FR","potentialAction":[{"@type":"ReadAction","target":["https:\/\/sagardoarenlurraldea.eus\/fr\/product\/sagardo-forum-fr\/activites\/"]}]},{"@type":"ImageObject","inLanguage":"fr-FR","@id":"https:\/\/sagardoarenlurraldea.eus\/fr\/product\/sagardo-forum-fr\/activites\/#primaryimage","url":"https:\/\/sagardoarenlurraldea.eus\/wp-content\/uploads\/2019\/09\/Jarduerak-398x391-1.jpg","contentUrl":"https:\/\/sagardoarenlurraldea.eus\/wp-content\/uploads\/2019\/09\/Jarduerak-398x391-1.jpg","width":398,"height":391},{"@type":"BreadcrumbList","@id":"https:\/\/sagardoarenlurraldea.eus\/fr\/product\/sagardo-forum-fr\/activites\/#breadcrumb","itemListElement":[{"@type":"ListItem","position":1,"name":"Inicio","item":"https:\/\/sagardoarenlurraldea.eus\/fr\/"},{"@type":"ListItem","position":2,"name":"R\u00e9servations","item":"https:\/\/sagardoarenlurraldea.eus\/fr\/reservations\/"},{"@type":"ListItem","position":3,"name":"Activit\u00e9s"}]},{"@type":"WebSite","@id":"https:\/\/sagardoarenlurraldea.eus\/fr\/#website","url":"https:\/\/sagardoarenlurraldea.eus\/fr\/","name":"Sagardoaren Lurraldea","description":"El territorio de la sidra","potentialAction":[{"@type":"SearchAction","target":{"@type":"EntryPoint","urlTemplate":"https:\/\/sagardoarenlurraldea.eus\/fr\/?s={search_term_string}"},"query-input":{"@type":"PropertyValueSpecification","valueRequired":true,"valueName":"search_term_string"}}],"inLanguage":"fr-FR"}]}},"_links":{"self":[{"href":"https:\/\/sagardoarenlurraldea.eus\/fr\/wp-json\/wp\/v2\/product\/120508","targetHints":{"allow":["GET"]}}],"collection":[{"href":"https:\/\/sagardoarenlurraldea.eus\/fr\/wp-json\/wp\/v2\/product"}],"about":[{"href":"https:\/\/sagardoarenlurraldea.eus\/fr\/wp-json\/wp\/v2\/types\/product"}],"replies":[{"embeddable":true,"href":"https:\/\/sagardoarenlurraldea.eus\/fr\/wp-json\/wp\/v2\/comments?post=120508"}],"wp:featuredmedia":[{"embeddable":true,"href":"https:\/\/sagardoarenlurraldea.eus\/fr\/wp-json\/wp\/v2\/media\/174011"}],"wp:attachment":[{"href":"https:\/\/sagardoarenlurraldea.eus\/fr\/wp-json\/wp\/v2\/media?parent=120508"}],"wp:term":[{"taxonomy":"product_brand","embeddable":true,"href":"https:\/\/sagardoarenlurraldea.eus\/fr\/wp-json\/wp\/v2\/product_brand?post=120508"},{"taxonomy":"product_cat","embeddable":true,"href":"https:\/\/sagardoarenlurraldea.eus\/fr\/wp-json\/wp\/v2\/product_cat?post=120508"},{"taxonomy":"product_tag","embeddable":true,"href":"https:\/\/sagardoarenlurraldea.eus\/fr\/wp-json\/wp\/v2\/product_tag?post=120508"}],"curies":[{"name":"wp","href":"https:\/\/api.w.org\/{rel}","templated":true}]}}