{"id":120304,"date":"2025-10-01T12:34:57","date_gmt":"2019-07-16T10:34:57","guid":{"rendered":"http:\/\/www.sagardoarenlurraldea.eus\/reservar\/kategoria-gabea\/exposition\/"},"modified":"2025-11-09T14:44:25","modified_gmt":"2025-11-09T12:44:25","slug":"exposition","status":"publish","type":"product","link":"https:\/\/sagardoarenlurraldea.eus\/fr\/product\/sagardo-forum-fr\/exposition\/","title":{"rendered":"Novembre 22: Foire Internationale du Cidre"},"content":{"rendered":"<p>&nbsp;<\/p>\n<p>&nbsp;<\/p>\n","protected":false},"excerpt":{"rendered":"<ul>\n<li><strong>Date <\/strong>: 22 novembre 2025 (Samedi)<\/li>\n<li><strong>Heures<\/strong>: 11:00-20:00<\/li>\n<li><strong>Lieu <\/strong>: Basque Culinary Center (Donostia). <a title=\"Se abrir\u00e1 en nueva ventana\" href=\"https:\/\/maps.app.goo.gl\/MZNkBpa7wNjbf2ao6\" target=\"_blank\" rel=\"noopener noreferrer nofollow external\" data-wpel-link=\"external\">Voir localisation sur Google Maps<\/a>.<\/li>\n<li><strong>Droit d&rsquo;entr\u00e9e<\/strong>: 15 \u20ac (comprend une d\u00e9gustation de cidre et un pintxo).<\/li>\n<li><strong>Exposants:<\/strong> producteurs de cidre locaux, nationaux et internationaux.<\/li>\n<\/ul>\n<p><em>REMARQUE : les billets achet\u00e9s en ligne ne seront pas envoy\u00e9s par e-mail. Le 22 novembre, \u00e0 votre arriv\u00e9e au Basque Culinary Center, les billets vous seront remis en main propre sur simple pr\u00e9sentation de votre nom.<\/em><\/p>\n<p>&nbsp;<\/p>\n<p>&nbsp;<\/p>\n","protected":false},"featured_media":120852,"comment_status":"closed","ping_status":"closed","template":"","meta":{"_acf_changed":false,"_et_pb_use_builder":"","_et_pb_old_content":"<div id=\"tab-description\" class=\"woocommerce-Tabs-panel woocommerce-Tabs-panel--description panel entry-content wc-tab\" role=\"tabpanel\" aria-labelledby=\"tab-title-description\"><ul><li><strong>Date<\/strong>: 24 novembre 2019<\/li><li><strong>Heures<\/strong>: 11:00-18:00<\/li><li><strong>Lieu<\/strong>: Palais de Cong\u00e8s Kursaal (Zurriola hiribidea 1. Donostia). <a title=\"Se abrir\u00e1 en nueva ventana\" href=\"https:\/\/www.google.es\/maps\/place\/Centro+Kursaal+Elkargunea\/@43.3244236,-1.9808381,17z\/data=!3m1!4b1!4m5!3m4!1s0xd51a54581d64cc9:0xacdf40b61ffda1f0!8m2!3d43.3244236!4d-1.9786494?hl=es&shorturl=1\" target=\"_blank\" rel=\"noopener noreferrer nofollow external\" data-wpel-link=\"external\">Voir localisation sur Google Maps<\/a>.<\/li><li><strong>Note<\/strong>: Il y aura un service de pintxos<\/li><\/ul><\/div>","_et_gb_content_width":""},"product_brand":[],"product_cat":[2677],"product_tag":[],"class_list":{"0":"post-120304","1":"product","2":"type-product","3":"status-publish","4":"has-post-thumbnail","6":"product_cat-sagardo-forum-fr","8":"first","9":"instock","10":"virtual","11":"purchasable","12":"product-type-simple"},"exclude_global_add_ons":[],"addons":[],"acf":[],"yoast_head":"<!-- This site is optimized with the Yoast SEO plugin v25.4 - https:\/\/yoast.com\/wordpress\/plugins\/seo\/ -->\n<title>Novembre 22: Foire Internationale du Cidre - Sagardoaren Lurraldea<\/title>\n<meta name=\"robots\" content=\"index, follow, max-snippet:-1, max-image-preview:large, max-video-preview:-1\" \/>\n<link rel=\"canonical\" href=\"https:\/\/sagardoarenlurraldea.eus\/fr\/product\/sagardo-forum-fr\/exposition\/\" \/>\n<meta property=\"og:locale\" content=\"fr_FR\" \/>\n<meta property=\"og:type\" content=\"article\" \/>\n<meta property=\"og:title\" content=\"Novembre 22: Foire Internationale du Cidre - Sagardoaren Lurraldea\" \/>\n<meta property=\"og:description\" content=\"Date : 22 novembre 2025 (Samedi)  Heures: 11:00-20:00  Lieu : Basque Culinary Center (Donostia). Voir localisation sur Google Maps.  Droit d&#039;entr\u00e9e: 15 \u20ac (comprend une d\u00e9gustation de cidre et un pintxo).  Exposants: producteurs de cidre locaux, nationaux et internationaux.  REMARQUE : les billets achet\u00e9s en ligne ne seront pas envoy\u00e9s par e-mail. Le 22 novembre, \u00e0 votre arriv\u00e9e au Basque Culinary Center, les billets vous seront remis en main propre sur simple pr\u00e9sentation de votre nom.  &nbsp;  &nbsp;\" \/>\n<meta property=\"og:url\" content=\"https:\/\/sagardoarenlurraldea.eus\/fr\/product\/sagardo-forum-fr\/exposition\/\" \/>\n<meta property=\"og:site_name\" content=\"Sagardoaren Lurraldea\" \/>\n<meta property=\"article:publisher\" content=\"https:\/\/www.facebook.com\/sagardoarenlurraldea\" \/>\n<meta property=\"article:modified_time\" content=\"2025-11-09T12:44:25+00:00\" \/>\n<meta property=\"og:image\" content=\"https:\/\/sagardoarenlurraldea.eus\/wp-content\/uploads\/2019\/09\/Azoka-398x391-1.jpg\" \/>\n\t<meta property=\"og:image:width\" content=\"398\" \/>\n\t<meta property=\"og:image:height\" content=\"391\" \/>\n\t<meta property=\"og:image:type\" content=\"image\/jpeg\" \/>\n<meta name=\"twitter:card\" content=\"summary_large_image\" \/>\n<meta name=\"twitter:label1\" content=\"Dur\u00e9e de lecture estim\u00e9e\" \/>\n\t<meta name=\"twitter:data1\" content=\"1 minute\" \/>\n<script type=\"application\/ld+json\" class=\"yoast-schema-graph\">{\"@context\":\"https:\/\/schema.org\",\"@graph\":[{\"@type\":\"WebPage\",\"@id\":\"https:\/\/sagardoarenlurraldea.eus\/fr\/product\/sagardo-forum-fr\/exposition\/\",\"url\":\"https:\/\/sagardoarenlurraldea.eus\/fr\/product\/sagardo-forum-fr\/exposition\/\",\"name\":\"Novembre 22: Foire Internationale du Cidre - Sagardoaren Lurraldea\",\"isPartOf\":{\"@id\":\"https:\/\/sagardoarenlurraldea.eus\/fr\/#website\"},\"primaryImageOfPage\":{\"@id\":\"https:\/\/sagardoarenlurraldea.eus\/fr\/product\/sagardo-forum-fr\/exposition\/#primaryimage\"},\"image\":{\"@id\":\"https:\/\/sagardoarenlurraldea.eus\/fr\/product\/sagardo-forum-fr\/exposition\/#primaryimage\"},\"thumbnailUrl\":\"https:\/\/sagardoarenlurraldea.eus\/wp-content\/uploads\/2019\/09\/Azoka-398x391-1.jpg\",\"datePublished\":\"2019-07-16T10:34:57+00:00\",\"dateModified\":\"2025-11-09T12:44:25+00:00\",\"breadcrumb\":{\"@id\":\"https:\/\/sagardoarenlurraldea.eus\/fr\/product\/sagardo-forum-fr\/exposition\/#breadcrumb\"},\"inLanguage\":\"fr-FR\",\"potentialAction\":[{\"@type\":\"ReadAction\",\"target\":[\"https:\/\/sagardoarenlurraldea.eus\/fr\/product\/sagardo-forum-fr\/exposition\/\"]}]},{\"@type\":\"ImageObject\",\"inLanguage\":\"fr-FR\",\"@id\":\"https:\/\/sagardoarenlurraldea.eus\/fr\/product\/sagardo-forum-fr\/exposition\/#primaryimage\",\"url\":\"https:\/\/sagardoarenlurraldea.eus\/wp-content\/uploads\/2019\/09\/Azoka-398x391-1.jpg\",\"contentUrl\":\"https:\/\/sagardoarenlurraldea.eus\/wp-content\/uploads\/2019\/09\/Azoka-398x391-1.jpg\",\"width\":398,\"height\":391},{\"@type\":\"BreadcrumbList\",\"@id\":\"https:\/\/sagardoarenlurraldea.eus\/fr\/product\/sagardo-forum-fr\/exposition\/#breadcrumb\",\"itemListElement\":[{\"@type\":\"ListItem\",\"position\":1,\"name\":\"Inicio\",\"item\":\"https:\/\/sagardoarenlurraldea.eus\/fr\/\"},{\"@type\":\"ListItem\",\"position\":2,\"name\":\"R\u00e9servations\",\"item\":\"https:\/\/sagardoarenlurraldea.eus\/fr\/reservations\/\"},{\"@type\":\"ListItem\",\"position\":3,\"name\":\"Novembre 22: Foire Internationale du Cidre\"}]},{\"@type\":\"WebSite\",\"@id\":\"https:\/\/sagardoarenlurraldea.eus\/fr\/#website\",\"url\":\"https:\/\/sagardoarenlurraldea.eus\/fr\/\",\"name\":\"Sagardoaren Lurraldea\",\"description\":\"El territorio de la sidra\",\"potentialAction\":[{\"@type\":\"SearchAction\",\"target\":{\"@type\":\"EntryPoint\",\"urlTemplate\":\"https:\/\/sagardoarenlurraldea.eus\/fr\/?s={search_term_string}\"},\"query-input\":{\"@type\":\"PropertyValueSpecification\",\"valueRequired\":true,\"valueName\":\"search_term_string\"}}],\"inLanguage\":\"fr-FR\"}]}<\/script>\n<!-- \/ Yoast SEO plugin. -->","yoast_head_json":{"title":"Novembre 22: Foire Internationale du Cidre - Sagardoaren Lurraldea","robots":{"index":"index","follow":"follow","max-snippet":"max-snippet:-1","max-image-preview":"max-image-preview:large","max-video-preview":"max-video-preview:-1"},"canonical":"https:\/\/sagardoarenlurraldea.eus\/fr\/product\/sagardo-forum-fr\/exposition\/","og_locale":"fr_FR","og_type":"article","og_title":"Novembre 22: Foire Internationale du Cidre - Sagardoaren Lurraldea","og_description":"Date : 22 novembre 2025 (Samedi)  Heures: 11:00-20:00  Lieu : Basque Culinary Center (Donostia). Voir localisation sur Google Maps.  Droit d'entr\u00e9e: 15 \u20ac (comprend une d\u00e9gustation de cidre et un pintxo).  Exposants: producteurs de cidre locaux, nationaux et internationaux.  REMARQUE : les billets achet\u00e9s en ligne ne seront pas envoy\u00e9s par e-mail. Le 22 novembre, \u00e0 votre arriv\u00e9e au Basque Culinary Center, les billets vous seront remis en main propre sur simple pr\u00e9sentation de votre nom.  &nbsp;  &nbsp;","og_url":"https:\/\/sagardoarenlurraldea.eus\/fr\/product\/sagardo-forum-fr\/exposition\/","og_site_name":"Sagardoaren Lurraldea","article_publisher":"https:\/\/www.facebook.com\/sagardoarenlurraldea","article_modified_time":"2025-11-09T12:44:25+00:00","og_image":[{"width":398,"height":391,"url":"https:\/\/sagardoarenlurraldea.eus\/wp-content\/uploads\/2019\/09\/Azoka-398x391-1.jpg","type":"image\/jpeg"}],"twitter_card":"summary_large_image","twitter_misc":{"Dur\u00e9e de lecture estim\u00e9e":"1 minute"},"schema":{"@context":"https:\/\/schema.org","@graph":[{"@type":"WebPage","@id":"https:\/\/sagardoarenlurraldea.eus\/fr\/product\/sagardo-forum-fr\/exposition\/","url":"https:\/\/sagardoarenlurraldea.eus\/fr\/product\/sagardo-forum-fr\/exposition\/","name":"Novembre 22: Foire Internationale du Cidre - Sagardoaren Lurraldea","isPartOf":{"@id":"https:\/\/sagardoarenlurraldea.eus\/fr\/#website"},"primaryImageOfPage":{"@id":"https:\/\/sagardoarenlurraldea.eus\/fr\/product\/sagardo-forum-fr\/exposition\/#primaryimage"},"image":{"@id":"https:\/\/sagardoarenlurraldea.eus\/fr\/product\/sagardo-forum-fr\/exposition\/#primaryimage"},"thumbnailUrl":"https:\/\/sagardoarenlurraldea.eus\/wp-content\/uploads\/2019\/09\/Azoka-398x391-1.jpg","datePublished":"2019-07-16T10:34:57+00:00","dateModified":"2025-11-09T12:44:25+00:00","breadcrumb":{"@id":"https:\/\/sagardoarenlurraldea.eus\/fr\/product\/sagardo-forum-fr\/exposition\/#breadcrumb"},"inLanguage":"fr-FR","potentialAction":[{"@type":"ReadAction","target":["https:\/\/sagardoarenlurraldea.eus\/fr\/product\/sagardo-forum-fr\/exposition\/"]}]},{"@type":"ImageObject","inLanguage":"fr-FR","@id":"https:\/\/sagardoarenlurraldea.eus\/fr\/product\/sagardo-forum-fr\/exposition\/#primaryimage","url":"https:\/\/sagardoarenlurraldea.eus\/wp-content\/uploads\/2019\/09\/Azoka-398x391-1.jpg","contentUrl":"https:\/\/sagardoarenlurraldea.eus\/wp-content\/uploads\/2019\/09\/Azoka-398x391-1.jpg","width":398,"height":391},{"@type":"BreadcrumbList","@id":"https:\/\/sagardoarenlurraldea.eus\/fr\/product\/sagardo-forum-fr\/exposition\/#breadcrumb","itemListElement":[{"@type":"ListItem","position":1,"name":"Inicio","item":"https:\/\/sagardoarenlurraldea.eus\/fr\/"},{"@type":"ListItem","position":2,"name":"R\u00e9servations","item":"https:\/\/sagardoarenlurraldea.eus\/fr\/reservations\/"},{"@type":"ListItem","position":3,"name":"Novembre 22: Foire Internationale du Cidre"}]},{"@type":"WebSite","@id":"https:\/\/sagardoarenlurraldea.eus\/fr\/#website","url":"https:\/\/sagardoarenlurraldea.eus\/fr\/","name":"Sagardoaren Lurraldea","description":"El territorio de la sidra","potentialAction":[{"@type":"SearchAction","target":{"@type":"EntryPoint","urlTemplate":"https:\/\/sagardoarenlurraldea.eus\/fr\/?s={search_term_string}"},"query-input":{"@type":"PropertyValueSpecification","valueRequired":true,"valueName":"search_term_string"}}],"inLanguage":"fr-FR"}]}},"_links":{"self":[{"href":"https:\/\/sagardoarenlurraldea.eus\/fr\/wp-json\/wp\/v2\/product\/120304","targetHints":{"allow":["GET"]}}],"collection":[{"href":"https:\/\/sagardoarenlurraldea.eus\/fr\/wp-json\/wp\/v2\/product"}],"about":[{"href":"https:\/\/sagardoarenlurraldea.eus\/fr\/wp-json\/wp\/v2\/types\/product"}],"replies":[{"embeddable":true,"href":"https:\/\/sagardoarenlurraldea.eus\/fr\/wp-json\/wp\/v2\/comments?post=120304"}],"wp:featuredmedia":[{"embeddable":true,"href":"https:\/\/sagardoarenlurraldea.eus\/fr\/wp-json\/wp\/v2\/media\/120852"}],"wp:attachment":[{"href":"https:\/\/sagardoarenlurraldea.eus\/fr\/wp-json\/wp\/v2\/media?parent=120304"}],"wp:term":[{"taxonomy":"product_brand","embeddable":true,"href":"https:\/\/sagardoarenlurraldea.eus\/fr\/wp-json\/wp\/v2\/product_brand?post=120304"},{"taxonomy":"product_cat","embeddable":true,"href":"https:\/\/sagardoarenlurraldea.eus\/fr\/wp-json\/wp\/v2\/product_cat?post=120304"},{"taxonomy":"product_tag","embeddable":true,"href":"https:\/\/sagardoarenlurraldea.eus\/fr\/wp-json\/wp\/v2\/product_tag?post=120304"}],"curies":[{"name":"wp","href":"https:\/\/api.w.org\/{rel}","templated":true}]}}