{"id":27410,"date":"2017-12-26T12:48:26","date_gmt":"2017-12-26T10:48:26","guid":{"rendered":"http:\/\/www.sagardoarenlurraldea.eus\/experiences\/routes-selectionnees-pres-de-san-sebastian\/harria-hitz-usurbil\/"},"modified":"2025-09-10T12:44:37","modified_gmt":"2025-09-10T10:44:37","slug":"harria-hitz-usurbil","status":"publish","type":"page","link":"https:\/\/sagardoarenlurraldea.eus\/fr\/experiences\/routes-selectionnees-pres-de-san-sebastian\/harria-hitz-usurbil\/","title":{"rendered":"Visite \u00ab\u00a0Harria Hitz\u00a0\u00bb"},"content":{"rendered":"<p><strong>L&rsquo;itin\u00e9raire Harria Hitz a pour but de montrer le r\u00f4le jou\u00e9 par Usurbil dans la r\u00e9cup\u00e9ration de la culture basque contemporaine \u00e0 travers diff\u00e9rents \u00e9l\u00e9ments visibles dans le centre ville<\/strong>. Usurbil est une ville qui a su combiner de mani\u00e8re splendide la tradition basque et la modernit\u00e9, \u00e9tant \u00e9galement une ville engag\u00e9e dans la cr\u00e9ation. Nulle part l&rsquo;explosion culturelle qui a eu lieu au Pays basque dans les ann\u00e9es 1960 n&rsquo;est mieux refl\u00e9t\u00e9e, et nulle part l&rsquo;effet de cette explosion culturelle des ann\u00e9es 1960 n&rsquo;est mieux refl\u00e9t\u00e9. Cette visite vous permettra de d\u00e9couvrir les aspects les plus embl\u00e9matiques d&rsquo;Usurbil dans diff\u00e9rents quartiers de la ville :<\/p>\n<ol>\n<li>Cidre &#8211; Monument au cidre<\/li>\n<li>Les fr\u00e8res Artze &#8211; Liberty Square<\/li>\n<li>Tapia &#8211; Murale<\/li>\n<li>Mikel Laboa &#8211; Carr\u00e9 Mikel Laboa.<\/li>\n<li>Zumeta &#8211; Murale de Zumeta<\/li>\n<li>Udarregi &#8211; Sculpture en hommage \u00e0 Udarregi<\/li>\n<li>Pierre \u00e0 tra\u00eener &#8211; Dema Plaza<\/li>\n<\/ol>\n<p>Cette visite peut \u00eatre effectu\u00e9e \u00e0 l&rsquo;aide d&rsquo;une application pour t\u00e9l\u00e9phones mobiles<\/p>\n","protected":false},"excerpt":{"rendered":"<p>L&rsquo;itin\u00e9raire Harria Hitz a pour but de montrer le r\u00f4le jou\u00e9 par Usurbil dans la r\u00e9cup\u00e9ration de la culture basque contemporaine \u00e0 travers diff\u00e9rents \u00e9l\u00e9ments visibles dans le centre ville.<\/p>\n","protected":false},"author":2,"featured_media":24411,"parent":24871,"menu_order":2,"comment_status":"closed","ping_status":"closed","template":"single-rutas-seleccionadas.php","meta":{"_acf_changed":false,"_et_pb_use_builder":"","_et_pb_old_content":"","_et_gb_content_width":"","footnotes":""},"class_list":["post-27410","page","type-page","status-publish","has-post-thumbnail","hentry"],"acf":[],"yoast_head":"<!-- This site is optimized with the Yoast SEO plugin v25.4 - https:\/\/yoast.com\/wordpress\/plugins\/seo\/ -->\n<title>Visite &quot;Harria Hitz&quot; - Sagardoaren Lurraldea<\/title>\n<meta name=\"robots\" content=\"index, follow, max-snippet:-1, max-image-preview:large, max-video-preview:-1\" \/>\n<link rel=\"canonical\" href=\"https:\/\/sagardoarenlurraldea.eus\/fr\/experiences\/routes-selectionnees-pres-de-san-sebastian\/harria-hitz-usurbil\/\" \/>\n<meta property=\"og:locale\" content=\"fr_FR\" \/>\n<meta property=\"og:type\" content=\"article\" \/>\n<meta property=\"og:title\" content=\"Visite &quot;Harria Hitz&quot; - Sagardoaren Lurraldea\" \/>\n<meta property=\"og:description\" content=\"L&#039;itin\u00e9raire Harria Hitz a pour but de montrer le r\u00f4le jou\u00e9 par Usurbil dans la r\u00e9cup\u00e9ration de la culture basque contemporaine \u00e0 travers diff\u00e9rents \u00e9l\u00e9ments visibles dans le centre ville.\" \/>\n<meta property=\"og:url\" content=\"https:\/\/sagardoarenlurraldea.eus\/fr\/experiences\/routes-selectionnees-pres-de-san-sebastian\/harria-hitz-usurbil\/\" \/>\n<meta property=\"og:site_name\" content=\"Sagardoaren Lurraldea\" \/>\n<meta property=\"article:publisher\" content=\"https:\/\/www.facebook.com\/sagardoarenlurraldea\" \/>\n<meta property=\"article:modified_time\" content=\"2025-09-10T10:44:37+00:00\" \/>\n<meta property=\"og:image\" content=\"https:\/\/sagardoarenlurraldea.eus\/wp-content\/uploads\/2017\/12\/Zumeta-1.jpg\" \/>\n\t<meta property=\"og:image:width\" content=\"800\" \/>\n\t<meta property=\"og:image:height\" content=\"543\" \/>\n\t<meta property=\"og:image:type\" content=\"image\/jpeg\" \/>\n<meta name=\"twitter:card\" content=\"summary_large_image\" \/>\n<meta name=\"twitter:label1\" content=\"Dur\u00e9e de lecture estim\u00e9e\" \/>\n\t<meta name=\"twitter:data1\" content=\"1 minute\" \/>\n<script type=\"application\/ld+json\" class=\"yoast-schema-graph\">{\"@context\":\"https:\/\/schema.org\",\"@graph\":[{\"@type\":\"WebPage\",\"@id\":\"https:\/\/sagardoarenlurraldea.eus\/fr\/experiences\/routes-selectionnees-pres-de-san-sebastian\/harria-hitz-usurbil\/\",\"url\":\"https:\/\/sagardoarenlurraldea.eus\/fr\/experiences\/routes-selectionnees-pres-de-san-sebastian\/harria-hitz-usurbil\/\",\"name\":\"Visite \\\"Harria Hitz\\\" - Sagardoaren Lurraldea\",\"isPartOf\":{\"@id\":\"https:\/\/sagardoarenlurraldea.eus\/fr\/#website\"},\"primaryImageOfPage\":{\"@id\":\"https:\/\/sagardoarenlurraldea.eus\/fr\/experiences\/routes-selectionnees-pres-de-san-sebastian\/harria-hitz-usurbil\/#primaryimage\"},\"image\":{\"@id\":\"https:\/\/sagardoarenlurraldea.eus\/fr\/experiences\/routes-selectionnees-pres-de-san-sebastian\/harria-hitz-usurbil\/#primaryimage\"},\"thumbnailUrl\":\"https:\/\/sagardoarenlurraldea.eus\/wp-content\/uploads\/2017\/12\/Zumeta-1.jpg\",\"datePublished\":\"2017-12-26T10:48:26+00:00\",\"dateModified\":\"2025-09-10T10:44:37+00:00\",\"breadcrumb\":{\"@id\":\"https:\/\/sagardoarenlurraldea.eus\/fr\/experiences\/routes-selectionnees-pres-de-san-sebastian\/harria-hitz-usurbil\/#breadcrumb\"},\"inLanguage\":\"fr-FR\",\"potentialAction\":[{\"@type\":\"ReadAction\",\"target\":[\"https:\/\/sagardoarenlurraldea.eus\/fr\/experiences\/routes-selectionnees-pres-de-san-sebastian\/harria-hitz-usurbil\/\"]}]},{\"@type\":\"ImageObject\",\"inLanguage\":\"fr-FR\",\"@id\":\"https:\/\/sagardoarenlurraldea.eus\/fr\/experiences\/routes-selectionnees-pres-de-san-sebastian\/harria-hitz-usurbil\/#primaryimage\",\"url\":\"https:\/\/sagardoarenlurraldea.eus\/wp-content\/uploads\/2017\/12\/Zumeta-1.jpg\",\"contentUrl\":\"https:\/\/sagardoarenlurraldea.eus\/wp-content\/uploads\/2017\/12\/Zumeta-1.jpg\",\"width\":800,\"height\":543},{\"@type\":\"BreadcrumbList\",\"@id\":\"https:\/\/sagardoarenlurraldea.eus\/fr\/experiences\/routes-selectionnees-pres-de-san-sebastian\/harria-hitz-usurbil\/#breadcrumb\",\"itemListElement\":[{\"@type\":\"ListItem\",\"position\":1,\"name\":\"Inicio\",\"item\":\"https:\/\/sagardoarenlurraldea.eus\/fr\/\"},{\"@type\":\"ListItem\",\"position\":2,\"name\":\"Exp\u00e9riences\",\"item\":\"https:\/\/sagardoarenlurraldea.eus\/fr\/experiencias\/reservar-tu-plan\/\"},{\"@type\":\"ListItem\",\"position\":3,\"name\":\"Routes s\u00e9lectionn\u00e9es\",\"item\":\"https:\/\/sagardoarenlurraldea.eus\/fr\/experiences\/routes-selectionnees-pres-de-san-sebastian\/\"},{\"@type\":\"ListItem\",\"position\":4,\"name\":\"Visite &#8220;Harria Hitz&#8221;\"}]},{\"@type\":\"WebSite\",\"@id\":\"https:\/\/sagardoarenlurraldea.eus\/fr\/#website\",\"url\":\"https:\/\/sagardoarenlurraldea.eus\/fr\/\",\"name\":\"Sagardoaren Lurraldea\",\"description\":\"El territorio de la sidra\",\"potentialAction\":[{\"@type\":\"SearchAction\",\"target\":{\"@type\":\"EntryPoint\",\"urlTemplate\":\"https:\/\/sagardoarenlurraldea.eus\/fr\/?s={search_term_string}\"},\"query-input\":{\"@type\":\"PropertyValueSpecification\",\"valueRequired\":true,\"valueName\":\"search_term_string\"}}],\"inLanguage\":\"fr-FR\"}]}<\/script>\n<!-- \/ Yoast SEO plugin. -->","yoast_head_json":{"title":"Visite \"Harria Hitz\" - Sagardoaren Lurraldea","robots":{"index":"index","follow":"follow","max-snippet":"max-snippet:-1","max-image-preview":"max-image-preview:large","max-video-preview":"max-video-preview:-1"},"canonical":"https:\/\/sagardoarenlurraldea.eus\/fr\/experiences\/routes-selectionnees-pres-de-san-sebastian\/harria-hitz-usurbil\/","og_locale":"fr_FR","og_type":"article","og_title":"Visite \"Harria Hitz\" - Sagardoaren Lurraldea","og_description":"L'itin\u00e9raire Harria Hitz a pour but de montrer le r\u00f4le jou\u00e9 par Usurbil dans la r\u00e9cup\u00e9ration de la culture basque contemporaine \u00e0 travers diff\u00e9rents \u00e9l\u00e9ments visibles dans le centre ville.","og_url":"https:\/\/sagardoarenlurraldea.eus\/fr\/experiences\/routes-selectionnees-pres-de-san-sebastian\/harria-hitz-usurbil\/","og_site_name":"Sagardoaren Lurraldea","article_publisher":"https:\/\/www.facebook.com\/sagardoarenlurraldea","article_modified_time":"2025-09-10T10:44:37+00:00","og_image":[{"width":800,"height":543,"url":"https:\/\/sagardoarenlurraldea.eus\/wp-content\/uploads\/2017\/12\/Zumeta-1.jpg","type":"image\/jpeg"}],"twitter_card":"summary_large_image","twitter_misc":{"Dur\u00e9e de lecture estim\u00e9e":"1 minute"},"schema":{"@context":"https:\/\/schema.org","@graph":[{"@type":"WebPage","@id":"https:\/\/sagardoarenlurraldea.eus\/fr\/experiences\/routes-selectionnees-pres-de-san-sebastian\/harria-hitz-usurbil\/","url":"https:\/\/sagardoarenlurraldea.eus\/fr\/experiences\/routes-selectionnees-pres-de-san-sebastian\/harria-hitz-usurbil\/","name":"Visite \"Harria Hitz\" - Sagardoaren Lurraldea","isPartOf":{"@id":"https:\/\/sagardoarenlurraldea.eus\/fr\/#website"},"primaryImageOfPage":{"@id":"https:\/\/sagardoarenlurraldea.eus\/fr\/experiences\/routes-selectionnees-pres-de-san-sebastian\/harria-hitz-usurbil\/#primaryimage"},"image":{"@id":"https:\/\/sagardoarenlurraldea.eus\/fr\/experiences\/routes-selectionnees-pres-de-san-sebastian\/harria-hitz-usurbil\/#primaryimage"},"thumbnailUrl":"https:\/\/sagardoarenlurraldea.eus\/wp-content\/uploads\/2017\/12\/Zumeta-1.jpg","datePublished":"2017-12-26T10:48:26+00:00","dateModified":"2025-09-10T10:44:37+00:00","breadcrumb":{"@id":"https:\/\/sagardoarenlurraldea.eus\/fr\/experiences\/routes-selectionnees-pres-de-san-sebastian\/harria-hitz-usurbil\/#breadcrumb"},"inLanguage":"fr-FR","potentialAction":[{"@type":"ReadAction","target":["https:\/\/sagardoarenlurraldea.eus\/fr\/experiences\/routes-selectionnees-pres-de-san-sebastian\/harria-hitz-usurbil\/"]}]},{"@type":"ImageObject","inLanguage":"fr-FR","@id":"https:\/\/sagardoarenlurraldea.eus\/fr\/experiences\/routes-selectionnees-pres-de-san-sebastian\/harria-hitz-usurbil\/#primaryimage","url":"https:\/\/sagardoarenlurraldea.eus\/wp-content\/uploads\/2017\/12\/Zumeta-1.jpg","contentUrl":"https:\/\/sagardoarenlurraldea.eus\/wp-content\/uploads\/2017\/12\/Zumeta-1.jpg","width":800,"height":543},{"@type":"BreadcrumbList","@id":"https:\/\/sagardoarenlurraldea.eus\/fr\/experiences\/routes-selectionnees-pres-de-san-sebastian\/harria-hitz-usurbil\/#breadcrumb","itemListElement":[{"@type":"ListItem","position":1,"name":"Inicio","item":"https:\/\/sagardoarenlurraldea.eus\/fr\/"},{"@type":"ListItem","position":2,"name":"Exp\u00e9riences","item":"https:\/\/sagardoarenlurraldea.eus\/fr\/experiencias\/reservar-tu-plan\/"},{"@type":"ListItem","position":3,"name":"Routes s\u00e9lectionn\u00e9es","item":"https:\/\/sagardoarenlurraldea.eus\/fr\/experiences\/routes-selectionnees-pres-de-san-sebastian\/"},{"@type":"ListItem","position":4,"name":"Visite &#8220;Harria Hitz&#8221;"}]},{"@type":"WebSite","@id":"https:\/\/sagardoarenlurraldea.eus\/fr\/#website","url":"https:\/\/sagardoarenlurraldea.eus\/fr\/","name":"Sagardoaren Lurraldea","description":"El territorio de la sidra","potentialAction":[{"@type":"SearchAction","target":{"@type":"EntryPoint","urlTemplate":"https:\/\/sagardoarenlurraldea.eus\/fr\/?s={search_term_string}"},"query-input":{"@type":"PropertyValueSpecification","valueRequired":true,"valueName":"search_term_string"}}],"inLanguage":"fr-FR"}]}},"_links":{"self":[{"href":"https:\/\/sagardoarenlurraldea.eus\/fr\/wp-json\/wp\/v2\/pages\/27410","targetHints":{"allow":["GET"]}}],"collection":[{"href":"https:\/\/sagardoarenlurraldea.eus\/fr\/wp-json\/wp\/v2\/pages"}],"about":[{"href":"https:\/\/sagardoarenlurraldea.eus\/fr\/wp-json\/wp\/v2\/types\/page"}],"author":[{"embeddable":true,"href":"https:\/\/sagardoarenlurraldea.eus\/fr\/wp-json\/wp\/v2\/users\/2"}],"replies":[{"embeddable":true,"href":"https:\/\/sagardoarenlurraldea.eus\/fr\/wp-json\/wp\/v2\/comments?post=27410"}],"version-history":[{"count":1,"href":"https:\/\/sagardoarenlurraldea.eus\/fr\/wp-json\/wp\/v2\/pages\/27410\/revisions"}],"predecessor-version":[{"id":302284,"href":"https:\/\/sagardoarenlurraldea.eus\/fr\/wp-json\/wp\/v2\/pages\/27410\/revisions\/302284"}],"up":[{"embeddable":true,"href":"https:\/\/sagardoarenlurraldea.eus\/fr\/wp-json\/wp\/v2\/pages\/24871"}],"wp:featuredmedia":[{"embeddable":true,"href":"https:\/\/sagardoarenlurraldea.eus\/fr\/wp-json\/wp\/v2\/media\/24411"}],"wp:attachment":[{"href":"https:\/\/sagardoarenlurraldea.eus\/fr\/wp-json\/wp\/v2\/media?parent=27410"}],"curies":[{"name":"wp","href":"https:\/\/api.w.org\/{rel}","templated":true}]}}