{"id":25547,"date":"2016-05-09T12:02:26","date_gmt":"2016-05-09T10:02:26","guid":{"rendered":"http:\/\/www.sagardoarenlurraldea.eus\/le-musee-du-cidre\/centro-de-documentacion\/"},"modified":"2018-06-22T09:31:53","modified_gmt":"2018-06-22T07:31:53","slug":"centre-de-documentation","status":"publish","type":"page","link":"https:\/\/sagardoarenlurraldea.eus\/fr\/le-musee-du-cidre\/centre-de-documentation\/","title":{"rendered":"Centre de documentation"},"content":{"rendered":"<p>[et_pb_section bb_built=\u00a0\u00bb1&Prime; admin_label=\u00a0\u00bbsection\u00a0\u00bb transparent_background=\u00a0\u00bboff\u00a0\u00bb background_color=\u00a0\u00bb#ffffff\u00a0\u00bb allow_player_pause=\u00a0\u00bboff\u00a0\u00bb inner_shadow=\u00a0\u00bboff\u00a0\u00bb parallax=\u00a0\u00bboff\u00a0\u00bb parallax_method=\u00a0\u00bboff\u00a0\u00bb padding_mobile=\u00a0\u00bboff\u00a0\u00bb make_fullwidth=\u00a0\u00bboff\u00a0\u00bb use_custom_width=\u00a0\u00bboff\u00a0\u00bb width_unit=\u00a0\u00bbon\u00a0\u00bb make_equal=\u00a0\u00bboff\u00a0\u00bb use_custom_gutter=\u00a0\u00bboff\u00a0\u00bb module_class=\u00a0\u00bbcontenedor interior\u00a0\u00bb][et_pb_row admin_label=\u00a0\u00bbFila\u00a0\u00bb background_position=\u00a0\u00bbtop_left\u00a0\u00bb background_repeat=\u00a0\u00bbrepeat\u00a0\u00bb background_size=\u00a0\u00bbinitial\u00a0\u00bb][et_pb_column type=\u00a0\u00bb4_4&Prime;][et_pb_text admin_label=\u00a0\u00bbTexte\u00a0\u00bb _builder_version=\u00a0\u00bb3.0.51&Prime; background_layout=\u00a0\u00bblight\u00a0\u00bb text_orientation=\u00a0\u00bbleft\u00a0\u00bb border_style=\u00a0\u00bbsolid\u00a0\u00bb]<\/p>\n<p><span lang=\"FR\">Le Centre de Documentation de Sagardoaren Lurraldea poss\u00e8de une biblioth\u00e8que tr\u00e8s int\u00e9ressante en mati\u00e8re de livres sur la pomme et les pommiers, d\u2019articles de presse et des archives photographiques compl\u00e8tes, que nous divulguons sur cette page web (il est consultable en langue espagnole et basque).<\/span><\/p>\n<p>[\/et_pb_text][\/et_pb_column][\/et_pb_row][\/et_pb_section]<\/p>\n","protected":false},"excerpt":{"rendered":"<p>Le Centre de Documentation de Sagardoaren Lurraldea poss\u00e8de une biblioth\u00e8que tr\u00e8s int\u00e9ressante en mati\u00e8re de livres sur la pomme et les pommiers, d\u2019articles de presse et des archives photographiques compl\u00e8tes, [&hellip;]<\/p>\n","protected":false},"author":1,"featured_media":13186,"parent":25505,"menu_order":23,"comment_status":"closed","ping_status":"closed","template":"page-centro-documentacion.php","meta":{"_acf_changed":false,"_et_pb_use_builder":"on","_et_pb_old_content":"","_et_gb_content_width":"","footnotes":""},"class_list":["post-25547","page","type-page","status-publish","has-post-thumbnail","hentry"],"acf":[],"yoast_head":"<!-- This site is optimized with the Yoast SEO plugin v25.4 - https:\/\/yoast.com\/wordpress\/plugins\/seo\/ -->\n<title>Centre de documentation - Sagardoaren Lurraldea<\/title>\n<meta name=\"robots\" content=\"index, follow, max-snippet:-1, max-image-preview:large, max-video-preview:-1\" \/>\n<link rel=\"canonical\" href=\"https:\/\/sagardoarenlurraldea.eus\/fr\/le-musee-du-cidre\/centre-de-documentation\/\" \/>\n<meta property=\"og:locale\" content=\"fr_FR\" \/>\n<meta property=\"og:type\" content=\"article\" \/>\n<meta property=\"og:title\" content=\"Centre de documentation - Sagardoaren Lurraldea\" \/>\n<meta property=\"og:description\" content=\"Le Centre de Documentation de Sagardoaren Lurraldea poss\u00e8de une biblioth\u00e8que tr\u00e8s int\u00e9ressante en mati\u00e8re de livres sur la pomme et les pommiers, d\u2019articles de presse et des archives photographiques compl\u00e8tes, [&hellip;]\" \/>\n<meta property=\"og:url\" content=\"https:\/\/sagardoarenlurraldea.eus\/fr\/le-musee-du-cidre\/centre-de-documentation\/\" \/>\n<meta property=\"og:site_name\" content=\"Sagardoaren Lurraldea\" \/>\n<meta property=\"article:publisher\" content=\"https:\/\/www.facebook.com\/sagardoarenlurraldea\" \/>\n<meta property=\"article:modified_time\" content=\"2018-06-22T07:31:53+00:00\" \/>\n<meta property=\"og:image\" content=\"https:\/\/sagardoarenlurraldea.eus\/wp-content\/uploads\/2016\/08\/Cabecera-Sagardoetxea-1.jpg\" \/>\n\t<meta property=\"og:image:width\" content=\"1903\" \/>\n\t<meta property=\"og:image:height\" content=\"220\" \/>\n\t<meta property=\"og:image:type\" content=\"image\/jpeg\" \/>\n<meta name=\"twitter:card\" content=\"summary_large_image\" \/>\n<meta name=\"twitter:label1\" content=\"Dur\u00e9e de lecture estim\u00e9e\" \/>\n\t<meta name=\"twitter:data1\" content=\"1 minute\" \/>\n<script type=\"application\/ld+json\" class=\"yoast-schema-graph\">{\"@context\":\"https:\/\/schema.org\",\"@graph\":[{\"@type\":\"WebPage\",\"@id\":\"https:\/\/sagardoarenlurraldea.eus\/fr\/le-musee-du-cidre\/centre-de-documentation\/\",\"url\":\"https:\/\/sagardoarenlurraldea.eus\/fr\/le-musee-du-cidre\/centre-de-documentation\/\",\"name\":\"Centre de documentation - Sagardoaren Lurraldea\",\"isPartOf\":{\"@id\":\"https:\/\/sagardoarenlurraldea.eus\/fr\/#website\"},\"primaryImageOfPage\":{\"@id\":\"https:\/\/sagardoarenlurraldea.eus\/fr\/le-musee-du-cidre\/centre-de-documentation\/#primaryimage\"},\"image\":{\"@id\":\"https:\/\/sagardoarenlurraldea.eus\/fr\/le-musee-du-cidre\/centre-de-documentation\/#primaryimage\"},\"thumbnailUrl\":\"https:\/\/sagardoarenlurraldea.eus\/wp-content\/uploads\/2016\/08\/Cabecera-Sagardoetxea-1.jpg\",\"datePublished\":\"2016-05-09T10:02:26+00:00\",\"dateModified\":\"2018-06-22T07:31:53+00:00\",\"breadcrumb\":{\"@id\":\"https:\/\/sagardoarenlurraldea.eus\/fr\/le-musee-du-cidre\/centre-de-documentation\/#breadcrumb\"},\"inLanguage\":\"fr-FR\",\"potentialAction\":[{\"@type\":\"ReadAction\",\"target\":[\"https:\/\/sagardoarenlurraldea.eus\/fr\/le-musee-du-cidre\/centre-de-documentation\/\"]}]},{\"@type\":\"ImageObject\",\"inLanguage\":\"fr-FR\",\"@id\":\"https:\/\/sagardoarenlurraldea.eus\/fr\/le-musee-du-cidre\/centre-de-documentation\/#primaryimage\",\"url\":\"https:\/\/sagardoarenlurraldea.eus\/wp-content\/uploads\/2016\/08\/Cabecera-Sagardoetxea-1.jpg\",\"contentUrl\":\"https:\/\/sagardoarenlurraldea.eus\/wp-content\/uploads\/2016\/08\/Cabecera-Sagardoetxea-1.jpg\",\"width\":1903,\"height\":220},{\"@type\":\"BreadcrumbList\",\"@id\":\"https:\/\/sagardoarenlurraldea.eus\/fr\/le-musee-du-cidre\/centre-de-documentation\/#breadcrumb\",\"itemListElement\":[{\"@type\":\"ListItem\",\"position\":1,\"name\":\"Inicio\",\"item\":\"https:\/\/sagardoarenlurraldea.eus\/fr\/\"},{\"@type\":\"ListItem\",\"position\":2,\"name\":\"Le mus\u00e9e du Cidre\",\"item\":\"https:\/\/sagardoarenlurraldea.eus\/fr\/museo-de-la-sidra\/sagardoetxea-el-museo\/\"},{\"@type\":\"ListItem\",\"position\":3,\"name\":\"Centre de documentation\"}]},{\"@type\":\"WebSite\",\"@id\":\"https:\/\/sagardoarenlurraldea.eus\/fr\/#website\",\"url\":\"https:\/\/sagardoarenlurraldea.eus\/fr\/\",\"name\":\"Sagardoaren Lurraldea\",\"description\":\"El territorio de la sidra\",\"potentialAction\":[{\"@type\":\"SearchAction\",\"target\":{\"@type\":\"EntryPoint\",\"urlTemplate\":\"https:\/\/sagardoarenlurraldea.eus\/fr\/?s={search_term_string}\"},\"query-input\":{\"@type\":\"PropertyValueSpecification\",\"valueRequired\":true,\"valueName\":\"search_term_string\"}}],\"inLanguage\":\"fr-FR\"}]}<\/script>\n<!-- \/ Yoast SEO plugin. -->","yoast_head_json":{"title":"Centre de documentation - Sagardoaren Lurraldea","robots":{"index":"index","follow":"follow","max-snippet":"max-snippet:-1","max-image-preview":"max-image-preview:large","max-video-preview":"max-video-preview:-1"},"canonical":"https:\/\/sagardoarenlurraldea.eus\/fr\/le-musee-du-cidre\/centre-de-documentation\/","og_locale":"fr_FR","og_type":"article","og_title":"Centre de documentation - Sagardoaren Lurraldea","og_description":"Le Centre de Documentation de Sagardoaren Lurraldea poss\u00e8de une biblioth\u00e8que tr\u00e8s int\u00e9ressante en mati\u00e8re de livres sur la pomme et les pommiers, d\u2019articles de presse et des archives photographiques compl\u00e8tes, [&hellip;]","og_url":"https:\/\/sagardoarenlurraldea.eus\/fr\/le-musee-du-cidre\/centre-de-documentation\/","og_site_name":"Sagardoaren Lurraldea","article_publisher":"https:\/\/www.facebook.com\/sagardoarenlurraldea","article_modified_time":"2018-06-22T07:31:53+00:00","og_image":[{"width":1903,"height":220,"url":"https:\/\/sagardoarenlurraldea.eus\/wp-content\/uploads\/2016\/08\/Cabecera-Sagardoetxea-1.jpg","type":"image\/jpeg"}],"twitter_card":"summary_large_image","twitter_misc":{"Dur\u00e9e de lecture estim\u00e9e":"1 minute"},"schema":{"@context":"https:\/\/schema.org","@graph":[{"@type":"WebPage","@id":"https:\/\/sagardoarenlurraldea.eus\/fr\/le-musee-du-cidre\/centre-de-documentation\/","url":"https:\/\/sagardoarenlurraldea.eus\/fr\/le-musee-du-cidre\/centre-de-documentation\/","name":"Centre de documentation - Sagardoaren Lurraldea","isPartOf":{"@id":"https:\/\/sagardoarenlurraldea.eus\/fr\/#website"},"primaryImageOfPage":{"@id":"https:\/\/sagardoarenlurraldea.eus\/fr\/le-musee-du-cidre\/centre-de-documentation\/#primaryimage"},"image":{"@id":"https:\/\/sagardoarenlurraldea.eus\/fr\/le-musee-du-cidre\/centre-de-documentation\/#primaryimage"},"thumbnailUrl":"https:\/\/sagardoarenlurraldea.eus\/wp-content\/uploads\/2016\/08\/Cabecera-Sagardoetxea-1.jpg","datePublished":"2016-05-09T10:02:26+00:00","dateModified":"2018-06-22T07:31:53+00:00","breadcrumb":{"@id":"https:\/\/sagardoarenlurraldea.eus\/fr\/le-musee-du-cidre\/centre-de-documentation\/#breadcrumb"},"inLanguage":"fr-FR","potentialAction":[{"@type":"ReadAction","target":["https:\/\/sagardoarenlurraldea.eus\/fr\/le-musee-du-cidre\/centre-de-documentation\/"]}]},{"@type":"ImageObject","inLanguage":"fr-FR","@id":"https:\/\/sagardoarenlurraldea.eus\/fr\/le-musee-du-cidre\/centre-de-documentation\/#primaryimage","url":"https:\/\/sagardoarenlurraldea.eus\/wp-content\/uploads\/2016\/08\/Cabecera-Sagardoetxea-1.jpg","contentUrl":"https:\/\/sagardoarenlurraldea.eus\/wp-content\/uploads\/2016\/08\/Cabecera-Sagardoetxea-1.jpg","width":1903,"height":220},{"@type":"BreadcrumbList","@id":"https:\/\/sagardoarenlurraldea.eus\/fr\/le-musee-du-cidre\/centre-de-documentation\/#breadcrumb","itemListElement":[{"@type":"ListItem","position":1,"name":"Inicio","item":"https:\/\/sagardoarenlurraldea.eus\/fr\/"},{"@type":"ListItem","position":2,"name":"Le mus\u00e9e du Cidre","item":"https:\/\/sagardoarenlurraldea.eus\/fr\/museo-de-la-sidra\/sagardoetxea-el-museo\/"},{"@type":"ListItem","position":3,"name":"Centre de documentation"}]},{"@type":"WebSite","@id":"https:\/\/sagardoarenlurraldea.eus\/fr\/#website","url":"https:\/\/sagardoarenlurraldea.eus\/fr\/","name":"Sagardoaren Lurraldea","description":"El territorio de la sidra","potentialAction":[{"@type":"SearchAction","target":{"@type":"EntryPoint","urlTemplate":"https:\/\/sagardoarenlurraldea.eus\/fr\/?s={search_term_string}"},"query-input":{"@type":"PropertyValueSpecification","valueRequired":true,"valueName":"search_term_string"}}],"inLanguage":"fr-FR"}]}},"_links":{"self":[{"href":"https:\/\/sagardoarenlurraldea.eus\/fr\/wp-json\/wp\/v2\/pages\/25547","targetHints":{"allow":["GET"]}}],"collection":[{"href":"https:\/\/sagardoarenlurraldea.eus\/fr\/wp-json\/wp\/v2\/pages"}],"about":[{"href":"https:\/\/sagardoarenlurraldea.eus\/fr\/wp-json\/wp\/v2\/types\/page"}],"author":[{"embeddable":true,"href":"https:\/\/sagardoarenlurraldea.eus\/fr\/wp-json\/wp\/v2\/users\/1"}],"replies":[{"embeddable":true,"href":"https:\/\/sagardoarenlurraldea.eus\/fr\/wp-json\/wp\/v2\/comments?post=25547"}],"version-history":[{"count":0,"href":"https:\/\/sagardoarenlurraldea.eus\/fr\/wp-json\/wp\/v2\/pages\/25547\/revisions"}],"up":[{"embeddable":true,"href":"https:\/\/sagardoarenlurraldea.eus\/fr\/wp-json\/wp\/v2\/pages\/25505"}],"wp:featuredmedia":[{"embeddable":true,"href":"https:\/\/sagardoarenlurraldea.eus\/fr\/wp-json\/wp\/v2\/media\/13186"}],"wp:attachment":[{"href":"https:\/\/sagardoarenlurraldea.eus\/fr\/wp-json\/wp\/v2\/media?parent=25547"}],"curies":[{"name":"wp","href":"https:\/\/api.w.org\/{rel}","templated":true}]}}