{"id":25519,"date":"2016-09-05T14:23:56","date_gmt":"2016-09-05T12:23:56","guid":{"rendered":"http:\/\/www.sagardoarenlurraldea.eus\/le-musee-du-cidre\/como-llegar-y-accesos\/"},"modified":"2023-02-27T12:04:29","modified_gmt":"2023-02-27T10:04:29","slug":"comment-arriver-et-acces","status":"publish","type":"page","link":"https:\/\/sagardoarenlurraldea.eus\/fr\/le-musee-du-cidre\/comment-arriver-et-acces\/","title":{"rendered":"Comment arriver et acc\u00e8s"},"content":{"rendered":"<p>[et_pb_section fb_built=\u00a0\u00bb1&Prime; custom_padding_last_edited=\u00a0\u00bbon|desktop\u00a0\u00bb admin_label=\u00a0\u00bbsection\u00a0\u00bb module_class=\u00a0\u00bbcontenedor interior como_llegar\u00a0\u00bb _builder_version=\u00a0\u00bb3.22&Prime; background_color=\u00a0\u00bb#ffffff\u00a0\u00bb custom_padding_tablet=\u00a0\u00bb50px|0|50px|0&Prime; custom_padding_phone=\u00a0\u00bb\u00a0\u00bb transparent_background=\u00a0\u00bboff\u00a0\u00bb padding_mobile=\u00a0\u00bboff\u00a0\u00bb make_fullwidth=\u00a0\u00bboff\u00a0\u00bb use_custom_width=\u00a0\u00bboff\u00a0\u00bb width_unit=\u00a0\u00bbon\u00a0\u00bb][et_pb_row padding_mobile=\u00a0\u00bboff\u00a0\u00bb column_padding_mobile=\u00a0\u00bbon\u00a0\u00bb admin_label=\u00a0\u00bbrow\u00a0\u00bb _builder_version=\u00a0\u00bb3.25&Prime; background_size=\u00a0\u00bbinitial\u00a0\u00bb background_position=\u00a0\u00bbtop_left\u00a0\u00bb background_repeat=\u00a0\u00bbrepeat\u00a0\u00bb make_fullwidth=\u00a0\u00bboff\u00a0\u00bb use_custom_width=\u00a0\u00bboff\u00a0\u00bb width_unit=\u00a0\u00bbon\u00a0\u00bb][et_pb_column type=\u00a0\u00bb4_4&Prime; _builder_version=\u00a0\u00bb3.25&Prime; custom_padding=\u00a0\u00bb|||\u00a0\u00bb custom_padding__hover=\u00a0\u00bb|||\u00a0\u00bb][et_pb_text admin_label=\u00a0\u00bbC\u00f3mo llegar\u00a0\u00bb _builder_version=\u00a0\u00bb3.27.4&Prime; background_size=\u00a0\u00bbinitial\u00a0\u00bb background_position=\u00a0\u00bbtop_left\u00a0\u00bb background_repeat=\u00a0\u00bbrepeat\u00a0\u00bb hover_enabled=\u00a0\u00bb0&Prime; border_style=\u00a0\u00bbsolid\u00a0\u00bb sticky_enabled=\u00a0\u00bb0&Prime;]<\/p>\n<h2>Comment arriver<\/h2>\n<p>Sagardoetxea, Mus\u00e9e du Cidre Basque, se situe au centre de Astigarraga, (Calle Mayor n\u00b048), \u00e0 seulement 6 km du centre-ville de Saint S\u00e9bastien.<br \/>\n[\/et_pb_text][\/et_pb_column][\/et_pb_row][et_pb_row padding_mobile=\u00a0\u00bboff\u00a0\u00bb column_padding_mobile=\u00a0\u00bbon\u00a0\u00bb admin_label=\u00a0\u00bbrow\u00a0\u00bb module_class=\u00a0\u00bbmapa-como-llegar\u00a0\u00bb _builder_version=\u00a0\u00bb3.25&Prime; background_size=\u00a0\u00bbinitial\u00a0\u00bb background_position=\u00a0\u00bbtop_left\u00a0\u00bb background_repeat=\u00a0\u00bbrepeat\u00a0\u00bb make_fullwidth=\u00a0\u00bboff\u00a0\u00bb use_custom_width=\u00a0\u00bboff\u00a0\u00bb width_unit=\u00a0\u00bbon\u00a0\u00bb][et_pb_column type=\u00a0\u00bb4_4&Prime; _builder_version=\u00a0\u00bb3.25&Prime; custom_padding=\u00a0\u00bb|||\u00a0\u00bb custom_padding__hover=\u00a0\u00bb|||\u00a0\u00bb][et_pb_code admin_label=\u00a0\u00bbMapa\u00a0\u00bb]<iframe loading=\"lazy\" src=\"https:\/\/www.google.com\/maps\/embed?pb=!1m18!1m12!1m3!1d2904.5804340170166!2d-1.949010684082363!3d43.281164979135795!2m3!1f0!2f0!3f0!3m2!1i1024!2i768!4f13.1!3m3!1m2!1s0xd51af0703941b15%3A0xf696e43209fb0c69!2sSagardoetxea!5e0!3m2!1ses!2ses!4v1478178402987\" width=\"1200\" height=\"600\" frameborder=\"0\" style=\"border:0\" allowfullscreen><\/iframe>[\/et_pb_code][et_pb_text admin_label=\u00a0\u00bbTexto\u00a0\u00bb module_class=\u00a0\u00bbmapa-txt\u00a0\u00bb _builder_version=\u00a0\u00bb3.27.4&Prime; background_size=\u00a0\u00bbinitial\u00a0\u00bb background_position=\u00a0\u00bbtop_left\u00a0\u00bb background_repeat=\u00a0\u00bbrepeat\u00a0\u00bb border_style=\u00a0\u00bbsolid\u00a0\u00bb]<a class=\"et_pb_button\" style=\"float: right; margin-top: 10px;\" href=\"https:\/\/www.google.es\/maps\/place\/Sagardoetxea\/@43.281165,-1.9490107,17z\/data=!3m1!4b1!4m5!3m4!1s0xd51af0703941b15:0xf696e43209fb0c69!8m2!3d43.281165!4d-1.946822\">Ir a Google Maps<\/a><\/p>\n<h3>Comment arriver de&#8230;<\/h3>\n<p>Ins\u00e9rer la localisation sur Google maps et suivre les instructions<br \/>\n[\/et_pb_text][\/et_pb_column][\/et_pb_row][et_pb_row padding_mobile=\u00a0\u00bboff\u00a0\u00bb column_padding_mobile=\u00a0\u00bbon\u00a0\u00bb admin_label=\u00a0\u00bbrow\u00a0\u00bb _builder_version=\u00a0\u00bb3.25&Prime; background_size=\u00a0\u00bbinitial\u00a0\u00bb background_position=\u00a0\u00bbtop_left\u00a0\u00bb background_repeat=\u00a0\u00bbrepeat\u00a0\u00bb make_fullwidth=\u00a0\u00bboff\u00a0\u00bb use_custom_width=\u00a0\u00bboff\u00a0\u00bb width_unit=\u00a0\u00bbon\u00a0\u00bb][et_pb_column type=\u00a0\u00bb4_4&Prime; _builder_version=\u00a0\u00bb3.25&Prime; custom_padding=\u00a0\u00bb|||\u00a0\u00bb custom_padding__hover=\u00a0\u00bb|||\u00a0\u00bb][et_pb_text admin_label=\u00a0\u00bbLlegada a Sagardoetxea\u00a0\u00bb _builder_version=\u00a0\u00bb4.9.6&Prime; background_size=\u00a0\u00bbinitial\u00a0\u00bb background_position=\u00a0\u00bbtop_left\u00a0\u00bb background_repeat=\u00a0\u00bbrepeat\u00a0\u00bb hover_enabled=\u00a0\u00bb0&Prime; border_style=\u00a0\u00bbsolid\u00a0\u00bb sticky_enabled=\u00a0\u00bb0&Prime;]<\/p>\n<h4>Arriv\u00e9e \u00e0 Sagardoetxea depuis <strong>Donostia-San Sebasti\u00e1n<\/strong>:<\/h4>\n<h5>En voiture \/ Bus priv\u00e9 :<\/h5>\n<ul>\n<li>Depuis le centre de Saint S\u00e9bastien, traverser le fleuve Urumea par le pont Santa Catalina ou Maria Cristina et continuer en direction de la station de bus.<\/li>\n<li>Continuer sur le Paseo de Francia en direction de UrumeaPasealekua.<\/li>\n<li>Continuer direction Francia par G1-41.<\/li>\n<li>Passer le tunnel et continuer en direction de Hernani par G1-41<\/li>\n<li>Sortie Astigarraga<\/li>\n<li>Au premier rondpoint suivre la direction de Sagardoextea (indiqu\u00e9e) par Pelotari kalea.<\/li>\n<li>Arriv\u00e9e \u00e0 Kalenagusia il y a des stationnements.<\/li>\n<li>Monter les escaliers d\u2019acc\u00e8s au Mus\u00e9e depuis les point d\u2019infirmation et vous \u00eates arriv\u00e9.<\/li>\n<\/ul>\n<h5>En bus de ligne :<\/h5>\n<ul>\n<li><a href=\"http:\/\/www.lurraldebus.eus\">Ligne BU12<\/a><\/li>\n<li><a href=\"http:\/\/www.lurraldebus.eus\">Ligne BU13<\/a><\/li>\n<\/ul>\n<h4>Itin\u00e9raires depuis <strong>les autres grandes villes <\/strong>:<\/h4>\n<ul>\n<li>Bilbao : N-637&gt; E-70\/AP-8&gt; AP-8 Sortie 19 Astigarraga<\/li>\n<li>Vitoria : N-622&gt; A-1 Sortie 168 Astigarraga<\/li>\n<li>Pamplona : AP-15 Sortie 168 Astigarraga<\/li>\n<li>Bayonne : A63&gt; AP-8&gt;E-5\/E-70\/E-80\/AP-8 Sortie 19 Astigarraga<\/li>\n<\/ul>\n<p>[\/et_pb_text][\/et_pb_column][\/et_pb_row][et_pb_row padding_mobile=\u00a0\u00bboff\u00a0\u00bb column_padding_mobile=\u00a0\u00bbon\u00a0\u00bb admin_label=\u00a0\u00bbrow\u00a0\u00bb _builder_version=\u00a0\u00bb3.25&Prime; background_size=\u00a0\u00bbinitial\u00a0\u00bb background_position=\u00a0\u00bbtop_left\u00a0\u00bb background_repeat=\u00a0\u00bbrepeat\u00a0\u00bb make_fullwidth=\u00a0\u00bboff\u00a0\u00bb use_custom_width=\u00a0\u00bboff\u00a0\u00bb width_unit=\u00a0\u00bbon\u00a0\u00bb][et_pb_column type=\u00a0\u00bb4_4&Prime; _builder_version=\u00a0\u00bb3.25&Prime; custom_padding=\u00a0\u00bb|||\u00a0\u00bb custom_padding__hover=\u00a0\u00bb|||\u00a0\u00bb][et_pb_text admin_label=\u00a0\u00bbAccesos para minusv\u00e1lidos al Museo\u00a0\u00bb _builder_version=\u00a0\u00bb4.9.6&Prime; background_size=\u00a0\u00bbinitial\u00a0\u00bb background_position=\u00a0\u00bbtop_left\u00a0\u00bb background_repeat=\u00a0\u00bbrepeat\u00a0\u00bb hover_enabled=\u00a0\u00bb0&Prime; border_style=\u00a0\u00bbsolid\u00a0\u00bb sticky_enabled=\u00a0\u00bb0&Prime;]<\/p>\n<h2>Acc\u00e8s aux personnes de mobilit\u00e9 r\u00e9duite<\/h2>\n<p>Sagardoetxea est adapt\u00e9 aux personnes \u00e0 mobilit\u00e9 r\u00e9duite, il est possible de faire une visite en fauteuil.<\/p>\n<p>Les personnes concern\u00e9es peuvent nous solliciter pour pouvoir monter jusqu\u2019\u00e0 l\u2019entr\u00e9e du Mus\u00e9e en voiture ou minibus en nous appelant au +34 943 55 05 75 ou par e-mail \u00e0 <a href=\"mailto:info@sagardoetxea.eus\">info@sagardoetxea.eus<\/a>.<\/p>\n<p>On peut \u00e9galement acc\u00e9der au Mus\u00e9e par la Calle mayor en passant par la Place de Jose Elzo, pour \u00e9viter les escaliers d\u2019acc\u00e8s.<\/p>\n<p>[\/et_pb_text][\/et_pb_column][\/et_pb_row][et_pb_row padding_mobile=\u00a0\u00bboff\u00a0\u00bb column_padding_mobile=\u00a0\u00bbon\u00a0\u00bb admin_label=\u00a0\u00bbrow\u00a0\u00bb _builder_version=\u00a0\u00bb3.25&Prime; background_size=\u00a0\u00bbinitial\u00a0\u00bb background_position=\u00a0\u00bbtop_left\u00a0\u00bb background_repeat=\u00a0\u00bbrepeat\u00a0\u00bb make_fullwidth=\u00a0\u00bboff\u00a0\u00bb use_custom_width=\u00a0\u00bboff\u00a0\u00bb width_unit=\u00a0\u00bbon\u00a0\u00bb][et_pb_column type=\u00a0\u00bb4_4&Prime; _builder_version=\u00a0\u00bb3.25&Prime; custom_padding=\u00a0\u00bb|||\u00a0\u00bb custom_padding__hover=\u00a0\u00bb|||\u00a0\u00bb][et_pb_text admin_label=\u00a0\u00bbAccesos para grupos seniors\u00a0\u00bb _builder_version=\u00a0\u00bb4.9.6&Prime; background_size=\u00a0\u00bbinitial\u00a0\u00bb background_position=\u00a0\u00bbtop_left\u00a0\u00bb background_repeat=\u00a0\u00bbrepeat\u00a0\u00bb hover_enabled=\u00a0\u00bb0&Prime; border_style=\u00a0\u00bbsolid\u00a0\u00bb sticky_enabled=\u00a0\u00bb0&Prime;]<\/p>\n<h2>Acc\u00e8s pour les groupes s\u00e9niors<\/h2>\n<p>Les personnes ayant des difficult\u00e9s de mobilit\u00e9 peuvent nous solliciter pour pouvoir acc\u00e9der an v\u00e9hicule \u00e0 l\u2019entr\u00e9e du Mus\u00e9e.<\/p>\n<p>En cas de voyage organis\u00e9 avec un bus, nous organisons un ramassage \u00e0 un point de rdv pour vous guider vers un acc\u00e8s direct au Mus\u00e9e.<\/p>\n<p>Appelez-nous ou \u00e9crivez-nous au +34 943 55 05 75 ou par e-mail a <a href=\"mailto:info@sagardoetxea.eus\">info@sagardoetxea.eus<\/a><\/p>\n<p>[\/et_pb_text][\/et_pb_column][\/et_pb_row][et_pb_row padding_mobile=\u00a0\u00bboff\u00a0\u00bb column_padding_mobile=\u00a0\u00bbon\u00a0\u00bb admin_label=\u00a0\u00bbrow\u00a0\u00bb _builder_version=\u00a0\u00bb3.25&Prime; background_size=\u00a0\u00bbinitial\u00a0\u00bb background_position=\u00a0\u00bbtop_left\u00a0\u00bb background_repeat=\u00a0\u00bbrepeat\u00a0\u00bb make_fullwidth=\u00a0\u00bboff\u00a0\u00bb use_custom_width=\u00a0\u00bboff\u00a0\u00bb width_unit=\u00a0\u00bbon\u00a0\u00bb][et_pb_column type=\u00a0\u00bb4_4&Prime; _builder_version=\u00a0\u00bb3.25&Prime; custom_padding=\u00a0\u00bb|||\u00a0\u00bb custom_padding__hover=\u00a0\u00bb|||\u00a0\u00bb][et_pb_text admin_label=\u00a0\u00bbParkings para autobuses, microbuses\u00a0\u00bb _builder_version=\u00a0\u00bb3.27.4&Prime; background_size=\u00a0\u00bbinitial\u00a0\u00bb background_position=\u00a0\u00bbtop_left\u00a0\u00bb background_repeat=\u00a0\u00bbrepeat\u00a0\u00bb hover_enabled=\u00a0\u00bb0&Prime; border_style=\u00a0\u00bbsolid\u00a0\u00bb sticky_enabled=\u00a0\u00bb0&Prime;]<\/p>\n<h2>Parkings pour minibus et autobus<\/h2>\n<p><img loading=\"lazy\" decoding=\"async\" class=\"size-full wp-image-7889 alignleft\" src=\"https:\/\/sagardoarenlurraldea.eus\/wp-content\/uploads\/2016\/09\/parking.png\" alt=\"parking\" width=\"108\" height=\"108\" srcset=\"https:\/\/sagardoarenlurraldea.eus\/wp-content\/uploads\/2016\/09\/parking.png 108w, https:\/\/sagardoarenlurraldea.eus\/wp-content\/uploads\/2016\/09\/parking-100x100.png 100w\" sizes=\"(max-width: 108px) 100vw, 108px\" \/>A l\u2019entr\u00e9e de Astigarraga se trouve la zone industrielle de Bidebitarte, qui dispose d\u2019un parking d\u00e9di\u00e9.<\/p>\n<p>Pour pouvoir acc\u00e9der \u00e0 cette zone, il faut prendre la premi\u00e8re sortie au gros rondpoint et suivre les indications.<br \/>\n[\/et_pb_text][\/et_pb_column][\/et_pb_row][et_pb_row admin_label=\u00a0\u00bbFila\u00a0\u00bb _builder_version=\u00a0\u00bb3.25&Prime; background_size=\u00a0\u00bbinitial\u00a0\u00bb background_position=\u00a0\u00bbtop_left\u00a0\u00bb background_repeat=\u00a0\u00bbrepeat\u00a0\u00bb][et_pb_column type=\u00a0\u00bb4_4&Prime; _builder_version=\u00a0\u00bb3.25&Prime; custom_padding=\u00a0\u00bb|||\u00a0\u00bb custom_padding__hover=\u00a0\u00bb|||\u00a0\u00bb][et_pb_code admin_label=\u00a0\u00bbC\u00f3digo\u00a0\u00bb]<div class=\"sabias_que\">\r\n\t<h3>Saviez-vous..<\/h3>\r\n\t<p>Les chasseurs de baleines et morue qui allaient \u00e0 Terre Neuve, consommaient de grandes quantit\u00e9s de cidre. Il apportait les nutriments qui pr\u00e9venaient les maladies les plus craintes de l\u2019\u00e9poque comme le scorbut.<\/p>\n\r\n\t<div class=\"fuente\"><span>Plus d\u2019infos:<\/span> <a href=\"https:\/\/sagardoarenlurraldea.eus\/fr\/product\/experiences-fr\/cidre-mer-donostia\/\">Le cidre et la mer<\/a><\/div>\r\n<\/div>[\/et_pb_code][\/et_pb_column][\/et_pb_row][\/et_pb_section]<\/p>\n","protected":false},"excerpt":{"rendered":"<p>Comment arriver Sagardoetxea, Mus\u00e9e du Cidre Basque, se situe au centre de Astigarraga, (Calle Mayor n\u00b048), \u00e0 seulement 6 km du centre-ville de Saint S\u00e9bastien. Ir a Google Maps Comment [&hellip;]<\/p>\n","protected":false},"author":1,"featured_media":297570,"parent":25505,"menu_order":20,"comment_status":"closed","ping_status":"closed","template":"","meta":{"_acf_changed":false,"_et_pb_use_builder":"on","_et_pb_old_content":"","_et_gb_content_width":"","footnotes":""},"class_list":["post-25519","page","type-page","status-publish","has-post-thumbnail","hentry"],"acf":[],"yoast_head":"<!-- This site is optimized with the Yoast SEO plugin v25.4 - https:\/\/yoast.com\/wordpress\/plugins\/seo\/ -->\n<title>Comment arriver et acc\u00e8s - Sagardoaren Lurraldea<\/title>\n<meta name=\"robots\" content=\"index, follow, max-snippet:-1, max-image-preview:large, max-video-preview:-1\" \/>\n<link rel=\"canonical\" href=\"https:\/\/sagardoarenlurraldea.eus\/fr\/le-musee-du-cidre\/comment-arriver-et-acces\/\" \/>\n<meta property=\"og:locale\" content=\"fr_FR\" \/>\n<meta property=\"og:type\" content=\"article\" \/>\n<meta property=\"og:title\" content=\"Comment arriver et acc\u00e8s - Sagardoaren Lurraldea\" \/>\n<meta property=\"og:description\" content=\"Comment arriver Sagardoetxea, Mus\u00e9e du Cidre Basque, se situe au centre de Astigarraga, (Calle Mayor n\u00b048), \u00e0 seulement 6 km du centre-ville de Saint S\u00e9bastien. Ir a Google Maps Comment [&hellip;]\" \/>\n<meta property=\"og:url\" content=\"https:\/\/sagardoarenlurraldea.eus\/fr\/le-musee-du-cidre\/comment-arriver-et-acces\/\" \/>\n<meta property=\"og:site_name\" content=\"Sagardoaren Lurraldea\" \/>\n<meta property=\"article:publisher\" content=\"https:\/\/www.facebook.com\/sagardoarenlurraldea\" \/>\n<meta property=\"article:modified_time\" content=\"2023-02-27T10:04:29+00:00\" \/>\n<meta property=\"og:image\" content=\"https:\/\/sagardoarenlurraldea.eus\/wp-content\/uploads\/2024\/11\/Cabecera-Sagardoetxea.jpg\" \/>\n\t<meta property=\"og:image:width\" content=\"1903\" \/>\n\t<meta property=\"og:image:height\" content=\"220\" \/>\n\t<meta property=\"og:image:type\" content=\"image\/jpeg\" \/>\n<meta name=\"twitter:card\" content=\"summary_large_image\" \/>\n<meta name=\"twitter:label1\" content=\"Dur\u00e9e de lecture estim\u00e9e\" \/>\n\t<meta name=\"twitter:data1\" content=\"5 minutes\" \/>\n<script type=\"application\/ld+json\" class=\"yoast-schema-graph\">{\"@context\":\"https:\/\/schema.org\",\"@graph\":[{\"@type\":\"WebPage\",\"@id\":\"https:\/\/sagardoarenlurraldea.eus\/fr\/le-musee-du-cidre\/comment-arriver-et-acces\/\",\"url\":\"https:\/\/sagardoarenlurraldea.eus\/fr\/le-musee-du-cidre\/comment-arriver-et-acces\/\",\"name\":\"Comment arriver et acc\u00e8s - Sagardoaren Lurraldea\",\"isPartOf\":{\"@id\":\"https:\/\/sagardoarenlurraldea.eus\/fr\/#website\"},\"primaryImageOfPage\":{\"@id\":\"https:\/\/sagardoarenlurraldea.eus\/fr\/le-musee-du-cidre\/comment-arriver-et-acces\/#primaryimage\"},\"image\":{\"@id\":\"https:\/\/sagardoarenlurraldea.eus\/fr\/le-musee-du-cidre\/comment-arriver-et-acces\/#primaryimage\"},\"thumbnailUrl\":\"https:\/\/sagardoarenlurraldea.eus\/wp-content\/uploads\/2024\/11\/Cabecera-Sagardoetxea.jpg\",\"datePublished\":\"2016-09-05T12:23:56+00:00\",\"dateModified\":\"2023-02-27T10:04:29+00:00\",\"breadcrumb\":{\"@id\":\"https:\/\/sagardoarenlurraldea.eus\/fr\/le-musee-du-cidre\/comment-arriver-et-acces\/#breadcrumb\"},\"inLanguage\":\"fr-FR\",\"potentialAction\":[{\"@type\":\"ReadAction\",\"target\":[\"https:\/\/sagardoarenlurraldea.eus\/fr\/le-musee-du-cidre\/comment-arriver-et-acces\/\"]}]},{\"@type\":\"ImageObject\",\"inLanguage\":\"fr-FR\",\"@id\":\"https:\/\/sagardoarenlurraldea.eus\/fr\/le-musee-du-cidre\/comment-arriver-et-acces\/#primaryimage\",\"url\":\"https:\/\/sagardoarenlurraldea.eus\/wp-content\/uploads\/2024\/11\/Cabecera-Sagardoetxea.jpg\",\"contentUrl\":\"https:\/\/sagardoarenlurraldea.eus\/wp-content\/uploads\/2024\/11\/Cabecera-Sagardoetxea.jpg\",\"width\":1903,\"height\":220},{\"@type\":\"BreadcrumbList\",\"@id\":\"https:\/\/sagardoarenlurraldea.eus\/fr\/le-musee-du-cidre\/comment-arriver-et-acces\/#breadcrumb\",\"itemListElement\":[{\"@type\":\"ListItem\",\"position\":1,\"name\":\"Inicio\",\"item\":\"https:\/\/sagardoarenlurraldea.eus\/fr\/\"},{\"@type\":\"ListItem\",\"position\":2,\"name\":\"Le mus\u00e9e du Cidre\",\"item\":\"https:\/\/sagardoarenlurraldea.eus\/fr\/museo-de-la-sidra\/sagardoetxea-el-museo\/\"},{\"@type\":\"ListItem\",\"position\":3,\"name\":\"Comment arriver et acc\u00e8s\"}]},{\"@type\":\"WebSite\",\"@id\":\"https:\/\/sagardoarenlurraldea.eus\/fr\/#website\",\"url\":\"https:\/\/sagardoarenlurraldea.eus\/fr\/\",\"name\":\"Sagardoaren Lurraldea\",\"description\":\"El territorio de la sidra\",\"potentialAction\":[{\"@type\":\"SearchAction\",\"target\":{\"@type\":\"EntryPoint\",\"urlTemplate\":\"https:\/\/sagardoarenlurraldea.eus\/fr\/?s={search_term_string}\"},\"query-input\":{\"@type\":\"PropertyValueSpecification\",\"valueRequired\":true,\"valueName\":\"search_term_string\"}}],\"inLanguage\":\"fr-FR\"}]}<\/script>\n<!-- \/ Yoast SEO plugin. -->","yoast_head_json":{"title":"Comment arriver et acc\u00e8s - Sagardoaren Lurraldea","robots":{"index":"index","follow":"follow","max-snippet":"max-snippet:-1","max-image-preview":"max-image-preview:large","max-video-preview":"max-video-preview:-1"},"canonical":"https:\/\/sagardoarenlurraldea.eus\/fr\/le-musee-du-cidre\/comment-arriver-et-acces\/","og_locale":"fr_FR","og_type":"article","og_title":"Comment arriver et acc\u00e8s - Sagardoaren Lurraldea","og_description":"Comment arriver Sagardoetxea, Mus\u00e9e du Cidre Basque, se situe au centre de Astigarraga, (Calle Mayor n\u00b048), \u00e0 seulement 6 km du centre-ville de Saint S\u00e9bastien. Ir a Google Maps Comment [&hellip;]","og_url":"https:\/\/sagardoarenlurraldea.eus\/fr\/le-musee-du-cidre\/comment-arriver-et-acces\/","og_site_name":"Sagardoaren Lurraldea","article_publisher":"https:\/\/www.facebook.com\/sagardoarenlurraldea","article_modified_time":"2023-02-27T10:04:29+00:00","og_image":[{"width":1903,"height":220,"url":"https:\/\/sagardoarenlurraldea.eus\/wp-content\/uploads\/2024\/11\/Cabecera-Sagardoetxea.jpg","type":"image\/jpeg"}],"twitter_card":"summary_large_image","twitter_misc":{"Dur\u00e9e de lecture estim\u00e9e":"5 minutes"},"schema":{"@context":"https:\/\/schema.org","@graph":[{"@type":"WebPage","@id":"https:\/\/sagardoarenlurraldea.eus\/fr\/le-musee-du-cidre\/comment-arriver-et-acces\/","url":"https:\/\/sagardoarenlurraldea.eus\/fr\/le-musee-du-cidre\/comment-arriver-et-acces\/","name":"Comment arriver et acc\u00e8s - Sagardoaren Lurraldea","isPartOf":{"@id":"https:\/\/sagardoarenlurraldea.eus\/fr\/#website"},"primaryImageOfPage":{"@id":"https:\/\/sagardoarenlurraldea.eus\/fr\/le-musee-du-cidre\/comment-arriver-et-acces\/#primaryimage"},"image":{"@id":"https:\/\/sagardoarenlurraldea.eus\/fr\/le-musee-du-cidre\/comment-arriver-et-acces\/#primaryimage"},"thumbnailUrl":"https:\/\/sagardoarenlurraldea.eus\/wp-content\/uploads\/2024\/11\/Cabecera-Sagardoetxea.jpg","datePublished":"2016-09-05T12:23:56+00:00","dateModified":"2023-02-27T10:04:29+00:00","breadcrumb":{"@id":"https:\/\/sagardoarenlurraldea.eus\/fr\/le-musee-du-cidre\/comment-arriver-et-acces\/#breadcrumb"},"inLanguage":"fr-FR","potentialAction":[{"@type":"ReadAction","target":["https:\/\/sagardoarenlurraldea.eus\/fr\/le-musee-du-cidre\/comment-arriver-et-acces\/"]}]},{"@type":"ImageObject","inLanguage":"fr-FR","@id":"https:\/\/sagardoarenlurraldea.eus\/fr\/le-musee-du-cidre\/comment-arriver-et-acces\/#primaryimage","url":"https:\/\/sagardoarenlurraldea.eus\/wp-content\/uploads\/2024\/11\/Cabecera-Sagardoetxea.jpg","contentUrl":"https:\/\/sagardoarenlurraldea.eus\/wp-content\/uploads\/2024\/11\/Cabecera-Sagardoetxea.jpg","width":1903,"height":220},{"@type":"BreadcrumbList","@id":"https:\/\/sagardoarenlurraldea.eus\/fr\/le-musee-du-cidre\/comment-arriver-et-acces\/#breadcrumb","itemListElement":[{"@type":"ListItem","position":1,"name":"Inicio","item":"https:\/\/sagardoarenlurraldea.eus\/fr\/"},{"@type":"ListItem","position":2,"name":"Le mus\u00e9e du Cidre","item":"https:\/\/sagardoarenlurraldea.eus\/fr\/museo-de-la-sidra\/sagardoetxea-el-museo\/"},{"@type":"ListItem","position":3,"name":"Comment arriver et acc\u00e8s"}]},{"@type":"WebSite","@id":"https:\/\/sagardoarenlurraldea.eus\/fr\/#website","url":"https:\/\/sagardoarenlurraldea.eus\/fr\/","name":"Sagardoaren Lurraldea","description":"El territorio de la sidra","potentialAction":[{"@type":"SearchAction","target":{"@type":"EntryPoint","urlTemplate":"https:\/\/sagardoarenlurraldea.eus\/fr\/?s={search_term_string}"},"query-input":{"@type":"PropertyValueSpecification","valueRequired":true,"valueName":"search_term_string"}}],"inLanguage":"fr-FR"}]}},"_links":{"self":[{"href":"https:\/\/sagardoarenlurraldea.eus\/fr\/wp-json\/wp\/v2\/pages\/25519","targetHints":{"allow":["GET"]}}],"collection":[{"href":"https:\/\/sagardoarenlurraldea.eus\/fr\/wp-json\/wp\/v2\/pages"}],"about":[{"href":"https:\/\/sagardoarenlurraldea.eus\/fr\/wp-json\/wp\/v2\/types\/page"}],"author":[{"embeddable":true,"href":"https:\/\/sagardoarenlurraldea.eus\/fr\/wp-json\/wp\/v2\/users\/1"}],"replies":[{"embeddable":true,"href":"https:\/\/sagardoarenlurraldea.eus\/fr\/wp-json\/wp\/v2\/comments?post=25519"}],"version-history":[{"count":0,"href":"https:\/\/sagardoarenlurraldea.eus\/fr\/wp-json\/wp\/v2\/pages\/25519\/revisions"}],"up":[{"embeddable":true,"href":"https:\/\/sagardoarenlurraldea.eus\/fr\/wp-json\/wp\/v2\/pages\/25505"}],"wp:featuredmedia":[{"embeddable":true,"href":"https:\/\/sagardoarenlurraldea.eus\/fr\/wp-json\/wp\/v2\/media\/297570"}],"wp:attachment":[{"href":"https:\/\/sagardoarenlurraldea.eus\/fr\/wp-json\/wp\/v2\/media?parent=25519"}],"curies":[{"name":"wp","href":"https:\/\/api.w.org\/{rel}","templated":true}]}}