{"id":25501,"date":"2016-05-09T13:14:31","date_gmt":"2016-05-09T13:14:31","guid":{"rendered":"http:\/\/www.sagardoarenlurraldea.eus\/cidreries\/consejos-utiles-para-ir-de-sidreria\/"},"modified":"2025-08-04T12:53:12","modified_gmt":"2025-08-04T10:53:12","slug":"conseils-utiles-pour-aller-en-cidrerie","status":"publish","type":"page","link":"https:\/\/sagardoarenlurraldea.eus\/fr\/cidreries\/conseils-utiles-pour-aller-en-cidrerie\/","title":{"rendered":"Conseils utiles pour aller en cidrerie"},"content":{"rendered":"<p>[et_pb_section fb_built=\u00a0\u00bb1&Prime; custom_padding_last_edited=\u00a0\u00bbon|desktop\u00a0\u00bb admin_label=\u00a0\u00bbsection\u00a0\u00bb module_class=\u00a0\u00bbinterior\u00a0\u00bb _builder_version=\u00a0\u00bb4.16&Prime; background_color=\u00a0\u00bb#ffffff\u00a0\u00bb custom_padding_tablet=\u00a0\u00bb50px|0|50px|0&Prime; transparent_background=\u00a0\u00bboff\u00a0\u00bb padding_mobile=\u00a0\u00bboff\u00a0\u00bb make_fullwidth=\u00a0\u00bboff\u00a0\u00bb use_custom_width=\u00a0\u00bboff\u00a0\u00bb width_unit=\u00a0\u00bbon\u00a0\u00bb global_colors_info=\u00a0\u00bb{}\u00a0\u00bb custom_padding_phone=\u00a0\u00bb50px|0|50px|0&Prime;][et_pb_row padding_mobile=\u00a0\u00bboff\u00a0\u00bb column_padding_mobile=\u00a0\u00bbon\u00a0\u00bb admin_label=\u00a0\u00bbrow\u00a0\u00bb module_class=\u00a0\u00bbcontenedor\u00a0\u00bb _builder_version=\u00a0\u00bb4.16&Prime; background_size=\u00a0\u00bbinitial\u00a0\u00bb background_position=\u00a0\u00bbtop_left\u00a0\u00bb background_repeat=\u00a0\u00bbrepeat\u00a0\u00bb make_fullwidth=\u00a0\u00bboff\u00a0\u00bb use_custom_width=\u00a0\u00bboff\u00a0\u00bb width_unit=\u00a0\u00bbon\u00a0\u00bb global_colors_info=\u00a0\u00bb{}\u00a0\u00bb][et_pb_column type=\u00a0\u00bb4_4&Prime; _builder_version=\u00a0\u00bb4.16&Prime; custom_padding=\u00a0\u00bb|||\u00a0\u00bb global_colors_info=\u00a0\u00bb{}\u00a0\u00bb custom_padding__hover=\u00a0\u00bb|||\u00a0\u00bb][et_pb_text admin_label=\u00a0\u00bbTexto\u00a0\u00bb _builder_version=\u00a0\u00bb4.16&Prime; background_size=\u00a0\u00bbinitial\u00a0\u00bb background_position=\u00a0\u00bbtop_left\u00a0\u00bb background_repeat=\u00a0\u00bbrepeat\u00a0\u00bb border_style=\u00a0\u00bbsolid\u00a0\u00bb global_colors_info=\u00a0\u00bb{}\u00a0\u00bb]<\/p>\n<h2>Quoi faire un jour de Txotx<\/h2>\n<p>Se rendre dans une cidrerie, s\u2019initier au txotx, profiter du tumulte des gens dans un lieu convivial, debout, sans assiettes\u2026 L\u2019exp\u00e9rience est unique.<br \/>\n[\/et_pb_text][\/et_pb_column][\/et_pb_row][et_pb_row padding_mobile=\u00a0\u00bboff\u00a0\u00bb column_padding_mobile=\u00a0\u00bbon\u00a0\u00bb admin_label=\u00a0\u00bbrow\u00a0\u00bb module_class=\u00a0\u00bbcontenedor acordeon\u00a0\u00bb _builder_version=\u00a0\u00bb4.16&Prime; background_size=\u00a0\u00bbinitial\u00a0\u00bb background_position=\u00a0\u00bbtop_left\u00a0\u00bb background_repeat=\u00a0\u00bbrepeat\u00a0\u00bb make_fullwidth=\u00a0\u00bboff\u00a0\u00bb use_custom_width=\u00a0\u00bboff\u00a0\u00bb width_unit=\u00a0\u00bbon\u00a0\u00bb global_colors_info=\u00a0\u00bb{}\u00a0\u00bb column_structure=\u00a0\u00bb2_3,1_3&Prime;][et_pb_column type=\u00a0\u00bb2_3&Prime; _builder_version=\u00a0\u00bb4.16&Prime; custom_padding=\u00a0\u00bb|||\u00a0\u00bb global_colors_info=\u00a0\u00bb{}\u00a0\u00bb custom_padding__hover=\u00a0\u00bb|||\u00a0\u00bb][et_pb_accordion admin_label=\u00a0\u00bbAcorde\u00f3n\u00a0\u00bb module_id=\u00a0\u00bbmoverse\u00a0\u00bb _builder_version=\u00a0\u00bb4.16&Prime; border_style=\u00a0\u00bbsolid\u00a0\u00bb global_colors_info=\u00a0\u00bb{}\u00a0\u00bb][et_pb_accordion_item title=\u00a0\u00bbSe couvrir\u00a0\u00bb _builder_version=\u00a0\u00bb4.16&Prime; global_colors_info=\u00a0\u00bb{}\u00a0\u00bb open=\u00a0\u00bbon\u00a0\u00bb]La saison \u00e0 lieu pendant principalement pendant l\u2019hiver et les bodegas ne sont pas chauff\u00e9es.<br \/>\n[\/et_pb_accordion_item][et_pb_accordion_item title=\u00a0\u00bbSans assiette\u00a0\u00bb _builder_version=\u00a0\u00bb4.16&Prime; global_colors_info=\u00a0\u00bb{}\u00a0\u00bb open=\u00a0\u00bboff\u00a0\u00bb]Il faut savoir que vous mangerez sans assiette\u00a0? Le traditionnel menu de Cidrerie se partage \u00e0 m\u00eame le plat.<br \/>\n[\/et_pb_accordion_item][et_pb_accordion_item title=\u00a0\u00bbLe verre vide\u00a0\u00bb _builder_version=\u00a0\u00bb4.16&Prime; global_colors_info=\u00a0\u00bb{}\u00a0\u00bb open=\u00a0\u00bboff\u00a0\u00bb]Le cidre se d\u00e9guste \u00e0 m\u00eame la barrique, dans la bodega. Vous devez vous y rendre avec le verre vide. Il faut suivre le producteur qui cri Txotx et se positionner en file face \u00e0 la barrique et son jet. Gouter le cidre, partager ses sensations et revenir \u00e0 table le verre vide.<br \/>\n[\/et_pb_accordion_item][et_pb_accordion_item title=\u00a0\u00bbLe txotx\u00a0\u00bb _builder_version=\u00a0\u00bb4.16&Prime; global_colors_info=\u00a0\u00bb{}\u00a0\u00bb open=\u00a0\u00bboff\u00a0\u00bb]C\u2019est important de savoir tenir le verre correctement, l\u2019incliner de telle fa\u00e7on que le cidre se casse sur ses parois. Il faut bien observer le rite, et poser des questions si vous en avez.<br \/>\n[\/et_pb_accordion_item][et_pb_accordion_item title=\u00a0\u00bbEn \u00e9volution\u00a0\u00bb _builder_version=\u00a0\u00bb4.16&Prime; global_colors_info=\u00a0\u00bb{}\u00a0\u00bb open=\u00a0\u00bboff\u00a0\u00bb]Il faut savoir que le cidre se fait dans la barrique, c\u2019est un produit vivant. Le cidre que vous gouterez aujourd\u2019hui aura des particularit\u00e9s diff\u00e9rentes quelques jours plus tard. Chaque barrique contient du cidre de diff\u00e9rentes saveurs, et chaque cidrerie propose des vari\u00e9t\u00e9s diff\u00e9rentes.<br \/>\n[\/et_pb_accordion_item][et_pb_accordion_item title=\u00a0\u00bbUnique\u00a0\u00bb _builder_version=\u00a0\u00bb4.16&Prime; global_colors_info=\u00a0\u00bb{}\u00a0\u00bb open=\u00a0\u00bboff\u00a0\u00bb]Gouter diff\u00e9rentes barriques, peu d\u2019endroits proposent la possibilit\u00e9 de gouter une gamme de produits naturels, \u00e9labor\u00e9s artisanalement.<br \/>\n[\/et_pb_accordion_item][et_pb_accordion_item title=\u00a0\u00bbTxotx!\u00a0\u00bb _builder_version=\u00a0\u00bb4.16&Prime; global_colors_info=\u00a0\u00bb{}\u00a0\u00bb open=\u00a0\u00bboff\u00a0\u00bb]Il faut suivre les instructions du producteur, les us et coutumes propres aux cidreries. Chacun a sa place, et il faut se rendre \u00e0 la barrique que le \u00ab\u00a0cidrero\u00a0\u00bb propose pour la d\u00e9gustation.<br \/>\n[\/et_pb_accordion_item][et_pb_accordion_item title=\u00a0\u00bbProfiter\u00a0\u00bb _builder_version=\u00a0\u00bb4.16&Prime; global_colors_info=\u00a0\u00bb{}\u00a0\u00bb open=\u00a0\u00bboff\u00a0\u00bb]Du menu et du cidre. Du lieu et de l\u2019ambiance. Des personnes qui vous entourent et d\u2019un environnement authentique. Unique.<br \/>\n[\/et_pb_accordion_item][et_pb_accordion_item title=\u00a0\u00bbPrendre un caf\u00e9 au village\u00a0\u00bb _builder_version=\u00a0\u00bb4.16&Prime; global_colors_info=\u00a0\u00bb{}\u00a0\u00bb open=\u00a0\u00bboff\u00a0\u00bb]Le dessert marque la fin de l\u2019exp\u00e9rience. On ne boit pas de caf\u00e9 en cidrerie et pas de digestif. Il est donc conseill\u00e9 de continuer l\u2019exp\u00e9rience en se rendant dans u bar du c\u0153ur de village.<br \/>\n[\/et_pb_accordion_item][\/et_pb_accordion][et_pb_text admin_label=\u00a0\u00bbTexto\u00a0\u00bb module_class=\u00a0\u00bbrecuerda contenido\u00a0\u00bb _builder_version=\u00a0\u00bb4.16&Prime; background_size=\u00a0\u00bbinitial\u00a0\u00bb background_position=\u00a0\u00bbtop_left\u00a0\u00bb background_repeat=\u00a0\u00bbrepeat\u00a0\u00bb border_style=\u00a0\u00bbsolid\u00a0\u00bb global_colors_info=\u00a0\u00bb{}\u00a0\u00bb]<\/p>\n<h2>Retenir :<\/h2>\n<ul>\n<li>R\u00e9server \u00e0 l\u2019avance.<\/li>\n<li>Avoir une tenue vestimentaire appropri\u00e9e.<\/li>\n<li>Arriv\u00e9e en cidrerie vers 20:00 heures.<\/li>\n<li>Suivre le parcours du \u00ab\u00a0cidrero\u00a0\u00bb.<\/li>\n<li>Tenir correctement le verre et le remplir peu.<\/li>\n<li>Etre respectueux.<\/li>\n<li>Observer, sentir et ressentir.<\/li>\n<li>Partager ses sensations.<\/li>\n<li>Revenir avec le verre vide \u00e0 table.<\/li>\n<li>Se garer aux endroits indiqu\u00e9s.<\/li>\n<li>Prendre le caf\u00e9 au village.<\/li>\n<\/ul>\n<p>[\/et_pb_text][\/et_pb_column][et_pb_column type=\u00a0\u00bb1_3&Prime; _builder_version=\u00a0\u00bb4.16&Prime; custom_padding=\u00a0\u00bb|||\u00a0\u00bb global_colors_info=\u00a0\u00bb{}\u00a0\u00bb custom_padding__hover=\u00a0\u00bb|||\u00a0\u00bb][et_pb_code admin_label=\u00a0\u00bbC\u00f3digo\u00a0\u00bb _builder_version=\u00a0\u00bb4.27.4&Prime; global_colors_info=\u00a0\u00bb{}\u00a0\u00bb disabled_on=\u00a0\u00bbon|on|on\u00a0\u00bb disabled=\u00a0\u00bbon\u00a0\u00bb]<\/p>\n<div class=\"banner-reservar\"><a href=\"https:\/\/sagardoarenlurraldea.eus\/fr\/cidreries\/reservation-cidrerie\/\"><!-- [et_pb_line_break_holder] --><\/p>\n<h2>Reservaton cidrerie<\/h2>\n<pee>Nous nous occupons de la r\u00e9servation<\/pee>\n<div class=\"serv-gratuito\">\u00a1SERVICE<!\u2013- [et_pb_br_holder] -\u2013>GRATUIT!<\/div>\n<p><\/a><\/div>\n<p>[\/et_pb_code][et_pb_text _builder_version=\u00a0\u00bb4.27.4&Prime; _module_preset=\u00a0\u00bbdefault\u00a0\u00bb hover_enabled=\u00a0\u00bb0&Prime; sticky_enabled=\u00a0\u00bb0&Prime;]<\/p>\n<div class=\"banner-reservar\">\n<a href=\"https:\/\/sagardoarenlurraldea.eus\/fr\/cidreries\/reservation-cidrerie\/\"><\/p>\n<h2>Reservaton cidrerie<\/h2>\n<p>Nous nous occupons de la r\u00e9servation<\/p>\n<div class=\"serv-gratuito\">\u00a1SERVICE<br \/>GRATUIT!<\/div>\n<p><\/a>\n<\/div>\n<p>[\/et_pb_text][\/et_pb_column][\/et_pb_row][et_pb_row padding_mobile=\u00a0\u00bboff\u00a0\u00bb column_padding_mobile=\u00a0\u00bbon\u00a0\u00bb admin_label=\u00a0\u00bbrow\u00a0\u00bb module_class=\u00a0\u00bbcontenedor acordeon\u00a0\u00bb _builder_version=\u00a0\u00bb4.16&Prime; background_size=\u00a0\u00bbinitial\u00a0\u00bb background_position=\u00a0\u00bbtop_left\u00a0\u00bb background_repeat=\u00a0\u00bbrepeat\u00a0\u00bb make_fullwidth=\u00a0\u00bboff\u00a0\u00bb use_custom_width=\u00a0\u00bboff\u00a0\u00bb width_unit=\u00a0\u00bbon\u00a0\u00bb global_colors_info=\u00a0\u00bb{}\u00a0\u00bb column_structure=\u00a0\u00bb1_2,1_2&Prime;][et_pb_column type=\u00a0\u00bb1_2&Prime; _builder_version=\u00a0\u00bb4.16&Prime; custom_padding=\u00a0\u00bb|||\u00a0\u00bb global_colors_info=\u00a0\u00bb{}\u00a0\u00bb custom_padding__hover=\u00a0\u00bb|||\u00a0\u00bb][et_pb_code admin_label=\u00a0\u00bbC\u00f3digo\u00a0\u00bb _builder_version=\u00a0\u00bb4.16&Prime; global_colors_info=\u00a0\u00bb{}\u00a0\u00bb]<div style=\"background:#000000;color:#ffffff;text-align:center;padding:30px;\" class=\"modulo-cta\">\r\n\t<h2 style=\"color:#ffffff;text-align:center;\">Basque Card<\/h2>\r\n\t<p style=\"color:#ffffff;text-align:center;\">Carte touristique avec des r\u00e9ductions dans la zone cidrerie. Disponible \u00e0 l\u2019Office de Tourisme de Saint S\u00e9bastien.<\/p>\r\n\t<a class=\"et_pb_button mas_experiencias et_pb_button_0 et_pb_module et_pb_bg_layout_light\" style=\"margin:20px 0 0 0 !important;color:#ffffff !important;border-color:#ffffff !important\" href=\"https:\/\/www.sansebastianturismo.com\/images\/ssturismo\/pdf\/Folleto-basque-card-eu-fr.pdf?v=1\">T\u00e9l\u00e9charger le fascicule<\/a>\r\n<\/div>[\/et_pb_code][\/et_pb_column][et_pb_column type=\u00a0\u00bb1_2&Prime; _builder_version=\u00a0\u00bb4.16&Prime; custom_padding=\u00a0\u00bb|||\u00a0\u00bb global_colors_info=\u00a0\u00bb{}\u00a0\u00bb custom_padding__hover=\u00a0\u00bb|||\u00a0\u00bb][et_pb_code admin_label=\u00a0\u00bbC\u00f3digo\u00a0\u00bb _builder_version=\u00a0\u00bb4.16&Prime; global_colors_info=\u00a0\u00bb{}\u00a0\u00bb]<div style=\"background:#0c0c0c;color:#ffffff;text-align:center;padding:30px;\" class=\"modulo-cta\">\r\n\t<h2 style=\"color:#ffffff;text-align:center;\">+20 Exp\u00e9riences<\/h2>\r\n\t<p style=\"color:#ffffff;text-align:center;\">Vivre la culture du cidre \u00e0 votre fa\u00e7on<\/p>\r\n\t<a class=\"et_pb_button mas_experiencias et_pb_button_0 et_pb_module et_pb_bg_layout_light\" style=\"margin:20px 0 0 0 !important;color:#ffffff !important;border-color:#ffffff !important\" href=\"https:\/\/sagardoarenlurraldea.eus\/fr\/experiences\/reserver-son-plan\/\">Plans et promotions<\/a>\r\n<\/div>[\/et_pb_code][\/et_pb_column][\/et_pb_row][et_pb_row padding_mobile=\u00a0\u00bboff\u00a0\u00bb column_padding_mobile=\u00a0\u00bbon\u00a0\u00bb admin_label=\u00a0\u00bbrow\u00a0\u00bb module_class=\u00a0\u00bbcontenedor acordeon\u00a0\u00bb _builder_version=\u00a0\u00bb4.16&Prime; background_size=\u00a0\u00bbinitial\u00a0\u00bb background_position=\u00a0\u00bbtop_left\u00a0\u00bb background_repeat=\u00a0\u00bbrepeat\u00a0\u00bb make_fullwidth=\u00a0\u00bboff\u00a0\u00bb use_custom_width=\u00a0\u00bboff\u00a0\u00bb width_unit=\u00a0\u00bbon\u00a0\u00bb global_colors_info=\u00a0\u00bb{}\u00a0\u00bb][et_pb_column type=\u00a0\u00bb4_4&Prime; _builder_version=\u00a0\u00bb4.16&Prime; custom_padding=\u00a0\u00bb|||\u00a0\u00bb global_colors_info=\u00a0\u00bb{}\u00a0\u00bb custom_padding__hover=\u00a0\u00bb|||\u00a0\u00bb][et_pb_code admin_label=\u00a0\u00bbSabias que\u00a0\u00bb _builder_version=\u00a0\u00bb4.16&Prime; global_colors_info=\u00a0\u00bb{}\u00a0\u00bb]<div class=\"sabias_que\">\r\n\t<h3>Saviez-vous..<\/h3>\r\n\t<p>La pomme a \u00e9t\u00e9 la cause de nombreuses batailles entre les dieux et les humains, source de p\u00each\u00e9 et fruit de la discorde dans de nombreuses occasions aussi symbolis\u00e9 de paradis par la mythologie celte.<\/p>\n\r\n\t<div class=\"fuente\"><span>Plus d\u2019infos:<\/span> <a href=\"https:\/\/sagardoarenlurraldea.eus\/fr\/le-musee-du-cidre\/sagardoetxea-le-musee\/\">Sagardoetxea, Mus\u00e9e du Cidre Basque<\/a><\/div>\r\n<\/div>[\/et_pb_code][\/et_pb_column][\/et_pb_row][\/et_pb_section]<\/p>\n","protected":false},"excerpt":{"rendered":"<p>Quoi faire un jour de Txotx Se rendre dans une cidrerie, s\u2019initier au txotx, profiter du tumulte des gens dans un lieu convivial, debout, sans assiettes\u2026 L\u2019exp\u00e9rience est unique. La [&hellip;]<\/p>\n","protected":false},"author":1,"featured_media":13261,"parent":25392,"menu_order":4,"comment_status":"closed","ping_status":"closed","template":"","meta":{"_acf_changed":false,"_et_pb_use_builder":"on","_et_pb_old_content":"","_et_gb_content_width":"","footnotes":""},"class_list":["post-25501","page","type-page","status-publish","has-post-thumbnail","hentry"],"acf":[],"yoast_head":"<!-- This site is optimized with the Yoast SEO plugin v25.4 - https:\/\/yoast.com\/wordpress\/plugins\/seo\/ -->\n<title>Conseils utiles pour aller en cidrerie - Sagardoaren Lurraldea<\/title>\n<meta name=\"robots\" content=\"index, follow, max-snippet:-1, max-image-preview:large, max-video-preview:-1\" \/>\n<link rel=\"canonical\" href=\"https:\/\/sagardoarenlurraldea.eus\/fr\/cidreries\/conseils-utiles-pour-aller-en-cidrerie\/\" \/>\n<meta property=\"og:locale\" content=\"fr_FR\" \/>\n<meta property=\"og:type\" content=\"article\" \/>\n<meta property=\"og:title\" content=\"Conseils utiles pour aller en cidrerie - Sagardoaren Lurraldea\" \/>\n<meta property=\"og:description\" content=\"Quoi faire un jour de Txotx Se rendre dans une cidrerie, s\u2019initier au txotx, profiter du tumulte des gens dans un lieu convivial, debout, sans assiettes\u2026 L\u2019exp\u00e9rience est unique. La [&hellip;]\" \/>\n<meta property=\"og:url\" content=\"https:\/\/sagardoarenlurraldea.eus\/fr\/cidreries\/conseils-utiles-pour-aller-en-cidrerie\/\" \/>\n<meta property=\"og:site_name\" content=\"Sagardoaren Lurraldea\" \/>\n<meta property=\"article:publisher\" content=\"https:\/\/www.facebook.com\/sagardoarenlurraldea\" \/>\n<meta property=\"article:modified_time\" content=\"2025-08-04T10:53:12+00:00\" \/>\n<meta property=\"og:image\" content=\"https:\/\/sagardoarenlurraldea.eus\/wp-content\/uploads\/2016\/05\/Cabecera-Sidrerias-1.jpg\" \/>\n\t<meta property=\"og:image:width\" content=\"1903\" \/>\n\t<meta property=\"og:image:height\" content=\"220\" \/>\n\t<meta property=\"og:image:type\" content=\"image\/jpeg\" \/>\n<meta name=\"twitter:card\" content=\"summary_large_image\" \/>\n<meta name=\"twitter:label1\" content=\"Dur\u00e9e de lecture estim\u00e9e\" \/>\n\t<meta name=\"twitter:data1\" content=\"5 minutes\" \/>\n<script type=\"application\/ld+json\" class=\"yoast-schema-graph\">{\"@context\":\"https:\/\/schema.org\",\"@graph\":[{\"@type\":\"WebPage\",\"@id\":\"https:\/\/sagardoarenlurraldea.eus\/fr\/cidreries\/conseils-utiles-pour-aller-en-cidrerie\/\",\"url\":\"https:\/\/sagardoarenlurraldea.eus\/fr\/cidreries\/conseils-utiles-pour-aller-en-cidrerie\/\",\"name\":\"Conseils utiles pour aller en cidrerie - Sagardoaren Lurraldea\",\"isPartOf\":{\"@id\":\"https:\/\/sagardoarenlurraldea.eus\/fr\/#website\"},\"primaryImageOfPage\":{\"@id\":\"https:\/\/sagardoarenlurraldea.eus\/fr\/cidreries\/conseils-utiles-pour-aller-en-cidrerie\/#primaryimage\"},\"image\":{\"@id\":\"https:\/\/sagardoarenlurraldea.eus\/fr\/cidreries\/conseils-utiles-pour-aller-en-cidrerie\/#primaryimage\"},\"thumbnailUrl\":\"https:\/\/sagardoarenlurraldea.eus\/wp-content\/uploads\/2016\/05\/Cabecera-Sidrerias-1.jpg\",\"datePublished\":\"2016-05-09T13:14:31+00:00\",\"dateModified\":\"2025-08-04T10:53:12+00:00\",\"breadcrumb\":{\"@id\":\"https:\/\/sagardoarenlurraldea.eus\/fr\/cidreries\/conseils-utiles-pour-aller-en-cidrerie\/#breadcrumb\"},\"inLanguage\":\"fr-FR\",\"potentialAction\":[{\"@type\":\"ReadAction\",\"target\":[\"https:\/\/sagardoarenlurraldea.eus\/fr\/cidreries\/conseils-utiles-pour-aller-en-cidrerie\/\"]}]},{\"@type\":\"ImageObject\",\"inLanguage\":\"fr-FR\",\"@id\":\"https:\/\/sagardoarenlurraldea.eus\/fr\/cidreries\/conseils-utiles-pour-aller-en-cidrerie\/#primaryimage\",\"url\":\"https:\/\/sagardoarenlurraldea.eus\/wp-content\/uploads\/2016\/05\/Cabecera-Sidrerias-1.jpg\",\"contentUrl\":\"https:\/\/sagardoarenlurraldea.eus\/wp-content\/uploads\/2016\/05\/Cabecera-Sidrerias-1.jpg\",\"width\":1903,\"height\":220},{\"@type\":\"BreadcrumbList\",\"@id\":\"https:\/\/sagardoarenlurraldea.eus\/fr\/cidreries\/conseils-utiles-pour-aller-en-cidrerie\/#breadcrumb\",\"itemListElement\":[{\"@type\":\"ListItem\",\"position\":1,\"name\":\"Inicio\",\"item\":\"https:\/\/sagardoarenlurraldea.eus\/fr\/\"},{\"@type\":\"ListItem\",\"position\":2,\"name\":\"Cidreries\",\"item\":\"https:\/\/sagardoarenlurraldea.eus\/fr\/sidrerias\/reservar-sidreria\/\"},{\"@type\":\"ListItem\",\"position\":3,\"name\":\"Conseils utiles pour aller en cidrerie\"}]},{\"@type\":\"WebSite\",\"@id\":\"https:\/\/sagardoarenlurraldea.eus\/fr\/#website\",\"url\":\"https:\/\/sagardoarenlurraldea.eus\/fr\/\",\"name\":\"Sagardoaren Lurraldea\",\"description\":\"El territorio de la sidra\",\"potentialAction\":[{\"@type\":\"SearchAction\",\"target\":{\"@type\":\"EntryPoint\",\"urlTemplate\":\"https:\/\/sagardoarenlurraldea.eus\/fr\/?s={search_term_string}\"},\"query-input\":{\"@type\":\"PropertyValueSpecification\",\"valueRequired\":true,\"valueName\":\"search_term_string\"}}],\"inLanguage\":\"fr-FR\"}]}<\/script>\n<!-- \/ Yoast SEO plugin. -->","yoast_head_json":{"title":"Conseils utiles pour aller en cidrerie - Sagardoaren Lurraldea","robots":{"index":"index","follow":"follow","max-snippet":"max-snippet:-1","max-image-preview":"max-image-preview:large","max-video-preview":"max-video-preview:-1"},"canonical":"https:\/\/sagardoarenlurraldea.eus\/fr\/cidreries\/conseils-utiles-pour-aller-en-cidrerie\/","og_locale":"fr_FR","og_type":"article","og_title":"Conseils utiles pour aller en cidrerie - Sagardoaren Lurraldea","og_description":"Quoi faire un jour de Txotx Se rendre dans une cidrerie, s\u2019initier au txotx, profiter du tumulte des gens dans un lieu convivial, debout, sans assiettes\u2026 L\u2019exp\u00e9rience est unique. La [&hellip;]","og_url":"https:\/\/sagardoarenlurraldea.eus\/fr\/cidreries\/conseils-utiles-pour-aller-en-cidrerie\/","og_site_name":"Sagardoaren Lurraldea","article_publisher":"https:\/\/www.facebook.com\/sagardoarenlurraldea","article_modified_time":"2025-08-04T10:53:12+00:00","og_image":[{"width":1903,"height":220,"url":"https:\/\/sagardoarenlurraldea.eus\/wp-content\/uploads\/2016\/05\/Cabecera-Sidrerias-1.jpg","type":"image\/jpeg"}],"twitter_card":"summary_large_image","twitter_misc":{"Dur\u00e9e de lecture estim\u00e9e":"5 minutes"},"schema":{"@context":"https:\/\/schema.org","@graph":[{"@type":"WebPage","@id":"https:\/\/sagardoarenlurraldea.eus\/fr\/cidreries\/conseils-utiles-pour-aller-en-cidrerie\/","url":"https:\/\/sagardoarenlurraldea.eus\/fr\/cidreries\/conseils-utiles-pour-aller-en-cidrerie\/","name":"Conseils utiles pour aller en cidrerie - Sagardoaren Lurraldea","isPartOf":{"@id":"https:\/\/sagardoarenlurraldea.eus\/fr\/#website"},"primaryImageOfPage":{"@id":"https:\/\/sagardoarenlurraldea.eus\/fr\/cidreries\/conseils-utiles-pour-aller-en-cidrerie\/#primaryimage"},"image":{"@id":"https:\/\/sagardoarenlurraldea.eus\/fr\/cidreries\/conseils-utiles-pour-aller-en-cidrerie\/#primaryimage"},"thumbnailUrl":"https:\/\/sagardoarenlurraldea.eus\/wp-content\/uploads\/2016\/05\/Cabecera-Sidrerias-1.jpg","datePublished":"2016-05-09T13:14:31+00:00","dateModified":"2025-08-04T10:53:12+00:00","breadcrumb":{"@id":"https:\/\/sagardoarenlurraldea.eus\/fr\/cidreries\/conseils-utiles-pour-aller-en-cidrerie\/#breadcrumb"},"inLanguage":"fr-FR","potentialAction":[{"@type":"ReadAction","target":["https:\/\/sagardoarenlurraldea.eus\/fr\/cidreries\/conseils-utiles-pour-aller-en-cidrerie\/"]}]},{"@type":"ImageObject","inLanguage":"fr-FR","@id":"https:\/\/sagardoarenlurraldea.eus\/fr\/cidreries\/conseils-utiles-pour-aller-en-cidrerie\/#primaryimage","url":"https:\/\/sagardoarenlurraldea.eus\/wp-content\/uploads\/2016\/05\/Cabecera-Sidrerias-1.jpg","contentUrl":"https:\/\/sagardoarenlurraldea.eus\/wp-content\/uploads\/2016\/05\/Cabecera-Sidrerias-1.jpg","width":1903,"height":220},{"@type":"BreadcrumbList","@id":"https:\/\/sagardoarenlurraldea.eus\/fr\/cidreries\/conseils-utiles-pour-aller-en-cidrerie\/#breadcrumb","itemListElement":[{"@type":"ListItem","position":1,"name":"Inicio","item":"https:\/\/sagardoarenlurraldea.eus\/fr\/"},{"@type":"ListItem","position":2,"name":"Cidreries","item":"https:\/\/sagardoarenlurraldea.eus\/fr\/sidrerias\/reservar-sidreria\/"},{"@type":"ListItem","position":3,"name":"Conseils utiles pour aller en cidrerie"}]},{"@type":"WebSite","@id":"https:\/\/sagardoarenlurraldea.eus\/fr\/#website","url":"https:\/\/sagardoarenlurraldea.eus\/fr\/","name":"Sagardoaren Lurraldea","description":"El territorio de la sidra","potentialAction":[{"@type":"SearchAction","target":{"@type":"EntryPoint","urlTemplate":"https:\/\/sagardoarenlurraldea.eus\/fr\/?s={search_term_string}"},"query-input":{"@type":"PropertyValueSpecification","valueRequired":true,"valueName":"search_term_string"}}],"inLanguage":"fr-FR"}]}},"_links":{"self":[{"href":"https:\/\/sagardoarenlurraldea.eus\/fr\/wp-json\/wp\/v2\/pages\/25501","targetHints":{"allow":["GET"]}}],"collection":[{"href":"https:\/\/sagardoarenlurraldea.eus\/fr\/wp-json\/wp\/v2\/pages"}],"about":[{"href":"https:\/\/sagardoarenlurraldea.eus\/fr\/wp-json\/wp\/v2\/types\/page"}],"author":[{"embeddable":true,"href":"https:\/\/sagardoarenlurraldea.eus\/fr\/wp-json\/wp\/v2\/users\/1"}],"replies":[{"embeddable":true,"href":"https:\/\/sagardoarenlurraldea.eus\/fr\/wp-json\/wp\/v2\/comments?post=25501"}],"version-history":[{"count":1,"href":"https:\/\/sagardoarenlurraldea.eus\/fr\/wp-json\/wp\/v2\/pages\/25501\/revisions"}],"predecessor-version":[{"id":301543,"href":"https:\/\/sagardoarenlurraldea.eus\/fr\/wp-json\/wp\/v2\/pages\/25501\/revisions\/301543"}],"up":[{"embeddable":true,"href":"https:\/\/sagardoarenlurraldea.eus\/fr\/wp-json\/wp\/v2\/pages\/25392"}],"wp:featuredmedia":[{"embeddable":true,"href":"https:\/\/sagardoarenlurraldea.eus\/fr\/wp-json\/wp\/v2\/media\/13261"}],"wp:attachment":[{"href":"https:\/\/sagardoarenlurraldea.eus\/fr\/wp-json\/wp\/v2\/media?parent=25501"}],"curies":[{"name":"wp","href":"https:\/\/api.w.org\/{rel}","templated":true}]}}