{"id":24964,"date":"2017-08-22T13:08:24","date_gmt":"2017-08-22T11:08:24","guid":{"rendered":"http:\/\/www.sagardoarenlurraldea.eus\/experiences\/routes-selectionnees-pres-de-san-sebastian\/ruta-del-faro-de-la-plata\/"},"modified":"2017-12-29T12:47:58","modified_gmt":"2017-12-29T10:47:58","slug":"route-du-phare-de-la-plata","status":"publish","type":"page","link":"https:\/\/sagardoarenlurraldea.eus\/fr\/experiences\/routes-selectionnees-pres-de-san-sebastian\/route-du-phare-de-la-plata\/","title":{"rendered":"Route du phare de la Plata"},"content":{"rendered":"<p><strong>Un beau parcours nous permet de traverser le mont c\u00f4tier depuis le quartier de Gros jusqu\u2019\u00e0 Pasaia en 2 heures. A deux pas des rues de la capitale Saint S\u00e9bastien y du dynamique port de Pasaia, le Mon Ulia est un bel endroit pour profiter de la vue sur l\u2019oc\u00e9an. <\/strong><\/p>\n<p>Nous commencerons le parcours proche de l\u2019extr\u00e9mit\u00e9 de la plage de la Zurriola \u00e0 l\u2019oppos\u00e9 du Kusaal. Depuis la rue Zemoriya, situ\u00e9e derri\u00e8re la station-service Larramendi, nous commencerons l\u2019ascension de Ulia, le Mont de Saint S\u00e9bastien le moins connu. Des rep\u00e8res blancs et rouges nous guiderons tout au long du chemin.<\/p>\n<p>Apr\u00e8s environ 10 min d\u2019une raide mont\u00e9e nous atteindrons une zone de larges et belles vues sur la ville. Un virage serr\u00e9 sur la gauche nous am\u00e8ne \u00e0 un champ de pins par lequel on peut acc\u00e9der \u00e0 une zone rocheuse de la pointe du Mompas. L\u00e0-bas, en plus des ruines d\u2019un fort, il y a de belles falaises rocheuses o\u00f9 nichent les mouettes. En suivant le chemin \u00e0 l\u2019ombre nous pouvons d\u00e9couvrir entre les hortensias la fontaine de Kutraila, dont les eaux sont pr\u00e9tendument curatives.<\/p>\n<p>A gauche, une chauss\u00e9e en descente vers l\u2019oc\u00e9an. Quand le chemin d\u00e9bouche sur une piste b\u00e9tonn\u00e9e il faut descendre quelques m\u00e8tres et reprendre le chemin qui commence au virage. Marcher \u00e0 travers le bois et \u00e0 la fin de cette piste on aper\u00e7oit la crique Murguita, nous passerons \u00e0 c\u00f4t\u00e9 de deux anciens aqueducs et entre eux se trouve la fontaine \u00ab\u00a0de l\u2019Anglais\u00a0\u00bb.<\/p>\n<p>Au loin, une construction blanche et cr\u00e9nel\u00e9e, habituellement entour\u00e9e de mouettes, fait penser \u00e0 un Ch\u00e2teau de contes de f\u00e9es. C\u2019est le phare de la Plata. Les pierres sableuses qui forment cette falaise prennent, vues depuis la mer, une couleur argent\u00e9e au contact des vagues. Ce ph\u00e9nom\u00e8ne a fait que les marins baptisent ainsi le lieu.<\/p>\n<p>A travers une piste parall\u00e8le \u00e0 l\u2019entr\u00e9e de Pasaia, nous commencerons la descente jusqu\u2019au district de Pasaia San Pedro. Pour finaliser la randonn\u00e9e, rien de mieux qu\u2019une navette fluviale pour passer sur l\u2019autre rive Pasaia San Juan et traverser son unique rue parsem\u00e9e de magnifiques maisons face \u00e0 la mer et de d\u00e9guster un excellent poisson.<\/p>\n","protected":false},"excerpt":{"rendered":"<p>Un beau parcours nous permet de traverser le mont c\u00f4tier depuis le quartier de Gros jusqu\u2019\u00e0 Pasaia en 2 heures. A deux pas des rues de la capitale Saint S\u00e9bastien y du dynamique port de Pasaia, le Mon Ulia est un bel endroit pour profiter de la vue sur l\u2019oc\u00e9an. <\/p>\n","protected":false},"author":1,"featured_media":24965,"parent":24871,"menu_order":5,"comment_status":"closed","ping_status":"closed","template":"single-rutas-seleccionadas.php","meta":{"_acf_changed":false,"_et_pb_use_builder":"","_et_pb_old_content":"","_et_gb_content_width":"","footnotes":""},"class_list":["post-24964","page","type-page","status-publish","has-post-thumbnail","hentry"],"acf":[],"yoast_head":"<!-- This site is optimized with the Yoast SEO plugin v25.4 - https:\/\/yoast.com\/wordpress\/plugins\/seo\/ -->\n<title>Route du phare de la Plata - Sagardoaren Lurraldea<\/title>\n<meta name=\"robots\" content=\"index, follow, max-snippet:-1, max-image-preview:large, max-video-preview:-1\" \/>\n<link rel=\"canonical\" href=\"https:\/\/sagardoarenlurraldea.eus\/fr\/experiences\/routes-selectionnees-pres-de-san-sebastian\/route-du-phare-de-la-plata\/\" \/>\n<meta property=\"og:locale\" content=\"fr_FR\" \/>\n<meta property=\"og:type\" content=\"article\" \/>\n<meta property=\"og:title\" content=\"Route du phare de la Plata - Sagardoaren Lurraldea\" \/>\n<meta property=\"og:description\" content=\"Un beau parcours nous permet de traverser le mont c\u00f4tier depuis le quartier de Gros jusqu\u2019\u00e0 Pasaia en 2 heures. A deux pas des rues de la capitale Saint S\u00e9bastien y du dynamique port de Pasaia, le Mon Ulia est un bel endroit pour profiter de la vue sur l\u2019oc\u00e9an.\" \/>\n<meta property=\"og:url\" content=\"https:\/\/sagardoarenlurraldea.eus\/fr\/experiences\/routes-selectionnees-pres-de-san-sebastian\/route-du-phare-de-la-plata\/\" \/>\n<meta property=\"og:site_name\" content=\"Sagardoaren Lurraldea\" \/>\n<meta property=\"article:publisher\" content=\"https:\/\/www.facebook.com\/sagardoarenlurraldea\" \/>\n<meta property=\"article:modified_time\" content=\"2017-12-29T10:47:58+00:00\" \/>\n<meta property=\"og:image\" content=\"https:\/\/sagardoarenlurraldea.eus\/wp-content\/uploads\/2016\/08\/Ruta-del-Faro-de-la-plata.jpeg\" \/>\n\t<meta property=\"og:image:width\" content=\"800\" \/>\n\t<meta property=\"og:image:height\" content=\"600\" \/>\n\t<meta property=\"og:image:type\" content=\"image\/jpeg\" \/>\n<meta name=\"twitter:card\" content=\"summary_large_image\" \/>\n<meta name=\"twitter:label1\" content=\"Dur\u00e9e de lecture estim\u00e9e\" \/>\n\t<meta name=\"twitter:data1\" content=\"2 minutes\" \/>\n<script type=\"application\/ld+json\" class=\"yoast-schema-graph\">{\"@context\":\"https:\/\/schema.org\",\"@graph\":[{\"@type\":\"WebPage\",\"@id\":\"https:\/\/sagardoarenlurraldea.eus\/fr\/experiences\/routes-selectionnees-pres-de-san-sebastian\/route-du-phare-de-la-plata\/\",\"url\":\"https:\/\/sagardoarenlurraldea.eus\/fr\/experiences\/routes-selectionnees-pres-de-san-sebastian\/route-du-phare-de-la-plata\/\",\"name\":\"Route du phare de la Plata - Sagardoaren Lurraldea\",\"isPartOf\":{\"@id\":\"https:\/\/sagardoarenlurraldea.eus\/fr\/#website\"},\"primaryImageOfPage\":{\"@id\":\"https:\/\/sagardoarenlurraldea.eus\/fr\/experiences\/routes-selectionnees-pres-de-san-sebastian\/route-du-phare-de-la-plata\/#primaryimage\"},\"image\":{\"@id\":\"https:\/\/sagardoarenlurraldea.eus\/fr\/experiences\/routes-selectionnees-pres-de-san-sebastian\/route-du-phare-de-la-plata\/#primaryimage\"},\"thumbnailUrl\":\"https:\/\/sagardoarenlurraldea.eus\/wp-content\/uploads\/2016\/08\/Ruta-del-Faro-de-la-plata.jpeg\",\"datePublished\":\"2017-08-22T11:08:24+00:00\",\"dateModified\":\"2017-12-29T10:47:58+00:00\",\"breadcrumb\":{\"@id\":\"https:\/\/sagardoarenlurraldea.eus\/fr\/experiences\/routes-selectionnees-pres-de-san-sebastian\/route-du-phare-de-la-plata\/#breadcrumb\"},\"inLanguage\":\"fr-FR\",\"potentialAction\":[{\"@type\":\"ReadAction\",\"target\":[\"https:\/\/sagardoarenlurraldea.eus\/fr\/experiences\/routes-selectionnees-pres-de-san-sebastian\/route-du-phare-de-la-plata\/\"]}]},{\"@type\":\"ImageObject\",\"inLanguage\":\"fr-FR\",\"@id\":\"https:\/\/sagardoarenlurraldea.eus\/fr\/experiences\/routes-selectionnees-pres-de-san-sebastian\/route-du-phare-de-la-plata\/#primaryimage\",\"url\":\"https:\/\/sagardoarenlurraldea.eus\/wp-content\/uploads\/2016\/08\/Ruta-del-Faro-de-la-plata.jpeg\",\"contentUrl\":\"https:\/\/sagardoarenlurraldea.eus\/wp-content\/uploads\/2016\/08\/Ruta-del-Faro-de-la-plata.jpeg\",\"width\":800,\"height\":600},{\"@type\":\"BreadcrumbList\",\"@id\":\"https:\/\/sagardoarenlurraldea.eus\/fr\/experiences\/routes-selectionnees-pres-de-san-sebastian\/route-du-phare-de-la-plata\/#breadcrumb\",\"itemListElement\":[{\"@type\":\"ListItem\",\"position\":1,\"name\":\"Inicio\",\"item\":\"https:\/\/sagardoarenlurraldea.eus\/fr\/\"},{\"@type\":\"ListItem\",\"position\":2,\"name\":\"Exp\u00e9riences\",\"item\":\"https:\/\/sagardoarenlurraldea.eus\/fr\/experiencias\/reservar-tu-plan\/\"},{\"@type\":\"ListItem\",\"position\":3,\"name\":\"Routes s\u00e9lectionn\u00e9es\",\"item\":\"https:\/\/sagardoarenlurraldea.eus\/fr\/experiences\/routes-selectionnees-pres-de-san-sebastian\/\"},{\"@type\":\"ListItem\",\"position\":4,\"name\":\"Route du phare de la Plata\"}]},{\"@type\":\"WebSite\",\"@id\":\"https:\/\/sagardoarenlurraldea.eus\/fr\/#website\",\"url\":\"https:\/\/sagardoarenlurraldea.eus\/fr\/\",\"name\":\"Sagardoaren Lurraldea\",\"description\":\"El territorio de la sidra\",\"potentialAction\":[{\"@type\":\"SearchAction\",\"target\":{\"@type\":\"EntryPoint\",\"urlTemplate\":\"https:\/\/sagardoarenlurraldea.eus\/fr\/?s={search_term_string}\"},\"query-input\":{\"@type\":\"PropertyValueSpecification\",\"valueRequired\":true,\"valueName\":\"search_term_string\"}}],\"inLanguage\":\"fr-FR\"}]}<\/script>\n<!-- \/ Yoast SEO plugin. -->","yoast_head_json":{"title":"Route du phare de la Plata - Sagardoaren Lurraldea","robots":{"index":"index","follow":"follow","max-snippet":"max-snippet:-1","max-image-preview":"max-image-preview:large","max-video-preview":"max-video-preview:-1"},"canonical":"https:\/\/sagardoarenlurraldea.eus\/fr\/experiences\/routes-selectionnees-pres-de-san-sebastian\/route-du-phare-de-la-plata\/","og_locale":"fr_FR","og_type":"article","og_title":"Route du phare de la Plata - Sagardoaren Lurraldea","og_description":"Un beau parcours nous permet de traverser le mont c\u00f4tier depuis le quartier de Gros jusqu\u2019\u00e0 Pasaia en 2 heures. A deux pas des rues de la capitale Saint S\u00e9bastien y du dynamique port de Pasaia, le Mon Ulia est un bel endroit pour profiter de la vue sur l\u2019oc\u00e9an.","og_url":"https:\/\/sagardoarenlurraldea.eus\/fr\/experiences\/routes-selectionnees-pres-de-san-sebastian\/route-du-phare-de-la-plata\/","og_site_name":"Sagardoaren Lurraldea","article_publisher":"https:\/\/www.facebook.com\/sagardoarenlurraldea","article_modified_time":"2017-12-29T10:47:58+00:00","og_image":[{"width":800,"height":600,"url":"https:\/\/sagardoarenlurraldea.eus\/wp-content\/uploads\/2016\/08\/Ruta-del-Faro-de-la-plata.jpeg","type":"image\/jpeg"}],"twitter_card":"summary_large_image","twitter_misc":{"Dur\u00e9e de lecture estim\u00e9e":"2 minutes"},"schema":{"@context":"https:\/\/schema.org","@graph":[{"@type":"WebPage","@id":"https:\/\/sagardoarenlurraldea.eus\/fr\/experiences\/routes-selectionnees-pres-de-san-sebastian\/route-du-phare-de-la-plata\/","url":"https:\/\/sagardoarenlurraldea.eus\/fr\/experiences\/routes-selectionnees-pres-de-san-sebastian\/route-du-phare-de-la-plata\/","name":"Route du phare de la Plata - Sagardoaren Lurraldea","isPartOf":{"@id":"https:\/\/sagardoarenlurraldea.eus\/fr\/#website"},"primaryImageOfPage":{"@id":"https:\/\/sagardoarenlurraldea.eus\/fr\/experiences\/routes-selectionnees-pres-de-san-sebastian\/route-du-phare-de-la-plata\/#primaryimage"},"image":{"@id":"https:\/\/sagardoarenlurraldea.eus\/fr\/experiences\/routes-selectionnees-pres-de-san-sebastian\/route-du-phare-de-la-plata\/#primaryimage"},"thumbnailUrl":"https:\/\/sagardoarenlurraldea.eus\/wp-content\/uploads\/2016\/08\/Ruta-del-Faro-de-la-plata.jpeg","datePublished":"2017-08-22T11:08:24+00:00","dateModified":"2017-12-29T10:47:58+00:00","breadcrumb":{"@id":"https:\/\/sagardoarenlurraldea.eus\/fr\/experiences\/routes-selectionnees-pres-de-san-sebastian\/route-du-phare-de-la-plata\/#breadcrumb"},"inLanguage":"fr-FR","potentialAction":[{"@type":"ReadAction","target":["https:\/\/sagardoarenlurraldea.eus\/fr\/experiences\/routes-selectionnees-pres-de-san-sebastian\/route-du-phare-de-la-plata\/"]}]},{"@type":"ImageObject","inLanguage":"fr-FR","@id":"https:\/\/sagardoarenlurraldea.eus\/fr\/experiences\/routes-selectionnees-pres-de-san-sebastian\/route-du-phare-de-la-plata\/#primaryimage","url":"https:\/\/sagardoarenlurraldea.eus\/wp-content\/uploads\/2016\/08\/Ruta-del-Faro-de-la-plata.jpeg","contentUrl":"https:\/\/sagardoarenlurraldea.eus\/wp-content\/uploads\/2016\/08\/Ruta-del-Faro-de-la-plata.jpeg","width":800,"height":600},{"@type":"BreadcrumbList","@id":"https:\/\/sagardoarenlurraldea.eus\/fr\/experiences\/routes-selectionnees-pres-de-san-sebastian\/route-du-phare-de-la-plata\/#breadcrumb","itemListElement":[{"@type":"ListItem","position":1,"name":"Inicio","item":"https:\/\/sagardoarenlurraldea.eus\/fr\/"},{"@type":"ListItem","position":2,"name":"Exp\u00e9riences","item":"https:\/\/sagardoarenlurraldea.eus\/fr\/experiencias\/reservar-tu-plan\/"},{"@type":"ListItem","position":3,"name":"Routes s\u00e9lectionn\u00e9es","item":"https:\/\/sagardoarenlurraldea.eus\/fr\/experiences\/routes-selectionnees-pres-de-san-sebastian\/"},{"@type":"ListItem","position":4,"name":"Route du phare de la Plata"}]},{"@type":"WebSite","@id":"https:\/\/sagardoarenlurraldea.eus\/fr\/#website","url":"https:\/\/sagardoarenlurraldea.eus\/fr\/","name":"Sagardoaren Lurraldea","description":"El territorio de la sidra","potentialAction":[{"@type":"SearchAction","target":{"@type":"EntryPoint","urlTemplate":"https:\/\/sagardoarenlurraldea.eus\/fr\/?s={search_term_string}"},"query-input":{"@type":"PropertyValueSpecification","valueRequired":true,"valueName":"search_term_string"}}],"inLanguage":"fr-FR"}]}},"_links":{"self":[{"href":"https:\/\/sagardoarenlurraldea.eus\/fr\/wp-json\/wp\/v2\/pages\/24964","targetHints":{"allow":["GET"]}}],"collection":[{"href":"https:\/\/sagardoarenlurraldea.eus\/fr\/wp-json\/wp\/v2\/pages"}],"about":[{"href":"https:\/\/sagardoarenlurraldea.eus\/fr\/wp-json\/wp\/v2\/types\/page"}],"author":[{"embeddable":true,"href":"https:\/\/sagardoarenlurraldea.eus\/fr\/wp-json\/wp\/v2\/users\/1"}],"replies":[{"embeddable":true,"href":"https:\/\/sagardoarenlurraldea.eus\/fr\/wp-json\/wp\/v2\/comments?post=24964"}],"version-history":[{"count":0,"href":"https:\/\/sagardoarenlurraldea.eus\/fr\/wp-json\/wp\/v2\/pages\/24964\/revisions"}],"up":[{"embeddable":true,"href":"https:\/\/sagardoarenlurraldea.eus\/fr\/wp-json\/wp\/v2\/pages\/24871"}],"wp:featuredmedia":[{"embeddable":true,"href":"https:\/\/sagardoarenlurraldea.eus\/fr\/wp-json\/wp\/v2\/media\/24965"}],"wp:attachment":[{"href":"https:\/\/sagardoarenlurraldea.eus\/fr\/wp-json\/wp\/v2\/media?parent=24964"}],"curies":[{"name":"wp","href":"https:\/\/api.w.org\/{rel}","templated":true}]}}