{"id":24936,"date":"2017-08-22T12:46:46","date_gmt":"2017-08-22T10:46:46","guid":{"rendered":"http:\/\/www.sagardoarenlurraldea.eus\/experiences\/routes-selectionnees-pres-de-san-sebastian\/fuerte-de-san-marcos\/"},"modified":"2017-12-29T12:38:55","modified_gmt":"2017-12-29T10:38:55","slug":"fort-de-san-marcos","status":"publish","type":"page","link":"https:\/\/sagardoarenlurraldea.eus\/fr\/experiences\/routes-selectionnees-pres-de-san-sebastian\/fort-de-san-marcos\/","title":{"rendered":"Le fort de San Marcos"},"content":{"rendered":"<p><strong>Le Fort de San Marcos est situ\u00e9 dans un lieu privil\u00e9gi\u00e9, \u00e0 moins de km de Saint S\u00e9bastien, en pleine nature. C\u2019est sans doute le mirador par excellence de la r\u00e9gion de Oarsoaldea. <\/strong><\/p>\n<p>Un lieu id\u00e9al pour passer la journ\u00e9e en famille, que cela soit \u00e0 pied, \u00e0 cheval ou en Montain-bike. Parfait par beau temps ou temps plus hostile gr\u00e2ce aux refuges bicentenaires de pierres.<\/p>\n<p>Le fort en bien conserv\u00e9, la r\u00e9habilitation de la fosse, du patio des armes, du pont levis et de la terrasse sup\u00e9rieure, permet aux visiteurs de profiter de lui autant que les militaires en 1888.<\/p>\n<p>De plus, ces derni\u00e8res ann\u00e9es ont donn\u00e9 lieu \u00e0 la r\u00e9alisation de la phase du projet de Mus\u00e9ographie et Mus\u00e9ologie, qui ont permis de reproduire l\u2019activit\u00e9 originelle du Fort de San Marcos. De cette fa\u00e7on les visiteurs du XXI\u00e8me si\u00e8cle sont transport\u00e9s au XIX\u00e8me.<\/p>\n<p>&nbsp;<\/p>\n","protected":false},"excerpt":{"rendered":"<p>Le Fort de San Marcos est situ\u00e9 dans un lieu privil\u00e9gi\u00e9, \u00e0 moins de km de Saint S\u00e9bastien, en pleine nature. C\u2019est sans doute le mirador par excellence de la r\u00e9gion de Oarsoaldea. <\/p>\n","protected":false},"author":1,"featured_media":24937,"parent":24871,"menu_order":4,"comment_status":"closed","ping_status":"closed","template":"single-rutas-seleccionadas.php","meta":{"_acf_changed":false,"_et_pb_use_builder":"","_et_pb_old_content":"","_et_gb_content_width":"","footnotes":""},"class_list":["post-24936","page","type-page","status-publish","has-post-thumbnail","hentry"],"acf":[],"yoast_head":"<!-- This site is optimized with the Yoast SEO plugin v25.4 - https:\/\/yoast.com\/wordpress\/plugins\/seo\/ -->\n<title>Le fort de San Marcos - Sagardoaren Lurraldea<\/title>\n<meta name=\"robots\" content=\"index, follow, max-snippet:-1, max-image-preview:large, max-video-preview:-1\" \/>\n<link rel=\"canonical\" href=\"https:\/\/sagardoarenlurraldea.eus\/fr\/experiences\/routes-selectionnees-pres-de-san-sebastian\/fort-de-san-marcos\/\" \/>\n<meta property=\"og:locale\" content=\"fr_FR\" \/>\n<meta property=\"og:type\" content=\"article\" \/>\n<meta property=\"og:title\" content=\"Le fort de San Marcos - Sagardoaren Lurraldea\" \/>\n<meta property=\"og:description\" content=\"Le Fort de San Marcos est situ\u00e9 dans un lieu privil\u00e9gi\u00e9, \u00e0 moins de km de Saint S\u00e9bastien, en pleine nature. C\u2019est sans doute le mirador par excellence de la r\u00e9gion de Oarsoaldea.\" \/>\n<meta property=\"og:url\" content=\"https:\/\/sagardoarenlurraldea.eus\/fr\/experiences\/routes-selectionnees-pres-de-san-sebastian\/fort-de-san-marcos\/\" \/>\n<meta property=\"og:site_name\" content=\"Sagardoaren Lurraldea\" \/>\n<meta property=\"article:publisher\" content=\"https:\/\/www.facebook.com\/sagardoarenlurraldea\" \/>\n<meta property=\"article:modified_time\" content=\"2017-12-29T10:38:55+00:00\" \/>\n<meta property=\"og:image\" content=\"https:\/\/sagardoarenlurraldea.eus\/wp-content\/uploads\/2016\/08\/Fuerte-de-San-Marcos.jpg\" \/>\n\t<meta property=\"og:image:width\" content=\"800\" \/>\n\t<meta property=\"og:image:height\" content=\"600\" \/>\n\t<meta property=\"og:image:type\" content=\"image\/jpeg\" \/>\n<meta name=\"twitter:card\" content=\"summary_large_image\" \/>\n<meta name=\"twitter:label1\" content=\"Dur\u00e9e de lecture estim\u00e9e\" \/>\n\t<meta name=\"twitter:data1\" content=\"1 minute\" \/>\n<script type=\"application\/ld+json\" class=\"yoast-schema-graph\">{\"@context\":\"https:\/\/schema.org\",\"@graph\":[{\"@type\":\"WebPage\",\"@id\":\"https:\/\/sagardoarenlurraldea.eus\/fr\/experiences\/routes-selectionnees-pres-de-san-sebastian\/fort-de-san-marcos\/\",\"url\":\"https:\/\/sagardoarenlurraldea.eus\/fr\/experiences\/routes-selectionnees-pres-de-san-sebastian\/fort-de-san-marcos\/\",\"name\":\"Le fort de San Marcos - Sagardoaren Lurraldea\",\"isPartOf\":{\"@id\":\"https:\/\/sagardoarenlurraldea.eus\/fr\/#website\"},\"primaryImageOfPage\":{\"@id\":\"https:\/\/sagardoarenlurraldea.eus\/fr\/experiences\/routes-selectionnees-pres-de-san-sebastian\/fort-de-san-marcos\/#primaryimage\"},\"image\":{\"@id\":\"https:\/\/sagardoarenlurraldea.eus\/fr\/experiences\/routes-selectionnees-pres-de-san-sebastian\/fort-de-san-marcos\/#primaryimage\"},\"thumbnailUrl\":\"https:\/\/sagardoarenlurraldea.eus\/wp-content\/uploads\/2016\/08\/Fuerte-de-San-Marcos.jpg\",\"datePublished\":\"2017-08-22T10:46:46+00:00\",\"dateModified\":\"2017-12-29T10:38:55+00:00\",\"breadcrumb\":{\"@id\":\"https:\/\/sagardoarenlurraldea.eus\/fr\/experiences\/routes-selectionnees-pres-de-san-sebastian\/fort-de-san-marcos\/#breadcrumb\"},\"inLanguage\":\"fr-FR\",\"potentialAction\":[{\"@type\":\"ReadAction\",\"target\":[\"https:\/\/sagardoarenlurraldea.eus\/fr\/experiences\/routes-selectionnees-pres-de-san-sebastian\/fort-de-san-marcos\/\"]}]},{\"@type\":\"ImageObject\",\"inLanguage\":\"fr-FR\",\"@id\":\"https:\/\/sagardoarenlurraldea.eus\/fr\/experiences\/routes-selectionnees-pres-de-san-sebastian\/fort-de-san-marcos\/#primaryimage\",\"url\":\"https:\/\/sagardoarenlurraldea.eus\/wp-content\/uploads\/2016\/08\/Fuerte-de-San-Marcos.jpg\",\"contentUrl\":\"https:\/\/sagardoarenlurraldea.eus\/wp-content\/uploads\/2016\/08\/Fuerte-de-San-Marcos.jpg\",\"width\":800,\"height\":600},{\"@type\":\"BreadcrumbList\",\"@id\":\"https:\/\/sagardoarenlurraldea.eus\/fr\/experiences\/routes-selectionnees-pres-de-san-sebastian\/fort-de-san-marcos\/#breadcrumb\",\"itemListElement\":[{\"@type\":\"ListItem\",\"position\":1,\"name\":\"Inicio\",\"item\":\"https:\/\/sagardoarenlurraldea.eus\/fr\/\"},{\"@type\":\"ListItem\",\"position\":2,\"name\":\"Exp\u00e9riences\",\"item\":\"https:\/\/sagardoarenlurraldea.eus\/fr\/experiencias\/reservar-tu-plan\/\"},{\"@type\":\"ListItem\",\"position\":3,\"name\":\"Routes s\u00e9lectionn\u00e9es\",\"item\":\"https:\/\/sagardoarenlurraldea.eus\/fr\/experiences\/routes-selectionnees-pres-de-san-sebastian\/\"},{\"@type\":\"ListItem\",\"position\":4,\"name\":\"Le fort de San Marcos\"}]},{\"@type\":\"WebSite\",\"@id\":\"https:\/\/sagardoarenlurraldea.eus\/fr\/#website\",\"url\":\"https:\/\/sagardoarenlurraldea.eus\/fr\/\",\"name\":\"Sagardoaren Lurraldea\",\"description\":\"El territorio de la sidra\",\"potentialAction\":[{\"@type\":\"SearchAction\",\"target\":{\"@type\":\"EntryPoint\",\"urlTemplate\":\"https:\/\/sagardoarenlurraldea.eus\/fr\/?s={search_term_string}\"},\"query-input\":{\"@type\":\"PropertyValueSpecification\",\"valueRequired\":true,\"valueName\":\"search_term_string\"}}],\"inLanguage\":\"fr-FR\"}]}<\/script>\n<!-- \/ Yoast SEO plugin. -->","yoast_head_json":{"title":"Le fort de San Marcos - Sagardoaren Lurraldea","robots":{"index":"index","follow":"follow","max-snippet":"max-snippet:-1","max-image-preview":"max-image-preview:large","max-video-preview":"max-video-preview:-1"},"canonical":"https:\/\/sagardoarenlurraldea.eus\/fr\/experiences\/routes-selectionnees-pres-de-san-sebastian\/fort-de-san-marcos\/","og_locale":"fr_FR","og_type":"article","og_title":"Le fort de San Marcos - Sagardoaren Lurraldea","og_description":"Le Fort de San Marcos est situ\u00e9 dans un lieu privil\u00e9gi\u00e9, \u00e0 moins de km de Saint S\u00e9bastien, en pleine nature. C\u2019est sans doute le mirador par excellence de la r\u00e9gion de Oarsoaldea.","og_url":"https:\/\/sagardoarenlurraldea.eus\/fr\/experiences\/routes-selectionnees-pres-de-san-sebastian\/fort-de-san-marcos\/","og_site_name":"Sagardoaren Lurraldea","article_publisher":"https:\/\/www.facebook.com\/sagardoarenlurraldea","article_modified_time":"2017-12-29T10:38:55+00:00","og_image":[{"width":800,"height":600,"url":"https:\/\/sagardoarenlurraldea.eus\/wp-content\/uploads\/2016\/08\/Fuerte-de-San-Marcos.jpg","type":"image\/jpeg"}],"twitter_card":"summary_large_image","twitter_misc":{"Dur\u00e9e de lecture estim\u00e9e":"1 minute"},"schema":{"@context":"https:\/\/schema.org","@graph":[{"@type":"WebPage","@id":"https:\/\/sagardoarenlurraldea.eus\/fr\/experiences\/routes-selectionnees-pres-de-san-sebastian\/fort-de-san-marcos\/","url":"https:\/\/sagardoarenlurraldea.eus\/fr\/experiences\/routes-selectionnees-pres-de-san-sebastian\/fort-de-san-marcos\/","name":"Le fort de San Marcos - Sagardoaren Lurraldea","isPartOf":{"@id":"https:\/\/sagardoarenlurraldea.eus\/fr\/#website"},"primaryImageOfPage":{"@id":"https:\/\/sagardoarenlurraldea.eus\/fr\/experiences\/routes-selectionnees-pres-de-san-sebastian\/fort-de-san-marcos\/#primaryimage"},"image":{"@id":"https:\/\/sagardoarenlurraldea.eus\/fr\/experiences\/routes-selectionnees-pres-de-san-sebastian\/fort-de-san-marcos\/#primaryimage"},"thumbnailUrl":"https:\/\/sagardoarenlurraldea.eus\/wp-content\/uploads\/2016\/08\/Fuerte-de-San-Marcos.jpg","datePublished":"2017-08-22T10:46:46+00:00","dateModified":"2017-12-29T10:38:55+00:00","breadcrumb":{"@id":"https:\/\/sagardoarenlurraldea.eus\/fr\/experiences\/routes-selectionnees-pres-de-san-sebastian\/fort-de-san-marcos\/#breadcrumb"},"inLanguage":"fr-FR","potentialAction":[{"@type":"ReadAction","target":["https:\/\/sagardoarenlurraldea.eus\/fr\/experiences\/routes-selectionnees-pres-de-san-sebastian\/fort-de-san-marcos\/"]}]},{"@type":"ImageObject","inLanguage":"fr-FR","@id":"https:\/\/sagardoarenlurraldea.eus\/fr\/experiences\/routes-selectionnees-pres-de-san-sebastian\/fort-de-san-marcos\/#primaryimage","url":"https:\/\/sagardoarenlurraldea.eus\/wp-content\/uploads\/2016\/08\/Fuerte-de-San-Marcos.jpg","contentUrl":"https:\/\/sagardoarenlurraldea.eus\/wp-content\/uploads\/2016\/08\/Fuerte-de-San-Marcos.jpg","width":800,"height":600},{"@type":"BreadcrumbList","@id":"https:\/\/sagardoarenlurraldea.eus\/fr\/experiences\/routes-selectionnees-pres-de-san-sebastian\/fort-de-san-marcos\/#breadcrumb","itemListElement":[{"@type":"ListItem","position":1,"name":"Inicio","item":"https:\/\/sagardoarenlurraldea.eus\/fr\/"},{"@type":"ListItem","position":2,"name":"Exp\u00e9riences","item":"https:\/\/sagardoarenlurraldea.eus\/fr\/experiencias\/reservar-tu-plan\/"},{"@type":"ListItem","position":3,"name":"Routes s\u00e9lectionn\u00e9es","item":"https:\/\/sagardoarenlurraldea.eus\/fr\/experiences\/routes-selectionnees-pres-de-san-sebastian\/"},{"@type":"ListItem","position":4,"name":"Le fort de San Marcos"}]},{"@type":"WebSite","@id":"https:\/\/sagardoarenlurraldea.eus\/fr\/#website","url":"https:\/\/sagardoarenlurraldea.eus\/fr\/","name":"Sagardoaren Lurraldea","description":"El territorio de la sidra","potentialAction":[{"@type":"SearchAction","target":{"@type":"EntryPoint","urlTemplate":"https:\/\/sagardoarenlurraldea.eus\/fr\/?s={search_term_string}"},"query-input":{"@type":"PropertyValueSpecification","valueRequired":true,"valueName":"search_term_string"}}],"inLanguage":"fr-FR"}]}},"_links":{"self":[{"href":"https:\/\/sagardoarenlurraldea.eus\/fr\/wp-json\/wp\/v2\/pages\/24936","targetHints":{"allow":["GET"]}}],"collection":[{"href":"https:\/\/sagardoarenlurraldea.eus\/fr\/wp-json\/wp\/v2\/pages"}],"about":[{"href":"https:\/\/sagardoarenlurraldea.eus\/fr\/wp-json\/wp\/v2\/types\/page"}],"author":[{"embeddable":true,"href":"https:\/\/sagardoarenlurraldea.eus\/fr\/wp-json\/wp\/v2\/users\/1"}],"replies":[{"embeddable":true,"href":"https:\/\/sagardoarenlurraldea.eus\/fr\/wp-json\/wp\/v2\/comments?post=24936"}],"version-history":[{"count":0,"href":"https:\/\/sagardoarenlurraldea.eus\/fr\/wp-json\/wp\/v2\/pages\/24936\/revisions"}],"up":[{"embeddable":true,"href":"https:\/\/sagardoarenlurraldea.eus\/fr\/wp-json\/wp\/v2\/pages\/24871"}],"wp:featuredmedia":[{"embeddable":true,"href":"https:\/\/sagardoarenlurraldea.eus\/fr\/wp-json\/wp\/v2\/media\/24937"}],"wp:attachment":[{"href":"https:\/\/sagardoarenlurraldea.eus\/fr\/wp-json\/wp\/v2\/media?parent=24936"}],"curies":[{"name":"wp","href":"https:\/\/api.w.org\/{rel}","templated":true}]}}