{"id":24885,"date":"2017-08-22T12:20:41","date_gmt":"2017-08-22T10:20:41","guid":{"rendered":"http:\/\/www.sagardoarenlurraldea.eus\/experiences\/routes-selectionnees-pres-de-san-sebastian\/el-paseo-de-laia\/"},"modified":"2017-12-29T12:33:00","modified_gmt":"2017-12-29T10:33:00","slug":"le-balade-de-laia","status":"publish","type":"page","link":"https:\/\/sagardoarenlurraldea.eus\/fr\/experiences\/routes-selectionnees-pres-de-san-sebastian\/le-balade-de-laia\/","title":{"rendered":"Le balade de Laia"},"content":{"rendered":"<p><strong>A travers ce parcours vous d\u00e9couvrirez la r\u00e9serve naturelle de Santa Barbara et connaitre les diff\u00e9rents \u00e9l\u00e9ments culturels en relation avec le village de Hernani.<\/strong> <strong>Laia, une habitante de Hernani, vous guidera durant cette aventure. <\/strong><\/p>\n<p>L\u2019ancienne vall\u00e9e de Hernani \u00e9tait un large territoire entre le fleuve Urumea et Oria. Hernani, comme d\u00e9nomination, est apparue pour la premi\u00e8re fois dans la documentation en 1014, quand il formait encore partie du Royaume de Navarre.<\/p>\n<p>Ce fut une localit\u00e9 encadr\u00e9e par une muraille avec cinq entr\u00e9es. La muraille se pr\u00e9sentait sous forme ovale et \u00e0 l\u2019origine la vieille ville ne se composait que de deux rues\u00a0: <em>Kale Nagusia<\/em> et <em>Andre Kalea<\/em>. Dans le centre, entre les deux rues, dans les espaces ouverts, s\u2019install\u00e8rent la <em>Place Berria<\/em> (place du March\u00e9) et <em>Gudarien Plaza<\/em>, le lieu o\u00f9 se trouve actuellement la Mairie. Hernani est un exemple de l\u2019adaptation aux changements historiques\u00a0: Aujourd\u2019hui cohabitent les quartiers de fermes, la vieille ville et les zones Industrielles sur cette localit\u00e9.<\/p>\n<h2>Comment r\u00e9aliser ce parcours ?<\/h2>\n<p>Avant de commencer il faut se munir du <a href=\"https:\/\/sagardoarenlurraldea.eus\/wp-content\/uploads\/2016\/08\/El-paseo-de-Laia-CAS.pdf\" target=\"_blank\" rel=\"noopener\">livret explicatif \u00ab\u00a0El paseo de Laia\u00a0\u00bb<\/a> et avec les indications et les plaques num\u00e9rot\u00e9es tout au long du parcours, vous devrez surmonter 11 \u00e9preuves-jeux\u00a0:<\/p>\n<ol>\n<li>Centre Historique de Hernani.<\/li>\n<li>La Ferme Buxkando.<\/li>\n<li>Quartier de Santa B\u00e1rbara.<\/li>\n<li>Le coin de la nature.<\/li>\n<li>La faune dans les champs de pins.<\/li>\n<li>La chapelle de Santa B\u00e1rbara.<\/li>\n<li>Les pommiers.<\/li>\n<li>Escalade.<\/li>\n<li>La Ferme Agerre.<\/li>\n<li>Les amis du lac<\/li>\n<li>La danse.<\/li>\n<\/ol>\n<h2>Caract\u00e9ristiques du parcours :<\/h2>\n<ul>\n<li><strong>Dur\u00e9e<\/strong> : 2h<\/li>\n<li><strong>Difficult\u00e9<\/strong> : Facile<\/li>\n<li><strong>D\u00e9nivel\u00e9<\/strong> : \u00b1200m<\/li>\n<\/ul>\n","protected":false},"excerpt":{"rendered":"<p>A travers ce parcours vous d\u00e9couvrirez la r\u00e9serve naturelle de Santa Barbara et connaitre les diff\u00e9rents \u00e9l\u00e9ments culturels en relation avec le village de Hernani. Laia, une habitante de Hernani, vous guidera durant cette aventure. <\/p>\n","protected":false},"author":1,"featured_media":24886,"parent":24871,"menu_order":1,"comment_status":"closed","ping_status":"closed","template":"single-rutas-seleccionadas.php","meta":{"_acf_changed":false,"_et_pb_use_builder":"","_et_pb_old_content":"","_et_gb_content_width":"","footnotes":""},"class_list":["post-24885","page","type-page","status-publish","has-post-thumbnail","hentry"],"acf":[],"yoast_head":"<!-- This site is optimized with the Yoast SEO plugin v25.4 - https:\/\/yoast.com\/wordpress\/plugins\/seo\/ -->\n<title>Le balade de Laia - Sagardoaren Lurraldea<\/title>\n<meta name=\"robots\" content=\"index, follow, max-snippet:-1, max-image-preview:large, max-video-preview:-1\" \/>\n<link rel=\"canonical\" href=\"https:\/\/sagardoarenlurraldea.eus\/fr\/experiences\/routes-selectionnees-pres-de-san-sebastian\/le-balade-de-laia\/\" \/>\n<meta property=\"og:locale\" content=\"fr_FR\" \/>\n<meta property=\"og:type\" content=\"article\" \/>\n<meta property=\"og:title\" content=\"Le balade de Laia - Sagardoaren Lurraldea\" \/>\n<meta property=\"og:description\" content=\"A travers ce parcours vous d\u00e9couvrirez la r\u00e9serve naturelle de Santa Barbara et connaitre les diff\u00e9rents \u00e9l\u00e9ments culturels en relation avec le village de Hernani. Laia, une habitante de Hernani, vous guidera durant cette aventure.\" \/>\n<meta property=\"og:url\" content=\"https:\/\/sagardoarenlurraldea.eus\/fr\/experiences\/routes-selectionnees-pres-de-san-sebastian\/le-balade-de-laia\/\" \/>\n<meta property=\"og:site_name\" content=\"Sagardoaren Lurraldea\" \/>\n<meta property=\"article:publisher\" content=\"https:\/\/www.facebook.com\/sagardoarenlurraldea\" \/>\n<meta property=\"article:modified_time\" content=\"2017-12-29T10:33:00+00:00\" \/>\n<meta property=\"og:image\" content=\"https:\/\/sagardoarenlurraldea.eus\/wp-content\/uploads\/2016\/08\/El-paseo-de-Laia.jpg\" \/>\n\t<meta property=\"og:image:width\" content=\"800\" \/>\n\t<meta property=\"og:image:height\" content=\"600\" \/>\n\t<meta property=\"og:image:type\" content=\"image\/jpeg\" \/>\n<meta name=\"twitter:card\" content=\"summary_large_image\" \/>\n<meta name=\"twitter:label1\" content=\"Dur\u00e9e de lecture estim\u00e9e\" \/>\n\t<meta name=\"twitter:data1\" content=\"1 minute\" \/>\n<script type=\"application\/ld+json\" class=\"yoast-schema-graph\">{\"@context\":\"https:\/\/schema.org\",\"@graph\":[{\"@type\":\"WebPage\",\"@id\":\"https:\/\/sagardoarenlurraldea.eus\/fr\/experiences\/routes-selectionnees-pres-de-san-sebastian\/le-balade-de-laia\/\",\"url\":\"https:\/\/sagardoarenlurraldea.eus\/fr\/experiences\/routes-selectionnees-pres-de-san-sebastian\/le-balade-de-laia\/\",\"name\":\"Le balade de Laia - Sagardoaren Lurraldea\",\"isPartOf\":{\"@id\":\"https:\/\/sagardoarenlurraldea.eus\/fr\/#website\"},\"primaryImageOfPage\":{\"@id\":\"https:\/\/sagardoarenlurraldea.eus\/fr\/experiences\/routes-selectionnees-pres-de-san-sebastian\/le-balade-de-laia\/#primaryimage\"},\"image\":{\"@id\":\"https:\/\/sagardoarenlurraldea.eus\/fr\/experiences\/routes-selectionnees-pres-de-san-sebastian\/le-balade-de-laia\/#primaryimage\"},\"thumbnailUrl\":\"https:\/\/sagardoarenlurraldea.eus\/wp-content\/uploads\/2016\/08\/El-paseo-de-Laia.jpg\",\"datePublished\":\"2017-08-22T10:20:41+00:00\",\"dateModified\":\"2017-12-29T10:33:00+00:00\",\"breadcrumb\":{\"@id\":\"https:\/\/sagardoarenlurraldea.eus\/fr\/experiences\/routes-selectionnees-pres-de-san-sebastian\/le-balade-de-laia\/#breadcrumb\"},\"inLanguage\":\"fr-FR\",\"potentialAction\":[{\"@type\":\"ReadAction\",\"target\":[\"https:\/\/sagardoarenlurraldea.eus\/fr\/experiences\/routes-selectionnees-pres-de-san-sebastian\/le-balade-de-laia\/\"]}]},{\"@type\":\"ImageObject\",\"inLanguage\":\"fr-FR\",\"@id\":\"https:\/\/sagardoarenlurraldea.eus\/fr\/experiences\/routes-selectionnees-pres-de-san-sebastian\/le-balade-de-laia\/#primaryimage\",\"url\":\"https:\/\/sagardoarenlurraldea.eus\/wp-content\/uploads\/2016\/08\/El-paseo-de-Laia.jpg\",\"contentUrl\":\"https:\/\/sagardoarenlurraldea.eus\/wp-content\/uploads\/2016\/08\/El-paseo-de-Laia.jpg\",\"width\":800,\"height\":600,\"caption\":\"OLYMPUS DIGITAL CAMERA\"},{\"@type\":\"BreadcrumbList\",\"@id\":\"https:\/\/sagardoarenlurraldea.eus\/fr\/experiences\/routes-selectionnees-pres-de-san-sebastian\/le-balade-de-laia\/#breadcrumb\",\"itemListElement\":[{\"@type\":\"ListItem\",\"position\":1,\"name\":\"Inicio\",\"item\":\"https:\/\/sagardoarenlurraldea.eus\/fr\/\"},{\"@type\":\"ListItem\",\"position\":2,\"name\":\"Exp\u00e9riences\",\"item\":\"https:\/\/sagardoarenlurraldea.eus\/fr\/experiencias\/reservar-tu-plan\/\"},{\"@type\":\"ListItem\",\"position\":3,\"name\":\"Routes s\u00e9lectionn\u00e9es\",\"item\":\"https:\/\/sagardoarenlurraldea.eus\/fr\/experiences\/routes-selectionnees-pres-de-san-sebastian\/\"},{\"@type\":\"ListItem\",\"position\":4,\"name\":\"Le balade de Laia\"}]},{\"@type\":\"WebSite\",\"@id\":\"https:\/\/sagardoarenlurraldea.eus\/fr\/#website\",\"url\":\"https:\/\/sagardoarenlurraldea.eus\/fr\/\",\"name\":\"Sagardoaren Lurraldea\",\"description\":\"El territorio de la sidra\",\"potentialAction\":[{\"@type\":\"SearchAction\",\"target\":{\"@type\":\"EntryPoint\",\"urlTemplate\":\"https:\/\/sagardoarenlurraldea.eus\/fr\/?s={search_term_string}\"},\"query-input\":{\"@type\":\"PropertyValueSpecification\",\"valueRequired\":true,\"valueName\":\"search_term_string\"}}],\"inLanguage\":\"fr-FR\"}]}<\/script>\n<!-- \/ Yoast SEO plugin. -->","yoast_head_json":{"title":"Le balade de Laia - Sagardoaren Lurraldea","robots":{"index":"index","follow":"follow","max-snippet":"max-snippet:-1","max-image-preview":"max-image-preview:large","max-video-preview":"max-video-preview:-1"},"canonical":"https:\/\/sagardoarenlurraldea.eus\/fr\/experiences\/routes-selectionnees-pres-de-san-sebastian\/le-balade-de-laia\/","og_locale":"fr_FR","og_type":"article","og_title":"Le balade de Laia - Sagardoaren Lurraldea","og_description":"A travers ce parcours vous d\u00e9couvrirez la r\u00e9serve naturelle de Santa Barbara et connaitre les diff\u00e9rents \u00e9l\u00e9ments culturels en relation avec le village de Hernani. Laia, une habitante de Hernani, vous guidera durant cette aventure.","og_url":"https:\/\/sagardoarenlurraldea.eus\/fr\/experiences\/routes-selectionnees-pres-de-san-sebastian\/le-balade-de-laia\/","og_site_name":"Sagardoaren Lurraldea","article_publisher":"https:\/\/www.facebook.com\/sagardoarenlurraldea","article_modified_time":"2017-12-29T10:33:00+00:00","og_image":[{"width":800,"height":600,"url":"https:\/\/sagardoarenlurraldea.eus\/wp-content\/uploads\/2016\/08\/El-paseo-de-Laia.jpg","type":"image\/jpeg"}],"twitter_card":"summary_large_image","twitter_misc":{"Dur\u00e9e de lecture estim\u00e9e":"1 minute"},"schema":{"@context":"https:\/\/schema.org","@graph":[{"@type":"WebPage","@id":"https:\/\/sagardoarenlurraldea.eus\/fr\/experiences\/routes-selectionnees-pres-de-san-sebastian\/le-balade-de-laia\/","url":"https:\/\/sagardoarenlurraldea.eus\/fr\/experiences\/routes-selectionnees-pres-de-san-sebastian\/le-balade-de-laia\/","name":"Le balade de Laia - Sagardoaren Lurraldea","isPartOf":{"@id":"https:\/\/sagardoarenlurraldea.eus\/fr\/#website"},"primaryImageOfPage":{"@id":"https:\/\/sagardoarenlurraldea.eus\/fr\/experiences\/routes-selectionnees-pres-de-san-sebastian\/le-balade-de-laia\/#primaryimage"},"image":{"@id":"https:\/\/sagardoarenlurraldea.eus\/fr\/experiences\/routes-selectionnees-pres-de-san-sebastian\/le-balade-de-laia\/#primaryimage"},"thumbnailUrl":"https:\/\/sagardoarenlurraldea.eus\/wp-content\/uploads\/2016\/08\/El-paseo-de-Laia.jpg","datePublished":"2017-08-22T10:20:41+00:00","dateModified":"2017-12-29T10:33:00+00:00","breadcrumb":{"@id":"https:\/\/sagardoarenlurraldea.eus\/fr\/experiences\/routes-selectionnees-pres-de-san-sebastian\/le-balade-de-laia\/#breadcrumb"},"inLanguage":"fr-FR","potentialAction":[{"@type":"ReadAction","target":["https:\/\/sagardoarenlurraldea.eus\/fr\/experiences\/routes-selectionnees-pres-de-san-sebastian\/le-balade-de-laia\/"]}]},{"@type":"ImageObject","inLanguage":"fr-FR","@id":"https:\/\/sagardoarenlurraldea.eus\/fr\/experiences\/routes-selectionnees-pres-de-san-sebastian\/le-balade-de-laia\/#primaryimage","url":"https:\/\/sagardoarenlurraldea.eus\/wp-content\/uploads\/2016\/08\/El-paseo-de-Laia.jpg","contentUrl":"https:\/\/sagardoarenlurraldea.eus\/wp-content\/uploads\/2016\/08\/El-paseo-de-Laia.jpg","width":800,"height":600,"caption":"OLYMPUS DIGITAL CAMERA"},{"@type":"BreadcrumbList","@id":"https:\/\/sagardoarenlurraldea.eus\/fr\/experiences\/routes-selectionnees-pres-de-san-sebastian\/le-balade-de-laia\/#breadcrumb","itemListElement":[{"@type":"ListItem","position":1,"name":"Inicio","item":"https:\/\/sagardoarenlurraldea.eus\/fr\/"},{"@type":"ListItem","position":2,"name":"Exp\u00e9riences","item":"https:\/\/sagardoarenlurraldea.eus\/fr\/experiencias\/reservar-tu-plan\/"},{"@type":"ListItem","position":3,"name":"Routes s\u00e9lectionn\u00e9es","item":"https:\/\/sagardoarenlurraldea.eus\/fr\/experiences\/routes-selectionnees-pres-de-san-sebastian\/"},{"@type":"ListItem","position":4,"name":"Le balade de Laia"}]},{"@type":"WebSite","@id":"https:\/\/sagardoarenlurraldea.eus\/fr\/#website","url":"https:\/\/sagardoarenlurraldea.eus\/fr\/","name":"Sagardoaren Lurraldea","description":"El territorio de la sidra","potentialAction":[{"@type":"SearchAction","target":{"@type":"EntryPoint","urlTemplate":"https:\/\/sagardoarenlurraldea.eus\/fr\/?s={search_term_string}"},"query-input":{"@type":"PropertyValueSpecification","valueRequired":true,"valueName":"search_term_string"}}],"inLanguage":"fr-FR"}]}},"_links":{"self":[{"href":"https:\/\/sagardoarenlurraldea.eus\/fr\/wp-json\/wp\/v2\/pages\/24885","targetHints":{"allow":["GET"]}}],"collection":[{"href":"https:\/\/sagardoarenlurraldea.eus\/fr\/wp-json\/wp\/v2\/pages"}],"about":[{"href":"https:\/\/sagardoarenlurraldea.eus\/fr\/wp-json\/wp\/v2\/types\/page"}],"author":[{"embeddable":true,"href":"https:\/\/sagardoarenlurraldea.eus\/fr\/wp-json\/wp\/v2\/users\/1"}],"replies":[{"embeddable":true,"href":"https:\/\/sagardoarenlurraldea.eus\/fr\/wp-json\/wp\/v2\/comments?post=24885"}],"version-history":[{"count":0,"href":"https:\/\/sagardoarenlurraldea.eus\/fr\/wp-json\/wp\/v2\/pages\/24885\/revisions"}],"up":[{"embeddable":true,"href":"https:\/\/sagardoarenlurraldea.eus\/fr\/wp-json\/wp\/v2\/pages\/24871"}],"wp:featuredmedia":[{"embeddable":true,"href":"https:\/\/sagardoarenlurraldea.eus\/fr\/wp-json\/wp\/v2\/media\/24886"}],"wp:attachment":[{"href":"https:\/\/sagardoarenlurraldea.eus\/fr\/wp-json\/wp\/v2\/media?parent=24885"}],"curies":[{"name":"wp","href":"https:\/\/api.w.org\/{rel}","templated":true}]}}