{"id":138428,"date":"2020-09-18T18:28:52","date_gmt":"2020-09-18T16:28:52","guid":{"rendered":"http:\/\/www.sagardoarenlurraldea.eus\/?page_id=138428"},"modified":"2020-09-23T13:30:14","modified_gmt":"2020-09-23T11:30:14","slug":"mesures-de-prevention-et-de-securite-face-a-lepidemie-de-covid-19","status":"publish","type":"page","link":"https:\/\/sagardoarenlurraldea.eus\/fr\/experiences\/mesures-de-prevention-et-de-securite-face-a-lepidemie-de-covid-19\/","title":{"rendered":"Mesures de pr\u00e9vention et de s\u00e9curit\u00e9 face \u00e0 l\u2019\u00e9pid\u00e9mie de COVID-19"},"content":{"rendered":"<p>[et_pb_section bb_built=\u00a0\u00bb1&Prime; admin_label=\u00a0\u00bbsection\u00a0\u00bb transparent_background=\u00a0\u00bboff\u00a0\u00bb background_color=\u00a0\u00bb#ffffff\u00a0\u00bb allow_player_pause=\u00a0\u00bboff\u00a0\u00bb inner_shadow=\u00a0\u00bboff\u00a0\u00bb parallax=\u00a0\u00bboff\u00a0\u00bb parallax_method=\u00a0\u00bboff\u00a0\u00bb padding_mobile=\u00a0\u00bboff\u00a0\u00bb make_fullwidth=\u00a0\u00bboff\u00a0\u00bb use_custom_width=\u00a0\u00bboff\u00a0\u00bb width_unit=\u00a0\u00bbon\u00a0\u00bb make_equal=\u00a0\u00bboff\u00a0\u00bb use_custom_gutter=\u00a0\u00bboff\u00a0\u00bb module_class=\u00a0\u00bbinterior\u00a0\u00bb][et_pb_row admin_label=\u00a0\u00bbrow\u00a0\u00bb make_fullwidth=\u00a0\u00bboff\u00a0\u00bb use_custom_width=\u00a0\u00bboff\u00a0\u00bb width_unit=\u00a0\u00bbon\u00a0\u00bb use_custom_gutter=\u00a0\u00bboff\u00a0\u00bb padding_mobile=\u00a0\u00bboff\u00a0\u00bb allow_player_pause=\u00a0\u00bboff\u00a0\u00bb parallax=\u00a0\u00bboff\u00a0\u00bb parallax_method=\u00a0\u00bboff\u00a0\u00bb make_equal=\u00a0\u00bboff\u00a0\u00bb parallax_1=\u00a0\u00bboff\u00a0\u00bb parallax_method_1=\u00a0\u00bboff\u00a0\u00bb column_padding_mobile=\u00a0\u00bbon\u00a0\u00bb module_class=\u00a0\u00bbcontenedor\u00a0\u00bb background_position=\u00a0\u00bbtop_left\u00a0\u00bb background_repeat=\u00a0\u00bbrepeat\u00a0\u00bb background_size=\u00a0\u00bbinitial\u00a0\u00bb][et_pb_column type=\u00a0\u00bb4_4&Prime;][et_pb_text admin_label=\u00a0\u00bbTexto\u00a0\u00bb background_layout=\u00a0\u00bblight\u00a0\u00bb text_orientation=\u00a0\u00bbleft\u00a0\u00bb border_style=\u00a0\u00bbsolid\u00a0\u00bb background_position=\u00a0\u00bbtop_left\u00a0\u00bb background_repeat=\u00a0\u00bbrepeat\u00a0\u00bb background_size=\u00a0\u00bbinitial\u00a0\u00bb _builder_version=\u00a0\u00bb3.0.51&Prime;]<\/p>\n<p>&#8211; La <strong>capacit\u00e9<\/strong> d\u2019accueil sera r\u00e9duite conform\u00e9ment aux indications d\u00e9finies par les autorit\u00e9s sanitaires.<br \/>\n&#8211; Le <strong>port du masque<\/strong> sera obligatoire durant toute la dur\u00e9e de l\u2019exp\u00e9rience : zone de r\u00e9ception, ext\u00e9rieurs, espace mus\u00e9al et boutique.<br \/>\n&#8211; Parmi les assistants, les unit\u00e9s familiales pourront rester ensemble ; si plusieurs unit\u00e9s familiales participent, celles-ci devront maintenir entre elles la <strong>distance<\/strong> physique minimum de 1,5 m\u00e8tres.<br \/>\n&#8211; Les participants devront utiliser le <strong>gel hydroalcoolique<\/strong> (\u00e0 leur disposition) au commencement de l\u2019exp\u00e9rience et durant sa r\u00e9alisation.<br \/>\n&#8211; Le\/la <strong>guide<\/strong> portera un masque et se lavera les mains avec de l\u2019eau et du savon ou du gel hydroalcoolique avant, pendant et apr\u00e8s la visite.<br \/>\n&#8211; Il est obligatoire de respecter les <strong>indications<\/strong> du guide et\/ou la signalisation \u00e9tablies.<br \/>\n&#8211; En effectuant la <strong>r\u00e9servation<\/strong>, le participant accepte d\u2019\u00eatre responsable vis-\u00e0-vis des mesures de s\u00e9curit\u00e9 sanitaire \u00e9tablies ici (connaissance) et de les respecter (acceptation).<br \/>\n&#8211; Pour des raisons de s\u00e9curit\u00e9, le participant sera pri\u00e9 de fournir un num\u00e9ro de <strong>t\u00e9l\u00e9phone pour pouvoir<\/strong> \u00eatre contact\u00e9 uniquement en cas de besoin sanitaire.<\/p>\n<p>Ce protocole sera adapt\u00e9 en fonction de l\u2019\u00e9volution de la pand\u00e9mie et des recommandations dict\u00e9es par les autorit\u00e9s comp\u00e9tentes.<\/p>\n<p>&#8211; Merci-<\/p>\n<p>[\/et_pb_text][\/et_pb_column][\/et_pb_row][\/et_pb_section]<\/p>\n","protected":false},"excerpt":{"rendered":"<p>&#8211; La capacit\u00e9 d\u2019accueil sera r\u00e9duite conform\u00e9ment aux indications d\u00e9finies par les autorit\u00e9s sanitaires. &#8211; Le port du masque sera obligatoire durant toute la dur\u00e9e de l\u2019exp\u00e9rience : zone de [&hellip;]<\/p>\n","protected":false},"author":8,"featured_media":13251,"parent":24858,"menu_order":6,"comment_status":"closed","ping_status":"closed","template":"","meta":{"_acf_changed":false,"_et_pb_use_builder":"on","_et_pb_old_content":"","_et_gb_content_width":"","footnotes":""},"class_list":["post-138428","page","type-page","status-publish","has-post-thumbnail","hentry"],"acf":[],"yoast_head":"<!-- This site is optimized with the Yoast SEO plugin v25.4 - https:\/\/yoast.com\/wordpress\/plugins\/seo\/ -->\n<title>Mesures de pr\u00e9vention et de s\u00e9curit\u00e9 face \u00e0 l\u2019\u00e9pid\u00e9mie de COVID-19 - Sagardoaren Lurraldea<\/title>\n<meta name=\"robots\" content=\"index, follow, max-snippet:-1, max-image-preview:large, max-video-preview:-1\" \/>\n<link rel=\"canonical\" href=\"https:\/\/sagardoarenlurraldea.eus\/fr\/experiences\/mesures-de-prevention-et-de-securite-face-a-lepidemie-de-covid-19\/\" \/>\n<meta property=\"og:locale\" content=\"fr_FR\" \/>\n<meta property=\"og:type\" content=\"article\" \/>\n<meta property=\"og:title\" content=\"Mesures de pr\u00e9vention et de s\u00e9curit\u00e9 face \u00e0 l\u2019\u00e9pid\u00e9mie de COVID-19 - Sagardoaren Lurraldea\" \/>\n<meta property=\"og:description\" content=\"- La capacit\u00e9 d\u2019accueil sera r\u00e9duite conform\u00e9ment aux indications d\u00e9finies par les autorit\u00e9s sanitaires. - Le port du masque sera obligatoire durant toute la dur\u00e9e de l\u2019exp\u00e9rience : zone de [&hellip;]\" \/>\n<meta property=\"og:url\" content=\"https:\/\/sagardoarenlurraldea.eus\/fr\/experiences\/mesures-de-prevention-et-de-securite-face-a-lepidemie-de-covid-19\/\" \/>\n<meta property=\"og:site_name\" content=\"Sagardoaren Lurraldea\" \/>\n<meta property=\"article:publisher\" content=\"https:\/\/www.facebook.com\/sagardoarenlurraldea\" \/>\n<meta property=\"article:modified_time\" content=\"2020-09-23T11:30:14+00:00\" \/>\n<meta property=\"og:image\" content=\"https:\/\/sagardoarenlurraldea.eus\/wp-content\/uploads\/2016\/05\/Cabecera-Experiencias-2.jpg\" \/>\n\t<meta property=\"og:image:width\" content=\"1903\" \/>\n\t<meta property=\"og:image:height\" content=\"220\" \/>\n\t<meta property=\"og:image:type\" content=\"image\/jpeg\" \/>\n<meta name=\"twitter:card\" content=\"summary_large_image\" \/>\n<meta name=\"twitter:label1\" content=\"Dur\u00e9e de lecture estim\u00e9e\" \/>\n\t<meta name=\"twitter:data1\" content=\"2 minutes\" \/>\n<script type=\"application\/ld+json\" class=\"yoast-schema-graph\">{\"@context\":\"https:\/\/schema.org\",\"@graph\":[{\"@type\":\"WebPage\",\"@id\":\"https:\/\/sagardoarenlurraldea.eus\/fr\/experiences\/mesures-de-prevention-et-de-securite-face-a-lepidemie-de-covid-19\/\",\"url\":\"https:\/\/sagardoarenlurraldea.eus\/fr\/experiences\/mesures-de-prevention-et-de-securite-face-a-lepidemie-de-covid-19\/\",\"name\":\"Mesures de pr\u00e9vention et de s\u00e9curit\u00e9 face \u00e0 l\u2019\u00e9pid\u00e9mie de COVID-19 - Sagardoaren Lurraldea\",\"isPartOf\":{\"@id\":\"https:\/\/sagardoarenlurraldea.eus\/fr\/#website\"},\"primaryImageOfPage\":{\"@id\":\"https:\/\/sagardoarenlurraldea.eus\/fr\/experiences\/mesures-de-prevention-et-de-securite-face-a-lepidemie-de-covid-19\/#primaryimage\"},\"image\":{\"@id\":\"https:\/\/sagardoarenlurraldea.eus\/fr\/experiences\/mesures-de-prevention-et-de-securite-face-a-lepidemie-de-covid-19\/#primaryimage\"},\"thumbnailUrl\":\"https:\/\/sagardoarenlurraldea.eus\/wp-content\/uploads\/2016\/05\/Cabecera-Experiencias-2.jpg\",\"datePublished\":\"2020-09-18T16:28:52+00:00\",\"dateModified\":\"2020-09-23T11:30:14+00:00\",\"breadcrumb\":{\"@id\":\"https:\/\/sagardoarenlurraldea.eus\/fr\/experiences\/mesures-de-prevention-et-de-securite-face-a-lepidemie-de-covid-19\/#breadcrumb\"},\"inLanguage\":\"fr-FR\",\"potentialAction\":[{\"@type\":\"ReadAction\",\"target\":[\"https:\/\/sagardoarenlurraldea.eus\/fr\/experiences\/mesures-de-prevention-et-de-securite-face-a-lepidemie-de-covid-19\/\"]}]},{\"@type\":\"ImageObject\",\"inLanguage\":\"fr-FR\",\"@id\":\"https:\/\/sagardoarenlurraldea.eus\/fr\/experiences\/mesures-de-prevention-et-de-securite-face-a-lepidemie-de-covid-19\/#primaryimage\",\"url\":\"https:\/\/sagardoarenlurraldea.eus\/wp-content\/uploads\/2016\/05\/Cabecera-Experiencias-2.jpg\",\"contentUrl\":\"https:\/\/sagardoarenlurraldea.eus\/wp-content\/uploads\/2016\/05\/Cabecera-Experiencias-2.jpg\",\"width\":1903,\"height\":220},{\"@type\":\"BreadcrumbList\",\"@id\":\"https:\/\/sagardoarenlurraldea.eus\/fr\/experiences\/mesures-de-prevention-et-de-securite-face-a-lepidemie-de-covid-19\/#breadcrumb\",\"itemListElement\":[{\"@type\":\"ListItem\",\"position\":1,\"name\":\"Inicio\",\"item\":\"https:\/\/sagardoarenlurraldea.eus\/fr\/\"},{\"@type\":\"ListItem\",\"position\":2,\"name\":\"Exp\u00e9riences\",\"item\":\"https:\/\/sagardoarenlurraldea.eus\/fr\/experiencias\/reservar-tu-plan\/\"},{\"@type\":\"ListItem\",\"position\":3,\"name\":\"Mesures de pr\u00e9vention et de s\u00e9curit\u00e9 face \u00e0 l\u2019\u00e9pid\u00e9mie de COVID-19\"}]},{\"@type\":\"WebSite\",\"@id\":\"https:\/\/sagardoarenlurraldea.eus\/fr\/#website\",\"url\":\"https:\/\/sagardoarenlurraldea.eus\/fr\/\",\"name\":\"Sagardoaren Lurraldea\",\"description\":\"El territorio de la sidra\",\"potentialAction\":[{\"@type\":\"SearchAction\",\"target\":{\"@type\":\"EntryPoint\",\"urlTemplate\":\"https:\/\/sagardoarenlurraldea.eus\/fr\/?s={search_term_string}\"},\"query-input\":{\"@type\":\"PropertyValueSpecification\",\"valueRequired\":true,\"valueName\":\"search_term_string\"}}],\"inLanguage\":\"fr-FR\"}]}<\/script>\n<!-- \/ Yoast SEO plugin. -->","yoast_head_json":{"title":"Mesures de pr\u00e9vention et de s\u00e9curit\u00e9 face \u00e0 l\u2019\u00e9pid\u00e9mie de COVID-19 - Sagardoaren Lurraldea","robots":{"index":"index","follow":"follow","max-snippet":"max-snippet:-1","max-image-preview":"max-image-preview:large","max-video-preview":"max-video-preview:-1"},"canonical":"https:\/\/sagardoarenlurraldea.eus\/fr\/experiences\/mesures-de-prevention-et-de-securite-face-a-lepidemie-de-covid-19\/","og_locale":"fr_FR","og_type":"article","og_title":"Mesures de pr\u00e9vention et de s\u00e9curit\u00e9 face \u00e0 l\u2019\u00e9pid\u00e9mie de COVID-19 - Sagardoaren Lurraldea","og_description":"- La capacit\u00e9 d\u2019accueil sera r\u00e9duite conform\u00e9ment aux indications d\u00e9finies par les autorit\u00e9s sanitaires. - Le port du masque sera obligatoire durant toute la dur\u00e9e de l\u2019exp\u00e9rience : zone de [&hellip;]","og_url":"https:\/\/sagardoarenlurraldea.eus\/fr\/experiences\/mesures-de-prevention-et-de-securite-face-a-lepidemie-de-covid-19\/","og_site_name":"Sagardoaren Lurraldea","article_publisher":"https:\/\/www.facebook.com\/sagardoarenlurraldea","article_modified_time":"2020-09-23T11:30:14+00:00","og_image":[{"width":1903,"height":220,"url":"https:\/\/sagardoarenlurraldea.eus\/wp-content\/uploads\/2016\/05\/Cabecera-Experiencias-2.jpg","type":"image\/jpeg"}],"twitter_card":"summary_large_image","twitter_misc":{"Dur\u00e9e de lecture estim\u00e9e":"2 minutes"},"schema":{"@context":"https:\/\/schema.org","@graph":[{"@type":"WebPage","@id":"https:\/\/sagardoarenlurraldea.eus\/fr\/experiences\/mesures-de-prevention-et-de-securite-face-a-lepidemie-de-covid-19\/","url":"https:\/\/sagardoarenlurraldea.eus\/fr\/experiences\/mesures-de-prevention-et-de-securite-face-a-lepidemie-de-covid-19\/","name":"Mesures de pr\u00e9vention et de s\u00e9curit\u00e9 face \u00e0 l\u2019\u00e9pid\u00e9mie de COVID-19 - Sagardoaren Lurraldea","isPartOf":{"@id":"https:\/\/sagardoarenlurraldea.eus\/fr\/#website"},"primaryImageOfPage":{"@id":"https:\/\/sagardoarenlurraldea.eus\/fr\/experiences\/mesures-de-prevention-et-de-securite-face-a-lepidemie-de-covid-19\/#primaryimage"},"image":{"@id":"https:\/\/sagardoarenlurraldea.eus\/fr\/experiences\/mesures-de-prevention-et-de-securite-face-a-lepidemie-de-covid-19\/#primaryimage"},"thumbnailUrl":"https:\/\/sagardoarenlurraldea.eus\/wp-content\/uploads\/2016\/05\/Cabecera-Experiencias-2.jpg","datePublished":"2020-09-18T16:28:52+00:00","dateModified":"2020-09-23T11:30:14+00:00","breadcrumb":{"@id":"https:\/\/sagardoarenlurraldea.eus\/fr\/experiences\/mesures-de-prevention-et-de-securite-face-a-lepidemie-de-covid-19\/#breadcrumb"},"inLanguage":"fr-FR","potentialAction":[{"@type":"ReadAction","target":["https:\/\/sagardoarenlurraldea.eus\/fr\/experiences\/mesures-de-prevention-et-de-securite-face-a-lepidemie-de-covid-19\/"]}]},{"@type":"ImageObject","inLanguage":"fr-FR","@id":"https:\/\/sagardoarenlurraldea.eus\/fr\/experiences\/mesures-de-prevention-et-de-securite-face-a-lepidemie-de-covid-19\/#primaryimage","url":"https:\/\/sagardoarenlurraldea.eus\/wp-content\/uploads\/2016\/05\/Cabecera-Experiencias-2.jpg","contentUrl":"https:\/\/sagardoarenlurraldea.eus\/wp-content\/uploads\/2016\/05\/Cabecera-Experiencias-2.jpg","width":1903,"height":220},{"@type":"BreadcrumbList","@id":"https:\/\/sagardoarenlurraldea.eus\/fr\/experiences\/mesures-de-prevention-et-de-securite-face-a-lepidemie-de-covid-19\/#breadcrumb","itemListElement":[{"@type":"ListItem","position":1,"name":"Inicio","item":"https:\/\/sagardoarenlurraldea.eus\/fr\/"},{"@type":"ListItem","position":2,"name":"Exp\u00e9riences","item":"https:\/\/sagardoarenlurraldea.eus\/fr\/experiencias\/reservar-tu-plan\/"},{"@type":"ListItem","position":3,"name":"Mesures de pr\u00e9vention et de s\u00e9curit\u00e9 face \u00e0 l\u2019\u00e9pid\u00e9mie de COVID-19"}]},{"@type":"WebSite","@id":"https:\/\/sagardoarenlurraldea.eus\/fr\/#website","url":"https:\/\/sagardoarenlurraldea.eus\/fr\/","name":"Sagardoaren Lurraldea","description":"El territorio de la sidra","potentialAction":[{"@type":"SearchAction","target":{"@type":"EntryPoint","urlTemplate":"https:\/\/sagardoarenlurraldea.eus\/fr\/?s={search_term_string}"},"query-input":{"@type":"PropertyValueSpecification","valueRequired":true,"valueName":"search_term_string"}}],"inLanguage":"fr-FR"}]}},"_links":{"self":[{"href":"https:\/\/sagardoarenlurraldea.eus\/fr\/wp-json\/wp\/v2\/pages\/138428","targetHints":{"allow":["GET"]}}],"collection":[{"href":"https:\/\/sagardoarenlurraldea.eus\/fr\/wp-json\/wp\/v2\/pages"}],"about":[{"href":"https:\/\/sagardoarenlurraldea.eus\/fr\/wp-json\/wp\/v2\/types\/page"}],"author":[{"embeddable":true,"href":"https:\/\/sagardoarenlurraldea.eus\/fr\/wp-json\/wp\/v2\/users\/8"}],"replies":[{"embeddable":true,"href":"https:\/\/sagardoarenlurraldea.eus\/fr\/wp-json\/wp\/v2\/comments?post=138428"}],"version-history":[{"count":0,"href":"https:\/\/sagardoarenlurraldea.eus\/fr\/wp-json\/wp\/v2\/pages\/138428\/revisions"}],"up":[{"embeddable":true,"href":"https:\/\/sagardoarenlurraldea.eus\/fr\/wp-json\/wp\/v2\/pages\/24858"}],"wp:featuredmedia":[{"embeddable":true,"href":"https:\/\/sagardoarenlurraldea.eus\/fr\/wp-json\/wp\/v2\/media\/13251"}],"wp:attachment":[{"href":"https:\/\/sagardoarenlurraldea.eus\/fr\/wp-json\/wp\/v2\/media?parent=138428"}],"curies":[{"name":"wp","href":"https:\/\/api.w.org\/{rel}","templated":true}]}}